{"id":1672,"date":"2026-04-24T23:59:18","date_gmt":"2026-04-24T15:59:18","guid":{"rendered":"https:\/\/simpo-datatec.com\/?post_type=product&#038;p=1672"},"modified":"2026-04-24T23:59:18","modified_gmt":"2026-04-24T15:59:18","slug":"sp415l-8mp-single-board-camera-module","status":"publish","type":"product","link":"https:\/\/simpo-datatec.com\/vi\/san-pham\/sp415l-8mp-single-board-camera-module\/","title":{"rendered":"M\u00f4-\u0111un camera m\u1ed9t bo m\u1ea1ch SP415L 8MP"},"content":{"rendered":"<ul>\n<li><b><\/b><strong><b>1\/2.8&#8243; 8-megapixel CMOS sensor<\/b><\/strong><\/li>\n<li><b><\/b><strong><b>H\u1ed7 tr\u1ee3 m\u00e3 h\u00f3a H.265+, H.265, H.264<\/b><\/strong><\/li>\n<li><b><\/b><strong><b>Supports mirroring, flipping, backlight compensation, strong light suppression, 3D digital noise reduction, fog penetration, digital wide dynamic<\/b><\/strong><\/li>\n<li><b><\/b><strong><b>Supports infrared\/full color\/dual light mode, dual PWM dimming<\/b><\/strong><\/li>\n<li><b><\/b><strong><b>H\u1ed7 tr\u1ee3 c\u00e1c giao th\u1ee9c ti\u00eau chu\u1ea9n ONVIF, GB28181, HIK, DH v\u00e0 c\u00e1c giao th\u1ee9c ri\u00eang kh\u00e1c<\/b><\/strong><\/li>\n<li><b><\/b><strong><b>Provides SDK development kit, supports secondary development, supports CGI, HTTP, WEBSOCK protocol docking<\/b><\/strong><\/li>\n<li><b><\/b><strong><b>C\u00e1c t\u00ednh n\u0103ng th\u00f4ng minh: ph\u00e1t hi\u1ec7n chuy\u1ec3n \u0111\u1ed9ng, ph\u00e1t hi\u1ec7n x\u00e2m nh\u1eadp theo khu v\u1ef1c, PTZ th\u00f4ng minh, c\u1ea3nh b\u00e1o khi kh\u00f4ng c\u00f3 ng\u01b0\u1eddi tr\u1ef1c<\/b><\/strong><\/li>\n<li><b><\/b><strong><b>H\u1ed7 tr\u1ee3 tr\u00ecnh duy\u1ec7t Google m\u00e0 kh\u00f4ng c\u1ea7n c\u00e0i \u0111\u1eb7t ti\u1ec7n \u00edch m\u1edf r\u1ed9ng<\/b><\/strong><\/li>\n<li><b><\/b><strong><strong><b>H\u1ed7 tr\u1ee3 tia UVC<br \/>\n<\/b><\/strong><\/strong><\/p>\n<table>\n<tbody>\n<tr>\n<td colspan=\"2\" width=\"709\"><strong><b>Chung<\/b><\/strong><\/td>\n<\/tr>\n<tr>\n<td width=\"214\">B\u1ed9 x\u1eed l\u00fd<\/td>\n<td width=\"495\">Hi3516CV610, b\u1ed9 vi x\u1eed l\u00fd l\u00f5i k\u00e9p ARM Cortex-A7 MP2 t\u1ed1c \u0111\u1ed9 950 MHz<\/td>\n<\/tr>\n<tr>\n<td width=\"214\">C\u1ea3m bi\u1ebfn h\u00ecnh \u1ea3nh<\/td>\n<td width=\"495\">8MP\u00a01\/2.8\u201d IMX415 low-light CMOS sensor, color: 0.001Lux@F1.2, monochrome:\u00a00.001Lux@F1.2<\/td>\n<\/tr>\n<tr>\n<td width=\"214\">C\u01a1 quan gi\u00e1m s\u00e1t<\/td>\n<td width=\"495\">Watchdog System<\/td>\n<\/tr>\n<tr>\n<td width=\"214\">D\u1ea3i \u0111\u1ed9ng r\u1ed9ng<\/td>\n<td width=\"495\">100\u00a0dB<\/td>\n<\/tr>\n<tr>\n<td colspan=\"2\" width=\"709\"><strong><b>H\u00ecnh \u1ea3nh <\/b><\/strong><strong><b>P<\/b><\/strong><strong><b>tham s\u1ed1<\/b><\/strong><\/td>\n<\/tr>\n<tr>\n<td width=\"214\">T\u1ed1c \u0111\u1ed9 khung h\u00ecnh v\u00e0 \u0111\u1ed9 ph\u00e2n gi\u1ea3i ch\u00ednh<\/td>\n<td width=\"495\">20 fps@\uff083840\u00d72160\u00a0\uff0c2688\u00d7\u00a01520\u00a0\uff0c2560\u00d7\u00a01440\u00a0\uff0c1920\u00d7 \u00a01080\uff09<\/td>\n<\/tr>\n<tr>\n<td width=\"214\">\u0110\u1ed9 ph\u00e2n gi\u1ea3i t\u1ea7n s\u1ed1 khung h\u00ecnh c\u1ee7a lu\u1ed3ng con<\/td>\n<td width=\"495\">30 fps@\uff08704\u00d7\u00a0576\u00a0\uff0c640\u00d7480), if main stream is 4K, the auxiliary stream is 20 fps<\/td>\n<\/tr>\n<tr>\n<td width=\"214\">Ti\u00eau chu\u1ea9n n\u00e9n video<\/td>\n<td width=\"495\">H.265+\/H.265\/H.264<\/td>\n<\/tr>\n<tr>\n<td width=\"214\">T\u1ed1c \u0111\u1ed9 bit n\u00e9n video<\/td>\n<td width=\"495\">512 Kbps~10 Mbps<\/td>\n<\/tr>\n<tr>\n<td width=\"214\">C\u00e2n b\u1eb1ng tr\u1eafng<\/td>\n<td width=\"495\">C\u00e2n b\u1eb1ng tr\u1eafng t\u1ef1 \u0111\u1ed9ng\/th\u1ee7 c\u00f4ng\/m\u1ed9t l\u1ea7n<\/td>\n<\/tr>\n<tr>\n<td width=\"214\">C\u1eeda ch\u1edbp<\/td>\n<td width=\"495\">t\u1eeb 1\/12 gi\u00e2y \u0111\u1ebfn 1\/100.000 gi\u00e2y<\/td>\n<\/tr>\n<tr>\n<td width=\"214\">Gi\u1ea3m ti\u1ebfng \u1ed3n<\/td>\n<td width=\"495\">Gi\u1ea3m nhi\u1ec5u 3D\/2D<\/td>\n<\/tr>\n<tr>\n<td width=\"214\">D\u1ea3i \u0111\u1ed9ng r\u1ed9ng<\/td>\n<td width=\"495\">H\u1ed7 tr\u1ee3 WDR k\u1ef9 thu\u1eadt s\u1ed1<\/td>\n<\/tr>\n<tr>\n<td width=\"214\">H\u00e0m h\u00ecnh \u1ea3nh<\/td>\n<td width=\"495\">Support backlight compensation, strong light suppression, fog penetration, gain\u00a0etc.<\/td>\n<\/tr>\n<tr>\n<td colspan=\"2\" width=\"709\"><strong><b>\u00c2m thanh<\/b><\/strong><\/td>\n<\/tr>\n<tr>\n<td width=\"214\">B\u1ed9 chuy\u1ec3n \u0111\u1ed5i \u00e2m thanh<\/td>\n<td width=\"495\">1 c\u1ed5ng v\u00e0o, h\u1ed7 tr\u1ee3 k\u1ebft n\u1ed1i micro ho\u1eb7c pickup; 1 c\u1ed5ng ra, h\u1ed7 tr\u1ee3 k\u1ebft n\u1ed1i tai nghe ho\u1eb7c b\u1ed9 khu\u1ebfch \u0111\u1ea1i<\/td>\n<\/tr>\n<tr>\n<td width=\"214\">Ti\u00eau chu\u1ea9n n\u00e9n \u00e2m thanh<\/td>\n<td width=\"495\">G711U \/ G711A \/ AAC-LC<\/td>\n<\/tr>\n<tr>\n<td colspan=\"2\" width=\"709\"><strong><b>M\u1ea1ng<\/b><\/strong><\/td>\n<\/tr>\n<tr>\n<td width=\"214\">S\u1ed1 k\u00eanh<\/td>\n<td width=\"495\">6 k\u00eanh (t\u1ed1i \u0111a)<\/td>\n<\/tr>\n<tr>\n<td width=\"214\">&nbsp;<\/p>\n<p>Giao th\u1ee9c m\u1ea1ng<\/td>\n<td width=\"495\">H\u1ed7 tr\u1ee3 CGI,<a href=\"\/vi\/HTTP\/\">HTTP<\/a>\u3001<a href=\"\/vi\/HTTPS\/\">HTTPS<\/a>\u3001GB28181\u3001SIP\u3001RTMP\u3001TCP\/IP\u3001UDP\u3001RTP\u3001FTP\u3001RTCP\u3001\u00a0RTSP\u3001NTP\u3001DHCP\u3001DNS\u3001DDNS\u3001SNMP\u3001SSL\/TLS\u3001WebSocket, and supports standard protocols such as ONVIF.<\/td>\n<\/tr>\n<tr>\n<td width=\"214\">Tr\u00ecnh duy\u1ec7t<\/td>\n<td width=\"495\">Xem tr\u01b0\u1edbc plugin: IE10, IE11<\/p>\n<p>Xem tr\u01b0\u1edbc kh\u00f4ng c\u1ea7n c\u00e0i \u0111\u1eb7t plugin: Edge, Chrome, Firefox, v.v.<\/td>\n<\/tr>\n<tr>\n<td colspan=\"2\" width=\"709\"><strong><b>Other interface<\/b><\/strong><\/td>\n<\/tr>\n<tr>\n<td width=\"214\">M\u1ea1ng<\/td>\n<td width=\"495\">1 c\u1ed5ng RJ45, t\u1ef1 \u0111\u1ed9ng \u0111i\u1ec1u ch\u1ec9nh t\u1ed1c \u0111\u1ed9 10M\/100M<\/td>\n<\/tr>\n<tr>\n<td width=\"214\">\u0110i\u1ec1u khi\u1ec3n b\u1ea3ng \u0111\u00e8n<\/td>\n<td width=\"495\">H\u1ed7 tr\u1ee3 \u0111\u1ea7u v\u00e0o c\u1ea3m bi\u1ebfn \u00e1nh s\u00e1ng, h\u1ed7 tr\u1ee3 \u0111i\u1ec1u ch\u1ec9nh \u0111\u1ed9 s\u00e1ng b\u1eb1ng PWM<\/td>\n<\/tr>\n<tr>\n<td width=\"214\">C\u1ed5ng USB<\/td>\n<td width=\"495\">1 c\u1ed5ng USB 2.0 (cung c\u1ea5p ngu\u1ed3n 5V), h\u1ed7 tr\u1ee3 m\u1edf r\u1ed9ng c\u00e1c ch\u1ee9c n\u0103ng 4G\/WiFi (b\u0103ng t\u1ea7n k\u00e9p)\/l\u01b0u tr\u1eef\/UVC<\/td>\n<\/tr>\n<tr>\n<td colspan=\"2\" width=\"709\"><strong><b>C\u00e1c th\u00f4ng s\u1ed1 chung<\/b><\/strong><\/td>\n<\/tr>\n<tr>\n<td width=\"214\">K\u00edch th\u01b0\u1edbc<\/td>\n<td width=\"495\">38\u00d738\u00d7\u00a010.8mm\u00a0, 38 single board structure<\/td>\n<\/tr>\n<tr>\n<td width=\"214\">Tr\u1ecdng l\u01b0\u1ee3ng<\/td>\n<td width=\"495\">10 g<\/td>\n<\/tr>\n<tr>\n<td width=\"214\">Nhi\u1ec7t \u0111\u1ed9 ho\u1ea1t \u0111\u1ed9ng<\/td>\n<td width=\"495\">-20\u00b0C ~ +60\u00b0C<\/td>\n<\/tr>\n<tr>\n<td width=\"214\">Ngu\u1ed3n \u0111i\u1ec7n v\u00e0 m\u1ee9c ti\u00eau th\u1ee5<\/td>\n<td width=\"495\">DC12V\u00a0input, 2.5W power consumption<\/td>\n<\/tr>\n<\/tbody>\n<\/table>\n<\/li>\n<\/ul>","protected":false},"excerpt":{"rendered":"<p>1\/2.8&#8243; 8-megapixel CMOS sensor Supports H.265+, H.265, H.264 encoding Supports mirroring, flipping, backlight compensation, strong light suppression, 3D digital noise reduction, fog penetration, digital wide dynamic Supports infrared\/full color\/dual light mode, dual PWM dimming Supports standard ONVIF, GB28181, HIK, DH and other private protocols Provides SDK development kit, supports secondary development, supports CGI, HTTP, WEBSOCK [&hellip;]<\/p>\n","protected":false},"featured_media":1675,"template":"","meta":[],"product_brand":[],"product_cat":[276],"product_tag":[],"class_list":{"0":"post-1672","1":"product","2":"type-product","3":"status-publish","4":"has-post-thumbnail","6":"product_cat-ai-camera-module","8":"first","9":"instock","10":"shipping-taxable","11":"product-type-simple"},"yoast_head":"<!-- This site is optimized with the Yoast SEO plugin v27.3 - https:\/\/yoast.com\/product\/yoast-seo-wordpress\/ -->\n<title>SP415L 8MP Single board Camera Module - simpo-datatec.com<\/title>\n<meta name=\"robots\" content=\"index, follow, max-snippet:-1, max-image-preview:large, max-video-preview:-1\" \/>\n<link rel=\"canonical\" href=\"https:\/\/simpo-datatec.com\/vi\/san-pham\/sp415l-8mp-single-board-camera-module\/\" \/>\n<meta property=\"og:locale\" content=\"vi_VN\" \/>\n<meta property=\"og:type\" content=\"article\" \/>\n<meta property=\"og:title\" content=\"SP415L 8MP Single board Camera Module - simpo-datatec.com\" \/>\n<meta property=\"og:description\" content=\"1\/2.8&#8243; 8-megapixel CMOS sensor Supports H.265+, H.265, H.264 encoding Supports mirroring, flipping, backlight compensation, strong light suppression, 3D digital noise reduction, fog penetration, digital wide dynamic Supports infrared\/full color\/dual light mode, dual PWM dimming Supports standard ONVIF, GB28181, HIK, DH and other private protocols Provides SDK development kit, supports secondary development, supports CGI, HTTP, WEBSOCK [&hellip;]\" \/>\n<meta property=\"og:url\" content=\"https:\/\/simpo-datatec.com\/vi\/san-pham\/sp415l-8mp-single-board-camera-module\/\" \/>\n<meta property=\"og:site_name\" content=\"simpo-datatec.com\" \/>\n<meta property=\"og:image\" content=\"https:\/\/simpo-datatec.com\/wp-content\/uploads\/2026\/04\/SP415L-8MP-Single-board-Camera-Module2.png\" \/>\n\t<meta property=\"og:image:width\" content=\"228\" \/>\n\t<meta property=\"og:image:height\" content=\"228\" \/>\n\t<meta property=\"og:image:type\" content=\"image\/png\" \/>\n<meta name=\"twitter:card\" content=\"summary_large_image\" \/>\n<meta name=\"twitter:label1\" content=\"\u01af\u1edbc t\u00ednh th\u1eddi gian \u0111\u1ecdc\" \/>\n\t<meta name=\"twitter:data1\" content=\"2 ph\u00fat\" \/>\n<script type=\"application\/ld+json\" class=\"yoast-schema-graph\">{\"@context\":\"https:\\\/\\\/schema.org\",\"@graph\":[{\"@type\":\"WebPage\",\"@id\":\"https:\\\/\\\/simpo-datatec.com\\\/product\\\/sp415l-8mp-single-board-camera-module\\\/\",\"url\":\"https:\\\/\\\/simpo-datatec.com\\\/product\\\/sp415l-8mp-single-board-camera-module\\\/\",\"name\":\"SP415L 8MP Single board Camera Module - simpo-datatec.com\",\"isPartOf\":{\"@id\":\"https:\\\/\\\/simpo-datatec.com\\\/#website\"},\"primaryImageOfPage\":{\"@id\":\"https:\\\/\\\/simpo-datatec.com\\\/product\\\/sp415l-8mp-single-board-camera-module\\\/#primaryimage\"},\"image\":{\"@id\":\"https:\\\/\\\/simpo-datatec.com\\\/product\\\/sp415l-8mp-single-board-camera-module\\\/#primaryimage\"},\"thumbnailUrl\":\"https:\\\/\\\/simpo-datatec.com\\\/wp-content\\\/uploads\\\/2026\\\/04\\\/SP415L-8MP-Single-board-Camera-Module2.png\",\"datePublished\":\"2026-04-24T15:59:18+00:00\",\"breadcrumb\":{\"@id\":\"https:\\\/\\\/simpo-datatec.com\\\/product\\\/sp415l-8mp-single-board-camera-module\\\/#breadcrumb\"},\"inLanguage\":\"vi\",\"potentialAction\":[{\"@type\":\"ReadAction\",\"target\":[\"https:\\\/\\\/simpo-datatec.com\\\/product\\\/sp415l-8mp-single-board-camera-module\\\/\"]}]},{\"@type\":\"ImageObject\",\"inLanguage\":\"vi\",\"@id\":\"https:\\\/\\\/simpo-datatec.com\\\/product\\\/sp415l-8mp-single-board-camera-module\\\/#primaryimage\",\"url\":\"https:\\\/\\\/simpo-datatec.com\\\/wp-content\\\/uploads\\\/2026\\\/04\\\/SP415L-8MP-Single-board-Camera-Module2.png\",\"contentUrl\":\"https:\\\/\\\/simpo-datatec.com\\\/wp-content\\\/uploads\\\/2026\\\/04\\\/SP415L-8MP-Single-board-Camera-Module2.png\",\"width\":228,\"height\":228},{\"@type\":\"BreadcrumbList\",\"@id\":\"https:\\\/\\\/simpo-datatec.com\\\/product\\\/sp415l-8mp-single-board-camera-module\\\/#breadcrumb\",\"itemListElement\":[{\"@type\":\"ListItem\",\"position\":1,\"name\":\"\u9996\u9875\",\"item\":\"https:\\\/\\\/simpo-datatec.com\\\/\"},{\"@type\":\"ListItem\",\"position\":2,\"name\":\"Products\",\"item\":\"https:\\\/\\\/simpo-datatec.com\\\/products\\\/\"},{\"@type\":\"ListItem\",\"position\":3,\"name\":\"SP415L 8MP Single board Camera Module\"}]},{\"@type\":\"WebSite\",\"@id\":\"https:\\\/\\\/simpo-datatec.com\\\/#website\",\"url\":\"https:\\\/\\\/simpo-datatec.com\\\/\",\"name\":\"simpo-datatec.com\",\"description\":\"\",\"potentialAction\":[{\"@type\":\"SearchAction\",\"target\":{\"@type\":\"EntryPoint\",\"urlTemplate\":\"https:\\\/\\\/simpo-datatec.com\\\/?s={search_term_string}\"},\"query-input\":{\"@type\":\"PropertyValueSpecification\",\"valueRequired\":true,\"valueName\":\"search_term_string\"}}],\"inLanguage\":\"vi\"}]}<\/script>\n<!-- \/ Yoast SEO plugin. -->","yoast_head_json":{"title":"SP415L 8MP Single board Camera Module - simpo-datatec.com","robots":{"index":"index","follow":"follow","max-snippet":"max-snippet:-1","max-image-preview":"max-image-preview:large","max-video-preview":"max-video-preview:-1"},"canonical":"https:\/\/simpo-datatec.com\/vi\/san-pham\/sp415l-8mp-single-board-camera-module\/","og_locale":"vi_VN","og_type":"article","og_title":"SP415L 8MP Single board Camera Module - simpo-datatec.com","og_description":"1\/2.8&#8243; 8-megapixel CMOS sensor Supports H.265+, H.265, H.264 encoding Supports mirroring, flipping, backlight compensation, strong light suppression, 3D digital noise reduction, fog penetration, digital wide dynamic Supports infrared\/full color\/dual light mode, dual PWM dimming Supports standard ONVIF, GB28181, HIK, DH and other private protocols Provides SDK development kit, supports secondary development, supports CGI, HTTP, WEBSOCK [&hellip;]","og_url":"https:\/\/simpo-datatec.com\/vi\/san-pham\/sp415l-8mp-single-board-camera-module\/","og_site_name":"simpo-datatec.com","og_image":[{"width":228,"height":228,"url":"https:\/\/simpo-datatec.com\/wp-content\/uploads\/2026\/04\/SP415L-8MP-Single-board-Camera-Module2.png","type":"image\/png"}],"twitter_card":"summary_large_image","twitter_misc":{"\u01af\u1edbc t\u00ednh th\u1eddi gian \u0111\u1ecdc":"2 ph\u00fat"},"schema":{"@context":"https:\/\/schema.org","@graph":[{"@type":"WebPage","@id":"https:\/\/simpo-datatec.com\/product\/sp415l-8mp-single-board-camera-module\/","url":"https:\/\/simpo-datatec.com\/product\/sp415l-8mp-single-board-camera-module\/","name":"SP415L 8MP Single board Camera Module - simpo-datatec.com","isPartOf":{"@id":"https:\/\/simpo-datatec.com\/#website"},"primaryImageOfPage":{"@id":"https:\/\/simpo-datatec.com\/product\/sp415l-8mp-single-board-camera-module\/#primaryimage"},"image":{"@id":"https:\/\/simpo-datatec.com\/product\/sp415l-8mp-single-board-camera-module\/#primaryimage"},"thumbnailUrl":"https:\/\/simpo-datatec.com\/wp-content\/uploads\/2026\/04\/SP415L-8MP-Single-board-Camera-Module2.png","datePublished":"2026-04-24T15:59:18+00:00","breadcrumb":{"@id":"https:\/\/simpo-datatec.com\/product\/sp415l-8mp-single-board-camera-module\/#breadcrumb"},"inLanguage":"vi","potentialAction":[{"@type":"ReadAction","target":["https:\/\/simpo-datatec.com\/product\/sp415l-8mp-single-board-camera-module\/"]}]},{"@type":"ImageObject","inLanguage":"vi","@id":"https:\/\/simpo-datatec.com\/product\/sp415l-8mp-single-board-camera-module\/#primaryimage","url":"https:\/\/simpo-datatec.com\/wp-content\/uploads\/2026\/04\/SP415L-8MP-Single-board-Camera-Module2.png","contentUrl":"https:\/\/simpo-datatec.com\/wp-content\/uploads\/2026\/04\/SP415L-8MP-Single-board-Camera-Module2.png","width":228,"height":228},{"@type":"BreadcrumbList","@id":"https:\/\/simpo-datatec.com\/product\/sp415l-8mp-single-board-camera-module\/#breadcrumb","itemListElement":[{"@type":"ListItem","position":1,"name":"\u9996\u9875","item":"https:\/\/simpo-datatec.com\/"},{"@type":"ListItem","position":2,"name":"Products","item":"https:\/\/simpo-datatec.com\/products\/"},{"@type":"ListItem","position":3,"name":"SP415L 8MP Single board Camera Module"}]},{"@type":"WebSite","@id":"https:\/\/simpo-datatec.com\/#website","url":"https:\/\/simpo-datatec.com\/","name":"simpo-datatec.com","description":"","potentialAction":[{"@type":"SearchAction","target":{"@type":"EntryPoint","urlTemplate":"https:\/\/simpo-datatec.com\/?s={search_term_string}"},"query-input":{"@type":"PropertyValueSpecification","valueRequired":true,"valueName":"search_term_string"}}],"inLanguage":"vi"}]}},"_links":{"self":[{"href":"https:\/\/simpo-datatec.com\/vi\/wp-json\/wp\/v2\/product\/1672","targetHints":{"allow":["GET"]}}],"collection":[{"href":"https:\/\/simpo-datatec.com\/vi\/wp-json\/wp\/v2\/product"}],"about":[{"href":"https:\/\/simpo-datatec.com\/vi\/wp-json\/wp\/v2\/types\/product"}],"wp:featuredmedia":[{"embeddable":true,"href":"https:\/\/simpo-datatec.com\/vi\/wp-json\/wp\/v2\/media\/1675"}],"wp:attachment":[{"href":"https:\/\/simpo-datatec.com\/vi\/wp-json\/wp\/v2\/media?parent=1672"}],"wp:term":[{"taxonomy":"product_brand","embeddable":true,"href":"https:\/\/simpo-datatec.com\/vi\/wp-json\/wp\/v2\/product_brand?post=1672"},{"taxonomy":"product_cat","embeddable":true,"href":"https:\/\/simpo-datatec.com\/vi\/wp-json\/wp\/v2\/product_cat?post=1672"},{"taxonomy":"product_tag","embeddable":true,"href":"https:\/\/simpo-datatec.com\/vi\/wp-json\/wp\/v2\/product_tag?post=1672"}],"curies":[{"name":"wp","href":"https:\/\/api.w.org\/{rel}","templated":true}]}}