{"id":1604,"date":"2026-04-24T23:39:55","date_gmt":"2026-04-24T15:39:55","guid":{"rendered":"https:\/\/simpo-datatec.com\/?post_type=product&#038;p=1604"},"modified":"2026-04-28T18:32:38","modified_gmt":"2026-04-28T10:32:38","slug":"sp-n90-face-recognition-camerair-2","status":"publish","type":"product","link":"https:\/\/simpo-datatec.com\/vi\/san-pham\/sp-n90-face-recognition-camerair-2\/","title":{"rendered":"SP-N90 Access Control camera(IR)"},"content":{"rendered":"<ul>\n<li>\u0110\u01b0\u1ee3c trang b\u1ecb b\u1ed9 vi x\u1eed l\u00fd (SOC) c\u00f3 hi\u1ec7u n\u0103ng t\u00ednh to\u00e1n cao<\/li>\n<li>Sony 120db WDR sensor IMX327<\/li>\n<li>Max resolution 1920*1080@30fps<\/li>\n<li>H\u1ed7 tr\u1ee3 m\u00e3 h\u00f3a H.265\/H.264<\/li>\n<li>Embedded SenseTime CNN face detection and recognition algorithm<\/li>\n<li>Face Detection support 12fps\/sec,50pcs faces per second<\/li>\n<li>Support attribute recognition, age, gender, glasses, hat, mask, beard, clothing, hairstyle, mood etc.<\/li>\n<li>Support face detection,face tracking, scoring, selection,recognition all functions<\/li>\n<li>Local face database up to 50000pcs<\/li>\n<li>Support 2 face library configuration, whitelist and blacklist<\/li>\n<li>Support alarm alerts for strangers, blacklists or VIP<\/li>\n<li>Support stranger trailing reminder (whitelist + output voice prompt when strangers appear at the same time)<\/li>\n<li>Support vivisection detection switch (partial photos can be filtered after opening, face recognition speed is slowed down)<\/li>\n<li>Support mask detection reminders (masks must be worn after opening)<\/li>\n<li>Support staff intensive voice reminders (support staff number threshold set at 2-10)<\/li>\n<li>100,000 traffic records can be stored locally, which can be queried and exported by local clients<\/li>\n<li>24H working\uff0cface capture normally under infrared<\/li>\n<li>Support ONVIF\uff0cGB28181\uff0chttp,mqtt standard protocols<\/li>\n<li>SDK System open, support project integration secondary development<\/li>\n<\/ul>\n<p>&nbsp;<\/p>\n<p><strong><b>SP-N90<\/b><\/strong><\/p>\n<p>2MP face recognition HD IPC, support 1ch audio output, 1ch relay signal output, RTC functions. (standard with power + network + relay output + audio alarm output)<\/p>\n<p>&nbsp;<\/p>\n<p>&nbsp;<\/p>\n<p>&nbsp;<\/p>\n<table>\n<tbody>\n<tr>\n<td colspan=\"2\" width=\"205\">M\u1eabu<\/td>\n<td width=\"511\">SP-N90<\/td>\n<\/tr>\n<tr>\n<td colspan=\"3\" width=\"717\"><strong><b>AI Facial Bullet<\/b><\/strong><\/td>\n<\/tr>\n<tr>\n<td rowspan=\"9\" width=\"82\">Face detection and capture<\/td>\n<td width=\"122\">G\u00f3c l\u1eafp \u0111\u1eb7t<\/td>\n<td width=\"511\">G\u00f3c nghi\u00eang l\u00ean xu\u1ed1ng kh\u00f4ng qu\u00e1 15\u00b0<\/td>\n<\/tr>\n<tr>\n<td width=\"122\">S\u1ed1 pixel t\u1ed1i thi\u1ec3u<\/td>\n<td width=\"511\">60*60<\/td>\n<\/tr>\n<tr>\n<td width=\"122\">\u0110\u1ed9 nh\u1ea1y ph\u00e1t hi\u1ec7n<\/td>\n<td width=\"511\">H\u1ed7 tr\u1ee3<\/td>\n<\/tr>\n<tr>\n<td width=\"122\">Hi\u1ec7u su\u1ea5t ph\u00e1t hi\u1ec7n<\/td>\n<td width=\"511\">50pcs faces\/fps<\/td>\n<\/tr>\n<tr>\n<td width=\"122\">Khung m\u1eb7t<\/td>\n<td width=\"511\">H\u1ed7 tr\u1ee3<\/td>\n<\/tr>\n<tr>\n<td width=\"122\">K\u00edch ho\u1ea1t v\u00f9ng<\/td>\n<td width=\"511\">H\u1ed7 tr\u1ee3<\/td>\n<\/tr>\n<tr>\n<td width=\"122\">Capture mode<\/td>\n<td width=\"511\">Fixed mode<\/td>\n<\/tr>\n<tr>\n<td width=\"122\">Capture threshold<\/td>\n<td width=\"511\">H\u1ed7 tr\u1ee3<\/td>\n<\/tr>\n<tr>\n<td width=\"122\">Picture upload<\/td>\n<td width=\"511\">FTP\/HTTP\/MQTT<\/td>\n<\/tr>\n<tr>\n<td rowspan=\"5\" width=\"82\">comparison<\/td>\n<td width=\"122\">Danh s\u00e1ch tr\u1eafng v\u00e0 danh s\u00e1ch \u0111en<\/td>\n<td width=\"511\">H\u1ed7 tr\u1ee3<\/td>\n<\/tr>\n<tr>\n<td width=\"122\">Danh s\u00e1ch VIP<\/td>\n<td width=\"511\">H\u1ed7 tr\u1ee3<\/td>\n<\/tr>\n<tr>\n<td width=\"122\">Face Database<\/td>\n<td width=\"511\">20000<\/td>\n<\/tr>\n<tr>\n<td width=\"122\">Comparison efficiency<\/td>\n<td width=\"511\">300ms<\/td>\n<\/tr>\n<tr>\n<td width=\"122\">\u0110\u1ed9 ch\u00ednh x\u00e1c<\/td>\n<td width=\"511\">&gt;98.87%<\/td>\n<\/tr>\n<tr>\n<td colspan=\"2\" width=\"205\">C\u1ea3m bi\u1ebfn h\u00ecnh \u1ea3nh<\/td>\n<td width=\"511\">C\u1ea3m bi\u1ebfn CMOS SONY IMX327 1\/2,8 inch, 2,0 megapixel<\/td>\n<\/tr>\n<tr>\n<td colspan=\"2\" width=\"205\">Pixel<\/td>\n<td width=\"511\">1920 (ngang) \u00d7 1080 (d\u1ecdc)<\/td>\n<\/tr>\n<tr>\n<td colspan=\"2\" width=\"205\">WDR<\/td>\n<td width=\"511\">Th\u00edch \u1ee9ng th\u00f4ng minh<\/td>\n<\/tr>\n<tr>\n<td colspan=\"2\" width=\"205\">\u0110\u1ed9 s\u00e1ng t\u1ed1i thi\u1ec3u<\/td>\n<td width=\"511\">0,001 lux<\/td>\n<\/tr>\n<tr>\n<td colspan=\"2\" width=\"205\">Signal to noise ratio<\/td>\n<td width=\"511\">\u226550dB (AGC t\u1eaft)<\/td>\n<\/tr>\n<tr>\n<td colspan=\"2\" width=\"205\">Ch\u1ebf \u0111\u1ed9 ph\u01a1i s\u00e1ng<\/td>\n<td width=\"511\">Ph\u01a1i s\u00e1ng t\u1ef1 \u0111\u1ed9ng, BLC<\/td>\n<\/tr>\n<tr>\n<td colspan=\"3\" width=\"717\"><strong><b>Giao di\u1ec7n <\/b><\/strong><\/td>\n<\/tr>\n<tr>\n<td colspan=\"2\" width=\"205\">Storage interface<\/td>\n<td width=\"511\">Support expanding board, Support SDXC 4.0 standard Micro SD(TF),MAX 128G<\/td>\n<\/tr>\n<tr>\n<td colspan=\"2\" width=\"205\">Giao di\u1ec7n m\u1ea1ng<\/td>\n<td width=\"511\">10\/100M Network adaptation\uff0cRJ45 adapter<\/td>\n<\/tr>\n<tr>\n<td colspan=\"2\" width=\"205\">Giao di\u1ec7n b\u00e1o \u0111\u1ed9ng<\/td>\n<td width=\"511\">\u0110\u1ea7u ra r\u01a1le 1 k\u00eanh<\/td>\n<\/tr>\n<tr>\n<td colspan=\"3\" width=\"717\"><strong><b>Ti\u00eau chu\u1ea9n n\u00e9n<\/b><\/strong><\/td>\n<\/tr>\n<tr>\n<td colspan=\"2\" width=\"205\">M\u00e3 h\u00f3a video<\/td>\n<td width=\"511\">H.265 Main Profile \/ H.264 High Profile<\/td>\n<\/tr>\n<tr>\n<td rowspan=\"2\" width=\"82\">Ngh\u1ecb quy\u1ebft<\/td>\n<td width=\"122\">D\u00f2ng ch\u00ednh<\/td>\n<td width=\"511\">1920\u00d71080\u30011280\u00d7960\u30011280\u00d7720<\/td>\n<\/tr>\n<tr>\n<td width=\"122\">D\u00f2ng ph\u1ee5<\/td>\n<td width=\"511\">704*576\u3001640\u00d7480\u3001352\u00d7288<\/td>\n<\/tr>\n<tr>\n<td colspan=\"2\" width=\"205\">T\u1ef7 l\u1ec7 n\u00e9n video<\/td>\n<td width=\"511\">128 Kbps\uff5e8 Mbps (c\u00f3 th\u1ec3 \u0111i\u1ec1u ch\u1ec9nh th\u1ee7 c\u00f4ng), h\u1ed7 tr\u1ee3 CBR\/VBR<\/td>\n<\/tr>\n<tr>\n<td colspan=\"2\" width=\"205\">\u00c2m thanh<\/td>\n<td width=\"511\">1ch output<\/td>\n<\/tr>\n<tr>\n<td colspan=\"2\" width=\"205\">OSD<\/td>\n<td width=\"511\">T\u00ean k\u00eanh h\u1ed7 tr\u1ee3, ng\u00e0y v\u00e0 gi\u1edd, c\u00e0i \u0111\u1eb7t v\u1ecb tr\u00ed<\/td>\n<\/tr>\n<tr>\n<td colspan=\"3\" width=\"717\"><strong><b>Giao th\u1ee9c m\u1ea1ng<\/b><\/strong><\/td>\n<\/tr>\n<tr>\n<td colspan=\"2\" width=\"205\">Giao th\u1ee9c m\u1ea1ng<\/td>\n<td width=\"511\">TCP\/IP\uff0cPTP\uff0cNTP\uff0cDHCP\uff0cUDP\uff0cSMTP\uff0cRTSP\uff0cDDNS\uff0cDNS\uff0cHTTP\u3001P2P<\/td>\n<\/tr>\n<tr>\n<td colspan=\"2\" width=\"205\">Giao th\u1ee9c ONVIF<\/td>\n<td width=\"511\">ONVIF2.4<\/td>\n<\/tr>\n<tr>\n<td colspan=\"2\" width=\"205\">Ti\u00eau chu\u1ea9n GB28181<\/td>\n<td width=\"511\">support<\/td>\n<\/tr>\n<tr>\n<td colspan=\"2\" width=\"205\">Mobile remote<\/td>\n<td width=\"511\">Support Android\u3001IOS smart phone<\/td>\n<\/tr>\n<tr>\n<td colspan=\"3\" width=\"717\"><strong><b>C\u00e1c th\u00f4ng s\u1ed1 chung <\/b><\/strong><\/td>\n<\/tr>\n<tr>\n<td colspan=\"2\" width=\"205\">N\u0103ng l\u01b0\u1ee3ng<\/td>\n<td width=\"511\">12V DC, 2A<\/td>\n<\/tr>\n<tr>\n<td colspan=\"2\" width=\"205\">spec<\/td>\n<td width=\"511\">IP66, IR board\uff0cface not exposed<\/td>\n<\/tr>\n<tr>\n<td colspan=\"2\" width=\"205\">\u1ed0ng k\u00ednh<\/td>\n<td width=\"511\">8mm@F1.6<\/td>\n<\/tr>\n<tr>\n<td colspan=\"2\" width=\"205\">Face Capture distance<\/td>\n<td width=\"511\">6m<\/td>\n<\/tr>\n<\/tbody>\n<\/table>","protected":false},"excerpt":{"rendered":"<p>Biometric Access Control Camera, Face Recognition Access Control Camera, Touchless Access Control System, Visitor Management System, Camera Based Access Control System, CCTV-Based Access Control System<\/p>","protected":false},"featured_media":1605,"template":"","meta":[],"product_brand":[],"product_cat":[272],"product_tag":[299,300,301,302],"class_list":{"0":"post-1604","1":"product","2":"type-product","3":"status-publish","4":"has-post-thumbnail","6":"product_cat-face-recognition-access-control-camera","7":"product_tag-biometric-access-control-camera","8":"product_tag-face-recognition-access-control-camera","9":"product_tag-touchless-access-control-system","10":"product_tag-visitor-management-system","12":"first","13":"instock","14":"shipping-taxable","15":"product-type-simple"},"yoast_head":"<!-- This site is optimized with the Yoast SEO plugin v27.3 - https:\/\/yoast.com\/product\/yoast-seo-wordpress\/ -->\n<title>SP-N90 Access Control camera(IR) - simpo-datatec.com<\/title>\n<meta name=\"description\" content=\"Biometric Access Control Camera, Face Recognition Access Control Camera, Touchless Access Control System, Visitor Management System, Camera Based Access Control System, CCTV-Based Access Control System\" \/>\n<meta name=\"robots\" content=\"index, follow, max-snippet:-1, max-image-preview:large, max-video-preview:-1\" \/>\n<link rel=\"canonical\" href=\"https:\/\/simpo-datatec.com\/vi\/san-pham\/sp-n90-face-recognition-camerair-2\/\" \/>\n<meta property=\"og:locale\" content=\"vi_VN\" \/>\n<meta property=\"og:type\" content=\"article\" \/>\n<meta property=\"og:title\" content=\"SP-N90 Access Control camera(IR) - simpo-datatec.com\" \/>\n<meta property=\"og:description\" content=\"Biometric Access Control Camera, Face Recognition Access Control Camera, Touchless Access Control System, Visitor Management System, Camera Based Access Control System, CCTV-Based Access Control System\" \/>\n<meta property=\"og:url\" content=\"https:\/\/simpo-datatec.com\/vi\/san-pham\/sp-n90-face-recognition-camerair-2\/\" \/>\n<meta property=\"og:site_name\" content=\"simpo-datatec.com\" \/>\n<meta property=\"article:modified_time\" content=\"2026-04-28T10:32:38+00:00\" \/>\n<meta property=\"og:image\" content=\"https:\/\/simpo-datatec.com\/wp-content\/uploads\/2026\/04\/29-1.jpg\" \/>\n\t<meta property=\"og:image:width\" content=\"500\" \/>\n\t<meta property=\"og:image:height\" content=\"500\" \/>\n\t<meta property=\"og:image:type\" content=\"image\/jpeg\" \/>\n<meta name=\"twitter:card\" content=\"summary_large_image\" \/>\n<meta name=\"twitter:label1\" content=\"\u01af\u1edbc t\u00ednh th\u1eddi gian \u0111\u1ecdc\" \/>\n\t<meta name=\"twitter:data1\" content=\"2 ph\u00fat\" \/>\n<script type=\"application\/ld+json\" class=\"yoast-schema-graph\">{\"@context\":\"https:\\\/\\\/schema.org\",\"@graph\":[{\"@type\":\"WebPage\",\"@id\":\"https:\\\/\\\/simpo-datatec.com\\\/product\\\/sp-n90-face-recognition-camerair-2\\\/\",\"url\":\"https:\\\/\\\/simpo-datatec.com\\\/product\\\/sp-n90-face-recognition-camerair-2\\\/\",\"name\":\"SP-N90 Access Control camera(IR) - simpo-datatec.com\",\"isPartOf\":{\"@id\":\"https:\\\/\\\/simpo-datatec.com\\\/#website\"},\"primaryImageOfPage\":{\"@id\":\"https:\\\/\\\/simpo-datatec.com\\\/product\\\/sp-n90-face-recognition-camerair-2\\\/#primaryimage\"},\"image\":{\"@id\":\"https:\\\/\\\/simpo-datatec.com\\\/product\\\/sp-n90-face-recognition-camerair-2\\\/#primaryimage\"},\"thumbnailUrl\":\"https:\\\/\\\/simpo-datatec.com\\\/wp-content\\\/uploads\\\/2026\\\/04\\\/29-1.jpg\",\"datePublished\":\"2026-04-24T15:39:55+00:00\",\"dateModified\":\"2026-04-28T10:32:38+00:00\",\"description\":\"Biometric Access Control Camera, Face Recognition Access Control Camera, Touchless Access Control System, Visitor Management System, Camera Based Access Control System, CCTV-Based Access Control System\",\"breadcrumb\":{\"@id\":\"https:\\\/\\\/simpo-datatec.com\\\/product\\\/sp-n90-face-recognition-camerair-2\\\/#breadcrumb\"},\"inLanguage\":\"vi\",\"potentialAction\":[{\"@type\":\"ReadAction\",\"target\":[\"https:\\\/\\\/simpo-datatec.com\\\/product\\\/sp-n90-face-recognition-camerair-2\\\/\"]}]},{\"@type\":\"ImageObject\",\"inLanguage\":\"vi\",\"@id\":\"https:\\\/\\\/simpo-datatec.com\\\/product\\\/sp-n90-face-recognition-camerair-2\\\/#primaryimage\",\"url\":\"https:\\\/\\\/simpo-datatec.com\\\/wp-content\\\/uploads\\\/2026\\\/04\\\/29-1.jpg\",\"contentUrl\":\"https:\\\/\\\/simpo-datatec.com\\\/wp-content\\\/uploads\\\/2026\\\/04\\\/29-1.jpg\",\"width\":500,\"height\":500},{\"@type\":\"BreadcrumbList\",\"@id\":\"https:\\\/\\\/simpo-datatec.com\\\/product\\\/sp-n90-face-recognition-camerair-2\\\/#breadcrumb\",\"itemListElement\":[{\"@type\":\"ListItem\",\"position\":1,\"name\":\"\u9996\u9875\",\"item\":\"https:\\\/\\\/simpo-datatec.com\\\/\"},{\"@type\":\"ListItem\",\"position\":2,\"name\":\"Products\",\"item\":\"https:\\\/\\\/simpo-datatec.com\\\/products\\\/\"},{\"@type\":\"ListItem\",\"position\":3,\"name\":\"SP-N90 Access Control camera(IR)\"}]},{\"@type\":\"WebSite\",\"@id\":\"https:\\\/\\\/simpo-datatec.com\\\/#website\",\"url\":\"https:\\\/\\\/simpo-datatec.com\\\/\",\"name\":\"simpo-datatec.com\",\"description\":\"\",\"potentialAction\":[{\"@type\":\"SearchAction\",\"target\":{\"@type\":\"EntryPoint\",\"urlTemplate\":\"https:\\\/\\\/simpo-datatec.com\\\/?s={search_term_string}\"},\"query-input\":{\"@type\":\"PropertyValueSpecification\",\"valueRequired\":true,\"valueName\":\"search_term_string\"}}],\"inLanguage\":\"vi\"}]}<\/script>\n<!-- \/ Yoast SEO plugin. -->","yoast_head_json":{"title":"SP-N90 Access Control camera(IR) - simpo-datatec.com","description":"Biometric Access Control Camera, Face Recognition Access Control Camera, Touchless Access Control System, Visitor Management System, Camera Based Access Control System, CCTV-Based Access Control System","robots":{"index":"index","follow":"follow","max-snippet":"max-snippet:-1","max-image-preview":"max-image-preview:large","max-video-preview":"max-video-preview:-1"},"canonical":"https:\/\/simpo-datatec.com\/vi\/san-pham\/sp-n90-face-recognition-camerair-2\/","og_locale":"vi_VN","og_type":"article","og_title":"SP-N90 Access Control camera(IR) - simpo-datatec.com","og_description":"Biometric Access Control Camera, Face Recognition Access Control Camera, Touchless Access Control System, Visitor Management System, Camera Based Access Control System, CCTV-Based Access Control System","og_url":"https:\/\/simpo-datatec.com\/vi\/san-pham\/sp-n90-face-recognition-camerair-2\/","og_site_name":"simpo-datatec.com","article_modified_time":"2026-04-28T10:32:38+00:00","og_image":[{"width":500,"height":500,"url":"https:\/\/simpo-datatec.com\/wp-content\/uploads\/2026\/04\/29-1.jpg","type":"image\/jpeg"}],"twitter_card":"summary_large_image","twitter_misc":{"\u01af\u1edbc t\u00ednh th\u1eddi gian \u0111\u1ecdc":"2 ph\u00fat"},"schema":{"@context":"https:\/\/schema.org","@graph":[{"@type":"WebPage","@id":"https:\/\/simpo-datatec.com\/product\/sp-n90-face-recognition-camerair-2\/","url":"https:\/\/simpo-datatec.com\/product\/sp-n90-face-recognition-camerair-2\/","name":"SP-N90 Access Control camera(IR) - simpo-datatec.com","isPartOf":{"@id":"https:\/\/simpo-datatec.com\/#website"},"primaryImageOfPage":{"@id":"https:\/\/simpo-datatec.com\/product\/sp-n90-face-recognition-camerair-2\/#primaryimage"},"image":{"@id":"https:\/\/simpo-datatec.com\/product\/sp-n90-face-recognition-camerair-2\/#primaryimage"},"thumbnailUrl":"https:\/\/simpo-datatec.com\/wp-content\/uploads\/2026\/04\/29-1.jpg","datePublished":"2026-04-24T15:39:55+00:00","dateModified":"2026-04-28T10:32:38+00:00","description":"Biometric Access Control Camera, Face Recognition Access Control Camera, Touchless Access Control System, Visitor Management System, Camera Based Access Control System, CCTV-Based Access Control System","breadcrumb":{"@id":"https:\/\/simpo-datatec.com\/product\/sp-n90-face-recognition-camerair-2\/#breadcrumb"},"inLanguage":"vi","potentialAction":[{"@type":"ReadAction","target":["https:\/\/simpo-datatec.com\/product\/sp-n90-face-recognition-camerair-2\/"]}]},{"@type":"ImageObject","inLanguage":"vi","@id":"https:\/\/simpo-datatec.com\/product\/sp-n90-face-recognition-camerair-2\/#primaryimage","url":"https:\/\/simpo-datatec.com\/wp-content\/uploads\/2026\/04\/29-1.jpg","contentUrl":"https:\/\/simpo-datatec.com\/wp-content\/uploads\/2026\/04\/29-1.jpg","width":500,"height":500},{"@type":"BreadcrumbList","@id":"https:\/\/simpo-datatec.com\/product\/sp-n90-face-recognition-camerair-2\/#breadcrumb","itemListElement":[{"@type":"ListItem","position":1,"name":"\u9996\u9875","item":"https:\/\/simpo-datatec.com\/"},{"@type":"ListItem","position":2,"name":"Products","item":"https:\/\/simpo-datatec.com\/products\/"},{"@type":"ListItem","position":3,"name":"SP-N90 Access Control camera(IR)"}]},{"@type":"WebSite","@id":"https:\/\/simpo-datatec.com\/#website","url":"https:\/\/simpo-datatec.com\/","name":"simpo-datatec.com","description":"","potentialAction":[{"@type":"SearchAction","target":{"@type":"EntryPoint","urlTemplate":"https:\/\/simpo-datatec.com\/?s={search_term_string}"},"query-input":{"@type":"PropertyValueSpecification","valueRequired":true,"valueName":"search_term_string"}}],"inLanguage":"vi"}]}},"_links":{"self":[{"href":"https:\/\/simpo-datatec.com\/vi\/wp-json\/wp\/v2\/product\/1604","targetHints":{"allow":["GET"]}}],"collection":[{"href":"https:\/\/simpo-datatec.com\/vi\/wp-json\/wp\/v2\/product"}],"about":[{"href":"https:\/\/simpo-datatec.com\/vi\/wp-json\/wp\/v2\/types\/product"}],"wp:featuredmedia":[{"embeddable":true,"href":"https:\/\/simpo-datatec.com\/vi\/wp-json\/wp\/v2\/media\/1605"}],"wp:attachment":[{"href":"https:\/\/simpo-datatec.com\/vi\/wp-json\/wp\/v2\/media?parent=1604"}],"wp:term":[{"taxonomy":"product_brand","embeddable":true,"href":"https:\/\/simpo-datatec.com\/vi\/wp-json\/wp\/v2\/product_brand?post=1604"},{"taxonomy":"product_cat","embeddable":true,"href":"https:\/\/simpo-datatec.com\/vi\/wp-json\/wp\/v2\/product_cat?post=1604"},{"taxonomy":"product_tag","embeddable":true,"href":"https:\/\/simpo-datatec.com\/vi\/wp-json\/wp\/v2\/product_tag?post=1604"}],"curies":[{"name":"wp","href":"https:\/\/api.w.org\/{rel}","templated":true}]}}