{"id":1563,"date":"2026-04-24T23:26:09","date_gmt":"2026-04-24T15:26:09","guid":{"rendered":"https:\/\/simpo-datatec.com\/?post_type=product&#038;p=1563"},"modified":"2026-04-28T18:51:29","modified_gmt":"2026-04-28T10:51:29","slug":"sp-x200-5mp-parameters","status":"publish","type":"product","link":"https:\/\/simpo-datatec.com\/vi\/san-pham\/sp-x200-5mp-parameters\/","title":{"rendered":"SP-X200 5MP Facial Recognition Time Attendance Camera"},"content":{"rendered":"<ul>\n<li>\u0110\u01b0\u1ee3c trang b\u1ecb b\u1ed9 vi x\u1eed l\u00fd (SOC) c\u00f3 hi\u1ec7u n\u0103ng t\u00ednh to\u00e1n cao<\/li>\n<li>C\u1ea3m bi\u1ebfn h\u00ecnh \u1ea3nh d\u1ea3i \u0111\u1ed9ng r\u1ed9ng c\u1ee7a Sony<\/li>\n<li>Imaging resolution 2592*1944(5MP)<\/li>\n<li>H\u1ed7 tr\u1ee3 m\u00e3 h\u00f3a H.265\/H.264<\/li>\n<li>T\u00edch h\u1ee3p thu\u1eadt to\u00e1n ph\u00e1t hi\u1ec7n v\u00e0 nh\u1eadn di\u1ec7n khu\u00f4n m\u1eb7t CNN c\u00f3 \u0111\u1ed9 ch\u00ednh x\u00e1c cao<\/li>\n<li>Capture and recognize large passenger flow scenes, &gt;20fps\/sdetection<\/li>\n<li>More than 50 faces detected in a single picture<\/li>\n<li>Integrate face detection, tracking, scoring, deduplication, selectionand recognition<\/li>\n<li>Offline face library 50,000, recognition rate up to 99.5%<\/li>\n<li>H\u1ed7 tr\u1ee3 2 c\u1ea5u h\u00ecnh th\u01b0 vi\u1ec7n, danh s\u00e1ch tr\u1eafng v\u00e0 danh s\u00e1ch \u0111en<\/li>\n<li>H\u1ed7 tr\u1ee3 ng\u01b0\u1eddi l\u1ea1, danh s\u00e1ch \u0111en ho\u1eb7c nh\u1eafc nh\u1edf b\u00e1o \u0111\u1ed9ng VIP<\/li>\n<li>H\u1ed7 tr\u1ee3 l\u01b0u tr\u1eef c\u1ee5c b\u1ed9 100.000 b\u1ea3n ghi th\u00f4ng tin th\u1ebb, c\u00f3 th\u1ec3 \u0111\u01b0\u1ee3c truy v\u1ea5n v\u00e0 xu\u1ea5t ra b\u1edfi m\u00e1y kh\u00e1ch c\u1ee5c b\u1ed9<\/li>\n<li>Built-in storage function, meet the function of network disconnection and continuous transmission<\/li>\n<li>\u00c1nh s\u00e1ng b\u1ed5 sung h\u1ed3ng ngo\u1ea1i, ch\u1ebf \u0111\u1ed9 ch\u1ee5p th\u00f4ng th\u01b0\u1eddng v\u00e0 so s\u00e1nh trong ch\u1ebf \u0111\u1ed9 nh\u00ecn \u0111\u00eam<\/li>\n<li>H\u1ed7 tr\u1ee3 ONVIF, GB28181, HTTP, GA\/T1400, WebSocket, MQTT v\u00e0 c\u00e1c giao th\u1ee9c c\u00f4ng nghi\u1ec7p kh\u00e1c<\/li>\n<li>H\u1ec7 th\u1ed1ng m\u1edf, h\u1ed7 tr\u1ee3 t\u00edch h\u1ee3p d\u1ef1 \u00e1n v\u00e0 ph\u00e1t tri\u1ec3n m\u1edf r\u1ed9ng<\/li>\n<li>Mainly focuses on campus, construction sites, factories and other large passenger flow clock-in application scenarios<\/li>\n<\/ul>\n<p>&nbsp;<\/p>\n<p><strong><b>SP-X200<\/b><\/strong><\/p>\n<p>5-megapixel high-density face capture and recognition integrated camera, supports 1-channel audio output, 1-channel relay signal output etc. (Power supply + network + relay output + audio alarm output)<\/p>\n<p>&nbsp;<\/p>\n<table>\n<tbody>\n<tr>\n<td colspan=\"3\" width=\"168\">M\u1eabu<\/td>\n<td width=\"548\">SP-X200<\/td>\n<\/tr>\n<tr>\n<td colspan=\"4\" width=\"716\"><strong><b>\u00a0<\/b><\/strong><\/td>\n<\/tr>\n<tr>\n<td rowspan=\"10\" width=\"73\">Ph\u00e1t hi\u1ec7n v\u00e0 b\u1eaft gi\u1eef<\/td>\n<td colspan=\"2\" width=\"95\">G\u00f3c l\u1eafp \u0111\u1eb7t<\/td>\n<td width=\"548\">G\u00f3c nghi\u00eang l\u00ean xu\u1ed1ng kh\u00f4ng qu\u00e1 15\u00b0<\/td>\n<\/tr>\n<tr>\n<td colspan=\"2\" width=\"95\">S\u1ed1 pixel t\u1ed1i thi\u1ec3u<\/td>\n<td width=\"548\">60*60<\/td>\n<\/tr>\n<tr>\n<td colspan=\"2\" width=\"95\">\u0110\u1ed9 nh\u1ea1y ph\u00e1t hi\u1ec7n<\/td>\n<td width=\"548\">H\u1ed7 tr\u1ee3<\/td>\n<\/tr>\n<tr>\n<td colspan=\"2\" width=\"95\">Detection and capture distance<\/td>\n<td width=\"548\">\u22646m<\/td>\n<\/tr>\n<tr>\n<td colspan=\"2\" width=\"95\">Hi\u1ec7u su\u1ea5t ph\u00e1t hi\u1ec7n<\/td>\n<td width=\"548\">50pcs faces\/fps<\/td>\n<\/tr>\n<tr>\n<td colspan=\"2\" width=\"95\">Khung m\u1eb7t<\/td>\n<td width=\"548\">H\u1ed7 tr\u1ee3<\/td>\n<\/tr>\n<tr>\n<td colspan=\"2\" width=\"95\">K\u00edch ho\u1ea1t v\u00f9ng<\/td>\n<td width=\"548\">H\u1ed7 tr\u1ee3<\/td>\n<\/tr>\n<tr>\n<td colspan=\"2\" width=\"95\">Capture mode<\/td>\n<td width=\"548\">Fixed mode<\/td>\n<\/tr>\n<tr>\n<td colspan=\"2\" width=\"95\">Capture threshold<\/td>\n<td width=\"548\">H\u1ed7 tr\u1ee3<\/td>\n<\/tr>\n<tr>\n<td colspan=\"2\" width=\"95\">T\u1ea3i l\u00ean h\u00ecnh \u1ea3nh<\/td>\n<td width=\"548\">FTP\/HTTP\/GA-T1400\/Mqtt<\/td>\n<\/tr>\n<tr>\n<td rowspan=\"4\" width=\"73\">Nh\u1eadn di\u1ec7n khu\u00f4n m\u1eb7t<\/td>\n<td colspan=\"2\" width=\"95\">Danh s\u00e1ch tr\u1eafng v\u00e0 danh s\u00e1ch \u0111en<\/td>\n<td width=\"548\">H\u1ed7 tr\u1ee3<\/td>\n<\/tr>\n<tr>\n<td colspan=\"2\" width=\"95\">Danh s\u00e1ch VIP<\/td>\n<td width=\"548\">H\u1ed7 tr\u1ee3<\/td>\n<\/tr>\n<tr>\n<td colspan=\"2\" width=\"95\">C\u01a1 s\u1edf d\u1eef li\u1ec7u h\u1ed3 s\u01a1<\/td>\n<td width=\"548\">50.000 h\u1ed3 s\u01a1<\/td>\n<\/tr>\n<tr>\n<td colspan=\"2\" width=\"95\">\u0110\u1ed9 ch\u00ednh x\u00e1c<\/td>\n<td width=\"548\">&gt;99.5%<\/td>\n<\/tr>\n<tr>\n<td colspan=\"3\" width=\"168\">C\u1ea3m bi\u1ebfn h\u00ecnh \u1ea3nh<\/td>\n<td width=\"548\">1\/2.8\u201d 5.0M SONY CMOS IMX335<\/td>\n<\/tr>\n<tr>\n<td colspan=\"3\" width=\"168\">Pixel<\/td>\n<td width=\"548\">2592(H)\u00d71944(V)<\/td>\n<\/tr>\n<tr>\n<td colspan=\"3\" width=\"168\">\u1ed0ng k\u00ednh<\/td>\n<td width=\"548\">6mm Fixed Focal Length Lens<\/td>\n<\/tr>\n<tr>\n<td colspan=\"3\" width=\"168\">WDR<\/td>\n<td width=\"548\">Th\u00edch \u1ee9ng th\u00f4ng minh<\/td>\n<\/tr>\n<tr>\n<td colspan=\"3\" width=\"168\">\u0110\u1ed9 s\u00e1ng t\u1ed1i thi\u1ec3u<\/td>\n<td width=\"548\">0,001 lux<\/td>\n<\/tr>\n<tr>\n<td colspan=\"3\" width=\"168\">Signal to noise ratio<\/td>\n<td width=\"548\">\u226550dB (AGC t\u1eaft)<\/td>\n<\/tr>\n<tr>\n<td colspan=\"3\" width=\"168\">Ch\u1ebf \u0111\u1ed9 ph\u01a1i s\u00e1ng<\/td>\n<td width=\"548\">Ph\u01a1i s\u00e1ng t\u1ef1 \u0111\u1ed9ng, BLC<\/td>\n<\/tr>\n<tr>\n<td colspan=\"4\" width=\"716\"><strong><b>Giao di\u1ec7n <\/b><\/strong><\/td>\n<\/tr>\n<tr>\n<td colspan=\"3\" width=\"168\">Giao di\u1ec7n m\u1ea1ng<\/td>\n<td width=\"548\">10\/100M Network adaptation\uff0cRJ45 adapter<\/td>\n<\/tr>\n<tr>\n<td colspan=\"3\" width=\"168\">Giao di\u1ec7n b\u00e1o \u0111\u1ed9ng<\/td>\n<td width=\"548\">\u0110\u1ea7u ra r\u01a1le 1 k\u00eanh<\/td>\n<\/tr>\n<tr>\n<td colspan=\"4\" width=\"716\"><strong><b>Ti\u00eau chu\u1ea9n n\u00e9n<\/b><\/strong><\/td>\n<\/tr>\n<tr>\n<td colspan=\"3\" width=\"168\">M\u00e3 h\u00f3a video<\/td>\n<td width=\"548\">H.265 Main Profile \/ H.264 High Profile<\/td>\n<\/tr>\n<tr>\n<td colspan=\"2\" rowspan=\"2\" width=\"82\">Ngh\u1ecb quy\u1ebft<\/td>\n<td width=\"85\">D\u00f2ng ch\u00ednh<\/td>\n<td width=\"548\">2592*1944\u30012688*1520\u30011920&#215;1080<\/td>\n<\/tr>\n<tr>\n<td width=\"85\">D\u00f2ng ph\u1ee5<\/td>\n<td width=\"548\">704*576\u3001640\u00d7480\u3001352\u00d7288<\/td>\n<\/tr>\n<tr>\n<td colspan=\"3\" width=\"168\">T\u1ef7 l\u1ec7 n\u00e9n video<\/td>\n<td width=\"548\">128 Kbps\uff5e8 Mbps (c\u00f3 th\u1ec3 \u0111i\u1ec1u ch\u1ec9nh th\u1ee7 c\u00f4ng), h\u1ed7 tr\u1ee3 CBR\/VBR<\/td>\n<\/tr>\n<tr>\n<td colspan=\"3\" width=\"168\">\u00c2m thanh<\/td>\n<td width=\"548\">Audio in\/out<\/td>\n<\/tr>\n<tr>\n<td colspan=\"3\" width=\"168\">OSD<\/td>\n<td width=\"548\">T\u00ean k\u00eanh h\u1ed7 tr\u1ee3, ng\u00e0y v\u00e0 gi\u1edd, c\u00e0i \u0111\u1eb7t v\u1ecb tr\u00ed<\/td>\n<\/tr>\n<tr>\n<td colspan=\"4\" width=\"716\"><strong><b>Giao th\u1ee9c m\u1ea1ng<\/b><\/strong><\/td>\n<\/tr>\n<tr>\n<td colspan=\"3\" width=\"168\">Protocol<\/td>\n<td width=\"548\">TCP\/IP\uff0cPTP\uff0cNTP\uff0cDHCP\uff0cUDP\uff0cSMTP\uff0cRTSP\uff0cDDNS\uff0cDNS\uff0cHTTP\u3001P2P<\/td>\n<\/tr>\n<tr>\n<td colspan=\"3\" width=\"168\">Giao th\u1ee9c ONVIF<\/td>\n<td width=\"548\">H\u1ed7 tr\u1ee3<\/td>\n<\/tr>\n<tr>\n<td colspan=\"3\" width=\"168\">Ti\u00eau chu\u1ea9n GB28181<\/td>\n<td width=\"548\">H\u1ed7 tr\u1ee3<\/td>\n<\/tr>\n<tr>\n<td colspan=\"4\" width=\"716\"><strong><b>C\u00e1c th\u00f4ng s\u1ed1 chung <\/b><\/strong><\/td>\n<\/tr>\n<tr>\n<td colspan=\"3\" width=\"168\">Field of View<\/td>\n<td width=\"548\">60\u00b0 (Horizontal)<\/td>\n<\/tr>\n<tr>\n<td colspan=\"3\" width=\"168\">N\u0103ng l\u01b0\u1ee3ng<\/td>\n<td width=\"548\">DC12V\/2A,Optional POE<\/td>\n<\/tr>\n<tr>\n<td colspan=\"3\" width=\"168\">Nhi\u1ec7t \u0111\u1ed9 v\u00e0 \u0111\u1ed9 \u1ea9m ho\u1ea1t \u0111\u1ed9ng<\/td>\n<td width=\"548\">-30\u00b0C \u0111\u1ebfn 60\u00b0C, \u0111\u1ed9 \u1ea9m d\u01b0\u1edbi 95% (kh\u00f4ng c\u00f3 hi\u1ec7n t\u01b0\u1ee3ng ng\u01b0ng t\u1ee5)<\/td>\n<\/tr>\n<tr>\n<td colspan=\"3\" width=\"168\">C\u1ea5p \u0111\u1ed9 ch\u1ed1ng th\u1ea5m<\/td>\n<td width=\"548\">IP66<\/td>\n<\/tr>\n<tr>\n<td colspan=\"3\" width=\"168\">Ph\u01b0\u01a1ng ph\u00e1p l\u1eafp \u0111\u1eb7t<\/td>\n<td width=\"548\">Treo tr\u1ea7n ho\u1eb7c treo t\u01b0\u1eddng<\/td>\n<\/tr>\n<\/tbody>\n<\/table>\n<p>&nbsp;<\/p>","protected":false},"excerpt":{"rendered":"<p>Face Recognition Camera, Employee Clock in Camera, Employee Clock out Camera, Time Clock in Camera, Biometric Time Clock, Touchless Clock-in System, Facial Recognition Time Attendance<\/p>","protected":false},"featured_media":1564,"template":"","meta":[],"product_brand":[],"product_cat":[271],"product_tag":[307,304,305,298,309,306,308],"class_list":{"0":"post-1563","1":"product","2":"type-product","3":"status-publish","4":"has-post-thumbnail","6":"product_cat-face-recognition-time-attendence-camera","7":"product_tag-biometric-time-clock","8":"product_tag-employee-clock-in-camera","9":"product_tag-employee-clock-out-camera","10":"product_tag-face-recognition-camera","11":"product_tag-facial-recognition-time-attendance","12":"product_tag-time-clock-in-camera","13":"product_tag-touchless-clock-in-system","15":"first","16":"instock","17":"shipping-taxable","18":"product-type-simple"},"yoast_head":"<!-- This site is optimized with the Yoast SEO plugin v27.3 - https:\/\/yoast.com\/product\/yoast-seo-wordpress\/ -->\n<title>SP-X200 5MP Facial Recognition Time Attendance Camera - simpo-datatec.com<\/title>\n<meta name=\"description\" content=\"Face Recognition Camera, Employee Clock in Camera, Employee Clock out Camera, Time Clock in Camera, Biometric Time Clock, Touchless Clock-in System, Facial Recognition Time Attendance\" \/>\n<meta name=\"robots\" content=\"index, follow, max-snippet:-1, max-image-preview:large, max-video-preview:-1\" \/>\n<link rel=\"canonical\" href=\"https:\/\/simpo-datatec.com\/vi\/san-pham\/sp-x200-5mp-parameters\/\" \/>\n<meta property=\"og:locale\" content=\"vi_VN\" \/>\n<meta property=\"og:type\" content=\"article\" \/>\n<meta property=\"og:title\" content=\"SP-X200 5MP Facial Recognition Time Attendance Camera - simpo-datatec.com\" \/>\n<meta property=\"og:description\" content=\"Face Recognition Camera, Employee Clock in Camera, Employee Clock out Camera, Time Clock in Camera, Biometric Time Clock, Touchless Clock-in System, Facial Recognition Time Attendance\" \/>\n<meta property=\"og:url\" content=\"https:\/\/simpo-datatec.com\/vi\/san-pham\/sp-x200-5mp-parameters\/\" \/>\n<meta property=\"og:site_name\" content=\"simpo-datatec.com\" \/>\n<meta property=\"article:modified_time\" content=\"2026-04-28T10:51:29+00:00\" \/>\n<meta property=\"og:image\" content=\"https:\/\/simpo-datatec.com\/wp-content\/uploads\/2026\/04\/1.jpg\" \/>\n\t<meta property=\"og:image:width\" content=\"500\" \/>\n\t<meta property=\"og:image:height\" content=\"500\" \/>\n\t<meta property=\"og:image:type\" content=\"image\/jpeg\" \/>\n<meta name=\"twitter:card\" content=\"summary_large_image\" \/>\n<meta name=\"twitter:label1\" content=\"\u01af\u1edbc t\u00ednh th\u1eddi gian \u0111\u1ecdc\" \/>\n\t<meta name=\"twitter:data1\" content=\"2 ph\u00fat\" \/>\n<script type=\"application\/ld+json\" class=\"yoast-schema-graph\">{\"@context\":\"https:\\\/\\\/schema.org\",\"@graph\":[{\"@type\":\"WebPage\",\"@id\":\"https:\\\/\\\/simpo-datatec.com\\\/product\\\/sp-x200-5mp-parameters\\\/\",\"url\":\"https:\\\/\\\/simpo-datatec.com\\\/product\\\/sp-x200-5mp-parameters\\\/\",\"name\":\"SP-X200 5MP Facial Recognition Time Attendance Camera - simpo-datatec.com\",\"isPartOf\":{\"@id\":\"https:\\\/\\\/simpo-datatec.com\\\/#website\"},\"primaryImageOfPage\":{\"@id\":\"https:\\\/\\\/simpo-datatec.com\\\/product\\\/sp-x200-5mp-parameters\\\/#primaryimage\"},\"image\":{\"@id\":\"https:\\\/\\\/simpo-datatec.com\\\/product\\\/sp-x200-5mp-parameters\\\/#primaryimage\"},\"thumbnailUrl\":\"https:\\\/\\\/simpo-datatec.com\\\/wp-content\\\/uploads\\\/2026\\\/04\\\/1.jpg\",\"datePublished\":\"2026-04-24T15:26:09+00:00\",\"dateModified\":\"2026-04-28T10:51:29+00:00\",\"description\":\"Face Recognition Camera, Employee Clock in Camera, Employee Clock out Camera, Time Clock in Camera, Biometric Time Clock, Touchless Clock-in System, Facial Recognition Time Attendance\",\"breadcrumb\":{\"@id\":\"https:\\\/\\\/simpo-datatec.com\\\/product\\\/sp-x200-5mp-parameters\\\/#breadcrumb\"},\"inLanguage\":\"vi\",\"potentialAction\":[{\"@type\":\"ReadAction\",\"target\":[\"https:\\\/\\\/simpo-datatec.com\\\/product\\\/sp-x200-5mp-parameters\\\/\"]}]},{\"@type\":\"ImageObject\",\"inLanguage\":\"vi\",\"@id\":\"https:\\\/\\\/simpo-datatec.com\\\/product\\\/sp-x200-5mp-parameters\\\/#primaryimage\",\"url\":\"https:\\\/\\\/simpo-datatec.com\\\/wp-content\\\/uploads\\\/2026\\\/04\\\/1.jpg\",\"contentUrl\":\"https:\\\/\\\/simpo-datatec.com\\\/wp-content\\\/uploads\\\/2026\\\/04\\\/1.jpg\",\"width\":500,\"height\":500},{\"@type\":\"BreadcrumbList\",\"@id\":\"https:\\\/\\\/simpo-datatec.com\\\/product\\\/sp-x200-5mp-parameters\\\/#breadcrumb\",\"itemListElement\":[{\"@type\":\"ListItem\",\"position\":1,\"name\":\"\u9996\u9875\",\"item\":\"https:\\\/\\\/simpo-datatec.com\\\/\"},{\"@type\":\"ListItem\",\"position\":2,\"name\":\"Products\",\"item\":\"https:\\\/\\\/simpo-datatec.com\\\/products\\\/\"},{\"@type\":\"ListItem\",\"position\":3,\"name\":\"SP-X200 5MP Facial Recognition Time Attendance Camera\"}]},{\"@type\":\"WebSite\",\"@id\":\"https:\\\/\\\/simpo-datatec.com\\\/#website\",\"url\":\"https:\\\/\\\/simpo-datatec.com\\\/\",\"name\":\"simpo-datatec.com\",\"description\":\"\",\"potentialAction\":[{\"@type\":\"SearchAction\",\"target\":{\"@type\":\"EntryPoint\",\"urlTemplate\":\"https:\\\/\\\/simpo-datatec.com\\\/?s={search_term_string}\"},\"query-input\":{\"@type\":\"PropertyValueSpecification\",\"valueRequired\":true,\"valueName\":\"search_term_string\"}}],\"inLanguage\":\"vi\"}]}<\/script>\n<!-- \/ Yoast SEO plugin. -->","yoast_head_json":{"title":"SP-X200 5MP Facial Recognition Time Attendance Camera - simpo-datatec.com","description":"Face Recognition Camera, Employee Clock in Camera, Employee Clock out Camera, Time Clock in Camera, Biometric Time Clock, Touchless Clock-in System, Facial Recognition Time Attendance","robots":{"index":"index","follow":"follow","max-snippet":"max-snippet:-1","max-image-preview":"max-image-preview:large","max-video-preview":"max-video-preview:-1"},"canonical":"https:\/\/simpo-datatec.com\/vi\/san-pham\/sp-x200-5mp-parameters\/","og_locale":"vi_VN","og_type":"article","og_title":"SP-X200 5MP Facial Recognition Time Attendance Camera - simpo-datatec.com","og_description":"Face Recognition Camera, Employee Clock in Camera, Employee Clock out Camera, Time Clock in Camera, Biometric Time Clock, Touchless Clock-in System, Facial Recognition Time Attendance","og_url":"https:\/\/simpo-datatec.com\/vi\/san-pham\/sp-x200-5mp-parameters\/","og_site_name":"simpo-datatec.com","article_modified_time":"2026-04-28T10:51:29+00:00","og_image":[{"width":500,"height":500,"url":"https:\/\/simpo-datatec.com\/wp-content\/uploads\/2026\/04\/1.jpg","type":"image\/jpeg"}],"twitter_card":"summary_large_image","twitter_misc":{"\u01af\u1edbc t\u00ednh th\u1eddi gian \u0111\u1ecdc":"2 ph\u00fat"},"schema":{"@context":"https:\/\/schema.org","@graph":[{"@type":"WebPage","@id":"https:\/\/simpo-datatec.com\/product\/sp-x200-5mp-parameters\/","url":"https:\/\/simpo-datatec.com\/product\/sp-x200-5mp-parameters\/","name":"SP-X200 5MP Facial Recognition Time Attendance Camera - simpo-datatec.com","isPartOf":{"@id":"https:\/\/simpo-datatec.com\/#website"},"primaryImageOfPage":{"@id":"https:\/\/simpo-datatec.com\/product\/sp-x200-5mp-parameters\/#primaryimage"},"image":{"@id":"https:\/\/simpo-datatec.com\/product\/sp-x200-5mp-parameters\/#primaryimage"},"thumbnailUrl":"https:\/\/simpo-datatec.com\/wp-content\/uploads\/2026\/04\/1.jpg","datePublished":"2026-04-24T15:26:09+00:00","dateModified":"2026-04-28T10:51:29+00:00","description":"Face Recognition Camera, Employee Clock in Camera, Employee Clock out Camera, Time Clock in Camera, Biometric Time Clock, Touchless Clock-in System, Facial Recognition Time Attendance","breadcrumb":{"@id":"https:\/\/simpo-datatec.com\/product\/sp-x200-5mp-parameters\/#breadcrumb"},"inLanguage":"vi","potentialAction":[{"@type":"ReadAction","target":["https:\/\/simpo-datatec.com\/product\/sp-x200-5mp-parameters\/"]}]},{"@type":"ImageObject","inLanguage":"vi","@id":"https:\/\/simpo-datatec.com\/product\/sp-x200-5mp-parameters\/#primaryimage","url":"https:\/\/simpo-datatec.com\/wp-content\/uploads\/2026\/04\/1.jpg","contentUrl":"https:\/\/simpo-datatec.com\/wp-content\/uploads\/2026\/04\/1.jpg","width":500,"height":500},{"@type":"BreadcrumbList","@id":"https:\/\/simpo-datatec.com\/product\/sp-x200-5mp-parameters\/#breadcrumb","itemListElement":[{"@type":"ListItem","position":1,"name":"\u9996\u9875","item":"https:\/\/simpo-datatec.com\/"},{"@type":"ListItem","position":2,"name":"Products","item":"https:\/\/simpo-datatec.com\/products\/"},{"@type":"ListItem","position":3,"name":"SP-X200 5MP Facial Recognition Time Attendance Camera"}]},{"@type":"WebSite","@id":"https:\/\/simpo-datatec.com\/#website","url":"https:\/\/simpo-datatec.com\/","name":"simpo-datatec.com","description":"","potentialAction":[{"@type":"SearchAction","target":{"@type":"EntryPoint","urlTemplate":"https:\/\/simpo-datatec.com\/?s={search_term_string}"},"query-input":{"@type":"PropertyValueSpecification","valueRequired":true,"valueName":"search_term_string"}}],"inLanguage":"vi"}]}},"_links":{"self":[{"href":"https:\/\/simpo-datatec.com\/vi\/wp-json\/wp\/v2\/product\/1563","targetHints":{"allow":["GET"]}}],"collection":[{"href":"https:\/\/simpo-datatec.com\/vi\/wp-json\/wp\/v2\/product"}],"about":[{"href":"https:\/\/simpo-datatec.com\/vi\/wp-json\/wp\/v2\/types\/product"}],"wp:featuredmedia":[{"embeddable":true,"href":"https:\/\/simpo-datatec.com\/vi\/wp-json\/wp\/v2\/media\/1564"}],"wp:attachment":[{"href":"https:\/\/simpo-datatec.com\/vi\/wp-json\/wp\/v2\/media?parent=1563"}],"wp:term":[{"taxonomy":"product_brand","embeddable":true,"href":"https:\/\/simpo-datatec.com\/vi\/wp-json\/wp\/v2\/product_brand?post=1563"},{"taxonomy":"product_cat","embeddable":true,"href":"https:\/\/simpo-datatec.com\/vi\/wp-json\/wp\/v2\/product_cat?post=1563"},{"taxonomy":"product_tag","embeddable":true,"href":"https:\/\/simpo-datatec.com\/vi\/wp-json\/wp\/v2\/product_tag?post=1563"}],"curies":[{"name":"wp","href":"https:\/\/api.w.org\/{rel}","templated":true}]}}