{"id":1563,"date":"2026-04-24T23:26:09","date_gmt":"2026-04-24T15:26:09","guid":{"rendered":"https:\/\/simpo-datatec.com\/?post_type=product&#038;p=1563"},"modified":"2026-04-28T18:51:29","modified_gmt":"2026-04-28T10:51:29","slug":"sp-x200-5mp-parameters","status":"publish","type":"product","link":"https:\/\/simpo-datatec.com\/tr\/urun\/sp-x200-5mp-parameters\/","title":{"rendered":"SP-X200 5MP Facial Recognition Time Attendance Camera"},"content":{"rendered":"<ul>\n<li>Y\u00fcksek bilgi i\u015flem g\u00fcc\u00fcne sahip SOC ile donat\u0131lm\u0131\u015ft\u0131r<\/li>\n<li>Sony geni\u015f dinamik g\u00f6r\u00fcnt\u00fc sens\u00f6r\u00fc<\/li>\n<li>G\u00f6r\u00fcnt\u00fcleme \u00e7\u00f6z\u00fcn\u00fcrl\u00fc\u011f\u00fc 2592*1944 (5MP)<\/li>\n<li>H.265\/H.264 kodlamay\u0131 destekler<\/li>\n<li>G\u00f6m\u00fcl\u00fc \u00fcst d\u00fczey y\u00fcksek hassasiyetli CNN y\u00fcz alg\u0131lama ve tan\u0131ma algoritmas\u0131<\/li>\n<li>B\u00fcy\u00fck yolcu ak\u0131\u015f\u0131 sahnelerini yakalay\u0131n ve tan\u0131y\u0131n, &gt;20fps\/saptama<\/li>\n<li>Tek bir resimde 50'den fazla y\u00fcz tespit edildi<\/li>\n<li>Y\u00fcz alg\u0131lama, izleme, puanlama, veri tekille\u015ftirme, se\u00e7im ve tan\u0131may\u0131 entegre edin<\/li>\n<li>\u00c7evrimd\u0131\u015f\u0131 y\u00fcz kitapl\u0131\u011f\u0131 50.000, 99,5%'ye kadar tan\u0131ma oran\u0131<\/li>\n<li>Beyaz liste ve kara liste olmak \u00fczere 2 y\u00fcz k\u00fct\u00fcphanesi yap\u0131land\u0131rmas\u0131n\u0131 destekleyin<\/li>\n<li>Yabanc\u0131, kara liste veya VIP alarm hat\u0131rlatma deste\u011fi<\/li>\n<li>Yerel istemci taraf\u0131ndan sorgulanabilen ve d\u0131\u015fa aktar\u0131labilen 100.000 ge\u00e7i\u015f kayd\u0131n\u0131n yerel depolanmas\u0131n\u0131 destekler<\/li>\n<li>Dahili depolama i\u015flevi, a\u011f ba\u011flant\u0131s\u0131n\u0131n kesilmesi ve s\u00fcrekli iletim i\u015flevini kar\u015f\u0131lar<\/li>\n<li>K\u0131z\u0131l\u00f6tesi dolgu \u0131\u015f\u0131\u011f\u0131, gece g\u00f6r\u00fc\u015f\u00fcnde normal yakalama ve kar\u015f\u0131la\u015ft\u0131rma<\/li>\n<li>ONVIF, GB28181, HTTP, GA\/T1400, WebSocket, Mqtt ve di\u011fer end\u00fcstri protokollerini destekler<\/li>\n<li>A\u00e7\u0131k sistem, proje entegrasyonunu ve ikincil geli\u015fimi destekleme<\/li>\n<li>Temel olarak kamp\u00fcs, \u015fantiyeler, fabrikalar ve di\u011fer b\u00fcy\u00fck yolcu ak\u0131\u015f saati uygulama senaryolar\u0131na odaklan\u0131r<\/li>\n<\/ul>\n<p>&nbsp;<\/p>\n<p><strong><b>SP-X200<\/b><\/strong><\/p>\n<p>5 megapiksel y\u00fcksek yo\u011funluklu y\u00fcz yakalama ve tan\u0131ma entegre kamera, 1 kanall\u0131 ses \u00e7\u0131k\u0131\u015f\u0131, 1 kanall\u0131 r\u00f6le sinyal \u00e7\u0131k\u0131\u015f\u0131 vb. destekler (G\u00fc\u00e7 kayna\u011f\u0131 + a\u011f + r\u00f6le \u00e7\u0131k\u0131\u015f\u0131 + sesli alarm \u00e7\u0131k\u0131\u015f\u0131)<\/p>\n<p>&nbsp;<\/p>\n<table>\n<tbody>\n<tr>\n<td colspan=\"3\" width=\"168\">Model<\/td>\n<td width=\"548\">SP-X200<\/td>\n<\/tr>\n<tr>\n<td colspan=\"4\" width=\"716\"><strong><b>\u00a0<\/b><\/strong><\/td>\n<\/tr>\n<tr>\n<td rowspan=\"10\" width=\"73\">Tespit ve yakalama<\/td>\n<td colspan=\"2\" width=\"95\">Kurulum A\u00e7\u0131s\u0131<\/td>\n<td width=\"548\">Yukar\u0131-a\u015fa\u011f\u0131 en fazla 15\u00b0<\/td>\n<\/tr>\n<tr>\n<td colspan=\"2\" width=\"95\">Minimum piksel<\/td>\n<td width=\"548\">60*60<\/td>\n<\/tr>\n<tr>\n<td colspan=\"2\" width=\"95\">Alg\u0131lama hassasiyeti<\/td>\n<td width=\"548\">Destek<\/td>\n<\/tr>\n<tr>\n<td colspan=\"2\" width=\"95\">Alg\u0131lama ve yakalama mesafesi<\/td>\n<td width=\"548\">\u22646m<\/td>\n<\/tr>\n<tr>\n<td colspan=\"2\" width=\"95\">Alg\u0131lama performans\u0131<\/td>\n<td width=\"548\">50 adet y\u00fcz\/fps<\/td>\n<\/tr>\n<tr>\n<td colspan=\"2\" width=\"95\">Y\u00fcz \u00e7er\u00e7evesi<\/td>\n<td width=\"548\">Destek<\/td>\n<\/tr>\n<tr>\n<td colspan=\"2\" width=\"95\">Alan kurma<\/td>\n<td width=\"548\">Destek<\/td>\n<\/tr>\n<tr>\n<td colspan=\"2\" width=\"95\">Yakalama modu<\/td>\n<td width=\"548\">Sabit mod<\/td>\n<\/tr>\n<tr>\n<td colspan=\"2\" width=\"95\">Yakalama e\u015fi\u011fi<\/td>\n<td width=\"548\">Destek<\/td>\n<\/tr>\n<tr>\n<td colspan=\"2\" width=\"95\">Resim y\u00fckleme<\/td>\n<td width=\"548\">FTP\/HTTP\/GA-T1400\/Mqtt<\/td>\n<\/tr>\n<tr>\n<td rowspan=\"4\" width=\"73\">Y\u00fcz e\u015fle\u015ftirme<\/td>\n<td colspan=\"2\" width=\"95\">Siyah ve beyaz liste<\/td>\n<td width=\"548\">Destek<\/td>\n<\/tr>\n<tr>\n<td colspan=\"2\" width=\"95\">VIP listesi<\/td>\n<td width=\"548\">Destek<\/td>\n<\/tr>\n<tr>\n<td colspan=\"2\" width=\"95\">Profil veritaban\u0131<\/td>\n<td width=\"548\">50000 profil<\/td>\n<\/tr>\n<tr>\n<td colspan=\"2\" width=\"95\">Do\u011fruluk<\/td>\n<td width=\"548\">&gt;99,5%<\/td>\n<\/tr>\n<tr>\n<td colspan=\"3\" width=\"168\">G\u00f6r\u00fcnt\u00fc Sens\u00f6r\u00fc<\/td>\n<td width=\"548\">1\/2,8\u201d 5,0M SONY CMOS IMX335<\/td>\n<\/tr>\n<tr>\n<td colspan=\"3\" width=\"168\">Pikseller<\/td>\n<td width=\"548\">2592(H)\u00d71944(V)<\/td>\n<\/tr>\n<tr>\n<td colspan=\"3\" width=\"168\">Lens<\/td>\n<td width=\"548\">6mm Sabit Odak Uzunlu\u011fu Lens<\/td>\n<\/tr>\n<tr>\n<td colspan=\"3\" width=\"168\">WDR<\/td>\n<td width=\"548\">Ak\u0131ll\u0131 uyarlanabilir<\/td>\n<\/tr>\n<tr>\n<td colspan=\"3\" width=\"168\">Minimum ayd\u0131nlatma<\/td>\n<td width=\"548\">0.001lux<\/td>\n<\/tr>\n<tr>\n<td colspan=\"3\" width=\"168\">Sinyal g\u00fcr\u00fclt\u00fc oran\u0131<\/td>\n<td width=\"548\">\u226550dB (AGC KAPALI)<\/td>\n<\/tr>\n<tr>\n<td colspan=\"3\" width=\"168\">Pozlama modu<\/td>\n<td width=\"548\">Otomatik pozlama, BLC<\/td>\n<\/tr>\n<tr>\n<td colspan=\"4\" width=\"716\"><strong><b>Aray\u00fcz <\/b><\/strong><\/td>\n<\/tr>\n<tr>\n<td colspan=\"3\" width=\"168\">A\u011f Aray\u00fcz\u00fc<\/td>\n<td width=\"548\">10\/100M A\u011f adaptasyonu\uff0cRJ45 adapt\u00f6r\u00fc<\/td>\n<\/tr>\n<tr>\n<td colspan=\"3\" width=\"168\">Alarm aray\u00fcz\u00fc<\/td>\n<td width=\"548\">1ch r\u00f6le \u00e7\u0131k\u0131\u015f\u0131<\/td>\n<\/tr>\n<tr>\n<td colspan=\"4\" width=\"716\"><strong><b>S\u0131k\u0131\u015ft\u0131rma standard\u0131<\/b><\/strong><\/td>\n<\/tr>\n<tr>\n<td colspan=\"3\" width=\"168\">Video kodlama<\/td>\n<td width=\"548\">H.265 Ana Profil \/H.264 Y\u00fcksek Profil<\/td>\n<\/tr>\n<tr>\n<td colspan=\"2\" rowspan=\"2\" width=\"82\">\u00c7\u00f6z\u00fcn\u00fcrl\u00fck<\/td>\n<td width=\"85\">Ana ak\u0131m<\/td>\n<td width=\"548\">2592*1944\u30012688*1520\u30011920\u00d71080<\/td>\n<\/tr>\n<tr>\n<td width=\"85\">Alt ak\u0131\u015f<\/td>\n<td width=\"548\">704*576\u3001640\u00d7480\u3001352\u00d7288<\/td>\n<\/tr>\n<tr>\n<td colspan=\"3\" width=\"168\">Video s\u0131k\u0131\u015ft\u0131rma kod oran\u0131<\/td>\n<td width=\"548\">128Kbps\uff5e8Mbps (Elle ayarlanabilir)\uff0c CBR\/VBR deste\u011fi<\/td>\n<\/tr>\n<tr>\n<td colspan=\"3\" width=\"168\">Ses<\/td>\n<td width=\"548\">Ses giri\u015fi\/\u00e7\u0131k\u0131\u015f\u0131<\/td>\n<\/tr>\n<tr>\n<td colspan=\"3\" width=\"168\">OSD<\/td>\n<td width=\"548\">Kanal ad\u0131, tarih ve saat, konum ayar\u0131 deste\u011fi<\/td>\n<\/tr>\n<tr>\n<td colspan=\"4\" width=\"716\"><strong><b>A\u011f protokol\u00fc<\/b><\/strong><\/td>\n<\/tr>\n<tr>\n<td colspan=\"3\" width=\"168\">Protokol<\/td>\n<td width=\"548\">TCP\/IP\uff0cPTP\uff0cNTP\uff0cDHCP\uff0cUDP\uff0cSMTP\uff0cRTSP\uff0cDDNS\uff0cDNS\uff0cHTTP\u3001P2P<\/td>\n<\/tr>\n<tr>\n<td colspan=\"3\" width=\"168\">ONVIF protokol\u00fc<\/td>\n<td width=\"548\">Destek<\/td>\n<\/tr>\n<tr>\n<td colspan=\"3\" width=\"168\">GB28181 protokol\u00fc<\/td>\n<td width=\"548\">Destek<\/td>\n<\/tr>\n<tr>\n<td colspan=\"4\" width=\"716\"><strong><b>Genel parametreler <\/b><\/strong><\/td>\n<\/tr>\n<tr>\n<td colspan=\"3\" width=\"168\">G\u00f6r\u00fc\u015f Alan\u0131<\/td>\n<td width=\"548\">60\u00b0 (Yatay)<\/td>\n<\/tr>\n<tr>\n<td colspan=\"3\" width=\"168\">G\u00fc\u00e7<\/td>\n<td width=\"548\">DC12V\/2A, \u0130ste\u011fe Ba\u011fl\u0131 POE<\/td>\n<\/tr>\n<tr>\n<td colspan=\"3\" width=\"168\">\u00c7al\u0131\u015fma s\u0131cakl\u0131\u011f\u0131 ve nem<\/td>\n<td width=\"548\">-30\u2103~60\u2103, 95%'den daha az nem (yo\u011fu\u015fma yok)<\/td>\n<\/tr>\n<tr>\n<td colspan=\"3\" width=\"168\">Su ge\u00e7irmezlik s\u0131n\u0131f\u0131<\/td>\n<td width=\"548\">IP66<\/td>\n<\/tr>\n<tr>\n<td colspan=\"3\" width=\"168\">Kurulum y\u00f6ntemi<\/td>\n<td width=\"548\">Asma veya duvara monte<\/td>\n<\/tr>\n<\/tbody>\n<\/table>\n<p>&nbsp;<\/p>","protected":false},"excerpt":{"rendered":"<p>Face Recognition Camera, Employee Clock in Camera, Employee Clock out Camera, Time Clock in Camera, Biometric Time Clock, Touchless Clock-in System, Facial Recognition Time Attendance<\/p>","protected":false},"featured_media":1564,"template":"","meta":[],"product_brand":[],"product_cat":[271],"product_tag":[307,304,305,298,309,306,308],"class_list":{"0":"post-1563","1":"product","2":"type-product","3":"status-publish","4":"has-post-thumbnail","6":"product_cat-face-recognition-time-attendence-camera","7":"product_tag-biometric-time-clock","8":"product_tag-employee-clock-in-camera","9":"product_tag-employee-clock-out-camera","10":"product_tag-face-recognition-camera","11":"product_tag-facial-recognition-time-attendance","12":"product_tag-time-clock-in-camera","13":"product_tag-touchless-clock-in-system","15":"first","16":"instock","17":"shipping-taxable","18":"product-type-simple"},"yoast_head":"<!-- This site is optimized with the Yoast SEO plugin v27.3 - https:\/\/yoast.com\/product\/yoast-seo-wordpress\/ -->\n<title>SP-X200 5MP Facial Recognition Time Attendance Camera - simpo-datatec.com<\/title>\n<meta name=\"description\" content=\"Face Recognition Camera, Employee Clock in Camera, Employee Clock out Camera, Time Clock in Camera, Biometric Time Clock, Touchless Clock-in System, Facial Recognition Time Attendance\" \/>\n<meta name=\"robots\" content=\"index, follow, max-snippet:-1, max-image-preview:large, max-video-preview:-1\" \/>\n<link rel=\"canonical\" href=\"https:\/\/simpo-datatec.com\/tr\/urun\/sp-x200-5mp-parameters\/\" \/>\n<meta property=\"og:locale\" content=\"tr_TR\" \/>\n<meta property=\"og:type\" content=\"article\" \/>\n<meta property=\"og:title\" content=\"SP-X200 5MP Facial Recognition Time Attendance Camera - simpo-datatec.com\" \/>\n<meta property=\"og:description\" content=\"Face Recognition Camera, Employee Clock in Camera, Employee Clock out Camera, Time Clock in Camera, Biometric Time Clock, Touchless Clock-in System, Facial Recognition Time Attendance\" \/>\n<meta property=\"og:url\" content=\"https:\/\/simpo-datatec.com\/tr\/urun\/sp-x200-5mp-parameters\/\" \/>\n<meta property=\"og:site_name\" content=\"simpo-datatec.com\" \/>\n<meta property=\"article:modified_time\" content=\"2026-04-28T10:51:29+00:00\" \/>\n<meta property=\"og:image\" content=\"https:\/\/simpo-datatec.com\/wp-content\/uploads\/2026\/04\/1.jpg\" \/>\n\t<meta property=\"og:image:width\" content=\"500\" \/>\n\t<meta property=\"og:image:height\" content=\"500\" \/>\n\t<meta property=\"og:image:type\" content=\"image\/jpeg\" \/>\n<meta name=\"twitter:card\" content=\"summary_large_image\" \/>\n<meta name=\"twitter:label1\" content=\"Tahmini okuma s\u00fcresi\" \/>\n\t<meta name=\"twitter:data1\" content=\"2 dakika\" \/>\n<script type=\"application\/ld+json\" class=\"yoast-schema-graph\">{\"@context\":\"https:\\\/\\\/schema.org\",\"@graph\":[{\"@type\":\"WebPage\",\"@id\":\"https:\\\/\\\/simpo-datatec.com\\\/product\\\/sp-x200-5mp-parameters\\\/\",\"url\":\"https:\\\/\\\/simpo-datatec.com\\\/product\\\/sp-x200-5mp-parameters\\\/\",\"name\":\"SP-X200 5MP Facial Recognition Time Attendance Camera - simpo-datatec.com\",\"isPartOf\":{\"@id\":\"https:\\\/\\\/simpo-datatec.com\\\/#website\"},\"primaryImageOfPage\":{\"@id\":\"https:\\\/\\\/simpo-datatec.com\\\/product\\\/sp-x200-5mp-parameters\\\/#primaryimage\"},\"image\":{\"@id\":\"https:\\\/\\\/simpo-datatec.com\\\/product\\\/sp-x200-5mp-parameters\\\/#primaryimage\"},\"thumbnailUrl\":\"https:\\\/\\\/simpo-datatec.com\\\/wp-content\\\/uploads\\\/2026\\\/04\\\/1.jpg\",\"datePublished\":\"2026-04-24T15:26:09+00:00\",\"dateModified\":\"2026-04-28T10:51:29+00:00\",\"description\":\"Face Recognition Camera, Employee Clock in Camera, Employee Clock out Camera, Time Clock in Camera, Biometric Time Clock, Touchless Clock-in System, Facial Recognition Time Attendance\",\"breadcrumb\":{\"@id\":\"https:\\\/\\\/simpo-datatec.com\\\/product\\\/sp-x200-5mp-parameters\\\/#breadcrumb\"},\"inLanguage\":\"tr\",\"potentialAction\":[{\"@type\":\"ReadAction\",\"target\":[\"https:\\\/\\\/simpo-datatec.com\\\/product\\\/sp-x200-5mp-parameters\\\/\"]}]},{\"@type\":\"ImageObject\",\"inLanguage\":\"tr\",\"@id\":\"https:\\\/\\\/simpo-datatec.com\\\/product\\\/sp-x200-5mp-parameters\\\/#primaryimage\",\"url\":\"https:\\\/\\\/simpo-datatec.com\\\/wp-content\\\/uploads\\\/2026\\\/04\\\/1.jpg\",\"contentUrl\":\"https:\\\/\\\/simpo-datatec.com\\\/wp-content\\\/uploads\\\/2026\\\/04\\\/1.jpg\",\"width\":500,\"height\":500},{\"@type\":\"BreadcrumbList\",\"@id\":\"https:\\\/\\\/simpo-datatec.com\\\/product\\\/sp-x200-5mp-parameters\\\/#breadcrumb\",\"itemListElement\":[{\"@type\":\"ListItem\",\"position\":1,\"name\":\"\u9996\u9875\",\"item\":\"https:\\\/\\\/simpo-datatec.com\\\/\"},{\"@type\":\"ListItem\",\"position\":2,\"name\":\"Products\",\"item\":\"https:\\\/\\\/simpo-datatec.com\\\/products\\\/\"},{\"@type\":\"ListItem\",\"position\":3,\"name\":\"SP-X200 5MP Facial Recognition Time Attendance Camera\"}]},{\"@type\":\"WebSite\",\"@id\":\"https:\\\/\\\/simpo-datatec.com\\\/#website\",\"url\":\"https:\\\/\\\/simpo-datatec.com\\\/\",\"name\":\"simpo-datatec.com\",\"description\":\"\",\"potentialAction\":[{\"@type\":\"SearchAction\",\"target\":{\"@type\":\"EntryPoint\",\"urlTemplate\":\"https:\\\/\\\/simpo-datatec.com\\\/?s={search_term_string}\"},\"query-input\":{\"@type\":\"PropertyValueSpecification\",\"valueRequired\":true,\"valueName\":\"search_term_string\"}}],\"inLanguage\":\"tr\"}]}<\/script>\n<!-- \/ Yoast SEO plugin. -->","yoast_head_json":{"title":"SP-X200 5MP Facial Recognition Time Attendance Camera - simpo-datatec.com","description":"Face Recognition Camera, Employee Clock in Camera, Employee Clock out Camera, Time Clock in Camera, Biometric Time Clock, Touchless Clock-in System, Facial Recognition Time Attendance","robots":{"index":"index","follow":"follow","max-snippet":"max-snippet:-1","max-image-preview":"max-image-preview:large","max-video-preview":"max-video-preview:-1"},"canonical":"https:\/\/simpo-datatec.com\/tr\/urun\/sp-x200-5mp-parameters\/","og_locale":"tr_TR","og_type":"article","og_title":"SP-X200 5MP Facial Recognition Time Attendance Camera - simpo-datatec.com","og_description":"Face Recognition Camera, Employee Clock in Camera, Employee Clock out Camera, Time Clock in Camera, Biometric Time Clock, Touchless Clock-in System, Facial Recognition Time Attendance","og_url":"https:\/\/simpo-datatec.com\/tr\/urun\/sp-x200-5mp-parameters\/","og_site_name":"simpo-datatec.com","article_modified_time":"2026-04-28T10:51:29+00:00","og_image":[{"width":500,"height":500,"url":"https:\/\/simpo-datatec.com\/wp-content\/uploads\/2026\/04\/1.jpg","type":"image\/jpeg"}],"twitter_card":"summary_large_image","twitter_misc":{"Tahmini okuma s\u00fcresi":"2 dakika"},"schema":{"@context":"https:\/\/schema.org","@graph":[{"@type":"WebPage","@id":"https:\/\/simpo-datatec.com\/product\/sp-x200-5mp-parameters\/","url":"https:\/\/simpo-datatec.com\/product\/sp-x200-5mp-parameters\/","name":"SP-X200 5MP Facial Recognition Time Attendance Camera - simpo-datatec.com","isPartOf":{"@id":"https:\/\/simpo-datatec.com\/#website"},"primaryImageOfPage":{"@id":"https:\/\/simpo-datatec.com\/product\/sp-x200-5mp-parameters\/#primaryimage"},"image":{"@id":"https:\/\/simpo-datatec.com\/product\/sp-x200-5mp-parameters\/#primaryimage"},"thumbnailUrl":"https:\/\/simpo-datatec.com\/wp-content\/uploads\/2026\/04\/1.jpg","datePublished":"2026-04-24T15:26:09+00:00","dateModified":"2026-04-28T10:51:29+00:00","description":"Face Recognition Camera, Employee Clock in Camera, Employee Clock out Camera, Time Clock in Camera, Biometric Time Clock, Touchless Clock-in System, Facial Recognition Time Attendance","breadcrumb":{"@id":"https:\/\/simpo-datatec.com\/product\/sp-x200-5mp-parameters\/#breadcrumb"},"inLanguage":"tr","potentialAction":[{"@type":"ReadAction","target":["https:\/\/simpo-datatec.com\/product\/sp-x200-5mp-parameters\/"]}]},{"@type":"ImageObject","inLanguage":"tr","@id":"https:\/\/simpo-datatec.com\/product\/sp-x200-5mp-parameters\/#primaryimage","url":"https:\/\/simpo-datatec.com\/wp-content\/uploads\/2026\/04\/1.jpg","contentUrl":"https:\/\/simpo-datatec.com\/wp-content\/uploads\/2026\/04\/1.jpg","width":500,"height":500},{"@type":"BreadcrumbList","@id":"https:\/\/simpo-datatec.com\/product\/sp-x200-5mp-parameters\/#breadcrumb","itemListElement":[{"@type":"ListItem","position":1,"name":"\u9996\u9875","item":"https:\/\/simpo-datatec.com\/"},{"@type":"ListItem","position":2,"name":"Products","item":"https:\/\/simpo-datatec.com\/products\/"},{"@type":"ListItem","position":3,"name":"SP-X200 5MP Facial Recognition Time Attendance Camera"}]},{"@type":"WebSite","@id":"https:\/\/simpo-datatec.com\/#website","url":"https:\/\/simpo-datatec.com\/","name":"simpo-datatec.com","description":"","potentialAction":[{"@type":"SearchAction","target":{"@type":"EntryPoint","urlTemplate":"https:\/\/simpo-datatec.com\/?s={search_term_string}"},"query-input":{"@type":"PropertyValueSpecification","valueRequired":true,"valueName":"search_term_string"}}],"inLanguage":"tr"}]}},"_links":{"self":[{"href":"https:\/\/simpo-datatec.com\/tr\/wp-json\/wp\/v2\/product\/1563","targetHints":{"allow":["GET"]}}],"collection":[{"href":"https:\/\/simpo-datatec.com\/tr\/wp-json\/wp\/v2\/product"}],"about":[{"href":"https:\/\/simpo-datatec.com\/tr\/wp-json\/wp\/v2\/types\/product"}],"wp:featuredmedia":[{"embeddable":true,"href":"https:\/\/simpo-datatec.com\/tr\/wp-json\/wp\/v2\/media\/1564"}],"wp:attachment":[{"href":"https:\/\/simpo-datatec.com\/tr\/wp-json\/wp\/v2\/media?parent=1563"}],"wp:term":[{"taxonomy":"product_brand","embeddable":true,"href":"https:\/\/simpo-datatec.com\/tr\/wp-json\/wp\/v2\/product_brand?post=1563"},{"taxonomy":"product_cat","embeddable":true,"href":"https:\/\/simpo-datatec.com\/tr\/wp-json\/wp\/v2\/product_cat?post=1563"},{"taxonomy":"product_tag","embeddable":true,"href":"https:\/\/simpo-datatec.com\/tr\/wp-json\/wp\/v2\/product_tag?post=1563"}],"curies":[{"name":"wp","href":"https:\/\/api.w.org\/{rel}","templated":true}]}}