{"id":1546,"date":"2026-04-24T23:21:11","date_gmt":"2026-04-24T15:21:11","guid":{"rendered":"https:\/\/simpo-datatec.com\/?post_type=product&#038;p=1546"},"modified":"2026-04-28T18:55:14","modified_gmt":"2026-04-28T10:55:14","slug":"sp-h66-parameters","status":"publish","type":"product","link":"https:\/\/simpo-datatec.com\/tr\/urun\/sp-h66-parameters\/","title":{"rendered":"SP-H66 Face recognition camera"},"content":{"rendered":"<ul>\n<li>Y\u00fcksek bilgi i\u015flem g\u00fcc\u00fcne sahip SOC ile donat\u0131lm\u0131\u015ft\u0131r<\/li>\n<li>Sony geni\u015f dinamik g\u00f6r\u00fcnt\u00fc sens\u00f6r\u00fc<\/li>\n<li>Imaging resolution 1920*1080@30fps<\/li>\n<li>H.265\/H.264 kodlamay\u0131 destekler<\/li>\n<li>G\u00f6m\u00fcl\u00fc \u00fcst d\u00fczey y\u00fcksek hassasiyetli CNN y\u00fcz alg\u0131lama ve tan\u0131ma algoritmas\u0131<\/li>\n<li>Detection performance meets 12 frames\/second, 50 faces\/frame<\/li>\n<li>Support recognition range, age, gender, glasses, hats, masks, beards,<\/li>\n<\/ul>\n<p>clothing categories, hairstyles, emotions, etc.<\/p>\n<ul>\n<li>Integrate face detection, tracking, scoring, deduplication, selection, and recognition<\/li>\n<li>Offline face library 50,000, recognition rate up to 98.5%<\/li>\n<li>Beyaz liste ve kara liste olmak \u00fczere 2 y\u00fcz k\u00fct\u00fcphanesi yap\u0131land\u0131rmas\u0131n\u0131 destekleyin<\/li>\n<li>Yabanc\u0131, kara liste veya VIP alarm hat\u0131rlatma deste\u011fi<\/li>\n<li>Support stranger tailing reminder (output voice prompt when whitelist + stranger appear at the same time)<\/li>\n<li>Support Liveness detection switch (some photos can be filtered after turning it on, and the face recognition speed will be slowed down)<\/li>\n<li>Support mask wearing detection reminder (must wear a mask to compare after turning it on)<\/li>\n<li>Support dense personnel voice reminder (support personnel number threshold setting 2-10)<\/li>\n<li>Yerel istemci taraf\u0131ndan sorgulanabilen ve d\u0131\u015fa aktar\u0131labilen 100.000 ge\u00e7i\u015f kayd\u0131n\u0131n yerel depolanmas\u0131n\u0131 destekler<\/li>\n<li>Built-in wifi module, support wireless transmission mode<\/li>\n<li>Built-in audio output, support recognition broadcast reminder<\/li>\n<li>Dahili depolama i\u015flevi, a\u011f ba\u011flant\u0131s\u0131n\u0131n kesilmesi ve s\u00fcrekli iletim i\u015flevini kar\u015f\u0131lar<\/li>\n<li>K\u0131z\u0131l\u00f6tesi dolgu \u0131\u015f\u0131\u011f\u0131, gece g\u00f6r\u00fc\u015f\u00fcnde normal yakalama ve kar\u015f\u0131la\u015ft\u0131rma<\/li>\n<li>ONVIF, GB28181, HTTP, GA\/T1400, WebSocket, Mqtt ve di\u011fer end\u00fcstri protokollerini destekler<\/li>\n<li>A\u00e7\u0131k sistem, proje entegrasyonunu ve ikincil geli\u015fimi destekleme<\/li>\n<\/ul>\n<p><strong><b>SP-H66<\/b><\/strong><\/p>\n<p>2 megapixel face recognition high-definition network camera, supports 1 audio output, 1 relay signal input, RTC etc. (Power supply + network + relay output + audio alarm output)<\/p>\n<p>&nbsp;<\/p>\n<table>\n<tbody>\n<tr>\n<td colspan=\"3\" width=\"168\">Model<\/td>\n<td width=\"548\">SP-D66<\/td>\n<\/tr>\n<tr>\n<td colspan=\"4\" width=\"716\"><strong><b>Camera<\/b><\/strong><\/td>\n<\/tr>\n<tr>\n<td rowspan=\"10\" width=\"73\">Tespit ve yakalama<\/td>\n<td colspan=\"2\" width=\"95\">Kurulum A\u00e7\u0131s\u0131<\/td>\n<td width=\"548\">Yukar\u0131-a\u015fa\u011f\u0131 en fazla 15\u00b0<\/td>\n<\/tr>\n<tr>\n<td colspan=\"2\" width=\"95\">Minimum piksel<\/td>\n<td width=\"548\">60*60<\/td>\n<\/tr>\n<tr>\n<td colspan=\"2\" width=\"95\">Alg\u0131lama hassasiyeti<\/td>\n<td width=\"548\">Destek<\/td>\n<\/tr>\n<tr>\n<td colspan=\"2\" width=\"95\">Alg\u0131lama ve yakalama mesafesi<\/td>\n<td width=\"548\">\u22646m<\/td>\n<\/tr>\n<tr>\n<td colspan=\"2\" width=\"95\">Alg\u0131lama performans\u0131<\/td>\n<td width=\"548\">50 adet y\u00fcz\/fps<\/td>\n<\/tr>\n<tr>\n<td colspan=\"2\" width=\"95\">Y\u00fcz \u00e7er\u00e7evesi<\/td>\n<td width=\"548\">Destek<\/td>\n<\/tr>\n<tr>\n<td colspan=\"2\" width=\"95\">Alan kurma<\/td>\n<td width=\"548\">Destek<\/td>\n<\/tr>\n<tr>\n<td colspan=\"2\" width=\"95\">Yakalama modu<\/td>\n<td width=\"548\">Sabit mod<\/td>\n<\/tr>\n<tr>\n<td colspan=\"2\" width=\"95\">Yakalama e\u015fi\u011fi<\/td>\n<td width=\"548\">Destek<\/td>\n<\/tr>\n<tr>\n<td colspan=\"2\" width=\"95\">Resim y\u00fckleme<\/td>\n<td width=\"548\">FTP\/HTTP\/GA-T1400\/Mqtt<\/td>\n<\/tr>\n<tr>\n<td rowspan=\"5\" width=\"73\">Y\u00fcz e\u015fle\u015ftirme<\/td>\n<td colspan=\"2\" width=\"95\">Siyah ve beyaz liste<\/td>\n<td width=\"548\">Destek<\/td>\n<\/tr>\n<tr>\n<td colspan=\"2\" width=\"95\">VIP listesi<\/td>\n<td width=\"548\">Destek<\/td>\n<\/tr>\n<tr>\n<td colspan=\"2\" width=\"95\">Face Database<\/td>\n<td width=\"548\">50000max<\/td>\n<\/tr>\n<tr>\n<td colspan=\"2\" width=\"95\">Response time<\/td>\n<td width=\"548\">300ms<\/td>\n<\/tr>\n<tr>\n<td colspan=\"2\" width=\"95\">Do\u011fruluk<\/td>\n<td width=\"548\">&gt;98.5%<\/td>\n<\/tr>\n<tr>\n<td colspan=\"3\" width=\"168\">G\u00f6r\u00fcnt\u00fc Sens\u00f6r\u00fc<\/td>\n<td width=\"548\">1\/2.8\u201d 2.0M SONY CMOS IMX327<\/td>\n<\/tr>\n<tr>\n<td colspan=\"3\" width=\"168\">Pikseller<\/td>\n<td width=\"548\">1920(H)\u00d71080(V)<\/td>\n<\/tr>\n<tr>\n<td colspan=\"3\" width=\"168\">Lens<\/td>\n<td width=\"548\">6mm Sabit Odak Uzunlu\u011fu Lens<\/td>\n<\/tr>\n<tr>\n<td colspan=\"3\" width=\"168\">WDR<\/td>\n<td width=\"548\">Ak\u0131ll\u0131 uyarlanabilir<\/td>\n<\/tr>\n<tr>\n<td colspan=\"3\" width=\"168\">Minimum ayd\u0131nlatma<\/td>\n<td width=\"548\">0.001lux<\/td>\n<\/tr>\n<tr>\n<td colspan=\"3\" width=\"168\">Sinyal g\u00fcr\u00fclt\u00fc oran\u0131<\/td>\n<td width=\"548\">\u226550dB (AGC KAPALI)<\/td>\n<\/tr>\n<tr>\n<td colspan=\"3\" width=\"168\">Pozlama modu<\/td>\n<td width=\"548\">Otomatik pozlama, BLC<\/td>\n<\/tr>\n<tr>\n<td colspan=\"4\" width=\"716\"><strong><b>Aray\u00fcz <\/b><\/strong><\/td>\n<\/tr>\n<tr>\n<td colspan=\"3\" width=\"168\">Storage interface<\/td>\n<td width=\"548\">EMMC+TF extension<\/td>\n<\/tr>\n<tr>\n<td colspan=\"3\" width=\"168\">A\u011f Aray\u00fcz\u00fc<\/td>\n<td width=\"548\">10\/100M A\u011f adaptasyonu\uff0cRJ45 adapt\u00f6r\u00fc<\/td>\n<\/tr>\n<tr>\n<td colspan=\"3\" width=\"168\">Alarm aray\u00fcz\u00fc<\/td>\n<td width=\"548\">1ch r\u00f6le \u00e7\u0131k\u0131\u015f\u0131<\/td>\n<\/tr>\n<tr>\n<td colspan=\"3\" width=\"168\">Hardware reset<\/td>\n<td width=\"548\">Supported, not exported<\/td>\n<\/tr>\n<tr>\n<td colspan=\"4\" width=\"716\"><strong><b>S\u0131k\u0131\u015ft\u0131rma standard\u0131<\/b><\/strong><\/td>\n<\/tr>\n<tr>\n<td colspan=\"3\" width=\"168\">Video kodlama<\/td>\n<td width=\"548\">H.265 Ana Profil \/H.264 Y\u00fcksek Profil<\/td>\n<\/tr>\n<tr>\n<td colspan=\"2\" rowspan=\"2\" width=\"82\">\u00c7\u00f6z\u00fcn\u00fcrl\u00fck<\/td>\n<td width=\"85\">Ana ak\u0131m<\/td>\n<td width=\"548\">1920&#215;1080\u30011280&#215;960\u30011280&#215;720<\/td>\n<\/tr>\n<tr>\n<td width=\"85\">Alt ak\u0131\u015f<\/td>\n<td width=\"548\">704*576\u3001640\u00d7480\u3001352\u00d7288<\/td>\n<\/tr>\n<tr>\n<td colspan=\"3\" width=\"168\">Video s\u0131k\u0131\u015ft\u0131rma kod oran\u0131<\/td>\n<td width=\"548\">128Kbps\uff5e8Mbps (Elle ayarlanabilir)\uff0c CBR\/VBR deste\u011fi<\/td>\n<\/tr>\n<tr>\n<td colspan=\"3\" width=\"168\">Ses<\/td>\n<td width=\"548\">1ch output<\/td>\n<\/tr>\n<tr>\n<td colspan=\"3\" width=\"168\">OSD<\/td>\n<td width=\"548\">Kanal ad\u0131, tarih ve saat, konum ayar\u0131 deste\u011fi<\/td>\n<\/tr>\n<tr>\n<td colspan=\"4\" width=\"716\"><strong><b>A\u011f protokol\u00fc<\/b><\/strong><\/td>\n<\/tr>\n<tr>\n<td colspan=\"3\" width=\"168\">Protokol<\/td>\n<td width=\"548\">TCP\/IP\uff0cPTP\uff0cNTP\uff0cDHCP\uff0cUDP\uff0cSMTP\uff0cRTSP\uff0cDDNS\uff0cDNS\uff0cHTTP\u3001P2P<\/td>\n<\/tr>\n<tr>\n<td colspan=\"3\" width=\"168\">ONVIF protokol\u00fc<\/td>\n<td width=\"548\">Destek<\/td>\n<\/tr>\n<tr>\n<td colspan=\"3\" width=\"168\">GB28181 protokol\u00fc<\/td>\n<td width=\"548\">Destek<\/td>\n<\/tr>\n<tr>\n<td colspan=\"3\" width=\"168\">Protocol compatibility<\/td>\n<td width=\"548\">Standard ONVIF, GB28181<\/td>\n<\/tr>\n<tr>\n<td colspan=\"3\" width=\"168\">Mobile remote access<\/td>\n<td width=\"548\">Support Android, IOS smartphones<\/td>\n<\/tr>\n<tr>\n<td colspan=\"4\" width=\"716\"><strong><b>Genel parametreler <\/b><\/strong><\/td>\n<\/tr>\n<tr>\n<td colspan=\"3\" width=\"168\">IR distance<\/td>\n<td width=\"548\">&gt;15m<\/td>\n<\/tr>\n<tr>\n<td colspan=\"3\" width=\"168\">G\u00fc\u00e7<\/td>\n<td width=\"548\">DC 12V 2A<\/td>\n<\/tr>\n<tr>\n<td colspan=\"3\" width=\"168\">\u00c7al\u0131\u015fma s\u0131cakl\u0131\u011f\u0131 ve nem<\/td>\n<td width=\"548\">-30\u2103~60\u2103, 95%'den daha az nem (yo\u011fu\u015fma yok)<\/td>\n<\/tr>\n<tr>\n<td colspan=\"3\" width=\"168\">Su ge\u00e7irmezlik s\u0131n\u0131f\u0131<\/td>\n<td width=\"548\">IP66<\/td>\n<\/tr>\n<tr>\n<td colspan=\"3\" width=\"168\">Kurulum y\u00f6ntemi<\/td>\n<td width=\"548\">Asma veya duvara monte<\/td>\n<\/tr>\n<\/tbody>\n<\/table>","protected":false},"excerpt":{"rendered":"<p>Face Recognition Camera, Employee Clock in Camera, Employee Clock out Camera, Time Clock in Camera, Biometric Time Clock, Touchless Clock-in System, Facial Recognition Time Attendance<\/p>","protected":false},"featured_media":1547,"template":"","meta":[],"product_brand":[],"product_cat":[271],"product_tag":[307,304,305,298,309,306,308],"class_list":{"0":"post-1546","1":"product","2":"type-product","3":"status-publish","4":"has-post-thumbnail","6":"product_cat-face-recognition-time-attendence-camera","7":"product_tag-biometric-time-clock","8":"product_tag-employee-clock-in-camera","9":"product_tag-employee-clock-out-camera","10":"product_tag-face-recognition-camera","11":"product_tag-facial-recognition-time-attendance","12":"product_tag-time-clock-in-camera","13":"product_tag-touchless-clock-in-system","15":"first","16":"instock","17":"shipping-taxable","18":"product-type-simple"},"yoast_head":"<!-- This site is optimized with the Yoast SEO plugin v27.3 - https:\/\/yoast.com\/product\/yoast-seo-wordpress\/ -->\n<title>SP-H66 Face recognition camera - simpo-datatec.com<\/title>\n<meta name=\"description\" content=\"Face Recognition Camera, Employee Clock in Camera, Employee Clock out Camera, Time Clock in Camera, Biometric Time Clock, Touchless Clock-in System, Facial Recognition Time Attendance\" \/>\n<meta name=\"robots\" content=\"index, follow, max-snippet:-1, max-image-preview:large, max-video-preview:-1\" \/>\n<link rel=\"canonical\" href=\"https:\/\/simpo-datatec.com\/tr\/urun\/sp-h66-parameters\/\" \/>\n<meta property=\"og:locale\" content=\"tr_TR\" \/>\n<meta property=\"og:type\" content=\"article\" \/>\n<meta property=\"og:title\" content=\"SP-H66 Face recognition camera - simpo-datatec.com\" \/>\n<meta property=\"og:description\" content=\"Face Recognition Camera, Employee Clock in Camera, Employee Clock out Camera, Time Clock in Camera, Biometric Time Clock, Touchless Clock-in System, Facial Recognition Time Attendance\" \/>\n<meta property=\"og:url\" content=\"https:\/\/simpo-datatec.com\/tr\/urun\/sp-h66-parameters\/\" \/>\n<meta property=\"og:site_name\" content=\"simpo-datatec.com\" \/>\n<meta property=\"article:modified_time\" content=\"2026-04-28T10:55:14+00:00\" \/>\n<meta property=\"og:image\" content=\"https:\/\/simpo-datatec.com\/wp-content\/uploads\/2026\/04\/17-1.jpg\" \/>\n\t<meta property=\"og:image:width\" content=\"500\" \/>\n\t<meta property=\"og:image:height\" content=\"500\" \/>\n\t<meta property=\"og:image:type\" content=\"image\/jpeg\" \/>\n<meta name=\"twitter:card\" content=\"summary_large_image\" \/>\n<meta name=\"twitter:label1\" content=\"Tahmini okuma s\u00fcresi\" \/>\n\t<meta name=\"twitter:data1\" content=\"3 dakika\" \/>\n<script type=\"application\/ld+json\" class=\"yoast-schema-graph\">{\"@context\":\"https:\\\/\\\/schema.org\",\"@graph\":[{\"@type\":\"WebPage\",\"@id\":\"https:\\\/\\\/simpo-datatec.com\\\/product\\\/sp-h66-parameters\\\/\",\"url\":\"https:\\\/\\\/simpo-datatec.com\\\/product\\\/sp-h66-parameters\\\/\",\"name\":\"SP-H66 Face recognition camera - simpo-datatec.com\",\"isPartOf\":{\"@id\":\"https:\\\/\\\/simpo-datatec.com\\\/#website\"},\"primaryImageOfPage\":{\"@id\":\"https:\\\/\\\/simpo-datatec.com\\\/product\\\/sp-h66-parameters\\\/#primaryimage\"},\"image\":{\"@id\":\"https:\\\/\\\/simpo-datatec.com\\\/product\\\/sp-h66-parameters\\\/#primaryimage\"},\"thumbnailUrl\":\"https:\\\/\\\/simpo-datatec.com\\\/wp-content\\\/uploads\\\/2026\\\/04\\\/17-1.jpg\",\"datePublished\":\"2026-04-24T15:21:11+00:00\",\"dateModified\":\"2026-04-28T10:55:14+00:00\",\"description\":\"Face Recognition Camera, Employee Clock in Camera, Employee Clock out Camera, Time Clock in Camera, Biometric Time Clock, Touchless Clock-in System, Facial Recognition Time Attendance\",\"breadcrumb\":{\"@id\":\"https:\\\/\\\/simpo-datatec.com\\\/product\\\/sp-h66-parameters\\\/#breadcrumb\"},\"inLanguage\":\"tr\",\"potentialAction\":[{\"@type\":\"ReadAction\",\"target\":[\"https:\\\/\\\/simpo-datatec.com\\\/product\\\/sp-h66-parameters\\\/\"]}]},{\"@type\":\"ImageObject\",\"inLanguage\":\"tr\",\"@id\":\"https:\\\/\\\/simpo-datatec.com\\\/product\\\/sp-h66-parameters\\\/#primaryimage\",\"url\":\"https:\\\/\\\/simpo-datatec.com\\\/wp-content\\\/uploads\\\/2026\\\/04\\\/17-1.jpg\",\"contentUrl\":\"https:\\\/\\\/simpo-datatec.com\\\/wp-content\\\/uploads\\\/2026\\\/04\\\/17-1.jpg\",\"width\":500,\"height\":500},{\"@type\":\"BreadcrumbList\",\"@id\":\"https:\\\/\\\/simpo-datatec.com\\\/product\\\/sp-h66-parameters\\\/#breadcrumb\",\"itemListElement\":[{\"@type\":\"ListItem\",\"position\":1,\"name\":\"\u9996\u9875\",\"item\":\"https:\\\/\\\/simpo-datatec.com\\\/\"},{\"@type\":\"ListItem\",\"position\":2,\"name\":\"Products\",\"item\":\"https:\\\/\\\/simpo-datatec.com\\\/products\\\/\"},{\"@type\":\"ListItem\",\"position\":3,\"name\":\"SP-H66 Face recognition camera\"}]},{\"@type\":\"WebSite\",\"@id\":\"https:\\\/\\\/simpo-datatec.com\\\/#website\",\"url\":\"https:\\\/\\\/simpo-datatec.com\\\/\",\"name\":\"simpo-datatec.com\",\"description\":\"\",\"potentialAction\":[{\"@type\":\"SearchAction\",\"target\":{\"@type\":\"EntryPoint\",\"urlTemplate\":\"https:\\\/\\\/simpo-datatec.com\\\/?s={search_term_string}\"},\"query-input\":{\"@type\":\"PropertyValueSpecification\",\"valueRequired\":true,\"valueName\":\"search_term_string\"}}],\"inLanguage\":\"tr\"}]}<\/script>\n<!-- \/ Yoast SEO plugin. -->","yoast_head_json":{"title":"SP-H66 Face recognition camera - simpo-datatec.com","description":"Face Recognition Camera, Employee Clock in Camera, Employee Clock out Camera, Time Clock in Camera, Biometric Time Clock, Touchless Clock-in System, Facial Recognition Time Attendance","robots":{"index":"index","follow":"follow","max-snippet":"max-snippet:-1","max-image-preview":"max-image-preview:large","max-video-preview":"max-video-preview:-1"},"canonical":"https:\/\/simpo-datatec.com\/tr\/urun\/sp-h66-parameters\/","og_locale":"tr_TR","og_type":"article","og_title":"SP-H66 Face recognition camera - simpo-datatec.com","og_description":"Face Recognition Camera, Employee Clock in Camera, Employee Clock out Camera, Time Clock in Camera, Biometric Time Clock, Touchless Clock-in System, Facial Recognition Time Attendance","og_url":"https:\/\/simpo-datatec.com\/tr\/urun\/sp-h66-parameters\/","og_site_name":"simpo-datatec.com","article_modified_time":"2026-04-28T10:55:14+00:00","og_image":[{"width":500,"height":500,"url":"https:\/\/simpo-datatec.com\/wp-content\/uploads\/2026\/04\/17-1.jpg","type":"image\/jpeg"}],"twitter_card":"summary_large_image","twitter_misc":{"Tahmini okuma s\u00fcresi":"3 dakika"},"schema":{"@context":"https:\/\/schema.org","@graph":[{"@type":"WebPage","@id":"https:\/\/simpo-datatec.com\/product\/sp-h66-parameters\/","url":"https:\/\/simpo-datatec.com\/product\/sp-h66-parameters\/","name":"SP-H66 Face recognition camera - simpo-datatec.com","isPartOf":{"@id":"https:\/\/simpo-datatec.com\/#website"},"primaryImageOfPage":{"@id":"https:\/\/simpo-datatec.com\/product\/sp-h66-parameters\/#primaryimage"},"image":{"@id":"https:\/\/simpo-datatec.com\/product\/sp-h66-parameters\/#primaryimage"},"thumbnailUrl":"https:\/\/simpo-datatec.com\/wp-content\/uploads\/2026\/04\/17-1.jpg","datePublished":"2026-04-24T15:21:11+00:00","dateModified":"2026-04-28T10:55:14+00:00","description":"Face Recognition Camera, Employee Clock in Camera, Employee Clock out Camera, Time Clock in Camera, Biometric Time Clock, Touchless Clock-in System, Facial Recognition Time Attendance","breadcrumb":{"@id":"https:\/\/simpo-datatec.com\/product\/sp-h66-parameters\/#breadcrumb"},"inLanguage":"tr","potentialAction":[{"@type":"ReadAction","target":["https:\/\/simpo-datatec.com\/product\/sp-h66-parameters\/"]}]},{"@type":"ImageObject","inLanguage":"tr","@id":"https:\/\/simpo-datatec.com\/product\/sp-h66-parameters\/#primaryimage","url":"https:\/\/simpo-datatec.com\/wp-content\/uploads\/2026\/04\/17-1.jpg","contentUrl":"https:\/\/simpo-datatec.com\/wp-content\/uploads\/2026\/04\/17-1.jpg","width":500,"height":500},{"@type":"BreadcrumbList","@id":"https:\/\/simpo-datatec.com\/product\/sp-h66-parameters\/#breadcrumb","itemListElement":[{"@type":"ListItem","position":1,"name":"\u9996\u9875","item":"https:\/\/simpo-datatec.com\/"},{"@type":"ListItem","position":2,"name":"Products","item":"https:\/\/simpo-datatec.com\/products\/"},{"@type":"ListItem","position":3,"name":"SP-H66 Face recognition camera"}]},{"@type":"WebSite","@id":"https:\/\/simpo-datatec.com\/#website","url":"https:\/\/simpo-datatec.com\/","name":"simpo-datatec.com","description":"","potentialAction":[{"@type":"SearchAction","target":{"@type":"EntryPoint","urlTemplate":"https:\/\/simpo-datatec.com\/?s={search_term_string}"},"query-input":{"@type":"PropertyValueSpecification","valueRequired":true,"valueName":"search_term_string"}}],"inLanguage":"tr"}]}},"_links":{"self":[{"href":"https:\/\/simpo-datatec.com\/tr\/wp-json\/wp\/v2\/product\/1546","targetHints":{"allow":["GET"]}}],"collection":[{"href":"https:\/\/simpo-datatec.com\/tr\/wp-json\/wp\/v2\/product"}],"about":[{"href":"https:\/\/simpo-datatec.com\/tr\/wp-json\/wp\/v2\/types\/product"}],"wp:featuredmedia":[{"embeddable":true,"href":"https:\/\/simpo-datatec.com\/tr\/wp-json\/wp\/v2\/media\/1547"}],"wp:attachment":[{"href":"https:\/\/simpo-datatec.com\/tr\/wp-json\/wp\/v2\/media?parent=1546"}],"wp:term":[{"taxonomy":"product_brand","embeddable":true,"href":"https:\/\/simpo-datatec.com\/tr\/wp-json\/wp\/v2\/product_brand?post=1546"},{"taxonomy":"product_cat","embeddable":true,"href":"https:\/\/simpo-datatec.com\/tr\/wp-json\/wp\/v2\/product_cat?post=1546"},{"taxonomy":"product_tag","embeddable":true,"href":"https:\/\/simpo-datatec.com\/tr\/wp-json\/wp\/v2\/product_tag?post=1546"}],"curies":[{"name":"wp","href":"https:\/\/api.w.org\/{rel}","templated":true}]}}