{"id":783,"date":"2024-10-10T17:34:53","date_gmt":"2024-10-10T09:34:53","guid":{"rendered":"https:\/\/simpo-datatec.com\/?post_type=product&#038;p=783"},"modified":"2025-08-09T10:13:37","modified_gmt":"2025-08-09T02:13:37","slug":"k1-scanner","status":"publish","type":"product","link":"https:\/\/simpo-datatec.com\/pt\/products\/product\/barcode-scanner\/k1-scanner\/","title":{"rendered":"Scanner K1"},"content":{"rendered":"<table width=\"1013\">\n<tbody>\n<tr>\n<td colspan=\"2\" width=\"332\">Item<\/td>\n<td width=\"681\">Par\u00e2metros<\/td>\n<\/tr>\n<tr>\n<td rowspan=\"15\">Desempenho de digitaliza\u00e7\u00e3o<\/td>\n<td>Padr\u00e3o de digitaliza\u00e7\u00e3o<\/td>\n<td>\u00a0Imagem da \u00e1rea<\/td>\n<\/tr>\n<tr>\n<td>Tamanho da imagem<\/td>\n<td>1280 \u00d7 800 p\u00edxeis<\/td>\n<\/tr>\n<tr>\n<td>Campo de vis\u00e3o<\/td>\n<td>Horizontal: 64\u00b0, vertical: 44\u00b0<\/td>\n<\/tr>\n<tr>\n<td>\u00c2ngulo de varrimento<\/td>\n<td width=\"681\">\u00b1 70\u00b0, \u00b1 70\u00b0, 360\u00b0 (inclina\u00e7\u00e3o, inclina\u00e7\u00e3o, rota\u00e7\u00e3o)<\/td>\n<\/tr>\n<tr>\n<td>Toler\u00e2ncia de movimento<\/td>\n<td width=\"681\">1,27 m\/s (50 in\/s) para UPC-E de 13 mil no ponto focal \u00f3timo<\/td>\n<\/tr>\n<tr>\n<td>Contraste de impress\u00e3o<\/td>\n<td width=\"681\">20% diferen\u00e7a m\u00ednima de reflect\u00e2ncia<\/td>\n<\/tr>\n<tr>\n<td>Resolu\u00e7\u00e3o m\u00ednima<\/td>\n<td width=\"681\">1D (C\u00f3digo 39): 5 mil; 2D (PDF417): 6,7 mil<\/td>\n<\/tr>\n<tr>\n<td rowspan=\"2\">Capacidade de descodifica\u00e7\u00e3o<\/td>\n<td width=\"681\">1D: UPC-A, UPC-E, UPC-E1, EAN-13, EAN-8, ISBN (Bookland EAN), ISSN, C\u00f3digo 39,<br \/>\nC\u00f3digo 39 full ASCII, C\u00f3digo 32, C\u00f3digo 39 Tri\u00f3ptico, Intercalado 2 de 5, Industrial 2 de 5, Matricial<br \/>\n2 de 5, Codabar (NW7), C\u00f3digo 128, UCC\/EAN 128, ISBT 128, C\u00f3digo 93, C\u00f3digo 11 (USD-8),<br \/>\nMSI\/Plessey, UK\/Plessey, China Post, China Finance, GS1 DataBar (anteriormente RSS)<br \/>\nvariantes<\/td>\n<\/tr>\n<tr>\n<td width=\"681\">2D: PDF417, MicroPDF417, C\u00f3digo QR, DataMatrix, C\u00f3digo Han Xin, C\u00f3digo Aztec<\/td>\n<\/tr>\n<tr>\n<td rowspan=\"6\">Profundidade de descodifica\u00e7\u00e3o<\/td>\n<td>5 mil C\u00f3digo 39 (3 carateres) : 5 - 55 mm<\/td>\n<\/tr>\n<tr>\n<td>13 mil UPC (6 carateres) : 0 - 150 mm<\/td>\n<\/tr>\n<tr>\n<td>20 mil C\u00f3digo 39 (1 carater) : 0 - 230 mm<\/td>\n<\/tr>\n<tr>\n<td>6,7 mil PDF417 (20 carateres): 15 - 60 mm<\/td>\n<\/tr>\n<tr>\n<td>10 mil QR (20 carateres) : 0 - 40 mm<\/td>\n<\/tr>\n<tr>\n<td>20 mil QR (20 carateres) : 0 - 150 mm<\/td>\n<\/tr>\n<tr>\n<td rowspan=\"2\">El\u00e9trico<\/td>\n<td>Tens\u00e3o de entrada<\/td>\n<td>4,6V a 5,5V DC<\/td>\n<\/tr>\n<tr>\n<td>Atual<\/td>\n<td>110 mA (em espera), 370 mA (digitaliza\u00e7\u00e3o)<\/td>\n<\/tr>\n<tr>\n<td rowspan=\"4\">Ambiental<\/td>\n<td rowspan=\"2\">Temperatura<\/td>\n<td>Funcionamento: -20\u00b0 a 55\u00b0C (-4\u00b0 a 131\u00b0F)<\/td>\n<\/tr>\n<tr>\n<td>Armazenamento: -20\u00b0 a 75\u00b0C (-4\u00b0 a 167\u00b0F)<\/td>\n<\/tr>\n<tr>\n<td>Humidade<\/td>\n<td>5% a 95% (sem condensa\u00e7\u00e3o)<\/td>\n<\/tr>\n<tr>\n<td>Seguran\u00e7a<\/td>\n<td width=\"681\">EMC: EN55022, EN55024 | Seguran\u00e7a el\u00e9ctrica: EN60950-1 | Veda\u00e7\u00e3o: IP50<br \/>\nResist\u00eancia a quedas: 30+ vezes de queda de 1,5 m (5,0 p\u00e9s) em bet\u00e3o<br \/>\nSeguran\u00e7a fotobiol\u00f3gica: EN62471:2008 | Ilumina\u00e7\u00e3o: 0~100,000 LUX<\/td>\n<\/tr>\n<tr>\n<td rowspan=\"10\">Mec\u00e2nico<\/td>\n<td width=\"177\">Dimens\u00e3o<br \/>\n(A x L x P)<\/td>\n<td width=\"681\">93 \u00d7 95 \u00d7 157 mm (A x L x P)<\/td>\n<\/tr>\n<tr>\n<td width=\"177\">Peso<\/td>\n<td width=\"681\">298,5 g, sem cabo<\/td>\n<\/tr>\n<tr>\n<td width=\"177\">Cabo<\/td>\n<td width=\"681\">\u00a0Reto 2,0m<\/td>\n<\/tr>\n<tr>\n<td width=\"177\">Tipo de conetor<\/td>\n<td width=\"681\">\u00a0Conector de tomada telef\u00f3nica RJ-45<\/td>\n<\/tr>\n<tr>\n<td width=\"177\">Material da caixa<\/td>\n<td width=\"681\">PC+ABS<\/td>\n<\/tr>\n<tr>\n<td width=\"177\">Indicador<\/td>\n<td width=\"681\">Bip, LED<\/td>\n<\/tr>\n<tr>\n<td width=\"177\">Interface suportada<\/td>\n<td width=\"681\">Cunha de teclado, RS-232, teclado USB, USB virtual COM<\/td>\n<\/tr>\n<tr>\n<td>Modo de funcionamento<\/td>\n<td>Port\u00e1til, Dete\u00e7\u00e3o autom\u00e1tica<\/td>\n<\/tr>\n<tr>\n<td>M\u00e9todo de programa\u00e7\u00e3o<\/td>\n<td>Manual (leitura de c\u00f3digo de barras especial)<\/td>\n<\/tr>\n<tr>\n<td>Atualiza\u00e7\u00e3o do programa<\/td>\n<td>Em linha<\/td>\n<\/tr>\n<\/tbody>\n<\/table>\n<p>A SIMPO-DATA \u00e9 um fabricante l\u00edder de alta tecnologia dedicado \u00e0 I&amp;D, produ\u00e7\u00e3o, vendas e servi\u00e7o de sistemas POS (Point of Sale) avan\u00e7ados. Com mais de uma d\u00e9cada de profunda experi\u00eancia no sector, constru\u00edmos uma s\u00f3lida reputa\u00e7\u00e3o de fornecer solu\u00e7\u00f5es POS fi\u00e1veis, inovadoras e de elevado desempenho a clientes de todo o mundo.<\/p>\n<p>Desde a nossa funda\u00e7\u00e3o, temos aderido \u00e0 filosofia empresarial de \"A qualidade cria o mercado, a inova\u00e7\u00e3o cria o futuro\". Este compromisso leva-nos a melhorar continuamente os nossos produtos e a expandir as nossas ofertas para satisfazer as diversas exig\u00eancias dos mercados globais. A nossa carteira de produtos abrangente cobre uma vasta gama de ind\u00fastrias, incluindo retalho, restaura\u00e7\u00e3o, supermercados, hotelaria, alimenta\u00e7\u00e3o e bebidas e log\u00edstica. Quer esteja a gerir um pequeno neg\u00f3cio ou uma grande cadeia de opera\u00e7\u00f5es, a SIMPO-DATA tem a solu\u00e7\u00e3o POS certa para si.<\/p>\n<p>Vasta gama de produtos<br \/>\nA nossa linha de produtos POS inclui terminais POS tudo-em-um, monitores de ecr\u00e3 t\u00e1til, impressoras t\u00e9rmicas de recibos, leitores de c\u00f3digos de barras, gavetas de dinheiro e dispositivos POS m\u00f3veis. Fornecemos sistemas POS completos e integrados, bem como componentes individuais, permitindo-lhe personalizar a solu\u00e7\u00e3o que melhor se adapta ao seu modelo de neg\u00f3cio.<a href=\"https:\/\/simpo-datatec.com\/pt\/products\/\" target=\"_blank\" rel=\"noopener\">Clique aqui para ver mais produtos.<\/a><\/p>\n<p>Inova\u00e7\u00e3o no centro<br \/>\nA nossa equipa profissional de I&amp;D est\u00e1 empenhada na inova\u00e7\u00e3o cont\u00ednua em termos de design, desempenho e experi\u00eancia do utilizador. Ao mantermo-nos \u00e0 frente das tend\u00eancias do mercado e dos avan\u00e7os tecnol\u00f3gicos, garantimos que os produtos SIMPO-DATA permanecem competitivos e preparados para o futuro. Cada produto \u00e9 desenvolvido com especial aten\u00e7\u00e3o aos detalhes - desde o design ergon\u00f3mico e as interfaces intuitivas at\u00e9 ao desempenho est\u00e1vel do sistema e \u00e0 efici\u00eancia energ\u00e9tica.<\/p>\n<p>Qualidade em que pode confiar<br \/>\nA qualidade \u00e9 a nossa principal prioridade. Desde a sele\u00e7\u00e3o das mat\u00e9rias-primas at\u00e9 \u00e0 produ\u00e7\u00e3o final, cada passo \u00e9 sujeito a rigorosos procedimentos de controlo de qualidade. As nossas instala\u00e7\u00f5es de fabrico est\u00e3o equipadas com equipamento de teste avan\u00e7ado para garantir que cada produto cumpre as normas de qualidade internacionais e proporciona um desempenho duradouro.<\/p>\n<p>Servi\u00e7o e suporte global<br \/>\nNa SIMPO-DATA, n\u00e3o nos limitamos a vender produtos - fornecemos solu\u00e7\u00f5es completas e um apoio p\u00f3s-venda fi\u00e1vel. A nossa equipa de engenheiros experientes e especialistas de servi\u00e7o ao cliente est\u00e1 pronta para o ajudar com a instala\u00e7\u00e3o, forma\u00e7\u00e3o, manuten\u00e7\u00e3o e apoio t\u00e9cnico. O nosso objetivo \u00e9 ajudar os nossos parceiros a maximizar a efici\u00eancia, reduzir os custos e aumentar a satisfa\u00e7\u00e3o do cliente.<\/p>\n<p>Porqu\u00ea escolher a SIMPO-DATA?<\/p>\n<p>Mais de 10 anos de experi\u00eancia dedicada ao sector dos POS<\/p>\n<p>Fortes capacidades de I&amp;D com inova\u00e7\u00e3o cont\u00ednua<\/p>\n<p>Gama abrangente de produtos que cobrem v\u00e1rios sectores<\/p>\n<p>Controlo de qualidade rigoroso e cumprimento das normas internacionais<\/p>\n<p>Equipa profissional de vendas e apoio t\u00e9cnico a n\u00edvel mundial<\/p>\n<p>Fa\u00e7a uma parceria com a SIMPO-DATA e deixe que as nossas solu\u00e7\u00f5es de POS potenciem as suas opera\u00e7\u00f5es comerciais. Juntos, podemos ajud\u00e1-lo a simplificar as transac\u00e7\u00f5es, melhorar a efici\u00eancia operacional e proporcionar experi\u00eancias excepcionais aos clientes.<\/p>","protected":false},"excerpt":{"rendered":"<p>Scanner 1D\/2D de dete\u00e7\u00e3o autom\u00e1tica<br \/>\n\u00c2ngulo de varrimento \u00b1 70\u00b0, \u00b1 70\u00b0, 360\u00b0 (inclina\u00e7\u00e3o, inclina\u00e7\u00e3o, rota\u00e7\u00e3o)<br \/>\nTens\u00e3o de entrada 4,6V a 5,5V DC<\/p>","protected":false},"featured_media":784,"comment_status":"open","ping_status":"closed","template":"","meta":[],"product_brand":[],"product_cat":[178,17],"product_tag":[],"class_list":{"0":"post-783","1":"product","2":"type-product","3":"status-publish","4":"has-post-thumbnail","6":"product_cat-barcode-scanner","7":"product_cat-uncategorized","9":"first","10":"instock","11":"shipping-taxable","12":"product-type-simple"},"yoast_head":"<!-- This site is optimized with the Yoast SEO plugin v27.3 - https:\/\/yoast.com\/product\/yoast-seo-wordpress\/ -->\n<title>K1 Scanner - simpo-datatec.com<\/title>\n<meta name=\"description\" content=\"K1 Scanner - all-in-one POS terminals, touch screen monitors, thermal receipt printers, barcode scanners, cash drawers, and mobile POS devices\" \/>\n<meta name=\"robots\" content=\"index, follow, max-snippet:-1, max-image-preview:large, max-video-preview:-1\" \/>\n<link rel=\"canonical\" href=\"https:\/\/simpo-datatec.com\/pt\/products\/product\/barcode-scanner\/k1-scanner\/\" \/>\n<meta property=\"og:locale\" content=\"pt_PT\" \/>\n<meta property=\"og:type\" content=\"article\" \/>\n<meta property=\"og:title\" content=\"K1 Scanner - simpo-datatec.com\" \/>\n<meta property=\"og:description\" content=\"K1 Scanner - all-in-one POS terminals, touch screen monitors, thermal receipt printers, barcode scanners, cash drawers, and mobile POS devices\" \/>\n<meta property=\"og:url\" content=\"https:\/\/simpo-datatec.com\/pt\/products\/product\/barcode-scanner\/k1-scanner\/\" \/>\n<meta property=\"og:site_name\" content=\"simpo-datatec.com\" \/>\n<meta property=\"article:modified_time\" content=\"2025-08-09T02:13:37+00:00\" \/>\n<meta property=\"og:image\" content=\"https:\/\/simpo-datatec.com\/wp-content\/uploads\/2024\/10\/1-500x500-27.jpg\" \/>\n\t<meta property=\"og:image:width\" content=\"500\" \/>\n\t<meta property=\"og:image:height\" content=\"500\" \/>\n\t<meta property=\"og:image:type\" content=\"image\/jpeg\" \/>\n<meta name=\"twitter:card\" content=\"summary_large_image\" \/>\n<meta name=\"twitter:label1\" content=\"Tempo estimado de leitura\" \/>\n\t<meta name=\"twitter:data1\" content=\"4 minutos\" \/>\n<script type=\"application\/ld+json\" class=\"yoast-schema-graph\">{\"@context\":\"https:\\\/\\\/schema.org\",\"@graph\":[{\"@type\":\"WebPage\",\"@id\":\"https:\\\/\\\/simpo-datatec.com\\\/ru\\\/products\\\/product\\\/barcode-scanner\\\/k1-scanner\\\/\",\"url\":\"https:\\\/\\\/simpo-datatec.com\\\/ru\\\/products\\\/product\\\/barcode-scanner\\\/k1-scanner\\\/\",\"name\":\"K1 Scanner - simpo-datatec.com\",\"isPartOf\":{\"@id\":\"https:\\\/\\\/simpo-datatec.com\\\/#website\"},\"primaryImageOfPage\":{\"@id\":\"https:\\\/\\\/simpo-datatec.com\\\/ru\\\/products\\\/product\\\/barcode-scanner\\\/k1-scanner\\\/#primaryimage\"},\"image\":{\"@id\":\"https:\\\/\\\/simpo-datatec.com\\\/ru\\\/products\\\/product\\\/barcode-scanner\\\/k1-scanner\\\/#primaryimage\"},\"thumbnailUrl\":\"https:\\\/\\\/simpo-datatec.com\\\/wp-content\\\/uploads\\\/2024\\\/10\\\/1-500x500-27.jpg\",\"datePublished\":\"2024-10-10T09:34:53+00:00\",\"dateModified\":\"2025-08-09T02:13:37+00:00\",\"description\":\"K1 Scanner - all-in-one POS terminals, touch screen monitors, thermal receipt printers, barcode scanners, cash drawers, and mobile POS devices\",\"breadcrumb\":{\"@id\":\"https:\\\/\\\/simpo-datatec.com\\\/ru\\\/products\\\/product\\\/barcode-scanner\\\/k1-scanner\\\/#breadcrumb\"},\"inLanguage\":\"pt-PT\",\"potentialAction\":[{\"@type\":\"ReadAction\",\"target\":[\"https:\\\/\\\/simpo-datatec.com\\\/ru\\\/products\\\/product\\\/barcode-scanner\\\/k1-scanner\\\/\"]}]},{\"@type\":\"ImageObject\",\"inLanguage\":\"pt-PT\",\"@id\":\"https:\\\/\\\/simpo-datatec.com\\\/ru\\\/products\\\/product\\\/barcode-scanner\\\/k1-scanner\\\/#primaryimage\",\"url\":\"https:\\\/\\\/simpo-datatec.com\\\/wp-content\\\/uploads\\\/2024\\\/10\\\/1-500x500-27.jpg\",\"contentUrl\":\"https:\\\/\\\/simpo-datatec.com\\\/wp-content\\\/uploads\\\/2024\\\/10\\\/1-500x500-27.jpg\",\"width\":500,\"height\":500,\"caption\":\"K1 Scanner\"},{\"@type\":\"BreadcrumbList\",\"@id\":\"https:\\\/\\\/simpo-datatec.com\\\/ru\\\/products\\\/product\\\/barcode-scanner\\\/k1-scanner\\\/#breadcrumb\",\"itemListElement\":[{\"@type\":\"ListItem\",\"position\":1,\"name\":\"\u9996\u9875\",\"item\":\"https:\\\/\\\/simpo-datatec.com\\\/\"},{\"@type\":\"ListItem\",\"position\":2,\"name\":\"Products\",\"item\":\"https:\\\/\\\/simpo-datatec.com\\\/products\\\/\"},{\"@type\":\"ListItem\",\"position\":3,\"name\":\"K1 Scanner\"}]},{\"@type\":\"WebSite\",\"@id\":\"https:\\\/\\\/simpo-datatec.com\\\/#website\",\"url\":\"https:\\\/\\\/simpo-datatec.com\\\/\",\"name\":\"simpo-datatec.com\",\"description\":\"\",\"potentialAction\":[{\"@type\":\"SearchAction\",\"target\":{\"@type\":\"EntryPoint\",\"urlTemplate\":\"https:\\\/\\\/simpo-datatec.com\\\/?s={search_term_string}\"},\"query-input\":{\"@type\":\"PropertyValueSpecification\",\"valueRequired\":true,\"valueName\":\"search_term_string\"}}],\"inLanguage\":\"pt-PT\"}]}<\/script>\n<!-- \/ Yoast SEO plugin. -->","yoast_head_json":{"title":"K1 Scanner - simpo-datatec.com","description":"K1 Scanner - all-in-one POS terminals, touch screen monitors, thermal receipt printers, barcode scanners, cash drawers, and mobile POS devices","robots":{"index":"index","follow":"follow","max-snippet":"max-snippet:-1","max-image-preview":"max-image-preview:large","max-video-preview":"max-video-preview:-1"},"canonical":"https:\/\/simpo-datatec.com\/pt\/products\/product\/barcode-scanner\/k1-scanner\/","og_locale":"pt_PT","og_type":"article","og_title":"K1 Scanner - simpo-datatec.com","og_description":"K1 Scanner - all-in-one POS terminals, touch screen monitors, thermal receipt printers, barcode scanners, cash drawers, and mobile POS devices","og_url":"https:\/\/simpo-datatec.com\/pt\/products\/product\/barcode-scanner\/k1-scanner\/","og_site_name":"simpo-datatec.com","article_modified_time":"2025-08-09T02:13:37+00:00","og_image":[{"width":500,"height":500,"url":"https:\/\/simpo-datatec.com\/wp-content\/uploads\/2024\/10\/1-500x500-27.jpg","type":"image\/jpeg"}],"twitter_card":"summary_large_image","twitter_misc":{"Tempo estimado de leitura":"4 minutos"},"schema":{"@context":"https:\/\/schema.org","@graph":[{"@type":"WebPage","@id":"https:\/\/simpo-datatec.com\/ru\/products\/product\/barcode-scanner\/k1-scanner\/","url":"https:\/\/simpo-datatec.com\/ru\/products\/product\/barcode-scanner\/k1-scanner\/","name":"K1 Scanner - simpo-datatec.com","isPartOf":{"@id":"https:\/\/simpo-datatec.com\/#website"},"primaryImageOfPage":{"@id":"https:\/\/simpo-datatec.com\/ru\/products\/product\/barcode-scanner\/k1-scanner\/#primaryimage"},"image":{"@id":"https:\/\/simpo-datatec.com\/ru\/products\/product\/barcode-scanner\/k1-scanner\/#primaryimage"},"thumbnailUrl":"https:\/\/simpo-datatec.com\/wp-content\/uploads\/2024\/10\/1-500x500-27.jpg","datePublished":"2024-10-10T09:34:53+00:00","dateModified":"2025-08-09T02:13:37+00:00","description":"K1 Scanner - all-in-one POS terminals, touch screen monitors, thermal receipt printers, barcode scanners, cash drawers, and mobile POS devices","breadcrumb":{"@id":"https:\/\/simpo-datatec.com\/ru\/products\/product\/barcode-scanner\/k1-scanner\/#breadcrumb"},"inLanguage":"pt-PT","potentialAction":[{"@type":"ReadAction","target":["https:\/\/simpo-datatec.com\/ru\/products\/product\/barcode-scanner\/k1-scanner\/"]}]},{"@type":"ImageObject","inLanguage":"pt-PT","@id":"https:\/\/simpo-datatec.com\/ru\/products\/product\/barcode-scanner\/k1-scanner\/#primaryimage","url":"https:\/\/simpo-datatec.com\/wp-content\/uploads\/2024\/10\/1-500x500-27.jpg","contentUrl":"https:\/\/simpo-datatec.com\/wp-content\/uploads\/2024\/10\/1-500x500-27.jpg","width":500,"height":500,"caption":"K1 Scanner"},{"@type":"BreadcrumbList","@id":"https:\/\/simpo-datatec.com\/ru\/products\/product\/barcode-scanner\/k1-scanner\/#breadcrumb","itemListElement":[{"@type":"ListItem","position":1,"name":"\u9996\u9875","item":"https:\/\/simpo-datatec.com\/"},{"@type":"ListItem","position":2,"name":"Products","item":"https:\/\/simpo-datatec.com\/products\/"},{"@type":"ListItem","position":3,"name":"K1 Scanner"}]},{"@type":"WebSite","@id":"https:\/\/simpo-datatec.com\/#website","url":"https:\/\/simpo-datatec.com\/","name":"simpo-datatec.com","description":"","potentialAction":[{"@type":"SearchAction","target":{"@type":"EntryPoint","urlTemplate":"https:\/\/simpo-datatec.com\/?s={search_term_string}"},"query-input":{"@type":"PropertyValueSpecification","valueRequired":true,"valueName":"search_term_string"}}],"inLanguage":"pt-PT"}]}},"_links":{"self":[{"href":"https:\/\/simpo-datatec.com\/pt\/wp-json\/wp\/v2\/product\/783","targetHints":{"allow":["GET"]}}],"collection":[{"href":"https:\/\/simpo-datatec.com\/pt\/wp-json\/wp\/v2\/product"}],"about":[{"href":"https:\/\/simpo-datatec.com\/pt\/wp-json\/wp\/v2\/types\/product"}],"replies":[{"embeddable":true,"href":"https:\/\/simpo-datatec.com\/pt\/wp-json\/wp\/v2\/comments?post=783"}],"wp:featuredmedia":[{"embeddable":true,"href":"https:\/\/simpo-datatec.com\/pt\/wp-json\/wp\/v2\/media\/784"}],"wp:attachment":[{"href":"https:\/\/simpo-datatec.com\/pt\/wp-json\/wp\/v2\/media?parent=783"}],"wp:term":[{"taxonomy":"product_brand","embeddable":true,"href":"https:\/\/simpo-datatec.com\/pt\/wp-json\/wp\/v2\/product_brand?post=783"},{"taxonomy":"product_cat","embeddable":true,"href":"https:\/\/simpo-datatec.com\/pt\/wp-json\/wp\/v2\/product_cat?post=783"},{"taxonomy":"product_tag","embeddable":true,"href":"https:\/\/simpo-datatec.com\/pt\/wp-json\/wp\/v2\/product_tag?post=783"}],"curies":[{"name":"wp","href":"https:\/\/api.w.org\/{rel}","templated":true}]}}