{"id":779,"date":"2024-10-10T17:33:38","date_gmt":"2024-10-10T09:33:38","guid":{"rendered":"https:\/\/simpo-datatec.com\/?post_type=product&#038;p=779"},"modified":"2025-08-09T10:14:17","modified_gmt":"2025-08-09T02:14:17","slug":"f1-scanner-2","status":"publish","type":"product","link":"https:\/\/simpo-datatec.com\/pt\/products\/product\/barcode-scanner\/f1-scanner-2\/","title":{"rendered":"Scanner F2"},"content":{"rendered":"<table width=\"915\">\n<tbody>\n<tr>\n<td colspan=\"2\" width=\"351\">Item<\/td>\n<td colspan=\"3\" width=\"563\">Par\u00e2metros<\/td>\n<\/tr>\n<tr>\n<td rowspan=\"17\" width=\"143\">Desempenho<\/td>\n<td width=\"207\">Sensor de imagem<\/td>\n<td colspan=\"3\" width=\"563\">Gerador de imagens lineares<\/td>\n<\/tr>\n<tr>\n<td width=\"207\">Fonte de luz<\/td>\n<td colspan=\"3\" width=\"563\">luz LED VERMELHA vis\u00edvel segura (632nm)<\/td>\n<\/tr>\n<tr>\n<td rowspan=\"3\" width=\"207\">Simbologias<\/td>\n<td colspan=\"3\" width=\"563\">Australian Post, Aztec, BPO, Canada Post, Codabar, Codablock,<\/td>\n<\/tr>\n<tr>\n<td colspan=\"3\" width=\"563\">C\u00f3digo 11, C\u00f3digo 39, C\u00f3digo 93, C\u00f3digo 128\/EAN128, Correio holand\u00eas,<\/td>\n<\/tr>\n<tr>\n<td colspan=\"3\" width=\"563\">EAN.UCC Composite, Interleaved 2 of 5, Japan Post, UPC\/EAN.<\/td>\n<\/tr>\n<tr>\n<td width=\"207\">Resolu\u00e7\u00e3o<\/td>\n<td colspan=\"3\" width=\"563\">\u22654mil \/ 0,1mm@PCS90%<\/td>\n<\/tr>\n<tr>\n<td rowspan=\"4\" width=\"207\">Ler \u00e2ngulo<\/td>\n<td colspan=\"2\" width=\"180\">Condi\u00e7\u00f5es de ensaio<\/td>\n<td width=\"383\">Code 39,10mil\/0.25mm,PCS90%<\/td>\n<\/tr>\n<tr>\n<td width=\"90\">Pitch<\/td>\n<td colspan=\"2\" width=\"473\">5\u00b0~70\u00b0\uff08\u00b15\u00b0\uff09<\/td>\n<\/tr>\n<tr>\n<td width=\"90\">Rolo<\/td>\n<td colspan=\"2\" width=\"473\">5\u00b0~60\u00b0\uff08\u00b15\u00b0\uff09<\/td>\n<\/tr>\n<tr>\n<td width=\"90\">Inclina\u00e7\u00e3o<\/td>\n<td colspan=\"2\" width=\"473\">5\u00b0~70\u00b0\uff08\u00b15\u00b0\uff09<\/td>\n<\/tr>\n<tr>\n<td width=\"207\">Taxa de varrimento<\/td>\n<td colspan=\"3\" width=\"563\">300 digitaliza\u00e7\u00f5es por segundo<\/td>\n<\/tr>\n<tr>\n<td width=\"207\">Velocidade de leitura<\/td>\n<td colspan=\"3\" width=\"563\">25cm\/s M\u00e1x.<\/td>\n<\/tr>\n<tr>\n<td rowspan=\"3\" width=\"207\">Profundidade de descodifica\u00e7\u00e3o<\/td>\n<td colspan=\"3\" width=\"563\">5 mil (C\u00f3digo 39):  9,0-12,0cm<\/td>\n<\/tr>\n<tr>\n<td colspan=\"3\" width=\"563\">13 mil (UPC\/EAN): 3,0-26,5 cm<\/td>\n<\/tr>\n<tr>\n<td colspan=\"3\" width=\"563\">20 mil (C\u00f3digo 39): 3,0-40,0cm<\/td>\n<\/tr>\n<tr>\n<td width=\"207\">Interfaces<\/td>\n<td colspan=\"3\" width=\"563\">RS-232, USB (porta virtual, compat\u00edvel apenas com MS e Mac OS)<\/td>\n<\/tr>\n<tr>\n<td width=\"207\">Imunidade \u00e0 luz ambiente<\/td>\n<td colspan=\"3\" width=\"563\">5000Lux Max.<\/td>\n<\/tr>\n<tr>\n<td rowspan=\"8\" width=\"143\">F\u00edsico<\/td>\n<td width=\"207\">Dimens\u00f5es (C\u00d7L\u00d7A)<\/td>\n<td colspan=\"3\" width=\"563\">168,8\u00d769,5\u00d799,5 mm<\/td>\n<\/tr>\n<tr>\n<td width=\"207\">Peso<\/td>\n<td colspan=\"3\" width=\"563\">120g<\/td>\n<\/tr>\n<tr>\n<td width=\"207\">Notifica\u00e7\u00e3o<\/td>\n<td colspan=\"3\" width=\"563\">Bip, indicador LED<\/td>\n<\/tr>\n<tr>\n<td width=\"207\">Cabo<\/td>\n<td colspan=\"3\" width=\"563\">Reto 1,5 m<\/td>\n<\/tr>\n<tr>\n<td width=\"207\">Adaptador de alimenta\u00e7\u00e3o (opcional)<\/td>\n<td colspan=\"3\" width=\"563\">Sa\u00edda: DC 5V, 1.5A Entrada: AC 100~240V, 50~60Hz<\/td>\n<\/tr>\n<tr>\n<td rowspan=\"3\" width=\"207\">Atual<\/td>\n<td colspan=\"2\" width=\"180\">M\u00e1ximo<\/td>\n<td width=\"383\">&lt;150mA<\/td>\n<\/tr>\n<tr>\n<td colspan=\"2\" width=\"180\">Funcionamento<\/td>\n<td width=\"383\">150mA<\/td>\n<\/tr>\n<tr>\n<td colspan=\"2\" width=\"180\">Em espera<\/td>\n<td width=\"383\">40mA<\/td>\n<\/tr>\n<tr>\n<td rowspan=\"5\" width=\"143\">Ambiental<\/td>\n<td width=\"207\">Temperatura de funcionamento<\/td>\n<td colspan=\"3\" width=\"563\">-20\u2103~60\u2103<\/td>\n<\/tr>\n<tr>\n<td width=\"207\">Temperatura de armazenamento<\/td>\n<td colspan=\"3\" width=\"563\">-40\u2103~80\u2103<\/td>\n<\/tr>\n<tr>\n<td width=\"207\">Humidade<\/td>\n<td colspan=\"3\" width=\"563\">5%~95% (sem condensa\u00e7\u00e3o)<\/td>\n<\/tr>\n<tr>\n<td width=\"207\">Gota<\/td>\n<td colspan=\"3\" width=\"563\">1.2m<\/td>\n<\/tr>\n<tr>\n<td width=\"207\">Veda\u00e7\u00e3o<\/td>\n<td colspan=\"3\" width=\"563\">IP54<\/td>\n<\/tr>\n<\/tbody>\n<\/table>\n<p>A SIMPO-DATA \u00e9 um fabricante l\u00edder de alta tecnologia dedicado \u00e0 I&amp;D, produ\u00e7\u00e3o, vendas e servi\u00e7o de sistemas POS (Point of Sale) avan\u00e7ados. Com mais de uma d\u00e9cada de profunda experi\u00eancia no sector, constru\u00edmos uma s\u00f3lida reputa\u00e7\u00e3o de fornecer solu\u00e7\u00f5es POS fi\u00e1veis, inovadoras e de elevado desempenho a clientes de todo o mundo.<\/p>\n<p>Desde a nossa funda\u00e7\u00e3o, temos aderido \u00e0 filosofia empresarial de \"A qualidade cria o mercado, a inova\u00e7\u00e3o cria o futuro\". Este compromisso leva-nos a melhorar continuamente os nossos produtos e a expandir as nossas ofertas para satisfazer as diversas exig\u00eancias dos mercados globais. A nossa carteira de produtos abrangente cobre uma vasta gama de ind\u00fastrias, incluindo retalho, restaura\u00e7\u00e3o, supermercados, hotelaria, alimenta\u00e7\u00e3o e bebidas e log\u00edstica. Quer esteja a gerir um pequeno neg\u00f3cio ou uma grande cadeia de opera\u00e7\u00f5es, a SIMPO-DATA tem a solu\u00e7\u00e3o POS certa para si.<\/p>\n<p>Vasta gama de produtos<br \/>\nA nossa linha de produtos POS inclui terminais POS tudo-em-um, monitores de ecr\u00e3 t\u00e1til, impressoras t\u00e9rmicas de recibos, leitores de c\u00f3digos de barras, gavetas de dinheiro e dispositivos POS m\u00f3veis. Fornecemos sistemas POS completos e integrados, bem como componentes individuais, permitindo-lhe personalizar a solu\u00e7\u00e3o que melhor se adapta ao seu modelo de neg\u00f3cio.<a href=\"https:\/\/simpo-datatec.com\/pt\/products\/\" target=\"_blank\" rel=\"noopener\">Clique aqui para ver mais produtos.<\/a><\/p>\n<p>Inova\u00e7\u00e3o no centro<br \/>\nA nossa equipa profissional de I&amp;D est\u00e1 empenhada na inova\u00e7\u00e3o cont\u00ednua em termos de design, desempenho e experi\u00eancia do utilizador. Ao mantermo-nos \u00e0 frente das tend\u00eancias do mercado e dos avan\u00e7os tecnol\u00f3gicos, garantimos que os produtos SIMPO-DATA permanecem competitivos e preparados para o futuro. Cada produto \u00e9 desenvolvido com especial aten\u00e7\u00e3o aos detalhes - desde o design ergon\u00f3mico e as interfaces intuitivas at\u00e9 ao desempenho est\u00e1vel do sistema e \u00e0 efici\u00eancia energ\u00e9tica.<\/p>\n<p>Qualidade em que pode confiar<br \/>\nA qualidade \u00e9 a nossa principal prioridade. Desde a sele\u00e7\u00e3o das mat\u00e9rias-primas at\u00e9 \u00e0 produ\u00e7\u00e3o final, cada passo \u00e9 sujeito a rigorosos procedimentos de controlo de qualidade. As nossas instala\u00e7\u00f5es de fabrico est\u00e3o equipadas com equipamento de teste avan\u00e7ado para garantir que cada produto cumpre as normas de qualidade internacionais e proporciona um desempenho duradouro.<\/p>\n<p>Servi\u00e7o e suporte global<br \/>\nNa SIMPO-DATA, n\u00e3o nos limitamos a vender produtos - fornecemos solu\u00e7\u00f5es completas e um apoio p\u00f3s-venda fi\u00e1vel. A nossa equipa de engenheiros experientes e especialistas de servi\u00e7o ao cliente est\u00e1 pronta para o ajudar com a instala\u00e7\u00e3o, forma\u00e7\u00e3o, manuten\u00e7\u00e3o e apoio t\u00e9cnico. O nosso objetivo \u00e9 ajudar os nossos parceiros a maximizar a efici\u00eancia, reduzir os custos e aumentar a satisfa\u00e7\u00e3o do cliente.<\/p>\n<p>Porqu\u00ea escolher a SIMPO-DATA?<\/p>\n<p>Mais de 10 anos de experi\u00eancia dedicada ao sector dos POS<\/p>\n<p>Fortes capacidades de I&amp;D com inova\u00e7\u00e3o cont\u00ednua<\/p>\n<p>Gama abrangente de produtos que cobrem v\u00e1rios sectores<\/p>\n<p>Controlo de qualidade rigoroso e cumprimento das normas internacionais<\/p>\n<p>Equipa profissional de vendas e apoio t\u00e9cnico a n\u00edvel mundial<\/p>\n<p>Fa\u00e7a uma parceria com a SIMPO-DATA e deixe que as nossas solu\u00e7\u00f5es de POS potenciem as suas opera\u00e7\u00f5es comerciais. Juntos, podemos ajud\u00e1-lo a simplificar as transac\u00e7\u00f5es, melhorar a efici\u00eancia operacional e proporcionar experi\u00eancias excepcionais aos clientes.<\/p>","protected":false},"excerpt":{"rendered":"<p>Taxa de digitaliza\u00e7\u00e3o 300 digitaliza\u00e7\u00f5es por segundo<br \/>\nVelocidade de leitura 25cm\/s M\u00e1x.<\/p>\n<p>&nbsp;<\/p>","protected":false},"featured_media":780,"comment_status":"open","ping_status":"closed","template":"","meta":[],"product_brand":[],"product_cat":[178,17],"product_tag":[],"class_list":{"0":"post-779","1":"product","2":"type-product","3":"status-publish","4":"has-post-thumbnail","6":"product_cat-barcode-scanner","7":"product_cat-uncategorized","9":"first","10":"instock","11":"shipping-taxable","12":"product-type-simple"},"yoast_head":"<!-- This site is optimized with the Yoast SEO plugin v27.3 - https:\/\/yoast.com\/product\/yoast-seo-wordpress\/ -->\n<title>F2 Scanner - simpo-datatec.com<\/title>\n<meta name=\"description\" content=\"F2 Scanner - all-in-one POS terminals, touch screen monitors, thermal receipt printers, barcode scanners, cash drawers, and mobile POS devices\" \/>\n<meta name=\"robots\" content=\"index, follow, max-snippet:-1, max-image-preview:large, max-video-preview:-1\" \/>\n<link rel=\"canonical\" href=\"https:\/\/simpo-datatec.com\/pt\/products\/product\/barcode-scanner\/f1-scanner-2\/\" \/>\n<meta property=\"og:locale\" content=\"pt_PT\" \/>\n<meta property=\"og:type\" content=\"article\" \/>\n<meta property=\"og:title\" content=\"F2 Scanner - simpo-datatec.com\" \/>\n<meta property=\"og:description\" content=\"F2 Scanner - all-in-one POS terminals, touch screen monitors, thermal receipt printers, barcode scanners, cash drawers, and mobile POS devices\" \/>\n<meta property=\"og:url\" content=\"https:\/\/simpo-datatec.com\/pt\/products\/product\/barcode-scanner\/f1-scanner-2\/\" \/>\n<meta property=\"og:site_name\" content=\"simpo-datatec.com\" \/>\n<meta property=\"article:modified_time\" content=\"2025-08-09T02:14:17+00:00\" \/>\n<meta property=\"og:image\" content=\"https:\/\/simpo-datatec.com\/wp-content\/uploads\/2024\/10\/1-500x500-26.jpg\" \/>\n\t<meta property=\"og:image:width\" content=\"500\" \/>\n\t<meta property=\"og:image:height\" content=\"500\" \/>\n\t<meta property=\"og:image:type\" content=\"image\/jpeg\" \/>\n<meta name=\"twitter:card\" content=\"summary_large_image\" \/>\n<meta name=\"twitter:label1\" content=\"Tempo estimado de leitura\" \/>\n\t<meta name=\"twitter:data1\" content=\"3 minutos\" \/>\n<script type=\"application\/ld+json\" class=\"yoast-schema-graph\">{\"@context\":\"https:\\\/\\\/schema.org\",\"@graph\":[{\"@type\":\"WebPage\",\"@id\":\"https:\\\/\\\/simpo-datatec.com\\\/ru\\\/products\\\/product\\\/barcode-scanner\\\/f1-scanner-2\\\/\",\"url\":\"https:\\\/\\\/simpo-datatec.com\\\/ru\\\/products\\\/product\\\/barcode-scanner\\\/f1-scanner-2\\\/\",\"name\":\"F2 Scanner - simpo-datatec.com\",\"isPartOf\":{\"@id\":\"https:\\\/\\\/simpo-datatec.com\\\/#website\"},\"primaryImageOfPage\":{\"@id\":\"https:\\\/\\\/simpo-datatec.com\\\/ru\\\/products\\\/product\\\/barcode-scanner\\\/f1-scanner-2\\\/#primaryimage\"},\"image\":{\"@id\":\"https:\\\/\\\/simpo-datatec.com\\\/ru\\\/products\\\/product\\\/barcode-scanner\\\/f1-scanner-2\\\/#primaryimage\"},\"thumbnailUrl\":\"https:\\\/\\\/simpo-datatec.com\\\/wp-content\\\/uploads\\\/2024\\\/10\\\/1-500x500-26.jpg\",\"datePublished\":\"2024-10-10T09:33:38+00:00\",\"dateModified\":\"2025-08-09T02:14:17+00:00\",\"description\":\"F2 Scanner - all-in-one POS terminals, touch screen monitors, thermal receipt printers, barcode scanners, cash drawers, and mobile POS devices\",\"breadcrumb\":{\"@id\":\"https:\\\/\\\/simpo-datatec.com\\\/ru\\\/products\\\/product\\\/barcode-scanner\\\/f1-scanner-2\\\/#breadcrumb\"},\"inLanguage\":\"pt-PT\",\"potentialAction\":[{\"@type\":\"ReadAction\",\"target\":[\"https:\\\/\\\/simpo-datatec.com\\\/ru\\\/products\\\/product\\\/barcode-scanner\\\/f1-scanner-2\\\/\"]}]},{\"@type\":\"ImageObject\",\"inLanguage\":\"pt-PT\",\"@id\":\"https:\\\/\\\/simpo-datatec.com\\\/ru\\\/products\\\/product\\\/barcode-scanner\\\/f1-scanner-2\\\/#primaryimage\",\"url\":\"https:\\\/\\\/simpo-datatec.com\\\/wp-content\\\/uploads\\\/2024\\\/10\\\/1-500x500-26.jpg\",\"contentUrl\":\"https:\\\/\\\/simpo-datatec.com\\\/wp-content\\\/uploads\\\/2024\\\/10\\\/1-500x500-26.jpg\",\"width\":500,\"height\":500,\"caption\":\"F2 Scanner\"},{\"@type\":\"BreadcrumbList\",\"@id\":\"https:\\\/\\\/simpo-datatec.com\\\/ru\\\/products\\\/product\\\/barcode-scanner\\\/f1-scanner-2\\\/#breadcrumb\",\"itemListElement\":[{\"@type\":\"ListItem\",\"position\":1,\"name\":\"\u9996\u9875\",\"item\":\"https:\\\/\\\/simpo-datatec.com\\\/\"},{\"@type\":\"ListItem\",\"position\":2,\"name\":\"Products\",\"item\":\"https:\\\/\\\/simpo-datatec.com\\\/products\\\/\"},{\"@type\":\"ListItem\",\"position\":3,\"name\":\"F2 Scanner\"}]},{\"@type\":\"WebSite\",\"@id\":\"https:\\\/\\\/simpo-datatec.com\\\/#website\",\"url\":\"https:\\\/\\\/simpo-datatec.com\\\/\",\"name\":\"simpo-datatec.com\",\"description\":\"\",\"potentialAction\":[{\"@type\":\"SearchAction\",\"target\":{\"@type\":\"EntryPoint\",\"urlTemplate\":\"https:\\\/\\\/simpo-datatec.com\\\/?s={search_term_string}\"},\"query-input\":{\"@type\":\"PropertyValueSpecification\",\"valueRequired\":true,\"valueName\":\"search_term_string\"}}],\"inLanguage\":\"pt-PT\"}]}<\/script>\n<!-- \/ Yoast SEO plugin. -->","yoast_head_json":{"title":"F2 Scanner - simpo-datatec.com","description":"F2 Scanner - all-in-one POS terminals, touch screen monitors, thermal receipt printers, barcode scanners, cash drawers, and mobile POS devices","robots":{"index":"index","follow":"follow","max-snippet":"max-snippet:-1","max-image-preview":"max-image-preview:large","max-video-preview":"max-video-preview:-1"},"canonical":"https:\/\/simpo-datatec.com\/pt\/products\/product\/barcode-scanner\/f1-scanner-2\/","og_locale":"pt_PT","og_type":"article","og_title":"F2 Scanner - simpo-datatec.com","og_description":"F2 Scanner - all-in-one POS terminals, touch screen monitors, thermal receipt printers, barcode scanners, cash drawers, and mobile POS devices","og_url":"https:\/\/simpo-datatec.com\/pt\/products\/product\/barcode-scanner\/f1-scanner-2\/","og_site_name":"simpo-datatec.com","article_modified_time":"2025-08-09T02:14:17+00:00","og_image":[{"width":500,"height":500,"url":"https:\/\/simpo-datatec.com\/wp-content\/uploads\/2024\/10\/1-500x500-26.jpg","type":"image\/jpeg"}],"twitter_card":"summary_large_image","twitter_misc":{"Tempo estimado de leitura":"3 minutos"},"schema":{"@context":"https:\/\/schema.org","@graph":[{"@type":"WebPage","@id":"https:\/\/simpo-datatec.com\/ru\/products\/product\/barcode-scanner\/f1-scanner-2\/","url":"https:\/\/simpo-datatec.com\/ru\/products\/product\/barcode-scanner\/f1-scanner-2\/","name":"F2 Scanner - simpo-datatec.com","isPartOf":{"@id":"https:\/\/simpo-datatec.com\/#website"},"primaryImageOfPage":{"@id":"https:\/\/simpo-datatec.com\/ru\/products\/product\/barcode-scanner\/f1-scanner-2\/#primaryimage"},"image":{"@id":"https:\/\/simpo-datatec.com\/ru\/products\/product\/barcode-scanner\/f1-scanner-2\/#primaryimage"},"thumbnailUrl":"https:\/\/simpo-datatec.com\/wp-content\/uploads\/2024\/10\/1-500x500-26.jpg","datePublished":"2024-10-10T09:33:38+00:00","dateModified":"2025-08-09T02:14:17+00:00","description":"F2 Scanner - all-in-one POS terminals, touch screen monitors, thermal receipt printers, barcode scanners, cash drawers, and mobile POS devices","breadcrumb":{"@id":"https:\/\/simpo-datatec.com\/ru\/products\/product\/barcode-scanner\/f1-scanner-2\/#breadcrumb"},"inLanguage":"pt-PT","potentialAction":[{"@type":"ReadAction","target":["https:\/\/simpo-datatec.com\/ru\/products\/product\/barcode-scanner\/f1-scanner-2\/"]}]},{"@type":"ImageObject","inLanguage":"pt-PT","@id":"https:\/\/simpo-datatec.com\/ru\/products\/product\/barcode-scanner\/f1-scanner-2\/#primaryimage","url":"https:\/\/simpo-datatec.com\/wp-content\/uploads\/2024\/10\/1-500x500-26.jpg","contentUrl":"https:\/\/simpo-datatec.com\/wp-content\/uploads\/2024\/10\/1-500x500-26.jpg","width":500,"height":500,"caption":"F2 Scanner"},{"@type":"BreadcrumbList","@id":"https:\/\/simpo-datatec.com\/ru\/products\/product\/barcode-scanner\/f1-scanner-2\/#breadcrumb","itemListElement":[{"@type":"ListItem","position":1,"name":"\u9996\u9875","item":"https:\/\/simpo-datatec.com\/"},{"@type":"ListItem","position":2,"name":"Products","item":"https:\/\/simpo-datatec.com\/products\/"},{"@type":"ListItem","position":3,"name":"F2 Scanner"}]},{"@type":"WebSite","@id":"https:\/\/simpo-datatec.com\/#website","url":"https:\/\/simpo-datatec.com\/","name":"simpo-datatec.com","description":"","potentialAction":[{"@type":"SearchAction","target":{"@type":"EntryPoint","urlTemplate":"https:\/\/simpo-datatec.com\/?s={search_term_string}"},"query-input":{"@type":"PropertyValueSpecification","valueRequired":true,"valueName":"search_term_string"}}],"inLanguage":"pt-PT"}]}},"_links":{"self":[{"href":"https:\/\/simpo-datatec.com\/pt\/wp-json\/wp\/v2\/product\/779","targetHints":{"allow":["GET"]}}],"collection":[{"href":"https:\/\/simpo-datatec.com\/pt\/wp-json\/wp\/v2\/product"}],"about":[{"href":"https:\/\/simpo-datatec.com\/pt\/wp-json\/wp\/v2\/types\/product"}],"replies":[{"embeddable":true,"href":"https:\/\/simpo-datatec.com\/pt\/wp-json\/wp\/v2\/comments?post=779"}],"wp:featuredmedia":[{"embeddable":true,"href":"https:\/\/simpo-datatec.com\/pt\/wp-json\/wp\/v2\/media\/780"}],"wp:attachment":[{"href":"https:\/\/simpo-datatec.com\/pt\/wp-json\/wp\/v2\/media?parent=779"}],"wp:term":[{"taxonomy":"product_brand","embeddable":true,"href":"https:\/\/simpo-datatec.com\/pt\/wp-json\/wp\/v2\/product_brand?post=779"},{"taxonomy":"product_cat","embeddable":true,"href":"https:\/\/simpo-datatec.com\/pt\/wp-json\/wp\/v2\/product_cat?post=779"},{"taxonomy":"product_tag","embeddable":true,"href":"https:\/\/simpo-datatec.com\/pt\/wp-json\/wp\/v2\/product_tag?post=779"}],"curies":[{"name":"wp","href":"https:\/\/api.w.org\/{rel}","templated":true}]}}