{"id":748,"date":"2024-10-10T17:25:40","date_gmt":"2024-10-10T09:25:40","guid":{"rendered":"https:\/\/simpo-datatec.com\/?post_type=product&#038;p=748"},"modified":"2025-08-09T14:29:59","modified_gmt":"2025-08-09T06:29:59","slug":"s15-2-foldable-pos-terminal","status":"publish","type":"product","link":"https:\/\/simpo-datatec.com\/pt\/products\/resolution\/1366-x-768\/s15-2-foldable-pos-terminal\/","title":{"rendered":"S15-2 TERMINAL POS dobr\u00e1vel"},"content":{"rendered":"<table width=\"992\">\n<tbody>\n<tr>\n<td width=\"278\">Item<\/td>\n<td colspan=\"2\" width=\"714\">Par\u00e2metros<\/td>\n<\/tr>\n<tr>\n<td width=\"278\">CPU<\/td>\n<td colspan=\"2\" width=\"714\">Intel Core i3 8nd<\/td>\n<\/tr>\n<tr>\n<td width=\"278\">RAM<\/td>\n<td colspan=\"2\" width=\"714\">8G<\/td>\n<\/tr>\n<tr>\n<td width=\"278\">Disco r\u00edgido<\/td>\n<td colspan=\"2\" width=\"714\">SSD DE 128G<\/td>\n<\/tr>\n<tr>\n<td width=\"278\">Suporte do SO (n\u00e3o inclui o SO)<\/td>\n<td colspan=\"2\" width=\"714\">Windows XP\/7\/8\/10\/11, Linux<\/td>\n<\/tr>\n<tr>\n<td width=\"278\">Resolu\u00e7\u00e3o<\/td>\n<td colspan=\"2\" width=\"714\">1366*768<\/td>\n<\/tr>\n<tr>\n<td width=\"278\">DisplayScreen<\/td>\n<td colspan=\"2\" width=\"714\">TFT-LCD de 15,6 polegadas<\/td>\n<\/tr>\n<tr>\n<td width=\"278\">Ecr\u00e3 t\u00e1til<\/td>\n<td colspan=\"2\" width=\"714\">Ecr\u00e3 t\u00e1til capacitivo de 10 pontos em ecr\u00e3 total<\/td>\n<\/tr>\n<tr>\n<td width=\"278\">Interface<\/td>\n<td colspan=\"2\" width=\"714\">COM*1, VGA*1, RJ45*1, DC-IN*1, MIC*1, sa\u00edda de \u00e1udio*1, USB*6(2 exteriores)<\/td>\n<\/tr>\n<tr>\n<td width=\"278\">Cor<\/td>\n<td colspan=\"2\" width=\"714\">Prateado\/Preto<\/td>\n<\/tr>\n<tr>\n<td colspan=\"3\">Outros<\/td>\n<\/tr>\n<tr>\n<td>Certificados<\/td>\n<td colspan=\"2\">CE, ROHS, FCC,CCC<\/td>\n<\/tr>\n<tr>\n<td width=\"278\">Temperatura de funcionamento<\/td>\n<td colspan=\"2\" width=\"714\">0\u2103-50\u2103<\/td>\n<\/tr>\n<tr>\n<td width=\"278\">Temperatura de armazenamento<\/td>\n<td colspan=\"2\" width=\"714\">- 20\u2103~60\u2103<\/td>\n<\/tr>\n<tr>\n<td width=\"278\">Humidade<\/td>\n<td colspan=\"2\" width=\"714\">10%~90%<\/td>\n<\/tr>\n<tr>\n<td>Fonte de alimenta\u00e7\u00e3o<\/td>\n<td colspan=\"2\">adaptador de alimenta\u00e7\u00e3o externo 12V 5A<\/td>\n<\/tr>\n<tr>\n<td colspan=\"3\">Dom\u00ednios de aplica\u00e7\u00e3o<\/td>\n<\/tr>\n<tr>\n<td colspan=\"3\">Restaurante, retalho, supermercado, F&amp;B, log\u00edstica, etc.<\/td>\n<\/tr>\n<tr>\n<td colspan=\"3\">Embalagem<\/td>\n<\/tr>\n<tr>\n<td>N.W<\/td>\n<td colspan=\"2\" width=\"714\">6KG<\/td>\n<\/tr>\n<tr>\n<td>G.W<\/td>\n<td colspan=\"2\" width=\"714\">6,5 kg<\/td>\n<\/tr>\n<tr>\n<td>Tamanho da caixa<\/td>\n<td colspan=\"2\" width=\"714\">46*28*42cm<\/td>\n<\/tr>\n<\/tbody>\n<\/table>\n<p>A SIMPO-DATA \u00e9 um fabricante l\u00edder de alta tecnologia dedicado \u00e0 I&amp;D, produ\u00e7\u00e3o, vendas e servi\u00e7o de sistemas POS (Point of Sale) avan\u00e7ados. Com mais de uma d\u00e9cada de profunda experi\u00eancia no sector, constru\u00edmos uma s\u00f3lida reputa\u00e7\u00e3o de fornecer solu\u00e7\u00f5es POS fi\u00e1veis, inovadoras e de elevado desempenho a clientes de todo o mundo.<\/p>\n<p>Desde a nossa funda\u00e7\u00e3o, temos aderido \u00e0 filosofia empresarial de \"A qualidade cria o mercado, a inova\u00e7\u00e3o cria o futuro\". Este compromisso leva-nos a melhorar continuamente os nossos produtos e a expandir as nossas ofertas para satisfazer as diversas exig\u00eancias dos mercados globais. A nossa carteira de produtos abrangente cobre uma vasta gama de ind\u00fastrias, incluindo retalho, restaura\u00e7\u00e3o, supermercados, hotelaria, alimenta\u00e7\u00e3o e bebidas e log\u00edstica. Quer esteja a gerir um pequeno neg\u00f3cio ou uma grande cadeia de opera\u00e7\u00f5es, a SIMPO-DATA tem a solu\u00e7\u00e3o POS certa para si.<\/p>\n<p>Vasta gama de produtos<br \/>\nA nossa linha de produtos POS inclui terminais POS tudo-em-um, monitores de ecr\u00e3 t\u00e1til, impressoras t\u00e9rmicas de recibos, leitores de c\u00f3digos de barras, gavetas de dinheiro e dispositivos POS m\u00f3veis. Fornecemos sistemas POS completos e integrados, bem como componentes individuais, permitindo-lhe personalizar a solu\u00e7\u00e3o que melhor se adapta ao seu modelo de neg\u00f3cio.<a href=\"https:\/\/simpo-datatec.com\/pt\/products\/\" target=\"_blank\" rel=\"noopener\">Clique aqui para ver mais produtos.<\/a><\/p>\n<p>Inova\u00e7\u00e3o no centro<br \/>\nA nossa equipa profissional de I&amp;D est\u00e1 empenhada na inova\u00e7\u00e3o cont\u00ednua em termos de design, desempenho e experi\u00eancia do utilizador. Ao mantermo-nos \u00e0 frente das tend\u00eancias do mercado e dos avan\u00e7os tecnol\u00f3gicos, garantimos que os produtos SIMPO-DATA permanecem competitivos e preparados para o futuro. Cada produto \u00e9 desenvolvido com especial aten\u00e7\u00e3o aos detalhes - desde o design ergon\u00f3mico e as interfaces intuitivas at\u00e9 ao desempenho est\u00e1vel do sistema e \u00e0 efici\u00eancia energ\u00e9tica.<\/p>\n<p>Qualidade em que pode confiar<br \/>\nA qualidade \u00e9 a nossa principal prioridade. Desde a sele\u00e7\u00e3o das mat\u00e9rias-primas at\u00e9 \u00e0 produ\u00e7\u00e3o final, cada passo \u00e9 sujeito a rigorosos procedimentos de controlo de qualidade. As nossas instala\u00e7\u00f5es de fabrico est\u00e3o equipadas com equipamento de teste avan\u00e7ado para garantir que cada produto cumpre as normas de qualidade internacionais e proporciona um desempenho duradouro.<\/p>\n<p>Servi\u00e7o e suporte global<br \/>\nNa SIMPO-DATA, n\u00e3o nos limitamos a vender produtos - fornecemos solu\u00e7\u00f5es completas e um apoio p\u00f3s-venda fi\u00e1vel. A nossa equipa de engenheiros experientes e especialistas de servi\u00e7o ao cliente est\u00e1 pronta para o ajudar com a instala\u00e7\u00e3o, forma\u00e7\u00e3o, manuten\u00e7\u00e3o e apoio t\u00e9cnico. O nosso objetivo \u00e9 ajudar os nossos parceiros a maximizar a efici\u00eancia, reduzir os custos e aumentar a satisfa\u00e7\u00e3o do cliente.<\/p>\n<p>Porqu\u00ea escolher a SIMPO-DATA?<\/p>\n<p>Mais de 10 anos de experi\u00eancia dedicada ao sector dos POS<\/p>\n<p>Fortes capacidades de I&amp;D com inova\u00e7\u00e3o cont\u00ednua<\/p>\n<p>Gama abrangente de produtos que cobrem v\u00e1rios sectores<\/p>\n<p>Controlo de qualidade rigoroso e cumprimento das normas internacionais<\/p>\n<p>Equipa profissional de vendas e apoio t\u00e9cnico a n\u00edvel mundial<\/p>\n<p>Fa\u00e7a uma parceria com a SIMPO-DATA e deixe que as nossas solu\u00e7\u00f5es de POS potenciem as suas opera\u00e7\u00f5es comerciais. Juntos, podemos ajud\u00e1-lo a simplificar as transac\u00e7\u00f5es, melhorar a efici\u00eancia operacional e proporcionar experi\u00eancias excepcionais aos clientes.<\/p>","protected":false},"excerpt":{"rendered":"<p>Ecr\u00e3 LCD de n\u00edvel industrial A<br \/>\nA base de alum\u00ednio dobr\u00e1vel ajuda a poupar custos de transporte e espa\u00e7o de armazenamento<br \/>\nAdopta um design quadrado, est\u00e1vel e grandioso.<\/p>","protected":false},"featured_media":749,"comment_status":"open","ping_status":"closed","template":"","meta":[],"product_brand":[],"product_cat":[206,198,207,181,192,193,184,188,189,194,174,195,17,190,180],"product_tag":[],"class_list":{"0":"post-748","1":"product","2":"type-product","3":"status-publish","4":"has-post-thumbnail","6":"product_cat-1366-x-768","7":"product_cat-15-6","8":"product_cat-1920-x-1080","9":"product_cat-android-pos","10":"product_cat-core-i3","11":"product_cat-core-i5","12":"product_cat-desktop-pos-system","13":"product_cat-desktop-pos-system-stand-type","14":"product_cat-foldable-pos-system","15":"product_cat-j6412","16":"product_cat-pos-system","17":"product_cat-rk3568","18":"product_cat-uncategorized","19":"product_cat-wall-mounted-pos-system","20":"product_cat-windows-pos","22":"first","23":"instock","24":"shipping-taxable","25":"product-type-simple"},"yoast_head":"<!-- This site is optimized with the Yoast SEO plugin v27.3 - https:\/\/yoast.com\/product\/yoast-seo-wordpress\/ -->\n<title>S15-2 Foldable POS TERMINAL - simpo-datatec.com<\/title>\n<meta name=\"description\" content=\"S15-2 Foldable POS TERMINAL - all-in-one POS terminals, touch screen monitors, thermal receipt printers, barcode scanners, cash drawers\" \/>\n<meta name=\"robots\" content=\"index, follow, max-snippet:-1, max-image-preview:large, max-video-preview:-1\" \/>\n<link rel=\"canonical\" href=\"https:\/\/simpo-datatec.com\/pt\/products\/resolution\/1366-x-768\/s15-2-foldable-pos-terminal\/\" \/>\n<meta property=\"og:locale\" content=\"pt_PT\" \/>\n<meta property=\"og:type\" content=\"article\" \/>\n<meta property=\"og:title\" content=\"S15-2 Foldable POS TERMINAL - simpo-datatec.com\" \/>\n<meta property=\"og:description\" content=\"S15-2 Foldable POS TERMINAL - all-in-one POS terminals, touch screen monitors, thermal receipt printers, barcode scanners, cash drawers\" \/>\n<meta property=\"og:url\" content=\"https:\/\/simpo-datatec.com\/pt\/products\/resolution\/1366-x-768\/s15-2-foldable-pos-terminal\/\" \/>\n<meta property=\"og:site_name\" content=\"simpo-datatec.com\" \/>\n<meta property=\"article:modified_time\" content=\"2025-08-09T06:29:59+00:00\" \/>\n<meta property=\"og:image\" content=\"https:\/\/simpo-datatec.com\/wp-content\/uploads\/2024\/10\/1-500x500-20.jpg\" \/>\n\t<meta property=\"og:image:width\" content=\"500\" \/>\n\t<meta property=\"og:image:height\" content=\"500\" \/>\n\t<meta property=\"og:image:type\" content=\"image\/jpeg\" \/>\n<meta name=\"twitter:card\" content=\"summary_large_image\" \/>\n<meta name=\"twitter:label1\" content=\"Tempo estimado de leitura\" \/>\n\t<meta name=\"twitter:data1\" content=\"3 minutos\" \/>\n<script type=\"application\/ld+json\" class=\"yoast-schema-graph\">{\"@context\":\"https:\\\/\\\/schema.org\",\"@graph\":[{\"@type\":\"WebPage\",\"@id\":\"https:\\\/\\\/simpo-datatec.com\\\/products\\\/resolution\\\/1366-x-768\\\/s15-2-foldable-pos-terminal\\\/\",\"url\":\"https:\\\/\\\/simpo-datatec.com\\\/products\\\/resolution\\\/1366-x-768\\\/s15-2-foldable-pos-terminal\\\/\",\"name\":\"S15-2 Foldable POS TERMINAL - simpo-datatec.com\",\"isPartOf\":{\"@id\":\"https:\\\/\\\/simpo-datatec.com\\\/#website\"},\"primaryImageOfPage\":{\"@id\":\"https:\\\/\\\/simpo-datatec.com\\\/products\\\/resolution\\\/1366-x-768\\\/s15-2-foldable-pos-terminal\\\/#primaryimage\"},\"image\":{\"@id\":\"https:\\\/\\\/simpo-datatec.com\\\/products\\\/resolution\\\/1366-x-768\\\/s15-2-foldable-pos-terminal\\\/#primaryimage\"},\"thumbnailUrl\":\"https:\\\/\\\/simpo-datatec.com\\\/wp-content\\\/uploads\\\/2024\\\/10\\\/1-500x500-20.jpg\",\"datePublished\":\"2024-10-10T09:25:40+00:00\",\"dateModified\":\"2025-08-09T06:29:59+00:00\",\"description\":\"S15-2 Foldable POS TERMINAL - all-in-one POS terminals, touch screen monitors, thermal receipt printers, barcode scanners, cash drawers\",\"breadcrumb\":{\"@id\":\"https:\\\/\\\/simpo-datatec.com\\\/products\\\/resolution\\\/1366-x-768\\\/s15-2-foldable-pos-terminal\\\/#breadcrumb\"},\"inLanguage\":\"pt-PT\",\"potentialAction\":[{\"@type\":\"ReadAction\",\"target\":[\"https:\\\/\\\/simpo-datatec.com\\\/products\\\/resolution\\\/1366-x-768\\\/s15-2-foldable-pos-terminal\\\/\"]}]},{\"@type\":\"ImageObject\",\"inLanguage\":\"pt-PT\",\"@id\":\"https:\\\/\\\/simpo-datatec.com\\\/products\\\/resolution\\\/1366-x-768\\\/s15-2-foldable-pos-terminal\\\/#primaryimage\",\"url\":\"https:\\\/\\\/simpo-datatec.com\\\/wp-content\\\/uploads\\\/2024\\\/10\\\/1-500x500-20.jpg\",\"contentUrl\":\"https:\\\/\\\/simpo-datatec.com\\\/wp-content\\\/uploads\\\/2024\\\/10\\\/1-500x500-20.jpg\",\"width\":500,\"height\":500,\"caption\":\"S15-2 Foldable POS TERMINAL\"},{\"@type\":\"BreadcrumbList\",\"@id\":\"https:\\\/\\\/simpo-datatec.com\\\/products\\\/resolution\\\/1366-x-768\\\/s15-2-foldable-pos-terminal\\\/#breadcrumb\",\"itemListElement\":[{\"@type\":\"ListItem\",\"position\":1,\"name\":\"\u9996\u9875\",\"item\":\"https:\\\/\\\/simpo-datatec.com\\\/\"},{\"@type\":\"ListItem\",\"position\":2,\"name\":\"Products\",\"item\":\"https:\\\/\\\/simpo-datatec.com\\\/products\\\/\"},{\"@type\":\"ListItem\",\"position\":3,\"name\":\"S15-2 Foldable POS TERMINAL\"}]},{\"@type\":\"WebSite\",\"@id\":\"https:\\\/\\\/simpo-datatec.com\\\/#website\",\"url\":\"https:\\\/\\\/simpo-datatec.com\\\/\",\"name\":\"simpo-datatec.com\",\"description\":\"\",\"potentialAction\":[{\"@type\":\"SearchAction\",\"target\":{\"@type\":\"EntryPoint\",\"urlTemplate\":\"https:\\\/\\\/simpo-datatec.com\\\/?s={search_term_string}\"},\"query-input\":{\"@type\":\"PropertyValueSpecification\",\"valueRequired\":true,\"valueName\":\"search_term_string\"}}],\"inLanguage\":\"pt-PT\"}]}<\/script>\n<!-- \/ Yoast SEO plugin. -->","yoast_head_json":{"title":"S15-2 Foldable POS TERMINAL - simpo-datatec.com","description":"S15-2 Foldable POS TERMINAL - all-in-one POS terminals, touch screen monitors, thermal receipt printers, barcode scanners, cash drawers","robots":{"index":"index","follow":"follow","max-snippet":"max-snippet:-1","max-image-preview":"max-image-preview:large","max-video-preview":"max-video-preview:-1"},"canonical":"https:\/\/simpo-datatec.com\/pt\/products\/resolution\/1366-x-768\/s15-2-foldable-pos-terminal\/","og_locale":"pt_PT","og_type":"article","og_title":"S15-2 Foldable POS TERMINAL - simpo-datatec.com","og_description":"S15-2 Foldable POS TERMINAL - all-in-one POS terminals, touch screen monitors, thermal receipt printers, barcode scanners, cash drawers","og_url":"https:\/\/simpo-datatec.com\/pt\/products\/resolution\/1366-x-768\/s15-2-foldable-pos-terminal\/","og_site_name":"simpo-datatec.com","article_modified_time":"2025-08-09T06:29:59+00:00","og_image":[{"width":500,"height":500,"url":"https:\/\/simpo-datatec.com\/wp-content\/uploads\/2024\/10\/1-500x500-20.jpg","type":"image\/jpeg"}],"twitter_card":"summary_large_image","twitter_misc":{"Tempo estimado de leitura":"3 minutos"},"schema":{"@context":"https:\/\/schema.org","@graph":[{"@type":"WebPage","@id":"https:\/\/simpo-datatec.com\/products\/resolution\/1366-x-768\/s15-2-foldable-pos-terminal\/","url":"https:\/\/simpo-datatec.com\/products\/resolution\/1366-x-768\/s15-2-foldable-pos-terminal\/","name":"S15-2 Foldable POS TERMINAL - simpo-datatec.com","isPartOf":{"@id":"https:\/\/simpo-datatec.com\/#website"},"primaryImageOfPage":{"@id":"https:\/\/simpo-datatec.com\/products\/resolution\/1366-x-768\/s15-2-foldable-pos-terminal\/#primaryimage"},"image":{"@id":"https:\/\/simpo-datatec.com\/products\/resolution\/1366-x-768\/s15-2-foldable-pos-terminal\/#primaryimage"},"thumbnailUrl":"https:\/\/simpo-datatec.com\/wp-content\/uploads\/2024\/10\/1-500x500-20.jpg","datePublished":"2024-10-10T09:25:40+00:00","dateModified":"2025-08-09T06:29:59+00:00","description":"S15-2 Foldable POS TERMINAL - all-in-one POS terminals, touch screen monitors, thermal receipt printers, barcode scanners, cash drawers","breadcrumb":{"@id":"https:\/\/simpo-datatec.com\/products\/resolution\/1366-x-768\/s15-2-foldable-pos-terminal\/#breadcrumb"},"inLanguage":"pt-PT","potentialAction":[{"@type":"ReadAction","target":["https:\/\/simpo-datatec.com\/products\/resolution\/1366-x-768\/s15-2-foldable-pos-terminal\/"]}]},{"@type":"ImageObject","inLanguage":"pt-PT","@id":"https:\/\/simpo-datatec.com\/products\/resolution\/1366-x-768\/s15-2-foldable-pos-terminal\/#primaryimage","url":"https:\/\/simpo-datatec.com\/wp-content\/uploads\/2024\/10\/1-500x500-20.jpg","contentUrl":"https:\/\/simpo-datatec.com\/wp-content\/uploads\/2024\/10\/1-500x500-20.jpg","width":500,"height":500,"caption":"S15-2 Foldable POS TERMINAL"},{"@type":"BreadcrumbList","@id":"https:\/\/simpo-datatec.com\/products\/resolution\/1366-x-768\/s15-2-foldable-pos-terminal\/#breadcrumb","itemListElement":[{"@type":"ListItem","position":1,"name":"\u9996\u9875","item":"https:\/\/simpo-datatec.com\/"},{"@type":"ListItem","position":2,"name":"Products","item":"https:\/\/simpo-datatec.com\/products\/"},{"@type":"ListItem","position":3,"name":"S15-2 Foldable POS TERMINAL"}]},{"@type":"WebSite","@id":"https:\/\/simpo-datatec.com\/#website","url":"https:\/\/simpo-datatec.com\/","name":"simpo-datatec.com","description":"","potentialAction":[{"@type":"SearchAction","target":{"@type":"EntryPoint","urlTemplate":"https:\/\/simpo-datatec.com\/?s={search_term_string}"},"query-input":{"@type":"PropertyValueSpecification","valueRequired":true,"valueName":"search_term_string"}}],"inLanguage":"pt-PT"}]}},"_links":{"self":[{"href":"https:\/\/simpo-datatec.com\/pt\/wp-json\/wp\/v2\/product\/748","targetHints":{"allow":["GET"]}}],"collection":[{"href":"https:\/\/simpo-datatec.com\/pt\/wp-json\/wp\/v2\/product"}],"about":[{"href":"https:\/\/simpo-datatec.com\/pt\/wp-json\/wp\/v2\/types\/product"}],"replies":[{"embeddable":true,"href":"https:\/\/simpo-datatec.com\/pt\/wp-json\/wp\/v2\/comments?post=748"}],"wp:featuredmedia":[{"embeddable":true,"href":"https:\/\/simpo-datatec.com\/pt\/wp-json\/wp\/v2\/media\/749"}],"wp:attachment":[{"href":"https:\/\/simpo-datatec.com\/pt\/wp-json\/wp\/v2\/media?parent=748"}],"wp:term":[{"taxonomy":"product_brand","embeddable":true,"href":"https:\/\/simpo-datatec.com\/pt\/wp-json\/wp\/v2\/product_brand?post=748"},{"taxonomy":"product_cat","embeddable":true,"href":"https:\/\/simpo-datatec.com\/pt\/wp-json\/wp\/v2\/product_cat?post=748"},{"taxonomy":"product_tag","embeddable":true,"href":"https:\/\/simpo-datatec.com\/pt\/wp-json\/wp\/v2\/product_tag?post=748"}],"curies":[{"name":"wp","href":"https:\/\/api.w.org\/{rel}","templated":true}]}}