{"id":726,"date":"2024-10-10T17:20:19","date_gmt":"2024-10-10T09:20:19","guid":{"rendered":"https:\/\/simpo-datatec.com\/?post_type=product&#038;p=726"},"modified":"2025-08-09T14:34:43","modified_gmt":"2025-08-09T06:34:43","slug":"p80-6-80mm-thermal-printer","status":"publish","type":"product","link":"https:\/\/simpo-datatec.com\/pt\/products\/product\/thermal-printer\/p80-6-80mm-thermal-printer\/","title":{"rendered":"P80-6 Impressora t\u00e9rmica de 80 mm"},"content":{"rendered":"<table width=\"986\">\n<tbody>\n<tr>\n<td colspan=\"2\" width=\"383\">Item<\/td>\n<td width=\"602\">Par\u00e2metros<\/td>\n<\/tr>\n<tr>\n<td rowspan=\"8\" width=\"142\">Imprimir<\/td>\n<td width=\"241\">M\u00e9todo de impress\u00e3o<\/td>\n<td width=\"602\">Impress\u00e3o t\u00e9rmica direta de linhas<\/td>\n<\/tr>\n<tr>\n<td width=\"241\">Largura de impress\u00e3o<\/td>\n<td width=\"602\">64\/72 mm<\/td>\n<\/tr>\n<tr>\n<td width=\"241\">Densidade de pontos<\/td>\n<td width=\"602\">512\/576dot\/line<\/td>\n<\/tr>\n<tr>\n<td width=\"241\">Velocidade de impress\u00e3o<\/td>\n<td width=\"602\">160mm\/s<\/td>\n<\/tr>\n<tr>\n<td width=\"241\">Mem\u00f3ria<\/td>\n<td width=\"602\">RAM:64K Bytes, FLASH:256K Bytes<\/td>\n<\/tr>\n<tr>\n<td width=\"241\">Emula\u00e7\u00e3o<\/td>\n<td width=\"602\">ESC\/POS<\/td>\n<\/tr>\n<tr>\n<td width=\"241\">Interface<\/td>\n<td width=\"602\">S\u00e9rie+USB, Ethernet<\/td>\n<\/tr>\n<tr>\n<td width=\"241\">Espa\u00e7o de linha<\/td>\n<td width=\"602\">3,75 mm (pode ser ajustado)<\/td>\n<\/tr>\n<tr>\n<td rowspan=\"9\" width=\"142\">C\u00f3digo de barras&amp; Tipo de letra<\/td>\n<td rowspan=\"5\" width=\"241\">P\u00e1gina de c\u00f3digo<\/td>\n<td width=\"602\">PC437\/Katakana\/PC850\/PC860\/PC863\/PC865\/West Europe\/<\/td>\n<\/tr>\n<tr>\n<td width=\"602\">Grego\/Hebraico\/Europa Oriental\/Ir\u00e3o\/WPC1252\/PC866\/PC852\/<\/td>\n<\/tr>\n<tr>\n<td width=\"602\">PC858\/Ir\u00e3oII\/L\u00e1tvio\/\u00c1rabe\/PT151,1251\/PC737\/WPC\/<\/td>\n<\/tr>\n<tr>\n<td width=\"602\">1257\/Thai Vietnam\/PC864\/PC1001\/(Latvian)\/(PC1001)\/<\/td>\n<\/tr>\n<tr>\n<td width=\"602\">(PT151,1251)\/(WPC1257)\/(PC864)\/(Vietnam)\/(Thai)<\/td>\n<\/tr>\n<tr>\n<td rowspan=\"2\" width=\"241\">C\u00f3digo de barras<\/td>\n<td width=\"602\">UPC-A\/UPC-E\/JAN13(EAN13)\/JAN8 (EAN8)\/CODABAR\/ITF\/CODE39\/<\/td>\n<\/tr>\n<tr>\n<td width=\"602\">CODE93\/CODE128<\/td>\n<\/tr>\n<tr>\n<td width=\"241\">Tipo de letra<\/td>\n<td width=\"602\">Tipo de letra A (12\u00d724), tipo de letra B (9\u00d717), tipo de letra Kanji\uff0824\u00d724\uff09<\/td>\n<\/tr>\n<tr>\n<td width=\"241\">Caracteres por linha<\/td>\n<td width=\"602\">48-font A\/64-fontB<\/td>\n<\/tr>\n<tr>\n<td rowspan=\"4\" width=\"142\">Papel<\/td>\n<td width=\"241\">M\u00e9todo de fornecimento de papel<\/td>\n<td width=\"602\">Carregamento de papel<\/td>\n<\/tr>\n<tr>\n<td width=\"241\">Largura do papel<\/td>\n<td width=\"602\">Largura do papel: 79,5 \u00b10,5<\/td>\n<\/tr>\n<tr>\n<td width=\"241\">Espessura do papel<\/td>\n<td width=\"602\">0,06~0,08mm<\/td>\n<\/tr>\n<tr>\n<td width=\"241\">Di\u00e2metro externo do rolo de papel<\/td>\n<td width=\"602\">Max.83mm<\/td>\n<\/tr>\n<tr>\n<td rowspan=\"3\" width=\"142\">Alimenta\u00e7\u00e3o el\u00e9ctrica<\/td>\n<td width=\"241\">Entrada<\/td>\n<td width=\"602\">AC100~220V, 50~60Hz<\/td>\n<\/tr>\n<tr>\n<td width=\"241\">Sa\u00edda<\/td>\n<td width=\"602\">DC 24V\/2,5A<\/td>\n<\/tr>\n<tr>\n<td width=\"241\">Caixa fora<\/td>\n<td width=\"602\">DC 12V\/1A<\/td>\n<\/tr>\n<tr>\n<td rowspan=\"2\" width=\"142\">Fiabilidade<\/td>\n<td width=\"241\">Vida \u00fatil da cabe\u00e7a de impress\u00e3o<\/td>\n<td width=\"602\">50Km<\/td>\n<\/tr>\n<tr>\n<td width=\"241\">Vida \u00fatil do cortador<\/td>\n<td width=\"602\">1.000.000 cortes (corte total, espessura do papel: 0,07 mm)<\/td>\n<\/tr>\n<tr>\n<td rowspan=\"2\" width=\"142\">Ambiente<\/td>\n<td width=\"241\">Condi\u00e7\u00e3o de funcionamento<\/td>\n<td width=\"602\">Temperatura:5 ~ 45\u2103\uff0c Humidade:10 ~ 80%<\/td>\n<\/tr>\n<tr>\n<td width=\"241\">Estado de armazenamento<\/td>\n<td width=\"602\">Temperatura:-40 ~ 60\u2103 \uff0cUmidade:10 ~ 90%<\/td>\n<\/tr>\n<tr>\n<td rowspan=\"2\" width=\"142\">Espec. F\u00edsica<\/td>\n<td width=\"241\">Dimens\u00f5es<\/td>\n<td width=\"602\">184(L)\u00d7143(W)\u00d7133(H)mm<\/td>\n<\/tr>\n<tr>\n<td width=\"241\">Peso<\/td>\n<td width=\"602\">Aprox. 1,3Kg<\/td>\n<\/tr>\n<\/tbody>\n<\/table>\n<p>A SIMPO-DATA \u00e9 um fabricante l\u00edder de alta tecnologia dedicado \u00e0 I&amp;D, produ\u00e7\u00e3o, vendas e servi\u00e7o de sistemas POS (Point of Sale) avan\u00e7ados. Com mais de uma d\u00e9cada de profunda experi\u00eancia no sector, constru\u00edmos uma s\u00f3lida reputa\u00e7\u00e3o de fornecer solu\u00e7\u00f5es POS fi\u00e1veis, inovadoras e de elevado desempenho a clientes de todo o mundo.<\/p>\n<p>Desde a nossa funda\u00e7\u00e3o, temos aderido \u00e0 filosofia empresarial de \"A qualidade cria o mercado, a inova\u00e7\u00e3o cria o futuro\". Este compromisso leva-nos a melhorar continuamente os nossos produtos e a expandir as nossas ofertas para satisfazer as diversas exig\u00eancias dos mercados globais. A nossa carteira de produtos abrangente cobre uma vasta gama de ind\u00fastrias, incluindo retalho, restaura\u00e7\u00e3o, supermercados, hotelaria, alimenta\u00e7\u00e3o e bebidas e log\u00edstica. Quer esteja a gerir um pequeno neg\u00f3cio ou uma grande cadeia de opera\u00e7\u00f5es, a SIMPO-DATA tem a solu\u00e7\u00e3o POS certa para si.<\/p>\n<p>Vasta gama de produtos<br \/>\nA nossa linha de produtos POS inclui terminais POS tudo-em-um, monitores de ecr\u00e3 t\u00e1til, impressoras t\u00e9rmicas de recibos, leitores de c\u00f3digos de barras, gavetas de dinheiro e dispositivos POS m\u00f3veis. Fornecemos sistemas POS completos e integrados, bem como componentes individuais, permitindo-lhe personalizar a solu\u00e7\u00e3o que melhor se adapta ao seu modelo de neg\u00f3cio.<a href=\"https:\/\/simpo-datatec.com\/pt\/products\/\" target=\"_blank\" rel=\"noopener\">Clique aqui para ver mais produtos.<\/a><\/p>\n<p>Inova\u00e7\u00e3o no centro<br \/>\nA nossa equipa profissional de I&amp;D est\u00e1 empenhada na inova\u00e7\u00e3o cont\u00ednua em termos de design, desempenho e experi\u00eancia do utilizador. Ao mantermo-nos \u00e0 frente das tend\u00eancias do mercado e dos avan\u00e7os tecnol\u00f3gicos, garantimos que os produtos SIMPO-DATA permanecem competitivos e preparados para o futuro. Cada produto \u00e9 desenvolvido com especial aten\u00e7\u00e3o aos detalhes - desde o design ergon\u00f3mico e as interfaces intuitivas at\u00e9 ao desempenho est\u00e1vel do sistema e \u00e0 efici\u00eancia energ\u00e9tica.<\/p>\n<p>Qualidade em que pode confiar<br \/>\nA qualidade \u00e9 a nossa principal prioridade. Desde a sele\u00e7\u00e3o das mat\u00e9rias-primas at\u00e9 \u00e0 produ\u00e7\u00e3o final, cada passo \u00e9 sujeito a rigorosos procedimentos de controlo de qualidade. As nossas instala\u00e7\u00f5es de fabrico est\u00e3o equipadas com equipamento de teste avan\u00e7ado para garantir que cada produto cumpre as normas de qualidade internacionais e proporciona um desempenho duradouro.<\/p>\n<p>Servi\u00e7o e suporte global<br \/>\nNa SIMPO-DATA, n\u00e3o nos limitamos a vender produtos - fornecemos solu\u00e7\u00f5es completas e um apoio p\u00f3s-venda fi\u00e1vel. A nossa equipa de engenheiros experientes e especialistas de servi\u00e7o ao cliente est\u00e1 pronta para o ajudar com a instala\u00e7\u00e3o, forma\u00e7\u00e3o, manuten\u00e7\u00e3o e apoio t\u00e9cnico. O nosso objetivo \u00e9 ajudar os nossos parceiros a maximizar a efici\u00eancia, reduzir os custos e aumentar a satisfa\u00e7\u00e3o do cliente.<\/p>\n<p>Porqu\u00ea escolher a SIMPO-DATA?<\/p>\n<p>Mais de 10 anos de experi\u00eancia dedicada ao sector dos POS<\/p>\n<p>Fortes capacidades de I&amp;D com inova\u00e7\u00e3o cont\u00ednua<\/p>\n<p>Gama abrangente de produtos que cobrem v\u00e1rios sectores<\/p>\n<p>Controlo de qualidade rigoroso e cumprimento das normas internacionais<\/p>\n<p>Equipa profissional de vendas e apoio t\u00e9cnico a n\u00edvel mundial<\/p>\n<p>Fa\u00e7a uma parceria com a SIMPO-DATA e deixe que as nossas solu\u00e7\u00f5es de POS potenciem as suas opera\u00e7\u00f5es comerciais. Juntos, podemos ajud\u00e1-lo a simplificar as transac\u00e7\u00f5es, melhorar a efici\u00eancia operacional e proporcionar experi\u00eancias excepcionais aos clientes.<\/p>","protected":false},"excerpt":{"rendered":"<p>Impressora t\u00e9rmica de 80 mm<br \/>\nTipo de cortador autom\u00e1tico<br \/>\nVelocidade de impress\u00e3o 160mm\/s<br \/>\n1.000.000 cortes Vida \u00fatil do cortador<br \/>\nVida \u00fatil da cabe\u00e7a de impress\u00e3o 50Km<\/p>","protected":false},"featured_media":731,"comment_status":"open","ping_status":"closed","template":"","meta":[],"product_brand":[],"product_cat":[176,17],"product_tag":[],"class_list":{"0":"post-726","1":"product","2":"type-product","3":"status-publish","4":"has-post-thumbnail","6":"product_cat-thermal-printer","7":"product_cat-uncategorized","9":"first","10":"instock","11":"shipping-taxable","12":"product-type-simple"},"yoast_head":"<!-- This site is optimized with the Yoast SEO plugin v27.3 - https:\/\/yoast.com\/product\/yoast-seo-wordpress\/ -->\n<title>P80-6 80mm Thermal printer - simpo-datatec.com<\/title>\n<meta name=\"description\" content=\"P80-6 80mm Thermal printer - all-in-one POS terminals, touch screen monitors, thermal receipt printers, barcode scanners, cash drawers\" \/>\n<meta name=\"robots\" content=\"index, follow, max-snippet:-1, max-image-preview:large, max-video-preview:-1\" \/>\n<link rel=\"canonical\" href=\"https:\/\/simpo-datatec.com\/pt\/products\/product\/thermal-printer\/p80-6-80mm-thermal-printer\/\" \/>\n<meta property=\"og:locale\" content=\"pt_PT\" \/>\n<meta property=\"og:type\" content=\"article\" \/>\n<meta property=\"og:title\" content=\"P80-6 80mm Thermal printer - simpo-datatec.com\" \/>\n<meta property=\"og:description\" content=\"P80-6 80mm Thermal printer - all-in-one POS terminals, touch screen monitors, thermal receipt printers, barcode scanners, cash drawers\" \/>\n<meta property=\"og:url\" content=\"https:\/\/simpo-datatec.com\/pt\/products\/product\/thermal-printer\/p80-6-80mm-thermal-printer\/\" \/>\n<meta property=\"og:site_name\" content=\"simpo-datatec.com\" \/>\n<meta property=\"article:modified_time\" content=\"2025-08-09T06:34:43+00:00\" \/>\n<meta property=\"og:image\" content=\"https:\/\/simpo-datatec.com\/wp-content\/uploads\/2024\/10\/1-500x500-16.jpg\" \/>\n\t<meta property=\"og:image:width\" content=\"500\" \/>\n\t<meta property=\"og:image:height\" content=\"500\" \/>\n\t<meta property=\"og:image:type\" content=\"image\/jpeg\" \/>\n<meta name=\"twitter:card\" content=\"summary_large_image\" \/>\n<meta name=\"twitter:label1\" content=\"Tempo estimado de leitura\" \/>\n\t<meta name=\"twitter:data1\" content=\"3 minutos\" \/>\n<script type=\"application\/ld+json\" class=\"yoast-schema-graph\">{\"@context\":\"https:\\\/\\\/schema.org\",\"@graph\":[{\"@type\":\"WebPage\",\"@id\":\"https:\\\/\\\/simpo-datatec.com\\\/fr\\\/products\\\/product\\\/thermal-printer\\\/p80-6-80mm-thermal-printer\\\/\",\"url\":\"https:\\\/\\\/simpo-datatec.com\\\/fr\\\/products\\\/product\\\/thermal-printer\\\/p80-6-80mm-thermal-printer\\\/\",\"name\":\"P80-6 80mm Thermal printer - simpo-datatec.com\",\"isPartOf\":{\"@id\":\"https:\\\/\\\/simpo-datatec.com\\\/#website\"},\"primaryImageOfPage\":{\"@id\":\"https:\\\/\\\/simpo-datatec.com\\\/fr\\\/products\\\/product\\\/thermal-printer\\\/p80-6-80mm-thermal-printer\\\/#primaryimage\"},\"image\":{\"@id\":\"https:\\\/\\\/simpo-datatec.com\\\/fr\\\/products\\\/product\\\/thermal-printer\\\/p80-6-80mm-thermal-printer\\\/#primaryimage\"},\"thumbnailUrl\":\"https:\\\/\\\/simpo-datatec.com\\\/wp-content\\\/uploads\\\/2024\\\/10\\\/1-500x500-16.jpg\",\"datePublished\":\"2024-10-10T09:20:19+00:00\",\"dateModified\":\"2025-08-09T06:34:43+00:00\",\"description\":\"P80-6 80mm Thermal printer - all-in-one POS terminals, touch screen monitors, thermal receipt printers, barcode scanners, cash drawers\",\"breadcrumb\":{\"@id\":\"https:\\\/\\\/simpo-datatec.com\\\/fr\\\/products\\\/product\\\/thermal-printer\\\/p80-6-80mm-thermal-printer\\\/#breadcrumb\"},\"inLanguage\":\"pt-PT\",\"potentialAction\":[{\"@type\":\"ReadAction\",\"target\":[\"https:\\\/\\\/simpo-datatec.com\\\/fr\\\/products\\\/product\\\/thermal-printer\\\/p80-6-80mm-thermal-printer\\\/\"]}]},{\"@type\":\"ImageObject\",\"inLanguage\":\"pt-PT\",\"@id\":\"https:\\\/\\\/simpo-datatec.com\\\/fr\\\/products\\\/product\\\/thermal-printer\\\/p80-6-80mm-thermal-printer\\\/#primaryimage\",\"url\":\"https:\\\/\\\/simpo-datatec.com\\\/wp-content\\\/uploads\\\/2024\\\/10\\\/1-500x500-16.jpg\",\"contentUrl\":\"https:\\\/\\\/simpo-datatec.com\\\/wp-content\\\/uploads\\\/2024\\\/10\\\/1-500x500-16.jpg\",\"width\":500,\"height\":500,\"caption\":\"P80-6 80mm Thermal printer\"},{\"@type\":\"BreadcrumbList\",\"@id\":\"https:\\\/\\\/simpo-datatec.com\\\/fr\\\/products\\\/product\\\/thermal-printer\\\/p80-6-80mm-thermal-printer\\\/#breadcrumb\",\"itemListElement\":[{\"@type\":\"ListItem\",\"position\":1,\"name\":\"\u9996\u9875\",\"item\":\"https:\\\/\\\/simpo-datatec.com\\\/\"},{\"@type\":\"ListItem\",\"position\":2,\"name\":\"Products\",\"item\":\"https:\\\/\\\/simpo-datatec.com\\\/products\\\/\"},{\"@type\":\"ListItem\",\"position\":3,\"name\":\"P80-6 80mm Thermal printer\"}]},{\"@type\":\"WebSite\",\"@id\":\"https:\\\/\\\/simpo-datatec.com\\\/#website\",\"url\":\"https:\\\/\\\/simpo-datatec.com\\\/\",\"name\":\"simpo-datatec.com\",\"description\":\"\",\"potentialAction\":[{\"@type\":\"SearchAction\",\"target\":{\"@type\":\"EntryPoint\",\"urlTemplate\":\"https:\\\/\\\/simpo-datatec.com\\\/?s={search_term_string}\"},\"query-input\":{\"@type\":\"PropertyValueSpecification\",\"valueRequired\":true,\"valueName\":\"search_term_string\"}}],\"inLanguage\":\"pt-PT\"}]}<\/script>\n<!-- \/ Yoast SEO plugin. -->","yoast_head_json":{"title":"P80-6 80mm Thermal printer - simpo-datatec.com","description":"P80-6 80mm Thermal printer - all-in-one POS terminals, touch screen monitors, thermal receipt printers, barcode scanners, cash drawers","robots":{"index":"index","follow":"follow","max-snippet":"max-snippet:-1","max-image-preview":"max-image-preview:large","max-video-preview":"max-video-preview:-1"},"canonical":"https:\/\/simpo-datatec.com\/pt\/products\/product\/thermal-printer\/p80-6-80mm-thermal-printer\/","og_locale":"pt_PT","og_type":"article","og_title":"P80-6 80mm Thermal printer - simpo-datatec.com","og_description":"P80-6 80mm Thermal printer - all-in-one POS terminals, touch screen monitors, thermal receipt printers, barcode scanners, cash drawers","og_url":"https:\/\/simpo-datatec.com\/pt\/products\/product\/thermal-printer\/p80-6-80mm-thermal-printer\/","og_site_name":"simpo-datatec.com","article_modified_time":"2025-08-09T06:34:43+00:00","og_image":[{"width":500,"height":500,"url":"https:\/\/simpo-datatec.com\/wp-content\/uploads\/2024\/10\/1-500x500-16.jpg","type":"image\/jpeg"}],"twitter_card":"summary_large_image","twitter_misc":{"Tempo estimado de leitura":"3 minutos"},"schema":{"@context":"https:\/\/schema.org","@graph":[{"@type":"WebPage","@id":"https:\/\/simpo-datatec.com\/fr\/products\/product\/thermal-printer\/p80-6-80mm-thermal-printer\/","url":"https:\/\/simpo-datatec.com\/fr\/products\/product\/thermal-printer\/p80-6-80mm-thermal-printer\/","name":"P80-6 80mm Thermal printer - simpo-datatec.com","isPartOf":{"@id":"https:\/\/simpo-datatec.com\/#website"},"primaryImageOfPage":{"@id":"https:\/\/simpo-datatec.com\/fr\/products\/product\/thermal-printer\/p80-6-80mm-thermal-printer\/#primaryimage"},"image":{"@id":"https:\/\/simpo-datatec.com\/fr\/products\/product\/thermal-printer\/p80-6-80mm-thermal-printer\/#primaryimage"},"thumbnailUrl":"https:\/\/simpo-datatec.com\/wp-content\/uploads\/2024\/10\/1-500x500-16.jpg","datePublished":"2024-10-10T09:20:19+00:00","dateModified":"2025-08-09T06:34:43+00:00","description":"P80-6 80mm Thermal printer - all-in-one POS terminals, touch screen monitors, thermal receipt printers, barcode scanners, cash drawers","breadcrumb":{"@id":"https:\/\/simpo-datatec.com\/fr\/products\/product\/thermal-printer\/p80-6-80mm-thermal-printer\/#breadcrumb"},"inLanguage":"pt-PT","potentialAction":[{"@type":"ReadAction","target":["https:\/\/simpo-datatec.com\/fr\/products\/product\/thermal-printer\/p80-6-80mm-thermal-printer\/"]}]},{"@type":"ImageObject","inLanguage":"pt-PT","@id":"https:\/\/simpo-datatec.com\/fr\/products\/product\/thermal-printer\/p80-6-80mm-thermal-printer\/#primaryimage","url":"https:\/\/simpo-datatec.com\/wp-content\/uploads\/2024\/10\/1-500x500-16.jpg","contentUrl":"https:\/\/simpo-datatec.com\/wp-content\/uploads\/2024\/10\/1-500x500-16.jpg","width":500,"height":500,"caption":"P80-6 80mm Thermal printer"},{"@type":"BreadcrumbList","@id":"https:\/\/simpo-datatec.com\/fr\/products\/product\/thermal-printer\/p80-6-80mm-thermal-printer\/#breadcrumb","itemListElement":[{"@type":"ListItem","position":1,"name":"\u9996\u9875","item":"https:\/\/simpo-datatec.com\/"},{"@type":"ListItem","position":2,"name":"Products","item":"https:\/\/simpo-datatec.com\/products\/"},{"@type":"ListItem","position":3,"name":"P80-6 80mm Thermal printer"}]},{"@type":"WebSite","@id":"https:\/\/simpo-datatec.com\/#website","url":"https:\/\/simpo-datatec.com\/","name":"simpo-datatec.com","description":"","potentialAction":[{"@type":"SearchAction","target":{"@type":"EntryPoint","urlTemplate":"https:\/\/simpo-datatec.com\/?s={search_term_string}"},"query-input":{"@type":"PropertyValueSpecification","valueRequired":true,"valueName":"search_term_string"}}],"inLanguage":"pt-PT"}]}},"_links":{"self":[{"href":"https:\/\/simpo-datatec.com\/pt\/wp-json\/wp\/v2\/product\/726","targetHints":{"allow":["GET"]}}],"collection":[{"href":"https:\/\/simpo-datatec.com\/pt\/wp-json\/wp\/v2\/product"}],"about":[{"href":"https:\/\/simpo-datatec.com\/pt\/wp-json\/wp\/v2\/types\/product"}],"replies":[{"embeddable":true,"href":"https:\/\/simpo-datatec.com\/pt\/wp-json\/wp\/v2\/comments?post=726"}],"wp:featuredmedia":[{"embeddable":true,"href":"https:\/\/simpo-datatec.com\/pt\/wp-json\/wp\/v2\/media\/731"}],"wp:attachment":[{"href":"https:\/\/simpo-datatec.com\/pt\/wp-json\/wp\/v2\/media?parent=726"}],"wp:term":[{"taxonomy":"product_brand","embeddable":true,"href":"https:\/\/simpo-datatec.com\/pt\/wp-json\/wp\/v2\/product_brand?post=726"},{"taxonomy":"product_cat","embeddable":true,"href":"https:\/\/simpo-datatec.com\/pt\/wp-json\/wp\/v2\/product_cat?post=726"},{"taxonomy":"product_tag","embeddable":true,"href":"https:\/\/simpo-datatec.com\/pt\/wp-json\/wp\/v2\/product_tag?post=726"}],"curies":[{"name":"wp","href":"https:\/\/api.w.org\/{rel}","templated":true}]}}