{"id":696,"date":"2024-10-10T17:10:59","date_gmt":"2024-10-10T09:10:59","guid":{"rendered":"https:\/\/simpo-datatec.com\/?post_type=product&#038;p=696"},"modified":"2025-08-09T14:51:39","modified_gmt":"2025-08-09T06:51:39","slug":"mn15-touch-monitor","status":"publish","type":"product","link":"https:\/\/simpo-datatec.com\/pt\/products\/product\/touch-monitor\/mn15-touch-monitor\/","title":{"rendered":"Monitor t\u00e1til MN15"},"content":{"rendered":"<table width=\"792\">\n<tbody>\n<tr>\n<td width=\"200\">Modelo<\/td>\n<td width=\"592\">MONITOR T\u00c1CTIL SIMPOSTECH SM100<\/td>\n<\/tr>\n<tr>\n<td width=\"200\">Ecr\u00e3<\/td>\n<td width=\"592\">4:3<\/td>\n<\/tr>\n<tr>\n<td width=\"200\">Tamanho do LCD<\/td>\n<td width=\"592\">15&#8243;<\/td>\n<\/tr>\n<tr>\n<td width=\"200\">\u00c1rea de visualiza\u00e7\u00e3o<\/td>\n<td width=\"592\">11,97\" x 8,98\" (304,1 x 228,1 mm)<\/td>\n<\/tr>\n<tr>\n<td width=\"200\">Brilho<\/td>\n<td width=\"592\">350 cd\/m2<\/td>\n<\/tr>\n<tr>\n<td width=\"200\">Tempo de resposta<\/td>\n<td width=\"592\">10 ms<\/td>\n<\/tr>\n<tr>\n<td width=\"200\">Rela\u00e7\u00e3o de contraste<\/td>\n<td width=\"592\">800:01:00<\/td>\n<\/tr>\n<tr>\n<td width=\"200\">Profundidade da cor<\/td>\n<td width=\"592\">16.7M<\/td>\n<\/tr>\n<tr>\n<td rowspan=\"4\" width=\"200\">Resolu\u00e7\u00e3o<\/td>\n<td width=\"592\">VGA 720\u00d7400(70 Hz)<\/td>\n<\/tr>\n<tr>\n<td width=\"592\">VGA 640\u00d7480 (60\/72\/75 Hz)<\/td>\n<\/tr>\n<tr>\n<td width=\"592\">SVGA 800\u00d7600(60\/72\/75 Hz)<\/td>\n<\/tr>\n<tr>\n<td width=\"592\">XGA 1024\u00d7768 (60\/72\/75 Hz)<\/td>\n<\/tr>\n<tr>\n<td width=\"200\">\u00c2ngulo de vis\u00e3o<\/td>\n<td width=\"592\">(CR\u226510) Horizontal: 160\u00b0, Vertical: 145\u00b0<\/td>\n<\/tr>\n<tr>\n<td width=\"200\">Ecr\u00e3 t\u00e1til<\/td>\n<td width=\"592\">Painel t\u00e1til capacitivo Interface USB<\/td>\n<\/tr>\n<tr>\n<td width=\"200\">Mec\u00e2nica<\/td>\n<td width=\"592\"><\/td>\n<\/tr>\n<tr>\n<td width=\"200\">Conector de sinal<\/td>\n<td width=\"592\">Porta VGA de 15 pinos (Entrada VGA R.G.B. Anal\u00f3gica 0,7V)<\/td>\n<\/tr>\n<tr>\n<td width=\"200\">Bot\u00f5es de controlo<\/td>\n<td width=\"592\">Interruptor, MENU, tecla de ajuste (-, +), AUTO<\/td>\n<\/tr>\n<tr>\n<td width=\"200\">Porta I\/O<\/td>\n<td width=\"592\">1*USB, 1*15 PINOS VGA, 1*DC 12V<\/td>\n<\/tr>\n<tr>\n<td width=\"200\">Peso l\u00edquido<\/td>\n<td width=\"592\">5.5Kg<\/td>\n<\/tr>\n<tr>\n<td width=\"200\">Dimens\u00f5es (L x P x A)<\/td>\n<td width=\"592\">36*28*34cm<\/td>\n<\/tr>\n<tr>\n<td width=\"200\">Cor<\/td>\n<td width=\"592\">Preto<\/td>\n<\/tr>\n<tr>\n<td width=\"200\">El\u00e9trico<\/td>\n<td width=\"592\"><\/td>\n<\/tr>\n<tr>\n<td rowspan=\"2\" width=\"200\">Fonte de alimenta\u00e7\u00e3o<\/td>\n<td width=\"592\">Fonte de alimenta\u00e7\u00e3o universal incorporada<\/td>\n<\/tr>\n<tr>\n<td width=\"592\">100~240V, 50\/60Hz, adaptador de 12V\/1,5A<\/td>\n<\/tr>\n<tr>\n<td width=\"200\">Ambiental<\/td>\n<td width=\"592\"><\/td>\n<\/tr>\n<tr>\n<td width=\"200\">Temperatura de funcionamento<\/td>\n<td width=\"592\">5\u00b0C - 40\u00b0C<\/td>\n<\/tr>\n<tr>\n<td width=\"200\">Humidade relativa<\/td>\n<td width=\"592\">20% - 80%, sem condensa\u00e7\u00e3o<\/td>\n<\/tr>\n<tr>\n<td width=\"200\">Temperatura de armazenamento<\/td>\n<td width=\"592\">,-20\u2103\uff5e 60\u2103<\/td>\n<\/tr>\n<tr>\n<td width=\"200\">Humidade relativa<\/td>\n<td width=\"592\">10% \uff5e90%, sem condensa\u00e7\u00e3o<\/td>\n<\/tr>\n<tr>\n<td width=\"200\">Diversos<\/td>\n<td width=\"592\"><\/td>\n<\/tr>\n<tr>\n<td rowspan=\"2\" width=\"200\"><\/td>\n<td width=\"592\">Plug &amp; Play:  DDC2B<\/td>\n<\/tr>\n<tr>\n<td width=\"592\">Compat\u00edvel com montagem na parede VESA:  3,94\" x 3,94\" (100 x 100 mm)<\/td>\n<\/tr>\n<\/tbody>\n<\/table>\n<p>A SIMPO-DATA \u00e9 um fabricante l\u00edder de alta tecnologia dedicado \u00e0 I&amp;D, produ\u00e7\u00e3o, vendas e servi\u00e7o de sistemas POS (Point of Sale) avan\u00e7ados. Com mais de uma d\u00e9cada de profunda experi\u00eancia no sector, constru\u00edmos uma s\u00f3lida reputa\u00e7\u00e3o de fornecer solu\u00e7\u00f5es POS fi\u00e1veis, inovadoras e de elevado desempenho a clientes de todo o mundo.<\/p>\n<p>Desde a nossa funda\u00e7\u00e3o, temos aderido \u00e0 filosofia empresarial de \"A qualidade cria o mercado, a inova\u00e7\u00e3o cria o futuro\". Este compromisso leva-nos a melhorar continuamente os nossos produtos e a expandir as nossas ofertas para satisfazer as diversas exig\u00eancias dos mercados globais. A nossa carteira de produtos abrangente cobre uma vasta gama de ind\u00fastrias, incluindo retalho, restaura\u00e7\u00e3o, supermercados, hotelaria, alimenta\u00e7\u00e3o e bebidas e log\u00edstica. Quer esteja a gerir um pequeno neg\u00f3cio ou uma grande cadeia de opera\u00e7\u00f5es, a SIMPO-DATA tem a solu\u00e7\u00e3o POS certa para si.<\/p>\n<p>Vasta gama de produtos<br \/>\nA nossa linha de produtos POS inclui terminais POS tudo-em-um, monitores de ecr\u00e3 t\u00e1til, impressoras t\u00e9rmicas de recibos, leitores de c\u00f3digos de barras, gavetas de dinheiro e dispositivos POS m\u00f3veis. Fornecemos sistemas POS completos e integrados, bem como componentes individuais, permitindo-lhe personalizar a solu\u00e7\u00e3o que melhor se adapta ao seu modelo de neg\u00f3cio.<a href=\"https:\/\/simpo-datatec.com\/pt\/products\/\" target=\"_blank\" rel=\"noopener\">Clique aqui para ver mais produtos.<\/a><\/p>\n<p>Inova\u00e7\u00e3o no centro<br \/>\nA nossa equipa profissional de I&amp;D est\u00e1 empenhada na inova\u00e7\u00e3o cont\u00ednua em termos de design, desempenho e experi\u00eancia do utilizador. Ao mantermo-nos \u00e0 frente das tend\u00eancias do mercado e dos avan\u00e7os tecnol\u00f3gicos, garantimos que os produtos SIMPO-DATA permanecem competitivos e preparados para o futuro. Cada produto \u00e9 desenvolvido com especial aten\u00e7\u00e3o aos detalhes - desde o design ergon\u00f3mico e as interfaces intuitivas at\u00e9 ao desempenho est\u00e1vel do sistema e \u00e0 efici\u00eancia energ\u00e9tica.<\/p>\n<p>Qualidade em que pode confiar<br \/>\nA qualidade \u00e9 a nossa principal prioridade. Desde a sele\u00e7\u00e3o das mat\u00e9rias-primas at\u00e9 \u00e0 produ\u00e7\u00e3o final, cada passo \u00e9 sujeito a rigorosos procedimentos de controlo de qualidade. As nossas instala\u00e7\u00f5es de fabrico est\u00e3o equipadas com equipamento de teste avan\u00e7ado para garantir que cada produto cumpre as normas de qualidade internacionais e proporciona um desempenho duradouro.<\/p>\n<p>Servi\u00e7o e suporte global<br \/>\nNa SIMPO-DATA, n\u00e3o nos limitamos a vender produtos - fornecemos solu\u00e7\u00f5es completas e um apoio p\u00f3s-venda fi\u00e1vel. A nossa equipa de engenheiros experientes e especialistas de servi\u00e7o ao cliente est\u00e1 pronta para o ajudar com a instala\u00e7\u00e3o, forma\u00e7\u00e3o, manuten\u00e7\u00e3o e apoio t\u00e9cnico. O nosso objetivo \u00e9 ajudar os nossos parceiros a maximizar a efici\u00eancia, reduzir os custos e aumentar a satisfa\u00e7\u00e3o do cliente.<\/p>\n<p>Porqu\u00ea escolher a SIMPO-DATA?<\/p>\n<p>Mais de 10 anos de experi\u00eancia dedicada ao sector dos POS<\/p>\n<p>Fortes capacidades de I&amp;D com inova\u00e7\u00e3o cont\u00ednua<\/p>\n<p>Gama abrangente de produtos que cobrem v\u00e1rios sectores<\/p>\n<p>Controlo de qualidade rigoroso e cumprimento das normas internacionais<\/p>\n<p>Equipa profissional de vendas e apoio t\u00e9cnico a n\u00edvel mundial<\/p>\n<p>Fa\u00e7a uma parceria com a SIMPO-DATA e deixe que as nossas solu\u00e7\u00f5es de POS potenciem as suas opera\u00e7\u00f5es comerciais. Juntos, podemos ajud\u00e1-lo a simplificar as transac\u00e7\u00f5es, melhorar a efici\u00eancia operacional e proporcionar experi\u00eancias excepcionais aos clientes.<\/p>","protected":false},"excerpt":{"rendered":"<p>Monitor t\u00e1til de 15<br \/>\nMonitor de ecr\u00e3 t\u00e1til capacitivo<\/p>","protected":false},"featured_media":697,"comment_status":"open","ping_status":"closed","template":"","meta":[],"product_brand":[],"product_cat":[175,17],"product_tag":[],"class_list":{"0":"post-696","1":"product","2":"type-product","3":"status-publish","4":"has-post-thumbnail","6":"product_cat-touch-monitor","7":"product_cat-uncategorized","9":"first","10":"instock","11":"shipping-taxable","12":"product-type-simple"},"yoast_head":"<!-- This site is optimized with the Yoast SEO plugin v27.3 - https:\/\/yoast.com\/product\/yoast-seo-wordpress\/ -->\n<title>MN15 Touch Monitor - simpo-datatec.com<\/title>\n<meta name=\"description\" content=\"MN15 Touch Monitor - all-in-one POS terminals, touch screen monitors, thermal receipt printers, barcode scanners, cash drawers, and mobile POS devices\" \/>\n<meta name=\"robots\" content=\"noindex, follow, max-snippet:-1, max-image-preview:large, max-video-preview:-1\" \/>\n<meta property=\"og:locale\" content=\"pt_PT\" \/>\n<meta property=\"og:type\" content=\"article\" \/>\n<meta property=\"og:title\" content=\"MN15 Touch Monitor - simpo-datatec.com\" \/>\n<meta property=\"og:description\" content=\"MN15 Touch Monitor - all-in-one POS terminals, touch screen monitors, thermal receipt printers, barcode scanners, cash drawers, and mobile POS devices\" \/>\n<meta property=\"og:url\" content=\"https:\/\/simpo-datatec.com\/pt\/products\/product\/touch-monitor\/mn15-touch-monitor\/\" \/>\n<meta property=\"og:site_name\" content=\"simpo-datatec.com\" \/>\n<meta property=\"article:modified_time\" content=\"2025-08-09T06:51:39+00:00\" \/>\n<meta property=\"og:image\" content=\"https:\/\/simpo-datatec.com\/wp-content\/uploads\/2024\/10\/1-500x500-9.jpg\" \/>\n\t<meta property=\"og:image:width\" content=\"500\" \/>\n\t<meta property=\"og:image:height\" content=\"500\" \/>\n\t<meta property=\"og:image:type\" content=\"image\/jpeg\" \/>\n<meta name=\"twitter:card\" content=\"summary_large_image\" \/>\n<meta name=\"twitter:label1\" content=\"Tempo estimado de leitura\" \/>\n\t<meta name=\"twitter:data1\" content=\"3 minutos\" \/>\n<script type=\"application\/ld+json\" class=\"yoast-schema-graph\">{\"@context\":\"https:\\\/\\\/schema.org\",\"@graph\":[{\"@type\":\"WebPage\",\"@id\":\"https:\\\/\\\/simpo-datatec.com\\\/products\\\/product\\\/touch-monitor\\\/mn15-touch-monitor\\\/\",\"url\":\"https:\\\/\\\/simpo-datatec.com\\\/products\\\/product\\\/touch-monitor\\\/mn15-touch-monitor\\\/\",\"name\":\"MN15 Touch Monitor - simpo-datatec.com\",\"isPartOf\":{\"@id\":\"https:\\\/\\\/simpo-datatec.com\\\/#website\"},\"primaryImageOfPage\":{\"@id\":\"https:\\\/\\\/simpo-datatec.com\\\/products\\\/product\\\/touch-monitor\\\/mn15-touch-monitor\\\/#primaryimage\"},\"image\":{\"@id\":\"https:\\\/\\\/simpo-datatec.com\\\/products\\\/product\\\/touch-monitor\\\/mn15-touch-monitor\\\/#primaryimage\"},\"thumbnailUrl\":\"https:\\\/\\\/simpo-datatec.com\\\/wp-content\\\/uploads\\\/2024\\\/10\\\/1-500x500-9.jpg\",\"datePublished\":\"2024-10-10T09:10:59+00:00\",\"dateModified\":\"2025-08-09T06:51:39+00:00\",\"description\":\"MN15 Touch Monitor - all-in-one POS terminals, touch screen monitors, thermal receipt printers, barcode scanners, cash drawers, and mobile POS devices\",\"breadcrumb\":{\"@id\":\"https:\\\/\\\/simpo-datatec.com\\\/products\\\/product\\\/touch-monitor\\\/mn15-touch-monitor\\\/#breadcrumb\"},\"inLanguage\":\"pt-PT\",\"potentialAction\":[{\"@type\":\"ReadAction\",\"target\":[\"https:\\\/\\\/simpo-datatec.com\\\/products\\\/product\\\/touch-monitor\\\/mn15-touch-monitor\\\/\"]}]},{\"@type\":\"ImageObject\",\"inLanguage\":\"pt-PT\",\"@id\":\"https:\\\/\\\/simpo-datatec.com\\\/products\\\/product\\\/touch-monitor\\\/mn15-touch-monitor\\\/#primaryimage\",\"url\":\"https:\\\/\\\/simpo-datatec.com\\\/wp-content\\\/uploads\\\/2024\\\/10\\\/1-500x500-9.jpg\",\"contentUrl\":\"https:\\\/\\\/simpo-datatec.com\\\/wp-content\\\/uploads\\\/2024\\\/10\\\/1-500x500-9.jpg\",\"width\":500,\"height\":500,\"caption\":\"MN15 Touch Monitor\"},{\"@type\":\"BreadcrumbList\",\"@id\":\"https:\\\/\\\/simpo-datatec.com\\\/products\\\/product\\\/touch-monitor\\\/mn15-touch-monitor\\\/#breadcrumb\",\"itemListElement\":[{\"@type\":\"ListItem\",\"position\":1,\"name\":\"\u9996\u9875\",\"item\":\"https:\\\/\\\/simpo-datatec.com\\\/\"},{\"@type\":\"ListItem\",\"position\":2,\"name\":\"Products\",\"item\":\"https:\\\/\\\/simpo-datatec.com\\\/products\\\/\"},{\"@type\":\"ListItem\",\"position\":3,\"name\":\"MN15 Touch Monitor\"}]},{\"@type\":\"WebSite\",\"@id\":\"https:\\\/\\\/simpo-datatec.com\\\/#website\",\"url\":\"https:\\\/\\\/simpo-datatec.com\\\/\",\"name\":\"simpo-datatec.com\",\"description\":\"\",\"potentialAction\":[{\"@type\":\"SearchAction\",\"target\":{\"@type\":\"EntryPoint\",\"urlTemplate\":\"https:\\\/\\\/simpo-datatec.com\\\/?s={search_term_string}\"},\"query-input\":{\"@type\":\"PropertyValueSpecification\",\"valueRequired\":true,\"valueName\":\"search_term_string\"}}],\"inLanguage\":\"pt-PT\"}]}<\/script>\n<!-- \/ Yoast SEO plugin. -->","yoast_head_json":{"title":"MN15 Touch Monitor - simpo-datatec.com","description":"MN15 Touch Monitor - all-in-one POS terminals, touch screen monitors, thermal receipt printers, barcode scanners, cash drawers, and mobile POS devices","robots":{"index":"noindex","follow":"follow","max-snippet":"max-snippet:-1","max-image-preview":"max-image-preview:large","max-video-preview":"max-video-preview:-1"},"og_locale":"pt_PT","og_type":"article","og_title":"MN15 Touch Monitor - simpo-datatec.com","og_description":"MN15 Touch Monitor - all-in-one POS terminals, touch screen monitors, thermal receipt printers, barcode scanners, cash drawers, and mobile POS devices","og_url":"https:\/\/simpo-datatec.com\/pt\/products\/product\/touch-monitor\/mn15-touch-monitor\/","og_site_name":"simpo-datatec.com","article_modified_time":"2025-08-09T06:51:39+00:00","og_image":[{"width":500,"height":500,"url":"https:\/\/simpo-datatec.com\/wp-content\/uploads\/2024\/10\/1-500x500-9.jpg","type":"image\/jpeg"}],"twitter_card":"summary_large_image","twitter_misc":{"Tempo estimado de leitura":"3 minutos"},"schema":{"@context":"https:\/\/schema.org","@graph":[{"@type":"WebPage","@id":"https:\/\/simpo-datatec.com\/products\/product\/touch-monitor\/mn15-touch-monitor\/","url":"https:\/\/simpo-datatec.com\/products\/product\/touch-monitor\/mn15-touch-monitor\/","name":"MN15 Touch Monitor - simpo-datatec.com","isPartOf":{"@id":"https:\/\/simpo-datatec.com\/#website"},"primaryImageOfPage":{"@id":"https:\/\/simpo-datatec.com\/products\/product\/touch-monitor\/mn15-touch-monitor\/#primaryimage"},"image":{"@id":"https:\/\/simpo-datatec.com\/products\/product\/touch-monitor\/mn15-touch-monitor\/#primaryimage"},"thumbnailUrl":"https:\/\/simpo-datatec.com\/wp-content\/uploads\/2024\/10\/1-500x500-9.jpg","datePublished":"2024-10-10T09:10:59+00:00","dateModified":"2025-08-09T06:51:39+00:00","description":"MN15 Touch Monitor - all-in-one POS terminals, touch screen monitors, thermal receipt printers, barcode scanners, cash drawers, and mobile POS devices","breadcrumb":{"@id":"https:\/\/simpo-datatec.com\/products\/product\/touch-monitor\/mn15-touch-monitor\/#breadcrumb"},"inLanguage":"pt-PT","potentialAction":[{"@type":"ReadAction","target":["https:\/\/simpo-datatec.com\/products\/product\/touch-monitor\/mn15-touch-monitor\/"]}]},{"@type":"ImageObject","inLanguage":"pt-PT","@id":"https:\/\/simpo-datatec.com\/products\/product\/touch-monitor\/mn15-touch-monitor\/#primaryimage","url":"https:\/\/simpo-datatec.com\/wp-content\/uploads\/2024\/10\/1-500x500-9.jpg","contentUrl":"https:\/\/simpo-datatec.com\/wp-content\/uploads\/2024\/10\/1-500x500-9.jpg","width":500,"height":500,"caption":"MN15 Touch Monitor"},{"@type":"BreadcrumbList","@id":"https:\/\/simpo-datatec.com\/products\/product\/touch-monitor\/mn15-touch-monitor\/#breadcrumb","itemListElement":[{"@type":"ListItem","position":1,"name":"\u9996\u9875","item":"https:\/\/simpo-datatec.com\/"},{"@type":"ListItem","position":2,"name":"Products","item":"https:\/\/simpo-datatec.com\/products\/"},{"@type":"ListItem","position":3,"name":"MN15 Touch Monitor"}]},{"@type":"WebSite","@id":"https:\/\/simpo-datatec.com\/#website","url":"https:\/\/simpo-datatec.com\/","name":"simpo-datatec.com","description":"","potentialAction":[{"@type":"SearchAction","target":{"@type":"EntryPoint","urlTemplate":"https:\/\/simpo-datatec.com\/?s={search_term_string}"},"query-input":{"@type":"PropertyValueSpecification","valueRequired":true,"valueName":"search_term_string"}}],"inLanguage":"pt-PT"}]}},"_links":{"self":[{"href":"https:\/\/simpo-datatec.com\/pt\/wp-json\/wp\/v2\/product\/696","targetHints":{"allow":["GET"]}}],"collection":[{"href":"https:\/\/simpo-datatec.com\/pt\/wp-json\/wp\/v2\/product"}],"about":[{"href":"https:\/\/simpo-datatec.com\/pt\/wp-json\/wp\/v2\/types\/product"}],"replies":[{"embeddable":true,"href":"https:\/\/simpo-datatec.com\/pt\/wp-json\/wp\/v2\/comments?post=696"}],"wp:featuredmedia":[{"embeddable":true,"href":"https:\/\/simpo-datatec.com\/pt\/wp-json\/wp\/v2\/media\/697"}],"wp:attachment":[{"href":"https:\/\/simpo-datatec.com\/pt\/wp-json\/wp\/v2\/media?parent=696"}],"wp:term":[{"taxonomy":"product_brand","embeddable":true,"href":"https:\/\/simpo-datatec.com\/pt\/wp-json\/wp\/v2\/product_brand?post=696"},{"taxonomy":"product_cat","embeddable":true,"href":"https:\/\/simpo-datatec.com\/pt\/wp-json\/wp\/v2\/product_cat?post=696"},{"taxonomy":"product_tag","embeddable":true,"href":"https:\/\/simpo-datatec.com\/pt\/wp-json\/wp\/v2\/product_tag?post=696"}],"curies":[{"name":"wp","href":"https:\/\/api.w.org\/{rel}","templated":true}]}}