{"id":646,"date":"2024-10-10T14:52:53","date_gmt":"2024-10-10T06:52:53","guid":{"rendered":"https:\/\/simpo-datatec.com\/?post_type=product&#038;p=646"},"modified":"2025-08-09T14:57:23","modified_gmt":"2025-08-09T06:57:23","slug":"d400-cash-drawer","status":"publish","type":"product","link":"https:\/\/simpo-datatec.com\/pt\/products\/product\/cash-drawer\/d400-cash-drawer\/","title":{"rendered":"Gaveta de dinheiro D400"},"content":{"rendered":"<table width=\"668\">\n<tbody>\n<tr>\n<td colspan=\"2\" width=\"317\">Item<\/td>\n<td width=\"351\">Par\u00e2metros<\/td>\n<\/tr>\n<tr>\n<td colspan=\"2\" width=\"317\">Material do produto (caixa)<\/td>\n<td width=\"351\">Metal (tinta em spray)<\/td>\n<\/tr>\n<tr>\n<td colspan=\"2\" width=\"317\">Painel da gaveta<\/td>\n<td width=\"351\">Metal (tinta em spray)<\/td>\n<\/tr>\n<tr>\n<td rowspan=\"3\" width=\"200\">Tabuleiro para moedas<\/td>\n<td width=\"117\">Material<\/td>\n<td width=\"351\">Pl\u00e1stico ABS<\/td>\n<\/tr>\n<tr>\n<td width=\"117\">Ranhura para moedas<\/td>\n<td width=\"351\">4\/5 moedas<\/td>\n<\/tr>\n<tr>\n<td width=\"117\">Ranhura para facturas<\/td>\n<td width=\"351\">4 notas<\/td>\n<\/tr>\n<tr>\n<td width=\"200\">pin\u00e7a para notas<\/td>\n<td width=\"117\">Padr\u00e3o<\/td>\n<td width=\"351\">Elasticidade normalizada do a\u00e7o<\/td>\n<\/tr>\n<tr>\n<td colspan=\"2\" width=\"317\">Bloqueio<\/td>\n<td width=\"351\">2 engrenagem<\/td>\n<\/tr>\n<tr>\n<td width=\"200\">Chave<\/td>\n<td width=\"117\">Padr\u00e3o<\/td>\n<td width=\"351\">1 chave para 1 gaveta<\/td>\n<\/tr>\n<tr>\n<td colspan=\"2\" width=\"317\">Ponto de controlo<\/td>\n<td width=\"351\">n\u00e3o<\/td>\n<\/tr>\n<tr>\n<td colspan=\"2\" width=\"317\">Interface<\/td>\n<td width=\"351\">RJ9\/RJ11\/RJ12\/RS232\/USB<\/td>\n<\/tr>\n<tr>\n<td colspan=\"2\" width=\"317\">tens\u00e3o<\/td>\n<td width=\"351\">12V - 24V DC (\u00b1 10%)<\/td>\n<\/tr>\n<tr>\n<td colspan=\"2\" width=\"317\">atual<\/td>\n<td width=\"351\">&lt; 1.0A<\/td>\n<\/tr>\n<tr>\n<td colspan=\"2\" width=\"317\">Dura\u00e7\u00e3o do impulso<\/td>\n<td width=\"351\">40.....150 ms<\/td>\n<\/tr>\n<tr>\n<td colspan=\"2\" width=\"317\">Comprimento do cabo<\/td>\n<td width=\"351\">0.8m<\/td>\n<\/tr>\n<tr>\n<td colspan=\"2\" width=\"317\">Cores<\/td>\n<td width=\"351\">Branco\/Preto<\/td>\n<\/tr>\n<tr>\n<td colspan=\"2\" width=\"317\">Tamanho<\/td>\n<td width=\"351\">405(L) x 410(C) x 100(A)MM<\/td>\n<\/tr>\n<tr>\n<td colspan=\"2\" width=\"317\">N\/W<\/td>\n<td width=\"351\">5,7 kg<\/td>\n<\/tr>\n<tr>\n<td colspan=\"2\" width=\"317\">G\/W<\/td>\n<td width=\"351\">6,6 kg<\/td>\n<\/tr>\n<\/tbody>\n<\/table>\n<p>A SIMPO-DATA \u00e9 um fabricante l\u00edder de alta tecnologia dedicado \u00e0 I&amp;D, produ\u00e7\u00e3o, vendas e servi\u00e7o de sistemas POS (Point of Sale) avan\u00e7ados. Com mais de uma d\u00e9cada de profunda experi\u00eancia no sector, constru\u00edmos uma s\u00f3lida reputa\u00e7\u00e3o de fornecer solu\u00e7\u00f5es POS fi\u00e1veis, inovadoras e de elevado desempenho a clientes de todo o mundo.<\/p>\n<p>Desde a nossa funda\u00e7\u00e3o, temos aderido \u00e0 filosofia empresarial de \"A qualidade cria o mercado, a inova\u00e7\u00e3o cria o futuro\". Este compromisso leva-nos a melhorar continuamente os nossos produtos e a expandir as nossas ofertas para satisfazer as diversas exig\u00eancias dos mercados globais. A nossa carteira de produtos abrangente cobre uma vasta gama de ind\u00fastrias, incluindo retalho, restaura\u00e7\u00e3o, supermercados, hotelaria, alimenta\u00e7\u00e3o e bebidas e log\u00edstica. Quer esteja a gerir um pequeno neg\u00f3cio ou uma grande cadeia de opera\u00e7\u00f5es, a SIMPO-DATA tem a solu\u00e7\u00e3o POS certa para si.<\/p>\n<p>Vasta gama de produtos<br \/>\nA nossa linha de produtos POS inclui terminais POS tudo-em-um, monitores de ecr\u00e3 t\u00e1til, impressoras t\u00e9rmicas de recibos, leitores de c\u00f3digos de barras, gavetas de dinheiro e dispositivos POS m\u00f3veis. Fornecemos sistemas POS completos e integrados, bem como componentes individuais, permitindo-lhe personalizar a solu\u00e7\u00e3o que melhor se adapta ao seu modelo de neg\u00f3cio.<a href=\"https:\/\/simpo-datatec.com\/pt\/products\/\" target=\"_blank\" rel=\"noopener\">Clique aqui para ver mais produtos.<\/a><\/p>\n<p>Inova\u00e7\u00e3o no centro<br \/>\nA nossa equipa profissional de I&amp;D est\u00e1 empenhada na inova\u00e7\u00e3o cont\u00ednua em termos de design, desempenho e experi\u00eancia do utilizador. Ao mantermo-nos \u00e0 frente das tend\u00eancias do mercado e dos avan\u00e7os tecnol\u00f3gicos, garantimos que os produtos SIMPO-DATA permanecem competitivos e preparados para o futuro. Cada produto \u00e9 desenvolvido com especial aten\u00e7\u00e3o aos detalhes - desde o design ergon\u00f3mico e as interfaces intuitivas at\u00e9 ao desempenho est\u00e1vel do sistema e \u00e0 efici\u00eancia energ\u00e9tica.<\/p>\n<p>Qualidade em que pode confiar<br \/>\nA qualidade \u00e9 a nossa principal prioridade. Desde a sele\u00e7\u00e3o das mat\u00e9rias-primas at\u00e9 \u00e0 produ\u00e7\u00e3o final, cada passo \u00e9 sujeito a rigorosos procedimentos de controlo de qualidade. As nossas instala\u00e7\u00f5es de fabrico est\u00e3o equipadas com equipamento de teste avan\u00e7ado para garantir que cada produto cumpre as normas de qualidade internacionais e proporciona um desempenho duradouro.<\/p>\n<p>Servi\u00e7o e suporte global<br \/>\nNa SIMPO-DATA, n\u00e3o nos limitamos a vender produtos - fornecemos solu\u00e7\u00f5es completas e um apoio p\u00f3s-venda fi\u00e1vel. A nossa equipa de engenheiros experientes e especialistas de servi\u00e7o ao cliente est\u00e1 pronta para o ajudar com a instala\u00e7\u00e3o, forma\u00e7\u00e3o, manuten\u00e7\u00e3o e apoio t\u00e9cnico. O nosso objetivo \u00e9 ajudar os nossos parceiros a maximizar a efici\u00eancia, reduzir os custos e aumentar a satisfa\u00e7\u00e3o do cliente.<\/p>\n<p>Porqu\u00ea escolher a SIMPO-DATA?<\/p>\n<p>Mais de 10 anos de experi\u00eancia dedicada ao sector dos POS<\/p>\n<p>Fortes capacidades de I&amp;D com inova\u00e7\u00e3o cont\u00ednua<\/p>\n<p>Gama abrangente de produtos que cobrem v\u00e1rios sectores<\/p>\n<p>Controlo de qualidade rigoroso e cumprimento das normas internacionais<\/p>\n<p>Equipa profissional de vendas e apoio t\u00e9cnico a n\u00edvel mundial<\/p>\n<p>Fa\u00e7a uma parceria com a SIMPO-DATA e deixe que as nossas solu\u00e7\u00f5es de POS potenciem as suas opera\u00e7\u00f5es comerciais. Juntos, podemos ajud\u00e1-lo a simplificar as transac\u00e7\u00f5es, melhorar a efici\u00eancia operacional e proporcionar experi\u00eancias excepcionais aos clientes.<\/p>","protected":false},"excerpt":{"rendered":"<p>Painel de gaveta met\u00e1lico<br \/>\nOp\u00e7\u00e3o 4 notas e 5 moedas ou 4 notas e 4 moedas<br \/>\n2 Bloqueio de engrenagem<br \/>\nElasticidade normalizada do a\u00e7o<br \/>\nOp\u00e7\u00e3o de cor branco\/preto<\/p>","protected":false},"featured_media":651,"comment_status":"open","ping_status":"closed","template":"","meta":[],"product_brand":[],"product_cat":[177,17],"product_tag":[],"class_list":{"0":"post-646","1":"product","2":"type-product","3":"status-publish","4":"has-post-thumbnail","6":"product_cat-cash-drawer","7":"product_cat-uncategorized","9":"first","10":"instock","11":"shipping-taxable","12":"product-type-simple"},"yoast_head":"<!-- This site is optimized with the Yoast SEO plugin v27.3 - https:\/\/yoast.com\/product\/yoast-seo-wordpress\/ -->\n<title>D400 Cash Drawer - simpo-datatec.com<\/title>\n<meta name=\"description\" content=\"D400 Cash Drawer - all-in-one POS terminals, touch screen monitors, thermal receipt printers, barcode scanners, cash drawers, and mobile POS devices\" \/>\n<meta name=\"robots\" content=\"index, follow, max-snippet:-1, max-image-preview:large, max-video-preview:-1\" \/>\n<link rel=\"canonical\" href=\"https:\/\/simpo-datatec.com\/pt\/products\/product\/cash-drawer\/d400-cash-drawer\/\" \/>\n<meta property=\"og:locale\" content=\"pt_PT\" \/>\n<meta property=\"og:type\" content=\"article\" \/>\n<meta property=\"og:title\" content=\"D400 Cash Drawer - simpo-datatec.com\" \/>\n<meta property=\"og:description\" content=\"D400 Cash Drawer - all-in-one POS terminals, touch screen monitors, thermal receipt printers, barcode scanners, cash drawers, and mobile POS devices\" \/>\n<meta property=\"og:url\" content=\"https:\/\/simpo-datatec.com\/pt\/products\/product\/cash-drawer\/d400-cash-drawer\/\" \/>\n<meta property=\"og:site_name\" content=\"simpo-datatec.com\" \/>\n<meta property=\"article:modified_time\" content=\"2025-08-09T06:57:23+00:00\" \/>\n<meta property=\"og:image\" content=\"https:\/\/simpo-datatec.com\/wp-content\/uploads\/2024\/10\/1-500x500-1.jpg\" \/>\n\t<meta property=\"og:image:width\" content=\"500\" \/>\n\t<meta property=\"og:image:height\" content=\"500\" \/>\n\t<meta property=\"og:image:type\" content=\"image\/jpeg\" \/>\n<meta name=\"twitter:card\" content=\"summary_large_image\" \/>\n<meta name=\"twitter:label1\" content=\"Tempo estimado de leitura\" \/>\n\t<meta name=\"twitter:data1\" content=\"3 minutos\" \/>\n<script type=\"application\/ld+json\" class=\"yoast-schema-graph\">{\"@context\":\"https:\\\/\\\/schema.org\",\"@graph\":[{\"@type\":\"WebPage\",\"@id\":\"https:\\\/\\\/simpo-datatec.com\\\/fr\\\/products\\\/product\\\/cash-drawer\\\/d400-cash-drawer\\\/\",\"url\":\"https:\\\/\\\/simpo-datatec.com\\\/fr\\\/products\\\/product\\\/cash-drawer\\\/d400-cash-drawer\\\/\",\"name\":\"D400 Cash Drawer - simpo-datatec.com\",\"isPartOf\":{\"@id\":\"https:\\\/\\\/simpo-datatec.com\\\/#website\"},\"primaryImageOfPage\":{\"@id\":\"https:\\\/\\\/simpo-datatec.com\\\/fr\\\/products\\\/product\\\/cash-drawer\\\/d400-cash-drawer\\\/#primaryimage\"},\"image\":{\"@id\":\"https:\\\/\\\/simpo-datatec.com\\\/fr\\\/products\\\/product\\\/cash-drawer\\\/d400-cash-drawer\\\/#primaryimage\"},\"thumbnailUrl\":\"https:\\\/\\\/simpo-datatec.com\\\/wp-content\\\/uploads\\\/2024\\\/10\\\/1-500x500-1.jpg\",\"datePublished\":\"2024-10-10T06:52:53+00:00\",\"dateModified\":\"2025-08-09T06:57:23+00:00\",\"description\":\"D400 Cash Drawer - all-in-one POS terminals, touch screen monitors, thermal receipt printers, barcode scanners, cash drawers, and mobile POS devices\",\"breadcrumb\":{\"@id\":\"https:\\\/\\\/simpo-datatec.com\\\/fr\\\/products\\\/product\\\/cash-drawer\\\/d400-cash-drawer\\\/#breadcrumb\"},\"inLanguage\":\"pt-PT\",\"potentialAction\":[{\"@type\":\"ReadAction\",\"target\":[\"https:\\\/\\\/simpo-datatec.com\\\/fr\\\/products\\\/product\\\/cash-drawer\\\/d400-cash-drawer\\\/\"]}]},{\"@type\":\"ImageObject\",\"inLanguage\":\"pt-PT\",\"@id\":\"https:\\\/\\\/simpo-datatec.com\\\/fr\\\/products\\\/product\\\/cash-drawer\\\/d400-cash-drawer\\\/#primaryimage\",\"url\":\"https:\\\/\\\/simpo-datatec.com\\\/wp-content\\\/uploads\\\/2024\\\/10\\\/1-500x500-1.jpg\",\"contentUrl\":\"https:\\\/\\\/simpo-datatec.com\\\/wp-content\\\/uploads\\\/2024\\\/10\\\/1-500x500-1.jpg\",\"width\":500,\"height\":500,\"caption\":\"D400 Cash Drawer\"},{\"@type\":\"BreadcrumbList\",\"@id\":\"https:\\\/\\\/simpo-datatec.com\\\/fr\\\/products\\\/product\\\/cash-drawer\\\/d400-cash-drawer\\\/#breadcrumb\",\"itemListElement\":[{\"@type\":\"ListItem\",\"position\":1,\"name\":\"\u9996\u9875\",\"item\":\"https:\\\/\\\/simpo-datatec.com\\\/\"},{\"@type\":\"ListItem\",\"position\":2,\"name\":\"Products\",\"item\":\"https:\\\/\\\/simpo-datatec.com\\\/products\\\/\"},{\"@type\":\"ListItem\",\"position\":3,\"name\":\"D400 Cash Drawer\"}]},{\"@type\":\"WebSite\",\"@id\":\"https:\\\/\\\/simpo-datatec.com\\\/#website\",\"url\":\"https:\\\/\\\/simpo-datatec.com\\\/\",\"name\":\"simpo-datatec.com\",\"description\":\"\",\"potentialAction\":[{\"@type\":\"SearchAction\",\"target\":{\"@type\":\"EntryPoint\",\"urlTemplate\":\"https:\\\/\\\/simpo-datatec.com\\\/?s={search_term_string}\"},\"query-input\":{\"@type\":\"PropertyValueSpecification\",\"valueRequired\":true,\"valueName\":\"search_term_string\"}}],\"inLanguage\":\"pt-PT\"}]}<\/script>\n<!-- \/ Yoast SEO plugin. -->","yoast_head_json":{"title":"D400 Cash Drawer - simpo-datatec.com","description":"D400 Cash Drawer - all-in-one POS terminals, touch screen monitors, thermal receipt printers, barcode scanners, cash drawers, and mobile POS devices","robots":{"index":"index","follow":"follow","max-snippet":"max-snippet:-1","max-image-preview":"max-image-preview:large","max-video-preview":"max-video-preview:-1"},"canonical":"https:\/\/simpo-datatec.com\/pt\/products\/product\/cash-drawer\/d400-cash-drawer\/","og_locale":"pt_PT","og_type":"article","og_title":"D400 Cash Drawer - simpo-datatec.com","og_description":"D400 Cash Drawer - all-in-one POS terminals, touch screen monitors, thermal receipt printers, barcode scanners, cash drawers, and mobile POS devices","og_url":"https:\/\/simpo-datatec.com\/pt\/products\/product\/cash-drawer\/d400-cash-drawer\/","og_site_name":"simpo-datatec.com","article_modified_time":"2025-08-09T06:57:23+00:00","og_image":[{"width":500,"height":500,"url":"https:\/\/simpo-datatec.com\/wp-content\/uploads\/2024\/10\/1-500x500-1.jpg","type":"image\/jpeg"}],"twitter_card":"summary_large_image","twitter_misc":{"Tempo estimado de leitura":"3 minutos"},"schema":{"@context":"https:\/\/schema.org","@graph":[{"@type":"WebPage","@id":"https:\/\/simpo-datatec.com\/fr\/products\/product\/cash-drawer\/d400-cash-drawer\/","url":"https:\/\/simpo-datatec.com\/fr\/products\/product\/cash-drawer\/d400-cash-drawer\/","name":"D400 Cash Drawer - simpo-datatec.com","isPartOf":{"@id":"https:\/\/simpo-datatec.com\/#website"},"primaryImageOfPage":{"@id":"https:\/\/simpo-datatec.com\/fr\/products\/product\/cash-drawer\/d400-cash-drawer\/#primaryimage"},"image":{"@id":"https:\/\/simpo-datatec.com\/fr\/products\/product\/cash-drawer\/d400-cash-drawer\/#primaryimage"},"thumbnailUrl":"https:\/\/simpo-datatec.com\/wp-content\/uploads\/2024\/10\/1-500x500-1.jpg","datePublished":"2024-10-10T06:52:53+00:00","dateModified":"2025-08-09T06:57:23+00:00","description":"D400 Cash Drawer - all-in-one POS terminals, touch screen monitors, thermal receipt printers, barcode scanners, cash drawers, and mobile POS devices","breadcrumb":{"@id":"https:\/\/simpo-datatec.com\/fr\/products\/product\/cash-drawer\/d400-cash-drawer\/#breadcrumb"},"inLanguage":"pt-PT","potentialAction":[{"@type":"ReadAction","target":["https:\/\/simpo-datatec.com\/fr\/products\/product\/cash-drawer\/d400-cash-drawer\/"]}]},{"@type":"ImageObject","inLanguage":"pt-PT","@id":"https:\/\/simpo-datatec.com\/fr\/products\/product\/cash-drawer\/d400-cash-drawer\/#primaryimage","url":"https:\/\/simpo-datatec.com\/wp-content\/uploads\/2024\/10\/1-500x500-1.jpg","contentUrl":"https:\/\/simpo-datatec.com\/wp-content\/uploads\/2024\/10\/1-500x500-1.jpg","width":500,"height":500,"caption":"D400 Cash Drawer"},{"@type":"BreadcrumbList","@id":"https:\/\/simpo-datatec.com\/fr\/products\/product\/cash-drawer\/d400-cash-drawer\/#breadcrumb","itemListElement":[{"@type":"ListItem","position":1,"name":"\u9996\u9875","item":"https:\/\/simpo-datatec.com\/"},{"@type":"ListItem","position":2,"name":"Products","item":"https:\/\/simpo-datatec.com\/products\/"},{"@type":"ListItem","position":3,"name":"D400 Cash Drawer"}]},{"@type":"WebSite","@id":"https:\/\/simpo-datatec.com\/#website","url":"https:\/\/simpo-datatec.com\/","name":"simpo-datatec.com","description":"","potentialAction":[{"@type":"SearchAction","target":{"@type":"EntryPoint","urlTemplate":"https:\/\/simpo-datatec.com\/?s={search_term_string}"},"query-input":{"@type":"PropertyValueSpecification","valueRequired":true,"valueName":"search_term_string"}}],"inLanguage":"pt-PT"}]}},"_links":{"self":[{"href":"https:\/\/simpo-datatec.com\/pt\/wp-json\/wp\/v2\/product\/646","targetHints":{"allow":["GET"]}}],"collection":[{"href":"https:\/\/simpo-datatec.com\/pt\/wp-json\/wp\/v2\/product"}],"about":[{"href":"https:\/\/simpo-datatec.com\/pt\/wp-json\/wp\/v2\/types\/product"}],"replies":[{"embeddable":true,"href":"https:\/\/simpo-datatec.com\/pt\/wp-json\/wp\/v2\/comments?post=646"}],"wp:featuredmedia":[{"embeddable":true,"href":"https:\/\/simpo-datatec.com\/pt\/wp-json\/wp\/v2\/media\/651"}],"wp:attachment":[{"href":"https:\/\/simpo-datatec.com\/pt\/wp-json\/wp\/v2\/media?parent=646"}],"wp:term":[{"taxonomy":"product_brand","embeddable":true,"href":"https:\/\/simpo-datatec.com\/pt\/wp-json\/wp\/v2\/product_brand?post=646"},{"taxonomy":"product_cat","embeddable":true,"href":"https:\/\/simpo-datatec.com\/pt\/wp-json\/wp\/v2\/product_cat?post=646"},{"taxonomy":"product_tag","embeddable":true,"href":"https:\/\/simpo-datatec.com\/pt\/wp-json\/wp\/v2\/product_tag?post=646"}],"curies":[{"name":"wp","href":"https:\/\/api.w.org\/{rel}","templated":true}]}}