{"id":1693,"date":"2026-04-25T00:09:20","date_gmt":"2026-04-24T16:09:20","guid":{"rendered":"https:\/\/simpo-datatec.com\/?post_type=product&#038;p=1693"},"modified":"2026-04-25T00:09:20","modified_gmt":"2026-04-24T16:09:20","slug":"sp664l-4mp-single-board-camera-module","status":"publish","type":"product","link":"https:\/\/simpo-datatec.com\/pt\/produto\/sp664l-4mp-single-board-camera-module\/","title":{"rendered":"M\u00f3dulo de c\u00e2mara de placa \u00fanica SP664L 4MP"},"content":{"rendered":"<ul>\n<li><b><\/b><strong><b>Sensor CMOS de 1\/1,8\u2033 e 4 megapix\u00e9is<\/b><\/strong><\/li>\n<li><b><\/b><strong><b>Suporta codifica\u00e7\u00e3o H.265+, H.265, H.264<\/b><\/strong><\/li>\n<li><b><\/b><strong><b>Suporta espelhamento, invers\u00e3o, compensa\u00e7\u00e3o de luz de fundo, supress\u00e3o de luz forte, redu\u00e7\u00e3o de ru\u00eddo digital 3D, penetra\u00e7\u00e3o de nevoeiro, din\u00e2mica digital ampla<\/b><\/strong><\/li>\n<li><b><\/b><strong><b>Suporta infravermelhos\/cor integral\/modo de luz dupla, regula\u00e7\u00e3o de intensidade PWM dupla, liga\u00e7\u00e3o de luz dupla<\/b><\/strong><\/li>\n<li><b><\/b><strong><b>Suporta protocolos padr\u00e3o ONVIF, GB28181, HIK, DH e outros protocolos privados<\/b><\/strong><\/li>\n<li><b><\/b><strong><b>Fornece um kit de desenvolvimento SDK, suporta desenvolvimento secund\u00e1rio, suporta CGI, HTTP, acoplamento de protocolos WEBSOCK<\/b><\/strong><\/li>\n<li><b><\/b><strong><b>Fun\u00e7\u00f5es inteligentes: dete\u00e7\u00e3o de movimento, intrus\u00e3o regional, PTZ inteligente, alarme fora de servi\u00e7o<\/b><\/strong><\/li>\n<li><b><\/b><strong><b>Suporta o navegador do Google kernel sem plug-ins<\/b><\/strong><\/li>\n<li><b><\/b><strong><strong><b>Suporta UVC<br \/>\n<\/b><\/strong><\/strong><\/p>\n<table>\n<tbody>\n<tr>\n<td colspan=\"3\" width=\"709\"><strong><b>Geral<\/b><\/strong><\/td>\n<\/tr>\n<tr>\n<td width=\"214\">CPU<\/td>\n<td colspan=\"2\" width=\"495\">Hi3516CV610, ARM Cortex-A7 MP2@950MHz dual-core<\/td>\n<\/tr>\n<tr>\n<td width=\"214\">Sensor de imagem<\/td>\n<td width=\"490\">4MP 1\/1.8 IMX664 sensor CMOS de luz negra, cor: 0.0001Lux@F1.0, monocrom\u00e1tico: 0.0001Lux@F1.0<\/td>\n<td width=\"5\">&nbsp;<\/td>\n<\/tr>\n<tr>\n<td width=\"214\">C\u00e3o de guarda<\/td>\n<td colspan=\"2\" width=\"495\">Sistema Watchdog<\/td>\n<\/tr>\n<tr>\n<td width=\"214\">Ampla gama din\u00e2mica<\/td>\n<td colspan=\"2\" width=\"495\">120 dB<\/td>\n<\/tr>\n<tr>\n<td colspan=\"3\" width=\"709\"><strong><b>Imagem <\/b><\/strong><strong><b>P<\/b><\/strong><strong><b>ar\u00e2metros<\/b><\/strong><\/td>\n<\/tr>\n<tr>\n<td width=\"214\">Resolu\u00e7\u00e3o da velocidade de fotogramas do fluxo principal<\/td>\n<td colspan=\"2\" width=\"495\">30 fps@\uff082688 \u00d7 1520 \uff0c2560\u00d7 1440 \uff0c1920\u00d7 1080\uff09<\/td>\n<\/tr>\n<tr>\n<td width=\"214\">Resolu\u00e7\u00e3o da taxa de quadros do sub-fluxo<\/td>\n<td colspan=\"2\" width=\"495\">30 fps@\uff08704\u00d7 576 \uff0c640\u00d7480\uff09<\/td>\n<\/tr>\n<tr>\n<td width=\"214\">Norma de compress\u00e3o de v\u00eddeo<\/td>\n<td colspan=\"2\" width=\"495\">H.265+\/H.265\/H.264<\/td>\n<\/tr>\n<tr>\n<td width=\"214\">Taxa de bits de compress\u00e3o de v\u00eddeo<\/td>\n<td colspan=\"2\" width=\"495\">512 Kbps~10 Mbps<\/td>\n<\/tr>\n<tr>\n<td width=\"214\">Balan\u00e7o de brancos<\/td>\n<td colspan=\"2\" width=\"495\">Auto\/Manual\/Balan\u00e7o de brancos com um s\u00f3 disparo<\/td>\n<\/tr>\n<tr>\n<td width=\"214\">Obturador<\/td>\n<td colspan=\"2\" width=\"495\">1\/12 seg. a 1\/100000 seg.<\/td>\n<\/tr>\n<tr>\n<td width=\"214\">Redu\u00e7\u00e3o de ru\u00eddo<\/td>\n<td colspan=\"2\" width=\"495\">Redu\u00e7\u00e3o de ru\u00eddo 3D\/2D<\/td>\n<\/tr>\n<tr>\n<td width=\"214\">Ampla gama din\u00e2mica<\/td>\n<td colspan=\"2\" width=\"495\">Suporta WDR digital<\/td>\n<\/tr>\n<tr>\n<td width=\"214\">Fun\u00e7\u00e3o de imagem<\/td>\n<td colspan=\"2\" width=\"495\">Suporta compensa\u00e7\u00e3o de luz de fundo, supress\u00e3o de luz forte, penetra\u00e7\u00e3o de nevoeiro, anti-flicker, corre\u00e7\u00e3o de lente, espelhamento, invers\u00e3o, ganho, etc.<\/td>\n<\/tr>\n<tr>\n<td colspan=\"3\" width=\"709\"><strong><b>\u00c1udio<\/b><\/strong><\/td>\n<\/tr>\n<tr>\n<td width=\"214\">Interface \u00e1udio<\/td>\n<td colspan=\"2\" width=\"495\">1 entrada, suporta microfone ou entrada de capta\u00e7\u00e3o; 1 sa\u00edda, suporta a liga\u00e7\u00e3o de auscultadores ou amplificador<\/td>\n<\/tr>\n<tr>\n<td width=\"214\">Norma de compress\u00e3o \u00e1udio<\/td>\n<td colspan=\"2\" width=\"495\">G711U \/ G711A \/ AAC-LC<\/td>\n<\/tr>\n<tr>\n<td colspan=\"3\" width=\"709\"><strong><b>Rede<\/b><\/strong><\/td>\n<\/tr>\n<tr>\n<td width=\"214\">N\u00famero de canais<\/td>\n<td colspan=\"2\" width=\"495\">6 canais (m\u00e1ximo)<\/td>\n<\/tr>\n<tr>\n<td width=\"214\">&nbsp;<\/p>\n<p>Protocolo de rede<\/td>\n<td colspan=\"2\" width=\"495\">Suporta CGI\u3001<a href=\"\/pt\/HTTP\/\">HTTP<\/a>\u3001<a href=\"\/pt\/HTTPS\/\">HTTPS<\/a>\u3001GB28181\u3001SIP\u3001RTMP\u3001TCP\/IP\u3001UDP\u3001RTP\u3001FTP\u3001RTCP\u3001 RTSP\u3001NTP\u3001DHCP\u3001DNS\u3001DDNS\u3001SNMP\u3001SSL\/TLS\u3001WebSocket, e suporta protocolos padr\u00e3o como ONVIF<\/td>\n<\/tr>\n<tr>\n<td width=\"214\">Navegador<\/td>\n<td colspan=\"2\" width=\"495\">Pr\u00e9-visualiza\u00e7\u00e3o do plugin \uff1aIE10 \uff0cIE11<\/p>\n<p>Pr\u00e9-visualiza\u00e7\u00e3o sem plugins \uff1aEdge \uff0cChrome \uff0cFirefox etc.<\/td>\n<\/tr>\n<tr>\n<td colspan=\"3\" width=\"709\"><strong><b>Rede<\/b><\/strong><\/td>\n<\/tr>\n<tr>\n<td width=\"214\">Rede<\/td>\n<td colspan=\"2\" width=\"495\">1xRJ45 \uff0c10M\/100M adapt\u00e1vel<\/td>\n<\/tr>\n<tr>\n<td width=\"214\">Controlo do quadro de luz<\/td>\n<td colspan=\"2\" width=\"495\">Suporta entrada de dete\u00e7\u00e3o fotossens\u00edvel, suporta regula\u00e7\u00e3o de intensidade PWM<\/td>\n<\/tr>\n<tr>\n<td width=\"214\">Porta USB<\/td>\n<td colspan=\"2\" width=\"495\">1xUSB2.0 (fonte de alimenta\u00e7\u00e3o de 5V), suporta a expans\u00e3o de 4G\/WiFi (banda dupla)\/fun\u00e7\u00f5es de armazenamento\/UVC<\/td>\n<\/tr>\n<tr>\n<td colspan=\"3\" width=\"709\"><strong><b>Par\u00e2metros gerais<\/b><\/strong><\/td>\n<\/tr>\n<tr>\n<td width=\"214\">Dimens\u00f5es<\/td>\n<td colspan=\"2\" width=\"495\">38\u00d738\u00d7 10,8mm , 38 estrutura de placa \u00fanica<\/td>\n<\/tr>\n<tr>\n<td width=\"214\">Peso<\/td>\n<td colspan=\"2\" width=\"495\">10 g<\/td>\n<\/tr>\n<tr>\n<td width=\"214\">Temperatura de funcionamento<\/td>\n<td colspan=\"2\" width=\"495\">-20\u2103 ~ +60\u2103<\/td>\n<\/tr>\n<tr>\n<td width=\"214\">Alimenta\u00e7\u00e3o e consumo de energia<\/td>\n<td colspan=\"2\" width=\"495\">Entrada DC12V, consumo de energia de 1,5W<\/td>\n<\/tr>\n<\/tbody>\n<\/table>\n<p>&nbsp;<\/li>\n<\/ul>","protected":false},"excerpt":{"rendered":"<p>1\/1.8&#8243; 4-megapixel CMOS sensor Supports H.265+, H.265, H.264 encoding Supports mirroring, flipping, backlight compensation, strong light suppression, 3D digital noise reduction, fog penetration, digital wide dynamic Supports infrared\/full color\/dual light mode, dual PWM dimming, dual light linkage Supports standard ONVIF, GB28181, HIK, DH and other private protocols Provides SDK development kit, supports secondary development, supports [&hellip;]<\/p>\n","protected":false},"featured_media":1694,"template":"","meta":[],"product_brand":[],"product_cat":[276],"product_tag":[],"class_list":{"0":"post-1693","1":"product","2":"type-product","3":"status-publish","4":"has-post-thumbnail","6":"product_cat-ai-camera-module","8":"first","9":"instock","10":"shipping-taxable","11":"product-type-simple"},"yoast_head":"<!-- This site is optimized with the Yoast SEO plugin v27.3 - https:\/\/yoast.com\/product\/yoast-seo-wordpress\/ -->\n<title>SP664L 4MP Single board Camera Module - simpo-datatec.com<\/title>\n<meta name=\"robots\" content=\"index, follow, max-snippet:-1, max-image-preview:large, max-video-preview:-1\" \/>\n<link rel=\"canonical\" href=\"https:\/\/simpo-datatec.com\/pt\/produto\/sp664l-4mp-single-board-camera-module\/\" \/>\n<meta property=\"og:locale\" content=\"pt_PT\" \/>\n<meta property=\"og:type\" content=\"article\" \/>\n<meta property=\"og:title\" content=\"SP664L 4MP Single board Camera Module - simpo-datatec.com\" \/>\n<meta property=\"og:description\" content=\"1\/1.8&#8243; 4-megapixel CMOS sensor Supports H.265+, H.265, H.264 encoding Supports mirroring, flipping, backlight compensation, strong light suppression, 3D digital noise reduction, fog penetration, digital wide dynamic Supports infrared\/full color\/dual light mode, dual PWM dimming, dual light linkage Supports standard ONVIF, GB28181, HIK, DH and other private protocols Provides SDK development kit, supports secondary development, supports [&hellip;]\" \/>\n<meta property=\"og:url\" content=\"https:\/\/simpo-datatec.com\/pt\/produto\/sp664l-4mp-single-board-camera-module\/\" \/>\n<meta property=\"og:site_name\" content=\"simpo-datatec.com\" \/>\n<meta property=\"og:image\" content=\"https:\/\/simpo-datatec.com\/wp-content\/uploads\/2026\/04\/SP664L-4MP-Single-board-Camera-Module.png\" \/>\n\t<meta property=\"og:image:width\" content=\"228\" \/>\n\t<meta property=\"og:image:height\" content=\"228\" \/>\n\t<meta property=\"og:image:type\" content=\"image\/png\" \/>\n<meta name=\"twitter:card\" content=\"summary_large_image\" \/>\n<meta name=\"twitter:label1\" content=\"Tempo estimado de leitura\" \/>\n\t<meta name=\"twitter:data1\" content=\"2 minutos\" \/>\n<script type=\"application\/ld+json\" class=\"yoast-schema-graph\">{\"@context\":\"https:\\\/\\\/schema.org\",\"@graph\":[{\"@type\":\"WebPage\",\"@id\":\"https:\\\/\\\/simpo-datatec.com\\\/product\\\/sp664l-4mp-single-board-camera-module\\\/\",\"url\":\"https:\\\/\\\/simpo-datatec.com\\\/product\\\/sp664l-4mp-single-board-camera-module\\\/\",\"name\":\"SP664L 4MP Single board Camera Module - simpo-datatec.com\",\"isPartOf\":{\"@id\":\"https:\\\/\\\/simpo-datatec.com\\\/#website\"},\"primaryImageOfPage\":{\"@id\":\"https:\\\/\\\/simpo-datatec.com\\\/product\\\/sp664l-4mp-single-board-camera-module\\\/#primaryimage\"},\"image\":{\"@id\":\"https:\\\/\\\/simpo-datatec.com\\\/product\\\/sp664l-4mp-single-board-camera-module\\\/#primaryimage\"},\"thumbnailUrl\":\"https:\\\/\\\/simpo-datatec.com\\\/wp-content\\\/uploads\\\/2026\\\/04\\\/SP664L-4MP-Single-board-Camera-Module.png\",\"datePublished\":\"2026-04-24T16:09:20+00:00\",\"breadcrumb\":{\"@id\":\"https:\\\/\\\/simpo-datatec.com\\\/product\\\/sp664l-4mp-single-board-camera-module\\\/#breadcrumb\"},\"inLanguage\":\"pt-PT\",\"potentialAction\":[{\"@type\":\"ReadAction\",\"target\":[\"https:\\\/\\\/simpo-datatec.com\\\/product\\\/sp664l-4mp-single-board-camera-module\\\/\"]}]},{\"@type\":\"ImageObject\",\"inLanguage\":\"pt-PT\",\"@id\":\"https:\\\/\\\/simpo-datatec.com\\\/product\\\/sp664l-4mp-single-board-camera-module\\\/#primaryimage\",\"url\":\"https:\\\/\\\/simpo-datatec.com\\\/wp-content\\\/uploads\\\/2026\\\/04\\\/SP664L-4MP-Single-board-Camera-Module.png\",\"contentUrl\":\"https:\\\/\\\/simpo-datatec.com\\\/wp-content\\\/uploads\\\/2026\\\/04\\\/SP664L-4MP-Single-board-Camera-Module.png\",\"width\":228,\"height\":228},{\"@type\":\"BreadcrumbList\",\"@id\":\"https:\\\/\\\/simpo-datatec.com\\\/product\\\/sp664l-4mp-single-board-camera-module\\\/#breadcrumb\",\"itemListElement\":[{\"@type\":\"ListItem\",\"position\":1,\"name\":\"\u9996\u9875\",\"item\":\"https:\\\/\\\/simpo-datatec.com\\\/\"},{\"@type\":\"ListItem\",\"position\":2,\"name\":\"Products\",\"item\":\"https:\\\/\\\/simpo-datatec.com\\\/products\\\/\"},{\"@type\":\"ListItem\",\"position\":3,\"name\":\"SP664L 4MP Single board Camera Module\"}]},{\"@type\":\"WebSite\",\"@id\":\"https:\\\/\\\/simpo-datatec.com\\\/#website\",\"url\":\"https:\\\/\\\/simpo-datatec.com\\\/\",\"name\":\"simpo-datatec.com\",\"description\":\"\",\"potentialAction\":[{\"@type\":\"SearchAction\",\"target\":{\"@type\":\"EntryPoint\",\"urlTemplate\":\"https:\\\/\\\/simpo-datatec.com\\\/?s={search_term_string}\"},\"query-input\":{\"@type\":\"PropertyValueSpecification\",\"valueRequired\":true,\"valueName\":\"search_term_string\"}}],\"inLanguage\":\"pt-PT\"}]}<\/script>\n<!-- \/ Yoast SEO plugin. -->","yoast_head_json":{"title":"SP664L 4MP Single board Camera Module - simpo-datatec.com","robots":{"index":"index","follow":"follow","max-snippet":"max-snippet:-1","max-image-preview":"max-image-preview:large","max-video-preview":"max-video-preview:-1"},"canonical":"https:\/\/simpo-datatec.com\/pt\/produto\/sp664l-4mp-single-board-camera-module\/","og_locale":"pt_PT","og_type":"article","og_title":"SP664L 4MP Single board Camera Module - simpo-datatec.com","og_description":"1\/1.8&#8243; 4-megapixel CMOS sensor Supports H.265+, H.265, H.264 encoding Supports mirroring, flipping, backlight compensation, strong light suppression, 3D digital noise reduction, fog penetration, digital wide dynamic Supports infrared\/full color\/dual light mode, dual PWM dimming, dual light linkage Supports standard ONVIF, GB28181, HIK, DH and other private protocols Provides SDK development kit, supports secondary development, supports [&hellip;]","og_url":"https:\/\/simpo-datatec.com\/pt\/produto\/sp664l-4mp-single-board-camera-module\/","og_site_name":"simpo-datatec.com","og_image":[{"width":228,"height":228,"url":"https:\/\/simpo-datatec.com\/wp-content\/uploads\/2026\/04\/SP664L-4MP-Single-board-Camera-Module.png","type":"image\/png"}],"twitter_card":"summary_large_image","twitter_misc":{"Tempo estimado de leitura":"2 minutos"},"schema":{"@context":"https:\/\/schema.org","@graph":[{"@type":"WebPage","@id":"https:\/\/simpo-datatec.com\/product\/sp664l-4mp-single-board-camera-module\/","url":"https:\/\/simpo-datatec.com\/product\/sp664l-4mp-single-board-camera-module\/","name":"SP664L 4MP Single board Camera Module - simpo-datatec.com","isPartOf":{"@id":"https:\/\/simpo-datatec.com\/#website"},"primaryImageOfPage":{"@id":"https:\/\/simpo-datatec.com\/product\/sp664l-4mp-single-board-camera-module\/#primaryimage"},"image":{"@id":"https:\/\/simpo-datatec.com\/product\/sp664l-4mp-single-board-camera-module\/#primaryimage"},"thumbnailUrl":"https:\/\/simpo-datatec.com\/wp-content\/uploads\/2026\/04\/SP664L-4MP-Single-board-Camera-Module.png","datePublished":"2026-04-24T16:09:20+00:00","breadcrumb":{"@id":"https:\/\/simpo-datatec.com\/product\/sp664l-4mp-single-board-camera-module\/#breadcrumb"},"inLanguage":"pt-PT","potentialAction":[{"@type":"ReadAction","target":["https:\/\/simpo-datatec.com\/product\/sp664l-4mp-single-board-camera-module\/"]}]},{"@type":"ImageObject","inLanguage":"pt-PT","@id":"https:\/\/simpo-datatec.com\/product\/sp664l-4mp-single-board-camera-module\/#primaryimage","url":"https:\/\/simpo-datatec.com\/wp-content\/uploads\/2026\/04\/SP664L-4MP-Single-board-Camera-Module.png","contentUrl":"https:\/\/simpo-datatec.com\/wp-content\/uploads\/2026\/04\/SP664L-4MP-Single-board-Camera-Module.png","width":228,"height":228},{"@type":"BreadcrumbList","@id":"https:\/\/simpo-datatec.com\/product\/sp664l-4mp-single-board-camera-module\/#breadcrumb","itemListElement":[{"@type":"ListItem","position":1,"name":"\u9996\u9875","item":"https:\/\/simpo-datatec.com\/"},{"@type":"ListItem","position":2,"name":"Products","item":"https:\/\/simpo-datatec.com\/products\/"},{"@type":"ListItem","position":3,"name":"SP664L 4MP Single board Camera Module"}]},{"@type":"WebSite","@id":"https:\/\/simpo-datatec.com\/#website","url":"https:\/\/simpo-datatec.com\/","name":"simpo-datatec.com","description":"","potentialAction":[{"@type":"SearchAction","target":{"@type":"EntryPoint","urlTemplate":"https:\/\/simpo-datatec.com\/?s={search_term_string}"},"query-input":{"@type":"PropertyValueSpecification","valueRequired":true,"valueName":"search_term_string"}}],"inLanguage":"pt-PT"}]}},"_links":{"self":[{"href":"https:\/\/simpo-datatec.com\/pt\/wp-json\/wp\/v2\/product\/1693","targetHints":{"allow":["GET"]}}],"collection":[{"href":"https:\/\/simpo-datatec.com\/pt\/wp-json\/wp\/v2\/product"}],"about":[{"href":"https:\/\/simpo-datatec.com\/pt\/wp-json\/wp\/v2\/types\/product"}],"wp:featuredmedia":[{"embeddable":true,"href":"https:\/\/simpo-datatec.com\/pt\/wp-json\/wp\/v2\/media\/1694"}],"wp:attachment":[{"href":"https:\/\/simpo-datatec.com\/pt\/wp-json\/wp\/v2\/media?parent=1693"}],"wp:term":[{"taxonomy":"product_brand","embeddable":true,"href":"https:\/\/simpo-datatec.com\/pt\/wp-json\/wp\/v2\/product_brand?post=1693"},{"taxonomy":"product_cat","embeddable":true,"href":"https:\/\/simpo-datatec.com\/pt\/wp-json\/wp\/v2\/product_cat?post=1693"},{"taxonomy":"product_tag","embeddable":true,"href":"https:\/\/simpo-datatec.com\/pt\/wp-json\/wp\/v2\/product_tag?post=1693"}],"curies":[{"name":"wp","href":"https:\/\/api.w.org\/{rel}","templated":true}]}}