{"id":1631,"date":"2026-04-24T23:44:56","date_gmt":"2026-04-24T15:44:56","guid":{"rendered":"https:\/\/simpo-datatec.com\/?post_type=product&#038;p=1631"},"modified":"2026-04-28T18:25:13","modified_gmt":"2026-04-28T10:25:13","slug":"sp-z2-16x-face-recognition-pan-tilt-camera-2","status":"publish","type":"product","link":"https:\/\/simpo-datatec.com\/pt\/produto\/sp-z2-16x-face-recognition-pan-tilt-camera-2\/","title":{"rendered":"SP-Z2 16x Access Control pan-tilt camera"},"content":{"rendered":"<ul>\n<li>Equipado com SOC de alta capacidade de computa\u00e7\u00e3o<\/li>\n<li>Sony 120db WDR sensor IMX327<\/li>\n<li>Max resolution 1920*1080@30fps<\/li>\n<li>Suporta codifica\u00e7\u00e3o H.265\/H.264<\/li>\n<li>Embedded SenseTime CNN face detection and recognition algorithm<\/li>\n<li>Face Detection support 12fps\/sec,50pcs faces per second<\/li>\n<li>Support attribute recognition, age, gender, glasses, hat, mask, beard, clothing, hairstyle, mood etc.<\/li>\n<li>Support face detection,face tracking, scoring, selection,recognition all functions<\/li>\n<li>Local face database up to 50000pcs<\/li>\n<li>Support 2 face library configuration, whitelist and blacklist<\/li>\n<li>Support alarm alerts for strangers, blacklists or VIP<\/li>\n<li>Support stranger trailing reminder (whitelist + output voice prompt when strangers appear at the same time)<\/li>\n<li>Support vivisection detection switch (partial photos can be filtered after opening, face recognition speed is slowed down)<\/li>\n<li>Support mask detection reminders (masks must be worn after opening)<\/li>\n<li>Support staff intensive voice reminders (support staff number threshold set at 2-10)<\/li>\n<li>100,000 traffic records can be stored locally, which can be queried and exported by local clients<\/li>\n<li>Support 6-96mm\uff0816X\uff09range of multiple stretch, auto focus, preset point cruise and other functions<\/li>\n<li>Integrated PTZ pan-tilt function, support zoom, preset, cruise and other functions<\/li>\n<li>24H working\uff0cface capture normally under infrared<\/li>\n<li>Support ONVIF\uff0cGB28181\uff0chttp,mqtt standard protocols<\/li>\n<li>SDK System open, support project integration secondary development<\/li>\n<\/ul>\n<p>&nbsp;<\/p>\n<p><strong><b>SP-Z2<\/b><\/strong><\/p>\n<p>2MP face recognition HD IPC, support 1ch audio output, 1ch relay signal output, RTC functions. (standard with power + network + relay output + audio alarm output)<\/p>\n<p>&nbsp;<\/p>\n<p>&nbsp;<\/p>\n<p>&nbsp;<\/p>\n<table>\n<tbody>\n<tr>\n<td colspan=\"2\" width=\"205\">Modelo<\/td>\n<td width=\"511\">Z2<\/td>\n<\/tr>\n<tr>\n<td colspan=\"3\" width=\"717\"><strong><b>AI Facial Bullet<\/b><\/strong><\/td>\n<\/tr>\n<tr>\n<td rowspan=\"9\" width=\"82\">Face detection and capture<\/td>\n<td width=\"122\">\u00c2ngulo de instala\u00e7\u00e3o<\/td>\n<td width=\"511\">De cima para baixo n\u00e3o mais de 15\u00b0<\/td>\n<\/tr>\n<tr>\n<td width=\"122\">P\u00edxel m\u00ednimo<\/td>\n<td width=\"511\">60*60<\/td>\n<\/tr>\n<tr>\n<td width=\"122\">Sensibilidade de dete\u00e7\u00e3o<\/td>\n<td width=\"511\">Apoio<\/td>\n<\/tr>\n<tr>\n<td width=\"122\">Desempenho da dete\u00e7\u00e3o<\/td>\n<td width=\"511\">50pcs faces\/fps<\/td>\n<\/tr>\n<tr>\n<td width=\"122\">Moldura facial<\/td>\n<td width=\"511\">Apoio<\/td>\n<\/tr>\n<tr>\n<td width=\"122\">Armar a \u00e1rea<\/td>\n<td width=\"511\">Apoio<\/td>\n<\/tr>\n<tr>\n<td width=\"122\">Capture mode<\/td>\n<td width=\"511\">Fixed mode<\/td>\n<\/tr>\n<tr>\n<td width=\"122\">Capture threshold<\/td>\n<td width=\"511\">Apoio<\/td>\n<\/tr>\n<tr>\n<td width=\"122\">Picture upload<\/td>\n<td width=\"511\">FTP\/HTTP\/MQTT<\/td>\n<\/tr>\n<tr>\n<td rowspan=\"5\" width=\"82\">comparison<\/td>\n<td width=\"122\">Lista a preto e branco<\/td>\n<td width=\"511\">Apoio<\/td>\n<\/tr>\n<tr>\n<td width=\"122\">Lista VIP<\/td>\n<td width=\"511\">Apoio<\/td>\n<\/tr>\n<tr>\n<td width=\"122\">Face Database<\/td>\n<td width=\"511\">50000max<\/td>\n<\/tr>\n<tr>\n<td width=\"122\">Comparison efficiency<\/td>\n<td width=\"511\">300ms<\/td>\n<\/tr>\n<tr>\n<td width=\"122\">Exatid\u00e3o<\/td>\n<td width=\"511\">&gt;98.87%<\/td>\n<\/tr>\n<tr>\n<td colspan=\"2\" width=\"205\">Sensor de imagem<\/td>\n<td width=\"511\">1\/2,8\u201d 2,0M SONY CMOS IMX327<\/td>\n<\/tr>\n<tr>\n<td colspan=\"2\" width=\"205\">Pix\u00e9is<\/td>\n<td width=\"511\">1920(H)\u00d71080(V)<\/td>\n<\/tr>\n<tr>\n<td colspan=\"2\" width=\"205\">WDR<\/td>\n<td width=\"511\">Inteligente adaptativo<\/td>\n<\/tr>\n<tr>\n<td colspan=\"2\" width=\"205\">Ilumina\u00e7\u00e3o m\u00ednima<\/td>\n<td width=\"511\">0,001lux<\/td>\n<\/tr>\n<tr>\n<td colspan=\"2\" width=\"205\">Signal to noise ratio<\/td>\n<td width=\"511\">\u226550dB(AGC OFF)<\/td>\n<\/tr>\n<tr>\n<td colspan=\"2\" width=\"205\">Modo de exposi\u00e7\u00e3o<\/td>\n<td width=\"511\">Exposi\u00e7\u00e3o autom\u00e1tica, BLC<\/td>\n<\/tr>\n<tr>\n<td colspan=\"3\" width=\"717\"><strong><b>Interface <\/b><\/strong><\/td>\n<\/tr>\n<tr>\n<td colspan=\"2\" width=\"205\">Storage interface<\/td>\n<td width=\"511\">Support expanding board, Support SDXC 4.0 standard Micro SD(TF),MAX 128G<\/td>\n<\/tr>\n<tr>\n<td colspan=\"2\" width=\"205\">Interface de rede<\/td>\n<td width=\"511\">10\/100M Network adaptation\uff0cRJ45 adapter<\/td>\n<\/tr>\n<tr>\n<td colspan=\"2\" width=\"205\">Interface de alarme<\/td>\n<td width=\"511\">Sa\u00edda de rel\u00e9 de 1 canal<\/td>\n<\/tr>\n<tr>\n<td colspan=\"3\" width=\"717\"><strong><b>Norma de compress\u00e3o<\/b><\/strong><\/td>\n<\/tr>\n<tr>\n<td colspan=\"2\" width=\"205\">Codifica\u00e7\u00e3o de v\u00eddeo<\/td>\n<td width=\"511\">Perfil principal H.265 \/ Perfil elevado H.264<\/td>\n<\/tr>\n<tr>\n<td rowspan=\"2\" width=\"82\">Resolu\u00e7\u00e3o<\/td>\n<td width=\"122\">Fluxo principal<\/td>\n<td width=\"511\">1920\u00d71080\u30011280\u00d7960\u30011280\u00d7720<\/td>\n<\/tr>\n<tr>\n<td width=\"122\">Subfluxo<\/td>\n<td width=\"511\">704*576\u3001640\u00d7480\u3001352\u00d7288<\/td>\n<\/tr>\n<tr>\n<td colspan=\"2\" width=\"205\">Taxa de c\u00f3digo de compress\u00e3o de v\u00eddeo<\/td>\n<td width=\"511\">128Kbps\uff5e8Mbps (ajust\u00e1vel manualmente)\uff0csuporta CBR\/VBR<\/td>\n<\/tr>\n<tr>\n<td colspan=\"2\" width=\"205\">\u00c1udio<\/td>\n<td width=\"511\">1ch output<\/td>\n<\/tr>\n<tr>\n<td colspan=\"2\" width=\"205\">OSD<\/td>\n<td width=\"511\">Suporta o nome do canal, data e hora, defini\u00e7\u00e3o da posi\u00e7\u00e3o<\/td>\n<\/tr>\n<tr>\n<td colspan=\"3\" width=\"717\"><strong><b>Protocolo de rede<\/b><\/strong><\/td>\n<\/tr>\n<tr>\n<td colspan=\"2\" width=\"205\">Protocolo de rede<\/td>\n<td width=\"511\">TCP\/IP\uff0cPTP\uff0cNTP\uff0cDHCP\uff0cUDP\uff0cSMTP\uff0cRTSP\uff0cDDNS\uff0cDNS\uff0cHTTP\u3001P2P<\/td>\n<\/tr>\n<tr>\n<td colspan=\"2\" width=\"205\">Protocolo ONVIF<\/td>\n<td width=\"511\">ONVIF2.4<\/td>\n<\/tr>\n<tr>\n<td colspan=\"2\" width=\"205\">Protocolo GB28181<\/td>\n<td width=\"511\">support<\/td>\n<\/tr>\n<tr>\n<td colspan=\"3\" width=\"717\"><strong><b>Par\u00e2metros gerais <\/b><\/strong><\/td>\n<\/tr>\n<tr>\n<td colspan=\"2\" width=\"205\">Pot\u00eancia<\/td>\n<td width=\"511\">DC 12V 2A<\/td>\n<\/tr>\n<\/tbody>\n<\/table>","protected":false},"excerpt":{"rendered":"<p>Face Recognition Camera, Employee Clock in Camera, Employee Clock out Camera, Time Clock in Camera, Biometric Time Clock, Touchless Clock-in System, Facial Recognition Time Attendance<\/p>","protected":false},"featured_media":1632,"template":"","meta":[],"product_brand":[],"product_cat":[272],"product_tag":[299,300,301,302],"class_list":{"0":"post-1631","1":"product","2":"type-product","3":"status-publish","4":"has-post-thumbnail","6":"product_cat-face-recognition-access-control-camera","7":"product_tag-biometric-access-control-camera","8":"product_tag-face-recognition-access-control-camera","9":"product_tag-touchless-access-control-system","10":"product_tag-visitor-management-system","12":"first","13":"instock","14":"shipping-taxable","15":"product-type-simple"},"yoast_head":"<!-- This site is optimized with the Yoast SEO plugin v27.3 - https:\/\/yoast.com\/product\/yoast-seo-wordpress\/ -->\n<title>SP-Z2 16x Access Control pan-tilt camera - simpo-datatec.com<\/title>\n<meta name=\"description\" content=\"Biometric Access Control Camera, Face Recognition Access Control Camera, Touchless Access Control System, Visitor Management System, Camera Based Access Control System, CCTV-Based Access Control System\" \/>\n<meta name=\"robots\" content=\"index, follow, max-snippet:-1, max-image-preview:large, max-video-preview:-1\" \/>\n<link rel=\"canonical\" href=\"https:\/\/simpo-datatec.com\/pt\/produto\/sp-z2-16x-face-recognition-pan-tilt-camera-2\/\" \/>\n<meta property=\"og:locale\" content=\"pt_PT\" \/>\n<meta property=\"og:type\" content=\"article\" \/>\n<meta property=\"og:title\" content=\"SP-Z2 16x Access Control pan-tilt camera - simpo-datatec.com\" \/>\n<meta property=\"og:description\" content=\"Biometric Access Control Camera, Face Recognition Access Control Camera, Touchless Access Control System, Visitor Management System, Camera Based Access Control System, CCTV-Based Access Control System\" \/>\n<meta property=\"og:url\" content=\"https:\/\/simpo-datatec.com\/pt\/produto\/sp-z2-16x-face-recognition-pan-tilt-camera-2\/\" \/>\n<meta property=\"og:site_name\" content=\"simpo-datatec.com\" \/>\n<meta property=\"article:modified_time\" content=\"2026-04-28T10:25:13+00:00\" \/>\n<meta property=\"og:image\" content=\"https:\/\/simpo-datatec.com\/wp-content\/uploads\/2026\/04\/5-1.jpg\" \/>\n\t<meta property=\"og:image:width\" content=\"500\" \/>\n\t<meta property=\"og:image:height\" content=\"500\" \/>\n\t<meta property=\"og:image:type\" content=\"image\/jpeg\" \/>\n<meta name=\"twitter:card\" content=\"summary_large_image\" \/>\n<meta name=\"twitter:label1\" content=\"Tempo estimado de leitura\" \/>\n\t<meta name=\"twitter:data1\" content=\"2 minutos\" \/>\n<script type=\"application\/ld+json\" class=\"yoast-schema-graph\">{\"@context\":\"https:\\\/\\\/schema.org\",\"@graph\":[{\"@type\":\"WebPage\",\"@id\":\"https:\\\/\\\/simpo-datatec.com\\\/product\\\/sp-z2-16x-face-recognition-pan-tilt-camera-2\\\/\",\"url\":\"https:\\\/\\\/simpo-datatec.com\\\/product\\\/sp-z2-16x-face-recognition-pan-tilt-camera-2\\\/\",\"name\":\"SP-Z2 16x Access Control pan-tilt camera - simpo-datatec.com\",\"isPartOf\":{\"@id\":\"https:\\\/\\\/simpo-datatec.com\\\/#website\"},\"primaryImageOfPage\":{\"@id\":\"https:\\\/\\\/simpo-datatec.com\\\/product\\\/sp-z2-16x-face-recognition-pan-tilt-camera-2\\\/#primaryimage\"},\"image\":{\"@id\":\"https:\\\/\\\/simpo-datatec.com\\\/product\\\/sp-z2-16x-face-recognition-pan-tilt-camera-2\\\/#primaryimage\"},\"thumbnailUrl\":\"https:\\\/\\\/simpo-datatec.com\\\/wp-content\\\/uploads\\\/2026\\\/04\\\/5-1.jpg\",\"datePublished\":\"2026-04-24T15:44:56+00:00\",\"dateModified\":\"2026-04-28T10:25:13+00:00\",\"description\":\"Biometric Access Control Camera, Face Recognition Access Control Camera, Touchless Access Control System, Visitor Management System, Camera Based Access Control System, CCTV-Based Access Control System\",\"breadcrumb\":{\"@id\":\"https:\\\/\\\/simpo-datatec.com\\\/product\\\/sp-z2-16x-face-recognition-pan-tilt-camera-2\\\/#breadcrumb\"},\"inLanguage\":\"pt-PT\",\"potentialAction\":[{\"@type\":\"ReadAction\",\"target\":[\"https:\\\/\\\/simpo-datatec.com\\\/product\\\/sp-z2-16x-face-recognition-pan-tilt-camera-2\\\/\"]}]},{\"@type\":\"ImageObject\",\"inLanguage\":\"pt-PT\",\"@id\":\"https:\\\/\\\/simpo-datatec.com\\\/product\\\/sp-z2-16x-face-recognition-pan-tilt-camera-2\\\/#primaryimage\",\"url\":\"https:\\\/\\\/simpo-datatec.com\\\/wp-content\\\/uploads\\\/2026\\\/04\\\/5-1.jpg\",\"contentUrl\":\"https:\\\/\\\/simpo-datatec.com\\\/wp-content\\\/uploads\\\/2026\\\/04\\\/5-1.jpg\",\"width\":500,\"height\":500},{\"@type\":\"BreadcrumbList\",\"@id\":\"https:\\\/\\\/simpo-datatec.com\\\/product\\\/sp-z2-16x-face-recognition-pan-tilt-camera-2\\\/#breadcrumb\",\"itemListElement\":[{\"@type\":\"ListItem\",\"position\":1,\"name\":\"\u9996\u9875\",\"item\":\"https:\\\/\\\/simpo-datatec.com\\\/\"},{\"@type\":\"ListItem\",\"position\":2,\"name\":\"Products\",\"item\":\"https:\\\/\\\/simpo-datatec.com\\\/products\\\/\"},{\"@type\":\"ListItem\",\"position\":3,\"name\":\"SP-Z2 16x Access Control pan-tilt camera\"}]},{\"@type\":\"WebSite\",\"@id\":\"https:\\\/\\\/simpo-datatec.com\\\/#website\",\"url\":\"https:\\\/\\\/simpo-datatec.com\\\/\",\"name\":\"simpo-datatec.com\",\"description\":\"\",\"potentialAction\":[{\"@type\":\"SearchAction\",\"target\":{\"@type\":\"EntryPoint\",\"urlTemplate\":\"https:\\\/\\\/simpo-datatec.com\\\/?s={search_term_string}\"},\"query-input\":{\"@type\":\"PropertyValueSpecification\",\"valueRequired\":true,\"valueName\":\"search_term_string\"}}],\"inLanguage\":\"pt-PT\"}]}<\/script>\n<!-- \/ Yoast SEO plugin. -->","yoast_head_json":{"title":"SP-Z2 16x Access Control pan-tilt camera - simpo-datatec.com","description":"Biometric Access Control Camera, Face Recognition Access Control Camera, Touchless Access Control System, Visitor Management System, Camera Based Access Control System, CCTV-Based Access Control System","robots":{"index":"index","follow":"follow","max-snippet":"max-snippet:-1","max-image-preview":"max-image-preview:large","max-video-preview":"max-video-preview:-1"},"canonical":"https:\/\/simpo-datatec.com\/pt\/produto\/sp-z2-16x-face-recognition-pan-tilt-camera-2\/","og_locale":"pt_PT","og_type":"article","og_title":"SP-Z2 16x Access Control pan-tilt camera - simpo-datatec.com","og_description":"Biometric Access Control Camera, Face Recognition Access Control Camera, Touchless Access Control System, Visitor Management System, Camera Based Access Control System, CCTV-Based Access Control System","og_url":"https:\/\/simpo-datatec.com\/pt\/produto\/sp-z2-16x-face-recognition-pan-tilt-camera-2\/","og_site_name":"simpo-datatec.com","article_modified_time":"2026-04-28T10:25:13+00:00","og_image":[{"width":500,"height":500,"url":"https:\/\/simpo-datatec.com\/wp-content\/uploads\/2026\/04\/5-1.jpg","type":"image\/jpeg"}],"twitter_card":"summary_large_image","twitter_misc":{"Tempo estimado de leitura":"2 minutos"},"schema":{"@context":"https:\/\/schema.org","@graph":[{"@type":"WebPage","@id":"https:\/\/simpo-datatec.com\/product\/sp-z2-16x-face-recognition-pan-tilt-camera-2\/","url":"https:\/\/simpo-datatec.com\/product\/sp-z2-16x-face-recognition-pan-tilt-camera-2\/","name":"SP-Z2 16x Access Control pan-tilt camera - simpo-datatec.com","isPartOf":{"@id":"https:\/\/simpo-datatec.com\/#website"},"primaryImageOfPage":{"@id":"https:\/\/simpo-datatec.com\/product\/sp-z2-16x-face-recognition-pan-tilt-camera-2\/#primaryimage"},"image":{"@id":"https:\/\/simpo-datatec.com\/product\/sp-z2-16x-face-recognition-pan-tilt-camera-2\/#primaryimage"},"thumbnailUrl":"https:\/\/simpo-datatec.com\/wp-content\/uploads\/2026\/04\/5-1.jpg","datePublished":"2026-04-24T15:44:56+00:00","dateModified":"2026-04-28T10:25:13+00:00","description":"Biometric Access Control Camera, Face Recognition Access Control Camera, Touchless Access Control System, Visitor Management System, Camera Based Access Control System, CCTV-Based Access Control System","breadcrumb":{"@id":"https:\/\/simpo-datatec.com\/product\/sp-z2-16x-face-recognition-pan-tilt-camera-2\/#breadcrumb"},"inLanguage":"pt-PT","potentialAction":[{"@type":"ReadAction","target":["https:\/\/simpo-datatec.com\/product\/sp-z2-16x-face-recognition-pan-tilt-camera-2\/"]}]},{"@type":"ImageObject","inLanguage":"pt-PT","@id":"https:\/\/simpo-datatec.com\/product\/sp-z2-16x-face-recognition-pan-tilt-camera-2\/#primaryimage","url":"https:\/\/simpo-datatec.com\/wp-content\/uploads\/2026\/04\/5-1.jpg","contentUrl":"https:\/\/simpo-datatec.com\/wp-content\/uploads\/2026\/04\/5-1.jpg","width":500,"height":500},{"@type":"BreadcrumbList","@id":"https:\/\/simpo-datatec.com\/product\/sp-z2-16x-face-recognition-pan-tilt-camera-2\/#breadcrumb","itemListElement":[{"@type":"ListItem","position":1,"name":"\u9996\u9875","item":"https:\/\/simpo-datatec.com\/"},{"@type":"ListItem","position":2,"name":"Products","item":"https:\/\/simpo-datatec.com\/products\/"},{"@type":"ListItem","position":3,"name":"SP-Z2 16x Access Control pan-tilt camera"}]},{"@type":"WebSite","@id":"https:\/\/simpo-datatec.com\/#website","url":"https:\/\/simpo-datatec.com\/","name":"simpo-datatec.com","description":"","potentialAction":[{"@type":"SearchAction","target":{"@type":"EntryPoint","urlTemplate":"https:\/\/simpo-datatec.com\/?s={search_term_string}"},"query-input":{"@type":"PropertyValueSpecification","valueRequired":true,"valueName":"search_term_string"}}],"inLanguage":"pt-PT"}]}},"_links":{"self":[{"href":"https:\/\/simpo-datatec.com\/pt\/wp-json\/wp\/v2\/product\/1631","targetHints":{"allow":["GET"]}}],"collection":[{"href":"https:\/\/simpo-datatec.com\/pt\/wp-json\/wp\/v2\/product"}],"about":[{"href":"https:\/\/simpo-datatec.com\/pt\/wp-json\/wp\/v2\/types\/product"}],"wp:featuredmedia":[{"embeddable":true,"href":"https:\/\/simpo-datatec.com\/pt\/wp-json\/wp\/v2\/media\/1632"}],"wp:attachment":[{"href":"https:\/\/simpo-datatec.com\/pt\/wp-json\/wp\/v2\/media?parent=1631"}],"wp:term":[{"taxonomy":"product_brand","embeddable":true,"href":"https:\/\/simpo-datatec.com\/pt\/wp-json\/wp\/v2\/product_brand?post=1631"},{"taxonomy":"product_cat","embeddable":true,"href":"https:\/\/simpo-datatec.com\/pt\/wp-json\/wp\/v2\/product_cat?post=1631"},{"taxonomy":"product_tag","embeddable":true,"href":"https:\/\/simpo-datatec.com\/pt\/wp-json\/wp\/v2\/product_tag?post=1631"}],"curies":[{"name":"wp","href":"https:\/\/api.w.org\/{rel}","templated":true}]}}