{"id":1598,"date":"2026-04-24T23:38:59","date_gmt":"2026-04-24T15:38:59","guid":{"rendered":"https:\/\/simpo-datatec.com\/?post_type=product&#038;p=1598"},"modified":"2026-04-28T18:34:34","modified_gmt":"2026-04-28T10:34:34","slug":"sp-h66-access-control-camera","status":"publish","type":"product","link":"https:\/\/simpo-datatec.com\/pt\/produto\/sp-h66-access-control-camera\/","title":{"rendered":"SP-H66 Access Control Camera"},"content":{"rendered":"<ul>\n<li>Equipado com SOC de alta capacidade de computa\u00e7\u00e3o<\/li>\n<li>Sensor de imagem din\u00e2mica alargada da Sony<\/li>\n<li>Resolu\u00e7\u00e3o de imagem 1920*1080@30fps<\/li>\n<li>Suporta codifica\u00e7\u00e3o H.265\/H.264<\/li>\n<li>Algoritmo de dete\u00e7\u00e3o e reconhecimento facial CNN de alta precis\u00e3o incorporado<\/li>\n<li>O desempenho de dete\u00e7\u00e3o cumpre 12 fotogramas\/segundo, 50 faces\/quadro<\/li>\n<li>Suporte para reconhecimento de gama, idade, g\u00e9nero, \u00f3culos, chap\u00e9us, m\u00e1scaras, barbas,<\/li>\n<\/ul>\n<p>categorias de vestu\u00e1rio, penteados, emo\u00e7\u00f5es, etc.<\/p>\n<ul>\n<li>Integrar a dete\u00e7\u00e3o, o seguimento, a pontua\u00e7\u00e3o, a desduplica\u00e7\u00e3o, a sele\u00e7\u00e3o e o reconhecimento de rostos<\/li>\n<li>Biblioteca de rostos offline 50.000, taxa de reconhecimento at\u00e9 98,5%<\/li>\n<li>Suporte para 2 configura\u00e7\u00f5es de biblioteca de faces, lista branca e lista negra<\/li>\n<li>Suporte para lembrete de alarme de estranho, lista negra ou VIP<\/li>\n<li>Suporte para o lembrete de persegui\u00e7\u00e3o de desconhecidos (emiss\u00e3o de mensagens de voz quando a lista branca e o desconhecido aparecem ao mesmo tempo)<\/li>\n<li>Suporta o interrutor de dete\u00e7\u00e3o de vivacidade (algumas fotografias podem ser filtradas depois de o ligar, e a velocidade de reconhecimento facial ser\u00e1 abrandada)<\/li>\n<li>Suporte de lembrete de dete\u00e7\u00e3o de uso de m\u00e1scara (deve usar uma m\u00e1scara para comparar depois de o ligar)<\/li>\n<li>Lembrete de voz do pessoal de apoio denso (defini\u00e7\u00e3o do limiar do n\u00famero de pessoal de apoio 2-10)<\/li>\n<li>Suporta o armazenamento local de 100 000 registos de aprova\u00e7\u00e3o, que podem ser consultados e exportados pelo cliente local<\/li>\n<li>Built-in wifi module, support wireless transmission mode<\/li>\n<li>Built-in audio output, support recognition broadcast reminder<\/li>\n<li>Built-in storage function, meet the function of network disconnection and continuous transmission<\/li>\n<li>Luz de preenchimento de infravermelhos, captura normal e compara\u00e7\u00e3o em vis\u00e3o nocturna<\/li>\n<li>Suporte ONVIF, GB28181, HTTP, GA\/T1400, WebSocket, Mqtt e outros protocolos industriais<\/li>\n<li>Sistema aberto, apoio \u00e0 integra\u00e7\u00e3o de projectos e desenvolvimento secund\u00e1rio<\/li>\n<\/ul>\n<p><strong><b>SP-H66<\/b><\/strong><\/p>\n<p>2 megapixel face recognition high-definition network camera, supports 1 audio output, 1 relay signal input, RTC etc. (Power supply + network + relay output + audio alarm output)<\/p>\n<p>&nbsp;<\/p>\n<p>&nbsp;<\/p>\n<p>&nbsp;<\/p>\n<table>\n<tbody>\n<tr>\n<td colspan=\"3\" width=\"168\">Modelo<\/td>\n<td width=\"548\">SP-D66<\/td>\n<\/tr>\n<tr>\n<td colspan=\"4\" width=\"716\"><strong><b>C\u00e2mara<\/b><\/strong><\/td>\n<\/tr>\n<tr>\n<td rowspan=\"10\" width=\"73\">Dete\u00e7\u00e3o e captura<\/td>\n<td colspan=\"2\" width=\"95\">\u00c2ngulo de instala\u00e7\u00e3o<\/td>\n<td width=\"548\">De cima para baixo n\u00e3o mais de 15\u00b0<\/td>\n<\/tr>\n<tr>\n<td colspan=\"2\" width=\"95\">P\u00edxel m\u00ednimo<\/td>\n<td width=\"548\">60*60<\/td>\n<\/tr>\n<tr>\n<td colspan=\"2\" width=\"95\">Sensibilidade de dete\u00e7\u00e3o<\/td>\n<td width=\"548\">Apoio<\/td>\n<\/tr>\n<tr>\n<td colspan=\"2\" width=\"95\">Detection and capture distance<\/td>\n<td width=\"548\">\u22646m<\/td>\n<\/tr>\n<tr>\n<td colspan=\"2\" width=\"95\">Desempenho da dete\u00e7\u00e3o<\/td>\n<td width=\"548\">50pcs faces\/fps<\/td>\n<\/tr>\n<tr>\n<td colspan=\"2\" width=\"95\">Moldura facial<\/td>\n<td width=\"548\">Apoio<\/td>\n<\/tr>\n<tr>\n<td colspan=\"2\" width=\"95\">Armar a \u00e1rea<\/td>\n<td width=\"548\">Apoio<\/td>\n<\/tr>\n<tr>\n<td colspan=\"2\" width=\"95\">Capture mode<\/td>\n<td width=\"548\">Fixed mode<\/td>\n<\/tr>\n<tr>\n<td colspan=\"2\" width=\"95\">Capture threshold<\/td>\n<td width=\"548\">Apoio<\/td>\n<\/tr>\n<tr>\n<td colspan=\"2\" width=\"95\">Carregamento de imagens<\/td>\n<td width=\"548\">FTP\/HTTP\/GA-T1400\/Mqtt<\/td>\n<\/tr>\n<tr>\n<td rowspan=\"5\" width=\"73\">Correspond\u00eancia de rostos<\/td>\n<td colspan=\"2\" width=\"95\">Lista a preto e branco<\/td>\n<td width=\"548\">Apoio<\/td>\n<\/tr>\n<tr>\n<td colspan=\"2\" width=\"95\">Lista VIP<\/td>\n<td width=\"548\">Apoio<\/td>\n<\/tr>\n<tr>\n<td colspan=\"2\" width=\"95\">Face Database<\/td>\n<td width=\"548\">50000max<\/td>\n<\/tr>\n<tr>\n<td colspan=\"2\" width=\"95\">Tempo de resposta<\/td>\n<td width=\"548\">300ms<\/td>\n<\/tr>\n<tr>\n<td colspan=\"2\" width=\"95\">Exatid\u00e3o<\/td>\n<td width=\"548\">&gt;98,5%<\/td>\n<\/tr>\n<tr>\n<td colspan=\"3\" width=\"168\">Sensor de imagem<\/td>\n<td width=\"548\">1\/2,8\u201d 2,0M SONY CMOS IMX327<\/td>\n<\/tr>\n<tr>\n<td colspan=\"3\" width=\"168\">Pix\u00e9is<\/td>\n<td width=\"548\">1920(H)\u00d71080(V)<\/td>\n<\/tr>\n<tr>\n<td colspan=\"3\" width=\"168\">Lente<\/td>\n<td width=\"548\">6mm Fixed Focal Length Lens<\/td>\n<\/tr>\n<tr>\n<td colspan=\"3\" width=\"168\">WDR<\/td>\n<td width=\"548\">Inteligente adaptativo<\/td>\n<\/tr>\n<tr>\n<td colspan=\"3\" width=\"168\">Ilumina\u00e7\u00e3o m\u00ednima<\/td>\n<td width=\"548\">0,001lux<\/td>\n<\/tr>\n<tr>\n<td colspan=\"3\" width=\"168\">Signal to noise ratio<\/td>\n<td width=\"548\">\u226550dB(AGC OFF)<\/td>\n<\/tr>\n<tr>\n<td colspan=\"3\" width=\"168\">Modo de exposi\u00e7\u00e3o<\/td>\n<td width=\"548\">Exposi\u00e7\u00e3o autom\u00e1tica, BLC<\/td>\n<\/tr>\n<tr>\n<td colspan=\"4\" width=\"716\"><strong><b>Interface <\/b><\/strong><\/td>\n<\/tr>\n<tr>\n<td colspan=\"3\" width=\"168\">Storage interface<\/td>\n<td width=\"548\">EMMC+TF extension<\/td>\n<\/tr>\n<tr>\n<td colspan=\"3\" width=\"168\">Interface de rede<\/td>\n<td width=\"548\">10\/100M Network adaptation\uff0cRJ45 adapter<\/td>\n<\/tr>\n<tr>\n<td colspan=\"3\" width=\"168\">Interface de alarme<\/td>\n<td width=\"548\">Sa\u00edda de rel\u00e9 de 1 canal<\/td>\n<\/tr>\n<tr>\n<td colspan=\"3\" width=\"168\">Hardware reset<\/td>\n<td width=\"548\">Supported, not exported<\/td>\n<\/tr>\n<tr>\n<td colspan=\"4\" width=\"716\"><strong><b>Norma de compress\u00e3o<\/b><\/strong><\/td>\n<\/tr>\n<tr>\n<td colspan=\"3\" width=\"168\">Codifica\u00e7\u00e3o de v\u00eddeo<\/td>\n<td width=\"548\">Perfil principal H.265 \/ Perfil elevado H.264<\/td>\n<\/tr>\n<tr>\n<td colspan=\"2\" rowspan=\"2\" width=\"82\">Resolu\u00e7\u00e3o<\/td>\n<td width=\"85\">Fluxo principal<\/td>\n<td width=\"548\">1920\u00d71080\u30011280\u00d7960\u30011280\u00d7720<\/td>\n<\/tr>\n<tr>\n<td width=\"85\">Subfluxo<\/td>\n<td width=\"548\">704*576\u3001640\u00d7480\u3001352\u00d7288<\/td>\n<\/tr>\n<tr>\n<td colspan=\"3\" width=\"168\">Taxa de c\u00f3digo de compress\u00e3o de v\u00eddeo<\/td>\n<td width=\"548\">128Kbps\uff5e8Mbps (ajust\u00e1vel manualmente)\uff0csuporta CBR\/VBR<\/td>\n<\/tr>\n<tr>\n<td colspan=\"3\" width=\"168\">\u00c1udio<\/td>\n<td width=\"548\">1ch output<\/td>\n<\/tr>\n<tr>\n<td colspan=\"3\" width=\"168\">OSD<\/td>\n<td width=\"548\">Suporta o nome do canal, data e hora, defini\u00e7\u00e3o da posi\u00e7\u00e3o<\/td>\n<\/tr>\n<tr>\n<td colspan=\"4\" width=\"716\"><strong><b>Protocolo de rede<\/b><\/strong><\/td>\n<\/tr>\n<tr>\n<td colspan=\"3\" width=\"168\">Protocol<\/td>\n<td width=\"548\">TCP\/IP\uff0cPTP\uff0cNTP\uff0cDHCP\uff0cUDP\uff0cSMTP\uff0cRTSP\uff0cDDNS\uff0cDNS\uff0cHTTP\u3001P2P<\/td>\n<\/tr>\n<tr>\n<td colspan=\"3\" width=\"168\">Protocolo ONVIF<\/td>\n<td width=\"548\">Apoio<\/td>\n<\/tr>\n<tr>\n<td colspan=\"3\" width=\"168\">Protocolo GB28181<\/td>\n<td width=\"548\">Apoio<\/td>\n<\/tr>\n<tr>\n<td colspan=\"3\" width=\"168\">Compatibilidade de protocolos<\/td>\n<td width=\"548\">Norma ONVIF, GB28181<\/td>\n<\/tr>\n<tr>\n<td colspan=\"3\" width=\"168\">Acesso remoto m\u00f3vel<\/td>\n<td width=\"548\">Suporte para smartphones Android e IOS<\/td>\n<\/tr>\n<tr>\n<td colspan=\"4\" width=\"716\"><strong><b>Par\u00e2metros gerais <\/b><\/strong><\/td>\n<\/tr>\n<tr>\n<td colspan=\"3\" width=\"168\">IR distance<\/td>\n<td width=\"548\">&gt;15m<\/td>\n<\/tr>\n<tr>\n<td colspan=\"3\" width=\"168\">Pot\u00eancia<\/td>\n<td width=\"548\">DC 12V 2A<\/td>\n<\/tr>\n<tr>\n<td colspan=\"3\" width=\"168\">Temperatura e humidade de funcionamento<\/td>\n<td width=\"548\">-30\u2103~60\u2103, humidade inferior a 95% (sem condensa\u00e7\u00e3o)<\/td>\n<\/tr>\n<tr>\n<td colspan=\"3\" width=\"168\">Grau de impermeabilidade<\/td>\n<td width=\"548\">IP66<\/td>\n<\/tr>\n<tr>\n<td colspan=\"3\" width=\"168\">M\u00e9todo de instala\u00e7\u00e3o<\/td>\n<td width=\"548\">Suspenso ou montado na parede<\/td>\n<\/tr>\n<\/tbody>\n<\/table>","protected":false},"excerpt":{"rendered":"<p>Biometric Access Control Camera, Face Recognition Access Control Camera, Touchless Access Control System, Visitor Management System, Camera Based Access Control System, CCTV-Based Access Control System<\/p>","protected":false},"featured_media":1599,"template":"","meta":[],"product_brand":[],"product_cat":[272],"product_tag":[299,304,305,300,309,301,302],"class_list":{"0":"post-1598","1":"product","2":"type-product","3":"status-publish","4":"has-post-thumbnail","6":"product_cat-face-recognition-access-control-camera","7":"product_tag-biometric-access-control-camera","8":"product_tag-employee-clock-in-camera","9":"product_tag-employee-clock-out-camera","10":"product_tag-face-recognition-access-control-camera","11":"product_tag-facial-recognition-time-attendance","12":"product_tag-touchless-access-control-system","13":"product_tag-visitor-management-system","15":"first","16":"instock","17":"shipping-taxable","18":"product-type-simple"},"yoast_head":"<!-- This site is optimized with the Yoast SEO plugin v27.3 - https:\/\/yoast.com\/product\/yoast-seo-wordpress\/ -->\n<title>SP-H66 Access Control Camera - simpo-datatec.com<\/title>\n<meta name=\"description\" content=\"Biometric Access Control Camera, Face Recognition Access Control Camera, Touchless Access Control System, Visitor Management System, Camera Based Access Control System, CCTV-Based Access Control System, Face Recognition Access Control system\" \/>\n<meta name=\"robots\" content=\"index, follow, max-snippet:-1, max-image-preview:large, max-video-preview:-1\" \/>\n<link rel=\"canonical\" href=\"https:\/\/simpo-datatec.com\/pt\/produto\/sp-h66-access-control-camera\/\" \/>\n<meta property=\"og:locale\" content=\"pt_PT\" \/>\n<meta property=\"og:type\" content=\"article\" \/>\n<meta property=\"og:title\" content=\"SP-H66 Access Control Camera - simpo-datatec.com\" \/>\n<meta property=\"og:description\" content=\"Biometric Access Control Camera, Face Recognition Access Control Camera, Touchless Access Control System, Visitor Management System, Camera Based Access Control System, CCTV-Based Access Control System, Face Recognition Access Control system\" \/>\n<meta property=\"og:url\" content=\"https:\/\/simpo-datatec.com\/pt\/produto\/sp-h66-access-control-camera\/\" \/>\n<meta property=\"og:site_name\" content=\"simpo-datatec.com\" \/>\n<meta property=\"article:modified_time\" content=\"2026-04-28T10:34:34+00:00\" \/>\n<meta property=\"og:image\" content=\"https:\/\/simpo-datatec.com\/wp-content\/uploads\/2026\/04\/17-3.jpg\" \/>\n\t<meta property=\"og:image:width\" content=\"500\" \/>\n\t<meta property=\"og:image:height\" content=\"500\" \/>\n\t<meta property=\"og:image:type\" content=\"image\/jpeg\" \/>\n<meta name=\"twitter:card\" content=\"summary_large_image\" \/>\n<meta name=\"twitter:label1\" content=\"Tempo estimado de leitura\" \/>\n\t<meta name=\"twitter:data1\" content=\"3 minutos\" \/>\n<script type=\"application\/ld+json\" class=\"yoast-schema-graph\">{\"@context\":\"https:\\\/\\\/schema.org\",\"@graph\":[{\"@type\":\"WebPage\",\"@id\":\"https:\\\/\\\/simpo-datatec.com\\\/product\\\/sp-h66-access-control-camera\\\/\",\"url\":\"https:\\\/\\\/simpo-datatec.com\\\/product\\\/sp-h66-access-control-camera\\\/\",\"name\":\"SP-H66 Access Control Camera - simpo-datatec.com\",\"isPartOf\":{\"@id\":\"https:\\\/\\\/simpo-datatec.com\\\/#website\"},\"primaryImageOfPage\":{\"@id\":\"https:\\\/\\\/simpo-datatec.com\\\/product\\\/sp-h66-access-control-camera\\\/#primaryimage\"},\"image\":{\"@id\":\"https:\\\/\\\/simpo-datatec.com\\\/product\\\/sp-h66-access-control-camera\\\/#primaryimage\"},\"thumbnailUrl\":\"https:\\\/\\\/simpo-datatec.com\\\/wp-content\\\/uploads\\\/2026\\\/04\\\/17-3.jpg\",\"datePublished\":\"2026-04-24T15:38:59+00:00\",\"dateModified\":\"2026-04-28T10:34:34+00:00\",\"description\":\"Biometric Access Control Camera, Face Recognition Access Control Camera, Touchless Access Control System, Visitor Management System, Camera Based Access Control System, CCTV-Based Access Control System, Face Recognition Access Control system\",\"breadcrumb\":{\"@id\":\"https:\\\/\\\/simpo-datatec.com\\\/product\\\/sp-h66-access-control-camera\\\/#breadcrumb\"},\"inLanguage\":\"pt-PT\",\"potentialAction\":[{\"@type\":\"ReadAction\",\"target\":[\"https:\\\/\\\/simpo-datatec.com\\\/product\\\/sp-h66-access-control-camera\\\/\"]}]},{\"@type\":\"ImageObject\",\"inLanguage\":\"pt-PT\",\"@id\":\"https:\\\/\\\/simpo-datatec.com\\\/product\\\/sp-h66-access-control-camera\\\/#primaryimage\",\"url\":\"https:\\\/\\\/simpo-datatec.com\\\/wp-content\\\/uploads\\\/2026\\\/04\\\/17-3.jpg\",\"contentUrl\":\"https:\\\/\\\/simpo-datatec.com\\\/wp-content\\\/uploads\\\/2026\\\/04\\\/17-3.jpg\",\"width\":500,\"height\":500},{\"@type\":\"BreadcrumbList\",\"@id\":\"https:\\\/\\\/simpo-datatec.com\\\/product\\\/sp-h66-access-control-camera\\\/#breadcrumb\",\"itemListElement\":[{\"@type\":\"ListItem\",\"position\":1,\"name\":\"\u9996\u9875\",\"item\":\"https:\\\/\\\/simpo-datatec.com\\\/\"},{\"@type\":\"ListItem\",\"position\":2,\"name\":\"Products\",\"item\":\"https:\\\/\\\/simpo-datatec.com\\\/products\\\/\"},{\"@type\":\"ListItem\",\"position\":3,\"name\":\"SP-H66 Access Control Camera\"}]},{\"@type\":\"WebSite\",\"@id\":\"https:\\\/\\\/simpo-datatec.com\\\/#website\",\"url\":\"https:\\\/\\\/simpo-datatec.com\\\/\",\"name\":\"simpo-datatec.com\",\"description\":\"\",\"potentialAction\":[{\"@type\":\"SearchAction\",\"target\":{\"@type\":\"EntryPoint\",\"urlTemplate\":\"https:\\\/\\\/simpo-datatec.com\\\/?s={search_term_string}\"},\"query-input\":{\"@type\":\"PropertyValueSpecification\",\"valueRequired\":true,\"valueName\":\"search_term_string\"}}],\"inLanguage\":\"pt-PT\"}]}<\/script>\n<!-- \/ Yoast SEO plugin. -->","yoast_head_json":{"title":"SP-H66 Access Control Camera - simpo-datatec.com","description":"Biometric Access Control Camera, Face Recognition Access Control Camera, Touchless Access Control System, Visitor Management System, Camera Based Access Control System, CCTV-Based Access Control System, Face Recognition Access Control system","robots":{"index":"index","follow":"follow","max-snippet":"max-snippet:-1","max-image-preview":"max-image-preview:large","max-video-preview":"max-video-preview:-1"},"canonical":"https:\/\/simpo-datatec.com\/pt\/produto\/sp-h66-access-control-camera\/","og_locale":"pt_PT","og_type":"article","og_title":"SP-H66 Access Control Camera - simpo-datatec.com","og_description":"Biometric Access Control Camera, Face Recognition Access Control Camera, Touchless Access Control System, Visitor Management System, Camera Based Access Control System, CCTV-Based Access Control System, Face Recognition Access Control system","og_url":"https:\/\/simpo-datatec.com\/pt\/produto\/sp-h66-access-control-camera\/","og_site_name":"simpo-datatec.com","article_modified_time":"2026-04-28T10:34:34+00:00","og_image":[{"width":500,"height":500,"url":"https:\/\/simpo-datatec.com\/wp-content\/uploads\/2026\/04\/17-3.jpg","type":"image\/jpeg"}],"twitter_card":"summary_large_image","twitter_misc":{"Tempo estimado de leitura":"3 minutos"},"schema":{"@context":"https:\/\/schema.org","@graph":[{"@type":"WebPage","@id":"https:\/\/simpo-datatec.com\/product\/sp-h66-access-control-camera\/","url":"https:\/\/simpo-datatec.com\/product\/sp-h66-access-control-camera\/","name":"SP-H66 Access Control Camera - simpo-datatec.com","isPartOf":{"@id":"https:\/\/simpo-datatec.com\/#website"},"primaryImageOfPage":{"@id":"https:\/\/simpo-datatec.com\/product\/sp-h66-access-control-camera\/#primaryimage"},"image":{"@id":"https:\/\/simpo-datatec.com\/product\/sp-h66-access-control-camera\/#primaryimage"},"thumbnailUrl":"https:\/\/simpo-datatec.com\/wp-content\/uploads\/2026\/04\/17-3.jpg","datePublished":"2026-04-24T15:38:59+00:00","dateModified":"2026-04-28T10:34:34+00:00","description":"Biometric Access Control Camera, Face Recognition Access Control Camera, Touchless Access Control System, Visitor Management System, Camera Based Access Control System, CCTV-Based Access Control System, Face Recognition Access Control system","breadcrumb":{"@id":"https:\/\/simpo-datatec.com\/product\/sp-h66-access-control-camera\/#breadcrumb"},"inLanguage":"pt-PT","potentialAction":[{"@type":"ReadAction","target":["https:\/\/simpo-datatec.com\/product\/sp-h66-access-control-camera\/"]}]},{"@type":"ImageObject","inLanguage":"pt-PT","@id":"https:\/\/simpo-datatec.com\/product\/sp-h66-access-control-camera\/#primaryimage","url":"https:\/\/simpo-datatec.com\/wp-content\/uploads\/2026\/04\/17-3.jpg","contentUrl":"https:\/\/simpo-datatec.com\/wp-content\/uploads\/2026\/04\/17-3.jpg","width":500,"height":500},{"@type":"BreadcrumbList","@id":"https:\/\/simpo-datatec.com\/product\/sp-h66-access-control-camera\/#breadcrumb","itemListElement":[{"@type":"ListItem","position":1,"name":"\u9996\u9875","item":"https:\/\/simpo-datatec.com\/"},{"@type":"ListItem","position":2,"name":"Products","item":"https:\/\/simpo-datatec.com\/products\/"},{"@type":"ListItem","position":3,"name":"SP-H66 Access Control Camera"}]},{"@type":"WebSite","@id":"https:\/\/simpo-datatec.com\/#website","url":"https:\/\/simpo-datatec.com\/","name":"simpo-datatec.com","description":"","potentialAction":[{"@type":"SearchAction","target":{"@type":"EntryPoint","urlTemplate":"https:\/\/simpo-datatec.com\/?s={search_term_string}"},"query-input":{"@type":"PropertyValueSpecification","valueRequired":true,"valueName":"search_term_string"}}],"inLanguage":"pt-PT"}]}},"_links":{"self":[{"href":"https:\/\/simpo-datatec.com\/pt\/wp-json\/wp\/v2\/product\/1598","targetHints":{"allow":["GET"]}}],"collection":[{"href":"https:\/\/simpo-datatec.com\/pt\/wp-json\/wp\/v2\/product"}],"about":[{"href":"https:\/\/simpo-datatec.com\/pt\/wp-json\/wp\/v2\/types\/product"}],"wp:featuredmedia":[{"embeddable":true,"href":"https:\/\/simpo-datatec.com\/pt\/wp-json\/wp\/v2\/media\/1599"}],"wp:attachment":[{"href":"https:\/\/simpo-datatec.com\/pt\/wp-json\/wp\/v2\/media?parent=1598"}],"wp:term":[{"taxonomy":"product_brand","embeddable":true,"href":"https:\/\/simpo-datatec.com\/pt\/wp-json\/wp\/v2\/product_brand?post=1598"},{"taxonomy":"product_cat","embeddable":true,"href":"https:\/\/simpo-datatec.com\/pt\/wp-json\/wp\/v2\/product_cat?post=1598"},{"taxonomy":"product_tag","embeddable":true,"href":"https:\/\/simpo-datatec.com\/pt\/wp-json\/wp\/v2\/product_tag?post=1598"}],"curies":[{"name":"wp","href":"https:\/\/api.w.org\/{rel}","templated":true}]}}