{"id":1563,"date":"2026-04-24T23:26:09","date_gmt":"2026-04-24T15:26:09","guid":{"rendered":"https:\/\/simpo-datatec.com\/?post_type=product&#038;p=1563"},"modified":"2026-04-28T18:51:29","modified_gmt":"2026-04-28T10:51:29","slug":"sp-x200-5mp-parameters","status":"publish","type":"product","link":"https:\/\/simpo-datatec.com\/pt\/produto\/sp-x200-5mp-parameters\/","title":{"rendered":"SP-X200 5MP Facial Recognition Time Attendance Camera"},"content":{"rendered":"<ul>\n<li>Equipado com SOC de alta capacidade de computa\u00e7\u00e3o<\/li>\n<li>Sensor de imagem din\u00e2mica alargada da Sony<\/li>\n<li>Imaging resolution 2592*1944(5MP)<\/li>\n<li>Suporta codifica\u00e7\u00e3o H.265\/H.264<\/li>\n<li>Algoritmo de dete\u00e7\u00e3o e reconhecimento facial CNN de alta precis\u00e3o incorporado<\/li>\n<li>Capture and recognize large passenger flow scenes, &gt;20fps\/sdetection<\/li>\n<li>More than 50 faces detected in a single picture<\/li>\n<li>Integrate face detection, tracking, scoring, deduplication, selectionand recognition<\/li>\n<li>Offline face library 50,000, recognition rate up to 99.5%<\/li>\n<li>Suporte para 2 configura\u00e7\u00f5es de biblioteca de faces, lista branca e lista negra<\/li>\n<li>Suporte para lembrete de alarme de estranho, lista negra ou VIP<\/li>\n<li>Suporta o armazenamento local de 100 000 registos de aprova\u00e7\u00e3o, que podem ser consultados e exportados pelo cliente local<\/li>\n<li>Built-in storage function, meet the function of network disconnection and continuous transmission<\/li>\n<li>Luz de preenchimento de infravermelhos, captura normal e compara\u00e7\u00e3o em vis\u00e3o nocturna<\/li>\n<li>Suporte ONVIF, GB28181, HTTP, GA\/T1400, WebSocket, Mqtt e outros protocolos industriais<\/li>\n<li>Sistema aberto, apoio \u00e0 integra\u00e7\u00e3o de projectos e desenvolvimento secund\u00e1rio<\/li>\n<li>Mainly focuses on campus, construction sites, factories and other large passenger flow clock-in application scenarios<\/li>\n<\/ul>\n<p>&nbsp;<\/p>\n<p><strong><b>SP-X200<\/b><\/strong><\/p>\n<p>5-megapixel high-density face capture and recognition integrated camera, supports 1-channel audio output, 1-channel relay signal output etc. (Power supply + network + relay output + audio alarm output)<\/p>\n<p>&nbsp;<\/p>\n<table>\n<tbody>\n<tr>\n<td colspan=\"3\" width=\"168\">Modelo<\/td>\n<td width=\"548\">SP-X200<\/td>\n<\/tr>\n<tr>\n<td colspan=\"4\" width=\"716\"><strong><b>\u00a0<\/b><\/strong><\/td>\n<\/tr>\n<tr>\n<td rowspan=\"10\" width=\"73\">Dete\u00e7\u00e3o e captura<\/td>\n<td colspan=\"2\" width=\"95\">\u00c2ngulo de instala\u00e7\u00e3o<\/td>\n<td width=\"548\">De cima para baixo n\u00e3o mais de 15\u00b0<\/td>\n<\/tr>\n<tr>\n<td colspan=\"2\" width=\"95\">P\u00edxel m\u00ednimo<\/td>\n<td width=\"548\">60*60<\/td>\n<\/tr>\n<tr>\n<td colspan=\"2\" width=\"95\">Sensibilidade de dete\u00e7\u00e3o<\/td>\n<td width=\"548\">Apoio<\/td>\n<\/tr>\n<tr>\n<td colspan=\"2\" width=\"95\">Detection and capture distance<\/td>\n<td width=\"548\">\u22646m<\/td>\n<\/tr>\n<tr>\n<td colspan=\"2\" width=\"95\">Desempenho da dete\u00e7\u00e3o<\/td>\n<td width=\"548\">50pcs faces\/fps<\/td>\n<\/tr>\n<tr>\n<td colspan=\"2\" width=\"95\">Moldura facial<\/td>\n<td width=\"548\">Apoio<\/td>\n<\/tr>\n<tr>\n<td colspan=\"2\" width=\"95\">Armar a \u00e1rea<\/td>\n<td width=\"548\">Apoio<\/td>\n<\/tr>\n<tr>\n<td colspan=\"2\" width=\"95\">Capture mode<\/td>\n<td width=\"548\">Fixed mode<\/td>\n<\/tr>\n<tr>\n<td colspan=\"2\" width=\"95\">Capture threshold<\/td>\n<td width=\"548\">Apoio<\/td>\n<\/tr>\n<tr>\n<td colspan=\"2\" width=\"95\">Carregamento de imagens<\/td>\n<td width=\"548\">FTP\/HTTP\/GA-T1400\/Mqtt<\/td>\n<\/tr>\n<tr>\n<td rowspan=\"4\" width=\"73\">Correspond\u00eancia de rostos<\/td>\n<td colspan=\"2\" width=\"95\">Lista a preto e branco<\/td>\n<td width=\"548\">Apoio<\/td>\n<\/tr>\n<tr>\n<td colspan=\"2\" width=\"95\">Lista VIP<\/td>\n<td width=\"548\">Apoio<\/td>\n<\/tr>\n<tr>\n<td colspan=\"2\" width=\"95\">Base de dados de perfis<\/td>\n<td width=\"548\">50000 perfis<\/td>\n<\/tr>\n<tr>\n<td colspan=\"2\" width=\"95\">Exatid\u00e3o<\/td>\n<td width=\"548\">&gt;99.5%<\/td>\n<\/tr>\n<tr>\n<td colspan=\"3\" width=\"168\">Sensor de imagem<\/td>\n<td width=\"548\">1\/2.8\u201d 5.0M SONY CMOS IMX335<\/td>\n<\/tr>\n<tr>\n<td colspan=\"3\" width=\"168\">Pix\u00e9is<\/td>\n<td width=\"548\">2592(H)\u00d71944(V)<\/td>\n<\/tr>\n<tr>\n<td colspan=\"3\" width=\"168\">Lente<\/td>\n<td width=\"548\">6mm Fixed Focal Length Lens<\/td>\n<\/tr>\n<tr>\n<td colspan=\"3\" width=\"168\">WDR<\/td>\n<td width=\"548\">Inteligente adaptativo<\/td>\n<\/tr>\n<tr>\n<td colspan=\"3\" width=\"168\">Ilumina\u00e7\u00e3o m\u00ednima<\/td>\n<td width=\"548\">0,001lux<\/td>\n<\/tr>\n<tr>\n<td colspan=\"3\" width=\"168\">Signal to noise ratio<\/td>\n<td width=\"548\">\u226550dB(AGC OFF)<\/td>\n<\/tr>\n<tr>\n<td colspan=\"3\" width=\"168\">Modo de exposi\u00e7\u00e3o<\/td>\n<td width=\"548\">Exposi\u00e7\u00e3o autom\u00e1tica, BLC<\/td>\n<\/tr>\n<tr>\n<td colspan=\"4\" width=\"716\"><strong><b>Interface <\/b><\/strong><\/td>\n<\/tr>\n<tr>\n<td colspan=\"3\" width=\"168\">Interface de rede<\/td>\n<td width=\"548\">10\/100M Network adaptation\uff0cRJ45 adapter<\/td>\n<\/tr>\n<tr>\n<td colspan=\"3\" width=\"168\">Interface de alarme<\/td>\n<td width=\"548\">Sa\u00edda de rel\u00e9 de 1 canal<\/td>\n<\/tr>\n<tr>\n<td colspan=\"4\" width=\"716\"><strong><b>Norma de compress\u00e3o<\/b><\/strong><\/td>\n<\/tr>\n<tr>\n<td colspan=\"3\" width=\"168\">Codifica\u00e7\u00e3o de v\u00eddeo<\/td>\n<td width=\"548\">Perfil principal H.265 \/ Perfil elevado H.264<\/td>\n<\/tr>\n<tr>\n<td colspan=\"2\" rowspan=\"2\" width=\"82\">Resolu\u00e7\u00e3o<\/td>\n<td width=\"85\">Fluxo principal<\/td>\n<td width=\"548\">2592*1944\u30012688*1520\u30011920&#215;1080<\/td>\n<\/tr>\n<tr>\n<td width=\"85\">Subfluxo<\/td>\n<td width=\"548\">704*576\u3001640\u00d7480\u3001352\u00d7288<\/td>\n<\/tr>\n<tr>\n<td colspan=\"3\" width=\"168\">Taxa de c\u00f3digo de compress\u00e3o de v\u00eddeo<\/td>\n<td width=\"548\">128Kbps\uff5e8Mbps (ajust\u00e1vel manualmente)\uff0csuporta CBR\/VBR<\/td>\n<\/tr>\n<tr>\n<td colspan=\"3\" width=\"168\">\u00c1udio<\/td>\n<td width=\"548\">Audio in\/out<\/td>\n<\/tr>\n<tr>\n<td colspan=\"3\" width=\"168\">OSD<\/td>\n<td width=\"548\">Suporta o nome do canal, data e hora, defini\u00e7\u00e3o da posi\u00e7\u00e3o<\/td>\n<\/tr>\n<tr>\n<td colspan=\"4\" width=\"716\"><strong><b>Protocolo de rede<\/b><\/strong><\/td>\n<\/tr>\n<tr>\n<td colspan=\"3\" width=\"168\">Protocol<\/td>\n<td width=\"548\">TCP\/IP\uff0cPTP\uff0cNTP\uff0cDHCP\uff0cUDP\uff0cSMTP\uff0cRTSP\uff0cDDNS\uff0cDNS\uff0cHTTP\u3001P2P<\/td>\n<\/tr>\n<tr>\n<td colspan=\"3\" width=\"168\">Protocolo ONVIF<\/td>\n<td width=\"548\">Apoio<\/td>\n<\/tr>\n<tr>\n<td colspan=\"3\" width=\"168\">Protocolo GB28181<\/td>\n<td width=\"548\">Apoio<\/td>\n<\/tr>\n<tr>\n<td colspan=\"4\" width=\"716\"><strong><b>Par\u00e2metros gerais <\/b><\/strong><\/td>\n<\/tr>\n<tr>\n<td colspan=\"3\" width=\"168\">Campo de vis\u00e3o<\/td>\n<td width=\"548\">60\u00b0 (Horizontal)<\/td>\n<\/tr>\n<tr>\n<td colspan=\"3\" width=\"168\">Pot\u00eancia<\/td>\n<td width=\"548\">DC12V\/2A,Optional POE<\/td>\n<\/tr>\n<tr>\n<td colspan=\"3\" width=\"168\">Temperatura e humidade de funcionamento<\/td>\n<td width=\"548\">-30\u2103~60\u2103, humidade inferior a 95% (sem condensa\u00e7\u00e3o)<\/td>\n<\/tr>\n<tr>\n<td colspan=\"3\" width=\"168\">Grau de impermeabilidade<\/td>\n<td width=\"548\">IP66<\/td>\n<\/tr>\n<tr>\n<td colspan=\"3\" width=\"168\">M\u00e9todo de instala\u00e7\u00e3o<\/td>\n<td width=\"548\">Suspenso ou montado na parede<\/td>\n<\/tr>\n<\/tbody>\n<\/table>\n<p>&nbsp;<\/p>","protected":false},"excerpt":{"rendered":"<p>Face Recognition Camera, Employee Clock in Camera, Employee Clock out Camera, Time Clock in Camera, Biometric Time Clock, Touchless Clock-in System, Facial Recognition Time Attendance<\/p>","protected":false},"featured_media":1564,"template":"","meta":[],"product_brand":[],"product_cat":[271],"product_tag":[307,304,305,298,309,306,308],"class_list":{"0":"post-1563","1":"product","2":"type-product","3":"status-publish","4":"has-post-thumbnail","6":"product_cat-face-recognition-time-attendence-camera","7":"product_tag-biometric-time-clock","8":"product_tag-employee-clock-in-camera","9":"product_tag-employee-clock-out-camera","10":"product_tag-face-recognition-camera","11":"product_tag-facial-recognition-time-attendance","12":"product_tag-time-clock-in-camera","13":"product_tag-touchless-clock-in-system","15":"first","16":"instock","17":"shipping-taxable","18":"product-type-simple"},"yoast_head":"<!-- This site is optimized with the Yoast SEO plugin v27.3 - https:\/\/yoast.com\/product\/yoast-seo-wordpress\/ -->\n<title>SP-X200 5MP Facial Recognition Time Attendance Camera - simpo-datatec.com<\/title>\n<meta name=\"description\" content=\"Face Recognition Camera, Employee Clock in Camera, Employee Clock out Camera, Time Clock in Camera, Biometric Time Clock, Touchless Clock-in System, Facial Recognition Time Attendance\" \/>\n<meta name=\"robots\" content=\"index, follow, max-snippet:-1, max-image-preview:large, max-video-preview:-1\" \/>\n<link rel=\"canonical\" href=\"https:\/\/simpo-datatec.com\/pt\/produto\/sp-x200-5mp-parameters\/\" \/>\n<meta property=\"og:locale\" content=\"pt_PT\" \/>\n<meta property=\"og:type\" content=\"article\" \/>\n<meta property=\"og:title\" content=\"SP-X200 5MP Facial Recognition Time Attendance Camera - simpo-datatec.com\" \/>\n<meta property=\"og:description\" content=\"Face Recognition Camera, Employee Clock in Camera, Employee Clock out Camera, Time Clock in Camera, Biometric Time Clock, Touchless Clock-in System, Facial Recognition Time Attendance\" \/>\n<meta property=\"og:url\" content=\"https:\/\/simpo-datatec.com\/pt\/produto\/sp-x200-5mp-parameters\/\" \/>\n<meta property=\"og:site_name\" content=\"simpo-datatec.com\" \/>\n<meta property=\"article:modified_time\" content=\"2026-04-28T10:51:29+00:00\" \/>\n<meta property=\"og:image\" content=\"https:\/\/simpo-datatec.com\/wp-content\/uploads\/2026\/04\/1.jpg\" \/>\n\t<meta property=\"og:image:width\" content=\"500\" \/>\n\t<meta property=\"og:image:height\" content=\"500\" \/>\n\t<meta property=\"og:image:type\" content=\"image\/jpeg\" \/>\n<meta name=\"twitter:card\" content=\"summary_large_image\" \/>\n<meta name=\"twitter:label1\" content=\"Tempo estimado de leitura\" \/>\n\t<meta name=\"twitter:data1\" content=\"2 minutos\" \/>\n<script type=\"application\/ld+json\" class=\"yoast-schema-graph\">{\"@context\":\"https:\\\/\\\/schema.org\",\"@graph\":[{\"@type\":\"WebPage\",\"@id\":\"https:\\\/\\\/simpo-datatec.com\\\/product\\\/sp-x200-5mp-parameters\\\/\",\"url\":\"https:\\\/\\\/simpo-datatec.com\\\/product\\\/sp-x200-5mp-parameters\\\/\",\"name\":\"SP-X200 5MP Facial Recognition Time Attendance Camera - simpo-datatec.com\",\"isPartOf\":{\"@id\":\"https:\\\/\\\/simpo-datatec.com\\\/#website\"},\"primaryImageOfPage\":{\"@id\":\"https:\\\/\\\/simpo-datatec.com\\\/product\\\/sp-x200-5mp-parameters\\\/#primaryimage\"},\"image\":{\"@id\":\"https:\\\/\\\/simpo-datatec.com\\\/product\\\/sp-x200-5mp-parameters\\\/#primaryimage\"},\"thumbnailUrl\":\"https:\\\/\\\/simpo-datatec.com\\\/wp-content\\\/uploads\\\/2026\\\/04\\\/1.jpg\",\"datePublished\":\"2026-04-24T15:26:09+00:00\",\"dateModified\":\"2026-04-28T10:51:29+00:00\",\"description\":\"Face Recognition Camera, Employee Clock in Camera, Employee Clock out Camera, Time Clock in Camera, Biometric Time Clock, Touchless Clock-in System, Facial Recognition Time Attendance\",\"breadcrumb\":{\"@id\":\"https:\\\/\\\/simpo-datatec.com\\\/product\\\/sp-x200-5mp-parameters\\\/#breadcrumb\"},\"inLanguage\":\"pt-PT\",\"potentialAction\":[{\"@type\":\"ReadAction\",\"target\":[\"https:\\\/\\\/simpo-datatec.com\\\/product\\\/sp-x200-5mp-parameters\\\/\"]}]},{\"@type\":\"ImageObject\",\"inLanguage\":\"pt-PT\",\"@id\":\"https:\\\/\\\/simpo-datatec.com\\\/product\\\/sp-x200-5mp-parameters\\\/#primaryimage\",\"url\":\"https:\\\/\\\/simpo-datatec.com\\\/wp-content\\\/uploads\\\/2026\\\/04\\\/1.jpg\",\"contentUrl\":\"https:\\\/\\\/simpo-datatec.com\\\/wp-content\\\/uploads\\\/2026\\\/04\\\/1.jpg\",\"width\":500,\"height\":500},{\"@type\":\"BreadcrumbList\",\"@id\":\"https:\\\/\\\/simpo-datatec.com\\\/product\\\/sp-x200-5mp-parameters\\\/#breadcrumb\",\"itemListElement\":[{\"@type\":\"ListItem\",\"position\":1,\"name\":\"\u9996\u9875\",\"item\":\"https:\\\/\\\/simpo-datatec.com\\\/\"},{\"@type\":\"ListItem\",\"position\":2,\"name\":\"Products\",\"item\":\"https:\\\/\\\/simpo-datatec.com\\\/products\\\/\"},{\"@type\":\"ListItem\",\"position\":3,\"name\":\"SP-X200 5MP Facial Recognition Time Attendance Camera\"}]},{\"@type\":\"WebSite\",\"@id\":\"https:\\\/\\\/simpo-datatec.com\\\/#website\",\"url\":\"https:\\\/\\\/simpo-datatec.com\\\/\",\"name\":\"simpo-datatec.com\",\"description\":\"\",\"potentialAction\":[{\"@type\":\"SearchAction\",\"target\":{\"@type\":\"EntryPoint\",\"urlTemplate\":\"https:\\\/\\\/simpo-datatec.com\\\/?s={search_term_string}\"},\"query-input\":{\"@type\":\"PropertyValueSpecification\",\"valueRequired\":true,\"valueName\":\"search_term_string\"}}],\"inLanguage\":\"pt-PT\"}]}<\/script>\n<!-- \/ Yoast SEO plugin. -->","yoast_head_json":{"title":"SP-X200 5MP Facial Recognition Time Attendance Camera - simpo-datatec.com","description":"Face Recognition Camera, Employee Clock in Camera, Employee Clock out Camera, Time Clock in Camera, Biometric Time Clock, Touchless Clock-in System, Facial Recognition Time Attendance","robots":{"index":"index","follow":"follow","max-snippet":"max-snippet:-1","max-image-preview":"max-image-preview:large","max-video-preview":"max-video-preview:-1"},"canonical":"https:\/\/simpo-datatec.com\/pt\/produto\/sp-x200-5mp-parameters\/","og_locale":"pt_PT","og_type":"article","og_title":"SP-X200 5MP Facial Recognition Time Attendance Camera - simpo-datatec.com","og_description":"Face Recognition Camera, Employee Clock in Camera, Employee Clock out Camera, Time Clock in Camera, Biometric Time Clock, Touchless Clock-in System, Facial Recognition Time Attendance","og_url":"https:\/\/simpo-datatec.com\/pt\/produto\/sp-x200-5mp-parameters\/","og_site_name":"simpo-datatec.com","article_modified_time":"2026-04-28T10:51:29+00:00","og_image":[{"width":500,"height":500,"url":"https:\/\/simpo-datatec.com\/wp-content\/uploads\/2026\/04\/1.jpg","type":"image\/jpeg"}],"twitter_card":"summary_large_image","twitter_misc":{"Tempo estimado de leitura":"2 minutos"},"schema":{"@context":"https:\/\/schema.org","@graph":[{"@type":"WebPage","@id":"https:\/\/simpo-datatec.com\/product\/sp-x200-5mp-parameters\/","url":"https:\/\/simpo-datatec.com\/product\/sp-x200-5mp-parameters\/","name":"SP-X200 5MP Facial Recognition Time Attendance Camera - simpo-datatec.com","isPartOf":{"@id":"https:\/\/simpo-datatec.com\/#website"},"primaryImageOfPage":{"@id":"https:\/\/simpo-datatec.com\/product\/sp-x200-5mp-parameters\/#primaryimage"},"image":{"@id":"https:\/\/simpo-datatec.com\/product\/sp-x200-5mp-parameters\/#primaryimage"},"thumbnailUrl":"https:\/\/simpo-datatec.com\/wp-content\/uploads\/2026\/04\/1.jpg","datePublished":"2026-04-24T15:26:09+00:00","dateModified":"2026-04-28T10:51:29+00:00","description":"Face Recognition Camera, Employee Clock in Camera, Employee Clock out Camera, Time Clock in Camera, Biometric Time Clock, Touchless Clock-in System, Facial Recognition Time Attendance","breadcrumb":{"@id":"https:\/\/simpo-datatec.com\/product\/sp-x200-5mp-parameters\/#breadcrumb"},"inLanguage":"pt-PT","potentialAction":[{"@type":"ReadAction","target":["https:\/\/simpo-datatec.com\/product\/sp-x200-5mp-parameters\/"]}]},{"@type":"ImageObject","inLanguage":"pt-PT","@id":"https:\/\/simpo-datatec.com\/product\/sp-x200-5mp-parameters\/#primaryimage","url":"https:\/\/simpo-datatec.com\/wp-content\/uploads\/2026\/04\/1.jpg","contentUrl":"https:\/\/simpo-datatec.com\/wp-content\/uploads\/2026\/04\/1.jpg","width":500,"height":500},{"@type":"BreadcrumbList","@id":"https:\/\/simpo-datatec.com\/product\/sp-x200-5mp-parameters\/#breadcrumb","itemListElement":[{"@type":"ListItem","position":1,"name":"\u9996\u9875","item":"https:\/\/simpo-datatec.com\/"},{"@type":"ListItem","position":2,"name":"Products","item":"https:\/\/simpo-datatec.com\/products\/"},{"@type":"ListItem","position":3,"name":"SP-X200 5MP Facial Recognition Time Attendance Camera"}]},{"@type":"WebSite","@id":"https:\/\/simpo-datatec.com\/#website","url":"https:\/\/simpo-datatec.com\/","name":"simpo-datatec.com","description":"","potentialAction":[{"@type":"SearchAction","target":{"@type":"EntryPoint","urlTemplate":"https:\/\/simpo-datatec.com\/?s={search_term_string}"},"query-input":{"@type":"PropertyValueSpecification","valueRequired":true,"valueName":"search_term_string"}}],"inLanguage":"pt-PT"}]}},"_links":{"self":[{"href":"https:\/\/simpo-datatec.com\/pt\/wp-json\/wp\/v2\/product\/1563","targetHints":{"allow":["GET"]}}],"collection":[{"href":"https:\/\/simpo-datatec.com\/pt\/wp-json\/wp\/v2\/product"}],"about":[{"href":"https:\/\/simpo-datatec.com\/pt\/wp-json\/wp\/v2\/types\/product"}],"wp:featuredmedia":[{"embeddable":true,"href":"https:\/\/simpo-datatec.com\/pt\/wp-json\/wp\/v2\/media\/1564"}],"wp:attachment":[{"href":"https:\/\/simpo-datatec.com\/pt\/wp-json\/wp\/v2\/media?parent=1563"}],"wp:term":[{"taxonomy":"product_brand","embeddable":true,"href":"https:\/\/simpo-datatec.com\/pt\/wp-json\/wp\/v2\/product_brand?post=1563"},{"taxonomy":"product_cat","embeddable":true,"href":"https:\/\/simpo-datatec.com\/pt\/wp-json\/wp\/v2\/product_cat?post=1563"},{"taxonomy":"product_tag","embeddable":true,"href":"https:\/\/simpo-datatec.com\/pt\/wp-json\/wp\/v2\/product_tag?post=1563"}],"curies":[{"name":"wp","href":"https:\/\/api.w.org\/{rel}","templated":true}]}}