{"id":1697,"date":"2026-04-25T00:12:07","date_gmt":"2026-04-24T16:12:07","guid":{"rendered":"https:\/\/simpo-datatec.com\/?post_type=product&#038;p=1697"},"modified":"2026-04-25T00:12:07","modified_gmt":"2026-04-24T16:12:07","slug":"sp675-5mp-dual-board-camera-module","status":"publish","type":"product","link":"https:\/\/simpo-datatec.com\/ms\/product\/sp675-5mp-dual-board-camera-module\/","title":{"rendered":"Modul Kamera SP675 5MP dua papan"},"content":{"rendered":"<ul>\n<li><b><\/b><strong><b>1\/2.8\u2033 sensor CMOS 5 megapiksel<\/b><\/strong><\/li>\n<li><b><\/b><strong><b>Mendukung pengekodan H.265+, H.265 dan H.264<\/b><\/strong><\/li>\n<li><b><\/b><strong><b>Mendukung cerminan, pembalikan, pampasan pencahayaan latar belakang, penindasan cahaya kuat, pengurangan hingar digital 3D, penembusan kabus, dinamik lebar digital<\/b><\/strong><\/li>\n<li><b><\/b><strong><b>Mendukung mod cahaya inframerah\/warna penuh\/dua mod cahaya, menyokong pelemutan PWM<\/b><\/strong><\/li>\n<li><b><\/b><strong><b>Mendukung ONVIF piawai, GB28181, HIK, DH dan protokol peribadi lain<\/b><\/strong><\/li>\n<li><b><\/b><strong><b>Mendukung zum elektrik (pilihan), bukaan automatik (pilihan)<\/b><\/strong><\/li>\n<li><b><\/b><strong><b>Menyediakan pakej pembangunan SDK, menyokong pembangunan sekunder, menyokong CGI, HTTP dan penyambungan protokol WEBSOCK<\/b><\/strong><\/li>\n<li><b><\/b><strong><b>Mendukung penambahbaikan imej AIISP, meningkatkan kesan hingar rendah<\/b><\/strong><\/li>\n<li><b><\/b><strong><b>Menyokong pelayar kernel Google tanpa pemalam<\/b><\/strong><\/li>\n<li><b><\/b><strong><strong><b>Mendukung UVC<br \/>\n<\/b><\/strong><\/strong>bahasa\n<table>\n<tbody>\n<tr>\n<td colspan=\"2\" width=\"709\"><strong><b>Am<\/b><\/strong><\/td>\n<\/tr>\n<tr>\n<td width=\"214\">Pemproses Pusat<\/td>\n<td width=\"495\">Hi3516DV500, ARM Cortex A55 dwi teras pada 850MHz<\/td>\n<\/tr>\n<tr>\n<td width=\"214\">DDR(Memori)<\/td>\n<td width=\"495\">8Gbit LP DDR4<\/td>\n<\/tr>\n<tr>\n<td width=\"214\">Petir<\/td>\n<td width=\"495\">1Gb (2Gb pilihan dalam kuantiti besar)<\/td>\n<\/tr>\n<tr>\n<td width=\"214\">Penderia Imej<\/td>\n<td width=\"495\">5MP 1\/2.8 IMX675 sensor CMOS cahaya rendah, warna: 0.001Lux@F1.2, monokrom: 0.001Lux@F1.2<\/td>\n<\/tr>\n<tr>\n<td width=\"214\">Pengawas<\/td>\n<td width=\"495\">Pemantau perkakasan<\/td>\n<\/tr>\n<tr>\n<td width=\"214\">Julat Dinamik Luas<\/td>\n<td width=\"495\">100 dB<\/td>\n<\/tr>\n<tr>\n<td colspan=\"2\" width=\"709\"><strong><b>Imej <\/b><\/strong><strong><b>P<\/b><\/strong><strong><b>parameter-parameter<\/b><\/strong><\/td>\n<\/tr>\n<tr>\n<td width=\"214\">Resolusi kadar bingkai arus perdana<\/td>\n<td width=\"495\">30 fps@(2592 \u00d7 1944, 2560 \u00d7 1920, 2160 \u00d7 1620, 1920 \u00d7 1440)<\/td>\n<\/tr>\n<tr>\n<td width=\"214\">Resolusi kadar bingkai sub-aliran<\/td>\n<td width=\"495\">30 fps@(704\u00d7576, 640\u00d7480)<\/td>\n<\/tr>\n<tr>\n<td width=\"214\">Penyelesaian kadar bingkai tiga aliran<\/td>\n<td width=\"495\">30 fps pada (704\u00d7576, 640\u00d7480, 640\u00d7352, 320\u00d7240)<\/td>\n<\/tr>\n<tr>\n<td width=\"214\">Standard pemampatan video<\/td>\n<td width=\"495\">H.265+\/H.265\/H.264<\/td>\n<\/tr>\n<tr>\n<td width=\"214\">Bitrate pemampatan video<\/td>\n<td width=\"495\">512 Kbps~32 Mbps<\/td>\n<\/tr>\n<tr>\n<td width=\"214\">Imbangan putih<\/td>\n<td width=\"495\">Imbangan putih Auto\/Manual\/Satu-satu<\/td>\n<\/tr>\n<tr>\n<td width=\"214\">Penutup<\/td>\n<td width=\"495\">1\/12 saat hingga 1\/100000 saat<\/td>\n<\/tr>\n<tr>\n<td width=\"214\">Pengurangan bunyi<\/td>\n<td width=\"495\">Pengurangan hingar 3D\/2D<\/td>\n<\/tr>\n<tr>\n<td width=\"214\">Julat Dinamik Luas<\/td>\n<td width=\"495\">Mendukung WDR digital<\/td>\n<\/tr>\n<tr>\n<td width=\"214\">Auto iris<\/td>\n<td width=\"495\">Mendukung auto iris DC IRIS<\/td>\n<\/tr>\n<tr>\n<td width=\"214\">AIISP<\/td>\n<td width=\"495\">Mendukung penambahbaikan imej AISP<\/td>\n<\/tr>\n<tr>\n<td width=\"214\">Fungsi imej<\/td>\n<td width=\"495\">Sokongan pampasan pencahayaan latar belakang, penindasan cahaya kuat, penembusan kabus, anti-kedipan, pembetulan lensa, cerminan, pembalikan, penguatan dan lain-lain.<\/td>\n<\/tr>\n<tr>\n<td colspan=\"2\" width=\"709\"><strong><b>Audio<\/b><\/strong><\/td>\n<\/tr>\n<tr>\n<td width=\"214\">Antaramuka audio<\/td>\n<td width=\"495\">1 input, menyokong input mikrofon atau pickup; 1 output, menyokong penyambungan fon kepala atau penguat<\/td>\n<\/tr>\n<tr>\n<td width=\"214\">Standard pemampatan audio<\/td>\n<td width=\"495\">G711U \/ G711A \/ AAC-LC<\/td>\n<\/tr>\n<tr>\n<td colspan=\"2\" width=\"709\"><strong><b>Rangkaian<\/b><\/strong><\/td>\n<\/tr>\n<tr>\n<td width=\"214\">Bilangan saluran<\/td>\n<td width=\"495\">12 saluran (maksimum)<\/td>\n<\/tr>\n<tr>\n<td width=\"214\">&nbsp;bahasa\n<p>Protokol Rangkaian<\/td>\n<td width=\"495\">Mendukung CGI<a href=\"\/ms\/HTTP\/\">HTTP<\/a>\u3001<a href=\"\/ms\/HTTPS\/\">HTTPS<\/a>GB28181, SIP, RTMP, TCP\/IP, UDP, RTP, FTP, RTCP, RTSP, NTP, DHCP, DNS, DDNS, SNMP, SSL\/TLS, WebSocket, dan menyokong protokol piawai seperti ONVIF<\/td>\n<\/tr>\n<tr>\n<td width=\"214\">Pelayar<\/td>\n<td width=\"495\">Pratonton pemalam: IE10, IE11bahasa\n<p>Pratonton tanpa plugin: Edge, Chrome, Firefox dan lain-lain.<\/td>\n<\/tr>\n<tr>\n<td colspan=\"2\" width=\"709\"><strong><b>Antara muka lain<\/b><\/strong><\/td>\n<\/tr>\n<tr>\n<td width=\"214\">Rangkaian<\/td>\n<td width=\"495\">1xRJ45, adaptif 10M\/100M<\/td>\n<\/tr>\n<tr>\n<td width=\"214\">Kawalan papan ringan<\/td>\n<td width=\"495\">Mendukung input pengesanan fotosensitif, mendukung pelemutan PWM<\/td>\n<\/tr>\n<tr>\n<td width=\"214\">Port USB<\/td>\n<td width=\"495\">1xUSB2.0 (bekalan kuasa 5V), menyokong pengembangan 4G\/WiFi (dual band)\/fungsi storan\/UVC<\/td>\n<\/tr>\n<tr>\n<td colspan=\"2\" width=\"709\"><strong><b>Parameter umum<\/b><\/strong><\/td>\n<\/tr>\n<tr>\n<td width=\"214\">Dimensi<\/td>\n<td width=\"495\">38\u00d738\u00d710.8mm, struktur papan berganda 38<\/td>\n<\/tr>\n<tr>\n<td width=\"214\">Berat<\/td>\n<td width=\"495\">10 g<\/td>\n<\/tr>\n<tr>\n<td width=\"214\">Suhu operasi<\/td>\n<td width=\"495\">-20\u2103 ~ +60\u2103<\/td>\n<\/tr>\n<tr>\n<td width=\"214\">Bekalan kuasa dan penggunaan<\/td>\n<td width=\"495\">Input DC12V, penggunaan kuasa 4W<\/td>\n<\/tr>\n<\/tbody>\n<\/table>\n<p>&nbsp;<\/li>\n<\/ul>","protected":false},"excerpt":{"rendered":"<p>1\/2.8&#8243; 5-megapixel CMOS sensor Supports H.265+, H.265, H.264 encoding Supports mirroring, flipping, backlight compensation, strong light suppression, 3D digital noise reduction, fog penetration, digital wide dynamic Supports infrared\/full color\/dual light mode, supports PWM dimming Supports standard ONVIF, GB28181, HIK, DH and other private protocols Supports electric zoom (optional), automatic aperture (optional) Provides SDK development package, [&hellip;]<\/p>\n","protected":false},"featured_media":1698,"template":"","meta":[],"product_brand":[],"product_cat":[276],"product_tag":[],"class_list":{"0":"post-1697","1":"product","2":"type-product","3":"status-publish","4":"has-post-thumbnail","6":"product_cat-ai-camera-module","8":"first","9":"instock","10":"shipping-taxable","11":"product-type-simple"},"yoast_head":"<!-- This site is optimized with the Yoast SEO plugin v27.3 - https:\/\/yoast.com\/product\/yoast-seo-wordpress\/ -->\n<title>SP675 5MP dual-board\u00a0Camera Module - simpo-datatec.com<\/title>\n<meta name=\"robots\" content=\"index, follow, max-snippet:-1, max-image-preview:large, max-video-preview:-1\" \/>\n<link rel=\"canonical\" href=\"https:\/\/simpo-datatec.com\/ms\/product\/sp675-5mp-dual-board-camera-module\/\" \/>\n<meta property=\"og:locale\" content=\"ms_MY\" \/>\n<meta property=\"og:type\" content=\"article\" \/>\n<meta property=\"og:title\" content=\"SP675 5MP dual-board\u00a0Camera Module - simpo-datatec.com\" \/>\n<meta property=\"og:description\" content=\"1\/2.8&#8243; 5-megapixel CMOS sensor Supports H.265+, H.265, H.264 encoding Supports mirroring, flipping, backlight compensation, strong light suppression, 3D digital noise reduction, fog penetration, digital wide dynamic Supports infrared\/full color\/dual light mode, supports PWM dimming Supports standard ONVIF, GB28181, HIK, DH and other private protocols Supports electric zoom (optional), automatic aperture (optional) Provides SDK development package, [&hellip;]\" \/>\n<meta property=\"og:url\" content=\"https:\/\/simpo-datatec.com\/ms\/product\/sp675-5mp-dual-board-camera-module\/\" \/>\n<meta property=\"og:site_name\" content=\"simpo-datatec.com\" \/>\n<meta property=\"og:image\" content=\"https:\/\/simpo-datatec.com\/wp-content\/uploads\/2026\/04\/SP675-5MP-dual-board-Camera-Module.png\" \/>\n\t<meta property=\"og:image:width\" content=\"228\" \/>\n\t<meta property=\"og:image:height\" content=\"228\" \/>\n\t<meta property=\"og:image:type\" content=\"image\/png\" \/>\n<meta name=\"twitter:card\" content=\"summary_large_image\" \/>\n<meta name=\"twitter:label1\" content=\"Est. reading time\" \/>\n\t<meta name=\"twitter:data1\" content=\"2 minit\" \/>\n<script type=\"application\/ld+json\" class=\"yoast-schema-graph\">{\"@context\":\"https:\\\/\\\/schema.org\",\"@graph\":[{\"@type\":\"WebPage\",\"@id\":\"https:\\\/\\\/simpo-datatec.com\\\/product\\\/sp675-5mp-dual-board-camera-module\\\/\",\"url\":\"https:\\\/\\\/simpo-datatec.com\\\/product\\\/sp675-5mp-dual-board-camera-module\\\/\",\"name\":\"SP675 5MP dual-board\u00a0Camera Module - simpo-datatec.com\",\"isPartOf\":{\"@id\":\"https:\\\/\\\/simpo-datatec.com\\\/#website\"},\"primaryImageOfPage\":{\"@id\":\"https:\\\/\\\/simpo-datatec.com\\\/product\\\/sp675-5mp-dual-board-camera-module\\\/#primaryimage\"},\"image\":{\"@id\":\"https:\\\/\\\/simpo-datatec.com\\\/product\\\/sp675-5mp-dual-board-camera-module\\\/#primaryimage\"},\"thumbnailUrl\":\"https:\\\/\\\/simpo-datatec.com\\\/wp-content\\\/uploads\\\/2026\\\/04\\\/SP675-5MP-dual-board-Camera-Module.png\",\"datePublished\":\"2026-04-24T16:12:07+00:00\",\"breadcrumb\":{\"@id\":\"https:\\\/\\\/simpo-datatec.com\\\/product\\\/sp675-5mp-dual-board-camera-module\\\/#breadcrumb\"},\"inLanguage\":\"ms-MY\",\"potentialAction\":[{\"@type\":\"ReadAction\",\"target\":[\"https:\\\/\\\/simpo-datatec.com\\\/product\\\/sp675-5mp-dual-board-camera-module\\\/\"]}]},{\"@type\":\"ImageObject\",\"inLanguage\":\"ms-MY\",\"@id\":\"https:\\\/\\\/simpo-datatec.com\\\/product\\\/sp675-5mp-dual-board-camera-module\\\/#primaryimage\",\"url\":\"https:\\\/\\\/simpo-datatec.com\\\/wp-content\\\/uploads\\\/2026\\\/04\\\/SP675-5MP-dual-board-Camera-Module.png\",\"contentUrl\":\"https:\\\/\\\/simpo-datatec.com\\\/wp-content\\\/uploads\\\/2026\\\/04\\\/SP675-5MP-dual-board-Camera-Module.png\",\"width\":228,\"height\":228},{\"@type\":\"BreadcrumbList\",\"@id\":\"https:\\\/\\\/simpo-datatec.com\\\/product\\\/sp675-5mp-dual-board-camera-module\\\/#breadcrumb\",\"itemListElement\":[{\"@type\":\"ListItem\",\"position\":1,\"name\":\"\u9996\u9875\",\"item\":\"https:\\\/\\\/simpo-datatec.com\\\/\"},{\"@type\":\"ListItem\",\"position\":2,\"name\":\"Products\",\"item\":\"https:\\\/\\\/simpo-datatec.com\\\/products\\\/\"},{\"@type\":\"ListItem\",\"position\":3,\"name\":\"SP675 5MP dual-board\u00a0Camera Module\"}]},{\"@type\":\"WebSite\",\"@id\":\"https:\\\/\\\/simpo-datatec.com\\\/#website\",\"url\":\"https:\\\/\\\/simpo-datatec.com\\\/\",\"name\":\"simpo-datatec.com\",\"description\":\"\",\"potentialAction\":[{\"@type\":\"SearchAction\",\"target\":{\"@type\":\"EntryPoint\",\"urlTemplate\":\"https:\\\/\\\/simpo-datatec.com\\\/?s={search_term_string}\"},\"query-input\":{\"@type\":\"PropertyValueSpecification\",\"valueRequired\":true,\"valueName\":\"search_term_string\"}}],\"inLanguage\":\"ms-MY\"}]}<\/script>\n<!-- \/ Yoast SEO plugin. -->","yoast_head_json":{"title":"SP675 5MP dual-board\u00a0Camera Module - simpo-datatec.com","robots":{"index":"index","follow":"follow","max-snippet":"max-snippet:-1","max-image-preview":"max-image-preview:large","max-video-preview":"max-video-preview:-1"},"canonical":"https:\/\/simpo-datatec.com\/ms\/product\/sp675-5mp-dual-board-camera-module\/","og_locale":"ms_MY","og_type":"article","og_title":"SP675 5MP dual-board\u00a0Camera Module - simpo-datatec.com","og_description":"1\/2.8&#8243; 5-megapixel CMOS sensor Supports H.265+, H.265, H.264 encoding Supports mirroring, flipping, backlight compensation, strong light suppression, 3D digital noise reduction, fog penetration, digital wide dynamic Supports infrared\/full color\/dual light mode, supports PWM dimming Supports standard ONVIF, GB28181, HIK, DH and other private protocols Supports electric zoom (optional), automatic aperture (optional) Provides SDK development package, [&hellip;]","og_url":"https:\/\/simpo-datatec.com\/ms\/product\/sp675-5mp-dual-board-camera-module\/","og_site_name":"simpo-datatec.com","og_image":[{"width":228,"height":228,"url":"https:\/\/simpo-datatec.com\/wp-content\/uploads\/2026\/04\/SP675-5MP-dual-board-Camera-Module.png","type":"image\/png"}],"twitter_card":"summary_large_image","twitter_misc":{"Est. reading time":"2 minit"},"schema":{"@context":"https:\/\/schema.org","@graph":[{"@type":"WebPage","@id":"https:\/\/simpo-datatec.com\/product\/sp675-5mp-dual-board-camera-module\/","url":"https:\/\/simpo-datatec.com\/product\/sp675-5mp-dual-board-camera-module\/","name":"SP675 5MP dual-board\u00a0Camera Module - simpo-datatec.com","isPartOf":{"@id":"https:\/\/simpo-datatec.com\/#website"},"primaryImageOfPage":{"@id":"https:\/\/simpo-datatec.com\/product\/sp675-5mp-dual-board-camera-module\/#primaryimage"},"image":{"@id":"https:\/\/simpo-datatec.com\/product\/sp675-5mp-dual-board-camera-module\/#primaryimage"},"thumbnailUrl":"https:\/\/simpo-datatec.com\/wp-content\/uploads\/2026\/04\/SP675-5MP-dual-board-Camera-Module.png","datePublished":"2026-04-24T16:12:07+00:00","breadcrumb":{"@id":"https:\/\/simpo-datatec.com\/product\/sp675-5mp-dual-board-camera-module\/#breadcrumb"},"inLanguage":"ms-MY","potentialAction":[{"@type":"ReadAction","target":["https:\/\/simpo-datatec.com\/product\/sp675-5mp-dual-board-camera-module\/"]}]},{"@type":"ImageObject","inLanguage":"ms-MY","@id":"https:\/\/simpo-datatec.com\/product\/sp675-5mp-dual-board-camera-module\/#primaryimage","url":"https:\/\/simpo-datatec.com\/wp-content\/uploads\/2026\/04\/SP675-5MP-dual-board-Camera-Module.png","contentUrl":"https:\/\/simpo-datatec.com\/wp-content\/uploads\/2026\/04\/SP675-5MP-dual-board-Camera-Module.png","width":228,"height":228},{"@type":"BreadcrumbList","@id":"https:\/\/simpo-datatec.com\/product\/sp675-5mp-dual-board-camera-module\/#breadcrumb","itemListElement":[{"@type":"ListItem","position":1,"name":"\u9996\u9875","item":"https:\/\/simpo-datatec.com\/"},{"@type":"ListItem","position":2,"name":"Products","item":"https:\/\/simpo-datatec.com\/products\/"},{"@type":"ListItem","position":3,"name":"SP675 5MP dual-board\u00a0Camera Module"}]},{"@type":"WebSite","@id":"https:\/\/simpo-datatec.com\/#website","url":"https:\/\/simpo-datatec.com\/","name":"simpo-datatec.com","description":"","potentialAction":[{"@type":"SearchAction","target":{"@type":"EntryPoint","urlTemplate":"https:\/\/simpo-datatec.com\/?s={search_term_string}"},"query-input":{"@type":"PropertyValueSpecification","valueRequired":true,"valueName":"search_term_string"}}],"inLanguage":"ms-MY"}]}},"_links":{"self":[{"href":"https:\/\/simpo-datatec.com\/ms\/wp-json\/wp\/v2\/product\/1697","targetHints":{"allow":["GET"]}}],"collection":[{"href":"https:\/\/simpo-datatec.com\/ms\/wp-json\/wp\/v2\/product"}],"about":[{"href":"https:\/\/simpo-datatec.com\/ms\/wp-json\/wp\/v2\/types\/product"}],"wp:featuredmedia":[{"embeddable":true,"href":"https:\/\/simpo-datatec.com\/ms\/wp-json\/wp\/v2\/media\/1698"}],"wp:attachment":[{"href":"https:\/\/simpo-datatec.com\/ms\/wp-json\/wp\/v2\/media?parent=1697"}],"wp:term":[{"taxonomy":"product_brand","embeddable":true,"href":"https:\/\/simpo-datatec.com\/ms\/wp-json\/wp\/v2\/product_brand?post=1697"},{"taxonomy":"product_cat","embeddable":true,"href":"https:\/\/simpo-datatec.com\/ms\/wp-json\/wp\/v2\/product_cat?post=1697"},{"taxonomy":"product_tag","embeddable":true,"href":"https:\/\/simpo-datatec.com\/ms\/wp-json\/wp\/v2\/product_tag?post=1697"}],"curies":[{"name":"wp","href":"https:\/\/api.w.org\/{rel}","templated":true}]}}