{"id":783,"date":"2024-10-10T17:34:53","date_gmt":"2024-10-10T09:34:53","guid":{"rendered":"https:\/\/simpo-datatec.com\/?post_type=product&#038;p=783"},"modified":"2025-08-09T10:13:37","modified_gmt":"2025-08-09T02:13:37","slug":"k1-scanner","status":"publish","type":"product","link":"https:\/\/simpo-datatec.com\/it\/products\/product\/barcode-scanner\/k1-scanner\/","title":{"rendered":"Scanner K1"},"content":{"rendered":"<table width=\"1013\">\n<tbody>\n<tr>\n<td colspan=\"2\" width=\"332\">Articolo<\/td>\n<td width=\"681\">Parametri<\/td>\n<\/tr>\n<tr>\n<td rowspan=\"15\">Prestazioni di scansione<\/td>\n<td>Modello di scansione<\/td>\n<td>\u00a0Immagine dell'area<\/td>\n<\/tr>\n<tr>\n<td>Dimensione dell'immagine<\/td>\n<td>1280 \u00d7 800 pixel<\/td>\n<\/tr>\n<tr>\n<td>Campo visivo<\/td>\n<td>Orizzontale: 64\u00b0, verticale: 44\u00b0<\/td>\n<\/tr>\n<tr>\n<td>Angolo di scansione<\/td>\n<td width=\"681\">\u00b1 70\u00b0, \u00b1 70\u00b0, 360\u00b0 (Skew, Pitch, Roll)<\/td>\n<\/tr>\n<tr>\n<td>Tolleranza al movimento<\/td>\n<td width=\"681\">1,27 m\/s (50 in\/s) per UPC-E da 13 mil al punto focale ottimale<\/td>\n<\/tr>\n<tr>\n<td>Contrasto di stampa<\/td>\n<td width=\"681\">20% differenza minima di riflettanza<\/td>\n<\/tr>\n<tr>\n<td>Risoluzione minima<\/td>\n<td width=\"681\">1D (Codice 39): 5 mil; 2D (PDF417): 6,7 mil<\/td>\n<\/tr>\n<tr>\n<td rowspan=\"2\">Capacit\u00e0 di decodifica<\/td>\n<td width=\"681\">1D: UPC-A, UPC-E, UPC-E1, EAN-13, EAN-8, ISBN (Bookland EAN), ISSN, Code 39,<br \/>\nCodice 39 ASCII completo, Codice 32, Codice 39 triottico, Interleaved 2 di 5, Industriale 2 di 5, Matrice<br \/>\n2 di 5, Codabar (NW7), Codice 128, UCC\/EAN 128, ISBT 128, Codice 93, Codice 11 (USD-8),<br \/>\nMSI\/Plessey, UK\/Plessey, China Post, China Finance, GS1 DataBar (ex RSS)<br \/>\nvarianti<\/td>\n<\/tr>\n<tr>\n<td width=\"681\">2D: PDF417, MicroPDF417, Codice QR, DataMatrix, Codice Han Xin, Codice Azteco<\/td>\n<\/tr>\n<tr>\n<td rowspan=\"6\">Profondit\u00e0 di decodifica<\/td>\n<td>5 mil Codice 39 (3 caratteri) : 5 - 55 mm<\/td>\n<\/tr>\n<tr>\n<td>13 mil UPC (6 caratteri) : 0 - 150 mm<\/td>\n<\/tr>\n<tr>\n<td>20 mil Codice 39 (1 carattere) : 0 - 230 mm<\/td>\n<\/tr>\n<tr>\n<td>6,7 mil PDF417 (20 caratteri): 15 - 60 mm<\/td>\n<\/tr>\n<tr>\n<td>10 mil QR (20 caratteri) : 0 - 40 mm<\/td>\n<\/tr>\n<tr>\n<td>20 mil QR (20 caratteri) : 0 - 150 mm<\/td>\n<\/tr>\n<tr>\n<td rowspan=\"2\">Elettrico<\/td>\n<td>Tensione d'ingresso<\/td>\n<td>Da 4,6 V a 5,5 V CC<\/td>\n<\/tr>\n<tr>\n<td>Attuale<\/td>\n<td>110 mA (standby), 370 mA (scansione)<\/td>\n<\/tr>\n<tr>\n<td rowspan=\"4\">Ambiente<\/td>\n<td rowspan=\"2\">Temperatura<\/td>\n<td>Funzionamento: da -20\u00b0 a 55\u00b0C (da -4\u00b0 a 131\u00b0F)<\/td>\n<\/tr>\n<tr>\n<td>Conservazione: da -20\u00b0 a 75\u00b0C (da -4\u00b0 a 167\u00b0F)<\/td>\n<\/tr>\n<tr>\n<td>Umidit\u00e0<\/td>\n<td>Da 5% a 95% (senza condensa)<\/td>\n<\/tr>\n<tr>\n<td>Sicurezza<\/td>\n<td width=\"681\">EMC: EN55022, EN55024 | Sicurezza elettrica: EN60950-1 | Tenuta: IP50<br \/>\nResistenza alle cadute: 30+ volte di caduta su cemento da 1,5 m (5,0 ft.)<br \/>\nSicurezza fotobiologica: EN62471:2008 | Illuminazione: 0~100.000 LUX<\/td>\n<\/tr>\n<tr>\n<td rowspan=\"10\">Meccanica<\/td>\n<td width=\"177\">Dimensione<br \/>\n(A x L x P)<\/td>\n<td width=\"681\">93 \u00d7 95 \u00d7 157 mm (A x L x P)<\/td>\n<\/tr>\n<tr>\n<td width=\"177\">Peso<\/td>\n<td width=\"681\">298,5 g, senza cavo<\/td>\n<\/tr>\n<tr>\n<td width=\"177\">Cavo<\/td>\n<td width=\"681\">\u00a0Dritto 2,0 m<\/td>\n<\/tr>\n<tr>\n<td width=\"177\">Tipo di connettore<\/td>\n<td width=\"681\">\u00a0Connettore jack telefonico RJ-45<\/td>\n<\/tr>\n<tr>\n<td width=\"177\">Materiale della custodia<\/td>\n<td width=\"681\">PC+ABS<\/td>\n<\/tr>\n<tr>\n<td width=\"177\">Indicatore<\/td>\n<td width=\"681\">Segnale acustico, LED<\/td>\n<\/tr>\n<tr>\n<td width=\"177\">Interfaccia supportata<\/td>\n<td width=\"681\">Cuneo tastiera, RS-232, tastiera USB, COM virtuale USB<\/td>\n<\/tr>\n<tr>\n<td>Modalit\u00e0 operativa<\/td>\n<td>A mano, a rilevamento automatico<\/td>\n<\/tr>\n<tr>\n<td>Metodo di programmazione<\/td>\n<td>Manuale (lettura di codici a barre speciali)<\/td>\n<\/tr>\n<tr>\n<td>Aggiornamento del programma<\/td>\n<td>In linea<\/td>\n<\/tr>\n<\/tbody>\n<\/table>\n<p>SIMPO-DATA \u00e8 un produttore leader di alta tecnologia che si dedica alla ricerca e allo sviluppo, alla produzione, alla vendita e all'assistenza di sistemi POS (Point of Sale) avanzati. Con oltre un decennio di profonda esperienza nel settore, abbiamo costruito una solida reputazione per la fornitura di soluzioni POS affidabili, innovative e ad alte prestazioni ai clienti di tutto il mondo.<\/p>\n<p>Sin dalla nostra fondazione, abbiamo aderito alla filosofia aziendale \"La qualit\u00e0 crea il mercato, l'innovazione crea il futuro\". Questo impegno ci spinge a migliorare continuamente i nostri prodotti e ad ampliare la nostra offerta per soddisfare le diverse esigenze dei mercati globali. Il nostro portafoglio prodotti copre un'ampia gamma di settori, tra cui la vendita al dettaglio, la ristorazione, i supermercati, l'ospitalit\u00e0, gli alimenti e le bevande e la logistica. Che si tratti di una piccola impresa o della gestione di una grande catena, SIMPO-DATA ha la soluzione POS giusta per voi.<\/p>\n<p>Ampia gamma di prodotti<br \/>\nLa nostra linea di prodotti POS comprende terminali POS all-in-one, monitor touch screen, stampanti termiche per ricevute, scanner per codici a barre, cassetti per contanti e dispositivi POS mobili. Forniamo sistemi POS completi e integrati, oltre a singoli componenti, per consentirvi di personalizzare la soluzione pi\u00f9 adatta al vostro modello di business.<a href=\"https:\/\/simpo-datatec.com\/it\/products\/\" target=\"_blank\" rel=\"noopener\">Fare clic qui per visualizzare altri prodotti.<\/a><\/p>\n<p>L'innovazione al centro<br \/>\nIl nostro team professionale di ricerca e sviluppo si impegna a innovare continuamente il design, le prestazioni e l'esperienza dell'utente. Rimanendo al passo con le tendenze del mercato e i progressi tecnologici, assicuriamo che i prodotti SIMPO-DATA rimangano competitivi e pronti per il futuro. Ogni prodotto \u00e8 sviluppato con un'attenta cura dei dettagli, dal design ergonomico alle interfacce intuitive, dalle prestazioni stabili del sistema all'efficienza energetica.<\/p>\n<p>Qualit\u00e0 di cui ci si pu\u00f2 fidare<br \/>\nLa qualit\u00e0 \u00e8 la nostra priorit\u00e0 assoluta. Dalla selezione delle materie prime alla produzione finale, ogni fase \u00e8 soggetta a rigorose procedure di controllo della qualit\u00e0. I nostri impianti di produzione sono dotati di attrezzature di prova avanzate per garantire che ogni prodotto soddisfi gli standard di qualit\u00e0 internazionali e offra prestazioni durature.<\/p>\n<p>Servizio e assistenza globale<br \/>\nIn SIMPO-DATA non ci limitiamo a vendere prodotti, ma forniamo soluzioni end-to-end e un affidabile supporto post-vendita. Il nostro team di ingegneri esperti e di specialisti del servizio clienti \u00e8 pronto ad assistervi nell'installazione, nella formazione, nella manutenzione e nel supporto tecnico. Il nostro obiettivo \u00e8 aiutare i nostri partner a massimizzare l'efficienza, ridurre i costi e migliorare la soddisfazione dei clienti.<\/p>\n<p>Perch\u00e9 scegliere SIMPO-DATA?<\/p>\n<p>Oltre 10 anni di esperienza nel settore dei POS<\/p>\n<p>Forti capacit\u00e0 di ricerca e sviluppo con innovazione continua<\/p>\n<p>Una gamma completa di prodotti che copre diversi settori<\/p>\n<p>Controllo di qualit\u00e0 rigoroso e conformit\u00e0 agli standard internazionali<\/p>\n<p>Team professionale di vendita e assistenza tecnica globale<\/p>\n<p>Collaborate con SIMPO-DATA e lasciate che le nostre soluzioni POS diano potere alle vostre operazioni commerciali. Insieme, possiamo aiutarvi a snellire le transazioni, migliorare l'efficienza operativa e offrire ai clienti esperienze eccezionali.<\/p>","protected":false},"excerpt":{"rendered":"<p>Scanner 1D\/2D a rilevamento automatico<br \/>\nAngolo di scansione \u00b1 70\u00b0, \u00b1 70\u00b0, 360\u00b0 (Skew, Pitch, Roll)<br \/>\nTensione di ingresso da 4,6 V a 5,5 V CC<\/p>","protected":false},"featured_media":784,"comment_status":"open","ping_status":"closed","template":"","meta":[],"product_brand":[],"product_cat":[178,17],"product_tag":[],"class_list":{"0":"post-783","1":"product","2":"type-product","3":"status-publish","4":"has-post-thumbnail","6":"product_cat-barcode-scanner","7":"product_cat-uncategorized","9":"first","10":"instock","11":"shipping-taxable","12":"product-type-simple"},"yoast_head":"<!-- This site is optimized with the Yoast SEO plugin v27.3 - https:\/\/yoast.com\/product\/yoast-seo-wordpress\/ -->\n<title>K1 Scanner - simpo-datatec.com<\/title>\n<meta name=\"description\" content=\"K1 Scanner - all-in-one POS terminals, touch screen monitors, thermal receipt printers, barcode scanners, cash drawers, and mobile POS devices\" \/>\n<meta name=\"robots\" content=\"index, follow, max-snippet:-1, max-image-preview:large, max-video-preview:-1\" \/>\n<link rel=\"canonical\" href=\"https:\/\/simpo-datatec.com\/it\/products\/product\/barcode-scanner\/k1-scanner\/\" \/>\n<meta property=\"og:locale\" content=\"it_IT\" \/>\n<meta property=\"og:type\" content=\"article\" \/>\n<meta property=\"og:title\" content=\"K1 Scanner - simpo-datatec.com\" \/>\n<meta property=\"og:description\" content=\"K1 Scanner - all-in-one POS terminals, touch screen monitors, thermal receipt printers, barcode scanners, cash drawers, and mobile POS devices\" \/>\n<meta property=\"og:url\" content=\"https:\/\/simpo-datatec.com\/it\/products\/product\/barcode-scanner\/k1-scanner\/\" \/>\n<meta property=\"og:site_name\" content=\"simpo-datatec.com\" \/>\n<meta property=\"article:modified_time\" content=\"2025-08-09T02:13:37+00:00\" \/>\n<meta property=\"og:image\" content=\"https:\/\/simpo-datatec.com\/wp-content\/uploads\/2024\/10\/1-500x500-27.jpg\" \/>\n\t<meta property=\"og:image:width\" content=\"500\" \/>\n\t<meta property=\"og:image:height\" content=\"500\" \/>\n\t<meta property=\"og:image:type\" content=\"image\/jpeg\" \/>\n<meta name=\"twitter:card\" content=\"summary_large_image\" \/>\n<meta name=\"twitter:label1\" content=\"Tempo di lettura stimato\" \/>\n\t<meta name=\"twitter:data1\" content=\"4 minuti\" \/>\n<script type=\"application\/ld+json\" class=\"yoast-schema-graph\">{\"@context\":\"https:\\\/\\\/schema.org\",\"@graph\":[{\"@type\":\"WebPage\",\"@id\":\"https:\\\/\\\/simpo-datatec.com\\\/ru\\\/products\\\/product\\\/barcode-scanner\\\/k1-scanner\\\/\",\"url\":\"https:\\\/\\\/simpo-datatec.com\\\/ru\\\/products\\\/product\\\/barcode-scanner\\\/k1-scanner\\\/\",\"name\":\"K1 Scanner - simpo-datatec.com\",\"isPartOf\":{\"@id\":\"https:\\\/\\\/simpo-datatec.com\\\/#website\"},\"primaryImageOfPage\":{\"@id\":\"https:\\\/\\\/simpo-datatec.com\\\/ru\\\/products\\\/product\\\/barcode-scanner\\\/k1-scanner\\\/#primaryimage\"},\"image\":{\"@id\":\"https:\\\/\\\/simpo-datatec.com\\\/ru\\\/products\\\/product\\\/barcode-scanner\\\/k1-scanner\\\/#primaryimage\"},\"thumbnailUrl\":\"https:\\\/\\\/simpo-datatec.com\\\/wp-content\\\/uploads\\\/2024\\\/10\\\/1-500x500-27.jpg\",\"datePublished\":\"2024-10-10T09:34:53+00:00\",\"dateModified\":\"2025-08-09T02:13:37+00:00\",\"description\":\"K1 Scanner - all-in-one POS terminals, touch screen monitors, thermal receipt printers, barcode scanners, cash drawers, and mobile POS devices\",\"breadcrumb\":{\"@id\":\"https:\\\/\\\/simpo-datatec.com\\\/ru\\\/products\\\/product\\\/barcode-scanner\\\/k1-scanner\\\/#breadcrumb\"},\"inLanguage\":\"it-IT\",\"potentialAction\":[{\"@type\":\"ReadAction\",\"target\":[\"https:\\\/\\\/simpo-datatec.com\\\/ru\\\/products\\\/product\\\/barcode-scanner\\\/k1-scanner\\\/\"]}]},{\"@type\":\"ImageObject\",\"inLanguage\":\"it-IT\",\"@id\":\"https:\\\/\\\/simpo-datatec.com\\\/ru\\\/products\\\/product\\\/barcode-scanner\\\/k1-scanner\\\/#primaryimage\",\"url\":\"https:\\\/\\\/simpo-datatec.com\\\/wp-content\\\/uploads\\\/2024\\\/10\\\/1-500x500-27.jpg\",\"contentUrl\":\"https:\\\/\\\/simpo-datatec.com\\\/wp-content\\\/uploads\\\/2024\\\/10\\\/1-500x500-27.jpg\",\"width\":500,\"height\":500,\"caption\":\"K1 Scanner\"},{\"@type\":\"BreadcrumbList\",\"@id\":\"https:\\\/\\\/simpo-datatec.com\\\/ru\\\/products\\\/product\\\/barcode-scanner\\\/k1-scanner\\\/#breadcrumb\",\"itemListElement\":[{\"@type\":\"ListItem\",\"position\":1,\"name\":\"\u9996\u9875\",\"item\":\"https:\\\/\\\/simpo-datatec.com\\\/\"},{\"@type\":\"ListItem\",\"position\":2,\"name\":\"Products\",\"item\":\"https:\\\/\\\/simpo-datatec.com\\\/products\\\/\"},{\"@type\":\"ListItem\",\"position\":3,\"name\":\"K1 Scanner\"}]},{\"@type\":\"WebSite\",\"@id\":\"https:\\\/\\\/simpo-datatec.com\\\/#website\",\"url\":\"https:\\\/\\\/simpo-datatec.com\\\/\",\"name\":\"simpo-datatec.com\",\"description\":\"\",\"potentialAction\":[{\"@type\":\"SearchAction\",\"target\":{\"@type\":\"EntryPoint\",\"urlTemplate\":\"https:\\\/\\\/simpo-datatec.com\\\/?s={search_term_string}\"},\"query-input\":{\"@type\":\"PropertyValueSpecification\",\"valueRequired\":true,\"valueName\":\"search_term_string\"}}],\"inLanguage\":\"it-IT\"}]}<\/script>\n<!-- \/ Yoast SEO plugin. -->","yoast_head_json":{"title":"K1 Scanner - simpo-datatec.com","description":"K1 Scanner - all-in-one POS terminals, touch screen monitors, thermal receipt printers, barcode scanners, cash drawers, and mobile POS devices","robots":{"index":"index","follow":"follow","max-snippet":"max-snippet:-1","max-image-preview":"max-image-preview:large","max-video-preview":"max-video-preview:-1"},"canonical":"https:\/\/simpo-datatec.com\/it\/products\/product\/barcode-scanner\/k1-scanner\/","og_locale":"it_IT","og_type":"article","og_title":"K1 Scanner - simpo-datatec.com","og_description":"K1 Scanner - all-in-one POS terminals, touch screen monitors, thermal receipt printers, barcode scanners, cash drawers, and mobile POS devices","og_url":"https:\/\/simpo-datatec.com\/it\/products\/product\/barcode-scanner\/k1-scanner\/","og_site_name":"simpo-datatec.com","article_modified_time":"2025-08-09T02:13:37+00:00","og_image":[{"width":500,"height":500,"url":"https:\/\/simpo-datatec.com\/wp-content\/uploads\/2024\/10\/1-500x500-27.jpg","type":"image\/jpeg"}],"twitter_card":"summary_large_image","twitter_misc":{"Tempo di lettura stimato":"4 minuti"},"schema":{"@context":"https:\/\/schema.org","@graph":[{"@type":"WebPage","@id":"https:\/\/simpo-datatec.com\/ru\/products\/product\/barcode-scanner\/k1-scanner\/","url":"https:\/\/simpo-datatec.com\/ru\/products\/product\/barcode-scanner\/k1-scanner\/","name":"K1 Scanner - simpo-datatec.com","isPartOf":{"@id":"https:\/\/simpo-datatec.com\/#website"},"primaryImageOfPage":{"@id":"https:\/\/simpo-datatec.com\/ru\/products\/product\/barcode-scanner\/k1-scanner\/#primaryimage"},"image":{"@id":"https:\/\/simpo-datatec.com\/ru\/products\/product\/barcode-scanner\/k1-scanner\/#primaryimage"},"thumbnailUrl":"https:\/\/simpo-datatec.com\/wp-content\/uploads\/2024\/10\/1-500x500-27.jpg","datePublished":"2024-10-10T09:34:53+00:00","dateModified":"2025-08-09T02:13:37+00:00","description":"K1 Scanner - all-in-one POS terminals, touch screen monitors, thermal receipt printers, barcode scanners, cash drawers, and mobile POS devices","breadcrumb":{"@id":"https:\/\/simpo-datatec.com\/ru\/products\/product\/barcode-scanner\/k1-scanner\/#breadcrumb"},"inLanguage":"it-IT","potentialAction":[{"@type":"ReadAction","target":["https:\/\/simpo-datatec.com\/ru\/products\/product\/barcode-scanner\/k1-scanner\/"]}]},{"@type":"ImageObject","inLanguage":"it-IT","@id":"https:\/\/simpo-datatec.com\/ru\/products\/product\/barcode-scanner\/k1-scanner\/#primaryimage","url":"https:\/\/simpo-datatec.com\/wp-content\/uploads\/2024\/10\/1-500x500-27.jpg","contentUrl":"https:\/\/simpo-datatec.com\/wp-content\/uploads\/2024\/10\/1-500x500-27.jpg","width":500,"height":500,"caption":"K1 Scanner"},{"@type":"BreadcrumbList","@id":"https:\/\/simpo-datatec.com\/ru\/products\/product\/barcode-scanner\/k1-scanner\/#breadcrumb","itemListElement":[{"@type":"ListItem","position":1,"name":"\u9996\u9875","item":"https:\/\/simpo-datatec.com\/"},{"@type":"ListItem","position":2,"name":"Products","item":"https:\/\/simpo-datatec.com\/products\/"},{"@type":"ListItem","position":3,"name":"K1 Scanner"}]},{"@type":"WebSite","@id":"https:\/\/simpo-datatec.com\/#website","url":"https:\/\/simpo-datatec.com\/","name":"simpo-datatec.com","description":"","potentialAction":[{"@type":"SearchAction","target":{"@type":"EntryPoint","urlTemplate":"https:\/\/simpo-datatec.com\/?s={search_term_string}"},"query-input":{"@type":"PropertyValueSpecification","valueRequired":true,"valueName":"search_term_string"}}],"inLanguage":"it-IT"}]}},"_links":{"self":[{"href":"https:\/\/simpo-datatec.com\/it\/wp-json\/wp\/v2\/product\/783","targetHints":{"allow":["GET"]}}],"collection":[{"href":"https:\/\/simpo-datatec.com\/it\/wp-json\/wp\/v2\/product"}],"about":[{"href":"https:\/\/simpo-datatec.com\/it\/wp-json\/wp\/v2\/types\/product"}],"replies":[{"embeddable":true,"href":"https:\/\/simpo-datatec.com\/it\/wp-json\/wp\/v2\/comments?post=783"}],"wp:featuredmedia":[{"embeddable":true,"href":"https:\/\/simpo-datatec.com\/it\/wp-json\/wp\/v2\/media\/784"}],"wp:attachment":[{"href":"https:\/\/simpo-datatec.com\/it\/wp-json\/wp\/v2\/media?parent=783"}],"wp:term":[{"taxonomy":"product_brand","embeddable":true,"href":"https:\/\/simpo-datatec.com\/it\/wp-json\/wp\/v2\/product_brand?post=783"},{"taxonomy":"product_cat","embeddable":true,"href":"https:\/\/simpo-datatec.com\/it\/wp-json\/wp\/v2\/product_cat?post=783"},{"taxonomy":"product_tag","embeddable":true,"href":"https:\/\/simpo-datatec.com\/it\/wp-json\/wp\/v2\/product_tag?post=783"}],"curies":[{"name":"wp","href":"https:\/\/api.w.org\/{rel}","templated":true}]}}