{"id":779,"date":"2024-10-10T17:33:38","date_gmt":"2024-10-10T09:33:38","guid":{"rendered":"https:\/\/simpo-datatec.com\/?post_type=product&#038;p=779"},"modified":"2025-08-09T10:14:17","modified_gmt":"2025-08-09T02:14:17","slug":"f1-scanner-2","status":"publish","type":"product","link":"https:\/\/simpo-datatec.com\/it\/products\/product\/barcode-scanner\/f1-scanner-2\/","title":{"rendered":"Scanner F2"},"content":{"rendered":"<table width=\"915\">\n<tbody>\n<tr>\n<td colspan=\"2\" width=\"351\">Articolo<\/td>\n<td colspan=\"3\" width=\"563\">Parametri<\/td>\n<\/tr>\n<tr>\n<td rowspan=\"17\" width=\"143\">Prestazioni<\/td>\n<td width=\"207\">Sensore di immagine<\/td>\n<td colspan=\"3\" width=\"563\">Imager lineare<\/td>\n<\/tr>\n<tr>\n<td width=\"207\">Sorgente luminosa<\/td>\n<td colspan=\"3\" width=\"563\">luce visibile sicura LED ROSSO (632nm)<\/td>\n<\/tr>\n<tr>\n<td rowspan=\"3\" width=\"207\">Simbologie<\/td>\n<td colspan=\"3\" width=\"563\">Australian Post, Aztec, BPO, Canada Post, Codabar, Codablock,<\/td>\n<\/tr>\n<tr>\n<td colspan=\"3\" width=\"563\">Codice 11, Codice 39, Codice 93, Codice 128\/EAN128, Posta olandese,<\/td>\n<\/tr>\n<tr>\n<td colspan=\"3\" width=\"563\">EAN.UCC composito, interfogliato 2 di 5, Japan Post, UPC\/EAN.<\/td>\n<\/tr>\n<tr>\n<td width=\"207\">Risoluzione<\/td>\n<td colspan=\"3\" width=\"563\">\u22654mil \/ 0,1mm@PCS90%<\/td>\n<\/tr>\n<tr>\n<td rowspan=\"4\" width=\"207\">Leggi l'angolo<\/td>\n<td colspan=\"2\" width=\"180\">Condizioni di prova<\/td>\n<td width=\"383\">Code 39,10mil\/0.25mm,PCS90%<\/td>\n<\/tr>\n<tr>\n<td width=\"90\">Piazzola<\/td>\n<td colspan=\"2\" width=\"473\">5\u00b0~70\u00b0\uff08\u00b15\u00b0\uff09<\/td>\n<\/tr>\n<tr>\n<td width=\"90\">Rotolo<\/td>\n<td colspan=\"2\" width=\"473\">5\u00b0~60\u00b0\uff08\u00b15\u00b0\uff09<\/td>\n<\/tr>\n<tr>\n<td width=\"90\">Obliquit\u00e0<\/td>\n<td colspan=\"2\" width=\"473\">5\u00b0~70\u00b0\uff08\u00b15\u00b0\uff09<\/td>\n<\/tr>\n<tr>\n<td width=\"207\">Velocit\u00e0 di scansione<\/td>\n<td colspan=\"3\" width=\"563\">300 scansioni al secondo<\/td>\n<\/tr>\n<tr>\n<td width=\"207\">Velocit\u00e0 di lettura<\/td>\n<td colspan=\"3\" width=\"563\">25 cm\/s Max.<\/td>\n<\/tr>\n<tr>\n<td rowspan=\"3\" width=\"207\">Profondit\u00e0 di decodifica<\/td>\n<td colspan=\"3\" width=\"563\">5 mil (Codice 39):  9,0-12,0 cm<\/td>\n<\/tr>\n<tr>\n<td colspan=\"3\" width=\"563\">13 mil (UPC\/EAN): 3,0-26,5 cm<\/td>\n<\/tr>\n<tr>\n<td colspan=\"3\" width=\"563\">20 mil (Codice 39): 3,0-40,0 cm<\/td>\n<\/tr>\n<tr>\n<td width=\"207\">Interfacce<\/td>\n<td colspan=\"3\" width=\"563\">RS-232, USB (porta virtuale, supporta solo MS e Mac OS)<\/td>\n<\/tr>\n<tr>\n<td width=\"207\">Immunit\u00e0 alla luce ambientale<\/td>\n<td colspan=\"3\" width=\"563\">5000Lux Max.<\/td>\n<\/tr>\n<tr>\n<td rowspan=\"8\" width=\"143\">Fisico<\/td>\n<td width=\"207\">Dimensioni (L\u00d7L\u00d7H)<\/td>\n<td colspan=\"3\" width=\"563\">168,8\u00d769,5\u00d799,5 mm<\/td>\n<\/tr>\n<tr>\n<td width=\"207\">Peso<\/td>\n<td colspan=\"3\" width=\"563\">120g<\/td>\n<\/tr>\n<tr>\n<td width=\"207\">Notifica<\/td>\n<td colspan=\"3\" width=\"563\">Segnale acustico, indicatore LED<\/td>\n<\/tr>\n<tr>\n<td width=\"207\">Cavo<\/td>\n<td colspan=\"3\" width=\"563\">Dritto 1,5 m<\/td>\n<\/tr>\n<tr>\n<td width=\"207\">Adattatore di alimentazione (opzionale)<\/td>\n<td colspan=\"3\" width=\"563\">Uscita: DC 5V, 1.5A Ingresso: AC 100~240V, 50~60Hz<\/td>\n<\/tr>\n<tr>\n<td rowspan=\"3\" width=\"207\">Attuale<\/td>\n<td colspan=\"2\" width=\"180\">Massimo<\/td>\n<td width=\"383\">&lt;150mA<\/td>\n<\/tr>\n<tr>\n<td colspan=\"2\" width=\"180\">Operativo<\/td>\n<td width=\"383\">150mA<\/td>\n<\/tr>\n<tr>\n<td colspan=\"2\" width=\"180\">Standby<\/td>\n<td width=\"383\">40mA<\/td>\n<\/tr>\n<tr>\n<td rowspan=\"5\" width=\"143\">Ambiente<\/td>\n<td width=\"207\">Temperatura di esercizio<\/td>\n<td colspan=\"3\" width=\"563\">-20\u2103~60\u2103<\/td>\n<\/tr>\n<tr>\n<td width=\"207\">Temperatura di stoccaggio<\/td>\n<td colspan=\"3\" width=\"563\">-40\u2103~80\u2103<\/td>\n<\/tr>\n<tr>\n<td width=\"207\">Umidit\u00e0<\/td>\n<td colspan=\"3\" width=\"563\">5%~95% (senza condensa)<\/td>\n<\/tr>\n<tr>\n<td width=\"207\">Goccia<\/td>\n<td colspan=\"3\" width=\"563\">1.2m<\/td>\n<\/tr>\n<tr>\n<td width=\"207\">Sigillatura<\/td>\n<td colspan=\"3\" width=\"563\">IP54<\/td>\n<\/tr>\n<\/tbody>\n<\/table>\n<p>SIMPO-DATA \u00e8 un produttore leader di alta tecnologia che si dedica alla ricerca e allo sviluppo, alla produzione, alla vendita e all'assistenza di sistemi POS (Point of Sale) avanzati. Con oltre un decennio di profonda esperienza nel settore, abbiamo costruito una solida reputazione per la fornitura di soluzioni POS affidabili, innovative e ad alte prestazioni ai clienti di tutto il mondo.<\/p>\n<p>Sin dalla nostra fondazione, abbiamo aderito alla filosofia aziendale \"La qualit\u00e0 crea il mercato, l'innovazione crea il futuro\". Questo impegno ci spinge a migliorare continuamente i nostri prodotti e ad ampliare la nostra offerta per soddisfare le diverse esigenze dei mercati globali. Il nostro portafoglio prodotti copre un'ampia gamma di settori, tra cui la vendita al dettaglio, la ristorazione, i supermercati, l'ospitalit\u00e0, gli alimenti e le bevande e la logistica. Che si tratti di una piccola impresa o della gestione di una grande catena, SIMPO-DATA ha la soluzione POS giusta per voi.<\/p>\n<p>Ampia gamma di prodotti<br \/>\nLa nostra linea di prodotti POS comprende terminali POS all-in-one, monitor touch screen, stampanti termiche per ricevute, scanner per codici a barre, cassetti per contanti e dispositivi POS mobili. Forniamo sistemi POS completi e integrati, oltre a singoli componenti, per consentirvi di personalizzare la soluzione pi\u00f9 adatta al vostro modello di business.<a href=\"https:\/\/simpo-datatec.com\/it\/products\/\" target=\"_blank\" rel=\"noopener\">Fare clic qui per visualizzare altri prodotti.<\/a><\/p>\n<p>L'innovazione al centro<br \/>\nIl nostro team professionale di ricerca e sviluppo si impegna a innovare continuamente il design, le prestazioni e l'esperienza dell'utente. Rimanendo al passo con le tendenze del mercato e i progressi tecnologici, assicuriamo che i prodotti SIMPO-DATA rimangano competitivi e pronti per il futuro. Ogni prodotto \u00e8 sviluppato con un'attenta cura dei dettagli, dal design ergonomico alle interfacce intuitive, dalle prestazioni stabili del sistema all'efficienza energetica.<\/p>\n<p>Qualit\u00e0 di cui ci si pu\u00f2 fidare<br \/>\nLa qualit\u00e0 \u00e8 la nostra priorit\u00e0 assoluta. Dalla selezione delle materie prime alla produzione finale, ogni fase \u00e8 soggetta a rigorose procedure di controllo della qualit\u00e0. I nostri impianti di produzione sono dotati di attrezzature di prova avanzate per garantire che ogni prodotto soddisfi gli standard di qualit\u00e0 internazionali e offra prestazioni durature.<\/p>\n<p>Servizio e assistenza globale<br \/>\nIn SIMPO-DATA non ci limitiamo a vendere prodotti, ma forniamo soluzioni end-to-end e un affidabile supporto post-vendita. Il nostro team di ingegneri esperti e di specialisti del servizio clienti \u00e8 pronto ad assistervi nell'installazione, nella formazione, nella manutenzione e nel supporto tecnico. Il nostro obiettivo \u00e8 aiutare i nostri partner a massimizzare l'efficienza, ridurre i costi e migliorare la soddisfazione dei clienti.<\/p>\n<p>Perch\u00e9 scegliere SIMPO-DATA?<\/p>\n<p>Oltre 10 anni di esperienza nel settore dei POS<\/p>\n<p>Forti capacit\u00e0 di ricerca e sviluppo con innovazione continua<\/p>\n<p>Una gamma completa di prodotti che copre diversi settori<\/p>\n<p>Controllo di qualit\u00e0 rigoroso e conformit\u00e0 agli standard internazionali<\/p>\n<p>Team professionale di vendita e assistenza tecnica globale<\/p>\n<p>Collaborate con SIMPO-DATA e lasciate che le nostre soluzioni POS diano potere alle vostre operazioni commerciali. Insieme, possiamo aiutarvi a snellire le transazioni, migliorare l'efficienza operativa e offrire ai clienti esperienze eccezionali.<\/p>","protected":false},"excerpt":{"rendered":"<p>Velocit\u00e0 di scansione 300 scansioni al secondo<br \/>\nVelocit\u00e0 di lettura 25 cm\/s Max.<\/p>\n<p>&nbsp;<\/p>","protected":false},"featured_media":780,"comment_status":"open","ping_status":"closed","template":"","meta":[],"product_brand":[],"product_cat":[178,17],"product_tag":[],"class_list":{"0":"post-779","1":"product","2":"type-product","3":"status-publish","4":"has-post-thumbnail","6":"product_cat-barcode-scanner","7":"product_cat-uncategorized","9":"first","10":"instock","11":"shipping-taxable","12":"product-type-simple"},"yoast_head":"<!-- This site is optimized with the Yoast SEO plugin v27.3 - https:\/\/yoast.com\/product\/yoast-seo-wordpress\/ -->\n<title>F2 Scanner - simpo-datatec.com<\/title>\n<meta name=\"description\" content=\"F2 Scanner - all-in-one POS terminals, touch screen monitors, thermal receipt printers, barcode scanners, cash drawers, and mobile POS devices\" \/>\n<meta name=\"robots\" content=\"index, follow, max-snippet:-1, max-image-preview:large, max-video-preview:-1\" \/>\n<link rel=\"canonical\" href=\"https:\/\/simpo-datatec.com\/it\/products\/product\/barcode-scanner\/f1-scanner-2\/\" \/>\n<meta property=\"og:locale\" content=\"it_IT\" \/>\n<meta property=\"og:type\" content=\"article\" \/>\n<meta property=\"og:title\" content=\"F2 Scanner - simpo-datatec.com\" \/>\n<meta property=\"og:description\" content=\"F2 Scanner - all-in-one POS terminals, touch screen monitors, thermal receipt printers, barcode scanners, cash drawers, and mobile POS devices\" \/>\n<meta property=\"og:url\" content=\"https:\/\/simpo-datatec.com\/it\/products\/product\/barcode-scanner\/f1-scanner-2\/\" \/>\n<meta property=\"og:site_name\" content=\"simpo-datatec.com\" \/>\n<meta property=\"article:modified_time\" content=\"2025-08-09T02:14:17+00:00\" \/>\n<meta property=\"og:image\" content=\"https:\/\/simpo-datatec.com\/wp-content\/uploads\/2024\/10\/1-500x500-26.jpg\" \/>\n\t<meta property=\"og:image:width\" content=\"500\" \/>\n\t<meta property=\"og:image:height\" content=\"500\" \/>\n\t<meta property=\"og:image:type\" content=\"image\/jpeg\" \/>\n<meta name=\"twitter:card\" content=\"summary_large_image\" \/>\n<meta name=\"twitter:label1\" content=\"Tempo di lettura stimato\" \/>\n\t<meta name=\"twitter:data1\" content=\"3 minuti\" \/>\n<script type=\"application\/ld+json\" class=\"yoast-schema-graph\">{\"@context\":\"https:\\\/\\\/schema.org\",\"@graph\":[{\"@type\":\"WebPage\",\"@id\":\"https:\\\/\\\/simpo-datatec.com\\\/ru\\\/products\\\/product\\\/barcode-scanner\\\/f1-scanner-2\\\/\",\"url\":\"https:\\\/\\\/simpo-datatec.com\\\/ru\\\/products\\\/product\\\/barcode-scanner\\\/f1-scanner-2\\\/\",\"name\":\"F2 Scanner - simpo-datatec.com\",\"isPartOf\":{\"@id\":\"https:\\\/\\\/simpo-datatec.com\\\/#website\"},\"primaryImageOfPage\":{\"@id\":\"https:\\\/\\\/simpo-datatec.com\\\/ru\\\/products\\\/product\\\/barcode-scanner\\\/f1-scanner-2\\\/#primaryimage\"},\"image\":{\"@id\":\"https:\\\/\\\/simpo-datatec.com\\\/ru\\\/products\\\/product\\\/barcode-scanner\\\/f1-scanner-2\\\/#primaryimage\"},\"thumbnailUrl\":\"https:\\\/\\\/simpo-datatec.com\\\/wp-content\\\/uploads\\\/2024\\\/10\\\/1-500x500-26.jpg\",\"datePublished\":\"2024-10-10T09:33:38+00:00\",\"dateModified\":\"2025-08-09T02:14:17+00:00\",\"description\":\"F2 Scanner - all-in-one POS terminals, touch screen monitors, thermal receipt printers, barcode scanners, cash drawers, and mobile POS devices\",\"breadcrumb\":{\"@id\":\"https:\\\/\\\/simpo-datatec.com\\\/ru\\\/products\\\/product\\\/barcode-scanner\\\/f1-scanner-2\\\/#breadcrumb\"},\"inLanguage\":\"it-IT\",\"potentialAction\":[{\"@type\":\"ReadAction\",\"target\":[\"https:\\\/\\\/simpo-datatec.com\\\/ru\\\/products\\\/product\\\/barcode-scanner\\\/f1-scanner-2\\\/\"]}]},{\"@type\":\"ImageObject\",\"inLanguage\":\"it-IT\",\"@id\":\"https:\\\/\\\/simpo-datatec.com\\\/ru\\\/products\\\/product\\\/barcode-scanner\\\/f1-scanner-2\\\/#primaryimage\",\"url\":\"https:\\\/\\\/simpo-datatec.com\\\/wp-content\\\/uploads\\\/2024\\\/10\\\/1-500x500-26.jpg\",\"contentUrl\":\"https:\\\/\\\/simpo-datatec.com\\\/wp-content\\\/uploads\\\/2024\\\/10\\\/1-500x500-26.jpg\",\"width\":500,\"height\":500,\"caption\":\"F2 Scanner\"},{\"@type\":\"BreadcrumbList\",\"@id\":\"https:\\\/\\\/simpo-datatec.com\\\/ru\\\/products\\\/product\\\/barcode-scanner\\\/f1-scanner-2\\\/#breadcrumb\",\"itemListElement\":[{\"@type\":\"ListItem\",\"position\":1,\"name\":\"\u9996\u9875\",\"item\":\"https:\\\/\\\/simpo-datatec.com\\\/\"},{\"@type\":\"ListItem\",\"position\":2,\"name\":\"Products\",\"item\":\"https:\\\/\\\/simpo-datatec.com\\\/products\\\/\"},{\"@type\":\"ListItem\",\"position\":3,\"name\":\"F2 Scanner\"}]},{\"@type\":\"WebSite\",\"@id\":\"https:\\\/\\\/simpo-datatec.com\\\/#website\",\"url\":\"https:\\\/\\\/simpo-datatec.com\\\/\",\"name\":\"simpo-datatec.com\",\"description\":\"\",\"potentialAction\":[{\"@type\":\"SearchAction\",\"target\":{\"@type\":\"EntryPoint\",\"urlTemplate\":\"https:\\\/\\\/simpo-datatec.com\\\/?s={search_term_string}\"},\"query-input\":{\"@type\":\"PropertyValueSpecification\",\"valueRequired\":true,\"valueName\":\"search_term_string\"}}],\"inLanguage\":\"it-IT\"}]}<\/script>\n<!-- \/ Yoast SEO plugin. -->","yoast_head_json":{"title":"F2 Scanner - simpo-datatec.com","description":"F2 Scanner - all-in-one POS terminals, touch screen monitors, thermal receipt printers, barcode scanners, cash drawers, and mobile POS devices","robots":{"index":"index","follow":"follow","max-snippet":"max-snippet:-1","max-image-preview":"max-image-preview:large","max-video-preview":"max-video-preview:-1"},"canonical":"https:\/\/simpo-datatec.com\/it\/products\/product\/barcode-scanner\/f1-scanner-2\/","og_locale":"it_IT","og_type":"article","og_title":"F2 Scanner - simpo-datatec.com","og_description":"F2 Scanner - all-in-one POS terminals, touch screen monitors, thermal receipt printers, barcode scanners, cash drawers, and mobile POS devices","og_url":"https:\/\/simpo-datatec.com\/it\/products\/product\/barcode-scanner\/f1-scanner-2\/","og_site_name":"simpo-datatec.com","article_modified_time":"2025-08-09T02:14:17+00:00","og_image":[{"width":500,"height":500,"url":"https:\/\/simpo-datatec.com\/wp-content\/uploads\/2024\/10\/1-500x500-26.jpg","type":"image\/jpeg"}],"twitter_card":"summary_large_image","twitter_misc":{"Tempo di lettura stimato":"3 minuti"},"schema":{"@context":"https:\/\/schema.org","@graph":[{"@type":"WebPage","@id":"https:\/\/simpo-datatec.com\/ru\/products\/product\/barcode-scanner\/f1-scanner-2\/","url":"https:\/\/simpo-datatec.com\/ru\/products\/product\/barcode-scanner\/f1-scanner-2\/","name":"F2 Scanner - simpo-datatec.com","isPartOf":{"@id":"https:\/\/simpo-datatec.com\/#website"},"primaryImageOfPage":{"@id":"https:\/\/simpo-datatec.com\/ru\/products\/product\/barcode-scanner\/f1-scanner-2\/#primaryimage"},"image":{"@id":"https:\/\/simpo-datatec.com\/ru\/products\/product\/barcode-scanner\/f1-scanner-2\/#primaryimage"},"thumbnailUrl":"https:\/\/simpo-datatec.com\/wp-content\/uploads\/2024\/10\/1-500x500-26.jpg","datePublished":"2024-10-10T09:33:38+00:00","dateModified":"2025-08-09T02:14:17+00:00","description":"F2 Scanner - all-in-one POS terminals, touch screen monitors, thermal receipt printers, barcode scanners, cash drawers, and mobile POS devices","breadcrumb":{"@id":"https:\/\/simpo-datatec.com\/ru\/products\/product\/barcode-scanner\/f1-scanner-2\/#breadcrumb"},"inLanguage":"it-IT","potentialAction":[{"@type":"ReadAction","target":["https:\/\/simpo-datatec.com\/ru\/products\/product\/barcode-scanner\/f1-scanner-2\/"]}]},{"@type":"ImageObject","inLanguage":"it-IT","@id":"https:\/\/simpo-datatec.com\/ru\/products\/product\/barcode-scanner\/f1-scanner-2\/#primaryimage","url":"https:\/\/simpo-datatec.com\/wp-content\/uploads\/2024\/10\/1-500x500-26.jpg","contentUrl":"https:\/\/simpo-datatec.com\/wp-content\/uploads\/2024\/10\/1-500x500-26.jpg","width":500,"height":500,"caption":"F2 Scanner"},{"@type":"BreadcrumbList","@id":"https:\/\/simpo-datatec.com\/ru\/products\/product\/barcode-scanner\/f1-scanner-2\/#breadcrumb","itemListElement":[{"@type":"ListItem","position":1,"name":"\u9996\u9875","item":"https:\/\/simpo-datatec.com\/"},{"@type":"ListItem","position":2,"name":"Products","item":"https:\/\/simpo-datatec.com\/products\/"},{"@type":"ListItem","position":3,"name":"F2 Scanner"}]},{"@type":"WebSite","@id":"https:\/\/simpo-datatec.com\/#website","url":"https:\/\/simpo-datatec.com\/","name":"simpo-datatec.com","description":"","potentialAction":[{"@type":"SearchAction","target":{"@type":"EntryPoint","urlTemplate":"https:\/\/simpo-datatec.com\/?s={search_term_string}"},"query-input":{"@type":"PropertyValueSpecification","valueRequired":true,"valueName":"search_term_string"}}],"inLanguage":"it-IT"}]}},"_links":{"self":[{"href":"https:\/\/simpo-datatec.com\/it\/wp-json\/wp\/v2\/product\/779","targetHints":{"allow":["GET"]}}],"collection":[{"href":"https:\/\/simpo-datatec.com\/it\/wp-json\/wp\/v2\/product"}],"about":[{"href":"https:\/\/simpo-datatec.com\/it\/wp-json\/wp\/v2\/types\/product"}],"replies":[{"embeddable":true,"href":"https:\/\/simpo-datatec.com\/it\/wp-json\/wp\/v2\/comments?post=779"}],"wp:featuredmedia":[{"embeddable":true,"href":"https:\/\/simpo-datatec.com\/it\/wp-json\/wp\/v2\/media\/780"}],"wp:attachment":[{"href":"https:\/\/simpo-datatec.com\/it\/wp-json\/wp\/v2\/media?parent=779"}],"wp:term":[{"taxonomy":"product_brand","embeddable":true,"href":"https:\/\/simpo-datatec.com\/it\/wp-json\/wp\/v2\/product_brand?post=779"},{"taxonomy":"product_cat","embeddable":true,"href":"https:\/\/simpo-datatec.com\/it\/wp-json\/wp\/v2\/product_cat?post=779"},{"taxonomy":"product_tag","embeddable":true,"href":"https:\/\/simpo-datatec.com\/it\/wp-json\/wp\/v2\/product_tag?post=779"}],"curies":[{"name":"wp","href":"https:\/\/api.w.org\/{rel}","templated":true}]}}