{"id":723,"date":"2024-10-10T17:19:00","date_gmt":"2024-10-10T09:19:00","guid":{"rendered":"https:\/\/simpo-datatec.com\/?post_type=product&#038;p=723"},"modified":"2025-08-09T14:35:29","modified_gmt":"2025-08-09T06:35:29","slug":"p80-5-80mm-thermal-printer","status":"publish","type":"product","link":"https:\/\/simpo-datatec.com\/it\/products\/product\/thermal-printer\/p80-5-80mm-thermal-printer\/","title":{"rendered":"P80-5 Stampante termica da 80 mm"},"content":{"rendered":"<table width=\"972\">\n<tbody>\n<tr>\n<td colspan=\"2\" width=\"341\">Articolo<\/td>\n<td width=\"631\">Parametri<\/td>\n<\/tr>\n<tr>\n<td rowspan=\"6\" width=\"148\">Stampa<\/td>\n<td width=\"192\">Metodo di stampa<\/td>\n<td width=\"631\">Stampa termica diretta in linea<\/td>\n<\/tr>\n<tr>\n<td width=\"192\">Risoluzione<\/td>\n<td width=\"631\">180\u00d7180 DPI<\/td>\n<\/tr>\n<tr>\n<td width=\"192\">Larghezza di stampa<\/td>\n<td width=\"631\">64\/72 mm<\/td>\n<\/tr>\n<tr>\n<td width=\"192\">Velocit\u00e0 di stampa<\/td>\n<td width=\"631\">Max. 200 mm\/s<\/td>\n<\/tr>\n<tr>\n<td width=\"192\">Memoria<\/td>\n<td width=\"631\">RAM: 2MB, FLASH: 2MB (standard)<\/td>\n<\/tr>\n<tr>\n<td width=\"192\">Interfaccia<\/td>\n<td width=\"631\">Opzionale: Seriale, parallelo, USB, Ethernet<\/td>\n<\/tr>\n<tr>\n<td rowspan=\"5\" width=\"148\">Codice a barre e font<\/td>\n<td rowspan=\"2\" width=\"192\">Codice a barre<\/td>\n<td width=\"631\">1D:UPC-A, UPC-E, EAN8, EAN13, CODE39, CODE93, CODE128, ITF, CODABAR<\/td>\n<\/tr>\n<tr>\n<td width=\"631\">2D: PDF417, QR<\/td>\n<\/tr>\n<tr>\n<td width=\"192\">Carattere<\/td>\n<td width=\"631\">Font A (12\u00d724), Font B (9\u00d717), Kanji Font (24\u00d724)<\/td>\n<\/tr>\n<tr>\n<td width=\"192\">Set di caratteri<\/td>\n<td width=\"631\">95 caratteri alfanumerici, 13 tipi di caratteri internazionali, cinese tradizionale, cinese semplificato, giapponese, coreano (opzionale)<\/td>\n<\/tr>\n<tr>\n<td width=\"192\">Caratteri per riga<\/td>\n<td width=\"631\">48 caratteri A\/64 caratteriB<\/td>\n<\/tr>\n<tr>\n<td rowspan=\"4\" width=\"148\">Carta<\/td>\n<td width=\"192\">Metodo di alimentazione della carta<\/td>\n<td width=\"631\">Carico carta drop-in<\/td>\n<\/tr>\n<tr>\n<td width=\"192\">Larghezza della carta<\/td>\n<td width=\"631\">Larghezza carta: 79,5 \u00b10,5<\/td>\n<\/tr>\n<tr>\n<td width=\"192\">Spessore della carta<\/td>\n<td width=\"631\">0,06~0,08 mm<\/td>\n<\/tr>\n<tr>\n<td width=\"192\">Diametro esterno del rotolo di carta<\/td>\n<td width=\"631\">Max.83 mm<\/td>\n<\/tr>\n<tr>\n<td rowspan=\"3\" width=\"148\">Alimentazione<\/td>\n<td width=\"192\">Ingresso<\/td>\n<td width=\"631\">AC100~220V, 50~60Hz<\/td>\n<\/tr>\n<tr>\n<td width=\"192\">Uscita<\/td>\n<td width=\"631\">24 V CC\/1,5 A<\/td>\n<\/tr>\n<tr>\n<td width=\"192\">Cassetto fuori<\/td>\n<td width=\"631\">DC 12V\/1A<\/td>\n<\/tr>\n<tr>\n<td rowspan=\"2\" width=\"148\">Affidabilit\u00e0<\/td>\n<td width=\"192\">Durata della testina di stampa<\/td>\n<td width=\"631\">150Km<\/td>\n<\/tr>\n<tr>\n<td width=\"192\">Durata della fresa<\/td>\n<td width=\"631\">1.500.000 tagli (taglio completo, spessore carta: 0,07 mm)<\/td>\n<\/tr>\n<tr>\n<td rowspan=\"2\" width=\"148\">Ambiente<\/td>\n<td width=\"192\">Condizione di funzionamento<\/td>\n<td width=\"631\">5\uff5e45\u2103, 20\uff5e90%RH<\/td>\n<\/tr>\n<tr>\n<td width=\"192\">Condizioni di conservazione<\/td>\n<td width=\"631\">-40\uff5e60\u2103, 20\uff5e93% RH<\/td>\n<\/tr>\n<tr>\n<td rowspan=\"2\" width=\"148\">Spec. di Fisica<\/td>\n<td width=\"192\">Dimensioni<\/td>\n<td width=\"631\">200(L)\u00d7145(W)\u00d7145(H)mm<\/td>\n<\/tr>\n<tr>\n<td width=\"192\">Peso<\/td>\n<td width=\"631\">Circa 1,45 kg<\/td>\n<\/tr>\n<\/tbody>\n<\/table>\n<p>SIMPO-DATA \u00e8 un produttore leader di alta tecnologia che si dedica alla ricerca e allo sviluppo, alla produzione, alla vendita e all'assistenza di sistemi POS (Point of Sale) avanzati. Con oltre un decennio di profonda esperienza nel settore, abbiamo costruito una solida reputazione per la fornitura di soluzioni POS affidabili, innovative e ad alte prestazioni ai clienti di tutto il mondo.<\/p>\n<p>Sin dalla nostra fondazione, abbiamo aderito alla filosofia aziendale \"La qualit\u00e0 crea il mercato, l'innovazione crea il futuro\". Questo impegno ci spinge a migliorare continuamente i nostri prodotti e ad ampliare la nostra offerta per soddisfare le diverse esigenze dei mercati globali. Il nostro portafoglio prodotti copre un'ampia gamma di settori, tra cui la vendita al dettaglio, la ristorazione, i supermercati, l'ospitalit\u00e0, gli alimenti e le bevande e la logistica. Che si tratti di una piccola impresa o della gestione di una grande catena, SIMPO-DATA ha la soluzione POS giusta per voi.<\/p>\n<p>Ampia gamma di prodotti<br \/>\nLa nostra linea di prodotti POS comprende terminali POS all-in-one, monitor touch screen, stampanti termiche per ricevute, scanner per codici a barre, cassetti per contanti e dispositivi POS mobili. Forniamo sistemi POS completi e integrati, oltre a singoli componenti, per consentirvi di personalizzare la soluzione pi\u00f9 adatta al vostro modello di business.<a href=\"https:\/\/simpo-datatec.com\/it\/products\/\" target=\"_blank\" rel=\"noopener\">Fare clic qui per visualizzare altri prodotti.<\/a><\/p>\n<p>L'innovazione al centro<br \/>\nIl nostro team professionale di ricerca e sviluppo si impegna a innovare continuamente il design, le prestazioni e l'esperienza dell'utente. Rimanendo al passo con le tendenze del mercato e i progressi tecnologici, assicuriamo che i prodotti SIMPO-DATA rimangano competitivi e pronti per il futuro. Ogni prodotto \u00e8 sviluppato con un'attenta cura dei dettagli, dal design ergonomico alle interfacce intuitive, dalle prestazioni stabili del sistema all'efficienza energetica.<\/p>\n<p>Qualit\u00e0 di cui ci si pu\u00f2 fidare<br \/>\nLa qualit\u00e0 \u00e8 la nostra priorit\u00e0 assoluta. Dalla selezione delle materie prime alla produzione finale, ogni fase \u00e8 soggetta a rigorose procedure di controllo della qualit\u00e0. I nostri impianti di produzione sono dotati di attrezzature di prova avanzate per garantire che ogni prodotto soddisfi gli standard di qualit\u00e0 internazionali e offra prestazioni durature.<\/p>\n<p>Servizio e assistenza globale<br \/>\nIn SIMPO-DATA non ci limitiamo a vendere prodotti, ma forniamo soluzioni end-to-end e un affidabile supporto post-vendita. Il nostro team di ingegneri esperti e di specialisti del servizio clienti \u00e8 pronto ad assistervi nell'installazione, nella formazione, nella manutenzione e nel supporto tecnico. Il nostro obiettivo \u00e8 aiutare i nostri partner a massimizzare l'efficienza, ridurre i costi e migliorare la soddisfazione dei clienti.<\/p>\n<p>Perch\u00e9 scegliere SIMPO-DATA?<\/p>\n<p>Oltre 10 anni di esperienza nel settore dei POS<\/p>\n<p>Forti capacit\u00e0 di ricerca e sviluppo con innovazione continua<\/p>\n<p>Una gamma completa di prodotti che copre diversi settori<\/p>\n<p>Controllo di qualit\u00e0 rigoroso e conformit\u00e0 agli standard internazionali<\/p>\n<p>Team professionale di vendita e assistenza tecnica globale<\/p>\n<p>Collaborate con SIMPO-DATA e lasciate che le nostre soluzioni POS diano potere alle vostre operazioni commerciali. Insieme, possiamo aiutarvi a snellire le transazioni, migliorare l'efficienza operativa e offrire ai clienti esperienze eccezionali.<\/p>","protected":false},"excerpt":{"rendered":"<p>Stampante termica da 80 mm<br \/>\nTipo di taglio automatico<br \/>\nVelocit\u00e0 di stampa 200 mm\/s<br \/>\n1.500.000 tagli Vita della fresa<br \/>\nDurata della testina di stampa 150Km<\/p>","protected":false},"featured_media":724,"comment_status":"open","ping_status":"closed","template":"","meta":[],"product_brand":[],"product_cat":[176,17],"product_tag":[],"class_list":{"0":"post-723","1":"product","2":"type-product","3":"status-publish","4":"has-post-thumbnail","6":"product_cat-thermal-printer","7":"product_cat-uncategorized","9":"first","10":"instock","11":"shipping-taxable","12":"product-type-simple"},"yoast_head":"<!-- This site is optimized with the Yoast SEO plugin v27.3 - https:\/\/yoast.com\/product\/yoast-seo-wordpress\/ -->\n<title>P80-5 80mm Thermal printer - simpo-datatec.com<\/title>\n<meta name=\"description\" content=\"P80-5 80mm Thermal printer %all-in-one POS terminals, touch screen monitors, thermal receipt printers, barcode scanners, cash drawers\" \/>\n<meta name=\"robots\" content=\"index, follow, max-snippet:-1, max-image-preview:large, max-video-preview:-1\" \/>\n<link rel=\"canonical\" href=\"https:\/\/simpo-datatec.com\/it\/products\/product\/thermal-printer\/p80-5-80mm-thermal-printer\/\" \/>\n<meta property=\"og:locale\" content=\"it_IT\" \/>\n<meta property=\"og:type\" content=\"article\" \/>\n<meta property=\"og:title\" content=\"P80-5 80mm Thermal printer - simpo-datatec.com\" \/>\n<meta property=\"og:description\" content=\"P80-5 80mm Thermal printer %all-in-one POS terminals, touch screen monitors, thermal receipt printers, barcode scanners, cash drawers\" \/>\n<meta property=\"og:url\" content=\"https:\/\/simpo-datatec.com\/it\/products\/product\/thermal-printer\/p80-5-80mm-thermal-printer\/\" \/>\n<meta property=\"og:site_name\" content=\"simpo-datatec.com\" \/>\n<meta property=\"article:modified_time\" content=\"2025-08-09T06:35:29+00:00\" \/>\n<meta property=\"og:image\" content=\"https:\/\/simpo-datatec.com\/wp-content\/uploads\/2024\/10\/1-500x500-15.jpg\" \/>\n\t<meta property=\"og:image:width\" content=\"500\" \/>\n\t<meta property=\"og:image:height\" content=\"500\" \/>\n\t<meta property=\"og:image:type\" content=\"image\/jpeg\" \/>\n<meta name=\"twitter:card\" content=\"summary_large_image\" \/>\n<meta name=\"twitter:label1\" content=\"Tempo di lettura stimato\" \/>\n\t<meta name=\"twitter:data1\" content=\"3 minuti\" \/>\n<script type=\"application\/ld+json\" class=\"yoast-schema-graph\">{\"@context\":\"https:\\\/\\\/schema.org\",\"@graph\":[{\"@type\":\"WebPage\",\"@id\":\"https:\\\/\\\/simpo-datatec.com\\\/products\\\/product\\\/thermal-printer\\\/p80-5-80mm-thermal-printer\\\/\",\"url\":\"https:\\\/\\\/simpo-datatec.com\\\/products\\\/product\\\/thermal-printer\\\/p80-5-80mm-thermal-printer\\\/\",\"name\":\"P80-5 80mm Thermal printer - simpo-datatec.com\",\"isPartOf\":{\"@id\":\"https:\\\/\\\/simpo-datatec.com\\\/#website\"},\"primaryImageOfPage\":{\"@id\":\"https:\\\/\\\/simpo-datatec.com\\\/products\\\/product\\\/thermal-printer\\\/p80-5-80mm-thermal-printer\\\/#primaryimage\"},\"image\":{\"@id\":\"https:\\\/\\\/simpo-datatec.com\\\/products\\\/product\\\/thermal-printer\\\/p80-5-80mm-thermal-printer\\\/#primaryimage\"},\"thumbnailUrl\":\"https:\\\/\\\/simpo-datatec.com\\\/wp-content\\\/uploads\\\/2024\\\/10\\\/1-500x500-15.jpg\",\"datePublished\":\"2024-10-10T09:19:00+00:00\",\"dateModified\":\"2025-08-09T06:35:29+00:00\",\"description\":\"P80-5 80mm Thermal printer %all-in-one POS terminals, touch screen monitors, thermal receipt printers, barcode scanners, cash drawers\",\"breadcrumb\":{\"@id\":\"https:\\\/\\\/simpo-datatec.com\\\/products\\\/product\\\/thermal-printer\\\/p80-5-80mm-thermal-printer\\\/#breadcrumb\"},\"inLanguage\":\"it-IT\",\"potentialAction\":[{\"@type\":\"ReadAction\",\"target\":[\"https:\\\/\\\/simpo-datatec.com\\\/products\\\/product\\\/thermal-printer\\\/p80-5-80mm-thermal-printer\\\/\"]}]},{\"@type\":\"ImageObject\",\"inLanguage\":\"it-IT\",\"@id\":\"https:\\\/\\\/simpo-datatec.com\\\/products\\\/product\\\/thermal-printer\\\/p80-5-80mm-thermal-printer\\\/#primaryimage\",\"url\":\"https:\\\/\\\/simpo-datatec.com\\\/wp-content\\\/uploads\\\/2024\\\/10\\\/1-500x500-15.jpg\",\"contentUrl\":\"https:\\\/\\\/simpo-datatec.com\\\/wp-content\\\/uploads\\\/2024\\\/10\\\/1-500x500-15.jpg\",\"width\":500,\"height\":500,\"caption\":\"P80-5 80mm Thermal printer\"},{\"@type\":\"BreadcrumbList\",\"@id\":\"https:\\\/\\\/simpo-datatec.com\\\/products\\\/product\\\/thermal-printer\\\/p80-5-80mm-thermal-printer\\\/#breadcrumb\",\"itemListElement\":[{\"@type\":\"ListItem\",\"position\":1,\"name\":\"\u9996\u9875\",\"item\":\"https:\\\/\\\/simpo-datatec.com\\\/\"},{\"@type\":\"ListItem\",\"position\":2,\"name\":\"Products\",\"item\":\"https:\\\/\\\/simpo-datatec.com\\\/products\\\/\"},{\"@type\":\"ListItem\",\"position\":3,\"name\":\"P80-5 80mm Thermal printer\"}]},{\"@type\":\"WebSite\",\"@id\":\"https:\\\/\\\/simpo-datatec.com\\\/#website\",\"url\":\"https:\\\/\\\/simpo-datatec.com\\\/\",\"name\":\"simpo-datatec.com\",\"description\":\"\",\"potentialAction\":[{\"@type\":\"SearchAction\",\"target\":{\"@type\":\"EntryPoint\",\"urlTemplate\":\"https:\\\/\\\/simpo-datatec.com\\\/?s={search_term_string}\"},\"query-input\":{\"@type\":\"PropertyValueSpecification\",\"valueRequired\":true,\"valueName\":\"search_term_string\"}}],\"inLanguage\":\"it-IT\"}]}<\/script>\n<!-- \/ Yoast SEO plugin. -->","yoast_head_json":{"title":"P80-5 80mm Thermal printer - simpo-datatec.com","description":"P80-5 80mm Thermal printer %all-in-one POS terminals, touch screen monitors, thermal receipt printers, barcode scanners, cash drawers","robots":{"index":"index","follow":"follow","max-snippet":"max-snippet:-1","max-image-preview":"max-image-preview:large","max-video-preview":"max-video-preview:-1"},"canonical":"https:\/\/simpo-datatec.com\/it\/products\/product\/thermal-printer\/p80-5-80mm-thermal-printer\/","og_locale":"it_IT","og_type":"article","og_title":"P80-5 80mm Thermal printer - simpo-datatec.com","og_description":"P80-5 80mm Thermal printer %all-in-one POS terminals, touch screen monitors, thermal receipt printers, barcode scanners, cash drawers","og_url":"https:\/\/simpo-datatec.com\/it\/products\/product\/thermal-printer\/p80-5-80mm-thermal-printer\/","og_site_name":"simpo-datatec.com","article_modified_time":"2025-08-09T06:35:29+00:00","og_image":[{"width":500,"height":500,"url":"https:\/\/simpo-datatec.com\/wp-content\/uploads\/2024\/10\/1-500x500-15.jpg","type":"image\/jpeg"}],"twitter_card":"summary_large_image","twitter_misc":{"Tempo di lettura stimato":"3 minuti"},"schema":{"@context":"https:\/\/schema.org","@graph":[{"@type":"WebPage","@id":"https:\/\/simpo-datatec.com\/products\/product\/thermal-printer\/p80-5-80mm-thermal-printer\/","url":"https:\/\/simpo-datatec.com\/products\/product\/thermal-printer\/p80-5-80mm-thermal-printer\/","name":"P80-5 80mm Thermal printer - simpo-datatec.com","isPartOf":{"@id":"https:\/\/simpo-datatec.com\/#website"},"primaryImageOfPage":{"@id":"https:\/\/simpo-datatec.com\/products\/product\/thermal-printer\/p80-5-80mm-thermal-printer\/#primaryimage"},"image":{"@id":"https:\/\/simpo-datatec.com\/products\/product\/thermal-printer\/p80-5-80mm-thermal-printer\/#primaryimage"},"thumbnailUrl":"https:\/\/simpo-datatec.com\/wp-content\/uploads\/2024\/10\/1-500x500-15.jpg","datePublished":"2024-10-10T09:19:00+00:00","dateModified":"2025-08-09T06:35:29+00:00","description":"P80-5 80mm Thermal printer %all-in-one POS terminals, touch screen monitors, thermal receipt printers, barcode scanners, cash drawers","breadcrumb":{"@id":"https:\/\/simpo-datatec.com\/products\/product\/thermal-printer\/p80-5-80mm-thermal-printer\/#breadcrumb"},"inLanguage":"it-IT","potentialAction":[{"@type":"ReadAction","target":["https:\/\/simpo-datatec.com\/products\/product\/thermal-printer\/p80-5-80mm-thermal-printer\/"]}]},{"@type":"ImageObject","inLanguage":"it-IT","@id":"https:\/\/simpo-datatec.com\/products\/product\/thermal-printer\/p80-5-80mm-thermal-printer\/#primaryimage","url":"https:\/\/simpo-datatec.com\/wp-content\/uploads\/2024\/10\/1-500x500-15.jpg","contentUrl":"https:\/\/simpo-datatec.com\/wp-content\/uploads\/2024\/10\/1-500x500-15.jpg","width":500,"height":500,"caption":"P80-5 80mm Thermal printer"},{"@type":"BreadcrumbList","@id":"https:\/\/simpo-datatec.com\/products\/product\/thermal-printer\/p80-5-80mm-thermal-printer\/#breadcrumb","itemListElement":[{"@type":"ListItem","position":1,"name":"\u9996\u9875","item":"https:\/\/simpo-datatec.com\/"},{"@type":"ListItem","position":2,"name":"Products","item":"https:\/\/simpo-datatec.com\/products\/"},{"@type":"ListItem","position":3,"name":"P80-5 80mm Thermal printer"}]},{"@type":"WebSite","@id":"https:\/\/simpo-datatec.com\/#website","url":"https:\/\/simpo-datatec.com\/","name":"simpo-datatec.com","description":"","potentialAction":[{"@type":"SearchAction","target":{"@type":"EntryPoint","urlTemplate":"https:\/\/simpo-datatec.com\/?s={search_term_string}"},"query-input":{"@type":"PropertyValueSpecification","valueRequired":true,"valueName":"search_term_string"}}],"inLanguage":"it-IT"}]}},"_links":{"self":[{"href":"https:\/\/simpo-datatec.com\/it\/wp-json\/wp\/v2\/product\/723","targetHints":{"allow":["GET"]}}],"collection":[{"href":"https:\/\/simpo-datatec.com\/it\/wp-json\/wp\/v2\/product"}],"about":[{"href":"https:\/\/simpo-datatec.com\/it\/wp-json\/wp\/v2\/types\/product"}],"replies":[{"embeddable":true,"href":"https:\/\/simpo-datatec.com\/it\/wp-json\/wp\/v2\/comments?post=723"}],"wp:featuredmedia":[{"embeddable":true,"href":"https:\/\/simpo-datatec.com\/it\/wp-json\/wp\/v2\/media\/724"}],"wp:attachment":[{"href":"https:\/\/simpo-datatec.com\/it\/wp-json\/wp\/v2\/media?parent=723"}],"wp:term":[{"taxonomy":"product_brand","embeddable":true,"href":"https:\/\/simpo-datatec.com\/it\/wp-json\/wp\/v2\/product_brand?post=723"},{"taxonomy":"product_cat","embeddable":true,"href":"https:\/\/simpo-datatec.com\/it\/wp-json\/wp\/v2\/product_cat?post=723"},{"taxonomy":"product_tag","embeddable":true,"href":"https:\/\/simpo-datatec.com\/it\/wp-json\/wp\/v2\/product_tag?post=723"}],"curies":[{"name":"wp","href":"https:\/\/api.w.org\/{rel}","templated":true}]}}