{"id":709,"date":"2024-10-10T17:15:22","date_gmt":"2024-10-10T09:15:22","guid":{"rendered":"https:\/\/simpo-datatec.com\/?post_type=product&#038;p=709"},"modified":"2025-08-09T14:48:21","modified_gmt":"2025-08-09T06:48:21","slug":"p80-2-80mm-thermal-printer","status":"publish","type":"product","link":"https:\/\/simpo-datatec.com\/it\/products\/product\/thermal-printer\/p80-2-80mm-thermal-printer\/","title":{"rendered":"P80-2 Stampante termica da 80 mm"},"content":{"rendered":"<table width=\"941\">\n<tbody>\n<tr>\n<td colspan=\"2\" width=\"378\">Articolo<\/td>\n<td width=\"562\">Parametri<\/td>\n<\/tr>\n<tr>\n<td rowspan=\"8\" width=\"125\">Stampa<\/td>\n<td width=\"253\">Metodo di stampa<\/td>\n<td width=\"562\">Stampa termica diretta in linea<\/td>\n<\/tr>\n<tr>\n<td width=\"253\">Larghezza di stampa<\/td>\n<td width=\"562\">64\/72 mm<\/td>\n<\/tr>\n<tr>\n<td width=\"253\">Densit\u00e0 dei punti<\/td>\n<td width=\"562\">512\/576dot\/linea<\/td>\n<\/tr>\n<tr>\n<td width=\"253\">Velocit\u00e0 di stampa<\/td>\n<td width=\"562\">250 mm\/s<\/td>\n<\/tr>\n<tr>\n<td width=\"253\">Memoria<\/td>\n<td width=\"562\">RAM: 32K Byte, FLASH: 60K Byte<\/td>\n<\/tr>\n<tr>\n<td width=\"253\">Interfaccia<\/td>\n<td width=\"562\">Seriale+USB+Ethernet<\/td>\n<\/tr>\n<tr>\n<td width=\"253\">Emulazione<\/td>\n<td width=\"562\">ESC\/POS<\/td>\n<\/tr>\n<tr>\n<td width=\"253\">Spazio di linea<\/td>\n<td width=\"562\">3,75 mm (regolabile)<\/td>\n<\/tr>\n<tr>\n<td rowspan=\"4\" width=\"125\">Codice a barre e fronte<\/td>\n<td rowspan=\"2\" width=\"253\">Codice a barre<\/td>\n<td width=\"562\">UPC-A\/UPC-E\/JAN13(EAN13)\/JAN8(EAN8)\/CODE39\/ITF\/<\/td>\n<\/tr>\n<tr>\n<td width=\"562\">CODABAR\/CODICE93\/CODICE128<\/td>\n<\/tr>\n<tr>\n<td width=\"253\">Carattere<\/td>\n<td width=\"562\">Carattere A (12\u00d724), carattere B (9\u00d717), carattere Kanji (24\u00d724).<\/td>\n<\/tr>\n<tr>\n<td width=\"253\">Caratteri per riga<\/td>\n<td width=\"562\">48 caratteri A\/64 caratteriB<\/td>\n<\/tr>\n<tr>\n<td rowspan=\"4\" width=\"125\">Carta<\/td>\n<td width=\"253\">Metodo di alimentazione della carta<\/td>\n<td width=\"562\">Carico carta drop-in<\/td>\n<\/tr>\n<tr>\n<td width=\"253\">Larghezza della carta<\/td>\n<td width=\"562\">Larghezza carta: 79,5 \u00b10,5<\/td>\n<\/tr>\n<tr>\n<td width=\"253\">Spessore della carta<\/td>\n<td width=\"562\">0,06~0,08 mm<\/td>\n<\/tr>\n<tr>\n<td width=\"253\">Diametro esterno del rotolo di carta<\/td>\n<td width=\"562\">Max.83 mm<\/td>\n<\/tr>\n<tr>\n<td rowspan=\"3\" width=\"125\">Alimentazione<\/td>\n<td width=\"253\">Ingresso<\/td>\n<td width=\"562\">AC100~220V, 50~60Hz<\/td>\n<\/tr>\n<tr>\n<td width=\"253\">Uscita<\/td>\n<td width=\"562\">DC 24V\/2A<\/td>\n<\/tr>\n<tr>\n<td width=\"253\">Cassetto fuori<\/td>\n<td width=\"562\">DC 12V\/1A<\/td>\n<\/tr>\n<tr>\n<td rowspan=\"2\" width=\"125\">Affidabilit\u00e0<\/td>\n<td width=\"253\">Durata della testina di stampa<\/td>\n<td width=\"562\">150Km<\/td>\n<\/tr>\n<tr>\n<td width=\"253\">Durata della fresa<\/td>\n<td width=\"562\">1.000.000 di tagli (taglio completo, spessore carta: 0,07 mm)<\/td>\n<\/tr>\n<tr>\n<td rowspan=\"2\" width=\"125\">Ambiente<\/td>\n<td width=\"253\">Condizione di funzionamento<\/td>\n<td width=\"562\">Temperatura: 0 ~ 45\u2103, umidit\u00e0: 10 ~ 80%<\/td>\n<\/tr>\n<tr>\n<td width=\"253\">Condizioni di conservazione<\/td>\n<td width=\"562\">Temperatura: -10 ~ 60\u2103 \uff0c Umidit\u00e0: 10 ~ 90%<\/td>\n<\/tr>\n<tr>\n<td rowspan=\"2\" width=\"125\">Spec. di Fisica<\/td>\n<td width=\"253\">Dimensioni<\/td>\n<td width=\"562\">200 X 152 X 138 mm (LxLxH)<\/td>\n<\/tr>\n<tr>\n<td width=\"253\">Peso<\/td>\n<td width=\"562\">Circa 1,3 kg<\/td>\n<\/tr>\n<\/tbody>\n<\/table>\n<p>SIMPO-DATA \u00e8 un produttore leader di alta tecnologia che si dedica alla ricerca e allo sviluppo, alla produzione, alla vendita e all'assistenza di sistemi POS (Point of Sale) avanzati. Con oltre un decennio di profonda esperienza nel settore, abbiamo costruito una solida reputazione per la fornitura di soluzioni POS affidabili, innovative e ad alte prestazioni ai clienti di tutto il mondo.<\/p>\n<p>Sin dalla nostra fondazione, abbiamo aderito alla filosofia aziendale \"La qualit\u00e0 crea il mercato, l'innovazione crea il futuro\". Questo impegno ci spinge a migliorare continuamente i nostri prodotti e ad ampliare la nostra offerta per soddisfare le diverse esigenze dei mercati globali. Il nostro portafoglio prodotti copre un'ampia gamma di settori, tra cui la vendita al dettaglio, la ristorazione, i supermercati, l'ospitalit\u00e0, gli alimenti e le bevande e la logistica. Che si tratti di una piccola impresa o della gestione di una grande catena, SIMPO-DATA ha la soluzione POS giusta per voi.<\/p>\n<p>Ampia gamma di prodotti<br \/>\nLa nostra linea di prodotti POS comprende terminali POS all-in-one, monitor touch screen, stampanti termiche per ricevute, scanner per codici a barre, cassetti per contanti e dispositivi POS mobili. Forniamo sistemi POS completi e integrati e singoli componenti, consentendovi di personalizzare la soluzione pi\u00f9 adatta al vostro modello di business.<a href=\"https:\/\/simpo-datatec.com\/it\/products\/\" target=\"_blank\" rel=\"noopener\">Fare clic qui per visualizzare altri prodotti.<\/a><\/p>\n<p>L'innovazione al centro<br \/>\nIl nostro team professionale di ricerca e sviluppo si impegna a innovare continuamente il design, le prestazioni e l'esperienza dell'utente. Rimanendo al passo con le tendenze del mercato e i progressi tecnologici, assicuriamo che i prodotti SIMPO-DATA rimangano competitivi e pronti per il futuro. Ogni prodotto \u00e8 sviluppato con un'attenta cura dei dettagli, dal design ergonomico alle interfacce intuitive, dalle prestazioni stabili del sistema all'efficienza energetica.<\/p>\n<p>Qualit\u00e0 di cui ci si pu\u00f2 fidare<br \/>\nLa qualit\u00e0 \u00e8 la nostra priorit\u00e0 assoluta. Dalla selezione delle materie prime alla produzione finale, ogni fase \u00e8 soggetta a rigorose procedure di controllo della qualit\u00e0. I nostri impianti di produzione sono dotati di attrezzature di prova avanzate per garantire che ogni prodotto soddisfi gli standard di qualit\u00e0 internazionali e offra prestazioni durature.<\/p>\n<p>Servizio e assistenza globale<br \/>\nIn SIMPO-DATA non ci limitiamo a vendere prodotti, ma forniamo soluzioni end-to-end e un affidabile supporto post-vendita. Il nostro team di ingegneri esperti e di specialisti del servizio clienti \u00e8 pronto ad assistervi nell'installazione, nella formazione, nella manutenzione e nel supporto tecnico. Il nostro obiettivo \u00e8 aiutare i nostri partner a massimizzare l'efficienza, ridurre i costi e migliorare la soddisfazione dei clienti.<\/p>\n<p>Perch\u00e9 scegliere SIMPO-DATA?<\/p>\n<p>Oltre 10 anni di esperienza nel settore dei POS<\/p>\n<p>Forti capacit\u00e0 di ricerca e sviluppo con innovazione continua<\/p>\n<p>Una gamma completa di prodotti che copre diversi settori<\/p>\n<p>Controllo di qualit\u00e0 rigoroso e conformit\u00e0 agli standard internazionali<\/p>\n<p>Team professionale di vendita e assistenza tecnica globale<\/p>\n<p>Collaborate con SIMPO-DATA e lasciate che le nostre soluzioni POS diano potere alle vostre operazioni commerciali. Insieme, possiamo aiutarvi a snellire le transazioni, migliorare l'efficienza operativa e offrire ai clienti esperienze eccezionali.<\/p>","protected":false},"excerpt":{"rendered":"<p>Stampante termica ad alta velocit\u00e0 da 80 mm<br \/>\nTipo di taglio automatico<br \/>\nVelocit\u00e0 di stampa 250 mm\/s<br \/>\n1.000.000 di tagli Vita della fresa<br \/>\nDurata della testina di stampa 150Km<\/p>","protected":false},"featured_media":710,"comment_status":"open","ping_status":"closed","template":"","meta":[],"product_brand":[],"product_cat":[176,17],"product_tag":[],"class_list":{"0":"post-709","1":"product","2":"type-product","3":"status-publish","4":"has-post-thumbnail","6":"product_cat-thermal-printer","7":"product_cat-uncategorized","9":"first","10":"instock","11":"shipping-taxable","12":"product-type-simple"},"yoast_head":"<!-- This site is optimized with the Yoast SEO plugin v27.3 - https:\/\/yoast.com\/product\/yoast-seo-wordpress\/ -->\n<title>P80-2 80mm Thermal printer - simpo-datatec.com<\/title>\n<meta name=\"description\" content=\"P80-2 80mm Thermal printer - all-in-one POS terminals, touch screen monitors, thermal receipt printers, barcode scanners, cash drawers\" \/>\n<meta name=\"robots\" content=\"index, follow, max-snippet:-1, max-image-preview:large, max-video-preview:-1\" \/>\n<link rel=\"canonical\" href=\"https:\/\/simpo-datatec.com\/it\/products\/product\/thermal-printer\/p80-2-80mm-thermal-printer\/\" \/>\n<meta property=\"og:locale\" content=\"it_IT\" \/>\n<meta property=\"og:type\" content=\"article\" \/>\n<meta property=\"og:title\" content=\"P80-2 80mm Thermal printer - simpo-datatec.com\" \/>\n<meta property=\"og:description\" content=\"P80-2 80mm Thermal printer - all-in-one POS terminals, touch screen monitors, thermal receipt printers, barcode scanners, cash drawers\" \/>\n<meta property=\"og:url\" content=\"https:\/\/simpo-datatec.com\/it\/products\/product\/thermal-printer\/p80-2-80mm-thermal-printer\/\" \/>\n<meta property=\"og:site_name\" content=\"simpo-datatec.com\" \/>\n<meta property=\"article:modified_time\" content=\"2025-08-09T06:48:21+00:00\" \/>\n<meta property=\"og:image\" content=\"https:\/\/simpo-datatec.com\/wp-content\/uploads\/2024\/10\/1-500x500-12.jpg\" \/>\n\t<meta property=\"og:image:width\" content=\"500\" \/>\n\t<meta property=\"og:image:height\" content=\"500\" \/>\n\t<meta property=\"og:image:type\" content=\"image\/jpeg\" \/>\n<meta name=\"twitter:card\" content=\"summary_large_image\" \/>\n<meta name=\"twitter:label1\" content=\"Tempo di lettura stimato\" \/>\n\t<meta name=\"twitter:data1\" content=\"3 minuti\" \/>\n<script type=\"application\/ld+json\" class=\"yoast-schema-graph\">{\"@context\":\"https:\\\/\\\/schema.org\",\"@graph\":[{\"@type\":\"WebPage\",\"@id\":\"https:\\\/\\\/simpo-datatec.com\\\/fr\\\/products\\\/product\\\/thermal-printer\\\/p80-2-80mm-thermal-printer\\\/\",\"url\":\"https:\\\/\\\/simpo-datatec.com\\\/fr\\\/products\\\/product\\\/thermal-printer\\\/p80-2-80mm-thermal-printer\\\/\",\"name\":\"P80-2 80mm Thermal printer - simpo-datatec.com\",\"isPartOf\":{\"@id\":\"https:\\\/\\\/simpo-datatec.com\\\/#website\"},\"primaryImageOfPage\":{\"@id\":\"https:\\\/\\\/simpo-datatec.com\\\/fr\\\/products\\\/product\\\/thermal-printer\\\/p80-2-80mm-thermal-printer\\\/#primaryimage\"},\"image\":{\"@id\":\"https:\\\/\\\/simpo-datatec.com\\\/fr\\\/products\\\/product\\\/thermal-printer\\\/p80-2-80mm-thermal-printer\\\/#primaryimage\"},\"thumbnailUrl\":\"https:\\\/\\\/simpo-datatec.com\\\/wp-content\\\/uploads\\\/2024\\\/10\\\/1-500x500-12.jpg\",\"datePublished\":\"2024-10-10T09:15:22+00:00\",\"dateModified\":\"2025-08-09T06:48:21+00:00\",\"description\":\"P80-2 80mm Thermal printer - all-in-one POS terminals, touch screen monitors, thermal receipt printers, barcode scanners, cash drawers\",\"breadcrumb\":{\"@id\":\"https:\\\/\\\/simpo-datatec.com\\\/fr\\\/products\\\/product\\\/thermal-printer\\\/p80-2-80mm-thermal-printer\\\/#breadcrumb\"},\"inLanguage\":\"it-IT\",\"potentialAction\":[{\"@type\":\"ReadAction\",\"target\":[\"https:\\\/\\\/simpo-datatec.com\\\/fr\\\/products\\\/product\\\/thermal-printer\\\/p80-2-80mm-thermal-printer\\\/\"]}]},{\"@type\":\"ImageObject\",\"inLanguage\":\"it-IT\",\"@id\":\"https:\\\/\\\/simpo-datatec.com\\\/fr\\\/products\\\/product\\\/thermal-printer\\\/p80-2-80mm-thermal-printer\\\/#primaryimage\",\"url\":\"https:\\\/\\\/simpo-datatec.com\\\/wp-content\\\/uploads\\\/2024\\\/10\\\/1-500x500-12.jpg\",\"contentUrl\":\"https:\\\/\\\/simpo-datatec.com\\\/wp-content\\\/uploads\\\/2024\\\/10\\\/1-500x500-12.jpg\",\"width\":500,\"height\":500,\"caption\":\"P80-2 80mm Thermal printer\"},{\"@type\":\"BreadcrumbList\",\"@id\":\"https:\\\/\\\/simpo-datatec.com\\\/fr\\\/products\\\/product\\\/thermal-printer\\\/p80-2-80mm-thermal-printer\\\/#breadcrumb\",\"itemListElement\":[{\"@type\":\"ListItem\",\"position\":1,\"name\":\"\u9996\u9875\",\"item\":\"https:\\\/\\\/simpo-datatec.com\\\/\"},{\"@type\":\"ListItem\",\"position\":2,\"name\":\"Products\",\"item\":\"https:\\\/\\\/simpo-datatec.com\\\/products\\\/\"},{\"@type\":\"ListItem\",\"position\":3,\"name\":\"P80-2 80mm Thermal printer\"}]},{\"@type\":\"WebSite\",\"@id\":\"https:\\\/\\\/simpo-datatec.com\\\/#website\",\"url\":\"https:\\\/\\\/simpo-datatec.com\\\/\",\"name\":\"simpo-datatec.com\",\"description\":\"\",\"potentialAction\":[{\"@type\":\"SearchAction\",\"target\":{\"@type\":\"EntryPoint\",\"urlTemplate\":\"https:\\\/\\\/simpo-datatec.com\\\/?s={search_term_string}\"},\"query-input\":{\"@type\":\"PropertyValueSpecification\",\"valueRequired\":true,\"valueName\":\"search_term_string\"}}],\"inLanguage\":\"it-IT\"}]}<\/script>\n<!-- \/ Yoast SEO plugin. -->","yoast_head_json":{"title":"P80-2 80mm Thermal printer - simpo-datatec.com","description":"P80-2 80mm Thermal printer - all-in-one POS terminals, touch screen monitors, thermal receipt printers, barcode scanners, cash drawers","robots":{"index":"index","follow":"follow","max-snippet":"max-snippet:-1","max-image-preview":"max-image-preview:large","max-video-preview":"max-video-preview:-1"},"canonical":"https:\/\/simpo-datatec.com\/it\/products\/product\/thermal-printer\/p80-2-80mm-thermal-printer\/","og_locale":"it_IT","og_type":"article","og_title":"P80-2 80mm Thermal printer - simpo-datatec.com","og_description":"P80-2 80mm Thermal printer - all-in-one POS terminals, touch screen monitors, thermal receipt printers, barcode scanners, cash drawers","og_url":"https:\/\/simpo-datatec.com\/it\/products\/product\/thermal-printer\/p80-2-80mm-thermal-printer\/","og_site_name":"simpo-datatec.com","article_modified_time":"2025-08-09T06:48:21+00:00","og_image":[{"width":500,"height":500,"url":"https:\/\/simpo-datatec.com\/wp-content\/uploads\/2024\/10\/1-500x500-12.jpg","type":"image\/jpeg"}],"twitter_card":"summary_large_image","twitter_misc":{"Tempo di lettura stimato":"3 minuti"},"schema":{"@context":"https:\/\/schema.org","@graph":[{"@type":"WebPage","@id":"https:\/\/simpo-datatec.com\/fr\/products\/product\/thermal-printer\/p80-2-80mm-thermal-printer\/","url":"https:\/\/simpo-datatec.com\/fr\/products\/product\/thermal-printer\/p80-2-80mm-thermal-printer\/","name":"P80-2 80mm Thermal printer - simpo-datatec.com","isPartOf":{"@id":"https:\/\/simpo-datatec.com\/#website"},"primaryImageOfPage":{"@id":"https:\/\/simpo-datatec.com\/fr\/products\/product\/thermal-printer\/p80-2-80mm-thermal-printer\/#primaryimage"},"image":{"@id":"https:\/\/simpo-datatec.com\/fr\/products\/product\/thermal-printer\/p80-2-80mm-thermal-printer\/#primaryimage"},"thumbnailUrl":"https:\/\/simpo-datatec.com\/wp-content\/uploads\/2024\/10\/1-500x500-12.jpg","datePublished":"2024-10-10T09:15:22+00:00","dateModified":"2025-08-09T06:48:21+00:00","description":"P80-2 80mm Thermal printer - all-in-one POS terminals, touch screen monitors, thermal receipt printers, barcode scanners, cash drawers","breadcrumb":{"@id":"https:\/\/simpo-datatec.com\/fr\/products\/product\/thermal-printer\/p80-2-80mm-thermal-printer\/#breadcrumb"},"inLanguage":"it-IT","potentialAction":[{"@type":"ReadAction","target":["https:\/\/simpo-datatec.com\/fr\/products\/product\/thermal-printer\/p80-2-80mm-thermal-printer\/"]}]},{"@type":"ImageObject","inLanguage":"it-IT","@id":"https:\/\/simpo-datatec.com\/fr\/products\/product\/thermal-printer\/p80-2-80mm-thermal-printer\/#primaryimage","url":"https:\/\/simpo-datatec.com\/wp-content\/uploads\/2024\/10\/1-500x500-12.jpg","contentUrl":"https:\/\/simpo-datatec.com\/wp-content\/uploads\/2024\/10\/1-500x500-12.jpg","width":500,"height":500,"caption":"P80-2 80mm Thermal printer"},{"@type":"BreadcrumbList","@id":"https:\/\/simpo-datatec.com\/fr\/products\/product\/thermal-printer\/p80-2-80mm-thermal-printer\/#breadcrumb","itemListElement":[{"@type":"ListItem","position":1,"name":"\u9996\u9875","item":"https:\/\/simpo-datatec.com\/"},{"@type":"ListItem","position":2,"name":"Products","item":"https:\/\/simpo-datatec.com\/products\/"},{"@type":"ListItem","position":3,"name":"P80-2 80mm Thermal printer"}]},{"@type":"WebSite","@id":"https:\/\/simpo-datatec.com\/#website","url":"https:\/\/simpo-datatec.com\/","name":"simpo-datatec.com","description":"","potentialAction":[{"@type":"SearchAction","target":{"@type":"EntryPoint","urlTemplate":"https:\/\/simpo-datatec.com\/?s={search_term_string}"},"query-input":{"@type":"PropertyValueSpecification","valueRequired":true,"valueName":"search_term_string"}}],"inLanguage":"it-IT"}]}},"_links":{"self":[{"href":"https:\/\/simpo-datatec.com\/it\/wp-json\/wp\/v2\/product\/709","targetHints":{"allow":["GET"]}}],"collection":[{"href":"https:\/\/simpo-datatec.com\/it\/wp-json\/wp\/v2\/product"}],"about":[{"href":"https:\/\/simpo-datatec.com\/it\/wp-json\/wp\/v2\/types\/product"}],"replies":[{"embeddable":true,"href":"https:\/\/simpo-datatec.com\/it\/wp-json\/wp\/v2\/comments?post=709"}],"wp:featuredmedia":[{"embeddable":true,"href":"https:\/\/simpo-datatec.com\/it\/wp-json\/wp\/v2\/media\/710"}],"wp:attachment":[{"href":"https:\/\/simpo-datatec.com\/it\/wp-json\/wp\/v2\/media?parent=709"}],"wp:term":[{"taxonomy":"product_brand","embeddable":true,"href":"https:\/\/simpo-datatec.com\/it\/wp-json\/wp\/v2\/product_brand?post=709"},{"taxonomy":"product_cat","embeddable":true,"href":"https:\/\/simpo-datatec.com\/it\/wp-json\/wp\/v2\/product_cat?post=709"},{"taxonomy":"product_tag","embeddable":true,"href":"https:\/\/simpo-datatec.com\/it\/wp-json\/wp\/v2\/product_tag?post=709"}],"curies":[{"name":"wp","href":"https:\/\/api.w.org\/{rel}","templated":true}]}}