{"id":674,"date":"2024-10-10T16:58:26","date_gmt":"2024-10-10T08:58:26","guid":{"rendered":"https:\/\/simpo-datatec.com\/?post_type=product&#038;p=674"},"modified":"2025-08-09T14:54:12","modified_gmt":"2025-08-09T06:54:12","slug":"k30-kiosk","status":"publish","type":"product","link":"https:\/\/simpo-datatec.com\/it\/products\/display-size\/21-5\/k30-kiosk\/","title":{"rendered":"Chiosco K30"},"content":{"rendered":"<table width=\"864\">\n<tbody>\n<tr>\n<td width=\"247\">Articolo<\/td>\n<td colspan=\"2\" width=\"616\">Parametri<\/td>\n<\/tr>\n<tr>\n<td width=\"247\">CPU<\/td>\n<td colspan=\"2\" width=\"616\">RK3568 ARM-Cortex A55 \/Core-i3 Gen8\/ Intel Celeron J6412 Quad Core 1.5M<\/td>\n<\/tr>\n<tr>\n<td width=\"247\">RAM<\/td>\n<td colspan=\"2\" width=\"616\">2G\/8G (Android\/Windows)<\/td>\n<\/tr>\n<tr>\n<td width=\"247\">Disco rigido<\/td>\n<td colspan=\"2\" width=\"616\">SSD 16G\/128G (Android\/Windows)<\/td>\n<\/tr>\n<tr>\n<td width=\"247\">Supporto per il sistema operativo (escluso il sistema operativo)<\/td>\n<td colspan=\"2\" width=\"616\">Android 11, Windows XP\/7\/8\/10, Linux<\/td>\n<\/tr>\n<tr>\n<td width=\"247\">Schermo di visualizzazione<\/td>\n<td colspan=\"2\" width=\"616\">Schermo TFT-LCD da 21,5 pollici<\/td>\n<\/tr>\n<tr>\n<td width=\"247\">Risoluzione<\/td>\n<td colspan=\"2\" width=\"616\">Risoluzione: 1920*1080<\/td>\n<\/tr>\n<tr>\n<td width=\"247\">Schermo tattile<\/td>\n<td colspan=\"2\" width=\"616\">Touch screen capacitivo multi-touch a tutto schermo<\/td>\n<\/tr>\n<tr>\n<td width=\"247\">Interfaccia (Windows)<\/td>\n<td colspan=\"2\" width=\"616\">COM*1, HDMI*1, RJ45*1, DC-IN*1, MIC*1, uscita audio*1, USB*4<\/td>\n<\/tr>\n<tr>\n<td width=\"247\">Interfaccia (Android)<\/td>\n<td colspan=\"2\" width=\"616\">COM*1, USB*4, RJ45*1, TF Card*1, DC-IN*1, uscita audio*1<\/td>\n<\/tr>\n<tr>\n<td width=\"247\">Stampante<\/td>\n<td colspan=\"2\" width=\"616\">Stampante termica con taglio auoto da 80 mm<\/td>\n<\/tr>\n<tr>\n<td width=\"247\">Scanner<\/td>\n<td colspan=\"2\" width=\"616\">Scanner 2D<\/td>\n<\/tr>\n<tr>\n<td width=\"247\">Altoparlante<\/td>\n<td colspan=\"2\" width=\"616\">4\u03a9 3W*2<\/td>\n<\/tr>\n<tr>\n<td width=\"247\">Colore<\/td>\n<td colspan=\"2\" width=\"616\">Nero\/Bianco<\/td>\n<\/tr>\n<tr>\n<td colspan=\"3\">Altri<\/td>\n<\/tr>\n<tr>\n<td>Certificati<\/td>\n<td colspan=\"2\">CE, ROHS, FCC, CCC<\/td>\n<\/tr>\n<tr>\n<td width=\"247\">Temperatura di esercizio<\/td>\n<td colspan=\"2\" width=\"616\">0\u2103-50\u2103<\/td>\n<\/tr>\n<tr>\n<td width=\"247\">Temperatura di stoccaggio<\/td>\n<td colspan=\"2\" width=\"616\">- 20\u2103~60\u2103<\/td>\n<\/tr>\n<tr>\n<td width=\"247\">Umidit\u00e0<\/td>\n<td colspan=\"2\" width=\"616\">10%~90%<\/td>\n<\/tr>\n<tr>\n<td>Alimentazione<\/td>\n<td colspan=\"2\">adattatore di alimentazione esterno 12V 5A<\/td>\n<\/tr>\n<tr>\n<td colspan=\"3\">Campi di applicazione<\/td>\n<\/tr>\n<tr>\n<td colspan=\"3\">Ristoranti, commercio al dettaglio, supermercati, F&amp;B, logistica, ecc.<\/td>\n<\/tr>\n<tr>\n<td colspan=\"3\">Imballaggio<\/td>\n<\/tr>\n<tr>\n<td>N.W<\/td>\n<td colspan=\"2\" width=\"616\">8KG<\/td>\n<\/tr>\n<tr>\n<td>G.W<\/td>\n<td colspan=\"2\" width=\"616\">9,5 kg<\/td>\n<\/tr>\n<tr>\n<td>Dimensioni del cartone<\/td>\n<td colspan=\"2\" width=\"616\">92*20*45cm<\/td>\n<\/tr>\n<\/tbody>\n<\/table>\n<p>&nbsp;<\/p>\n<p>SIMPO-DATA \u00e8 un produttore leader di alta tecnologia che si dedica alla ricerca e allo sviluppo, alla produzione, alla vendita e all'assistenza di sistemi POS (Point of Sale) avanzati. Con oltre un decennio di profonda esperienza nel settore, abbiamo costruito una solida reputazione per la fornitura di soluzioni POS affidabili, innovative e ad alte prestazioni ai clienti di tutto il mondo.<\/p>\n<p>Sin dalla nostra fondazione, abbiamo aderito alla filosofia aziendale \"La qualit\u00e0 crea il mercato, l'innovazione crea il futuro\". Questo impegno ci spinge a migliorare continuamente i nostri prodotti e ad ampliare la nostra offerta per soddisfare le diverse esigenze dei mercati globali. Il nostro portafoglio prodotti copre un'ampia gamma di settori, tra cui la vendita al dettaglio, la ristorazione, i supermercati, l'ospitalit\u00e0, gli alimenti e le bevande e la logistica. Che si tratti di una piccola impresa o della gestione di una grande catena, SIMPO-DATA ha la soluzione POS giusta per voi.<\/p>\n<p>Ampia gamma di prodotti<br \/>\nLa nostra linea di prodotti POS comprende terminali POS all-in-one, monitor touch screen, stampanti termiche per ricevute, scanner per codici a barre, cassetti per contanti e dispositivi POS mobili. Forniamo sistemi POS completi e integrati, oltre a singoli componenti, per consentirvi di personalizzare la soluzione pi\u00f9 adatta al vostro modello di business.<a href=\"https:\/\/simpo-datatec.com\/it\/products\/\" target=\"_blank\" rel=\"noopener\">Fare clic qui per visualizzare altri prodotti.<\/a><\/p>\n<p>L'innovazione al centro<br \/>\nIl nostro team professionale di ricerca e sviluppo si impegna a innovare continuamente il design, le prestazioni e l'esperienza dell'utente. Rimanendo al passo con le tendenze del mercato e i progressi tecnologici, assicuriamo che i prodotti SIMPO-DATA rimangano competitivi e pronti per il futuro. Ogni prodotto \u00e8 sviluppato con un'attenta cura dei dettagli, dal design ergonomico alle interfacce intuitive, dalle prestazioni stabili del sistema all'efficienza energetica.<\/p>\n<p>Qualit\u00e0 di cui ci si pu\u00f2 fidare<br \/>\nLa qualit\u00e0 \u00e8 la nostra priorit\u00e0 assoluta. Dalla selezione delle materie prime alla produzione finale, ogni fase \u00e8 soggetta a rigorose procedure di controllo della qualit\u00e0. I nostri impianti di produzione sono dotati di attrezzature di prova avanzate per garantire che ogni prodotto soddisfi gli standard di qualit\u00e0 internazionali e offra prestazioni durature.<\/p>\n<p>Servizio e assistenza globale<br \/>\nIn SIMPO-DATA non ci limitiamo a vendere prodotti, ma forniamo soluzioni end-to-end e un affidabile supporto post-vendita. Il nostro team di ingegneri esperti e di specialisti del servizio clienti \u00e8 pronto ad assistervi nell'installazione, nella formazione, nella manutenzione e nel supporto tecnico. Il nostro obiettivo \u00e8 aiutare i nostri partner a massimizzare l'efficienza, ridurre i costi e migliorare la soddisfazione dei clienti.<\/p>\n<p>Perch\u00e9 scegliere SIMPO-DATA?<\/p>\n<p>Oltre 10 anni di esperienza nel settore dei POS<\/p>\n<p>Forti capacit\u00e0 di ricerca e sviluppo con innovazione continua<\/p>\n<p>Una gamma completa di prodotti che copre diversi settori<\/p>\n<p>Controllo di qualit\u00e0 rigoroso e conformit\u00e0 agli standard internazionali<\/p>\n<p>Team professionale di vendita e assistenza tecnica globale<\/p>\n<p>Collaborate con SIMPO-DATA e lasciate che le nostre soluzioni POS diano potere alle vostre operazioni commerciali. Insieme, possiamo aiutarvi a snellire le transazioni, migliorare l'efficienza operativa e offrire ai clienti esperienze eccezionali.<\/p>","protected":false},"excerpt":{"rendered":"<p>Semplificare le operazioni con i chioschi self-service<br \/>\nRisparmio di manodopera<br \/>\nSemplificare il processo di ordinazione<br \/>\nCampi di applicazione per ristoranti, negozi, supermercati, F&amp;B, logistica, ecc.<\/p>","protected":false},"featured_media":675,"comment_status":"open","ping_status":"closed","template":"","meta":[],"product_brand":[],"product_cat":[200,183,181,174,195,185,17,190,180],"product_tag":[],"class_list":{"0":"post-674","1":"product","2":"type-product","3":"status-publish","4":"has-post-thumbnail","6":"product_cat-21-5","7":"product_cat-all-in-one-pos","8":"product_cat-android-pos","9":"product_cat-pos-system","10":"product_cat-rk3568","11":"product_cat-self-service-kiosk","12":"product_cat-uncategorized","13":"product_cat-wall-mounted-pos-system","14":"product_cat-windows-pos","16":"first","17":"instock","18":"shipping-taxable","19":"product-type-simple"},"yoast_head":"<!-- This site is optimized with the Yoast SEO plugin v27.3 - https:\/\/yoast.com\/product\/yoast-seo-wordpress\/ -->\n<title>K30 Kiosk - simpo-datatec.com<\/title>\n<meta name=\"description\" content=\"K30 Kiosk - all-in-one POS terminals, touch screen monitors, thermal receipt printers, barcode scanners, cash drawers, and mobile POS devices\" \/>\n<meta name=\"robots\" content=\"index, follow, max-snippet:-1, max-image-preview:large, max-video-preview:-1\" \/>\n<link rel=\"canonical\" href=\"https:\/\/simpo-datatec.com\/it\/products\/display-size\/21-5\/k30-kiosk\/\" \/>\n<meta property=\"og:locale\" content=\"it_IT\" \/>\n<meta property=\"og:type\" content=\"article\" \/>\n<meta property=\"og:title\" content=\"K30 Kiosk - simpo-datatec.com\" \/>\n<meta property=\"og:description\" content=\"K30 Kiosk - all-in-one POS terminals, touch screen monitors, thermal receipt printers, barcode scanners, cash drawers, and mobile POS devices\" \/>\n<meta property=\"og:url\" content=\"https:\/\/simpo-datatec.com\/it\/products\/display-size\/21-5\/k30-kiosk\/\" \/>\n<meta property=\"og:site_name\" content=\"simpo-datatec.com\" \/>\n<meta property=\"article:modified_time\" content=\"2025-08-09T06:54:12+00:00\" \/>\n<meta property=\"og:image\" content=\"https:\/\/simpo-datatec.com\/wp-content\/uploads\/2024\/10\/1-500x500-5.jpg\" \/>\n\t<meta property=\"og:image:width\" content=\"500\" \/>\n\t<meta property=\"og:image:height\" content=\"500\" \/>\n\t<meta property=\"og:image:type\" content=\"image\/jpeg\" \/>\n<meta name=\"twitter:card\" content=\"summary_large_image\" \/>\n<meta name=\"twitter:label1\" content=\"Tempo di lettura stimato\" \/>\n\t<meta name=\"twitter:data1\" content=\"3 minuti\" \/>\n<script type=\"application\/ld+json\" class=\"yoast-schema-graph\">{\"@context\":\"https:\\\/\\\/schema.org\",\"@graph\":[{\"@type\":\"WebPage\",\"@id\":\"https:\\\/\\\/simpo-datatec.com\\\/fr\\\/products\\\/display-size\\\/21-5\\\/k30-kiosk\\\/\",\"url\":\"https:\\\/\\\/simpo-datatec.com\\\/fr\\\/products\\\/display-size\\\/21-5\\\/k30-kiosk\\\/\",\"name\":\"K30 Kiosk - simpo-datatec.com\",\"isPartOf\":{\"@id\":\"https:\\\/\\\/simpo-datatec.com\\\/#website\"},\"primaryImageOfPage\":{\"@id\":\"https:\\\/\\\/simpo-datatec.com\\\/fr\\\/products\\\/display-size\\\/21-5\\\/k30-kiosk\\\/#primaryimage\"},\"image\":{\"@id\":\"https:\\\/\\\/simpo-datatec.com\\\/fr\\\/products\\\/display-size\\\/21-5\\\/k30-kiosk\\\/#primaryimage\"},\"thumbnailUrl\":\"https:\\\/\\\/simpo-datatec.com\\\/wp-content\\\/uploads\\\/2024\\\/10\\\/1-500x500-5.jpg\",\"datePublished\":\"2024-10-10T08:58:26+00:00\",\"dateModified\":\"2025-08-09T06:54:12+00:00\",\"description\":\"K30 Kiosk - all-in-one POS terminals, touch screen monitors, thermal receipt printers, barcode scanners, cash drawers, and mobile POS devices\",\"breadcrumb\":{\"@id\":\"https:\\\/\\\/simpo-datatec.com\\\/fr\\\/products\\\/display-size\\\/21-5\\\/k30-kiosk\\\/#breadcrumb\"},\"inLanguage\":\"it-IT\",\"potentialAction\":[{\"@type\":\"ReadAction\",\"target\":[\"https:\\\/\\\/simpo-datatec.com\\\/fr\\\/products\\\/display-size\\\/21-5\\\/k30-kiosk\\\/\"]}]},{\"@type\":\"ImageObject\",\"inLanguage\":\"it-IT\",\"@id\":\"https:\\\/\\\/simpo-datatec.com\\\/fr\\\/products\\\/display-size\\\/21-5\\\/k30-kiosk\\\/#primaryimage\",\"url\":\"https:\\\/\\\/simpo-datatec.com\\\/wp-content\\\/uploads\\\/2024\\\/10\\\/1-500x500-5.jpg\",\"contentUrl\":\"https:\\\/\\\/simpo-datatec.com\\\/wp-content\\\/uploads\\\/2024\\\/10\\\/1-500x500-5.jpg\",\"width\":500,\"height\":500,\"caption\":\"K30 Kiosk\"},{\"@type\":\"BreadcrumbList\",\"@id\":\"https:\\\/\\\/simpo-datatec.com\\\/fr\\\/products\\\/display-size\\\/21-5\\\/k30-kiosk\\\/#breadcrumb\",\"itemListElement\":[{\"@type\":\"ListItem\",\"position\":1,\"name\":\"\u9996\u9875\",\"item\":\"https:\\\/\\\/simpo-datatec.com\\\/\"},{\"@type\":\"ListItem\",\"position\":2,\"name\":\"Products\",\"item\":\"https:\\\/\\\/simpo-datatec.com\\\/products\\\/\"},{\"@type\":\"ListItem\",\"position\":3,\"name\":\"K30 Kiosk\"}]},{\"@type\":\"WebSite\",\"@id\":\"https:\\\/\\\/simpo-datatec.com\\\/#website\",\"url\":\"https:\\\/\\\/simpo-datatec.com\\\/\",\"name\":\"simpo-datatec.com\",\"description\":\"\",\"potentialAction\":[{\"@type\":\"SearchAction\",\"target\":{\"@type\":\"EntryPoint\",\"urlTemplate\":\"https:\\\/\\\/simpo-datatec.com\\\/?s={search_term_string}\"},\"query-input\":{\"@type\":\"PropertyValueSpecification\",\"valueRequired\":true,\"valueName\":\"search_term_string\"}}],\"inLanguage\":\"it-IT\"}]}<\/script>\n<!-- \/ Yoast SEO plugin. -->","yoast_head_json":{"title":"K30 Kiosk - simpo-datatec.com","description":"K30 Kiosk - all-in-one POS terminals, touch screen monitors, thermal receipt printers, barcode scanners, cash drawers, and mobile POS devices","robots":{"index":"index","follow":"follow","max-snippet":"max-snippet:-1","max-image-preview":"max-image-preview:large","max-video-preview":"max-video-preview:-1"},"canonical":"https:\/\/simpo-datatec.com\/it\/products\/display-size\/21-5\/k30-kiosk\/","og_locale":"it_IT","og_type":"article","og_title":"K30 Kiosk - simpo-datatec.com","og_description":"K30 Kiosk - all-in-one POS terminals, touch screen monitors, thermal receipt printers, barcode scanners, cash drawers, and mobile POS devices","og_url":"https:\/\/simpo-datatec.com\/it\/products\/display-size\/21-5\/k30-kiosk\/","og_site_name":"simpo-datatec.com","article_modified_time":"2025-08-09T06:54:12+00:00","og_image":[{"width":500,"height":500,"url":"https:\/\/simpo-datatec.com\/wp-content\/uploads\/2024\/10\/1-500x500-5.jpg","type":"image\/jpeg"}],"twitter_card":"summary_large_image","twitter_misc":{"Tempo di lettura stimato":"3 minuti"},"schema":{"@context":"https:\/\/schema.org","@graph":[{"@type":"WebPage","@id":"https:\/\/simpo-datatec.com\/fr\/products\/display-size\/21-5\/k30-kiosk\/","url":"https:\/\/simpo-datatec.com\/fr\/products\/display-size\/21-5\/k30-kiosk\/","name":"K30 Kiosk - simpo-datatec.com","isPartOf":{"@id":"https:\/\/simpo-datatec.com\/#website"},"primaryImageOfPage":{"@id":"https:\/\/simpo-datatec.com\/fr\/products\/display-size\/21-5\/k30-kiosk\/#primaryimage"},"image":{"@id":"https:\/\/simpo-datatec.com\/fr\/products\/display-size\/21-5\/k30-kiosk\/#primaryimage"},"thumbnailUrl":"https:\/\/simpo-datatec.com\/wp-content\/uploads\/2024\/10\/1-500x500-5.jpg","datePublished":"2024-10-10T08:58:26+00:00","dateModified":"2025-08-09T06:54:12+00:00","description":"K30 Kiosk - all-in-one POS terminals, touch screen monitors, thermal receipt printers, barcode scanners, cash drawers, and mobile POS devices","breadcrumb":{"@id":"https:\/\/simpo-datatec.com\/fr\/products\/display-size\/21-5\/k30-kiosk\/#breadcrumb"},"inLanguage":"it-IT","potentialAction":[{"@type":"ReadAction","target":["https:\/\/simpo-datatec.com\/fr\/products\/display-size\/21-5\/k30-kiosk\/"]}]},{"@type":"ImageObject","inLanguage":"it-IT","@id":"https:\/\/simpo-datatec.com\/fr\/products\/display-size\/21-5\/k30-kiosk\/#primaryimage","url":"https:\/\/simpo-datatec.com\/wp-content\/uploads\/2024\/10\/1-500x500-5.jpg","contentUrl":"https:\/\/simpo-datatec.com\/wp-content\/uploads\/2024\/10\/1-500x500-5.jpg","width":500,"height":500,"caption":"K30 Kiosk"},{"@type":"BreadcrumbList","@id":"https:\/\/simpo-datatec.com\/fr\/products\/display-size\/21-5\/k30-kiosk\/#breadcrumb","itemListElement":[{"@type":"ListItem","position":1,"name":"\u9996\u9875","item":"https:\/\/simpo-datatec.com\/"},{"@type":"ListItem","position":2,"name":"Products","item":"https:\/\/simpo-datatec.com\/products\/"},{"@type":"ListItem","position":3,"name":"K30 Kiosk"}]},{"@type":"WebSite","@id":"https:\/\/simpo-datatec.com\/#website","url":"https:\/\/simpo-datatec.com\/","name":"simpo-datatec.com","description":"","potentialAction":[{"@type":"SearchAction","target":{"@type":"EntryPoint","urlTemplate":"https:\/\/simpo-datatec.com\/?s={search_term_string}"},"query-input":{"@type":"PropertyValueSpecification","valueRequired":true,"valueName":"search_term_string"}}],"inLanguage":"it-IT"}]}},"_links":{"self":[{"href":"https:\/\/simpo-datatec.com\/it\/wp-json\/wp\/v2\/product\/674","targetHints":{"allow":["GET"]}}],"collection":[{"href":"https:\/\/simpo-datatec.com\/it\/wp-json\/wp\/v2\/product"}],"about":[{"href":"https:\/\/simpo-datatec.com\/it\/wp-json\/wp\/v2\/types\/product"}],"replies":[{"embeddable":true,"href":"https:\/\/simpo-datatec.com\/it\/wp-json\/wp\/v2\/comments?post=674"}],"wp:featuredmedia":[{"embeddable":true,"href":"https:\/\/simpo-datatec.com\/it\/wp-json\/wp\/v2\/media\/675"}],"wp:attachment":[{"href":"https:\/\/simpo-datatec.com\/it\/wp-json\/wp\/v2\/media?parent=674"}],"wp:term":[{"taxonomy":"product_brand","embeddable":true,"href":"https:\/\/simpo-datatec.com\/it\/wp-json\/wp\/v2\/product_brand?post=674"},{"taxonomy":"product_cat","embeddable":true,"href":"https:\/\/simpo-datatec.com\/it\/wp-json\/wp\/v2\/product_cat?post=674"},{"taxonomy":"product_tag","embeddable":true,"href":"https:\/\/simpo-datatec.com\/it\/wp-json\/wp\/v2\/product_tag?post=674"}],"curies":[{"name":"wp","href":"https:\/\/api.w.org\/{rel}","templated":true}]}}