{"id":670,"date":"2024-10-10T16:55:49","date_gmt":"2024-10-10T08:55:49","guid":{"rendered":"https:\/\/simpo-datatec.com\/?post_type=product&#038;p=670"},"modified":"2025-08-09T14:55:07","modified_gmt":"2025-08-09T06:55:07","slug":"d460-cash-drawer","status":"publish","type":"product","link":"https:\/\/simpo-datatec.com\/it\/products\/product\/cash-drawer\/d460-cash-drawer\/","title":{"rendered":"Cassetto portavalori D460"},"content":{"rendered":"<table width=\"587\">\n<tbody>\n<tr>\n<td colspan=\"2\" width=\"327\">Articolo<\/td>\n<td width=\"260\">Parametri<\/td>\n<\/tr>\n<tr>\n<td colspan=\"2\" width=\"327\">Materiale del prodotto (custodia)<\/td>\n<td width=\"260\">Metallo (vernice spray)<\/td>\n<\/tr>\n<tr>\n<td colspan=\"2\" width=\"327\">Pannello del cassetto<\/td>\n<td width=\"260\">Metallo (vernice spray)<\/td>\n<\/tr>\n<tr>\n<td rowspan=\"3\" width=\"208\">Vassoio per monete<\/td>\n<td width=\"118\">Materiale<\/td>\n<td width=\"260\">Plastica ABS<\/td>\n<\/tr>\n<tr>\n<td width=\"118\">Slot per monete<\/td>\n<td width=\"260\">4-8 monete (regolabile)<\/td>\n<\/tr>\n<tr>\n<td width=\"118\">Slot per le banconote<\/td>\n<td width=\"260\">5 banconote (mobili)<\/td>\n<\/tr>\n<tr>\n<td width=\"208\">morsetto per banconote<\/td>\n<td width=\"118\">Standard<\/td>\n<td width=\"260\">Elasticit\u00e0 standardizzata dell'acciaio<\/td>\n<\/tr>\n<tr>\n<td colspan=\"2\" width=\"327\">Blocco<\/td>\n<td width=\"260\">3 ingranaggi<\/td>\n<\/tr>\n<tr>\n<td width=\"208\">Chiave<\/td>\n<td width=\"118\">Standard<\/td>\n<td width=\"260\">1 chiave per 1 cassetto<\/td>\n<\/tr>\n<tr>\n<td colspan=\"2\" width=\"327\">Punto di controllo<\/td>\n<td width=\"260\">uno<\/td>\n<\/tr>\n<tr>\n<td colspan=\"2\" width=\"327\">Interfaccia<\/td>\n<td width=\"260\">RJ9\/RJ11\/RJ12\/RS232\/USB<\/td>\n<\/tr>\n<tr>\n<td colspan=\"2\" width=\"327\">tensione<\/td>\n<td width=\"260\">12V - 24V DC (\u00b1 10%)<\/td>\n<\/tr>\n<tr>\n<td colspan=\"2\" width=\"327\">corrente<\/td>\n<td width=\"260\">&lt; 1.0A<\/td>\n<\/tr>\n<tr>\n<td colspan=\"2\" width=\"327\">Durata dell'impulso<\/td>\n<td width=\"260\">40.....150 ms<\/td>\n<\/tr>\n<tr>\n<td colspan=\"2\" width=\"327\">Lunghezza del cavo<\/td>\n<td width=\"260\">0.8m<\/td>\n<\/tr>\n<tr>\n<td colspan=\"2\" width=\"327\">Colori<\/td>\n<td width=\"260\">Bianco, nero<\/td>\n<\/tr>\n<tr>\n<td colspan=\"2\" width=\"327\">Dimensione<\/td>\n<td width=\"260\">460 (L) x 410 (L) x 110 (H) MM<\/td>\n<\/tr>\n<tr>\n<td colspan=\"2\" width=\"327\">N\/N<\/td>\n<td width=\"260\">9,2 Kg<\/td>\n<\/tr>\n<tr>\n<td colspan=\"2\" width=\"327\">G\/N<\/td>\n<td width=\"260\">10,0 kg<\/td>\n<\/tr>\n<\/tbody>\n<\/table>\n<p>SIMPO-DATA \u00e8 un produttore leader di alta tecnologia che si dedica alla ricerca e allo sviluppo, alla produzione, alla vendita e all'assistenza di sistemi POS (Point of Sale) avanzati. Con oltre un decennio di profonda esperienza nel settore, abbiamo costruito una solida reputazione per la fornitura di soluzioni POS affidabili, innovative e ad alte prestazioni ai clienti di tutto il mondo.<\/p>\n<p>Sin dalla nostra fondazione, abbiamo aderito alla filosofia aziendale \"La qualit\u00e0 crea il mercato, l'innovazione crea il futuro\". Questo impegno ci spinge a migliorare continuamente i nostri prodotti e ad ampliare la nostra offerta per soddisfare le diverse esigenze dei mercati globali. Il nostro portafoglio prodotti copre un'ampia gamma di settori, tra cui la vendita al dettaglio, la ristorazione, i supermercati, l'ospitalit\u00e0, gli alimenti e le bevande e la logistica. Che si tratti di una piccola impresa o della gestione di una grande catena, SIMPO-DATA ha la soluzione POS giusta per voi.<\/p>\n<p>Ampia gamma di prodotti<br \/>\nLa nostra linea di prodotti POS comprende terminali POS all-in-one, monitor touch screen, stampanti termiche per ricevute, scanner di codici a barre, cassetti per contanti e dispositivi POS mobili. Forniamo sistemi POS completi e integrati, oltre a singoli componenti, per consentirvi di personalizzare la soluzione pi\u00f9 adatta al vostro modello di business.<a href=\"https:\/\/simpo-datatec.com\/it\/products\/\" target=\"_blank\" rel=\"noopener\">Fare clic qui per visualizzare altri prodotti.<\/a><\/p>\n<p>L'innovazione al centro<br \/>\nIl nostro team professionale di ricerca e sviluppo si impegna a innovare continuamente il design, le prestazioni e l'esperienza dell'utente. Rimanendo al passo con le tendenze del mercato e i progressi tecnologici, assicuriamo che i prodotti SIMPO-DATA rimangano competitivi e pronti per il futuro. Ogni prodotto \u00e8 sviluppato con un'attenta cura dei dettagli, dal design ergonomico alle interfacce intuitive, dalle prestazioni stabili del sistema all'efficienza energetica.<\/p>\n<p>Qualit\u00e0 di cui ci si pu\u00f2 fidare<br \/>\nLa qualit\u00e0 \u00e8 la nostra priorit\u00e0 assoluta. Dalla selezione delle materie prime alla produzione finale, ogni fase \u00e8 soggetta a rigorose procedure di controllo della qualit\u00e0. I nostri impianti di produzione sono dotati di attrezzature di prova avanzate per garantire che ogni prodotto soddisfi gli standard di qualit\u00e0 internazionali e offra prestazioni durature.<\/p>\n<p>Servizio e assistenza globale<br \/>\nIn SIMPO-DATA non ci limitiamo a vendere prodotti, ma forniamo soluzioni end-to-end e un affidabile supporto post-vendita. Il nostro team di ingegneri esperti e di specialisti del servizio clienti \u00e8 pronto ad assistervi nell'installazione, nella formazione, nella manutenzione e nel supporto tecnico. Il nostro obiettivo \u00e8 aiutare i nostri partner a massimizzare l'efficienza, ridurre i costi e migliorare la soddisfazione dei clienti.<\/p>\n<p>Perch\u00e9 scegliere SIMPO-DATA?<\/p>\n<p>Oltre 10 anni di esperienza nel settore dei POS<\/p>\n<p>Forti capacit\u00e0 di ricerca e sviluppo con innovazione continua<\/p>\n<p>Una gamma completa di prodotti che copre diversi settori<\/p>\n<p>Controllo di qualit\u00e0 rigoroso e conformit\u00e0 agli standard internazionali<\/p>\n<p>Team professionale di vendita e assistenza tecnica globale<\/p>\n<p>Collaborate con SIMPO-DATA e lasciate che le nostre soluzioni POS diano potere alle vostre operazioni commerciali. Insieme, possiamo aiutarvi a snellire le transazioni, migliorare l'efficienza operativa e offrire ai clienti esperienze eccezionali.<\/p>","protected":false},"excerpt":{"rendered":"<p>Pannello cassetto in metallo<br \/>\nOpzione 5 banconote 4~8 monete<br \/>\n3 Blocco del cambio<br \/>\nVassoio portamonete regolabile<br \/>\nOpzione colore bianco\/nero<\/p>","protected":false},"featured_media":671,"comment_status":"open","ping_status":"closed","template":"","meta":[],"product_brand":[],"product_cat":[177,17],"product_tag":[],"class_list":{"0":"post-670","1":"product","2":"type-product","3":"status-publish","4":"has-post-thumbnail","6":"product_cat-cash-drawer","7":"product_cat-uncategorized","9":"first","10":"instock","11":"shipping-taxable","12":"product-type-simple"},"yoast_head":"<!-- This site is optimized with the Yoast SEO plugin v27.3 - https:\/\/yoast.com\/product\/yoast-seo-wordpress\/ -->\n<title>D460 Cash Drawer - simpo-datatec.com<\/title>\n<meta name=\"description\" content=\"D460 Cash Drawer % - all-in-one POS terminals, touch screen monitors, thermal receipt printers, barcode scanners, cash drawers, and mobile POS devices\" \/>\n<meta name=\"robots\" content=\"index, follow, max-snippet:-1, max-image-preview:large, max-video-preview:-1\" \/>\n<link rel=\"canonical\" href=\"https:\/\/simpo-datatec.com\/it\/products\/product\/cash-drawer\/d460-cash-drawer\/\" \/>\n<meta property=\"og:locale\" content=\"it_IT\" \/>\n<meta property=\"og:type\" content=\"article\" \/>\n<meta property=\"og:title\" content=\"D460 Cash Drawer - simpo-datatec.com\" \/>\n<meta property=\"og:description\" content=\"D460 Cash Drawer % - all-in-one POS terminals, touch screen monitors, thermal receipt printers, barcode scanners, cash drawers, and mobile POS devices\" \/>\n<meta property=\"og:url\" content=\"https:\/\/simpo-datatec.com\/it\/products\/product\/cash-drawer\/d460-cash-drawer\/\" \/>\n<meta property=\"og:site_name\" content=\"simpo-datatec.com\" \/>\n<meta property=\"article:modified_time\" content=\"2025-08-09T06:55:07+00:00\" \/>\n<meta property=\"og:image\" content=\"https:\/\/simpo-datatec.com\/wp-content\/uploads\/2024\/10\/1-500x500-4.jpg\" \/>\n\t<meta property=\"og:image:width\" content=\"500\" \/>\n\t<meta property=\"og:image:height\" content=\"500\" \/>\n\t<meta property=\"og:image:type\" content=\"image\/jpeg\" \/>\n<meta name=\"twitter:card\" content=\"summary_large_image\" \/>\n<meta name=\"twitter:label1\" content=\"Tempo di lettura stimato\" \/>\n\t<meta name=\"twitter:data1\" content=\"3 minuti\" \/>\n<script type=\"application\/ld+json\" class=\"yoast-schema-graph\">{\"@context\":\"https:\\\/\\\/schema.org\",\"@graph\":[{\"@type\":\"WebPage\",\"@id\":\"https:\\\/\\\/simpo-datatec.com\\\/es\\\/products\\\/product\\\/cash-drawer\\\/d460-cash-drawer\\\/\",\"url\":\"https:\\\/\\\/simpo-datatec.com\\\/es\\\/products\\\/product\\\/cash-drawer\\\/d460-cash-drawer\\\/\",\"name\":\"D460 Cash Drawer - simpo-datatec.com\",\"isPartOf\":{\"@id\":\"https:\\\/\\\/simpo-datatec.com\\\/#website\"},\"primaryImageOfPage\":{\"@id\":\"https:\\\/\\\/simpo-datatec.com\\\/es\\\/products\\\/product\\\/cash-drawer\\\/d460-cash-drawer\\\/#primaryimage\"},\"image\":{\"@id\":\"https:\\\/\\\/simpo-datatec.com\\\/es\\\/products\\\/product\\\/cash-drawer\\\/d460-cash-drawer\\\/#primaryimage\"},\"thumbnailUrl\":\"https:\\\/\\\/simpo-datatec.com\\\/wp-content\\\/uploads\\\/2024\\\/10\\\/1-500x500-4.jpg\",\"datePublished\":\"2024-10-10T08:55:49+00:00\",\"dateModified\":\"2025-08-09T06:55:07+00:00\",\"description\":\"D460 Cash Drawer % - all-in-one POS terminals, touch screen monitors, thermal receipt printers, barcode scanners, cash drawers, and mobile POS devices\",\"breadcrumb\":{\"@id\":\"https:\\\/\\\/simpo-datatec.com\\\/es\\\/products\\\/product\\\/cash-drawer\\\/d460-cash-drawer\\\/#breadcrumb\"},\"inLanguage\":\"it-IT\",\"potentialAction\":[{\"@type\":\"ReadAction\",\"target\":[\"https:\\\/\\\/simpo-datatec.com\\\/es\\\/products\\\/product\\\/cash-drawer\\\/d460-cash-drawer\\\/\"]}]},{\"@type\":\"ImageObject\",\"inLanguage\":\"it-IT\",\"@id\":\"https:\\\/\\\/simpo-datatec.com\\\/es\\\/products\\\/product\\\/cash-drawer\\\/d460-cash-drawer\\\/#primaryimage\",\"url\":\"https:\\\/\\\/simpo-datatec.com\\\/wp-content\\\/uploads\\\/2024\\\/10\\\/1-500x500-4.jpg\",\"contentUrl\":\"https:\\\/\\\/simpo-datatec.com\\\/wp-content\\\/uploads\\\/2024\\\/10\\\/1-500x500-4.jpg\",\"width\":500,\"height\":500,\"caption\":\"D460 Cash Drawer\"},{\"@type\":\"BreadcrumbList\",\"@id\":\"https:\\\/\\\/simpo-datatec.com\\\/es\\\/products\\\/product\\\/cash-drawer\\\/d460-cash-drawer\\\/#breadcrumb\",\"itemListElement\":[{\"@type\":\"ListItem\",\"position\":1,\"name\":\"\u9996\u9875\",\"item\":\"https:\\\/\\\/simpo-datatec.com\\\/\"},{\"@type\":\"ListItem\",\"position\":2,\"name\":\"Products\",\"item\":\"https:\\\/\\\/simpo-datatec.com\\\/products\\\/\"},{\"@type\":\"ListItem\",\"position\":3,\"name\":\"D460 Cash Drawer\"}]},{\"@type\":\"WebSite\",\"@id\":\"https:\\\/\\\/simpo-datatec.com\\\/#website\",\"url\":\"https:\\\/\\\/simpo-datatec.com\\\/\",\"name\":\"simpo-datatec.com\",\"description\":\"\",\"potentialAction\":[{\"@type\":\"SearchAction\",\"target\":{\"@type\":\"EntryPoint\",\"urlTemplate\":\"https:\\\/\\\/simpo-datatec.com\\\/?s={search_term_string}\"},\"query-input\":{\"@type\":\"PropertyValueSpecification\",\"valueRequired\":true,\"valueName\":\"search_term_string\"}}],\"inLanguage\":\"it-IT\"}]}<\/script>\n<!-- \/ Yoast SEO plugin. -->","yoast_head_json":{"title":"D460 Cash Drawer - simpo-datatec.com","description":"D460 Cash Drawer % - all-in-one POS terminals, touch screen monitors, thermal receipt printers, barcode scanners, cash drawers, and mobile POS devices","robots":{"index":"index","follow":"follow","max-snippet":"max-snippet:-1","max-image-preview":"max-image-preview:large","max-video-preview":"max-video-preview:-1"},"canonical":"https:\/\/simpo-datatec.com\/it\/products\/product\/cash-drawer\/d460-cash-drawer\/","og_locale":"it_IT","og_type":"article","og_title":"D460 Cash Drawer - simpo-datatec.com","og_description":"D460 Cash Drawer % - all-in-one POS terminals, touch screen monitors, thermal receipt printers, barcode scanners, cash drawers, and mobile POS devices","og_url":"https:\/\/simpo-datatec.com\/it\/products\/product\/cash-drawer\/d460-cash-drawer\/","og_site_name":"simpo-datatec.com","article_modified_time":"2025-08-09T06:55:07+00:00","og_image":[{"width":500,"height":500,"url":"https:\/\/simpo-datatec.com\/wp-content\/uploads\/2024\/10\/1-500x500-4.jpg","type":"image\/jpeg"}],"twitter_card":"summary_large_image","twitter_misc":{"Tempo di lettura stimato":"3 minuti"},"schema":{"@context":"https:\/\/schema.org","@graph":[{"@type":"WebPage","@id":"https:\/\/simpo-datatec.com\/es\/products\/product\/cash-drawer\/d460-cash-drawer\/","url":"https:\/\/simpo-datatec.com\/es\/products\/product\/cash-drawer\/d460-cash-drawer\/","name":"D460 Cash Drawer - simpo-datatec.com","isPartOf":{"@id":"https:\/\/simpo-datatec.com\/#website"},"primaryImageOfPage":{"@id":"https:\/\/simpo-datatec.com\/es\/products\/product\/cash-drawer\/d460-cash-drawer\/#primaryimage"},"image":{"@id":"https:\/\/simpo-datatec.com\/es\/products\/product\/cash-drawer\/d460-cash-drawer\/#primaryimage"},"thumbnailUrl":"https:\/\/simpo-datatec.com\/wp-content\/uploads\/2024\/10\/1-500x500-4.jpg","datePublished":"2024-10-10T08:55:49+00:00","dateModified":"2025-08-09T06:55:07+00:00","description":"D460 Cash Drawer % - all-in-one POS terminals, touch screen monitors, thermal receipt printers, barcode scanners, cash drawers, and mobile POS devices","breadcrumb":{"@id":"https:\/\/simpo-datatec.com\/es\/products\/product\/cash-drawer\/d460-cash-drawer\/#breadcrumb"},"inLanguage":"it-IT","potentialAction":[{"@type":"ReadAction","target":["https:\/\/simpo-datatec.com\/es\/products\/product\/cash-drawer\/d460-cash-drawer\/"]}]},{"@type":"ImageObject","inLanguage":"it-IT","@id":"https:\/\/simpo-datatec.com\/es\/products\/product\/cash-drawer\/d460-cash-drawer\/#primaryimage","url":"https:\/\/simpo-datatec.com\/wp-content\/uploads\/2024\/10\/1-500x500-4.jpg","contentUrl":"https:\/\/simpo-datatec.com\/wp-content\/uploads\/2024\/10\/1-500x500-4.jpg","width":500,"height":500,"caption":"D460 Cash Drawer"},{"@type":"BreadcrumbList","@id":"https:\/\/simpo-datatec.com\/es\/products\/product\/cash-drawer\/d460-cash-drawer\/#breadcrumb","itemListElement":[{"@type":"ListItem","position":1,"name":"\u9996\u9875","item":"https:\/\/simpo-datatec.com\/"},{"@type":"ListItem","position":2,"name":"Products","item":"https:\/\/simpo-datatec.com\/products\/"},{"@type":"ListItem","position":3,"name":"D460 Cash Drawer"}]},{"@type":"WebSite","@id":"https:\/\/simpo-datatec.com\/#website","url":"https:\/\/simpo-datatec.com\/","name":"simpo-datatec.com","description":"","potentialAction":[{"@type":"SearchAction","target":{"@type":"EntryPoint","urlTemplate":"https:\/\/simpo-datatec.com\/?s={search_term_string}"},"query-input":{"@type":"PropertyValueSpecification","valueRequired":true,"valueName":"search_term_string"}}],"inLanguage":"it-IT"}]}},"_links":{"self":[{"href":"https:\/\/simpo-datatec.com\/it\/wp-json\/wp\/v2\/product\/670","targetHints":{"allow":["GET"]}}],"collection":[{"href":"https:\/\/simpo-datatec.com\/it\/wp-json\/wp\/v2\/product"}],"about":[{"href":"https:\/\/simpo-datatec.com\/it\/wp-json\/wp\/v2\/types\/product"}],"replies":[{"embeddable":true,"href":"https:\/\/simpo-datatec.com\/it\/wp-json\/wp\/v2\/comments?post=670"}],"wp:featuredmedia":[{"embeddable":true,"href":"https:\/\/simpo-datatec.com\/it\/wp-json\/wp\/v2\/media\/671"}],"wp:attachment":[{"href":"https:\/\/simpo-datatec.com\/it\/wp-json\/wp\/v2\/media?parent=670"}],"wp:term":[{"taxonomy":"product_brand","embeddable":true,"href":"https:\/\/simpo-datatec.com\/it\/wp-json\/wp\/v2\/product_brand?post=670"},{"taxonomy":"product_cat","embeddable":true,"href":"https:\/\/simpo-datatec.com\/it\/wp-json\/wp\/v2\/product_cat?post=670"},{"taxonomy":"product_tag","embeddable":true,"href":"https:\/\/simpo-datatec.com\/it\/wp-json\/wp\/v2\/product_tag?post=670"}],"curies":[{"name":"wp","href":"https:\/\/api.w.org\/{rel}","templated":true}]}}