{"id":1542,"date":"2026-04-24T23:17:10","date_gmt":"2026-04-24T15:17:10","guid":{"rendered":"https:\/\/simpo-datatec.com\/?post_type=product&#038;p=1542"},"modified":"2026-04-28T18:57:23","modified_gmt":"2026-04-28T10:57:23","slug":"sp-f66-parameters","status":"publish","type":"product","link":"https:\/\/simpo-datatec.com\/it\/prodotto\/sp-f66-parameters\/","title":{"rendered":"SP-F66 Face recognition camera"},"content":{"rendered":"<ul>\n<li>Dotato di un SOC ad alta potenza di calcolo<\/li>\n<li>Sensore di immagine ad ampia dinamica di Sony<\/li>\n<li>Risoluzione immagini 1920*1080@30fps<\/li>\n<li>Supporto della codifica H.265\/H.264<\/li>\n<li>Algoritmo di rilevamento e riconoscimento facciale CNN incorporato di alta precisione<\/li>\n<li>Prestazioni di rilevamento pari a 12 fotogrammi\/secondo, 50 volti\/frame<\/li>\n<li>Supporto per il riconoscimento della gamma, dell'et\u00e0, del sesso, degli occhiali, dei cappelli, delle maschere e delle barbe,<\/li>\n<\/ul>\n<p>categorie di abbigliamento, acconciature, emozioni, ecc.<\/p>\n<ul>\n<li>Integrare il rilevamento dei volti, il tracciamento, il punteggio, la deduplicazione, la selezione e il riconoscimento.<\/li>\n<li>Libreria di volti offline 50.000, tasso di riconoscimento fino al 98,5%<\/li>\n<li>Supporto di 2 configurazioni di librerie di facce, whitelist e blacklist<\/li>\n<li>Supporto estraneo, lista nera o promemoria allarme VIP<\/li>\n<li>Supporto del promemoria per il pedinamento degli estranei (emissione di un messaggio vocale quando vengono visualizzati contemporaneamente whitelist e estranei).<\/li>\n<li>Supporto dell'interruttore di rilevamento della vivacit\u00e0 (alcune foto possono essere filtrate dopo l'attivazione, e la velocit\u00e0 di riconoscimento del volto sar\u00e0 rallentata)<\/li>\n<li>Supporto del promemoria per il rilevamento dell'uso della maschera (deve essere indossata una maschera per il confronto dopo l'accensione)<\/li>\n<li>Promemoria vocale del personale di supporto (impostazione della soglia numerica del personale di supporto 2-10)<\/li>\n<li>Supporta la memorizzazione locale di 100.000 record di passaggio, che possono essere interrogati ed esportati dal client locale.<\/li>\n<li>Funzione di memorizzazione incorporata per soddisfare la funzione di ripresa della trasmissione dopo la disconnessione<\/li>\n<li>Support multiple stretching in the range of 2.8-12mm, automatic focus, preset point cruise etc<\/li>\n<li>Luce di riempimento a infrarossi, acquisizione normale e confronto in visione notturna<\/li>\n<li>Supporto ONVIF, GB28181, HTTP, GA\/T1400, WebSocket, Mqtt e altri protocolli di settore.<\/li>\n<li>Sistema aperto, supporto all'integrazione dei progetti e allo sviluppo secondario<\/li>\n<\/ul>\n<p>&nbsp;<\/p>\n<p><strong><b>SP-F66<\/b><\/strong><\/p>\n<p>La telecamera di rete ad alta definizione con riconoscimento facciale da 2 megapixel supporta 1 uscita audio, 1 uscita di segnale a rel\u00e8 e altre funzioni. (Alimentazione + rete + uscita rel\u00e8 + uscita allarme audio)<\/p>\n<p>&nbsp;<\/p>\n<table>\n<tbody>\n<tr>\n<td colspan=\"3\" width=\"168\">Modello<\/td>\n<td width=\"548\">F66<\/td>\n<\/tr>\n<tr>\n<td colspan=\"4\" width=\"716\"><strong><b>Macchina fotografica<\/b><\/strong><\/td>\n<\/tr>\n<tr>\n<td rowspan=\"9\" width=\"73\">Rilevamento e cattura<\/td>\n<td colspan=\"2\" width=\"95\">Angolo di installazione<\/td>\n<td width=\"548\">Su-gi\u00f9 non pi\u00f9 di 15\u00b0<\/td>\n<\/tr>\n<tr>\n<td colspan=\"2\" width=\"95\">Pixel minimo<\/td>\n<td width=\"548\">60*60<\/td>\n<\/tr>\n<tr>\n<td colspan=\"2\" width=\"95\">Sensibilit\u00e0 di rilevamento<\/td>\n<td width=\"548\">Supporto<\/td>\n<\/tr>\n<tr>\n<td colspan=\"2\" width=\"95\">Prestazioni di rilevamento<\/td>\n<td width=\"548\">50 frames detected, 20 people compared in the same frame, recognition distance range 1-8m<\/td>\n<\/tr>\n<tr>\n<td colspan=\"2\" width=\"95\">Cornice del viso<\/td>\n<td width=\"548\">Supporto<\/td>\n<\/tr>\n<tr>\n<td colspan=\"2\" width=\"95\">Armatura dell'area<\/td>\n<td width=\"548\">Supporto<\/td>\n<\/tr>\n<tr>\n<td colspan=\"2\" width=\"95\">Modalit\u00e0 di cattura e confronto<\/td>\n<td width=\"548\">Fisso, ogni ID viene confrontato una sola volta<\/td>\n<\/tr>\n<tr>\n<td colspan=\"2\" width=\"95\">Soglia di qualit\u00e0 del volto<\/td>\n<td width=\"548\">Regolabile<\/td>\n<\/tr>\n<tr>\n<td colspan=\"2\" width=\"95\">Caricamento dell'immagine<\/td>\n<td width=\"548\">FTP\/HTTP\/GA-T1400<\/td>\n<\/tr>\n<tr>\n<td rowspan=\"5\" width=\"73\">Corrispondenza dei volti<\/td>\n<td colspan=\"2\" width=\"95\">Elenco in bianco e nero<\/td>\n<td width=\"548\">Supporto<\/td>\n<\/tr>\n<tr>\n<td colspan=\"2\" width=\"95\">Elenco VIP<\/td>\n<td width=\"548\">Supporto<\/td>\n<\/tr>\n<tr>\n<td colspan=\"2\" width=\"95\">Database dei profili<\/td>\n<td width=\"548\">50000 profili<\/td>\n<\/tr>\n<tr>\n<td colspan=\"2\" width=\"95\">Tempo di risposta<\/td>\n<td width=\"548\">&lt;500ms<\/td>\n<\/tr>\n<tr>\n<td colspan=\"2\" width=\"95\">Precisione<\/td>\n<td width=\"548\">&gt;98,5%<\/td>\n<\/tr>\n<tr>\n<td colspan=\"3\" width=\"168\">Sensore di immagine<\/td>\n<td width=\"548\">1\/2,8\u201d 2,0M SONY CMOS IMX327<\/td>\n<\/tr>\n<tr>\n<td colspan=\"3\" width=\"168\">Pixel<\/td>\n<td width=\"548\">1920(H)\u00d71080(V)<\/td>\n<\/tr>\n<tr>\n<td colspan=\"3\" width=\"168\">Tecnologia WDR<\/td>\n<td width=\"548\">Adattivo intelligente<\/td>\n<\/tr>\n<tr>\n<td colspan=\"3\" width=\"168\">Illuminazione minima<\/td>\n<td width=\"548\">0,001lux<\/td>\n<\/tr>\n<tr>\n<td colspan=\"3\" width=\"168\">Rapporto S\/N<\/td>\n<td width=\"548\">\u226550dB (AGC OFF)<\/td>\n<\/tr>\n<tr>\n<td colspan=\"3\" width=\"168\">Modalit\u00e0 di esposizione<\/td>\n<td width=\"548\">Esposizione automatica, BLC<\/td>\n<\/tr>\n<tr>\n<td colspan=\"4\" width=\"716\"><strong><b>Interfaccia <\/b><\/strong><\/td>\n<\/tr>\n<tr>\n<td colspan=\"3\" width=\"168\">Stoccaggio locale<\/td>\n<td width=\"548\">Opzionale<\/td>\n<\/tr>\n<tr>\n<td colspan=\"3\" width=\"168\">Interfaccia di rete<\/td>\n<td width=\"548\">Adattamento alla rete 10\/100M, adattatore RJ45<\/td>\n<\/tr>\n<tr>\n<td colspan=\"3\" width=\"168\">Interfaccia di allarme<\/td>\n<td width=\"548\">Uscita a rel\u00e8 a 1 canale<\/td>\n<\/tr>\n<tr>\n<td colspan=\"4\" width=\"716\"><strong><b>Standard di compressione<\/b><\/strong><\/td>\n<\/tr>\n<tr>\n<td colspan=\"3\" width=\"168\">Codifica video<\/td>\n<td width=\"548\">H.265 Profilo principale \/ H.264 Profilo alto<\/td>\n<\/tr>\n<tr>\n<td colspan=\"2\" rowspan=\"2\" width=\"82\">Risoluzione<\/td>\n<td width=\"85\">Flusso principale<\/td>\n<td width=\"548\">1920\u00d71080\u30011280\u00d7960\u30011280\u00d7720<\/td>\n<\/tr>\n<tr>\n<td width=\"85\">Flusso secondario<\/td>\n<td width=\"548\">704*576\u3001640\u00d7480\u3001352\u00d7288<\/td>\n<\/tr>\n<tr>\n<td colspan=\"3\" width=\"168\">Velocit\u00e0 di codifica della compressione video<\/td>\n<td width=\"548\">128Kbps\uff5e8Mbps (regolabile manualmente)\uff0csupporto CBR\/VBR<\/td>\n<\/tr>\n<tr>\n<td colspan=\"3\" width=\"168\">Audio<\/td>\n<td width=\"548\">Uscita a 1 canale<\/td>\n<\/tr>\n<tr>\n<td colspan=\"3\" width=\"168\">OSD<\/td>\n<td width=\"548\">Supporto del nome del canale, della data e dell'ora, dell'impostazione della posizione<\/td>\n<\/tr>\n<tr>\n<td colspan=\"4\" width=\"716\"><strong><b>Protocollo di rete<\/b><\/strong><\/td>\n<\/tr>\n<tr>\n<td colspan=\"3\" width=\"168\">Protocolli<\/td>\n<td width=\"548\">TCP\/IP\uff0cPTP\uff0cNTP\uff0cDHCP\uff0cUDP\uff0cSMTP\uff0cRTSP\uff0cDDNS\uff0cDNS\uff0cHTTP<\/td>\n<\/tr>\n<tr>\n<td colspan=\"3\" width=\"168\">Protocollo ONVIF<\/td>\n<td width=\"548\">Supporto<\/td>\n<\/tr>\n<tr>\n<td colspan=\"3\" width=\"168\">Protocollo GB28181<\/td>\n<td width=\"548\">Supporto<\/td>\n<\/tr>\n<tr>\n<td colspan=\"3\" width=\"168\">Compatibilit\u00e0 del protocollo<\/td>\n<td width=\"548\">Standard ONVIF, GB28181<\/td>\n<\/tr>\n<tr>\n<td colspan=\"3\" width=\"168\">Accesso remoto mobile<\/td>\n<td width=\"548\">Supporta gli smartphone Android e IOS<\/td>\n<\/tr>\n<tr>\n<td colspan=\"4\" width=\"716\"><strong><b>Parametri generali <\/b><\/strong><\/td>\n<\/tr>\n<tr>\n<td colspan=\"3\" width=\"168\">Potenza<\/td>\n<td width=\"548\">DC 12V 2A<\/td>\n<\/tr>\n<tr>\n<td colspan=\"3\" width=\"168\">Lente<\/td>\n<td width=\"548\">Motorized, Vari-focal, Remote Focus 2.8-12mm<\/td>\n<\/tr>\n<tr>\n<td colspan=\"3\" width=\"168\">Temperatura e umidit\u00e0 di esercizio<\/td>\n<td width=\"548\">-30\u2103~60\u2103, umidit\u00e0 inferiore a 95% (senza condensa)<\/td>\n<\/tr>\n<tr>\n<td colspan=\"3\" width=\"168\">Grado di impermeabilit\u00e0<\/td>\n<td width=\"548\">IP66<\/td>\n<\/tr>\n<tr>\n<td colspan=\"3\" width=\"168\">Metodo di installazione<\/td>\n<td width=\"548\">Sospeso o a parete<\/td>\n<\/tr>\n<\/tbody>\n<\/table>","protected":false},"excerpt":{"rendered":"<p>Face Recognition Camera, Employee Clock in Camera, Employee Clock out Camera, Time Clock in Camera, Biometric Time Clock, Touchless Clock-in System, Facial Recognition Time Attendance<\/p>","protected":false},"featured_media":1543,"template":"","meta":[],"product_brand":[],"product_cat":[271,17],"product_tag":[307,304,305,298,309,306,308],"class_list":{"0":"post-1542","1":"product","2":"type-product","3":"status-publish","4":"has-post-thumbnail","6":"product_cat-face-recognition-time-attendence-camera","7":"product_cat-uncategorized","8":"product_tag-biometric-time-clock","9":"product_tag-employee-clock-in-camera","10":"product_tag-employee-clock-out-camera","11":"product_tag-face-recognition-camera","12":"product_tag-facial-recognition-time-attendance","13":"product_tag-time-clock-in-camera","14":"product_tag-touchless-clock-in-system","16":"first","17":"instock","18":"shipping-taxable","19":"product-type-simple"},"yoast_head":"<!-- This site is optimized with the Yoast SEO plugin v27.3 - https:\/\/yoast.com\/product\/yoast-seo-wordpress\/ -->\n<title>SP-F66 Face recognition camera - simpo-datatec.com<\/title>\n<meta name=\"description\" content=\"Face Recognition Camera, Employee Clock in Camera, Employee Clock out Camera, Time Clock in Camera, Biometric Time Clock, Touchless Clock-in System, Facial Recognition Time Attendance\" \/>\n<meta name=\"robots\" content=\"index, follow, max-snippet:-1, max-image-preview:large, max-video-preview:-1\" \/>\n<link rel=\"canonical\" href=\"https:\/\/simpo-datatec.com\/it\/prodotto\/sp-f66-parameters\/\" \/>\n<meta property=\"og:locale\" content=\"it_IT\" \/>\n<meta property=\"og:type\" content=\"article\" \/>\n<meta property=\"og:title\" content=\"SP-F66 Face recognition camera - simpo-datatec.com\" \/>\n<meta property=\"og:description\" content=\"Face Recognition Camera, Employee Clock in Camera, Employee Clock out Camera, Time Clock in Camera, Biometric Time Clock, Touchless Clock-in System, Facial Recognition Time Attendance\" \/>\n<meta property=\"og:url\" content=\"https:\/\/simpo-datatec.com\/it\/prodotto\/sp-f66-parameters\/\" \/>\n<meta property=\"og:site_name\" content=\"simpo-datatec.com\" \/>\n<meta property=\"article:modified_time\" content=\"2026-04-28T10:57:23+00:00\" \/>\n<meta property=\"og:image\" content=\"https:\/\/simpo-datatec.com\/wp-content\/uploads\/2026\/04\/10.jpg\" \/>\n\t<meta property=\"og:image:width\" content=\"500\" \/>\n\t<meta property=\"og:image:height\" content=\"500\" \/>\n\t<meta property=\"og:image:type\" content=\"image\/jpeg\" \/>\n<meta name=\"twitter:card\" content=\"summary_large_image\" \/>\n<meta name=\"twitter:label1\" content=\"Tempo di lettura stimato\" \/>\n\t<meta name=\"twitter:data1\" content=\"3 minuti\" \/>\n<script type=\"application\/ld+json\" class=\"yoast-schema-graph\">{\"@context\":\"https:\\\/\\\/schema.org\",\"@graph\":[{\"@type\":\"WebPage\",\"@id\":\"https:\\\/\\\/simpo-datatec.com\\\/product\\\/sp-f66-parameters\\\/\",\"url\":\"https:\\\/\\\/simpo-datatec.com\\\/product\\\/sp-f66-parameters\\\/\",\"name\":\"SP-F66 Face recognition camera - simpo-datatec.com\",\"isPartOf\":{\"@id\":\"https:\\\/\\\/simpo-datatec.com\\\/#website\"},\"primaryImageOfPage\":{\"@id\":\"https:\\\/\\\/simpo-datatec.com\\\/product\\\/sp-f66-parameters\\\/#primaryimage\"},\"image\":{\"@id\":\"https:\\\/\\\/simpo-datatec.com\\\/product\\\/sp-f66-parameters\\\/#primaryimage\"},\"thumbnailUrl\":\"https:\\\/\\\/simpo-datatec.com\\\/wp-content\\\/uploads\\\/2026\\\/04\\\/10.jpg\",\"datePublished\":\"2026-04-24T15:17:10+00:00\",\"dateModified\":\"2026-04-28T10:57:23+00:00\",\"description\":\"Face Recognition Camera, Employee Clock in Camera, Employee Clock out Camera, Time Clock in Camera, Biometric Time Clock, Touchless Clock-in System, Facial Recognition Time Attendance\",\"breadcrumb\":{\"@id\":\"https:\\\/\\\/simpo-datatec.com\\\/product\\\/sp-f66-parameters\\\/#breadcrumb\"},\"inLanguage\":\"it-IT\",\"potentialAction\":[{\"@type\":\"ReadAction\",\"target\":[\"https:\\\/\\\/simpo-datatec.com\\\/product\\\/sp-f66-parameters\\\/\"]}]},{\"@type\":\"ImageObject\",\"inLanguage\":\"it-IT\",\"@id\":\"https:\\\/\\\/simpo-datatec.com\\\/product\\\/sp-f66-parameters\\\/#primaryimage\",\"url\":\"https:\\\/\\\/simpo-datatec.com\\\/wp-content\\\/uploads\\\/2026\\\/04\\\/10.jpg\",\"contentUrl\":\"https:\\\/\\\/simpo-datatec.com\\\/wp-content\\\/uploads\\\/2026\\\/04\\\/10.jpg\",\"width\":500,\"height\":500},{\"@type\":\"BreadcrumbList\",\"@id\":\"https:\\\/\\\/simpo-datatec.com\\\/product\\\/sp-f66-parameters\\\/#breadcrumb\",\"itemListElement\":[{\"@type\":\"ListItem\",\"position\":1,\"name\":\"\u9996\u9875\",\"item\":\"https:\\\/\\\/simpo-datatec.com\\\/\"},{\"@type\":\"ListItem\",\"position\":2,\"name\":\"Products\",\"item\":\"https:\\\/\\\/simpo-datatec.com\\\/products\\\/\"},{\"@type\":\"ListItem\",\"position\":3,\"name\":\"SP-F66 Face recognition camera\"}]},{\"@type\":\"WebSite\",\"@id\":\"https:\\\/\\\/simpo-datatec.com\\\/#website\",\"url\":\"https:\\\/\\\/simpo-datatec.com\\\/\",\"name\":\"simpo-datatec.com\",\"description\":\"\",\"potentialAction\":[{\"@type\":\"SearchAction\",\"target\":{\"@type\":\"EntryPoint\",\"urlTemplate\":\"https:\\\/\\\/simpo-datatec.com\\\/?s={search_term_string}\"},\"query-input\":{\"@type\":\"PropertyValueSpecification\",\"valueRequired\":true,\"valueName\":\"search_term_string\"}}],\"inLanguage\":\"it-IT\"}]}<\/script>\n<!-- \/ Yoast SEO plugin. -->","yoast_head_json":{"title":"SP-F66 Face recognition camera - simpo-datatec.com","description":"Face Recognition Camera, Employee Clock in Camera, Employee Clock out Camera, Time Clock in Camera, Biometric Time Clock, Touchless Clock-in System, Facial Recognition Time Attendance","robots":{"index":"index","follow":"follow","max-snippet":"max-snippet:-1","max-image-preview":"max-image-preview:large","max-video-preview":"max-video-preview:-1"},"canonical":"https:\/\/simpo-datatec.com\/it\/prodotto\/sp-f66-parameters\/","og_locale":"it_IT","og_type":"article","og_title":"SP-F66 Face recognition camera - simpo-datatec.com","og_description":"Face Recognition Camera, Employee Clock in Camera, Employee Clock out Camera, Time Clock in Camera, Biometric Time Clock, Touchless Clock-in System, Facial Recognition Time Attendance","og_url":"https:\/\/simpo-datatec.com\/it\/prodotto\/sp-f66-parameters\/","og_site_name":"simpo-datatec.com","article_modified_time":"2026-04-28T10:57:23+00:00","og_image":[{"width":500,"height":500,"url":"https:\/\/simpo-datatec.com\/wp-content\/uploads\/2026\/04\/10.jpg","type":"image\/jpeg"}],"twitter_card":"summary_large_image","twitter_misc":{"Tempo di lettura stimato":"3 minuti"},"schema":{"@context":"https:\/\/schema.org","@graph":[{"@type":"WebPage","@id":"https:\/\/simpo-datatec.com\/product\/sp-f66-parameters\/","url":"https:\/\/simpo-datatec.com\/product\/sp-f66-parameters\/","name":"SP-F66 Face recognition camera - simpo-datatec.com","isPartOf":{"@id":"https:\/\/simpo-datatec.com\/#website"},"primaryImageOfPage":{"@id":"https:\/\/simpo-datatec.com\/product\/sp-f66-parameters\/#primaryimage"},"image":{"@id":"https:\/\/simpo-datatec.com\/product\/sp-f66-parameters\/#primaryimage"},"thumbnailUrl":"https:\/\/simpo-datatec.com\/wp-content\/uploads\/2026\/04\/10.jpg","datePublished":"2026-04-24T15:17:10+00:00","dateModified":"2026-04-28T10:57:23+00:00","description":"Face Recognition Camera, Employee Clock in Camera, Employee Clock out Camera, Time Clock in Camera, Biometric Time Clock, Touchless Clock-in System, Facial Recognition Time Attendance","breadcrumb":{"@id":"https:\/\/simpo-datatec.com\/product\/sp-f66-parameters\/#breadcrumb"},"inLanguage":"it-IT","potentialAction":[{"@type":"ReadAction","target":["https:\/\/simpo-datatec.com\/product\/sp-f66-parameters\/"]}]},{"@type":"ImageObject","inLanguage":"it-IT","@id":"https:\/\/simpo-datatec.com\/product\/sp-f66-parameters\/#primaryimage","url":"https:\/\/simpo-datatec.com\/wp-content\/uploads\/2026\/04\/10.jpg","contentUrl":"https:\/\/simpo-datatec.com\/wp-content\/uploads\/2026\/04\/10.jpg","width":500,"height":500},{"@type":"BreadcrumbList","@id":"https:\/\/simpo-datatec.com\/product\/sp-f66-parameters\/#breadcrumb","itemListElement":[{"@type":"ListItem","position":1,"name":"\u9996\u9875","item":"https:\/\/simpo-datatec.com\/"},{"@type":"ListItem","position":2,"name":"Products","item":"https:\/\/simpo-datatec.com\/products\/"},{"@type":"ListItem","position":3,"name":"SP-F66 Face recognition camera"}]},{"@type":"WebSite","@id":"https:\/\/simpo-datatec.com\/#website","url":"https:\/\/simpo-datatec.com\/","name":"simpo-datatec.com","description":"","potentialAction":[{"@type":"SearchAction","target":{"@type":"EntryPoint","urlTemplate":"https:\/\/simpo-datatec.com\/?s={search_term_string}"},"query-input":{"@type":"PropertyValueSpecification","valueRequired":true,"valueName":"search_term_string"}}],"inLanguage":"it-IT"}]}},"_links":{"self":[{"href":"https:\/\/simpo-datatec.com\/it\/wp-json\/wp\/v2\/product\/1542","targetHints":{"allow":["GET"]}}],"collection":[{"href":"https:\/\/simpo-datatec.com\/it\/wp-json\/wp\/v2\/product"}],"about":[{"href":"https:\/\/simpo-datatec.com\/it\/wp-json\/wp\/v2\/types\/product"}],"wp:featuredmedia":[{"embeddable":true,"href":"https:\/\/simpo-datatec.com\/it\/wp-json\/wp\/v2\/media\/1543"}],"wp:attachment":[{"href":"https:\/\/simpo-datatec.com\/it\/wp-json\/wp\/v2\/media?parent=1542"}],"wp:term":[{"taxonomy":"product_brand","embeddable":true,"href":"https:\/\/simpo-datatec.com\/it\/wp-json\/wp\/v2\/product_brand?post=1542"},{"taxonomy":"product_cat","embeddable":true,"href":"https:\/\/simpo-datatec.com\/it\/wp-json\/wp\/v2\/product_cat?post=1542"},{"taxonomy":"product_tag","embeddable":true,"href":"https:\/\/simpo-datatec.com\/it\/wp-json\/wp\/v2\/product_tag?post=1542"}],"curies":[{"name":"wp","href":"https:\/\/api.w.org\/{rel}","templated":true}]}}