{"id":1300,"date":"2025-05-13T16:13:10","date_gmt":"2025-05-13T08:13:10","guid":{"rendered":"https:\/\/simpo-datatec.com\/?post_type=product&#038;p=1300"},"modified":"2025-08-09T10:08:25","modified_gmt":"2025-08-09T02:08:25","slug":"s15-2-payment-processing-pos","status":"publish","type":"product","link":"https:\/\/simpo-datatec.com\/it\/products\/resolution\/1366-x-768\/s15-2-payment-processing-pos\/","title":{"rendered":"S15-2 Elaborazione dei pagamenti POS"},"content":{"rendered":"<table width=\"992\">\n<tbody>\n<tr>\n<td width=\"278\">Articolo<\/td>\n<td colspan=\"2\" width=\"714\">Parametri S15-2 Elaborazione dei pagamenti POS<\/td>\n<\/tr>\n<tr>\n<td width=\"278\">CPU<\/td>\n<td colspan=\"2\" width=\"714\">Intel Core i3 8nd<\/td>\n<\/tr>\n<tr>\n<td width=\"278\">RAM<\/td>\n<td colspan=\"2\" width=\"714\">8G<\/td>\n<\/tr>\n<tr>\n<td width=\"278\">Disco rigido<\/td>\n<td colspan=\"2\" width=\"714\">SSD DA 128 G<\/td>\n<\/tr>\n<tr>\n<td width=\"278\">Supporto per il sistema operativo (escluso il sistema operativo)<\/td>\n<td colspan=\"2\" width=\"714\">Windows XP\/7\/8\/10\/11, Linux<\/td>\n<\/tr>\n<tr>\n<td width=\"278\">Risoluzione<\/td>\n<td colspan=\"2\" width=\"714\">1366*768<\/td>\n<\/tr>\n<tr>\n<td width=\"278\">Schermo di visualizzazione<\/td>\n<td colspan=\"2\" width=\"714\">TFT-LCD da 15,6 pollici<\/td>\n<\/tr>\n<tr>\n<td width=\"278\">Schermo tattile<\/td>\n<td colspan=\"2\" width=\"714\">Touch screen capacitivo a 10 punti a schermo intero<\/td>\n<\/tr>\n<tr>\n<td width=\"278\">Interfaccia<\/td>\n<td colspan=\"2\" width=\"714\">COM*1, VGA*1, RJ45*1, DC-IN*1, MIC*1, uscita audio*1, USB*6 (2 esterne)<\/td>\n<\/tr>\n<tr>\n<td width=\"278\">Colore<\/td>\n<td colspan=\"2\" width=\"714\">Argento\/Nero<\/td>\n<\/tr>\n<tr>\n<td colspan=\"3\">Altri<\/td>\n<\/tr>\n<tr>\n<td>Certificati<\/td>\n<td colspan=\"2\">CE, ROHS, FCC, CCC<\/td>\n<\/tr>\n<tr>\n<td width=\"278\">Temperatura di esercizio<\/td>\n<td colspan=\"2\" width=\"714\">0\u2103-50\u2103<\/td>\n<\/tr>\n<tr>\n<td width=\"278\">Temperatura di stoccaggio<\/td>\n<td colspan=\"2\" width=\"714\">- 20\u2103~60\u2103<\/td>\n<\/tr>\n<tr>\n<td width=\"278\">Umidit\u00e0<\/td>\n<td colspan=\"2\" width=\"714\">10%~90%<\/td>\n<\/tr>\n<tr>\n<td>Alimentazione<\/td>\n<td colspan=\"2\">adattatore di alimentazione esterno 12V 5A<\/td>\n<\/tr>\n<tr>\n<td colspan=\"3\">Campi di applicazione<\/td>\n<\/tr>\n<tr>\n<td colspan=\"3\">Ristoranti, commercio al dettaglio, supermercati, F&amp;B, logistica, ecc.<\/td>\n<\/tr>\n<tr>\n<td colspan=\"3\">Imballaggio<\/td>\n<\/tr>\n<tr>\n<td>N.W<\/td>\n<td colspan=\"2\" width=\"714\">6KG<\/td>\n<\/tr>\n<tr>\n<td>G.W<\/td>\n<td colspan=\"2\" width=\"714\">6,5 kg<\/td>\n<\/tr>\n<tr>\n<td>Dimensioni del cartone<\/td>\n<td colspan=\"2\" width=\"714\">46*28*42cm<\/td>\n<\/tr>\n<\/tbody>\n<\/table>\n<p>SIMPO-DATA \u00e8 un produttore leader di alta tecnologia che si dedica alla ricerca e allo sviluppo, alla produzione, alla vendita e all'assistenza di sistemi POS (Point of Sale) avanzati. Con oltre un decennio di profonda esperienza nel settore, abbiamo costruito una solida reputazione per la fornitura di soluzioni POS affidabili, innovative e ad alte prestazioni ai clienti di tutto il mondo.<\/p>\n<p>Sin dalla nostra fondazione, abbiamo aderito alla filosofia aziendale \"La qualit\u00e0 crea il mercato, l'innovazione crea il futuro\". Questo impegno ci spinge a migliorare continuamente i nostri prodotti e ad ampliare la nostra offerta per soddisfare le diverse esigenze dei mercati globali. Il nostro portafoglio prodotti copre un'ampia gamma di settori, tra cui la vendita al dettaglio, la ristorazione, i supermercati, l'ospitalit\u00e0, gli alimenti e le bevande e la logistica. Che si tratti di una piccola impresa o della gestione di una grande catena, SIMPO-DATA ha la soluzione POS giusta per voi.<\/p>\n<p>Ampia gamma di prodotti<br \/>\nLa nostra linea di prodotti POS comprende terminali POS all-in-one, monitor touch screen, stampanti termiche per ricevute, scanner per codici a barre, cassetti per contanti e dispositivi POS mobili. Forniamo sistemi POS completi e integrati, oltre a singoli componenti, per consentirvi di personalizzare la soluzione pi\u00f9 adatta al vostro modello di business.<a href=\"https:\/\/simpo-datatec.com\/it\/products\/\" target=\"_blank\" rel=\"noopener\">Fare clic qui per visualizzare altri prodotti.<\/a><\/p>\n<p>L'innovazione al centro<br \/>\nIl nostro team professionale di ricerca e sviluppo si impegna a innovare continuamente il design, le prestazioni e l'esperienza dell'utente. Rimanendo al passo con le tendenze del mercato e i progressi tecnologici, assicuriamo che i prodotti SIMPO-DATA rimangano competitivi e pronti per il futuro. Ogni prodotto \u00e8 sviluppato con un'attenta cura dei dettagli, dal design ergonomico alle interfacce intuitive, dalle prestazioni stabili del sistema all'efficienza energetica.<\/p>\n<p>Qualit\u00e0 di cui ci si pu\u00f2 fidare<br \/>\nLa qualit\u00e0 \u00e8 la nostra priorit\u00e0 assoluta. Dalla selezione delle materie prime alla produzione finale, ogni fase \u00e8 soggetta a rigorose procedure di controllo della qualit\u00e0. I nostri impianti di produzione sono dotati di attrezzature di prova avanzate per garantire che ogni prodotto soddisfi gli standard di qualit\u00e0 internazionali e offra prestazioni durature.<\/p>\n<p>Servizio e assistenza globale<br \/>\nIn SIMPO-DATA non ci limitiamo a vendere prodotti, ma forniamo soluzioni end-to-end e un affidabile supporto post-vendita. Il nostro team di ingegneri esperti e di specialisti del servizio clienti \u00e8 pronto ad assistervi nell'installazione, nella formazione, nella manutenzione e nel supporto tecnico. Il nostro obiettivo \u00e8 aiutare i nostri partner a massimizzare l'efficienza, ridurre i costi e migliorare la soddisfazione dei clienti.<\/p>\n<p>Perch\u00e9 scegliere SIMPO-DATA?<\/p>\n<p>Oltre 10 anni di esperienza nel settore dei POS<\/p>\n<p>Forti capacit\u00e0 di ricerca e sviluppo con innovazione continua<\/p>\n<p>Una gamma completa di prodotti che copre diversi settori<\/p>\n<p>Controllo di qualit\u00e0 rigoroso e conformit\u00e0 agli standard internazionali<\/p>\n<p>Team professionale di vendita e assistenza tecnica globale<\/p>\n<p>Collaborate con SIMPO-DATA e lasciate che le nostre soluzioni POS diano potere alle vostre operazioni commerciali. Insieme, possiamo aiutarvi a snellire le transazioni, migliorare l'efficienza operativa e offrire ai clienti esperienze eccezionali.<\/p>","protected":false},"excerpt":{"rendered":"<p>Display LCD di livello industriale A<br \/>\nLa base pieghevole in alluminio aiuta a risparmiare sui costi di spedizione e sullo spazio di magazzino<br \/>\nAdotta un design quadrato, stabile e grandioso.<\/p>\n<p><a href=\"https:\/\/simpo-datatec.com\/it\/product-category\/resolution\/1366-x-768\/\" rel=\"tag\">1366 x 768<\/a>,\u00a0<a href=\"https:\/\/simpo-datatec.com\/it\/product-category\/display-size\/15-6\/\" rel=\"tag\">15.6&#8221;<\/a>,\u00a0<a href=\"https:\/\/simpo-datatec.com\/it\/product-category\/resolution\/1920-x-1080\/\" rel=\"tag\">1920 x 1080<\/a>,\u00a0<a href=\"https:\/\/simpo-datatec.com\/it\/product-category\/os\/android-pos\/\" rel=\"tag\">POS Android<\/a>,\u00a0<a href=\"https:\/\/simpo-datatec.com\/it\/product-category\/processor\/core-i3\/\" rel=\"tag\">Core i3<\/a>,\u00a0<a href=\"https:\/\/simpo-datatec.com\/it\/product-category\/processor\/core-i5\/\" rel=\"tag\">Core i5<\/a>, N97,\u00a0 <a href=\"https:\/\/simpo-datatec.com\/it\/product-category\/processor\/j6412\/\" rel=\"tag\">J6412<\/a>, <a href=\"https:\/\/simpo-datatec.com\/it\/product-category\/processor\/rk3568\/\" rel=\"tag\">RK3568<\/a>,<\/p>\n<p><a href=\"https:\/\/simpo-datatec.com\/it\/product-category\/pos-types\/desktop-pos-system\/\" rel=\"tag\">Sistema POS desktop<\/a>,\u00a0<a href=\"https:\/\/simpo-datatec.com\/it\/product-category\/stand-type\/desktop-pos-system-stand-type\/\" rel=\"tag\">Sistema POS desktop<\/a>,\u00a0<a href=\"https:\/\/simpo-datatec.com\/it\/product-category\/stand-type\/foldable-pos-system\/\" rel=\"tag\">Sistema POS pieghevole<\/a>, <a href=\"https:\/\/simpo-datatec.com\/it\/product-category\/product\/pos-system\/\" rel=\"tag\">SISTEMA POS<\/a>, <a href=\"https:\/\/simpo-datatec.com\/it\/product-category\/stand-type\/wall-mounted-pos-system\/\" rel=\"tag\">Sistema POS a parete<\/a>,\u00a0<a href=\"https:\/\/simpo-datatec.com\/it\/product-category\/os\/windows-pos\/\" rel=\"tag\">Windows POS<\/a><\/p>","protected":false},"featured_media":752,"comment_status":"open","ping_status":"closed","template":"","meta":[],"product_brand":[],"product_cat":[206,198,207,181,192,193,184,188,189,194,174,195,17,190,180],"product_tag":[248,231,229,252,253,233,240,213,235,227,234,228,226,230,212,216,225,214,211,218,236,239,232,220,238,251,215,254,237,247,243,241,250,242,249,246,245,244],"class_list":{"0":"post-1300","1":"product","2":"type-product","3":"status-publish","4":"has-post-thumbnail","6":"product_cat-1366-x-768","7":"product_cat-15-6","8":"product_cat-1920-x-1080","9":"product_cat-android-pos","10":"product_cat-core-i3","11":"product_cat-core-i5","12":"product_cat-desktop-pos-system","13":"product_cat-desktop-pos-system-stand-type","14":"product_cat-foldable-pos-system","15":"product_cat-j6412","16":"product_cat-pos-system","17":"product_cat-rk3568","18":"product_cat-uncategorized","19":"product_cat-wall-mounted-pos-system","20":"product_cat-windows-pos","21":"product_tag-android-","22":"product_tag-androidkasse","23":"product_tag-businesskassen","24":"product_tag-caisse-enregistreuse","25":"product_tag-caisses-enregistreuses-pour-entreprises","26":"product_tag-cajaregistradora","27":"product_tag-computadoras","28":"product_tag-easy-to-use-pos-systems","29":"product_tag-epossystem","30":"product_tag-gastronomie","31":"product_tag-hairdressercashregisters","32":"product_tag-kasse","33":"product_tag-kassensystem","34":"product_tag-kassensystememitk","35":"product_tag-merchant-point-of-sale","36":"product_tag-merchant-services-payment-device","37":"product_tag-payment-processing-device","38":"product_tag-payment-systems","39":"product_tag-pos-for-retail","40":"product_tag-pos-systems-for-every-need","41":"product_tag-poscashregister","42":"product_tag-puntodeventa","43":"product_tag-puntosdeventa","44":"product_tag-reliable-pos-station","45":"product_tag-sistemadecontroldeinventarios","46":"product_tag-systeme-de-caisse","47":"product_tag-touch-screen-pos","48":"product_tag-toucher-les-caisses-enregistreuses","49":"product_tag-windowscashregisters","50":"product_tag-247","51":"product_tag-243","52":"product_tag-241","53":"product_tag-250","54":"product_tag-242","55":"product_tag-249","56":"product_tag-246","57":"product_tag-pos","58":"product_tag-244","60":"first","61":"instock","62":"shipping-taxable","63":"product-type-simple"},"yoast_head":"<!-- This site is optimized with the Yoast SEO plugin v27.3 - https:\/\/yoast.com\/product\/yoast-seo-wordpress\/ -->\n<title>S15-2 Payment Processing POS - simpo-datatec.com<\/title>\n<meta name=\"description\" content=\"S15-2 Payment Processing POS - all-in-one POS terminals, touch screen monitors, thermal receipt printers, barcode scanners, cash drawers\" \/>\n<meta name=\"robots\" content=\"index, follow, max-snippet:-1, max-image-preview:large, max-video-preview:-1\" \/>\n<link rel=\"canonical\" href=\"https:\/\/simpo-datatec.com\/it\/products\/resolution\/1366-x-768\/s15-2-payment-processing-pos\/\" \/>\n<meta property=\"og:locale\" content=\"it_IT\" \/>\n<meta property=\"og:type\" content=\"article\" \/>\n<meta property=\"og:title\" content=\"S15-2 Payment Processing POS - simpo-datatec.com\" \/>\n<meta property=\"og:description\" content=\"S15-2 Payment Processing POS - all-in-one POS terminals, touch screen monitors, thermal receipt printers, barcode scanners, cash drawers\" \/>\n<meta property=\"og:url\" content=\"https:\/\/simpo-datatec.com\/it\/products\/resolution\/1366-x-768\/s15-2-payment-processing-pos\/\" \/>\n<meta property=\"og:site_name\" content=\"simpo-datatec.com\" \/>\n<meta property=\"article:modified_time\" content=\"2025-08-09T02:08:25+00:00\" \/>\n<meta property=\"og:image\" content=\"https:\/\/simpo-datatec.com\/wp-content\/uploads\/2024\/10\/4-500x500-10.jpg\" \/>\n\t<meta property=\"og:image:width\" content=\"500\" \/>\n\t<meta property=\"og:image:height\" content=\"500\" \/>\n\t<meta property=\"og:image:type\" content=\"image\/jpeg\" \/>\n<meta name=\"twitter:card\" content=\"summary_large_image\" \/>\n<meta name=\"twitter:label1\" content=\"Tempo di lettura stimato\" \/>\n\t<meta name=\"twitter:data1\" content=\"3 minuti\" \/>\n<script type=\"application\/ld+json\" class=\"yoast-schema-graph\">{\"@context\":\"https:\\\/\\\/schema.org\",\"@graph\":[{\"@type\":\"WebPage\",\"@id\":\"https:\\\/\\\/simpo-datatec.com\\\/fr\\\/products\\\/resolution\\\/1366-x-768\\\/s15-2-payment-processing-pos\\\/\",\"url\":\"https:\\\/\\\/simpo-datatec.com\\\/fr\\\/products\\\/resolution\\\/1366-x-768\\\/s15-2-payment-processing-pos\\\/\",\"name\":\"S15-2 Payment Processing POS - simpo-datatec.com\",\"isPartOf\":{\"@id\":\"https:\\\/\\\/simpo-datatec.com\\\/#website\"},\"primaryImageOfPage\":{\"@id\":\"https:\\\/\\\/simpo-datatec.com\\\/fr\\\/products\\\/resolution\\\/1366-x-768\\\/s15-2-payment-processing-pos\\\/#primaryimage\"},\"image\":{\"@id\":\"https:\\\/\\\/simpo-datatec.com\\\/fr\\\/products\\\/resolution\\\/1366-x-768\\\/s15-2-payment-processing-pos\\\/#primaryimage\"},\"thumbnailUrl\":\"https:\\\/\\\/simpo-datatec.com\\\/wp-content\\\/uploads\\\/2024\\\/10\\\/4-500x500-10.jpg\",\"datePublished\":\"2025-05-13T08:13:10+00:00\",\"dateModified\":\"2025-08-09T02:08:25+00:00\",\"description\":\"S15-2 Payment Processing POS - all-in-one POS terminals, touch screen monitors, thermal receipt printers, barcode scanners, cash drawers\",\"breadcrumb\":{\"@id\":\"https:\\\/\\\/simpo-datatec.com\\\/fr\\\/products\\\/resolution\\\/1366-x-768\\\/s15-2-payment-processing-pos\\\/#breadcrumb\"},\"inLanguage\":\"it-IT\",\"potentialAction\":[{\"@type\":\"ReadAction\",\"target\":[\"https:\\\/\\\/simpo-datatec.com\\\/fr\\\/products\\\/resolution\\\/1366-x-768\\\/s15-2-payment-processing-pos\\\/\"]}]},{\"@type\":\"ImageObject\",\"inLanguage\":\"it-IT\",\"@id\":\"https:\\\/\\\/simpo-datatec.com\\\/fr\\\/products\\\/resolution\\\/1366-x-768\\\/s15-2-payment-processing-pos\\\/#primaryimage\",\"url\":\"https:\\\/\\\/simpo-datatec.com\\\/wp-content\\\/uploads\\\/2024\\\/10\\\/4-500x500-10.jpg\",\"contentUrl\":\"https:\\\/\\\/simpo-datatec.com\\\/wp-content\\\/uploads\\\/2024\\\/10\\\/4-500x500-10.jpg\",\"width\":500,\"height\":500,\"caption\":\"S15-2 Payment Processing POS\"},{\"@type\":\"BreadcrumbList\",\"@id\":\"https:\\\/\\\/simpo-datatec.com\\\/fr\\\/products\\\/resolution\\\/1366-x-768\\\/s15-2-payment-processing-pos\\\/#breadcrumb\",\"itemListElement\":[{\"@type\":\"ListItem\",\"position\":1,\"name\":\"\u9996\u9875\",\"item\":\"https:\\\/\\\/simpo-datatec.com\\\/\"},{\"@type\":\"ListItem\",\"position\":2,\"name\":\"Products\",\"item\":\"https:\\\/\\\/simpo-datatec.com\\\/products\\\/\"},{\"@type\":\"ListItem\",\"position\":3,\"name\":\"S15-2 Payment Processing POS\"}]},{\"@type\":\"WebSite\",\"@id\":\"https:\\\/\\\/simpo-datatec.com\\\/#website\",\"url\":\"https:\\\/\\\/simpo-datatec.com\\\/\",\"name\":\"simpo-datatec.com\",\"description\":\"\",\"potentialAction\":[{\"@type\":\"SearchAction\",\"target\":{\"@type\":\"EntryPoint\",\"urlTemplate\":\"https:\\\/\\\/simpo-datatec.com\\\/?s={search_term_string}\"},\"query-input\":{\"@type\":\"PropertyValueSpecification\",\"valueRequired\":true,\"valueName\":\"search_term_string\"}}],\"inLanguage\":\"it-IT\"}]}<\/script>\n<!-- \/ Yoast SEO plugin. -->","yoast_head_json":{"title":"S15-2 Payment Processing POS - simpo-datatec.com","description":"S15-2 Payment Processing POS - all-in-one POS terminals, touch screen monitors, thermal receipt printers, barcode scanners, cash drawers","robots":{"index":"index","follow":"follow","max-snippet":"max-snippet:-1","max-image-preview":"max-image-preview:large","max-video-preview":"max-video-preview:-1"},"canonical":"https:\/\/simpo-datatec.com\/it\/products\/resolution\/1366-x-768\/s15-2-payment-processing-pos\/","og_locale":"it_IT","og_type":"article","og_title":"S15-2 Payment Processing POS - simpo-datatec.com","og_description":"S15-2 Payment Processing POS - all-in-one POS terminals, touch screen monitors, thermal receipt printers, barcode scanners, cash drawers","og_url":"https:\/\/simpo-datatec.com\/it\/products\/resolution\/1366-x-768\/s15-2-payment-processing-pos\/","og_site_name":"simpo-datatec.com","article_modified_time":"2025-08-09T02:08:25+00:00","og_image":[{"width":500,"height":500,"url":"https:\/\/simpo-datatec.com\/wp-content\/uploads\/2024\/10\/4-500x500-10.jpg","type":"image\/jpeg"}],"twitter_card":"summary_large_image","twitter_misc":{"Tempo di lettura stimato":"3 minuti"},"schema":{"@context":"https:\/\/schema.org","@graph":[{"@type":"WebPage","@id":"https:\/\/simpo-datatec.com\/fr\/products\/resolution\/1366-x-768\/s15-2-payment-processing-pos\/","url":"https:\/\/simpo-datatec.com\/fr\/products\/resolution\/1366-x-768\/s15-2-payment-processing-pos\/","name":"S15-2 Payment Processing POS - simpo-datatec.com","isPartOf":{"@id":"https:\/\/simpo-datatec.com\/#website"},"primaryImageOfPage":{"@id":"https:\/\/simpo-datatec.com\/fr\/products\/resolution\/1366-x-768\/s15-2-payment-processing-pos\/#primaryimage"},"image":{"@id":"https:\/\/simpo-datatec.com\/fr\/products\/resolution\/1366-x-768\/s15-2-payment-processing-pos\/#primaryimage"},"thumbnailUrl":"https:\/\/simpo-datatec.com\/wp-content\/uploads\/2024\/10\/4-500x500-10.jpg","datePublished":"2025-05-13T08:13:10+00:00","dateModified":"2025-08-09T02:08:25+00:00","description":"S15-2 Payment Processing POS - all-in-one POS terminals, touch screen monitors, thermal receipt printers, barcode scanners, cash drawers","breadcrumb":{"@id":"https:\/\/simpo-datatec.com\/fr\/products\/resolution\/1366-x-768\/s15-2-payment-processing-pos\/#breadcrumb"},"inLanguage":"it-IT","potentialAction":[{"@type":"ReadAction","target":["https:\/\/simpo-datatec.com\/fr\/products\/resolution\/1366-x-768\/s15-2-payment-processing-pos\/"]}]},{"@type":"ImageObject","inLanguage":"it-IT","@id":"https:\/\/simpo-datatec.com\/fr\/products\/resolution\/1366-x-768\/s15-2-payment-processing-pos\/#primaryimage","url":"https:\/\/simpo-datatec.com\/wp-content\/uploads\/2024\/10\/4-500x500-10.jpg","contentUrl":"https:\/\/simpo-datatec.com\/wp-content\/uploads\/2024\/10\/4-500x500-10.jpg","width":500,"height":500,"caption":"S15-2 Payment Processing POS"},{"@type":"BreadcrumbList","@id":"https:\/\/simpo-datatec.com\/fr\/products\/resolution\/1366-x-768\/s15-2-payment-processing-pos\/#breadcrumb","itemListElement":[{"@type":"ListItem","position":1,"name":"\u9996\u9875","item":"https:\/\/simpo-datatec.com\/"},{"@type":"ListItem","position":2,"name":"Products","item":"https:\/\/simpo-datatec.com\/products\/"},{"@type":"ListItem","position":3,"name":"S15-2 Payment Processing POS"}]},{"@type":"WebSite","@id":"https:\/\/simpo-datatec.com\/#website","url":"https:\/\/simpo-datatec.com\/","name":"simpo-datatec.com","description":"","potentialAction":[{"@type":"SearchAction","target":{"@type":"EntryPoint","urlTemplate":"https:\/\/simpo-datatec.com\/?s={search_term_string}"},"query-input":{"@type":"PropertyValueSpecification","valueRequired":true,"valueName":"search_term_string"}}],"inLanguage":"it-IT"}]}},"_links":{"self":[{"href":"https:\/\/simpo-datatec.com\/it\/wp-json\/wp\/v2\/product\/1300","targetHints":{"allow":["GET"]}}],"collection":[{"href":"https:\/\/simpo-datatec.com\/it\/wp-json\/wp\/v2\/product"}],"about":[{"href":"https:\/\/simpo-datatec.com\/it\/wp-json\/wp\/v2\/types\/product"}],"replies":[{"embeddable":true,"href":"https:\/\/simpo-datatec.com\/it\/wp-json\/wp\/v2\/comments?post=1300"}],"wp:featuredmedia":[{"embeddable":true,"href":"https:\/\/simpo-datatec.com\/it\/wp-json\/wp\/v2\/media\/752"}],"wp:attachment":[{"href":"https:\/\/simpo-datatec.com\/it\/wp-json\/wp\/v2\/media?parent=1300"}],"wp:term":[{"taxonomy":"product_brand","embeddable":true,"href":"https:\/\/simpo-datatec.com\/it\/wp-json\/wp\/v2\/product_brand?post=1300"},{"taxonomy":"product_cat","embeddable":true,"href":"https:\/\/simpo-datatec.com\/it\/wp-json\/wp\/v2\/product_cat?post=1300"},{"taxonomy":"product_tag","embeddable":true,"href":"https:\/\/simpo-datatec.com\/it\/wp-json\/wp\/v2\/product_tag?post=1300"}],"curies":[{"name":"wp","href":"https:\/\/api.w.org\/{rel}","templated":true}]}}