{"id":1278,"date":"2025-03-06T18:55:15","date_gmt":"2025-03-06T10:55:15","guid":{"rendered":"https:\/\/simpo-datatec.com\/?post_type=product&#038;p=1278"},"modified":"2025-08-09T10:10:24","modified_gmt":"2025-08-09T02:10:24","slug":"k11-6-touch-cash-register","status":"publish","type":"product","link":"https:\/\/simpo-datatec.com\/it\/products\/resolution\/1366-x-768\/k11-6-touch-cash-register\/","title":{"rendered":"K11-6 Registratore di cassa touch"},"content":{"rendered":"<table width=\"979\">\n<tbody>\n<tr>\n<td width=\"302\">Articolo<\/td>\n<td width=\"677\">Parametri<\/td>\n<\/tr>\n<tr>\n<td width=\"302\">CPU<\/td>\n<td width=\"677\">J6412\/i3\/i5\/RK3566\/Allwinner A527<\/td>\n<\/tr>\n<tr>\n<td width=\"302\">RAM<\/td>\n<td width=\"677\">8G (versione Android 2G RAM+32G FLASH)<\/td>\n<\/tr>\n<tr>\n<td width=\"302\">Disco rigido<\/td>\n<td width=\"677\">SSD da 128G (versione Android 2G RAM+32G FLASH)<\/td>\n<\/tr>\n<tr>\n<td width=\"302\">OS<\/td>\n<td width=\"677\">Windows XP\/7\/8\/10\/11, Linux<\/td>\n<\/tr>\n<tr>\n<td width=\"302\">Risoluzione<\/td>\n<td width=\"677\">1366*768<\/td>\n<\/tr>\n<tr>\n<td width=\"302\">Schermo di visualizzazione<\/td>\n<td width=\"677\">TFT-LCD da 11,6 pollici<\/td>\n<\/tr>\n<tr>\n<td width=\"302\">Schermo tattile<\/td>\n<td width=\"677\">Touch screen capacitivo a 10 punti a schermo intero<\/td>\n<\/tr>\n<tr>\n<td width=\"302\">2\u00b0 display<\/td>\n<td width=\"677\">7MM 2*20 Linee VFD (opzionale)<\/td>\n<\/tr>\n<tr>\n<td width=\"302\">Stampante<\/td>\n<td width=\"677\">Stampante termica a taglio automatico da 58\/80 mm<\/td>\n<\/tr>\n<tr>\n<td width=\"302\">Lettore di schede<\/td>\n<td width=\"677\">Traccia 1-2-3 MSR, NFC<\/td>\n<\/tr>\n<tr>\n<td width=\"302\">Interfaccia<\/td>\n<td width=\"677\">COM*1, VGA*1, RJ45*1, DC-IN*1, MIC*1, uscita audio*1, USB*6 (2 esterne)<\/td>\n<\/tr>\n<tr>\n<td width=\"302\">Colore<\/td>\n<td width=\"677\">Nero<\/td>\n<\/tr>\n<tr>\n<td colspan=\"2\">Altri<\/td>\n<\/tr>\n<tr>\n<td>Certificati<\/td>\n<td>CE, ROHS, FCC, CCC<\/td>\n<\/tr>\n<tr>\n<td width=\"302\">Temperatura di esercizio<\/td>\n<td width=\"677\">0\u2103-50\u2103<\/td>\n<\/tr>\n<tr>\n<td width=\"302\">Temperatura di stoccaggio<\/td>\n<td width=\"677\">- 20\u2103~60\u2103<\/td>\n<\/tr>\n<tr>\n<td width=\"302\">Umidit\u00e0<\/td>\n<td width=\"677\">10%~90%<\/td>\n<\/tr>\n<tr>\n<td>Alimentazione<\/td>\n<td>adattatore di alimentazione esterno 12V 5A<\/td>\n<\/tr>\n<tr>\n<td colspan=\"2\">Campi di applicazione<\/td>\n<\/tr>\n<tr>\n<td colspan=\"2\">Ristoranti, commercio al dettaglio, supermercati, F&amp;B, logistica, ecc.<\/td>\n<\/tr>\n<tr>\n<td colspan=\"2\">Imballaggio<\/td>\n<\/tr>\n<tr>\n<td>N.W<\/td>\n<td width=\"677\">6KG<\/td>\n<\/tr>\n<tr>\n<td>G.W<\/td>\n<td width=\"677\">6,5 kg<\/td>\n<\/tr>\n<tr>\n<td>Dimensioni del cartone<\/td>\n<td width=\"677\">45*26*43cm<\/td>\n<\/tr>\n<\/tbody>\n<\/table>\n<p>SIMPO-DATA \u00e8 un produttore leader di alta tecnologia che si dedica alla ricerca e allo sviluppo, alla produzione, alla vendita e all'assistenza di sistemi POS (Point of Sale) avanzati. Con oltre un decennio di profonda esperienza nel settore, abbiamo costruito una solida reputazione per la fornitura di soluzioni POS affidabili, innovative e ad alte prestazioni ai clienti di tutto il mondo.<\/p>\n<p>Sin dalla nostra fondazione, abbiamo aderito alla filosofia aziendale \"La qualit\u00e0 crea il mercato, l'innovazione crea il futuro\". Questo impegno ci spinge a migliorare continuamente i nostri prodotti e ad ampliare la nostra offerta per soddisfare le diverse esigenze dei mercati globali. Il nostro portafoglio prodotti copre un'ampia gamma di settori, tra cui la vendita al dettaglio, la ristorazione, i supermercati, l'ospitalit\u00e0, gli alimenti e le bevande e la logistica. Che si tratti di una piccola impresa o della gestione di una grande catena, SIMPO-DATA ha la soluzione POS giusta per voi.<\/p>\n<p>Ampia gamma di prodotti<br \/>\nLa nostra linea di prodotti POS comprende terminali POS all-in-one, monitor touch screen, stampanti termiche per ricevute, scanner per codici a barre, cassetti per contanti e dispositivi POS mobili. Forniamo sistemi POS completi e integrati, oltre a singoli componenti, per consentirvi di personalizzare la soluzione pi\u00f9 adatta al vostro modello di business.<a href=\"https:\/\/simpo-datatec.com\/it\/products\/\" target=\"_blank\" rel=\"noopener\">Fare clic qui per visualizzare altri prodotti.<\/a><\/p>\n<p>L'innovazione al centro<br \/>\nIl nostro team professionale di ricerca e sviluppo si impegna a innovare continuamente il design, le prestazioni e l'esperienza dell'utente. Rimanendo al passo con le tendenze del mercato e i progressi tecnologici, assicuriamo che i prodotti SIMPO-DATA rimangano competitivi e pronti per il futuro. Ogni prodotto \u00e8 sviluppato con un'attenta cura dei dettagli, dal design ergonomico alle interfacce intuitive, dalle prestazioni stabili del sistema all'efficienza energetica.<\/p>\n<p>Qualit\u00e0 di cui ci si pu\u00f2 fidare<br \/>\nLa qualit\u00e0 \u00e8 la nostra priorit\u00e0 assoluta. Dalla selezione delle materie prime alla produzione finale, ogni fase \u00e8 soggetta a rigorose procedure di controllo della qualit\u00e0. I nostri impianti di produzione sono dotati di attrezzature di prova avanzate per garantire che ogni prodotto soddisfi gli standard di qualit\u00e0 internazionali e offra prestazioni durature.<\/p>\n<p>Servizio e assistenza globale<br \/>\nIn SIMPO-DATA non ci limitiamo a vendere prodotti, ma forniamo soluzioni end-to-end e un affidabile supporto post-vendita. Il nostro team di ingegneri esperti e di specialisti del servizio clienti \u00e8 pronto ad assistervi nell'installazione, nella formazione, nella manutenzione e nel supporto tecnico. Il nostro obiettivo \u00e8 aiutare i nostri partner a massimizzare l'efficienza, ridurre i costi e migliorare la soddisfazione dei clienti.<\/p>\n<p>Perch\u00e9 scegliere SIMPO-DATA?<\/p>\n<p>Oltre 10 anni di esperienza nel settore dei POS<\/p>\n<p>Forti capacit\u00e0 di ricerca e sviluppo con innovazione continua<\/p>\n<p>Una gamma completa di prodotti che copre diversi settori<\/p>\n<p>Controllo di qualit\u00e0 rigoroso e conformit\u00e0 agli standard internazionali<\/p>\n<p>Team professionale di vendita e assistenza tecnica globale<\/p>\n<p>Collaborate con SIMPO-DATA e lasciate che le nostre soluzioni POS diano potere alle vostre operazioni commerciali. Insieme, possiamo aiutarvi a snellire le transazioni, migliorare l'efficienza operativa e offrire ai clienti esperienze eccezionali.<\/p>","protected":false},"excerpt":{"rendered":"<p>Sistemi POS facili da usare per tutte le aziende.<br \/>\nPunto vendita e-commerce<br \/>\nPOS Windows \/ POS Android<\/p>","protected":false},"featured_media":1265,"comment_status":"open","ping_status":"closed","template":"","meta":[],"product_brand":[],"product_cat":[217,206,183,188,194,174,180],"product_tag":[213,212,216,214,211,215],"class_list":{"0":"post-1278","1":"product","2":"type-product","3":"status-publish","4":"has-post-thumbnail","6":"product_cat-11-6","7":"product_cat-1366-x-768","8":"product_cat-all-in-one-pos","9":"product_cat-desktop-pos-system-stand-type","10":"product_cat-j6412","11":"product_cat-pos-system","12":"product_cat-windows-pos","13":"product_tag-easy-to-use-pos-systems","14":"product_tag-merchant-point-of-sale","15":"product_tag-merchant-services-payment-device","16":"product_tag-payment-systems","17":"product_tag-pos-for-retail","18":"product_tag-touch-screen-pos","20":"first","21":"instock","22":"shipping-taxable","23":"product-type-simple"},"yoast_head":"<!-- This site is optimized with the Yoast SEO plugin v27.3 - https:\/\/yoast.com\/product\/yoast-seo-wordpress\/ -->\n<title>K11-6 Touch Cash Register - simpo-datatec.com<\/title>\n<meta name=\"description\" content=\"K11-6 Touch Cash Register - all-in-one POS terminals, touch screen monitors, thermal receipt printers, barcode scanners, cash drawers\" \/>\n<meta name=\"robots\" content=\"index, follow, max-snippet:-1, max-image-preview:large, max-video-preview:-1\" \/>\n<link rel=\"canonical\" href=\"https:\/\/simpo-datatec.com\/it\/products\/resolution\/1366-x-768\/k11-6-touch-cash-register\/\" \/>\n<meta property=\"og:locale\" content=\"it_IT\" \/>\n<meta property=\"og:type\" content=\"article\" \/>\n<meta property=\"og:title\" content=\"K11-6 Touch Cash Register - simpo-datatec.com\" \/>\n<meta property=\"og:description\" content=\"K11-6 Touch Cash Register - all-in-one POS terminals, touch screen monitors, thermal receipt printers, barcode scanners, cash drawers\" \/>\n<meta property=\"og:url\" content=\"https:\/\/simpo-datatec.com\/it\/products\/resolution\/1366-x-768\/k11-6-touch-cash-register\/\" \/>\n<meta property=\"og:site_name\" content=\"simpo-datatec.com\" \/>\n<meta property=\"article:modified_time\" content=\"2025-08-09T02:10:24+00:00\" \/>\n<meta property=\"og:image\" content=\"https:\/\/simpo-datatec.com\/wp-content\/uploads\/2025\/03\/IMG_6060-scaled.jpg\" \/>\n\t<meta property=\"og:image:width\" content=\"2560\" \/>\n\t<meta property=\"og:image:height\" content=\"1707\" \/>\n\t<meta property=\"og:image:type\" content=\"image\/jpeg\" \/>\n<meta name=\"twitter:card\" content=\"summary_large_image\" \/>\n<meta name=\"twitter:label1\" content=\"Tempo di lettura stimato\" \/>\n\t<meta name=\"twitter:data1\" content=\"3 minuti\" \/>\n<script type=\"application\/ld+json\" class=\"yoast-schema-graph\">{\"@context\":\"https:\\\/\\\/schema.org\",\"@graph\":[{\"@type\":\"WebPage\",\"@id\":\"https:\\\/\\\/simpo-datatec.com\\\/products\\\/resolution\\\/1366-x-768\\\/k11-6-touch-cash-register\\\/\",\"url\":\"https:\\\/\\\/simpo-datatec.com\\\/products\\\/resolution\\\/1366-x-768\\\/k11-6-touch-cash-register\\\/\",\"name\":\"K11-6 Touch Cash Register - simpo-datatec.com\",\"isPartOf\":{\"@id\":\"https:\\\/\\\/simpo-datatec.com\\\/#website\"},\"primaryImageOfPage\":{\"@id\":\"https:\\\/\\\/simpo-datatec.com\\\/products\\\/resolution\\\/1366-x-768\\\/k11-6-touch-cash-register\\\/#primaryimage\"},\"image\":{\"@id\":\"https:\\\/\\\/simpo-datatec.com\\\/products\\\/resolution\\\/1366-x-768\\\/k11-6-touch-cash-register\\\/#primaryimage\"},\"thumbnailUrl\":\"https:\\\/\\\/simpo-datatec.com\\\/wp-content\\\/uploads\\\/2025\\\/03\\\/IMG_6060-scaled.jpg\",\"datePublished\":\"2025-03-06T10:55:15+00:00\",\"dateModified\":\"2025-08-09T02:10:24+00:00\",\"description\":\"K11-6 Touch Cash Register - all-in-one POS terminals, touch screen monitors, thermal receipt printers, barcode scanners, cash drawers\",\"breadcrumb\":{\"@id\":\"https:\\\/\\\/simpo-datatec.com\\\/products\\\/resolution\\\/1366-x-768\\\/k11-6-touch-cash-register\\\/#breadcrumb\"},\"inLanguage\":\"it-IT\",\"potentialAction\":[{\"@type\":\"ReadAction\",\"target\":[\"https:\\\/\\\/simpo-datatec.com\\\/products\\\/resolution\\\/1366-x-768\\\/k11-6-touch-cash-register\\\/\"]}]},{\"@type\":\"ImageObject\",\"inLanguage\":\"it-IT\",\"@id\":\"https:\\\/\\\/simpo-datatec.com\\\/products\\\/resolution\\\/1366-x-768\\\/k11-6-touch-cash-register\\\/#primaryimage\",\"url\":\"https:\\\/\\\/simpo-datatec.com\\\/wp-content\\\/uploads\\\/2025\\\/03\\\/IMG_6060-scaled.jpg\",\"contentUrl\":\"https:\\\/\\\/simpo-datatec.com\\\/wp-content\\\/uploads\\\/2025\\\/03\\\/IMG_6060-scaled.jpg\",\"width\":2560,\"height\":1707,\"caption\":\"K11-6 Touch Cash Register\"},{\"@type\":\"BreadcrumbList\",\"@id\":\"https:\\\/\\\/simpo-datatec.com\\\/products\\\/resolution\\\/1366-x-768\\\/k11-6-touch-cash-register\\\/#breadcrumb\",\"itemListElement\":[{\"@type\":\"ListItem\",\"position\":1,\"name\":\"\u9996\u9875\",\"item\":\"https:\\\/\\\/simpo-datatec.com\\\/\"},{\"@type\":\"ListItem\",\"position\":2,\"name\":\"Products\",\"item\":\"https:\\\/\\\/simpo-datatec.com\\\/products\\\/\"},{\"@type\":\"ListItem\",\"position\":3,\"name\":\"K11-6 Touch Cash Register\"}]},{\"@type\":\"WebSite\",\"@id\":\"https:\\\/\\\/simpo-datatec.com\\\/#website\",\"url\":\"https:\\\/\\\/simpo-datatec.com\\\/\",\"name\":\"simpo-datatec.com\",\"description\":\"\",\"potentialAction\":[{\"@type\":\"SearchAction\",\"target\":{\"@type\":\"EntryPoint\",\"urlTemplate\":\"https:\\\/\\\/simpo-datatec.com\\\/?s={search_term_string}\"},\"query-input\":{\"@type\":\"PropertyValueSpecification\",\"valueRequired\":true,\"valueName\":\"search_term_string\"}}],\"inLanguage\":\"it-IT\"}]}<\/script>\n<!-- \/ Yoast SEO plugin. -->","yoast_head_json":{"title":"K11-6 Touch Cash Register - simpo-datatec.com","description":"K11-6 Touch Cash Register - all-in-one POS terminals, touch screen monitors, thermal receipt printers, barcode scanners, cash drawers","robots":{"index":"index","follow":"follow","max-snippet":"max-snippet:-1","max-image-preview":"max-image-preview:large","max-video-preview":"max-video-preview:-1"},"canonical":"https:\/\/simpo-datatec.com\/it\/products\/resolution\/1366-x-768\/k11-6-touch-cash-register\/","og_locale":"it_IT","og_type":"article","og_title":"K11-6 Touch Cash Register - simpo-datatec.com","og_description":"K11-6 Touch Cash Register - all-in-one POS terminals, touch screen monitors, thermal receipt printers, barcode scanners, cash drawers","og_url":"https:\/\/simpo-datatec.com\/it\/products\/resolution\/1366-x-768\/k11-6-touch-cash-register\/","og_site_name":"simpo-datatec.com","article_modified_time":"2025-08-09T02:10:24+00:00","og_image":[{"width":2560,"height":1707,"url":"https:\/\/simpo-datatec.com\/wp-content\/uploads\/2025\/03\/IMG_6060-scaled.jpg","type":"image\/jpeg"}],"twitter_card":"summary_large_image","twitter_misc":{"Tempo di lettura stimato":"3 minuti"},"schema":{"@context":"https:\/\/schema.org","@graph":[{"@type":"WebPage","@id":"https:\/\/simpo-datatec.com\/products\/resolution\/1366-x-768\/k11-6-touch-cash-register\/","url":"https:\/\/simpo-datatec.com\/products\/resolution\/1366-x-768\/k11-6-touch-cash-register\/","name":"K11-6 Touch Cash Register - simpo-datatec.com","isPartOf":{"@id":"https:\/\/simpo-datatec.com\/#website"},"primaryImageOfPage":{"@id":"https:\/\/simpo-datatec.com\/products\/resolution\/1366-x-768\/k11-6-touch-cash-register\/#primaryimage"},"image":{"@id":"https:\/\/simpo-datatec.com\/products\/resolution\/1366-x-768\/k11-6-touch-cash-register\/#primaryimage"},"thumbnailUrl":"https:\/\/simpo-datatec.com\/wp-content\/uploads\/2025\/03\/IMG_6060-scaled.jpg","datePublished":"2025-03-06T10:55:15+00:00","dateModified":"2025-08-09T02:10:24+00:00","description":"K11-6 Touch Cash Register - all-in-one POS terminals, touch screen monitors, thermal receipt printers, barcode scanners, cash drawers","breadcrumb":{"@id":"https:\/\/simpo-datatec.com\/products\/resolution\/1366-x-768\/k11-6-touch-cash-register\/#breadcrumb"},"inLanguage":"it-IT","potentialAction":[{"@type":"ReadAction","target":["https:\/\/simpo-datatec.com\/products\/resolution\/1366-x-768\/k11-6-touch-cash-register\/"]}]},{"@type":"ImageObject","inLanguage":"it-IT","@id":"https:\/\/simpo-datatec.com\/products\/resolution\/1366-x-768\/k11-6-touch-cash-register\/#primaryimage","url":"https:\/\/simpo-datatec.com\/wp-content\/uploads\/2025\/03\/IMG_6060-scaled.jpg","contentUrl":"https:\/\/simpo-datatec.com\/wp-content\/uploads\/2025\/03\/IMG_6060-scaled.jpg","width":2560,"height":1707,"caption":"K11-6 Touch Cash Register"},{"@type":"BreadcrumbList","@id":"https:\/\/simpo-datatec.com\/products\/resolution\/1366-x-768\/k11-6-touch-cash-register\/#breadcrumb","itemListElement":[{"@type":"ListItem","position":1,"name":"\u9996\u9875","item":"https:\/\/simpo-datatec.com\/"},{"@type":"ListItem","position":2,"name":"Products","item":"https:\/\/simpo-datatec.com\/products\/"},{"@type":"ListItem","position":3,"name":"K11-6 Touch Cash Register"}]},{"@type":"WebSite","@id":"https:\/\/simpo-datatec.com\/#website","url":"https:\/\/simpo-datatec.com\/","name":"simpo-datatec.com","description":"","potentialAction":[{"@type":"SearchAction","target":{"@type":"EntryPoint","urlTemplate":"https:\/\/simpo-datatec.com\/?s={search_term_string}"},"query-input":{"@type":"PropertyValueSpecification","valueRequired":true,"valueName":"search_term_string"}}],"inLanguage":"it-IT"}]}},"_links":{"self":[{"href":"https:\/\/simpo-datatec.com\/it\/wp-json\/wp\/v2\/product\/1278","targetHints":{"allow":["GET"]}}],"collection":[{"href":"https:\/\/simpo-datatec.com\/it\/wp-json\/wp\/v2\/product"}],"about":[{"href":"https:\/\/simpo-datatec.com\/it\/wp-json\/wp\/v2\/types\/product"}],"replies":[{"embeddable":true,"href":"https:\/\/simpo-datatec.com\/it\/wp-json\/wp\/v2\/comments?post=1278"}],"wp:featuredmedia":[{"embeddable":true,"href":"https:\/\/simpo-datatec.com\/it\/wp-json\/wp\/v2\/media\/1265"}],"wp:attachment":[{"href":"https:\/\/simpo-datatec.com\/it\/wp-json\/wp\/v2\/media?parent=1278"}],"wp:term":[{"taxonomy":"product_brand","embeddable":true,"href":"https:\/\/simpo-datatec.com\/it\/wp-json\/wp\/v2\/product_brand?post=1278"},{"taxonomy":"product_cat","embeddable":true,"href":"https:\/\/simpo-datatec.com\/it\/wp-json\/wp\/v2\/product_cat?post=1278"},{"taxonomy":"product_tag","embeddable":true,"href":"https:\/\/simpo-datatec.com\/it\/wp-json\/wp\/v2\/product_tag?post=1278"}],"curies":[{"name":"wp","href":"https:\/\/api.w.org\/{rel}","templated":true}]}}