{"id":783,"date":"2024-10-10T17:34:53","date_gmt":"2024-10-10T09:34:53","guid":{"rendered":"https:\/\/simpo-datatec.com\/?post_type=product&#038;p=783"},"modified":"2025-08-09T10:13:37","modified_gmt":"2025-08-09T02:13:37","slug":"k1-scanner","status":"publish","type":"product","link":"https:\/\/simpo-datatec.com\/fr\/products\/product\/barcode-scanner\/k1-scanner\/","title":{"rendered":"Scanner K1"},"content":{"rendered":"<table width=\"1013\">\n<tbody>\n<tr>\n<td colspan=\"2\" width=\"332\">Objet<\/td>\n<td width=\"681\">Param\u00e8tres<\/td>\n<\/tr>\n<tr>\n<td rowspan=\"15\">Performance de l'analyse<\/td>\n<td>Mod\u00e8le de balayage<\/td>\n<td>\u00a0Image de la zone<\/td>\n<\/tr>\n<tr>\n<td>Taille de l'image<\/td>\n<td>1280 \u00d7 800 pixels<\/td>\n<\/tr>\n<tr>\n<td>Champ de vision<\/td>\n<td>Horizontal : 64\u00b0, vertical : 44\u00b0.<\/td>\n<\/tr>\n<tr>\n<td>Angle de balayage<\/td>\n<td width=\"681\">\u00b1 70\u00b0, \u00b1 70\u00b0, 360\u00b0 (Skew, Pitch, Roll)<\/td>\n<\/tr>\n<tr>\n<td>Tol\u00e9rance de mouvement<\/td>\n<td width=\"681\">1,27 m\/s (50 in\/s) pour 13 mil UPC-E au point focal optimal<\/td>\n<\/tr>\n<tr>\n<td>Contraste de l'impression<\/td>\n<td width=\"681\">20% diff\u00e9rence de r\u00e9flectance minimale<\/td>\n<\/tr>\n<tr>\n<td>R\u00e9solution minimale<\/td>\n<td width=\"681\">1D (Code 39) : 5 mil ; 2D (PDF417) : 6,7 mil<\/td>\n<\/tr>\n<tr>\n<td rowspan=\"2\">Capacit\u00e9 de d\u00e9codage<\/td>\n<td width=\"681\">1D : UPC-A, UPC-E, UPC-E1, EAN-13, EAN-8, ISBN (Bookland EAN), ISSN, Code 39,<br \/>\nCode 39 full ASCII, Code 32, Code 39 trioptique, Entrelac\u00e9 2 de 5, Industriel 2 de 5, Matriciel<br \/>\n2 of 5, Codabar (NW7), Code 128, UCC\/EAN 128, ISBT 128, Code 93, Code 11 (USD-8),<br \/>\nMSI\/Plessey, UK\/Plessey, China Post, China Finance, GS1 DataBar (anciennement RSS)<br \/>\nvariantes<\/td>\n<\/tr>\n<tr>\n<td width=\"681\">2D : PDF417, MicroPDF417, QR Code, DataMatrix, Han Xin Code, Aztec Code<\/td>\n<\/tr>\n<tr>\n<td rowspan=\"6\">Profondeur de d\u00e9codage<\/td>\n<td>5 mil Code 39 (3 caract\u00e8res) : 5 - 55 mm<\/td>\n<\/tr>\n<tr>\n<td>13 mil UPC (6 caract\u00e8res) : 0 - 150 mm<\/td>\n<\/tr>\n<tr>\n<td>20 mil Code 39 (1 caract\u00e8re) : 0 - 230 mm<\/td>\n<\/tr>\n<tr>\n<td>6,7 mil PDF417 (20 caract\u00e8res) : 15 - 60 mm<\/td>\n<\/tr>\n<tr>\n<td>10 mil QR (20 caract\u00e8res) : 0 - 40 mm<\/td>\n<\/tr>\n<tr>\n<td>20 mil QR (20 caract\u00e8res) : 0 - 150 mm<\/td>\n<\/tr>\n<tr>\n<td rowspan=\"2\">\u00c9lectricit\u00e9<\/td>\n<td>Tension d'entr\u00e9e<\/td>\n<td>4,6V \u00e0 5,5V DC<\/td>\n<\/tr>\n<tr>\n<td>Actuel<\/td>\n<td>110 mA (veille), 370 mA (balayage)<\/td>\n<\/tr>\n<tr>\n<td rowspan=\"4\">Environnement<\/td>\n<td rowspan=\"2\">Temp\u00e9rature<\/td>\n<td>Fonctionnement : -20\u00b0 \u00e0 55\u00b0C (-4\u00b0 \u00e0 131\u00b0F)<\/td>\n<\/tr>\n<tr>\n<td>Stockage : -20\u00b0 \u00e0 75\u00b0C (-4\u00b0 \u00e0 167\u00b0F)<\/td>\n<\/tr>\n<tr>\n<td>Humidit\u00e9<\/td>\n<td>5% \u00e0 95% (sans condensation)<\/td>\n<\/tr>\n<tr>\n<td>S\u00e9curit\u00e9<\/td>\n<td width=\"681\">EMC : EN55022, EN55024 | S\u00e9curit\u00e9 \u00e9lectrique : EN60950-1 | Etanch\u00e9it\u00e9 : IP50<br \/>\nR\u00e9sistance aux chutes : Plus de 30 fois une chute de 1,5 m (5,0 ft.) sur du b\u00e9ton<br \/>\nS\u00e9curit\u00e9 photobiologique : EN62471:2008 | \u00c9clairage : 0~100 000 LUX<\/td>\n<\/tr>\n<tr>\n<td rowspan=\"10\">M\u00e9canique<\/td>\n<td width=\"177\">Dimension<br \/>\n(H x L x P)<\/td>\n<td width=\"681\">93 \u00d7 95 \u00d7 157 mm (H x L x P)<\/td>\n<\/tr>\n<tr>\n<td width=\"177\">Poids<\/td>\n<td width=\"681\">298,5 g, sans c\u00e2ble<\/td>\n<\/tr>\n<tr>\n<td width=\"177\">C\u00e2ble<\/td>\n<td width=\"681\">\u00a0Droit 2.0m<\/td>\n<\/tr>\n<tr>\n<td width=\"177\">Type de connecteur<\/td>\n<td width=\"681\">\u00a0Connecteur t\u00e9l\u00e9phonique RJ-45<\/td>\n<\/tr>\n<tr>\n<td width=\"177\">Mat\u00e9riau de l'\u00e9tui<\/td>\n<td width=\"681\">PC+ABS<\/td>\n<\/tr>\n<tr>\n<td width=\"177\">Indicateur<\/td>\n<td width=\"681\">Signal sonore, LED<\/td>\n<\/tr>\n<tr>\n<td width=\"177\">Interface prise en charge<\/td>\n<td width=\"681\">Clavier wedge, RS-232, clavier USB, USB virtual COM<\/td>\n<\/tr>\n<tr>\n<td>Mode de fonctionnement<\/td>\n<td>Port\u00e9 \u00e0 la main, d\u00e9tection automatique<\/td>\n<\/tr>\n<tr>\n<td>M\u00e9thode de programmation<\/td>\n<td>Manuel (lecture d'un code-barres sp\u00e9cial)<\/td>\n<\/tr>\n<tr>\n<td>Mise \u00e0 niveau du programme<\/td>\n<td>En ligne<\/td>\n<\/tr>\n<\/tbody>\n<\/table>\n<p>SIMPO-DATA est un fabricant de pointe qui se consacre \u00e0 la recherche et au d\u00e9veloppement, \u00e0 la production, \u00e0 la vente et au service apr\u00e8s-vente de syst\u00e8mes POS (Point of Sale) avanc\u00e9s. Avec plus d'une d\u00e9cennie d'exp\u00e9rience dans l'industrie, nous nous sommes forg\u00e9 une solide r\u00e9putation en fournissant des solutions POS fiables, innovantes et performantes \u00e0 nos clients dans le monde entier.<\/p>\n<p>Depuis notre cr\u00e9ation, nous avons adh\u00e9r\u00e9 \u00e0 la philosophie d'entreprise \"La qualit\u00e9 cr\u00e9e le march\u00e9, l'innovation cr\u00e9e l'avenir\". Cet engagement nous pousse \u00e0 am\u00e9liorer continuellement nos produits et \u00e0 \u00e9largir notre offre pour r\u00e9pondre aux diverses demandes des march\u00e9s mondiaux. Notre gamme compl\u00e8te de produits couvre un large \u00e9ventail de secteurs, notamment la vente au d\u00e9tail, la restauration, les supermarch\u00e9s, l'h\u00f4tellerie, l'alimentation et les boissons, ainsi que la logistique. Que vous soyez \u00e0 la t\u00eate d'une petite entreprise ou que vous g\u00e9riez une grande cha\u00eene de magasins, SIMPO-DATA a la solution POS qu'il vous faut.<\/p>\n<p>Gamme de produits \u00e9tendue<br \/>\nNotre gamme de produits POS comprend des terminaux POS tout-en-un, des \u00e9crans tactiles, des imprimantes thermiques de re\u00e7us, des lecteurs de codes-barres, des tiroirs-caisses et des dispositifs POS mobiles. Nous fournissons des syst\u00e8mes POS complets et int\u00e9gr\u00e9s ainsi que des composants individuels, ce qui vous permet de personnaliser la solution qui correspond le mieux \u00e0 votre mod\u00e8le d'entreprise.En plus de K1 Scanner \uff0c<a href=\"https:\/\/simpo-datatec.com\/fr\/products\/\" target=\"_blank\" rel=\"noopener\">Cliquez ici pour voir plus de produits.<\/a><\/p>\n<p>L'innovation au c\u0153ur de l'action<br \/>\nNotre \u00e9quipe professionnelle de recherche et d\u00e9veloppement s'engage \u00e0 innover en permanence en mati\u00e8re de conception, de performance et d'exp\u00e9rience utilisateur. En restant \u00e0 l'avant-garde des tendances du march\u00e9 et des avanc\u00e9es technologiques, nous nous assurons que les produits SIMPO-DATA restent comp\u00e9titifs et pr\u00eats pour l'avenir. Chaque produit est d\u00e9velopp\u00e9 avec une attention particuli\u00e8re aux d\u00e9tails - du design ergonomique et des interfaces intuitives aux performances stables du syst\u00e8me et \u00e0 l'efficacit\u00e9 \u00e9nerg\u00e9tique.<\/p>\n<p>Une qualit\u00e9 \u00e0 laquelle vous pouvez faire confiance<br \/>\nLa qualit\u00e9 est notre priorit\u00e9 absolue. De la s\u00e9lection des mati\u00e8res premi\u00e8res \u00e0 la production finale, chaque \u00e9tape est soumise \u00e0 des proc\u00e9dures strictes de contr\u00f4le de la qualit\u00e9. Nos installations de fabrication sont \u00e9quip\u00e9es d'un mat\u00e9riel d'essai de pointe pour garantir que chaque produit r\u00e9pond aux normes de qualit\u00e9 internationales et offre des performances durables.<\/p>\n<p>Service et assistance au niveau mondial<br \/>\nChez SIMPO-DATA, nous ne nous contentons pas de vendre des produits - nous fournissons des solutions compl\u00e8tes et un support apr\u00e8s-vente fiable. Notre \u00e9quipe d'ing\u00e9nieurs exp\u00e9riment\u00e9s et de sp\u00e9cialistes du service client est pr\u00eate \u00e0 vous assister dans l'installation, la formation, la maintenance et le support technique. Notre objectif est d'aider nos partenaires \u00e0 maximiser leur efficacit\u00e9, \u00e0 r\u00e9duire leurs co\u00fbts et \u00e0 am\u00e9liorer la satisfaction de leurs clients.<\/p>\n<p>Pourquoi choisir SIMPO-DATA ?<\/p>\n<p>Plus de 10 ans d'expertise dans le secteur des points de vente<\/p>\n<p>De fortes capacit\u00e9s de R&amp;D avec une innovation continue<\/p>\n<p>Gamme compl\u00e8te de produits couvrant plusieurs secteurs d'activit\u00e9<\/p>\n<p>Contr\u00f4le de qualit\u00e9 strict et respect des normes internationales<\/p>\n<p>\u00c9quipe professionnelle de vente et d'assistance technique \u00e0 l'\u00e9chelle mondiale<\/p>\n<p>Associez-vous \u00e0 SIMPO-DATA et laissez nos solutions de point de vente dynamiser vos op\u00e9rations commerciales. Ensemble, nous pouvons vous aider \u00e0 rationaliser les transactions, \u00e0 am\u00e9liorer l'efficacit\u00e9 op\u00e9rationnelle et \u00e0 offrir une exp\u00e9rience client exceptionnelle.<\/p>","protected":false},"excerpt":{"rendered":"<p>Scanner 1D\/2D \u00e0 d\u00e9tection automatique<br \/>\nAngle de balayage \u00b1 70\u00b0, \u00b1 70\u00b0, 360\u00b0 (Skew, Pitch, Roll)<br \/>\nTension d'entr\u00e9e 4,6V \u00e0 5,5V DC<\/p>","protected":false},"featured_media":784,"comment_status":"open","ping_status":"closed","template":"","meta":[],"product_brand":[],"product_cat":[178,17],"product_tag":[],"class_list":{"0":"post-783","1":"product","2":"type-product","3":"status-publish","4":"has-post-thumbnail","6":"product_cat-barcode-scanner","7":"product_cat-uncategorized","9":"first","10":"instock","11":"shipping-taxable","12":"product-type-simple"},"yoast_head":"<!-- This site is optimized with the Yoast SEO plugin v27.3 - https:\/\/yoast.com\/product\/yoast-seo-wordpress\/ -->\n<title>K1 Scanner - simpo-datatec.com<\/title>\n<meta name=\"description\" content=\"K1 Scanner - all-in-one POS terminals, touch screen monitors, thermal receipt printers, barcode scanners, cash drawers, and mobile POS devices\" \/>\n<meta name=\"robots\" content=\"index, follow, max-snippet:-1, max-image-preview:large, max-video-preview:-1\" \/>\n<link rel=\"canonical\" href=\"https:\/\/simpo-datatec.com\/fr\/products\/product\/barcode-scanner\/k1-scanner\/\" \/>\n<meta property=\"og:locale\" content=\"fr_FR\" \/>\n<meta property=\"og:type\" content=\"article\" \/>\n<meta property=\"og:title\" content=\"K1 Scanner - simpo-datatec.com\" \/>\n<meta property=\"og:description\" content=\"K1 Scanner - all-in-one POS terminals, touch screen monitors, thermal receipt printers, barcode scanners, cash drawers, and mobile POS devices\" \/>\n<meta property=\"og:url\" content=\"https:\/\/simpo-datatec.com\/fr\/products\/product\/barcode-scanner\/k1-scanner\/\" \/>\n<meta property=\"og:site_name\" content=\"simpo-datatec.com\" \/>\n<meta property=\"article:modified_time\" content=\"2025-08-09T02:13:37+00:00\" \/>\n<meta property=\"og:image\" content=\"https:\/\/simpo-datatec.com\/wp-content\/uploads\/2024\/10\/1-500x500-27.jpg\" \/>\n\t<meta property=\"og:image:width\" content=\"500\" \/>\n\t<meta property=\"og:image:height\" content=\"500\" \/>\n\t<meta property=\"og:image:type\" content=\"image\/jpeg\" \/>\n<meta name=\"twitter:card\" content=\"summary_large_image\" \/>\n<meta name=\"twitter:label1\" content=\"Dur\u00e9e de lecture estim\u00e9e\" \/>\n\t<meta name=\"twitter:data1\" content=\"4 minutes\" \/>\n<script type=\"application\/ld+json\" class=\"yoast-schema-graph\">{\"@context\":\"https:\\\/\\\/schema.org\",\"@graph\":[{\"@type\":\"WebPage\",\"@id\":\"https:\\\/\\\/simpo-datatec.com\\\/ru\\\/products\\\/product\\\/barcode-scanner\\\/k1-scanner\\\/\",\"url\":\"https:\\\/\\\/simpo-datatec.com\\\/ru\\\/products\\\/product\\\/barcode-scanner\\\/k1-scanner\\\/\",\"name\":\"K1 Scanner - simpo-datatec.com\",\"isPartOf\":{\"@id\":\"https:\\\/\\\/simpo-datatec.com\\\/#website\"},\"primaryImageOfPage\":{\"@id\":\"https:\\\/\\\/simpo-datatec.com\\\/ru\\\/products\\\/product\\\/barcode-scanner\\\/k1-scanner\\\/#primaryimage\"},\"image\":{\"@id\":\"https:\\\/\\\/simpo-datatec.com\\\/ru\\\/products\\\/product\\\/barcode-scanner\\\/k1-scanner\\\/#primaryimage\"},\"thumbnailUrl\":\"https:\\\/\\\/simpo-datatec.com\\\/wp-content\\\/uploads\\\/2024\\\/10\\\/1-500x500-27.jpg\",\"datePublished\":\"2024-10-10T09:34:53+00:00\",\"dateModified\":\"2025-08-09T02:13:37+00:00\",\"description\":\"K1 Scanner - all-in-one POS terminals, touch screen monitors, thermal receipt printers, barcode scanners, cash drawers, and mobile POS devices\",\"breadcrumb\":{\"@id\":\"https:\\\/\\\/simpo-datatec.com\\\/ru\\\/products\\\/product\\\/barcode-scanner\\\/k1-scanner\\\/#breadcrumb\"},\"inLanguage\":\"fr-FR\",\"potentialAction\":[{\"@type\":\"ReadAction\",\"target\":[\"https:\\\/\\\/simpo-datatec.com\\\/ru\\\/products\\\/product\\\/barcode-scanner\\\/k1-scanner\\\/\"]}]},{\"@type\":\"ImageObject\",\"inLanguage\":\"fr-FR\",\"@id\":\"https:\\\/\\\/simpo-datatec.com\\\/ru\\\/products\\\/product\\\/barcode-scanner\\\/k1-scanner\\\/#primaryimage\",\"url\":\"https:\\\/\\\/simpo-datatec.com\\\/wp-content\\\/uploads\\\/2024\\\/10\\\/1-500x500-27.jpg\",\"contentUrl\":\"https:\\\/\\\/simpo-datatec.com\\\/wp-content\\\/uploads\\\/2024\\\/10\\\/1-500x500-27.jpg\",\"width\":500,\"height\":500,\"caption\":\"K1 Scanner\"},{\"@type\":\"BreadcrumbList\",\"@id\":\"https:\\\/\\\/simpo-datatec.com\\\/ru\\\/products\\\/product\\\/barcode-scanner\\\/k1-scanner\\\/#breadcrumb\",\"itemListElement\":[{\"@type\":\"ListItem\",\"position\":1,\"name\":\"\u9996\u9875\",\"item\":\"https:\\\/\\\/simpo-datatec.com\\\/\"},{\"@type\":\"ListItem\",\"position\":2,\"name\":\"Products\",\"item\":\"https:\\\/\\\/simpo-datatec.com\\\/products\\\/\"},{\"@type\":\"ListItem\",\"position\":3,\"name\":\"K1 Scanner\"}]},{\"@type\":\"WebSite\",\"@id\":\"https:\\\/\\\/simpo-datatec.com\\\/#website\",\"url\":\"https:\\\/\\\/simpo-datatec.com\\\/\",\"name\":\"simpo-datatec.com\",\"description\":\"\",\"potentialAction\":[{\"@type\":\"SearchAction\",\"target\":{\"@type\":\"EntryPoint\",\"urlTemplate\":\"https:\\\/\\\/simpo-datatec.com\\\/?s={search_term_string}\"},\"query-input\":{\"@type\":\"PropertyValueSpecification\",\"valueRequired\":true,\"valueName\":\"search_term_string\"}}],\"inLanguage\":\"fr-FR\"}]}<\/script>\n<!-- \/ Yoast SEO plugin. -->","yoast_head_json":{"title":"K1 Scanner - simpo-datatec.com","description":"K1 Scanner - all-in-one POS terminals, touch screen monitors, thermal receipt printers, barcode scanners, cash drawers, and mobile POS devices","robots":{"index":"index","follow":"follow","max-snippet":"max-snippet:-1","max-image-preview":"max-image-preview:large","max-video-preview":"max-video-preview:-1"},"canonical":"https:\/\/simpo-datatec.com\/fr\/products\/product\/barcode-scanner\/k1-scanner\/","og_locale":"fr_FR","og_type":"article","og_title":"K1 Scanner - simpo-datatec.com","og_description":"K1 Scanner - all-in-one POS terminals, touch screen monitors, thermal receipt printers, barcode scanners, cash drawers, and mobile POS devices","og_url":"https:\/\/simpo-datatec.com\/fr\/products\/product\/barcode-scanner\/k1-scanner\/","og_site_name":"simpo-datatec.com","article_modified_time":"2025-08-09T02:13:37+00:00","og_image":[{"width":500,"height":500,"url":"https:\/\/simpo-datatec.com\/wp-content\/uploads\/2024\/10\/1-500x500-27.jpg","type":"image\/jpeg"}],"twitter_card":"summary_large_image","twitter_misc":{"Dur\u00e9e de lecture estim\u00e9e":"4 minutes"},"schema":{"@context":"https:\/\/schema.org","@graph":[{"@type":"WebPage","@id":"https:\/\/simpo-datatec.com\/ru\/products\/product\/barcode-scanner\/k1-scanner\/","url":"https:\/\/simpo-datatec.com\/ru\/products\/product\/barcode-scanner\/k1-scanner\/","name":"K1 Scanner - simpo-datatec.com","isPartOf":{"@id":"https:\/\/simpo-datatec.com\/#website"},"primaryImageOfPage":{"@id":"https:\/\/simpo-datatec.com\/ru\/products\/product\/barcode-scanner\/k1-scanner\/#primaryimage"},"image":{"@id":"https:\/\/simpo-datatec.com\/ru\/products\/product\/barcode-scanner\/k1-scanner\/#primaryimage"},"thumbnailUrl":"https:\/\/simpo-datatec.com\/wp-content\/uploads\/2024\/10\/1-500x500-27.jpg","datePublished":"2024-10-10T09:34:53+00:00","dateModified":"2025-08-09T02:13:37+00:00","description":"K1 Scanner - all-in-one POS terminals, touch screen monitors, thermal receipt printers, barcode scanners, cash drawers, and mobile POS devices","breadcrumb":{"@id":"https:\/\/simpo-datatec.com\/ru\/products\/product\/barcode-scanner\/k1-scanner\/#breadcrumb"},"inLanguage":"fr-FR","potentialAction":[{"@type":"ReadAction","target":["https:\/\/simpo-datatec.com\/ru\/products\/product\/barcode-scanner\/k1-scanner\/"]}]},{"@type":"ImageObject","inLanguage":"fr-FR","@id":"https:\/\/simpo-datatec.com\/ru\/products\/product\/barcode-scanner\/k1-scanner\/#primaryimage","url":"https:\/\/simpo-datatec.com\/wp-content\/uploads\/2024\/10\/1-500x500-27.jpg","contentUrl":"https:\/\/simpo-datatec.com\/wp-content\/uploads\/2024\/10\/1-500x500-27.jpg","width":500,"height":500,"caption":"K1 Scanner"},{"@type":"BreadcrumbList","@id":"https:\/\/simpo-datatec.com\/ru\/products\/product\/barcode-scanner\/k1-scanner\/#breadcrumb","itemListElement":[{"@type":"ListItem","position":1,"name":"\u9996\u9875","item":"https:\/\/simpo-datatec.com\/"},{"@type":"ListItem","position":2,"name":"Products","item":"https:\/\/simpo-datatec.com\/products\/"},{"@type":"ListItem","position":3,"name":"K1 Scanner"}]},{"@type":"WebSite","@id":"https:\/\/simpo-datatec.com\/#website","url":"https:\/\/simpo-datatec.com\/","name":"simpo-datatec.com","description":"","potentialAction":[{"@type":"SearchAction","target":{"@type":"EntryPoint","urlTemplate":"https:\/\/simpo-datatec.com\/?s={search_term_string}"},"query-input":{"@type":"PropertyValueSpecification","valueRequired":true,"valueName":"search_term_string"}}],"inLanguage":"fr-FR"}]}},"_links":{"self":[{"href":"https:\/\/simpo-datatec.com\/fr\/wp-json\/wp\/v2\/product\/783","targetHints":{"allow":["GET"]}}],"collection":[{"href":"https:\/\/simpo-datatec.com\/fr\/wp-json\/wp\/v2\/product"}],"about":[{"href":"https:\/\/simpo-datatec.com\/fr\/wp-json\/wp\/v2\/types\/product"}],"replies":[{"embeddable":true,"href":"https:\/\/simpo-datatec.com\/fr\/wp-json\/wp\/v2\/comments?post=783"}],"wp:featuredmedia":[{"embeddable":true,"href":"https:\/\/simpo-datatec.com\/fr\/wp-json\/wp\/v2\/media\/784"}],"wp:attachment":[{"href":"https:\/\/simpo-datatec.com\/fr\/wp-json\/wp\/v2\/media?parent=783"}],"wp:term":[{"taxonomy":"product_brand","embeddable":true,"href":"https:\/\/simpo-datatec.com\/fr\/wp-json\/wp\/v2\/product_brand?post=783"},{"taxonomy":"product_cat","embeddable":true,"href":"https:\/\/simpo-datatec.com\/fr\/wp-json\/wp\/v2\/product_cat?post=783"},{"taxonomy":"product_tag","embeddable":true,"href":"https:\/\/simpo-datatec.com\/fr\/wp-json\/wp\/v2\/product_tag?post=783"}],"curies":[{"name":"wp","href":"https:\/\/api.w.org\/{rel}","templated":true}]}}