{"id":682,"date":"2024-10-10T17:04:44","date_gmt":"2024-10-10T09:04:44","guid":{"rendered":"https:\/\/simpo-datatec.com\/?post_type=product&#038;p=682"},"modified":"2025-08-09T14:53:39","modified_gmt":"2025-08-09T06:53:39","slug":"m15-pos-system","status":"publish","type":"product","link":"https:\/\/simpo-datatec.com\/fr\/products\/resolution\/1024-x-768\/m15-pos-system\/","title":{"rendered":"M15 POS SYSTEM"},"content":{"rendered":"<table width=\"992\">\n<tbody>\n<tr>\n<td width=\"278\">Objet<\/td>\n<td colspan=\"2\" width=\"714\">Param\u00e8tres<\/td>\n<\/tr>\n<tr>\n<td width=\"278\">UNIT\u00c9 CENTRALE<\/td>\n<td colspan=\"2\" width=\"714\">Intel Core i3 8nd<\/td>\n<\/tr>\n<tr>\n<td width=\"278\">RAM<\/td>\n<td colspan=\"2\" width=\"714\">8G<\/td>\n<\/tr>\n<tr>\n<td width=\"278\">Disque dur<\/td>\n<td colspan=\"2\" width=\"714\">128G SSD<\/td>\n<\/tr>\n<tr>\n<td width=\"278\">Support du syst\u00e8me d'exploitation (sans le syst\u00e8me d'exploitation)<\/td>\n<td colspan=\"2\" width=\"714\">Windows XP\/7\/8\/10\/11, Linux<\/td>\n<\/tr>\n<tr>\n<td width=\"278\">R\u00e9solution<\/td>\n<td colspan=\"2\" width=\"714\">1920*1080<\/td>\n<\/tr>\n<tr>\n<td width=\"278\">\u00c9cran d'affichage<\/td>\n<td colspan=\"2\" width=\"714\">15,6 pouces TFT-LCD<\/td>\n<\/tr>\n<tr>\n<td width=\"278\">\u00c9cran tactile<\/td>\n<td colspan=\"2\" width=\"714\">\u00c9cran tactile capacitif \u00e0 10 points en plein \u00e9cran<\/td>\n<\/tr>\n<tr>\n<td width=\"278\">Interface<\/td>\n<td colspan=\"2\" width=\"714\">COM*1, VGA*1, RJ45*1, DC-IN*1, MIC*1, sortie audio*1, USB*6(2 externes)<\/td>\n<\/tr>\n<tr>\n<td width=\"278\">Couleur<\/td>\n<td colspan=\"2\" width=\"714\">Argent<\/td>\n<\/tr>\n<tr>\n<td colspan=\"3\">Autres<\/td>\n<\/tr>\n<tr>\n<td>Certificats<\/td>\n<td colspan=\"2\">CE, ROHS, FCC, CCC<\/td>\n<\/tr>\n<tr>\n<td width=\"278\">Temp\u00e9rature de fonctionnement<\/td>\n<td colspan=\"2\" width=\"714\">0\u2103-50\u2103<\/td>\n<\/tr>\n<tr>\n<td width=\"278\">Temp\u00e9rature de stockage<\/td>\n<td colspan=\"2\" width=\"714\">- 20\u2103~60\u2103<\/td>\n<\/tr>\n<tr>\n<td width=\"278\">Humidit\u00e9<\/td>\n<td colspan=\"2\" width=\"714\">10%~90%<\/td>\n<\/tr>\n<tr>\n<td>Alimentation \u00e9lectrique<\/td>\n<td colspan=\"2\">adaptateur d'alimentation externe 12V 5A<\/td>\n<\/tr>\n<tr>\n<td colspan=\"3\">Domaines d'application<\/td>\n<\/tr>\n<tr>\n<td colspan=\"3\">Restaurant, commerce de d\u00e9tail, supermarch\u00e9, F&amp;B, logistique, etc.<\/td>\n<\/tr>\n<tr>\n<td colspan=\"3\">Emballage<\/td>\n<\/tr>\n<tr>\n<td>N.W<\/td>\n<td colspan=\"2\" width=\"714\">6KG<\/td>\n<\/tr>\n<tr>\n<td>G.W<\/td>\n<td colspan=\"2\" width=\"714\">6,5 kg<\/td>\n<\/tr>\n<tr>\n<td>Taille du carton<\/td>\n<td colspan=\"2\" width=\"714\">46*28*42cm<\/td>\n<\/tr>\n<\/tbody>\n<\/table>\n<p>SIMPO-DATA est un fabricant de pointe qui se consacre \u00e0 la recherche et au d\u00e9veloppement, \u00e0 la production, \u00e0 la vente et au service apr\u00e8s-vente de syst\u00e8mes POS (Point of Sale) avanc\u00e9s. Avec plus d'une d\u00e9cennie d'exp\u00e9rience dans l'industrie, nous nous sommes forg\u00e9 une solide r\u00e9putation en fournissant des solutions POS fiables, innovantes et performantes \u00e0 nos clients dans le monde entier.<\/p>\n<p>Depuis notre cr\u00e9ation, nous avons adh\u00e9r\u00e9 \u00e0 la philosophie d'entreprise \"La qualit\u00e9 cr\u00e9e le march\u00e9, l'innovation cr\u00e9e l'avenir\". Cet engagement nous pousse \u00e0 am\u00e9liorer continuellement nos produits et \u00e0 \u00e9largir notre offre pour r\u00e9pondre aux diverses demandes des march\u00e9s mondiaux. Notre gamme compl\u00e8te de produits couvre un large \u00e9ventail de secteurs, notamment la vente au d\u00e9tail, la restauration, les supermarch\u00e9s, l'h\u00f4tellerie, l'alimentation et les boissons, ainsi que la logistique. Que vous soyez \u00e0 la t\u00eate d'une petite entreprise ou que vous g\u00e9riez une grande cha\u00eene de magasins, SIMPO-DATA a la solution POS qu'il vous faut.<\/p>\n<p>Gamme de produits \u00e9tendue<br \/>\nNotre gamme de produits POS comprend des terminaux POS tout-en-un, des \u00e9crans tactiles, des imprimantes thermiques de re\u00e7us, des lecteurs de codes-barres, des tiroirs-caisses et des dispositifs POS mobiles. Nous fournissons des syst\u00e8mes POS complets et int\u00e9gr\u00e9s ainsi que des composants individuels, ce qui vous permet de personnaliser la solution qui correspond le mieux \u00e0 votre mod\u00e8le d'entreprise.En plus de M15 POS SYSTEM\uff0c<a href=\"https:\/\/simpo-datatec.com\/fr\/products\/\" target=\"_blank\" rel=\"noopener\">Cliquez ici pour voir plus de produits.<\/a><\/p>\n<p>L'innovation au c\u0153ur de l'action<br \/>\nNotre \u00e9quipe professionnelle de recherche et d\u00e9veloppement s'engage \u00e0 innover en permanence en mati\u00e8re de conception, de performance et d'exp\u00e9rience utilisateur. En restant \u00e0 l'avant-garde des tendances du march\u00e9 et des avanc\u00e9es technologiques, nous nous assurons que les produits SIMPO-DATA restent comp\u00e9titifs et pr\u00eats pour l'avenir. Chaque produit est d\u00e9velopp\u00e9 avec une attention particuli\u00e8re aux d\u00e9tails - du design ergonomique et des interfaces intuitives aux performances stables du syst\u00e8me et \u00e0 l'efficacit\u00e9 \u00e9nerg\u00e9tique.<\/p>\n<p>Une qualit\u00e9 \u00e0 laquelle vous pouvez faire confiance<br \/>\nLa qualit\u00e9 est notre priorit\u00e9 absolue. De la s\u00e9lection des mati\u00e8res premi\u00e8res \u00e0 la production finale, chaque \u00e9tape est soumise \u00e0 des proc\u00e9dures strictes de contr\u00f4le de la qualit\u00e9. Nos installations de fabrication sont \u00e9quip\u00e9es d'un mat\u00e9riel d'essai de pointe pour garantir que chaque produit r\u00e9pond aux normes de qualit\u00e9 internationales et offre des performances durables.<\/p>\n<p>Service et assistance au niveau mondial<br \/>\nChez SIMPO-DATA, nous ne nous contentons pas de vendre des produits - nous fournissons des solutions compl\u00e8tes et un support apr\u00e8s-vente fiable. Notre \u00e9quipe d'ing\u00e9nieurs exp\u00e9riment\u00e9s et de sp\u00e9cialistes du service client est pr\u00eate \u00e0 vous assister dans l'installation, la formation, la maintenance et le support technique. Notre objectif est d'aider nos partenaires \u00e0 maximiser leur efficacit\u00e9, \u00e0 r\u00e9duire leurs co\u00fbts et \u00e0 am\u00e9liorer la satisfaction de leurs clients.<\/p>\n<p>Pourquoi choisir SIMPO-DATA ?<\/p>\n<p>Plus de 10 ans d'expertise dans le secteur des points de vente<\/p>\n<p>De fortes capacit\u00e9s de R&amp;D avec une innovation continue<\/p>\n<p>Gamme compl\u00e8te de produits couvrant plusieurs secteurs d'activit\u00e9<\/p>\n<p>Contr\u00f4le de qualit\u00e9 strict et respect des normes internationales<\/p>\n<p>\u00c9quipe professionnelle de vente et d'assistance technique \u00e0 l'\u00e9chelle mondiale<\/p>\n<p>Associez-vous \u00e0 SIMPO-DATA et laissez nos solutions de point de vente dynamiser vos op\u00e9rations commerciales. Ensemble, nous pouvons vous aider \u00e0 rationaliser les transactions, \u00e0 am\u00e9liorer l'efficacit\u00e9 op\u00e9rationnelle et \u00e0 offrir une exp\u00e9rience client exceptionnelle.<\/p>","protected":false},"excerpt":{"rendered":"<p>Conception de la base en aluminium, plus rapide pour la dissipation de la chaleur.<br \/>\nSupport tr\u00e8s stable, ne bouge pas m\u00eame si l'on clique fort.<br \/>\nDesign \u00e9l\u00e9gant et c\u00e2blage dissimul\u00e9.<br \/>\n\u00c9cran tactile mince, tr\u00e8s bonne texture<\/p>","protected":false},"featured_media":683,"comment_status":"open","ping_status":"closed","template":"","meta":[],"product_brand":[],"product_cat":[203,197,192,193,188,184,194,174,17,180],"product_tag":[],"class_list":{"0":"post-682","1":"product","2":"type-product","3":"status-publish","4":"has-post-thumbnail","6":"product_cat-1024-x-768","7":"product_cat-197","8":"product_cat-core-i3","9":"product_cat-core-i5","10":"product_cat-desktop-pos-system-stand-type","11":"product_cat-desktop-pos-system","12":"product_cat-j6412","13":"product_cat-pos-system","14":"product_cat-uncategorized","15":"product_cat-windows-pos","17":"first","18":"instock","19":"shipping-taxable","20":"product-type-simple"},"yoast_head":"<!-- This site is optimized with the Yoast SEO plugin v27.3 - https:\/\/yoast.com\/product\/yoast-seo-wordpress\/ -->\n<title>M15 POS SYSTEM - simpo-datatec.com<\/title>\n<meta name=\"description\" content=\"M15 POS SYSTEM - all-in-one POS terminals, touch screen monitors, thermal receipt printers, barcode scanners, cash drawers, and mobile POS devices\" \/>\n<meta name=\"robots\" content=\"index, follow, max-snippet:-1, max-image-preview:large, max-video-preview:-1\" \/>\n<link rel=\"canonical\" href=\"https:\/\/simpo-datatec.com\/fr\/products\/resolution\/1024-x-768\/m15-pos-system\/\" \/>\n<meta property=\"og:locale\" content=\"fr_FR\" \/>\n<meta property=\"og:type\" content=\"article\" \/>\n<meta property=\"og:title\" content=\"M15 POS SYSTEM - simpo-datatec.com\" \/>\n<meta property=\"og:description\" content=\"M15 POS SYSTEM - all-in-one POS terminals, touch screen monitors, thermal receipt printers, barcode scanners, cash drawers, and mobile POS devices\" \/>\n<meta property=\"og:url\" content=\"https:\/\/simpo-datatec.com\/fr\/products\/resolution\/1024-x-768\/m15-pos-system\/\" \/>\n<meta property=\"og:site_name\" content=\"simpo-datatec.com\" \/>\n<meta property=\"article:modified_time\" content=\"2025-08-09T06:53:39+00:00\" \/>\n<meta property=\"og:image\" content=\"https:\/\/simpo-datatec.com\/wp-content\/uploads\/2024\/10\/1-500x500-6.jpg\" \/>\n\t<meta property=\"og:image:width\" content=\"500\" \/>\n\t<meta property=\"og:image:height\" content=\"500\" \/>\n\t<meta property=\"og:image:type\" content=\"image\/jpeg\" \/>\n<meta name=\"twitter:card\" content=\"summary_large_image\" \/>\n<meta name=\"twitter:label1\" content=\"Dur\u00e9e de lecture estim\u00e9e\" \/>\n\t<meta name=\"twitter:data1\" content=\"3 minutes\" \/>\n<script type=\"application\/ld+json\" class=\"yoast-schema-graph\">{\"@context\":\"https:\\\/\\\/schema.org\",\"@graph\":[{\"@type\":\"WebPage\",\"@id\":\"https:\\\/\\\/simpo-datatec.com\\\/products\\\/resolution\\\/1024-x-768\\\/m15-pos-system\\\/\",\"url\":\"https:\\\/\\\/simpo-datatec.com\\\/products\\\/resolution\\\/1024-x-768\\\/m15-pos-system\\\/\",\"name\":\"M15 POS SYSTEM - simpo-datatec.com\",\"isPartOf\":{\"@id\":\"https:\\\/\\\/simpo-datatec.com\\\/#website\"},\"primaryImageOfPage\":{\"@id\":\"https:\\\/\\\/simpo-datatec.com\\\/products\\\/resolution\\\/1024-x-768\\\/m15-pos-system\\\/#primaryimage\"},\"image\":{\"@id\":\"https:\\\/\\\/simpo-datatec.com\\\/products\\\/resolution\\\/1024-x-768\\\/m15-pos-system\\\/#primaryimage\"},\"thumbnailUrl\":\"https:\\\/\\\/simpo-datatec.com\\\/wp-content\\\/uploads\\\/2024\\\/10\\\/1-500x500-6.jpg\",\"datePublished\":\"2024-10-10T09:04:44+00:00\",\"dateModified\":\"2025-08-09T06:53:39+00:00\",\"description\":\"M15 POS SYSTEM - all-in-one POS terminals, touch screen monitors, thermal receipt printers, barcode scanners, cash drawers, and mobile POS devices\",\"breadcrumb\":{\"@id\":\"https:\\\/\\\/simpo-datatec.com\\\/products\\\/resolution\\\/1024-x-768\\\/m15-pos-system\\\/#breadcrumb\"},\"inLanguage\":\"fr-FR\",\"potentialAction\":[{\"@type\":\"ReadAction\",\"target\":[\"https:\\\/\\\/simpo-datatec.com\\\/products\\\/resolution\\\/1024-x-768\\\/m15-pos-system\\\/\"]}]},{\"@type\":\"ImageObject\",\"inLanguage\":\"fr-FR\",\"@id\":\"https:\\\/\\\/simpo-datatec.com\\\/products\\\/resolution\\\/1024-x-768\\\/m15-pos-system\\\/#primaryimage\",\"url\":\"https:\\\/\\\/simpo-datatec.com\\\/wp-content\\\/uploads\\\/2024\\\/10\\\/1-500x500-6.jpg\",\"contentUrl\":\"https:\\\/\\\/simpo-datatec.com\\\/wp-content\\\/uploads\\\/2024\\\/10\\\/1-500x500-6.jpg\",\"width\":500,\"height\":500,\"caption\":\"M15 POS SYSTEM\"},{\"@type\":\"BreadcrumbList\",\"@id\":\"https:\\\/\\\/simpo-datatec.com\\\/products\\\/resolution\\\/1024-x-768\\\/m15-pos-system\\\/#breadcrumb\",\"itemListElement\":[{\"@type\":\"ListItem\",\"position\":1,\"name\":\"\u9996\u9875\",\"item\":\"https:\\\/\\\/simpo-datatec.com\\\/\"},{\"@type\":\"ListItem\",\"position\":2,\"name\":\"Products\",\"item\":\"https:\\\/\\\/simpo-datatec.com\\\/products\\\/\"},{\"@type\":\"ListItem\",\"position\":3,\"name\":\"M15 POS SYSTEM\"}]},{\"@type\":\"WebSite\",\"@id\":\"https:\\\/\\\/simpo-datatec.com\\\/#website\",\"url\":\"https:\\\/\\\/simpo-datatec.com\\\/\",\"name\":\"simpo-datatec.com\",\"description\":\"\",\"potentialAction\":[{\"@type\":\"SearchAction\",\"target\":{\"@type\":\"EntryPoint\",\"urlTemplate\":\"https:\\\/\\\/simpo-datatec.com\\\/?s={search_term_string}\"},\"query-input\":{\"@type\":\"PropertyValueSpecification\",\"valueRequired\":true,\"valueName\":\"search_term_string\"}}],\"inLanguage\":\"fr-FR\"}]}<\/script>\n<!-- \/ Yoast SEO plugin. -->","yoast_head_json":{"title":"M15 POS SYSTEM - simpo-datatec.com","description":"M15 POS SYSTEM - all-in-one POS terminals, touch screen monitors, thermal receipt printers, barcode scanners, cash drawers, and mobile POS devices","robots":{"index":"index","follow":"follow","max-snippet":"max-snippet:-1","max-image-preview":"max-image-preview:large","max-video-preview":"max-video-preview:-1"},"canonical":"https:\/\/simpo-datatec.com\/fr\/products\/resolution\/1024-x-768\/m15-pos-system\/","og_locale":"fr_FR","og_type":"article","og_title":"M15 POS SYSTEM - simpo-datatec.com","og_description":"M15 POS SYSTEM - all-in-one POS terminals, touch screen monitors, thermal receipt printers, barcode scanners, cash drawers, and mobile POS devices","og_url":"https:\/\/simpo-datatec.com\/fr\/products\/resolution\/1024-x-768\/m15-pos-system\/","og_site_name":"simpo-datatec.com","article_modified_time":"2025-08-09T06:53:39+00:00","og_image":[{"width":500,"height":500,"url":"https:\/\/simpo-datatec.com\/wp-content\/uploads\/2024\/10\/1-500x500-6.jpg","type":"image\/jpeg"}],"twitter_card":"summary_large_image","twitter_misc":{"Dur\u00e9e de lecture estim\u00e9e":"3 minutes"},"schema":{"@context":"https:\/\/schema.org","@graph":[{"@type":"WebPage","@id":"https:\/\/simpo-datatec.com\/products\/resolution\/1024-x-768\/m15-pos-system\/","url":"https:\/\/simpo-datatec.com\/products\/resolution\/1024-x-768\/m15-pos-system\/","name":"M15 POS SYSTEM - simpo-datatec.com","isPartOf":{"@id":"https:\/\/simpo-datatec.com\/#website"},"primaryImageOfPage":{"@id":"https:\/\/simpo-datatec.com\/products\/resolution\/1024-x-768\/m15-pos-system\/#primaryimage"},"image":{"@id":"https:\/\/simpo-datatec.com\/products\/resolution\/1024-x-768\/m15-pos-system\/#primaryimage"},"thumbnailUrl":"https:\/\/simpo-datatec.com\/wp-content\/uploads\/2024\/10\/1-500x500-6.jpg","datePublished":"2024-10-10T09:04:44+00:00","dateModified":"2025-08-09T06:53:39+00:00","description":"M15 POS SYSTEM - all-in-one POS terminals, touch screen monitors, thermal receipt printers, barcode scanners, cash drawers, and mobile POS devices","breadcrumb":{"@id":"https:\/\/simpo-datatec.com\/products\/resolution\/1024-x-768\/m15-pos-system\/#breadcrumb"},"inLanguage":"fr-FR","potentialAction":[{"@type":"ReadAction","target":["https:\/\/simpo-datatec.com\/products\/resolution\/1024-x-768\/m15-pos-system\/"]}]},{"@type":"ImageObject","inLanguage":"fr-FR","@id":"https:\/\/simpo-datatec.com\/products\/resolution\/1024-x-768\/m15-pos-system\/#primaryimage","url":"https:\/\/simpo-datatec.com\/wp-content\/uploads\/2024\/10\/1-500x500-6.jpg","contentUrl":"https:\/\/simpo-datatec.com\/wp-content\/uploads\/2024\/10\/1-500x500-6.jpg","width":500,"height":500,"caption":"M15 POS SYSTEM"},{"@type":"BreadcrumbList","@id":"https:\/\/simpo-datatec.com\/products\/resolution\/1024-x-768\/m15-pos-system\/#breadcrumb","itemListElement":[{"@type":"ListItem","position":1,"name":"\u9996\u9875","item":"https:\/\/simpo-datatec.com\/"},{"@type":"ListItem","position":2,"name":"Products","item":"https:\/\/simpo-datatec.com\/products\/"},{"@type":"ListItem","position":3,"name":"M15 POS SYSTEM"}]},{"@type":"WebSite","@id":"https:\/\/simpo-datatec.com\/#website","url":"https:\/\/simpo-datatec.com\/","name":"simpo-datatec.com","description":"","potentialAction":[{"@type":"SearchAction","target":{"@type":"EntryPoint","urlTemplate":"https:\/\/simpo-datatec.com\/?s={search_term_string}"},"query-input":{"@type":"PropertyValueSpecification","valueRequired":true,"valueName":"search_term_string"}}],"inLanguage":"fr-FR"}]}},"_links":{"self":[{"href":"https:\/\/simpo-datatec.com\/fr\/wp-json\/wp\/v2\/product\/682","targetHints":{"allow":["GET"]}}],"collection":[{"href":"https:\/\/simpo-datatec.com\/fr\/wp-json\/wp\/v2\/product"}],"about":[{"href":"https:\/\/simpo-datatec.com\/fr\/wp-json\/wp\/v2\/types\/product"}],"replies":[{"embeddable":true,"href":"https:\/\/simpo-datatec.com\/fr\/wp-json\/wp\/v2\/comments?post=682"}],"wp:featuredmedia":[{"embeddable":true,"href":"https:\/\/simpo-datatec.com\/fr\/wp-json\/wp\/v2\/media\/683"}],"wp:attachment":[{"href":"https:\/\/simpo-datatec.com\/fr\/wp-json\/wp\/v2\/media?parent=682"}],"wp:term":[{"taxonomy":"product_brand","embeddable":true,"href":"https:\/\/simpo-datatec.com\/fr\/wp-json\/wp\/v2\/product_brand?post=682"},{"taxonomy":"product_cat","embeddable":true,"href":"https:\/\/simpo-datatec.com\/fr\/wp-json\/wp\/v2\/product_cat?post=682"},{"taxonomy":"product_tag","embeddable":true,"href":"https:\/\/simpo-datatec.com\/fr\/wp-json\/wp\/v2\/product_tag?post=682"}],"curies":[{"name":"wp","href":"https:\/\/api.w.org\/{rel}","templated":true}]}}