{"id":1631,"date":"2026-04-24T23:44:56","date_gmt":"2026-04-24T15:44:56","guid":{"rendered":"https:\/\/simpo-datatec.com\/?post_type=product&#038;p=1631"},"modified":"2026-04-28T18:25:13","modified_gmt":"2026-04-28T10:25:13","slug":"sp-z2-16x-face-recognition-pan-tilt-camera-2","status":"publish","type":"product","link":"https:\/\/simpo-datatec.com\/fr\/produit\/sp-z2-16x-face-recognition-pan-tilt-camera-2\/","title":{"rendered":"SP-Z2 16x Access Control pan-tilt camera"},"content":{"rendered":"<ul>\n<li>Dot\u00e9 d'une grande puissance de calcul SOC<\/li>\n<li>Capteur Sony WDR 120db IMX327<\/li>\n<li>R\u00e9solution maximale 1920*1080@30fps<\/li>\n<li>Prise en charge de l'encodage H.265\/H.264<\/li>\n<li>Algorithme de d\u00e9tection et de reconnaissance des visages SenseTime CNN int\u00e9gr\u00e9<\/li>\n<li>D\u00e9tection des visages : 12 images par seconde, 50 images par seconde<\/li>\n<li>Reconnaissance des attributs, de l'\u00e2ge, du sexe, des lunettes, du chapeau, du masque, de la barbe, des v\u00eatements, de la coiffure, de l'humeur, etc.<\/li>\n<li>Prise en charge de la d\u00e9tection des visages, du suivi des visages, de la notation, de la s\u00e9lection et de la reconnaissance de toutes les fonctions<\/li>\n<li>Base de donn\u00e9es locale de visages jusqu'\u00e0 50000pcs<\/li>\n<li>Prise en charge de la configuration de la biblioth\u00e8que \u00e0 deux visages, liste blanche et liste noire<\/li>\n<li>Prise en charge des alertes pour les \u00e9trangers, les listes noires ou les VIP<\/li>\n<li>Prise en charge du rappel de suivi des inconnus (liste blanche + message vocal lorsque des inconnus apparaissent en m\u00eame temps)<\/li>\n<li>Prise en charge de l'interrupteur de d\u00e9tection de vivisection (les photos partielles peuvent \u00eatre filtr\u00e9es apr\u00e8s l'ouverture, la vitesse de reconnaissance des visages est ralentie).<\/li>\n<li>Soutenir les rappels de d\u00e9tection des masques (les masques doivent \u00eatre port\u00e9s apr\u00e8s l'ouverture)<\/li>\n<li>Rappels vocaux intensifs du personnel d'assistance (seuil du nombre de membres du personnel d'assistance fix\u00e9 \u00e0 2-10)<\/li>\n<li>100 000 enregistrements de trafic peuvent \u00eatre stock\u00e9s localement, et peuvent \u00eatre consult\u00e9s et export\u00e9s par des clients locaux.<\/li>\n<li>Prise en charge de la gamme 6-96mm\uff0816X\uff09 de l'\u00e9tirement multiple, de la mise au point automatique, de la croisi\u00e8re \u00e0 point pr\u00e9d\u00e9fini et d'autres fonctions<\/li>\n<li>Fonction PTZ panoramique\/inclinaison int\u00e9gr\u00e9e, prise en charge du zoom, des pr\u00e9r\u00e9glages, de la vitesse de croisi\u00e8re et d'autres fonctions<\/li>\n<li>24H de fonctionnement\uff0cla capture de visage se fait normalement sous infrarouge<\/li>\n<li>Prise en charge des protocoles ONVIF\uff0cGB28181\uff0chttp,mqtt standard<\/li>\n<li>Syst\u00e8me SDK ouvert, soutien \u00e0 l'int\u00e9gration de projets et au d\u00e9veloppement secondaire<\/li>\n<\/ul>\n<p>&nbsp;<\/p>\n<p><strong><b>SP-Z2<\/b><\/strong><\/p>\n<p>IPC HD \u00e0 reconnaissance faciale 2MP, prise en charge de la sortie audio \u00e0 1 canal, de la sortie de signal de relais \u00e0 1 canal, des fonctions RTC. (standard avec alimentation + r\u00e9seau + sortie relais + sortie alarme audio)<\/p>\n<p>&nbsp;<\/p>\n<p>&nbsp;<\/p>\n<p>&nbsp;<\/p>\n<table>\n<tbody>\n<tr>\n<td colspan=\"2\" width=\"205\">Mod\u00e8le<\/td>\n<td width=\"511\">Z2<\/td>\n<\/tr>\n<tr>\n<td colspan=\"3\" width=\"717\"><strong><b>Bulle faciale AI<\/b><\/strong><\/td>\n<\/tr>\n<tr>\n<td rowspan=\"9\" width=\"82\">D\u00e9tection et capture des visages<\/td>\n<td width=\"122\">Angle d'installation<\/td>\n<td width=\"511\">Mont\u00e9e-descente pas plus de 15<\/td>\n<\/tr>\n<tr>\n<td width=\"122\">Pixel minimum<\/td>\n<td width=\"511\">60*60<\/td>\n<\/tr>\n<tr>\n<td width=\"122\">Sensibilit\u00e9 de la d\u00e9tection<\/td>\n<td width=\"511\">Soutien<\/td>\n<\/tr>\n<tr>\n<td width=\"122\">Performance de d\u00e9tection<\/td>\n<td width=\"511\">50pcs faces\/fps<\/td>\n<\/tr>\n<tr>\n<td width=\"122\">Cadre du visage<\/td>\n<td width=\"511\">Soutien<\/td>\n<\/tr>\n<tr>\n<td width=\"122\">Armement de zone<\/td>\n<td width=\"511\">Soutien<\/td>\n<\/tr>\n<tr>\n<td width=\"122\">Mode capture<\/td>\n<td width=\"511\">Mode fixe<\/td>\n<\/tr>\n<tr>\n<td width=\"122\">Seuil de capture<\/td>\n<td width=\"511\">Soutien<\/td>\n<\/tr>\n<tr>\n<td width=\"122\">T\u00e9l\u00e9chargement d'images<\/td>\n<td width=\"511\">FTP\/HTTP\/MQTT<\/td>\n<\/tr>\n<tr>\n<td rowspan=\"5\" width=\"82\">comparaison<\/td>\n<td width=\"122\">Liste en noir et blanc<\/td>\n<td width=\"511\">Soutien<\/td>\n<\/tr>\n<tr>\n<td width=\"122\">Liste VIP<\/td>\n<td width=\"511\">Soutien<\/td>\n<\/tr>\n<tr>\n<td width=\"122\">Base de donn\u00e9es des visages<\/td>\n<td width=\"511\">50000max<\/td>\n<\/tr>\n<tr>\n<td width=\"122\">Comparaison de l'efficacit\u00e9<\/td>\n<td width=\"511\">300ms<\/td>\n<\/tr>\n<tr>\n<td width=\"122\">Pr\u00e9cision<\/td>\n<td width=\"511\">&gt;98.87%<\/td>\n<\/tr>\n<tr>\n<td colspan=\"2\" width=\"205\">Capteur d'image<\/td>\n<td width=\"511\">1\/2,8\u201d 2,0M SONY CMOS IMX327<\/td>\n<\/tr>\n<tr>\n<td colspan=\"2\" width=\"205\">Pixels<\/td>\n<td width=\"511\">1920(H)\u00d71080(V)<\/td>\n<\/tr>\n<tr>\n<td colspan=\"2\" width=\"205\">WDR<\/td>\n<td width=\"511\">Adaptation intelligente<\/td>\n<\/tr>\n<tr>\n<td colspan=\"2\" width=\"205\">\u00c9clairage minimal<\/td>\n<td width=\"511\">0,001lux<\/td>\n<\/tr>\n<tr>\n<td colspan=\"2\" width=\"205\">Rapport signal\/bruit<\/td>\n<td width=\"511\">\u226550dB(AGC OFF)<\/td>\n<\/tr>\n<tr>\n<td colspan=\"2\" width=\"205\">Mode d'exposition<\/td>\n<td width=\"511\">Exposition automatique, BLC<\/td>\n<\/tr>\n<tr>\n<td colspan=\"3\" width=\"717\"><strong><b>Interface <\/b><\/strong><\/td>\n<\/tr>\n<tr>\n<td colspan=\"2\" width=\"205\">Interface de stockage<\/td>\n<td width=\"511\">Prise en charge de la carte d'extension, prise en charge de la norme SDXC 4.0 Micro SD(TF), MAX 128G<\/td>\n<\/tr>\n<tr>\n<td colspan=\"2\" width=\"205\">Interface r\u00e9seau<\/td>\n<td width=\"511\">Adaptation r\u00e9seau 10\/100M\uff0cRJ45 adaptateur<\/td>\n<\/tr>\n<tr>\n<td colspan=\"2\" width=\"205\">Interface d'alarme<\/td>\n<td width=\"511\">Sortie relais 1 canal<\/td>\n<\/tr>\n<tr>\n<td colspan=\"3\" width=\"717\"><strong><b>Norme de compression<\/b><\/strong><\/td>\n<\/tr>\n<tr>\n<td colspan=\"2\" width=\"205\">Codage vid\u00e9o<\/td>\n<td width=\"511\">H.265 Main Profil \/H.264 High Profil<\/td>\n<\/tr>\n<tr>\n<td rowspan=\"2\" width=\"82\">R\u00e9solution<\/td>\n<td width=\"122\">Main stream (courant principal)<\/td>\n<td width=\"511\">1920\u00d71080\u30011280\u00d7960\u30011280\u00d7720<\/td>\n<\/tr>\n<tr>\n<td width=\"122\">Sous-flux<\/td>\n<td width=\"511\">704*576\u3001640\u00d7480\u3001352\u00d7288<\/td>\n<\/tr>\n<tr>\n<td colspan=\"2\" width=\"205\">Taux de code de compression vid\u00e9o<\/td>\n<td width=\"511\">128Kbps\uff5e8Mbps (r\u00e9glable manuellement)\uff0csupport CBR\/VBR<\/td>\n<\/tr>\n<tr>\n<td colspan=\"2\" width=\"205\">Audio<\/td>\n<td width=\"511\">Sortie 1 canal<\/td>\n<\/tr>\n<tr>\n<td colspan=\"2\" width=\"205\">OSD<\/td>\n<td width=\"511\">Prise en charge du nom de la cha\u00eene, de la date et de l'heure, du r\u00e9glage de la position<\/td>\n<\/tr>\n<tr>\n<td colspan=\"3\" width=\"717\"><strong><b>Protocole de r\u00e9seau<\/b><\/strong><\/td>\n<\/tr>\n<tr>\n<td colspan=\"2\" width=\"205\">Protocole de r\u00e9seau<\/td>\n<td width=\"511\">TCP\/IP\uff0cPTP\uff0cNTP\uff0cDHCP\uff0cUDP\uff0cSMTP\uff0cRTSP\uff0cDDNS\uff0cDNS\uff0cHTTP\u3001P2P<\/td>\n<\/tr>\n<tr>\n<td colspan=\"2\" width=\"205\">Protocole ONVIF<\/td>\n<td width=\"511\">ONVIF2.4<\/td>\n<\/tr>\n<tr>\n<td colspan=\"2\" width=\"205\">Protocole GB28181<\/td>\n<td width=\"511\">soutien<\/td>\n<\/tr>\n<tr>\n<td colspan=\"3\" width=\"717\"><strong><b>Param\u00e8tres g\u00e9n\u00e9raux <\/b><\/strong><\/td>\n<\/tr>\n<tr>\n<td colspan=\"2\" width=\"205\">Puissance<\/td>\n<td width=\"511\">DC 12V 2A<\/td>\n<\/tr>\n<\/tbody>\n<\/table>","protected":false},"excerpt":{"rendered":"<p>Cam\u00e9ra de reconnaissance faciale, cam\u00e9ra de pointage des employ\u00e9s, cam\u00e9ra de pointage des employ\u00e9s, cam\u00e9ra de pointage, pointeuse biom\u00e9trique, syst\u00e8me de pointage sans contact, pointage par reconnaissance faciale<\/p>","protected":false},"featured_media":1632,"template":"","meta":[],"product_brand":[],"product_cat":[272],"product_tag":[299,300,301,302],"class_list":{"0":"post-1631","1":"product","2":"type-product","3":"status-publish","4":"has-post-thumbnail","6":"product_cat-face-recognition-access-control-camera","7":"product_tag-biometric-access-control-camera","8":"product_tag-face-recognition-access-control-camera","9":"product_tag-touchless-access-control-system","10":"product_tag-visitor-management-system","12":"first","13":"instock","14":"shipping-taxable","15":"product-type-simple"},"yoast_head":"<!-- This site is optimized with the Yoast SEO plugin v27.3 - https:\/\/yoast.com\/product\/yoast-seo-wordpress\/ -->\n<title>SP-Z2 16x Access Control pan-tilt camera - simpo-datatec.com<\/title>\n<meta name=\"description\" content=\"Biometric Access Control Camera, Face Recognition Access Control Camera, Touchless Access Control System, Visitor Management System, Camera Based Access Control System, CCTV-Based Access Control System\" \/>\n<meta name=\"robots\" content=\"index, follow, max-snippet:-1, max-image-preview:large, max-video-preview:-1\" \/>\n<link rel=\"canonical\" href=\"https:\/\/simpo-datatec.com\/fr\/produit\/sp-z2-16x-face-recognition-pan-tilt-camera-2\/\" \/>\n<meta property=\"og:locale\" content=\"fr_FR\" \/>\n<meta property=\"og:type\" content=\"article\" \/>\n<meta property=\"og:title\" content=\"SP-Z2 16x Access Control pan-tilt camera - simpo-datatec.com\" \/>\n<meta property=\"og:description\" content=\"Biometric Access Control Camera, Face Recognition Access Control Camera, Touchless Access Control System, Visitor Management System, Camera Based Access Control System, CCTV-Based Access Control System\" \/>\n<meta property=\"og:url\" content=\"https:\/\/simpo-datatec.com\/fr\/produit\/sp-z2-16x-face-recognition-pan-tilt-camera-2\/\" \/>\n<meta property=\"og:site_name\" content=\"simpo-datatec.com\" \/>\n<meta property=\"article:modified_time\" content=\"2026-04-28T10:25:13+00:00\" \/>\n<meta property=\"og:image\" content=\"https:\/\/simpo-datatec.com\/wp-content\/uploads\/2026\/04\/5-1.jpg\" \/>\n\t<meta property=\"og:image:width\" content=\"500\" \/>\n\t<meta property=\"og:image:height\" content=\"500\" \/>\n\t<meta property=\"og:image:type\" content=\"image\/jpeg\" \/>\n<meta name=\"twitter:card\" content=\"summary_large_image\" \/>\n<meta name=\"twitter:label1\" content=\"Dur\u00e9e de lecture estim\u00e9e\" \/>\n\t<meta name=\"twitter:data1\" content=\"2 minutes\" \/>\n<script type=\"application\/ld+json\" class=\"yoast-schema-graph\">{\"@context\":\"https:\\\/\\\/schema.org\",\"@graph\":[{\"@type\":\"WebPage\",\"@id\":\"https:\\\/\\\/simpo-datatec.com\\\/product\\\/sp-z2-16x-face-recognition-pan-tilt-camera-2\\\/\",\"url\":\"https:\\\/\\\/simpo-datatec.com\\\/product\\\/sp-z2-16x-face-recognition-pan-tilt-camera-2\\\/\",\"name\":\"SP-Z2 16x Access Control pan-tilt camera - simpo-datatec.com\",\"isPartOf\":{\"@id\":\"https:\\\/\\\/simpo-datatec.com\\\/#website\"},\"primaryImageOfPage\":{\"@id\":\"https:\\\/\\\/simpo-datatec.com\\\/product\\\/sp-z2-16x-face-recognition-pan-tilt-camera-2\\\/#primaryimage\"},\"image\":{\"@id\":\"https:\\\/\\\/simpo-datatec.com\\\/product\\\/sp-z2-16x-face-recognition-pan-tilt-camera-2\\\/#primaryimage\"},\"thumbnailUrl\":\"https:\\\/\\\/simpo-datatec.com\\\/wp-content\\\/uploads\\\/2026\\\/04\\\/5-1.jpg\",\"datePublished\":\"2026-04-24T15:44:56+00:00\",\"dateModified\":\"2026-04-28T10:25:13+00:00\",\"description\":\"Biometric Access Control Camera, Face Recognition Access Control Camera, Touchless Access Control System, Visitor Management System, Camera Based Access Control System, CCTV-Based Access Control System\",\"breadcrumb\":{\"@id\":\"https:\\\/\\\/simpo-datatec.com\\\/product\\\/sp-z2-16x-face-recognition-pan-tilt-camera-2\\\/#breadcrumb\"},\"inLanguage\":\"fr-FR\",\"potentialAction\":[{\"@type\":\"ReadAction\",\"target\":[\"https:\\\/\\\/simpo-datatec.com\\\/product\\\/sp-z2-16x-face-recognition-pan-tilt-camera-2\\\/\"]}]},{\"@type\":\"ImageObject\",\"inLanguage\":\"fr-FR\",\"@id\":\"https:\\\/\\\/simpo-datatec.com\\\/product\\\/sp-z2-16x-face-recognition-pan-tilt-camera-2\\\/#primaryimage\",\"url\":\"https:\\\/\\\/simpo-datatec.com\\\/wp-content\\\/uploads\\\/2026\\\/04\\\/5-1.jpg\",\"contentUrl\":\"https:\\\/\\\/simpo-datatec.com\\\/wp-content\\\/uploads\\\/2026\\\/04\\\/5-1.jpg\",\"width\":500,\"height\":500},{\"@type\":\"BreadcrumbList\",\"@id\":\"https:\\\/\\\/simpo-datatec.com\\\/product\\\/sp-z2-16x-face-recognition-pan-tilt-camera-2\\\/#breadcrumb\",\"itemListElement\":[{\"@type\":\"ListItem\",\"position\":1,\"name\":\"\u9996\u9875\",\"item\":\"https:\\\/\\\/simpo-datatec.com\\\/\"},{\"@type\":\"ListItem\",\"position\":2,\"name\":\"Products\",\"item\":\"https:\\\/\\\/simpo-datatec.com\\\/products\\\/\"},{\"@type\":\"ListItem\",\"position\":3,\"name\":\"SP-Z2 16x Access Control pan-tilt camera\"}]},{\"@type\":\"WebSite\",\"@id\":\"https:\\\/\\\/simpo-datatec.com\\\/#website\",\"url\":\"https:\\\/\\\/simpo-datatec.com\\\/\",\"name\":\"simpo-datatec.com\",\"description\":\"\",\"potentialAction\":[{\"@type\":\"SearchAction\",\"target\":{\"@type\":\"EntryPoint\",\"urlTemplate\":\"https:\\\/\\\/simpo-datatec.com\\\/?s={search_term_string}\"},\"query-input\":{\"@type\":\"PropertyValueSpecification\",\"valueRequired\":true,\"valueName\":\"search_term_string\"}}],\"inLanguage\":\"fr-FR\"}]}<\/script>\n<!-- \/ Yoast SEO plugin. -->","yoast_head_json":{"title":"SP-Z2 16x Access Control pan-tilt camera - simpo-datatec.com","description":"Biometric Access Control Camera, Face Recognition Access Control Camera, Touchless Access Control System, Visitor Management System, Camera Based Access Control System, CCTV-Based Access Control System","robots":{"index":"index","follow":"follow","max-snippet":"max-snippet:-1","max-image-preview":"max-image-preview:large","max-video-preview":"max-video-preview:-1"},"canonical":"https:\/\/simpo-datatec.com\/fr\/produit\/sp-z2-16x-face-recognition-pan-tilt-camera-2\/","og_locale":"fr_FR","og_type":"article","og_title":"SP-Z2 16x Access Control pan-tilt camera - simpo-datatec.com","og_description":"Biometric Access Control Camera, Face Recognition Access Control Camera, Touchless Access Control System, Visitor Management System, Camera Based Access Control System, CCTV-Based Access Control System","og_url":"https:\/\/simpo-datatec.com\/fr\/produit\/sp-z2-16x-face-recognition-pan-tilt-camera-2\/","og_site_name":"simpo-datatec.com","article_modified_time":"2026-04-28T10:25:13+00:00","og_image":[{"width":500,"height":500,"url":"https:\/\/simpo-datatec.com\/wp-content\/uploads\/2026\/04\/5-1.jpg","type":"image\/jpeg"}],"twitter_card":"summary_large_image","twitter_misc":{"Dur\u00e9e de lecture estim\u00e9e":"2 minutes"},"schema":{"@context":"https:\/\/schema.org","@graph":[{"@type":"WebPage","@id":"https:\/\/simpo-datatec.com\/product\/sp-z2-16x-face-recognition-pan-tilt-camera-2\/","url":"https:\/\/simpo-datatec.com\/product\/sp-z2-16x-face-recognition-pan-tilt-camera-2\/","name":"SP-Z2 16x Access Control pan-tilt camera - simpo-datatec.com","isPartOf":{"@id":"https:\/\/simpo-datatec.com\/#website"},"primaryImageOfPage":{"@id":"https:\/\/simpo-datatec.com\/product\/sp-z2-16x-face-recognition-pan-tilt-camera-2\/#primaryimage"},"image":{"@id":"https:\/\/simpo-datatec.com\/product\/sp-z2-16x-face-recognition-pan-tilt-camera-2\/#primaryimage"},"thumbnailUrl":"https:\/\/simpo-datatec.com\/wp-content\/uploads\/2026\/04\/5-1.jpg","datePublished":"2026-04-24T15:44:56+00:00","dateModified":"2026-04-28T10:25:13+00:00","description":"Biometric Access Control Camera, Face Recognition Access Control Camera, Touchless Access Control System, Visitor Management System, Camera Based Access Control System, CCTV-Based Access Control System","breadcrumb":{"@id":"https:\/\/simpo-datatec.com\/product\/sp-z2-16x-face-recognition-pan-tilt-camera-2\/#breadcrumb"},"inLanguage":"fr-FR","potentialAction":[{"@type":"ReadAction","target":["https:\/\/simpo-datatec.com\/product\/sp-z2-16x-face-recognition-pan-tilt-camera-2\/"]}]},{"@type":"ImageObject","inLanguage":"fr-FR","@id":"https:\/\/simpo-datatec.com\/product\/sp-z2-16x-face-recognition-pan-tilt-camera-2\/#primaryimage","url":"https:\/\/simpo-datatec.com\/wp-content\/uploads\/2026\/04\/5-1.jpg","contentUrl":"https:\/\/simpo-datatec.com\/wp-content\/uploads\/2026\/04\/5-1.jpg","width":500,"height":500},{"@type":"BreadcrumbList","@id":"https:\/\/simpo-datatec.com\/product\/sp-z2-16x-face-recognition-pan-tilt-camera-2\/#breadcrumb","itemListElement":[{"@type":"ListItem","position":1,"name":"\u9996\u9875","item":"https:\/\/simpo-datatec.com\/"},{"@type":"ListItem","position":2,"name":"Products","item":"https:\/\/simpo-datatec.com\/products\/"},{"@type":"ListItem","position":3,"name":"SP-Z2 16x Access Control pan-tilt camera"}]},{"@type":"WebSite","@id":"https:\/\/simpo-datatec.com\/#website","url":"https:\/\/simpo-datatec.com\/","name":"simpo-datatec.com","description":"","potentialAction":[{"@type":"SearchAction","target":{"@type":"EntryPoint","urlTemplate":"https:\/\/simpo-datatec.com\/?s={search_term_string}"},"query-input":{"@type":"PropertyValueSpecification","valueRequired":true,"valueName":"search_term_string"}}],"inLanguage":"fr-FR"}]}},"_links":{"self":[{"href":"https:\/\/simpo-datatec.com\/fr\/wp-json\/wp\/v2\/product\/1631","targetHints":{"allow":["GET"]}}],"collection":[{"href":"https:\/\/simpo-datatec.com\/fr\/wp-json\/wp\/v2\/product"}],"about":[{"href":"https:\/\/simpo-datatec.com\/fr\/wp-json\/wp\/v2\/types\/product"}],"wp:featuredmedia":[{"embeddable":true,"href":"https:\/\/simpo-datatec.com\/fr\/wp-json\/wp\/v2\/media\/1632"}],"wp:attachment":[{"href":"https:\/\/simpo-datatec.com\/fr\/wp-json\/wp\/v2\/media?parent=1631"}],"wp:term":[{"taxonomy":"product_brand","embeddable":true,"href":"https:\/\/simpo-datatec.com\/fr\/wp-json\/wp\/v2\/product_brand?post=1631"},{"taxonomy":"product_cat","embeddable":true,"href":"https:\/\/simpo-datatec.com\/fr\/wp-json\/wp\/v2\/product_cat?post=1631"},{"taxonomy":"product_tag","embeddable":true,"href":"https:\/\/simpo-datatec.com\/fr\/wp-json\/wp\/v2\/product_tag?post=1631"}],"curies":[{"name":"wp","href":"https:\/\/api.w.org\/{rel}","templated":true}]}}