{"id":1622,"date":"2026-04-24T23:42:35","date_gmt":"2026-04-24T15:42:35","guid":{"rendered":"https:\/\/simpo-datatec.com\/?post_type=product&#038;p=1622"},"modified":"2026-04-28T18:29:30","modified_gmt":"2026-04-28T10:29:30","slug":"sp-x200-5mp-face-recognition-camera","status":"publish","type":"product","link":"https:\/\/simpo-datatec.com\/fr\/produit\/sp-x200-5mp-face-recognition-camera\/","title":{"rendered":"SP-X200 5MP Face Recognition Access Control Camera"},"content":{"rendered":"<ul>\n<li>Dot\u00e9 d'une grande puissance de calcul SOC<\/li>\n<li>Capteur d'image dynamique Sony<\/li>\n<li>Imaging resolution 2592*1944(5MP)<\/li>\n<li>Prise en charge de l'encodage H.265\/H.264<\/li>\n<li>Algorithme de d\u00e9tection et de reconnaissance des visages CNN de haute pr\u00e9cision int\u00e9gr\u00e9<\/li>\n<li>Capture and recognize large passenger flow scenes, &gt;20fps\/sdetection<\/li>\n<li>More than 50 faces detected in a single picture<\/li>\n<li>Integrate face detection, tracking, scoring, deduplication, selectionand recognition<\/li>\n<li>Offline face library 50,000, recognition rate up to 99.5%<\/li>\n<li>Prise en charge de 2 configurations de biblioth\u00e8ques de visages, liste blanche et liste noire<\/li>\n<li>Prise en charge de l'\u00e9tranger, de la liste noire ou du rappel d'alarme VIP<\/li>\n<li>Permet de stocker localement 100 000 enregistrements de passage, qui peuvent \u00eatre consult\u00e9s et export\u00e9s par le client local.<\/li>\n<li>Fonction de stockage int\u00e9gr\u00e9e, r\u00e9pondant \u00e0 la fonction de d\u00e9connexion du r\u00e9seau et de transmission continue<\/li>\n<li>Lumi\u00e8re d'appoint infrarouge, capture normale et comparaison en vision nocturne<\/li>\n<li>Prise en charge des protocoles ONVIF, GB28181, HTTP, GA\/T1400, WebSocket, Mqtt et autres protocoles industriels<\/li>\n<li>Syst\u00e8me ouvert, soutien \u00e0 l'int\u00e9gration des projets et au d\u00e9veloppement secondaire<\/li>\n<li>Mainly focuses on campus, construction sites, factories and other large passenger flow clock-in application scenarios<\/li>\n<\/ul>\n<p>&nbsp;<\/p>\n<p><strong><b>SP-X200<\/b><\/strong><\/p>\n<p>5-megapixel high-density face capture and recognition integrated camera, supports 1-channel audio output, 1-channel relay signal output etc. (Power supply + network + relay output + audio alarm output)<\/p>\n<p>&nbsp;<\/p>\n<p>&nbsp;<\/p>\n<p>&nbsp;<\/p>\n<table>\n<tbody>\n<tr>\n<td colspan=\"3\" width=\"168\">Mod\u00e8le<\/td>\n<td width=\"548\">SP-X200<\/td>\n<\/tr>\n<tr>\n<td colspan=\"4\" width=\"716\"><strong><b>\u00a0<\/b><\/strong><\/td>\n<\/tr>\n<tr>\n<td rowspan=\"10\" width=\"73\">D\u00e9tection et capture<\/td>\n<td colspan=\"2\" width=\"95\">Angle d'installation<\/td>\n<td width=\"548\">Mont\u00e9e-descente pas plus de 15<\/td>\n<\/tr>\n<tr>\n<td colspan=\"2\" width=\"95\">Pixel minimum<\/td>\n<td width=\"548\">60*60<\/td>\n<\/tr>\n<tr>\n<td colspan=\"2\" width=\"95\">Sensibilit\u00e9 de la d\u00e9tection<\/td>\n<td width=\"548\">Soutien<\/td>\n<\/tr>\n<tr>\n<td colspan=\"2\" width=\"95\">Distance de d\u00e9tection et de capture<\/td>\n<td width=\"548\">\u22646m<\/td>\n<\/tr>\n<tr>\n<td colspan=\"2\" width=\"95\">Performance de d\u00e9tection<\/td>\n<td width=\"548\">50pcs faces\/fps<\/td>\n<\/tr>\n<tr>\n<td colspan=\"2\" width=\"95\">Cadre du visage<\/td>\n<td width=\"548\">Soutien<\/td>\n<\/tr>\n<tr>\n<td colspan=\"2\" width=\"95\">Armement de zone<\/td>\n<td width=\"548\">Soutien<\/td>\n<\/tr>\n<tr>\n<td colspan=\"2\" width=\"95\">Mode capture<\/td>\n<td width=\"548\">Mode fixe<\/td>\n<\/tr>\n<tr>\n<td colspan=\"2\" width=\"95\">Seuil de capture<\/td>\n<td width=\"548\">Soutien<\/td>\n<\/tr>\n<tr>\n<td colspan=\"2\" width=\"95\">T\u00e9l\u00e9chargement d'images<\/td>\n<td width=\"548\">FTP\/HTTP\/GA-T1400\/Mqtt<\/td>\n<\/tr>\n<tr>\n<td rowspan=\"4\" width=\"73\">Correspondance des visages<\/td>\n<td colspan=\"2\" width=\"95\">Liste en noir et blanc<\/td>\n<td width=\"548\">Soutien<\/td>\n<\/tr>\n<tr>\n<td colspan=\"2\" width=\"95\">Liste VIP<\/td>\n<td width=\"548\">Soutien<\/td>\n<\/tr>\n<tr>\n<td colspan=\"2\" width=\"95\">Profile database<\/td>\n<td width=\"548\">50000 profiles<\/td>\n<\/tr>\n<tr>\n<td colspan=\"2\" width=\"95\">Pr\u00e9cision<\/td>\n<td width=\"548\">&gt;99.5%<\/td>\n<\/tr>\n<tr>\n<td colspan=\"3\" width=\"168\">Capteur d'image<\/td>\n<td width=\"548\">1\/2.8\u201d 5.0M SONY CMOS IMX335<\/td>\n<\/tr>\n<tr>\n<td colspan=\"3\" width=\"168\">Pixels<\/td>\n<td width=\"548\">2592(H)\u00d71944(V)<\/td>\n<\/tr>\n<tr>\n<td colspan=\"3\" width=\"168\">Lentille<\/td>\n<td width=\"548\">Objectif \u00e0 longueur focale fixe de 6 mm<\/td>\n<\/tr>\n<tr>\n<td colspan=\"3\" width=\"168\">WDR<\/td>\n<td width=\"548\">Adaptation intelligente<\/td>\n<\/tr>\n<tr>\n<td colspan=\"3\" width=\"168\">\u00c9clairage minimal<\/td>\n<td width=\"548\">0,001lux<\/td>\n<\/tr>\n<tr>\n<td colspan=\"3\" width=\"168\">Rapport signal\/bruit<\/td>\n<td width=\"548\">\u226550dB(AGC OFF)<\/td>\n<\/tr>\n<tr>\n<td colspan=\"3\" width=\"168\">Mode d'exposition<\/td>\n<td width=\"548\">Exposition automatique, BLC<\/td>\n<\/tr>\n<tr>\n<td colspan=\"4\" width=\"716\"><strong><b>Interface <\/b><\/strong><\/td>\n<\/tr>\n<tr>\n<td colspan=\"3\" width=\"168\">Interface r\u00e9seau<\/td>\n<td width=\"548\">Adaptation r\u00e9seau 10\/100M\uff0cRJ45 adaptateur<\/td>\n<\/tr>\n<tr>\n<td colspan=\"3\" width=\"168\">Interface d'alarme<\/td>\n<td width=\"548\">Sortie relais 1 canal<\/td>\n<\/tr>\n<tr>\n<td colspan=\"4\" width=\"716\"><strong><b>Norme de compression<\/b><\/strong><\/td>\n<\/tr>\n<tr>\n<td colspan=\"3\" width=\"168\">Codage vid\u00e9o<\/td>\n<td width=\"548\">H.265 Main Profil \/H.264 High Profil<\/td>\n<\/tr>\n<tr>\n<td colspan=\"2\" rowspan=\"2\" width=\"82\">R\u00e9solution<\/td>\n<td width=\"85\">Main stream (courant principal)<\/td>\n<td width=\"548\">2592*1944\u30012688*1520\u30011920&#215;1080<\/td>\n<\/tr>\n<tr>\n<td width=\"85\">Sous-flux<\/td>\n<td width=\"548\">704*576\u3001640\u00d7480\u3001352\u00d7288<\/td>\n<\/tr>\n<tr>\n<td colspan=\"3\" width=\"168\">Taux de code de compression vid\u00e9o<\/td>\n<td width=\"548\">128Kbps\uff5e8Mbps (r\u00e9glable manuellement)\uff0csupport CBR\/VBR<\/td>\n<\/tr>\n<tr>\n<td colspan=\"3\" width=\"168\">Audio<\/td>\n<td width=\"548\">Audio in\/out<\/td>\n<\/tr>\n<tr>\n<td colspan=\"3\" width=\"168\">OSD<\/td>\n<td width=\"548\">Prise en charge du nom de la cha\u00eene, de la date et de l'heure, du r\u00e9glage de la position<\/td>\n<\/tr>\n<tr>\n<td colspan=\"4\" width=\"716\"><strong><b>Protocole de r\u00e9seau<\/b><\/strong><\/td>\n<\/tr>\n<tr>\n<td colspan=\"3\" width=\"168\">Protocole<\/td>\n<td width=\"548\">TCP\/IP\uff0cPTP\uff0cNTP\uff0cDHCP\uff0cUDP\uff0cSMTP\uff0cRTSP\uff0cDDNS\uff0cDNS\uff0cHTTP\u3001P2P<\/td>\n<\/tr>\n<tr>\n<td colspan=\"3\" width=\"168\">Protocole ONVIF<\/td>\n<td width=\"548\">Soutien<\/td>\n<\/tr>\n<tr>\n<td colspan=\"3\" width=\"168\">Protocole GB28181<\/td>\n<td width=\"548\">Soutien<\/td>\n<\/tr>\n<tr>\n<td colspan=\"4\" width=\"716\"><strong><b>Param\u00e8tres g\u00e9n\u00e9raux <\/b><\/strong><\/td>\n<\/tr>\n<tr>\n<td colspan=\"3\" width=\"168\">Champ de vision<\/td>\n<td width=\"548\">60\u00b0 (Horizontal)<\/td>\n<\/tr>\n<tr>\n<td colspan=\"3\" width=\"168\">Puissance<\/td>\n<td width=\"548\">DC12V\/2A,Optional POE<\/td>\n<\/tr>\n<tr>\n<td colspan=\"3\" width=\"168\">Temp\u00e9rature de fonctionnement et humidit\u00e9<\/td>\n<td width=\"548\">-30\u2103~60\u2103, humidit\u00e9 inf\u00e9rieure \u00e0 95% (pas de condensation)<\/td>\n<\/tr>\n<tr>\n<td colspan=\"3\" width=\"168\">Niveau d'\u00e9tanch\u00e9it\u00e9<\/td>\n<td width=\"548\">IP66<\/td>\n<\/tr>\n<tr>\n<td colspan=\"3\" width=\"168\">M\u00e9thode d'installation<\/td>\n<td width=\"548\">Suspendu ou fix\u00e9 au mur<\/td>\n<\/tr>\n<\/tbody>\n<\/table>\n<p>&nbsp;<\/p>","protected":false},"excerpt":{"rendered":"<p>Biometric Access Control Camera, Face Recognition Access Control Camera, Touchless Access Control System, Visitor Management System, Camera Based Access Control System, CCTV-Based Access Control System<\/p>","protected":false},"featured_media":1626,"template":"","meta":[],"product_brand":[],"product_cat":[272],"product_tag":[299,300,301,302],"class_list":{"0":"post-1622","1":"product","2":"type-product","3":"status-publish","4":"has-post-thumbnail","6":"product_cat-face-recognition-access-control-camera","7":"product_tag-biometric-access-control-camera","8":"product_tag-face-recognition-access-control-camera","9":"product_tag-touchless-access-control-system","10":"product_tag-visitor-management-system","12":"first","13":"instock","14":"shipping-taxable","15":"product-type-simple"},"yoast_head":"<!-- This site is optimized with the Yoast SEO plugin v27.3 - https:\/\/yoast.com\/product\/yoast-seo-wordpress\/ -->\n<title>SP-X200 5MP Face Recognition Access Control Camera - simpo-datatec.com<\/title>\n<meta name=\"description\" content=\"Biometric Access Control Camera, Face Recognition Access Control Camera, Touchless Access Control System, Visitor Management System, Camera Based Access Control System, CCTV-Based Access Control System\" \/>\n<meta name=\"robots\" content=\"index, follow, max-snippet:-1, max-image-preview:large, max-video-preview:-1\" \/>\n<link rel=\"canonical\" href=\"https:\/\/simpo-datatec.com\/fr\/produit\/sp-x200-5mp-face-recognition-camera\/\" \/>\n<meta property=\"og:locale\" content=\"fr_FR\" \/>\n<meta property=\"og:type\" content=\"article\" \/>\n<meta property=\"og:title\" content=\"SP-X200 5MP Face Recognition Access Control Camera - simpo-datatec.com\" \/>\n<meta property=\"og:description\" content=\"Biometric Access Control Camera, Face Recognition Access Control Camera, Touchless Access Control System, Visitor Management System, Camera Based Access Control System, CCTV-Based Access Control System\" \/>\n<meta property=\"og:url\" content=\"https:\/\/simpo-datatec.com\/fr\/produit\/sp-x200-5mp-face-recognition-camera\/\" \/>\n<meta property=\"og:site_name\" content=\"simpo-datatec.com\" \/>\n<meta property=\"article:modified_time\" content=\"2026-04-28T10:29:30+00:00\" \/>\n<meta property=\"og:image\" content=\"https:\/\/simpo-datatec.com\/wp-content\/uploads\/2026\/04\/4-1.jpg\" \/>\n\t<meta property=\"og:image:width\" content=\"500\" \/>\n\t<meta property=\"og:image:height\" content=\"500\" \/>\n\t<meta property=\"og:image:type\" content=\"image\/jpeg\" \/>\n<meta name=\"twitter:card\" content=\"summary_large_image\" \/>\n<meta name=\"twitter:label1\" content=\"Dur\u00e9e de lecture estim\u00e9e\" \/>\n\t<meta name=\"twitter:data1\" content=\"2 minutes\" \/>\n<script type=\"application\/ld+json\" class=\"yoast-schema-graph\">{\"@context\":\"https:\\\/\\\/schema.org\",\"@graph\":[{\"@type\":\"WebPage\",\"@id\":\"https:\\\/\\\/simpo-datatec.com\\\/product\\\/sp-x200-5mp-face-recognition-camera\\\/\",\"url\":\"https:\\\/\\\/simpo-datatec.com\\\/product\\\/sp-x200-5mp-face-recognition-camera\\\/\",\"name\":\"SP-X200 5MP Face Recognition Access Control Camera - simpo-datatec.com\",\"isPartOf\":{\"@id\":\"https:\\\/\\\/simpo-datatec.com\\\/#website\"},\"primaryImageOfPage\":{\"@id\":\"https:\\\/\\\/simpo-datatec.com\\\/product\\\/sp-x200-5mp-face-recognition-camera\\\/#primaryimage\"},\"image\":{\"@id\":\"https:\\\/\\\/simpo-datatec.com\\\/product\\\/sp-x200-5mp-face-recognition-camera\\\/#primaryimage\"},\"thumbnailUrl\":\"https:\\\/\\\/simpo-datatec.com\\\/wp-content\\\/uploads\\\/2026\\\/04\\\/4-1.jpg\",\"datePublished\":\"2026-04-24T15:42:35+00:00\",\"dateModified\":\"2026-04-28T10:29:30+00:00\",\"description\":\"Biometric Access Control Camera, Face Recognition Access Control Camera, Touchless Access Control System, Visitor Management System, Camera Based Access Control System, CCTV-Based Access Control System\",\"breadcrumb\":{\"@id\":\"https:\\\/\\\/simpo-datatec.com\\\/product\\\/sp-x200-5mp-face-recognition-camera\\\/#breadcrumb\"},\"inLanguage\":\"fr-FR\",\"potentialAction\":[{\"@type\":\"ReadAction\",\"target\":[\"https:\\\/\\\/simpo-datatec.com\\\/product\\\/sp-x200-5mp-face-recognition-camera\\\/\"]}]},{\"@type\":\"ImageObject\",\"inLanguage\":\"fr-FR\",\"@id\":\"https:\\\/\\\/simpo-datatec.com\\\/product\\\/sp-x200-5mp-face-recognition-camera\\\/#primaryimage\",\"url\":\"https:\\\/\\\/simpo-datatec.com\\\/wp-content\\\/uploads\\\/2026\\\/04\\\/4-1.jpg\",\"contentUrl\":\"https:\\\/\\\/simpo-datatec.com\\\/wp-content\\\/uploads\\\/2026\\\/04\\\/4-1.jpg\",\"width\":500,\"height\":500},{\"@type\":\"BreadcrumbList\",\"@id\":\"https:\\\/\\\/simpo-datatec.com\\\/product\\\/sp-x200-5mp-face-recognition-camera\\\/#breadcrumb\",\"itemListElement\":[{\"@type\":\"ListItem\",\"position\":1,\"name\":\"\u9996\u9875\",\"item\":\"https:\\\/\\\/simpo-datatec.com\\\/\"},{\"@type\":\"ListItem\",\"position\":2,\"name\":\"Products\",\"item\":\"https:\\\/\\\/simpo-datatec.com\\\/products\\\/\"},{\"@type\":\"ListItem\",\"position\":3,\"name\":\"SP-X200 5MP Face Recognition Access Control Camera\"}]},{\"@type\":\"WebSite\",\"@id\":\"https:\\\/\\\/simpo-datatec.com\\\/#website\",\"url\":\"https:\\\/\\\/simpo-datatec.com\\\/\",\"name\":\"simpo-datatec.com\",\"description\":\"\",\"potentialAction\":[{\"@type\":\"SearchAction\",\"target\":{\"@type\":\"EntryPoint\",\"urlTemplate\":\"https:\\\/\\\/simpo-datatec.com\\\/?s={search_term_string}\"},\"query-input\":{\"@type\":\"PropertyValueSpecification\",\"valueRequired\":true,\"valueName\":\"search_term_string\"}}],\"inLanguage\":\"fr-FR\"}]}<\/script>\n<!-- \/ Yoast SEO plugin. -->","yoast_head_json":{"title":"SP-X200 5MP Face Recognition Access Control Camera - simpo-datatec.com","description":"Biometric Access Control Camera, Face Recognition Access Control Camera, Touchless Access Control System, Visitor Management System, Camera Based Access Control System, CCTV-Based Access Control System","robots":{"index":"index","follow":"follow","max-snippet":"max-snippet:-1","max-image-preview":"max-image-preview:large","max-video-preview":"max-video-preview:-1"},"canonical":"https:\/\/simpo-datatec.com\/fr\/produit\/sp-x200-5mp-face-recognition-camera\/","og_locale":"fr_FR","og_type":"article","og_title":"SP-X200 5MP Face Recognition Access Control Camera - simpo-datatec.com","og_description":"Biometric Access Control Camera, Face Recognition Access Control Camera, Touchless Access Control System, Visitor Management System, Camera Based Access Control System, CCTV-Based Access Control System","og_url":"https:\/\/simpo-datatec.com\/fr\/produit\/sp-x200-5mp-face-recognition-camera\/","og_site_name":"simpo-datatec.com","article_modified_time":"2026-04-28T10:29:30+00:00","og_image":[{"width":500,"height":500,"url":"https:\/\/simpo-datatec.com\/wp-content\/uploads\/2026\/04\/4-1.jpg","type":"image\/jpeg"}],"twitter_card":"summary_large_image","twitter_misc":{"Dur\u00e9e de lecture estim\u00e9e":"2 minutes"},"schema":{"@context":"https:\/\/schema.org","@graph":[{"@type":"WebPage","@id":"https:\/\/simpo-datatec.com\/product\/sp-x200-5mp-face-recognition-camera\/","url":"https:\/\/simpo-datatec.com\/product\/sp-x200-5mp-face-recognition-camera\/","name":"SP-X200 5MP Face Recognition Access Control Camera - simpo-datatec.com","isPartOf":{"@id":"https:\/\/simpo-datatec.com\/#website"},"primaryImageOfPage":{"@id":"https:\/\/simpo-datatec.com\/product\/sp-x200-5mp-face-recognition-camera\/#primaryimage"},"image":{"@id":"https:\/\/simpo-datatec.com\/product\/sp-x200-5mp-face-recognition-camera\/#primaryimage"},"thumbnailUrl":"https:\/\/simpo-datatec.com\/wp-content\/uploads\/2026\/04\/4-1.jpg","datePublished":"2026-04-24T15:42:35+00:00","dateModified":"2026-04-28T10:29:30+00:00","description":"Biometric Access Control Camera, Face Recognition Access Control Camera, Touchless Access Control System, Visitor Management System, Camera Based Access Control System, CCTV-Based Access Control System","breadcrumb":{"@id":"https:\/\/simpo-datatec.com\/product\/sp-x200-5mp-face-recognition-camera\/#breadcrumb"},"inLanguage":"fr-FR","potentialAction":[{"@type":"ReadAction","target":["https:\/\/simpo-datatec.com\/product\/sp-x200-5mp-face-recognition-camera\/"]}]},{"@type":"ImageObject","inLanguage":"fr-FR","@id":"https:\/\/simpo-datatec.com\/product\/sp-x200-5mp-face-recognition-camera\/#primaryimage","url":"https:\/\/simpo-datatec.com\/wp-content\/uploads\/2026\/04\/4-1.jpg","contentUrl":"https:\/\/simpo-datatec.com\/wp-content\/uploads\/2026\/04\/4-1.jpg","width":500,"height":500},{"@type":"BreadcrumbList","@id":"https:\/\/simpo-datatec.com\/product\/sp-x200-5mp-face-recognition-camera\/#breadcrumb","itemListElement":[{"@type":"ListItem","position":1,"name":"\u9996\u9875","item":"https:\/\/simpo-datatec.com\/"},{"@type":"ListItem","position":2,"name":"Products","item":"https:\/\/simpo-datatec.com\/products\/"},{"@type":"ListItem","position":3,"name":"SP-X200 5MP Face Recognition Access Control Camera"}]},{"@type":"WebSite","@id":"https:\/\/simpo-datatec.com\/#website","url":"https:\/\/simpo-datatec.com\/","name":"simpo-datatec.com","description":"","potentialAction":[{"@type":"SearchAction","target":{"@type":"EntryPoint","urlTemplate":"https:\/\/simpo-datatec.com\/?s={search_term_string}"},"query-input":{"@type":"PropertyValueSpecification","valueRequired":true,"valueName":"search_term_string"}}],"inLanguage":"fr-FR"}]}},"_links":{"self":[{"href":"https:\/\/simpo-datatec.com\/fr\/wp-json\/wp\/v2\/product\/1622","targetHints":{"allow":["GET"]}}],"collection":[{"href":"https:\/\/simpo-datatec.com\/fr\/wp-json\/wp\/v2\/product"}],"about":[{"href":"https:\/\/simpo-datatec.com\/fr\/wp-json\/wp\/v2\/types\/product"}],"wp:featuredmedia":[{"embeddable":true,"href":"https:\/\/simpo-datatec.com\/fr\/wp-json\/wp\/v2\/media\/1626"}],"wp:attachment":[{"href":"https:\/\/simpo-datatec.com\/fr\/wp-json\/wp\/v2\/media?parent=1622"}],"wp:term":[{"taxonomy":"product_brand","embeddable":true,"href":"https:\/\/simpo-datatec.com\/fr\/wp-json\/wp\/v2\/product_brand?post=1622"},{"taxonomy":"product_cat","embeddable":true,"href":"https:\/\/simpo-datatec.com\/fr\/wp-json\/wp\/v2\/product_cat?post=1622"},{"taxonomy":"product_tag","embeddable":true,"href":"https:\/\/simpo-datatec.com\/fr\/wp-json\/wp\/v2\/product_tag?post=1622"}],"curies":[{"name":"wp","href":"https:\/\/api.w.org\/{rel}","templated":true}]}}