{"id":1544,"date":"2026-04-24T23:18:22","date_gmt":"2026-04-24T15:18:22","guid":{"rendered":"https:\/\/simpo-datatec.com\/?post_type=product&#038;p=1544"},"modified":"2026-04-28T18:56:29","modified_gmt":"2026-04-28T10:56:29","slug":"sp-f90-parameters","status":"publish","type":"product","link":"https:\/\/simpo-datatec.com\/fr\/produit\/sp-f90-parameters\/","title":{"rendered":"SP-F90 Face recognition camera"},"content":{"rendered":"<ul>\n<li>Dot\u00e9 d'une grande puissance de calcul SOC<\/li>\n<li>Capteur d'image dynamique Sony<\/li>\n<li>R\u00e9solution d'imagerie 1920*1080@30fps<\/li>\n<li>Prise en charge de l'encodage H.265\/H.264<\/li>\n<li>Algorithme de d\u00e9tection et de reconnaissance des visages CNN de haute pr\u00e9cision int\u00e9gr\u00e9<\/li>\n<li>La performance de d\u00e9tection correspond \u00e0 12 images\/seconde, 50 visages\/image<\/li>\n<li>Prise en charge de la gamme de reconnaissance, de l'\u00e2ge, du sexe, des lunettes, des chapeaux, des masques, des barbes,<\/li>\n<\/ul>\n<p>cat\u00e9gories de v\u00eatements, coiffures, \u00e9motions, etc.<\/p>\n<ul>\n<li>Int\u00e9grer la d\u00e9tection, le suivi, la notation, la d\u00e9duplication, la s\u00e9lection et la reconnaissance des visages<\/li>\n<li>Biblioth\u00e8que de visages hors ligne 50 000, taux de reconnaissance jusqu'\u00e0 98,5%<\/li>\n<li>Prise en charge de 2 configurations de biblioth\u00e8ques de visages, liste blanche et liste noire<\/li>\n<li>Prise en charge de l'\u00e9tranger, de la liste noire ou du rappel d'alarme VIP<\/li>\n<li>Prise en charge du rappel de la filature des inconnus (message vocal lorsque la liste blanche et l'inconnu apparaissent en m\u00eame temps).<\/li>\n<li>Prise en charge de l'interrupteur de d\u00e9tection de la vivacit\u00e9 (certaines photos peuvent \u00eatre filtr\u00e9es apr\u00e8s l'activation de l'interrupteur, et la vitesse de reconnaissance des visages sera ralentie).<\/li>\n<li>Prise en charge du rappel de d\u00e9tection du port d'un masque (le port d'un masque est n\u00e9cessaire pour la comparaison apr\u00e8s la mise en marche de l'appareil)<\/li>\n<li>Rappel vocal du personnel d'assistance (r\u00e9glage du seuil de num\u00e9rotation du personnel d'assistance 2-10)<\/li>\n<li>Permet de stocker localement 100 000 enregistrements de passage, qui peuvent \u00eatre consult\u00e9s et export\u00e9s par le client local.<\/li>\n<li>Built-in storage function to meet the function of resuming transmission after disconnection<\/li>\n<li>Support multiple stretching in the range of 6-22mm, auto focus, preset point cruiseetc<\/li>\n<li>Lumi\u00e8re d'appoint infrarouge, capture normale et comparaison en vision nocturne<\/li>\n<li>Prise en charge des protocoles ONVIF, GB28181, HTTP, GA\/T1400, WebSocket, Mqtt et autres protocoles industriels<\/li>\n<li>Syst\u00e8me ouvert, soutien \u00e0 l'int\u00e9gration des projets et au d\u00e9veloppement secondaire<\/li>\n<\/ul>\n<p>&nbsp;<\/p>\n<p><strong><b>SP-F90<\/b><\/strong><\/p>\n<p>2-megapixel face recognition high-definition network camera supports 1 audio output, 1 relay signal output and other functions. (Power supply + network + relay output + audio alarm output)<\/p>\n<p>&nbsp;<\/p>\n<table>\n<tbody>\n<tr>\n<td colspan=\"3\" width=\"168\">Mod\u00e8le<\/td>\n<td width=\"548\">F90<\/td>\n<\/tr>\n<tr>\n<td colspan=\"4\" width=\"716\"><strong><b>Appareil photo<\/b><\/strong><\/td>\n<\/tr>\n<tr>\n<td rowspan=\"9\" width=\"73\">D\u00e9tection et capture<\/td>\n<td colspan=\"2\" width=\"95\">Angle d'installation<\/td>\n<td width=\"548\">Mont\u00e9e-descente pas plus de 15<\/td>\n<\/tr>\n<tr>\n<td colspan=\"2\" width=\"95\">Pixel minimum<\/td>\n<td width=\"548\">60*60<\/td>\n<\/tr>\n<tr>\n<td colspan=\"2\" width=\"95\">Sensibilit\u00e9 de la d\u00e9tection<\/td>\n<td width=\"548\">Soutien<\/td>\n<\/tr>\n<tr>\n<td colspan=\"2\" width=\"95\">Performance de d\u00e9tection<\/td>\n<td width=\"548\">50 frames detected, 20 people compared in the same frame, recognition distance range 2-15m<\/td>\n<\/tr>\n<tr>\n<td colspan=\"2\" width=\"95\">Cadre du visage<\/td>\n<td width=\"548\">Soutien<\/td>\n<\/tr>\n<tr>\n<td colspan=\"2\" width=\"95\">Armement de zone<\/td>\n<td width=\"548\">Soutien<\/td>\n<\/tr>\n<tr>\n<td colspan=\"2\" width=\"95\">Capture and compare mode<\/td>\n<td width=\"548\">Fixed, each ID compare one time<\/td>\n<\/tr>\n<tr>\n<td colspan=\"2\" width=\"95\">Face quality threshold<\/td>\n<td width=\"548\">Adjustable<\/td>\n<\/tr>\n<tr>\n<td colspan=\"2\" width=\"95\">T\u00e9l\u00e9chargement d'images<\/td>\n<td width=\"548\">FTP\/HTTP\/GA-T1400<\/td>\n<\/tr>\n<tr>\n<td rowspan=\"5\" width=\"73\">Correspondance des visages<\/td>\n<td colspan=\"2\" width=\"95\">Liste en noir et blanc<\/td>\n<td width=\"548\">Soutien<\/td>\n<\/tr>\n<tr>\n<td colspan=\"2\" width=\"95\">Liste VIP<\/td>\n<td width=\"548\">Soutien<\/td>\n<\/tr>\n<tr>\n<td colspan=\"2\" width=\"95\">Profile database<\/td>\n<td width=\"548\">50000 profiles<\/td>\n<\/tr>\n<tr>\n<td colspan=\"2\" width=\"95\">Temps de r\u00e9ponse<\/td>\n<td width=\"548\">&lt;500ms<\/td>\n<\/tr>\n<tr>\n<td colspan=\"2\" width=\"95\">Pr\u00e9cision<\/td>\n<td width=\"548\">&gt;98.5%<\/td>\n<\/tr>\n<tr>\n<td colspan=\"3\" width=\"168\">Capteur d'image<\/td>\n<td width=\"548\">1\/2,8\u201d 2,0M SONY CMOS IMX327<\/td>\n<\/tr>\n<tr>\n<td colspan=\"3\" width=\"168\">Pixels<\/td>\n<td width=\"548\">1920(H)\u00d71080(V)<\/td>\n<\/tr>\n<tr>\n<td colspan=\"3\" width=\"168\">WDR Technology<\/td>\n<td width=\"548\">Adaptation intelligente<\/td>\n<\/tr>\n<tr>\n<td colspan=\"3\" width=\"168\">\u00c9clairage minimal<\/td>\n<td width=\"548\">0,001lux<\/td>\n<\/tr>\n<tr>\n<td colspan=\"3\" width=\"168\">S\/N Ratio<\/td>\n<td width=\"548\">\u226550dB(AGC OFF)<\/td>\n<\/tr>\n<tr>\n<td colspan=\"3\" width=\"168\">Mode d'exposition<\/td>\n<td width=\"548\">Exposition automatique, BLC<\/td>\n<\/tr>\n<tr>\n<td colspan=\"4\" width=\"716\"><strong><b>Interface<\/b><\/strong><\/td>\n<\/tr>\n<tr>\n<td colspan=\"3\" width=\"168\">Local storage<\/td>\n<td width=\"548\">Optional<\/td>\n<\/tr>\n<tr>\n<td colspan=\"3\" width=\"168\">Interface r\u00e9seau<\/td>\n<td width=\"548\">10\/100M Network adaptation, RJ45 adapter<\/td>\n<\/tr>\n<tr>\n<td colspan=\"3\" width=\"168\">Interface d'alarme<\/td>\n<td width=\"548\">Sortie relais 1 canal<\/td>\n<\/tr>\n<tr>\n<td colspan=\"4\" width=\"716\"><strong><b>Norme de compression<\/b><\/strong><\/td>\n<\/tr>\n<tr>\n<td colspan=\"3\" width=\"168\">Codage vid\u00e9o<\/td>\n<td width=\"548\">H.265 Main Profil \/H.264 High Profil<\/td>\n<\/tr>\n<tr>\n<td colspan=\"2\" rowspan=\"2\" width=\"82\">R\u00e9solution<\/td>\n<td width=\"85\">Main stream (courant principal)<\/td>\n<td width=\"548\">1920\u00d71080\u30011280\u00d7960\u30011280\u00d7720<\/td>\n<\/tr>\n<tr>\n<td width=\"85\">Sous-flux<\/td>\n<td width=\"548\">704*576\u3001640\u00d7480\u3001352\u00d7288<\/td>\n<\/tr>\n<tr>\n<td colspan=\"3\" width=\"168\">Taux de code de compression vid\u00e9o<\/td>\n<td width=\"548\">128Kbps\uff5e8Mbps (r\u00e9glable manuellement)\uff0csupport CBR\/VBR<\/td>\n<\/tr>\n<tr>\n<td colspan=\"3\" width=\"168\">Audio<\/td>\n<td width=\"548\">Support Input and Output<\/td>\n<\/tr>\n<tr>\n<td colspan=\"3\" width=\"168\">OSD<\/td>\n<td width=\"548\">Prise en charge du nom de la cha\u00eene, de la date et de l'heure, du r\u00e9glage de la position<\/td>\n<\/tr>\n<tr>\n<td colspan=\"4\" width=\"716\"><strong><b>Protocole de r\u00e9seau<\/b><\/strong><\/td>\n<\/tr>\n<tr>\n<td colspan=\"3\" width=\"168\">Protocols<\/td>\n<td width=\"548\">TCP\/IP\uff0cPTP\uff0cNTP\uff0cDHCP\uff0cUDP\uff0cSMTP\uff0cRTSP\uff0cDDNS\uff0cDNS\uff0cHTTP<\/td>\n<\/tr>\n<tr>\n<td colspan=\"3\" width=\"168\">Protocole ONVIF<\/td>\n<td width=\"548\">Soutien<\/td>\n<\/tr>\n<tr>\n<td colspan=\"3\" width=\"168\">Protocole GB28181<\/td>\n<td width=\"548\">Soutien<\/td>\n<\/tr>\n<tr>\n<td colspan=\"3\" width=\"168\">Compatibilit\u00e9 des protocoles<\/td>\n<td width=\"548\">Norme ONVIF, GB28181<\/td>\n<\/tr>\n<tr>\n<td colspan=\"3\" width=\"168\">Acc\u00e8s mobile \u00e0 distance<\/td>\n<td width=\"548\">Prise en charge des smartphones Android et IOS<\/td>\n<\/tr>\n<tr>\n<td colspan=\"4\" width=\"716\"><strong><b>Param\u00e8tres g\u00e9n\u00e9raux <\/b><\/strong><\/td>\n<\/tr>\n<tr>\n<td colspan=\"3\" width=\"168\">Puissance<\/td>\n<td width=\"548\">DC 12V 2A<\/td>\n<\/tr>\n<tr>\n<td colspan=\"3\" width=\"168\">Lentille<\/td>\n<td width=\"548\">Motorized, Vari-focal, Remote Focus 6-22mm<\/td>\n<\/tr>\n<tr>\n<td colspan=\"3\" width=\"168\">Temp\u00e9rature de fonctionnement et humidit\u00e9<\/td>\n<td width=\"548\">-30\u2103~60\u2103, humidit\u00e9 inf\u00e9rieure \u00e0 95% (pas de condensation)<\/td>\n<\/tr>\n<tr>\n<td colspan=\"3\" width=\"168\">Niveau d'\u00e9tanch\u00e9it\u00e9<\/td>\n<td width=\"548\">IP66<\/td>\n<\/tr>\n<tr>\n<td colspan=\"3\" width=\"168\">M\u00e9thode d'installation<\/td>\n<td width=\"548\">Suspendu ou fix\u00e9 au mur<\/td>\n<\/tr>\n<\/tbody>\n<\/table>","protected":false},"excerpt":{"rendered":"<p>Cam\u00e9ra de reconnaissance faciale, cam\u00e9ra de pointage des employ\u00e9s, cam\u00e9ra de pointage des employ\u00e9s, cam\u00e9ra de pointage, pointeuse biom\u00e9trique, syst\u00e8me de pointage sans contact, pointage par reconnaissance faciale<\/p>","protected":false},"featured_media":1545,"template":"","meta":[],"product_brand":[],"product_cat":[271,17],"product_tag":[307,304,305,298,309,306,308],"class_list":{"0":"post-1544","1":"product","2":"type-product","3":"status-publish","4":"has-post-thumbnail","6":"product_cat-face-recognition-time-attendence-camera","7":"product_cat-uncategorized","8":"product_tag-biometric-time-clock","9":"product_tag-employee-clock-in-camera","10":"product_tag-employee-clock-out-camera","11":"product_tag-face-recognition-camera","12":"product_tag-facial-recognition-time-attendance","13":"product_tag-time-clock-in-camera","14":"product_tag-touchless-clock-in-system","16":"first","17":"instock","18":"shipping-taxable","19":"product-type-simple"},"yoast_head":"<!-- This site is optimized with the Yoast SEO plugin v27.3 - https:\/\/yoast.com\/product\/yoast-seo-wordpress\/ -->\n<title>SP-F90 Face recognition camera - simpo-datatec.com<\/title>\n<meta name=\"description\" content=\"Face Recognition Camera, Employee Clock in Camera, Employee Clock out Camera, Time Clock in Camera, Biometric Time Clock, Touchless Clock-in System, Facial Recognition Time Attendance\" \/>\n<meta name=\"robots\" content=\"index, follow, max-snippet:-1, max-image-preview:large, max-video-preview:-1\" \/>\n<link rel=\"canonical\" href=\"https:\/\/simpo-datatec.com\/fr\/produit\/sp-f90-parameters\/\" \/>\n<meta property=\"og:locale\" content=\"fr_FR\" \/>\n<meta property=\"og:type\" content=\"article\" \/>\n<meta property=\"og:title\" content=\"SP-F90 Face recognition camera - simpo-datatec.com\" \/>\n<meta property=\"og:description\" content=\"Face Recognition Camera, Employee Clock in Camera, Employee Clock out Camera, Time Clock in Camera, Biometric Time Clock, Touchless Clock-in System, Facial Recognition Time Attendance\" \/>\n<meta property=\"og:url\" content=\"https:\/\/simpo-datatec.com\/fr\/produit\/sp-f90-parameters\/\" \/>\n<meta property=\"og:site_name\" content=\"simpo-datatec.com\" \/>\n<meta property=\"article:modified_time\" content=\"2026-04-28T10:56:29+00:00\" \/>\n<meta property=\"og:image\" content=\"https:\/\/simpo-datatec.com\/wp-content\/uploads\/2026\/04\/33.jpg\" \/>\n\t<meta property=\"og:image:width\" content=\"500\" \/>\n\t<meta property=\"og:image:height\" content=\"500\" \/>\n\t<meta property=\"og:image:type\" content=\"image\/jpeg\" \/>\n<meta name=\"twitter:card\" content=\"summary_large_image\" \/>\n<meta name=\"twitter:label1\" content=\"Dur\u00e9e de lecture estim\u00e9e\" \/>\n\t<meta name=\"twitter:data1\" content=\"3 minutes\" \/>\n<script type=\"application\/ld+json\" class=\"yoast-schema-graph\">{\"@context\":\"https:\\\/\\\/schema.org\",\"@graph\":[{\"@type\":\"WebPage\",\"@id\":\"https:\\\/\\\/simpo-datatec.com\\\/product\\\/sp-f90-parameters\\\/\",\"url\":\"https:\\\/\\\/simpo-datatec.com\\\/product\\\/sp-f90-parameters\\\/\",\"name\":\"SP-F90 Face recognition camera - simpo-datatec.com\",\"isPartOf\":{\"@id\":\"https:\\\/\\\/simpo-datatec.com\\\/#website\"},\"primaryImageOfPage\":{\"@id\":\"https:\\\/\\\/simpo-datatec.com\\\/product\\\/sp-f90-parameters\\\/#primaryimage\"},\"image\":{\"@id\":\"https:\\\/\\\/simpo-datatec.com\\\/product\\\/sp-f90-parameters\\\/#primaryimage\"},\"thumbnailUrl\":\"https:\\\/\\\/simpo-datatec.com\\\/wp-content\\\/uploads\\\/2026\\\/04\\\/33.jpg\",\"datePublished\":\"2026-04-24T15:18:22+00:00\",\"dateModified\":\"2026-04-28T10:56:29+00:00\",\"description\":\"Face Recognition Camera, Employee Clock in Camera, Employee Clock out Camera, Time Clock in Camera, Biometric Time Clock, Touchless Clock-in System, Facial Recognition Time Attendance\",\"breadcrumb\":{\"@id\":\"https:\\\/\\\/simpo-datatec.com\\\/product\\\/sp-f90-parameters\\\/#breadcrumb\"},\"inLanguage\":\"fr-FR\",\"potentialAction\":[{\"@type\":\"ReadAction\",\"target\":[\"https:\\\/\\\/simpo-datatec.com\\\/product\\\/sp-f90-parameters\\\/\"]}]},{\"@type\":\"ImageObject\",\"inLanguage\":\"fr-FR\",\"@id\":\"https:\\\/\\\/simpo-datatec.com\\\/product\\\/sp-f90-parameters\\\/#primaryimage\",\"url\":\"https:\\\/\\\/simpo-datatec.com\\\/wp-content\\\/uploads\\\/2026\\\/04\\\/33.jpg\",\"contentUrl\":\"https:\\\/\\\/simpo-datatec.com\\\/wp-content\\\/uploads\\\/2026\\\/04\\\/33.jpg\",\"width\":500,\"height\":500},{\"@type\":\"BreadcrumbList\",\"@id\":\"https:\\\/\\\/simpo-datatec.com\\\/product\\\/sp-f90-parameters\\\/#breadcrumb\",\"itemListElement\":[{\"@type\":\"ListItem\",\"position\":1,\"name\":\"\u9996\u9875\",\"item\":\"https:\\\/\\\/simpo-datatec.com\\\/\"},{\"@type\":\"ListItem\",\"position\":2,\"name\":\"Products\",\"item\":\"https:\\\/\\\/simpo-datatec.com\\\/products\\\/\"},{\"@type\":\"ListItem\",\"position\":3,\"name\":\"SP-F90 Face recognition camera\"}]},{\"@type\":\"WebSite\",\"@id\":\"https:\\\/\\\/simpo-datatec.com\\\/#website\",\"url\":\"https:\\\/\\\/simpo-datatec.com\\\/\",\"name\":\"simpo-datatec.com\",\"description\":\"\",\"potentialAction\":[{\"@type\":\"SearchAction\",\"target\":{\"@type\":\"EntryPoint\",\"urlTemplate\":\"https:\\\/\\\/simpo-datatec.com\\\/?s={search_term_string}\"},\"query-input\":{\"@type\":\"PropertyValueSpecification\",\"valueRequired\":true,\"valueName\":\"search_term_string\"}}],\"inLanguage\":\"fr-FR\"}]}<\/script>\n<!-- \/ Yoast SEO plugin. -->","yoast_head_json":{"title":"SP-F90 Face recognition camera - simpo-datatec.com","description":"Cam\u00e9ra de reconnaissance faciale, cam\u00e9ra de pointage des employ\u00e9s, cam\u00e9ra de pointage des employ\u00e9s, cam\u00e9ra de pointage, pointeuse biom\u00e9trique, syst\u00e8me de pointage sans contact, pointage par reconnaissance faciale","robots":{"index":"index","follow":"follow","max-snippet":"max-snippet:-1","max-image-preview":"max-image-preview:large","max-video-preview":"max-video-preview:-1"},"canonical":"https:\/\/simpo-datatec.com\/fr\/produit\/sp-f90-parameters\/","og_locale":"fr_FR","og_type":"article","og_title":"SP-F90 Face recognition camera - simpo-datatec.com","og_description":"Face Recognition Camera, Employee Clock in Camera, Employee Clock out Camera, Time Clock in Camera, Biometric Time Clock, Touchless Clock-in System, Facial Recognition Time Attendance","og_url":"https:\/\/simpo-datatec.com\/fr\/produit\/sp-f90-parameters\/","og_site_name":"simpo-datatec.com","article_modified_time":"2026-04-28T10:56:29+00:00","og_image":[{"width":500,"height":500,"url":"https:\/\/simpo-datatec.com\/wp-content\/uploads\/2026\/04\/33.jpg","type":"image\/jpeg"}],"twitter_card":"summary_large_image","twitter_misc":{"Dur\u00e9e de lecture estim\u00e9e":"3 minutes"},"schema":{"@context":"https:\/\/schema.org","@graph":[{"@type":"WebPage","@id":"https:\/\/simpo-datatec.com\/product\/sp-f90-parameters\/","url":"https:\/\/simpo-datatec.com\/product\/sp-f90-parameters\/","name":"SP-F90 Face recognition camera - simpo-datatec.com","isPartOf":{"@id":"https:\/\/simpo-datatec.com\/#website"},"primaryImageOfPage":{"@id":"https:\/\/simpo-datatec.com\/product\/sp-f90-parameters\/#primaryimage"},"image":{"@id":"https:\/\/simpo-datatec.com\/product\/sp-f90-parameters\/#primaryimage"},"thumbnailUrl":"https:\/\/simpo-datatec.com\/wp-content\/uploads\/2026\/04\/33.jpg","datePublished":"2026-04-24T15:18:22+00:00","dateModified":"2026-04-28T10:56:29+00:00","description":"Cam\u00e9ra de reconnaissance faciale, cam\u00e9ra de pointage des employ\u00e9s, cam\u00e9ra de pointage des employ\u00e9s, cam\u00e9ra de pointage, pointeuse biom\u00e9trique, syst\u00e8me de pointage sans contact, pointage par reconnaissance faciale","breadcrumb":{"@id":"https:\/\/simpo-datatec.com\/product\/sp-f90-parameters\/#breadcrumb"},"inLanguage":"fr-FR","potentialAction":[{"@type":"ReadAction","target":["https:\/\/simpo-datatec.com\/product\/sp-f90-parameters\/"]}]},{"@type":"ImageObject","inLanguage":"fr-FR","@id":"https:\/\/simpo-datatec.com\/product\/sp-f90-parameters\/#primaryimage","url":"https:\/\/simpo-datatec.com\/wp-content\/uploads\/2026\/04\/33.jpg","contentUrl":"https:\/\/simpo-datatec.com\/wp-content\/uploads\/2026\/04\/33.jpg","width":500,"height":500},{"@type":"BreadcrumbList","@id":"https:\/\/simpo-datatec.com\/product\/sp-f90-parameters\/#breadcrumb","itemListElement":[{"@type":"ListItem","position":1,"name":"\u9996\u9875","item":"https:\/\/simpo-datatec.com\/"},{"@type":"ListItem","position":2,"name":"Products","item":"https:\/\/simpo-datatec.com\/products\/"},{"@type":"ListItem","position":3,"name":"SP-F90 Face recognition camera"}]},{"@type":"WebSite","@id":"https:\/\/simpo-datatec.com\/#website","url":"https:\/\/simpo-datatec.com\/","name":"simpo-datatec.com","description":"","potentialAction":[{"@type":"SearchAction","target":{"@type":"EntryPoint","urlTemplate":"https:\/\/simpo-datatec.com\/?s={search_term_string}"},"query-input":{"@type":"PropertyValueSpecification","valueRequired":true,"valueName":"search_term_string"}}],"inLanguage":"fr-FR"}]}},"_links":{"self":[{"href":"https:\/\/simpo-datatec.com\/fr\/wp-json\/wp\/v2\/product\/1544","targetHints":{"allow":["GET"]}}],"collection":[{"href":"https:\/\/simpo-datatec.com\/fr\/wp-json\/wp\/v2\/product"}],"about":[{"href":"https:\/\/simpo-datatec.com\/fr\/wp-json\/wp\/v2\/types\/product"}],"wp:featuredmedia":[{"embeddable":true,"href":"https:\/\/simpo-datatec.com\/fr\/wp-json\/wp\/v2\/media\/1545"}],"wp:attachment":[{"href":"https:\/\/simpo-datatec.com\/fr\/wp-json\/wp\/v2\/media?parent=1544"}],"wp:term":[{"taxonomy":"product_brand","embeddable":true,"href":"https:\/\/simpo-datatec.com\/fr\/wp-json\/wp\/v2\/product_brand?post=1544"},{"taxonomy":"product_cat","embeddable":true,"href":"https:\/\/simpo-datatec.com\/fr\/wp-json\/wp\/v2\/product_cat?post=1544"},{"taxonomy":"product_tag","embeddable":true,"href":"https:\/\/simpo-datatec.com\/fr\/wp-json\/wp\/v2\/product_tag?post=1544"}],"curies":[{"name":"wp","href":"https:\/\/api.w.org\/{rel}","templated":true}]}}