{"id":758,"date":"2024-10-10T17:28:35","date_gmt":"2024-10-10T09:28:35","guid":{"rendered":"https:\/\/simpo-datatec.com\/?post_type=product&#038;p=758"},"modified":"2025-08-09T14:39:12","modified_gmt":"2025-08-09T06:39:12","slug":"s15-foldable-pos-terminal","status":"publish","type":"product","link":"https:\/\/simpo-datatec.com\/es\/products\/resolution\/1024-x-768\/s15-foldable-pos-terminal\/","title":{"rendered":"S15 TPV Plegable"},"content":{"rendered":"<table width=\"992\">\n<tbody>\n<tr>\n<td width=\"278\">Art\u00edculo<\/td>\n<td colspan=\"2\" width=\"714\">Par\u00e1metros<\/td>\n<\/tr>\n<tr>\n<td width=\"278\">CPU<\/td>\n<td colspan=\"2\" width=\"714\">Intel Core i3 8nd<\/td>\n<\/tr>\n<tr>\n<td width=\"278\">RAM<\/td>\n<td colspan=\"2\" width=\"714\">8G<\/td>\n<\/tr>\n<tr>\n<td width=\"278\">Disco duro<\/td>\n<td colspan=\"2\" width=\"714\">128 G SSD<\/td>\n<\/tr>\n<tr>\n<td width=\"278\">Soporte OS (No incluye OS)<\/td>\n<td colspan=\"2\" width=\"714\">Windows XP\/7\/8\/10\/11, Linux<\/td>\n<\/tr>\n<tr>\n<td width=\"278\">Resoluci\u00f3n<\/td>\n<td colspan=\"2\" width=\"714\">1024*768<\/td>\n<\/tr>\n<tr>\n<td width=\"278\">Pantalla de visualizaci\u00f3n<\/td>\n<td colspan=\"2\" width=\"714\">TFT-LCD de 15 pulgadas<\/td>\n<\/tr>\n<tr>\n<td width=\"278\">Pantalla t\u00e1ctil<\/td>\n<td colspan=\"2\" width=\"714\">Pantalla t\u00e1ctil capacitiva de 10 puntos<\/td>\n<\/tr>\n<tr>\n<td width=\"278\">Interfaz<\/td>\n<td colspan=\"2\" width=\"714\">COM*1, VGA*1, RJ45*1, DC-IN*1, MIC*1, salida de audio*1, USB*6(2 exteriores)<\/td>\n<\/tr>\n<tr>\n<td width=\"278\">Color<\/td>\n<td colspan=\"2\" width=\"714\">Plata\/Negro<\/td>\n<\/tr>\n<tr>\n<td colspan=\"3\">Otros<\/td>\n<\/tr>\n<tr>\n<td>Cetificados<\/td>\n<td colspan=\"2\">CE, ROHS, FCC,CCC<\/td>\n<\/tr>\n<tr>\n<td width=\"278\">Temperatura de funcionamiento<\/td>\n<td colspan=\"2\" width=\"714\">0\u2103-50\u2103<\/td>\n<\/tr>\n<tr>\n<td width=\"278\">Temperatura de almacenamiento<\/td>\n<td colspan=\"2\" width=\"714\">- 20\u2103~60\u2103<\/td>\n<\/tr>\n<tr>\n<td width=\"278\">Humedad<\/td>\n<td colspan=\"2\" width=\"714\">10%~90%<\/td>\n<\/tr>\n<tr>\n<td>Fuente de alimentaci\u00f3n<\/td>\n<td colspan=\"2\">adaptador de corriente externo 12V 5A<\/td>\n<\/tr>\n<tr>\n<td colspan=\"3\">Campos de aplicaci\u00f3n<\/td>\n<\/tr>\n<tr>\n<td colspan=\"3\">Restaurantes, minoristas, supermercados, restauraci\u00f3n, log\u00edstica, etc.<\/td>\n<\/tr>\n<tr>\n<td colspan=\"3\">Embalaje<\/td>\n<\/tr>\n<tr>\n<td>N.W<\/td>\n<td colspan=\"2\" width=\"714\">6KG<\/td>\n<\/tr>\n<tr>\n<td>G.W<\/td>\n<td colspan=\"2\" width=\"714\">6,5 kg<\/td>\n<\/tr>\n<tr>\n<td>Tama\u00f1o de la caja<\/td>\n<td colspan=\"2\" width=\"714\">46*28*42cm<\/td>\n<\/tr>\n<\/tbody>\n<\/table>\n<p>SIMPO-DATA es un fabricante l\u00edder de alta tecnolog\u00eda dedicado a la I+D, producci\u00f3n, venta y servicio de sistemas avanzados de TPV (Terminal Punto de Venta). Con m\u00e1s de una d\u00e9cada de profunda experiencia en el sector, nos hemos forjado una s\u00f3lida reputaci\u00f3n por ofrecer soluciones de TPV fiables, innovadoras y de alto rendimiento a clientes de todo el mundo.<\/p>\n<p>Desde nuestra fundaci\u00f3n, nos hemos adherido a la filosof\u00eda empresarial de \"La calidad crea el mercado, la innovaci\u00f3n crea el futuro\". Este compromiso nos impulsa a mejorar continuamente nuestros productos y ampliar nuestra oferta para satisfacer las diversas demandas de los mercados mundiales. Nuestra completa cartera de productos abarca una amplia gama de sectores, como el comercio minorista, la restauraci\u00f3n, los supermercados, la hosteler\u00eda, la alimentaci\u00f3n y las bebidas, y la log\u00edstica. Tanto si dirige un peque\u00f1o negocio como si gestiona una gran cadena de operaciones, SIMPO-DATA tiene la soluci\u00f3n de TPV adecuada para usted.<\/p>\n<p>Amplia gama de productos<br \/>\nNuestra l\u00ednea de productos POS incluye terminales POS todo en uno, monitores de pantalla t\u00e1ctil, impresoras t\u00e9rmicas de recibos, esc\u00e1neres de c\u00f3digos de barras, cajones portamonedas y dispositivos POS m\u00f3viles. Ofrecemos sistemas POS completos e integrados, as\u00ed como componentes individuales, lo que le permite personalizar la soluci\u00f3n que mejor se adapte a su modelo de negocio.Adem\u00e1s de S15 Foldable POS TERMINAL\uff0c<a href=\"https:\/\/simpo-datatec.com\/es\/products\/\" target=\"_blank\" rel=\"noopener\">Haga clic aqu\u00ed para ver m\u00e1s productos.<\/a><\/p>\n<p>Innovaci\u00f3n en el n\u00facleo<br \/>\nNuestro equipo profesional de I+D est\u00e1 comprometido con la innovaci\u00f3n continua en dise\u00f1o, rendimiento y experiencia del usuario. Al adelantarnos a las tendencias del mercado y a los avances tecnol\u00f3gicos, nos aseguramos de que los productos SIMPO-DATA sigan siendo competitivos y est\u00e9n preparados para el futuro. Cada producto se desarrolla prestando especial atenci\u00f3n a los detalles, desde el dise\u00f1o ergon\u00f3mico y las interfaces intuitivas hasta el rendimiento estable del sistema y la eficiencia energ\u00e9tica.<\/p>\n<p>Calidad de confianza<br \/>\nLa calidad es nuestra m\u00e1xima prioridad. Desde la selecci\u00f3n de materias primas hasta la producci\u00f3n final, cada paso est\u00e1 sujeto a estrictos procedimientos de control de calidad. Nuestras instalaciones de fabricaci\u00f3n est\u00e1n equipadas con avanzados equipos de ensayo para garantizar que cada producto cumpla las normas de calidad internacionales y ofrezca un rendimiento duradero.<\/p>\n<p>Servicio y asistencia mundial<br \/>\nEn SIMPO-DATA, no nos limitamos a vender productos: ofrecemos soluciones integrales y un servicio posventa fiable. Nuestro equipo de ingenieros experimentados y especialistas en atenci\u00f3n al cliente est\u00e1 preparado para ayudarle con la instalaci\u00f3n, la formaci\u00f3n, el mantenimiento y la asistencia t\u00e9cnica. Nuestro objetivo es ayudar a nuestros socios a maximizar la eficiencia, reducir los costes y mejorar la satisfacci\u00f3n del cliente.<\/p>\n<p>\u00bfPor qu\u00e9 elegir SIMPO-DATA?<\/p>\n<p>M\u00e1s de 10 a\u00f1os de experiencia en el sector de los puntos de venta<\/p>\n<p>S\u00f3lida capacidad de I+D con innovaci\u00f3n continua<\/p>\n<p>Amplia gama de productos que abarca m\u00faltiples sectores<\/p>\n<p>Estricto control de calidad y cumplimiento de las normas internacionales<\/p>\n<p>Equipo profesional de ventas y asistencia t\u00e9cnica en todo el mundo<\/p>\n<p>As\u00f3ciese con SIMPO-DATA y deje que nuestras soluciones de punto de venta potencien sus operaciones comerciales. Juntos, podemos ayudarle a agilizar las transacciones, mejorar la eficiencia operativa y ofrecer experiencias excepcionales a los clientes.<\/p>","protected":false},"excerpt":{"rendered":"<p>Pantalla LCD de nivel industrial A<br \/>\nLa base de aluminio plegable ayuda a ahorrar costes de env\u00edo y espacio de almacenamiento<br \/>\nDise\u00f1o elegante, l\u00edneas fluidas, muy buena textura<\/p>","protected":false},"featured_media":759,"comment_status":"open","ping_status":"closed","template":"","meta":[],"product_brand":[],"product_cat":[203,197,192,193,184,188,189,194,174,190,180],"product_tag":[],"class_list":{"0":"post-758","1":"product","2":"type-product","3":"status-publish","4":"has-post-thumbnail","6":"product_cat-1024-x-768","7":"product_cat-197","8":"product_cat-core-i3","9":"product_cat-core-i5","10":"product_cat-desktop-pos-system","11":"product_cat-desktop-pos-system-stand-type","12":"product_cat-foldable-pos-system","13":"product_cat-j6412","14":"product_cat-pos-system","15":"product_cat-wall-mounted-pos-system","16":"product_cat-windows-pos","18":"first","19":"instock","20":"shipping-taxable","21":"product-type-simple"},"yoast_head":"<!-- This site is optimized with the Yoast SEO plugin v27.3 - https:\/\/yoast.com\/product\/yoast-seo-wordpress\/ -->\n<title>S15 Foldable POS TERMINAL - simpo-datatec.com<\/title>\n<meta name=\"description\" content=\"S15 Foldable POS TERMINAL - all-in-one POS terminals, touch screen monitors, thermal receipt printers, barcode scanners, cash drawers\" \/>\n<meta name=\"robots\" content=\"index, follow, max-snippet:-1, max-image-preview:large, max-video-preview:-1\" \/>\n<link rel=\"canonical\" href=\"https:\/\/simpo-datatec.com\/es\/products\/resolution\/1024-x-768\/s15-foldable-pos-terminal\/\" \/>\n<meta property=\"og:locale\" content=\"es_ES\" \/>\n<meta property=\"og:type\" content=\"article\" \/>\n<meta property=\"og:title\" content=\"S15 Foldable POS TERMINAL - simpo-datatec.com\" \/>\n<meta property=\"og:description\" content=\"S15 Foldable POS TERMINAL - all-in-one POS terminals, touch screen monitors, thermal receipt printers, barcode scanners, cash drawers\" \/>\n<meta property=\"og:url\" content=\"https:\/\/simpo-datatec.com\/es\/products\/resolution\/1024-x-768\/s15-foldable-pos-terminal\/\" \/>\n<meta property=\"og:site_name\" content=\"simpo-datatec.com\" \/>\n<meta property=\"article:modified_time\" content=\"2025-08-09T06:39:12+00:00\" \/>\n<meta property=\"og:image\" content=\"https:\/\/simpo-datatec.com\/wp-content\/uploads\/2024\/10\/1-500x500-22.jpg\" \/>\n\t<meta property=\"og:image:width\" content=\"500\" \/>\n\t<meta property=\"og:image:height\" content=\"500\" \/>\n\t<meta property=\"og:image:type\" content=\"image\/jpeg\" \/>\n<meta name=\"twitter:card\" content=\"summary_large_image\" \/>\n<meta name=\"twitter:label1\" content=\"Tiempo de lectura\" \/>\n\t<meta name=\"twitter:data1\" content=\"3 minutos\" \/>\n<script type=\"application\/ld+json\" class=\"yoast-schema-graph\">{\"@context\":\"https:\\\/\\\/schema.org\",\"@graph\":[{\"@type\":\"WebPage\",\"@id\":\"https:\\\/\\\/simpo-datatec.com\\\/it\\\/products\\\/resolution\\\/1024-x-768\\\/s15-foldable-pos-terminal\\\/\",\"url\":\"https:\\\/\\\/simpo-datatec.com\\\/it\\\/products\\\/resolution\\\/1024-x-768\\\/s15-foldable-pos-terminal\\\/\",\"name\":\"S15 Foldable POS TERMINAL - simpo-datatec.com\",\"isPartOf\":{\"@id\":\"https:\\\/\\\/simpo-datatec.com\\\/#website\"},\"primaryImageOfPage\":{\"@id\":\"https:\\\/\\\/simpo-datatec.com\\\/it\\\/products\\\/resolution\\\/1024-x-768\\\/s15-foldable-pos-terminal\\\/#primaryimage\"},\"image\":{\"@id\":\"https:\\\/\\\/simpo-datatec.com\\\/it\\\/products\\\/resolution\\\/1024-x-768\\\/s15-foldable-pos-terminal\\\/#primaryimage\"},\"thumbnailUrl\":\"https:\\\/\\\/simpo-datatec.com\\\/wp-content\\\/uploads\\\/2024\\\/10\\\/1-500x500-22.jpg\",\"datePublished\":\"2024-10-10T09:28:35+00:00\",\"dateModified\":\"2025-08-09T06:39:12+00:00\",\"description\":\"S15 Foldable POS TERMINAL - all-in-one POS terminals, touch screen monitors, thermal receipt printers, barcode scanners, cash drawers\",\"breadcrumb\":{\"@id\":\"https:\\\/\\\/simpo-datatec.com\\\/it\\\/products\\\/resolution\\\/1024-x-768\\\/s15-foldable-pos-terminal\\\/#breadcrumb\"},\"inLanguage\":\"es\",\"potentialAction\":[{\"@type\":\"ReadAction\",\"target\":[\"https:\\\/\\\/simpo-datatec.com\\\/it\\\/products\\\/resolution\\\/1024-x-768\\\/s15-foldable-pos-terminal\\\/\"]}]},{\"@type\":\"ImageObject\",\"inLanguage\":\"es\",\"@id\":\"https:\\\/\\\/simpo-datatec.com\\\/it\\\/products\\\/resolution\\\/1024-x-768\\\/s15-foldable-pos-terminal\\\/#primaryimage\",\"url\":\"https:\\\/\\\/simpo-datatec.com\\\/wp-content\\\/uploads\\\/2024\\\/10\\\/1-500x500-22.jpg\",\"contentUrl\":\"https:\\\/\\\/simpo-datatec.com\\\/wp-content\\\/uploads\\\/2024\\\/10\\\/1-500x500-22.jpg\",\"width\":500,\"height\":500,\"caption\":\"S15 Foldable POS TERMINAL\"},{\"@type\":\"BreadcrumbList\",\"@id\":\"https:\\\/\\\/simpo-datatec.com\\\/it\\\/products\\\/resolution\\\/1024-x-768\\\/s15-foldable-pos-terminal\\\/#breadcrumb\",\"itemListElement\":[{\"@type\":\"ListItem\",\"position\":1,\"name\":\"\u9996\u9875\",\"item\":\"https:\\\/\\\/simpo-datatec.com\\\/\"},{\"@type\":\"ListItem\",\"position\":2,\"name\":\"Products\",\"item\":\"https:\\\/\\\/simpo-datatec.com\\\/products\\\/\"},{\"@type\":\"ListItem\",\"position\":3,\"name\":\"S15 Foldable POS TERMINAL\"}]},{\"@type\":\"WebSite\",\"@id\":\"https:\\\/\\\/simpo-datatec.com\\\/#website\",\"url\":\"https:\\\/\\\/simpo-datatec.com\\\/\",\"name\":\"simpo-datatec.com\",\"description\":\"\",\"potentialAction\":[{\"@type\":\"SearchAction\",\"target\":{\"@type\":\"EntryPoint\",\"urlTemplate\":\"https:\\\/\\\/simpo-datatec.com\\\/?s={search_term_string}\"},\"query-input\":{\"@type\":\"PropertyValueSpecification\",\"valueRequired\":true,\"valueName\":\"search_term_string\"}}],\"inLanguage\":\"es\"}]}<\/script>\n<!-- \/ Yoast SEO plugin. -->","yoast_head_json":{"title":"S15 Foldable POS TERMINAL - simpo-datatec.com","description":"S15 Foldable POS TERMINAL - all-in-one POS terminals, touch screen monitors, thermal receipt printers, barcode scanners, cash drawers","robots":{"index":"index","follow":"follow","max-snippet":"max-snippet:-1","max-image-preview":"max-image-preview:large","max-video-preview":"max-video-preview:-1"},"canonical":"https:\/\/simpo-datatec.com\/es\/products\/resolution\/1024-x-768\/s15-foldable-pos-terminal\/","og_locale":"es_ES","og_type":"article","og_title":"S15 Foldable POS TERMINAL - simpo-datatec.com","og_description":"S15 Foldable POS TERMINAL - all-in-one POS terminals, touch screen monitors, thermal receipt printers, barcode scanners, cash drawers","og_url":"https:\/\/simpo-datatec.com\/es\/products\/resolution\/1024-x-768\/s15-foldable-pos-terminal\/","og_site_name":"simpo-datatec.com","article_modified_time":"2025-08-09T06:39:12+00:00","og_image":[{"width":500,"height":500,"url":"https:\/\/simpo-datatec.com\/wp-content\/uploads\/2024\/10\/1-500x500-22.jpg","type":"image\/jpeg"}],"twitter_card":"summary_large_image","twitter_misc":{"Tiempo de lectura":"3 minutos"},"schema":{"@context":"https:\/\/schema.org","@graph":[{"@type":"WebPage","@id":"https:\/\/simpo-datatec.com\/it\/products\/resolution\/1024-x-768\/s15-foldable-pos-terminal\/","url":"https:\/\/simpo-datatec.com\/it\/products\/resolution\/1024-x-768\/s15-foldable-pos-terminal\/","name":"S15 Foldable POS TERMINAL - simpo-datatec.com","isPartOf":{"@id":"https:\/\/simpo-datatec.com\/#website"},"primaryImageOfPage":{"@id":"https:\/\/simpo-datatec.com\/it\/products\/resolution\/1024-x-768\/s15-foldable-pos-terminal\/#primaryimage"},"image":{"@id":"https:\/\/simpo-datatec.com\/it\/products\/resolution\/1024-x-768\/s15-foldable-pos-terminal\/#primaryimage"},"thumbnailUrl":"https:\/\/simpo-datatec.com\/wp-content\/uploads\/2024\/10\/1-500x500-22.jpg","datePublished":"2024-10-10T09:28:35+00:00","dateModified":"2025-08-09T06:39:12+00:00","description":"S15 Foldable POS TERMINAL - all-in-one POS terminals, touch screen monitors, thermal receipt printers, barcode scanners, cash drawers","breadcrumb":{"@id":"https:\/\/simpo-datatec.com\/it\/products\/resolution\/1024-x-768\/s15-foldable-pos-terminal\/#breadcrumb"},"inLanguage":"es","potentialAction":[{"@type":"ReadAction","target":["https:\/\/simpo-datatec.com\/it\/products\/resolution\/1024-x-768\/s15-foldable-pos-terminal\/"]}]},{"@type":"ImageObject","inLanguage":"es","@id":"https:\/\/simpo-datatec.com\/it\/products\/resolution\/1024-x-768\/s15-foldable-pos-terminal\/#primaryimage","url":"https:\/\/simpo-datatec.com\/wp-content\/uploads\/2024\/10\/1-500x500-22.jpg","contentUrl":"https:\/\/simpo-datatec.com\/wp-content\/uploads\/2024\/10\/1-500x500-22.jpg","width":500,"height":500,"caption":"S15 Foldable POS TERMINAL"},{"@type":"BreadcrumbList","@id":"https:\/\/simpo-datatec.com\/it\/products\/resolution\/1024-x-768\/s15-foldable-pos-terminal\/#breadcrumb","itemListElement":[{"@type":"ListItem","position":1,"name":"\u9996\u9875","item":"https:\/\/simpo-datatec.com\/"},{"@type":"ListItem","position":2,"name":"Products","item":"https:\/\/simpo-datatec.com\/products\/"},{"@type":"ListItem","position":3,"name":"S15 Foldable POS TERMINAL"}]},{"@type":"WebSite","@id":"https:\/\/simpo-datatec.com\/#website","url":"https:\/\/simpo-datatec.com\/","name":"simpo-datatec.com","description":"","potentialAction":[{"@type":"SearchAction","target":{"@type":"EntryPoint","urlTemplate":"https:\/\/simpo-datatec.com\/?s={search_term_string}"},"query-input":{"@type":"PropertyValueSpecification","valueRequired":true,"valueName":"search_term_string"}}],"inLanguage":"es"}]}},"_links":{"self":[{"href":"https:\/\/simpo-datatec.com\/es\/wp-json\/wp\/v2\/product\/758","targetHints":{"allow":["GET"]}}],"collection":[{"href":"https:\/\/simpo-datatec.com\/es\/wp-json\/wp\/v2\/product"}],"about":[{"href":"https:\/\/simpo-datatec.com\/es\/wp-json\/wp\/v2\/types\/product"}],"replies":[{"embeddable":true,"href":"https:\/\/simpo-datatec.com\/es\/wp-json\/wp\/v2\/comments?post=758"}],"wp:featuredmedia":[{"embeddable":true,"href":"https:\/\/simpo-datatec.com\/es\/wp-json\/wp\/v2\/media\/759"}],"wp:attachment":[{"href":"https:\/\/simpo-datatec.com\/es\/wp-json\/wp\/v2\/media?parent=758"}],"wp:term":[{"taxonomy":"product_brand","embeddable":true,"href":"https:\/\/simpo-datatec.com\/es\/wp-json\/wp\/v2\/product_brand?post=758"},{"taxonomy":"product_cat","embeddable":true,"href":"https:\/\/simpo-datatec.com\/es\/wp-json\/wp\/v2\/product_cat?post=758"},{"taxonomy":"product_tag","embeddable":true,"href":"https:\/\/simpo-datatec.com\/es\/wp-json\/wp\/v2\/product_tag?post=758"}],"curies":[{"name":"wp","href":"https:\/\/api.w.org\/{rel}","templated":true}]}}