{"id":719,"date":"2024-10-10T17:18:02","date_gmt":"2024-10-10T09:18:02","guid":{"rendered":"https:\/\/simpo-datatec.com\/?post_type=product&#038;p=719"},"modified":"2025-08-09T14:36:34","modified_gmt":"2025-08-09T06:36:34","slug":"p80-4-80mm-thermal-printer","status":"publish","type":"product","link":"https:\/\/simpo-datatec.com\/es\/products\/product\/thermal-printer\/p80-4-80mm-thermal-printer\/","title":{"rendered":"P80-4 Impresora t\u00e9rmica de 80 mm"},"content":{"rendered":"<table width=\"932\">\n<tbody>\n<tr>\n<td colspan=\"2\" width=\"375\">Art\u00edculo<\/td>\n<td width=\"557\">Par\u00e1metros<\/td>\n<\/tr>\n<tr>\n<td rowspan=\"8\" width=\"155\">Imprimir<\/td>\n<td width=\"220\">M\u00e9todo de impresi\u00f3n<\/td>\n<td width=\"557\">Impresi\u00f3n t\u00e9rmica directa por l\u00edneas<\/td>\n<\/tr>\n<tr>\n<td width=\"220\">Anchura de impresi\u00f3n<\/td>\n<td width=\"557\">64\/72 mm<\/td>\n<\/tr>\n<tr>\n<td width=\"220\">Densidad de puntos<\/td>\n<td width=\"557\">512\/576punto\/l\u00ednea<\/td>\n<\/tr>\n<tr>\n<td width=\"220\">Resoluci\u00f3n<\/td>\n<td width=\"557\">180X203 PPP<\/td>\n<\/tr>\n<tr>\n<td width=\"220\">Velocidad de impresi\u00f3n<\/td>\n<td width=\"557\">250 mm\/s<\/td>\n<\/tr>\n<tr>\n<td width=\"220\">Interfaz<\/td>\n<td width=\"557\">USB \/ Ethernet<\/td>\n<\/tr>\n<tr>\n<td width=\"220\">Emulaci\u00f3n<\/td>\n<td width=\"557\">ESC\/POS\/OPOS<\/td>\n<\/tr>\n<tr>\n<td width=\"220\">Espacio de l\u00ednea<\/td>\n<td width=\"557\">3,75 mm<\/td>\n<\/tr>\n<tr>\n<td rowspan=\"4\" width=\"155\">C\u00f3digo de barras y anverso<\/td>\n<td rowspan=\"2\" width=\"220\">C\u00f3digo de barras<\/td>\n<td width=\"557\">UPC-A\/UPC-C\/JAN13(EAN13)\/JAN8(EAN8)\/CODE39\/ITF\/<\/td>\n<\/tr>\n<tr>\n<td width=\"557\">CODABAR\/CODE93\/CODE128<\/td>\n<\/tr>\n<tr>\n<td width=\"220\">Fuente<\/td>\n<td width=\"557\">Fuente A(12\u00d724), Fuente B(9\u00d717), Chino (24\u00d724\uff09<\/td>\n<\/tr>\n<tr>\n<td width=\"220\">Caracteres por l\u00ednea<\/td>\n<td width=\"557\">48-font A\/64-fontB<\/td>\n<\/tr>\n<tr>\n<td rowspan=\"4\" width=\"155\">Papel<\/td>\n<td width=\"220\">M\u00e9todo de suministro de papel<\/td>\n<td width=\"557\">Carga de papel<\/td>\n<\/tr>\n<tr>\n<td width=\"220\">Anchura del papel<\/td>\n<td width=\"557\">Anchura del papel: 79,5 \u00b10,5<\/td>\n<\/tr>\n<tr>\n<td width=\"220\">Grosor del papel<\/td>\n<td width=\"557\">0,06~0,08 mm<\/td>\n<\/tr>\n<tr>\n<td width=\"220\">Rollo de papel OD<\/td>\n<td width=\"557\">M\u00e1x.83mm<\/td>\n<\/tr>\n<tr>\n<td rowspan=\"3\" width=\"155\">Alimentaci\u00f3n<\/td>\n<td width=\"220\">Entrada<\/td>\n<td width=\"557\">CA100~220V, 50~60Hz<\/td>\n<\/tr>\n<tr>\n<td width=\"220\">Salida<\/td>\n<td width=\"557\">CC 24V\/2,5A<\/td>\n<\/tr>\n<tr>\n<td width=\"220\">Caja fuera<\/td>\n<td width=\"557\">CC 12V\/1A<\/td>\n<\/tr>\n<tr>\n<td rowspan=\"2\" width=\"155\">Fiabilidad<\/td>\n<td width=\"220\">Vida \u00fatil del cabezal de impresi\u00f3n<\/td>\n<td width=\"557\">15.000.000 L\u00edneas<\/td>\n<\/tr>\n<tr>\n<td width=\"220\">Vida \u00fatil de la cuchilla<\/td>\n<td width=\"557\">1.000.000 cortes (corte completo, grosor del papel: 0,07 mm)<\/td>\n<\/tr>\n<tr>\n<td rowspan=\"2\" width=\"155\">Medio ambiente<\/td>\n<td width=\"220\">Condiciones de funcionamiento<\/td>\n<td width=\"557\">Temperatura:0 ~ 45\u2103\uff0c Humedad:10 ~ 80%<\/td>\n<\/tr>\n<tr>\n<td width=\"220\">Condiciones de almacenamiento<\/td>\n<td width=\"557\">Temperatura:-10 ~ 60\u2103 \uff0cHumedad:10 ~ 90%<\/td>\n<\/tr>\n<tr>\n<td rowspan=\"2\" width=\"155\">F\u00edsica Espec.<\/td>\n<td width=\"220\">Dimensiones<\/td>\n<td width=\"557\">191 X 140 X 143mm (LxAxA)<\/td>\n<\/tr>\n<tr>\n<td width=\"220\">Peso<\/td>\n<td width=\"557\">Aprox.1.3Kg<\/td>\n<\/tr>\n<\/tbody>\n<\/table>\n<p>SIMPO-DATA es un fabricante l\u00edder de alta tecnolog\u00eda dedicado a la I+D, producci\u00f3n, venta y servicio de sistemas avanzados de TPV (Terminal Punto de Venta). Con m\u00e1s de una d\u00e9cada de profunda experiencia en el sector, nos hemos forjado una s\u00f3lida reputaci\u00f3n por ofrecer soluciones de TPV fiables, innovadoras y de alto rendimiento a clientes de todo el mundo.<\/p>\n<p>Desde nuestra fundaci\u00f3n, nos hemos adherido a la filosof\u00eda empresarial de \"La calidad crea el mercado, la innovaci\u00f3n crea el futuro\". Este compromiso nos impulsa a mejorar continuamente nuestros productos y ampliar nuestra oferta para satisfacer las diversas demandas de los mercados mundiales. Nuestra completa cartera de productos abarca una amplia gama de sectores, como el comercio minorista, la restauraci\u00f3n, los supermercados, la hosteler\u00eda, la alimentaci\u00f3n y las bebidas, y la log\u00edstica. Tanto si dirige un peque\u00f1o negocio como si gestiona una gran cadena de operaciones, SIMPO-DATA tiene la soluci\u00f3n de TPV adecuada para usted.<\/p>\n<p>Amplia gama de productos<br \/>\nNuestra l\u00ednea de productos POS incluye terminales POS todo en uno, monitores de pantalla t\u00e1ctil, impresoras t\u00e9rmicas de recibos, esc\u00e1neres de c\u00f3digos de barras, cajones portamonedas y dispositivos POS m\u00f3viles. Ofrecemos sistemas POS completos e integrados, as\u00ed como componentes individuales, lo que le permite personalizar la soluci\u00f3n que mejor se adapte a su modelo de negocio.<a href=\"https:\/\/simpo-datatec.com\/es\/products\/\" target=\"_blank\" rel=\"noopener\">Haga clic aqu\u00ed para ver m\u00e1s productos.<\/a><\/p>\n<p>Innovaci\u00f3n en el n\u00facleo<br \/>\nNuestro equipo profesional de I+D est\u00e1 comprometido con la innovaci\u00f3n continua en dise\u00f1o, rendimiento y experiencia del usuario. Al adelantarnos a las tendencias del mercado y a los avances tecnol\u00f3gicos, nos aseguramos de que los productos SIMPO-DATA sigan siendo competitivos y est\u00e9n preparados para el futuro. Cada producto se desarrolla prestando especial atenci\u00f3n a los detalles, desde el dise\u00f1o ergon\u00f3mico y las interfaces intuitivas hasta el rendimiento estable del sistema y la eficiencia energ\u00e9tica.<\/p>\n<p>Calidad de confianza<br \/>\nLa calidad es nuestra m\u00e1xima prioridad. Desde la selecci\u00f3n de materias primas hasta la producci\u00f3n final, cada paso est\u00e1 sujeto a estrictos procedimientos de control de calidad. Nuestras instalaciones de fabricaci\u00f3n est\u00e1n equipadas con avanzados equipos de ensayo para garantizar que cada producto cumpla las normas de calidad internacionales y ofrezca un rendimiento duradero.<\/p>\n<p>Servicio y asistencia mundial<br \/>\nEn SIMPO-DATA, no nos limitamos a vender productos: ofrecemos soluciones integrales y un servicio posventa fiable. Nuestro equipo de ingenieros experimentados y especialistas en atenci\u00f3n al cliente est\u00e1 preparado para ayudarle con la instalaci\u00f3n, la formaci\u00f3n, el mantenimiento y la asistencia t\u00e9cnica. Nuestro objetivo es ayudar a nuestros socios a maximizar la eficiencia, reducir los costes y mejorar la satisfacci\u00f3n del cliente.<\/p>\n<p>\u00bfPor qu\u00e9 elegir SIMPO-DATA?<\/p>\n<p>M\u00e1s de 10 a\u00f1os de experiencia en el sector de los puntos de venta<\/p>\n<p>S\u00f3lida capacidad de I+D con innovaci\u00f3n continua<\/p>\n<p>Amplia gama de productos que abarca m\u00faltiples sectores<\/p>\n<p>Estricto control de calidad y cumplimiento de las normas internacionales<\/p>\n<p>Equipo profesional de ventas y asistencia t\u00e9cnica en todo el mundo<\/p>\n<p>As\u00f3ciese con SIMPO-DATA y deje que nuestras soluciones de punto de venta potencien sus operaciones comerciales. Juntos, podemos ayudarle a agilizar las transacciones, mejorar la eficiencia operativa y ofrecer experiencias excepcionales a los clientes.<\/p>","protected":false},"excerpt":{"rendered":"<p>Impresora t\u00e9rmica de alta velocidad de 80 mm<br \/>\nTipo de autocortadora<br \/>\nVelocidad de impresi\u00f3n 250 mm\/s<br \/>\n1.000.000 de cortes Vida \u00fatil de la cuchilla<\/p>","protected":false},"featured_media":720,"comment_status":"open","ping_status":"closed","template":"","meta":[],"product_brand":[],"product_cat":[176,17],"product_tag":[],"class_list":{"0":"post-719","1":"product","2":"type-product","3":"status-publish","4":"has-post-thumbnail","6":"product_cat-thermal-printer","7":"product_cat-uncategorized","9":"first","10":"instock","11":"shipping-taxable","12":"product-type-simple"},"yoast_head":"<!-- This site is optimized with the Yoast SEO plugin v27.3 - https:\/\/yoast.com\/product\/yoast-seo-wordpress\/ -->\n<title>P80-4 80mm Thermal printer - simpo-datatec.com<\/title>\n<meta name=\"description\" content=\"P80-4 80mm Thermal printer - all-in-one POS terminals, touch screen monitors, thermal receipt printers, barcode scanners\" \/>\n<meta name=\"robots\" content=\"index, follow, max-snippet:-1, max-image-preview:large, max-video-preview:-1\" \/>\n<link rel=\"canonical\" href=\"https:\/\/simpo-datatec.com\/es\/products\/product\/thermal-printer\/p80-4-80mm-thermal-printer\/\" \/>\n<meta property=\"og:locale\" content=\"es_ES\" \/>\n<meta property=\"og:type\" content=\"article\" \/>\n<meta property=\"og:title\" content=\"P80-4 80mm Thermal printer - simpo-datatec.com\" \/>\n<meta property=\"og:description\" content=\"P80-4 80mm Thermal printer - all-in-one POS terminals, touch screen monitors, thermal receipt printers, barcode scanners\" \/>\n<meta property=\"og:url\" content=\"https:\/\/simpo-datatec.com\/es\/products\/product\/thermal-printer\/p80-4-80mm-thermal-printer\/\" \/>\n<meta property=\"og:site_name\" content=\"simpo-datatec.com\" \/>\n<meta property=\"article:modified_time\" content=\"2025-08-09T06:36:34+00:00\" \/>\n<meta property=\"og:image\" content=\"https:\/\/simpo-datatec.com\/wp-content\/uploads\/2024\/10\/1-500x500-14.jpg\" \/>\n\t<meta property=\"og:image:width\" content=\"500\" \/>\n\t<meta property=\"og:image:height\" content=\"500\" \/>\n\t<meta property=\"og:image:type\" content=\"image\/jpeg\" \/>\n<meta name=\"twitter:card\" content=\"summary_large_image\" \/>\n<meta name=\"twitter:label1\" content=\"Tiempo de lectura\" \/>\n\t<meta name=\"twitter:data1\" content=\"3 minutos\" \/>\n<script type=\"application\/ld+json\" class=\"yoast-schema-graph\">{\"@context\":\"https:\\\/\\\/schema.org\",\"@graph\":[{\"@type\":\"WebPage\",\"@id\":\"https:\\\/\\\/simpo-datatec.com\\\/fr\\\/products\\\/product\\\/thermal-printer\\\/p80-4-80mm-thermal-printer\\\/\",\"url\":\"https:\\\/\\\/simpo-datatec.com\\\/fr\\\/products\\\/product\\\/thermal-printer\\\/p80-4-80mm-thermal-printer\\\/\",\"name\":\"P80-4 80mm Thermal printer - simpo-datatec.com\",\"isPartOf\":{\"@id\":\"https:\\\/\\\/simpo-datatec.com\\\/#website\"},\"primaryImageOfPage\":{\"@id\":\"https:\\\/\\\/simpo-datatec.com\\\/fr\\\/products\\\/product\\\/thermal-printer\\\/p80-4-80mm-thermal-printer\\\/#primaryimage\"},\"image\":{\"@id\":\"https:\\\/\\\/simpo-datatec.com\\\/fr\\\/products\\\/product\\\/thermal-printer\\\/p80-4-80mm-thermal-printer\\\/#primaryimage\"},\"thumbnailUrl\":\"https:\\\/\\\/simpo-datatec.com\\\/wp-content\\\/uploads\\\/2024\\\/10\\\/1-500x500-14.jpg\",\"datePublished\":\"2024-10-10T09:18:02+00:00\",\"dateModified\":\"2025-08-09T06:36:34+00:00\",\"description\":\"P80-4 80mm Thermal printer - all-in-one POS terminals, touch screen monitors, thermal receipt printers, barcode scanners\",\"breadcrumb\":{\"@id\":\"https:\\\/\\\/simpo-datatec.com\\\/fr\\\/products\\\/product\\\/thermal-printer\\\/p80-4-80mm-thermal-printer\\\/#breadcrumb\"},\"inLanguage\":\"es\",\"potentialAction\":[{\"@type\":\"ReadAction\",\"target\":[\"https:\\\/\\\/simpo-datatec.com\\\/fr\\\/products\\\/product\\\/thermal-printer\\\/p80-4-80mm-thermal-printer\\\/\"]}]},{\"@type\":\"ImageObject\",\"inLanguage\":\"es\",\"@id\":\"https:\\\/\\\/simpo-datatec.com\\\/fr\\\/products\\\/product\\\/thermal-printer\\\/p80-4-80mm-thermal-printer\\\/#primaryimage\",\"url\":\"https:\\\/\\\/simpo-datatec.com\\\/wp-content\\\/uploads\\\/2024\\\/10\\\/1-500x500-14.jpg\",\"contentUrl\":\"https:\\\/\\\/simpo-datatec.com\\\/wp-content\\\/uploads\\\/2024\\\/10\\\/1-500x500-14.jpg\",\"width\":500,\"height\":500,\"caption\":\"P80-4 80mm Thermal printer\"},{\"@type\":\"BreadcrumbList\",\"@id\":\"https:\\\/\\\/simpo-datatec.com\\\/fr\\\/products\\\/product\\\/thermal-printer\\\/p80-4-80mm-thermal-printer\\\/#breadcrumb\",\"itemListElement\":[{\"@type\":\"ListItem\",\"position\":1,\"name\":\"\u9996\u9875\",\"item\":\"https:\\\/\\\/simpo-datatec.com\\\/\"},{\"@type\":\"ListItem\",\"position\":2,\"name\":\"Products\",\"item\":\"https:\\\/\\\/simpo-datatec.com\\\/products\\\/\"},{\"@type\":\"ListItem\",\"position\":3,\"name\":\"P80-4 80mm Thermal printer\"}]},{\"@type\":\"WebSite\",\"@id\":\"https:\\\/\\\/simpo-datatec.com\\\/#website\",\"url\":\"https:\\\/\\\/simpo-datatec.com\\\/\",\"name\":\"simpo-datatec.com\",\"description\":\"\",\"potentialAction\":[{\"@type\":\"SearchAction\",\"target\":{\"@type\":\"EntryPoint\",\"urlTemplate\":\"https:\\\/\\\/simpo-datatec.com\\\/?s={search_term_string}\"},\"query-input\":{\"@type\":\"PropertyValueSpecification\",\"valueRequired\":true,\"valueName\":\"search_term_string\"}}],\"inLanguage\":\"es\"}]}<\/script>\n<!-- \/ Yoast SEO plugin. -->","yoast_head_json":{"title":"P80-4 80mm Thermal printer - simpo-datatec.com","description":"P80-4 80mm Thermal printer - all-in-one POS terminals, touch screen monitors, thermal receipt printers, barcode scanners","robots":{"index":"index","follow":"follow","max-snippet":"max-snippet:-1","max-image-preview":"max-image-preview:large","max-video-preview":"max-video-preview:-1"},"canonical":"https:\/\/simpo-datatec.com\/es\/products\/product\/thermal-printer\/p80-4-80mm-thermal-printer\/","og_locale":"es_ES","og_type":"article","og_title":"P80-4 80mm Thermal printer - simpo-datatec.com","og_description":"P80-4 80mm Thermal printer - all-in-one POS terminals, touch screen monitors, thermal receipt printers, barcode scanners","og_url":"https:\/\/simpo-datatec.com\/es\/products\/product\/thermal-printer\/p80-4-80mm-thermal-printer\/","og_site_name":"simpo-datatec.com","article_modified_time":"2025-08-09T06:36:34+00:00","og_image":[{"width":500,"height":500,"url":"https:\/\/simpo-datatec.com\/wp-content\/uploads\/2024\/10\/1-500x500-14.jpg","type":"image\/jpeg"}],"twitter_card":"summary_large_image","twitter_misc":{"Tiempo de lectura":"3 minutos"},"schema":{"@context":"https:\/\/schema.org","@graph":[{"@type":"WebPage","@id":"https:\/\/simpo-datatec.com\/fr\/products\/product\/thermal-printer\/p80-4-80mm-thermal-printer\/","url":"https:\/\/simpo-datatec.com\/fr\/products\/product\/thermal-printer\/p80-4-80mm-thermal-printer\/","name":"P80-4 80mm Thermal printer - simpo-datatec.com","isPartOf":{"@id":"https:\/\/simpo-datatec.com\/#website"},"primaryImageOfPage":{"@id":"https:\/\/simpo-datatec.com\/fr\/products\/product\/thermal-printer\/p80-4-80mm-thermal-printer\/#primaryimage"},"image":{"@id":"https:\/\/simpo-datatec.com\/fr\/products\/product\/thermal-printer\/p80-4-80mm-thermal-printer\/#primaryimage"},"thumbnailUrl":"https:\/\/simpo-datatec.com\/wp-content\/uploads\/2024\/10\/1-500x500-14.jpg","datePublished":"2024-10-10T09:18:02+00:00","dateModified":"2025-08-09T06:36:34+00:00","description":"P80-4 80mm Thermal printer - all-in-one POS terminals, touch screen monitors, thermal receipt printers, barcode scanners","breadcrumb":{"@id":"https:\/\/simpo-datatec.com\/fr\/products\/product\/thermal-printer\/p80-4-80mm-thermal-printer\/#breadcrumb"},"inLanguage":"es","potentialAction":[{"@type":"ReadAction","target":["https:\/\/simpo-datatec.com\/fr\/products\/product\/thermal-printer\/p80-4-80mm-thermal-printer\/"]}]},{"@type":"ImageObject","inLanguage":"es","@id":"https:\/\/simpo-datatec.com\/fr\/products\/product\/thermal-printer\/p80-4-80mm-thermal-printer\/#primaryimage","url":"https:\/\/simpo-datatec.com\/wp-content\/uploads\/2024\/10\/1-500x500-14.jpg","contentUrl":"https:\/\/simpo-datatec.com\/wp-content\/uploads\/2024\/10\/1-500x500-14.jpg","width":500,"height":500,"caption":"P80-4 80mm Thermal printer"},{"@type":"BreadcrumbList","@id":"https:\/\/simpo-datatec.com\/fr\/products\/product\/thermal-printer\/p80-4-80mm-thermal-printer\/#breadcrumb","itemListElement":[{"@type":"ListItem","position":1,"name":"\u9996\u9875","item":"https:\/\/simpo-datatec.com\/"},{"@type":"ListItem","position":2,"name":"Products","item":"https:\/\/simpo-datatec.com\/products\/"},{"@type":"ListItem","position":3,"name":"P80-4 80mm Thermal printer"}]},{"@type":"WebSite","@id":"https:\/\/simpo-datatec.com\/#website","url":"https:\/\/simpo-datatec.com\/","name":"simpo-datatec.com","description":"","potentialAction":[{"@type":"SearchAction","target":{"@type":"EntryPoint","urlTemplate":"https:\/\/simpo-datatec.com\/?s={search_term_string}"},"query-input":{"@type":"PropertyValueSpecification","valueRequired":true,"valueName":"search_term_string"}}],"inLanguage":"es"}]}},"_links":{"self":[{"href":"https:\/\/simpo-datatec.com\/es\/wp-json\/wp\/v2\/product\/719","targetHints":{"allow":["GET"]}}],"collection":[{"href":"https:\/\/simpo-datatec.com\/es\/wp-json\/wp\/v2\/product"}],"about":[{"href":"https:\/\/simpo-datatec.com\/es\/wp-json\/wp\/v2\/types\/product"}],"replies":[{"embeddable":true,"href":"https:\/\/simpo-datatec.com\/es\/wp-json\/wp\/v2\/comments?post=719"}],"wp:featuredmedia":[{"embeddable":true,"href":"https:\/\/simpo-datatec.com\/es\/wp-json\/wp\/v2\/media\/720"}],"wp:attachment":[{"href":"https:\/\/simpo-datatec.com\/es\/wp-json\/wp\/v2\/media?parent=719"}],"wp:term":[{"taxonomy":"product_brand","embeddable":true,"href":"https:\/\/simpo-datatec.com\/es\/wp-json\/wp\/v2\/product_brand?post=719"},{"taxonomy":"product_cat","embeddable":true,"href":"https:\/\/simpo-datatec.com\/es\/wp-json\/wp\/v2\/product_cat?post=719"},{"taxonomy":"product_tag","embeddable":true,"href":"https:\/\/simpo-datatec.com\/es\/wp-json\/wp\/v2\/product_tag?post=719"}],"curies":[{"name":"wp","href":"https:\/\/api.w.org\/{rel}","templated":true}]}}