{"id":696,"date":"2024-10-10T17:10:59","date_gmt":"2024-10-10T09:10:59","guid":{"rendered":"https:\/\/simpo-datatec.com\/?post_type=product&#038;p=696"},"modified":"2025-08-09T14:51:39","modified_gmt":"2025-08-09T06:51:39","slug":"mn15-touch-monitor","status":"publish","type":"product","link":"https:\/\/simpo-datatec.com\/es\/products\/product\/touch-monitor\/mn15-touch-monitor\/","title":{"rendered":"Monitor t\u00e1ctil MN15"},"content":{"rendered":"<table width=\"792\">\n<tbody>\n<tr>\n<td width=\"200\">Modelo<\/td>\n<td width=\"592\">MONITOR T\u00c1CTIL SIMPOSTECH SM100<\/td>\n<\/tr>\n<tr>\n<td width=\"200\">Pantalla<\/td>\n<td width=\"592\">4:3<\/td>\n<\/tr>\n<tr>\n<td width=\"200\">Tama\u00f1o LCD<\/td>\n<td width=\"592\">15&#8243;<\/td>\n<\/tr>\n<tr>\n<td width=\"200\">\u00c1rea de visualizaci\u00f3n<\/td>\n<td width=\"592\">11,97\" x 8,98\" (304,1 x 228,1 mm)<\/td>\n<\/tr>\n<tr>\n<td width=\"200\">Luminosidad<\/td>\n<td width=\"592\">350 cd\/m2<\/td>\n<\/tr>\n<tr>\n<td width=\"200\">Tiempo de respuesta<\/td>\n<td width=\"592\">10 ms<\/td>\n<\/tr>\n<tr>\n<td width=\"200\">Relaci\u00f3n de contraste<\/td>\n<td width=\"592\">800:01:00<\/td>\n<\/tr>\n<tr>\n<td width=\"200\">Profundidad de color<\/td>\n<td width=\"592\">16.7M<\/td>\n<\/tr>\n<tr>\n<td rowspan=\"4\" width=\"200\">Resoluci\u00f3n<\/td>\n<td width=\"592\">VGA 720\u00d7400(70 Hz)<\/td>\n<\/tr>\n<tr>\n<td width=\"592\">VGA 640\u00d7480(60\/72\/75 Hz)<\/td>\n<\/tr>\n<tr>\n<td width=\"592\">SVGA 800\u00d7600(60\/72\/75 Hz)<\/td>\n<\/tr>\n<tr>\n<td width=\"592\">XGA 1024\u00d7768(60\/72\/75 Hz)<\/td>\n<\/tr>\n<tr>\n<td width=\"200\">\u00c1ngulo de visi\u00f3n<\/td>\n<td width=\"592\">(CR\u226510) Horizontal: 160\u00b0, Vertical: 145\u00b0<\/td>\n<\/tr>\n<tr>\n<td width=\"200\">Pantalla t\u00e1ctil<\/td>\n<td width=\"592\">Panel t\u00e1ctil capacitivo Interfaz USB<\/td>\n<\/tr>\n<tr>\n<td width=\"200\">Mec\u00e1nica<\/td>\n<td width=\"592\"><\/td>\n<\/tr>\n<tr>\n<td width=\"200\">Conector de se\u00f1al<\/td>\n<td width=\"592\">Puerto VGA de 15 patillas (entrada VGA R.G.B. anal\u00f3gica 0,7 V)<\/td>\n<\/tr>\n<tr>\n<td width=\"200\">Botones de control<\/td>\n<td width=\"592\">Interruptor, MEN\u00da, tecla de ajuste (-, +), AUTO<\/td>\n<\/tr>\n<tr>\n<td width=\"200\">Puerto de E\/S<\/td>\n<td width=\"592\">1*USB, 1*15PIN VGA, 1*DC 12V<\/td>\n<\/tr>\n<tr>\n<td width=\"200\">Peso neto<\/td>\n<td width=\"592\">5.5Kg<\/td>\n<\/tr>\n<tr>\n<td width=\"200\">Dimensiones (An x Pr x Al)<\/td>\n<td width=\"592\">36*28*34cm<\/td>\n<\/tr>\n<tr>\n<td width=\"200\">Color<\/td>\n<td width=\"592\">Negro<\/td>\n<\/tr>\n<tr>\n<td width=\"200\">El\u00e9ctrico<\/td>\n<td width=\"592\"><\/td>\n<\/tr>\n<tr>\n<td rowspan=\"2\" width=\"200\">Fuente de alimentaci\u00f3n<\/td>\n<td width=\"592\">Fuente de alimentaci\u00f3n universal integrada<\/td>\n<\/tr>\n<tr>\n<td width=\"592\">100~240 V, 50\/60 Hz, adaptador de 12 V\/1,5 A<\/td>\n<\/tr>\n<tr>\n<td width=\"200\">Medio ambiente<\/td>\n<td width=\"592\"><\/td>\n<\/tr>\n<tr>\n<td width=\"200\">Temperatura de funcionamiento<\/td>\n<td width=\"592\">5\u00b0C - 40\u00b0C<\/td>\n<\/tr>\n<tr>\n<td width=\"200\">Humedad relativa<\/td>\n<td width=\"592\">20% - 80%, sin condensaci\u00f3n<\/td>\n<\/tr>\n<tr>\n<td width=\"200\">Temperatura de la tienda<\/td>\n<td width=\"592\">,-20\u2103\uff5e 60\u2103<\/td>\n<\/tr>\n<tr>\n<td width=\"200\">Humedad relativa<\/td>\n<td width=\"592\">10% \uff5e90%, sin condensaci\u00f3n<\/td>\n<\/tr>\n<tr>\n<td width=\"200\">Varios<\/td>\n<td width=\"592\"><\/td>\n<\/tr>\n<tr>\n<td rowspan=\"2\" width=\"200\"><\/td>\n<td width=\"592\">Plug &amp; Play:  DDC2B<\/td>\n<\/tr>\n<tr>\n<td width=\"592\">Compatible con soporte de pared VESA:  100 x 100 mm (3,94\" x 3,94\")<\/td>\n<\/tr>\n<\/tbody>\n<\/table>\n<p>SIMPO-DATA es un fabricante l\u00edder de alta tecnolog\u00eda dedicado a la I+D, producci\u00f3n, venta y servicio de sistemas avanzados de TPV (Terminal Punto de Venta). Con m\u00e1s de una d\u00e9cada de profunda experiencia en el sector, nos hemos forjado una s\u00f3lida reputaci\u00f3n por ofrecer soluciones de TPV fiables, innovadoras y de alto rendimiento a clientes de todo el mundo.<\/p>\n<p>Desde nuestra fundaci\u00f3n, nos hemos adherido a la filosof\u00eda empresarial de \"La calidad crea el mercado, la innovaci\u00f3n crea el futuro\". Este compromiso nos impulsa a mejorar continuamente nuestros productos y ampliar nuestra oferta para satisfacer las diversas demandas de los mercados mundiales. Nuestra completa cartera de productos abarca una amplia gama de sectores, como el comercio minorista, la restauraci\u00f3n, los supermercados, la hosteler\u00eda, la alimentaci\u00f3n y las bebidas, y la log\u00edstica. Tanto si dirige un peque\u00f1o negocio como si gestiona una gran cadena de operaciones, SIMPO-DATA tiene la soluci\u00f3n de TPV adecuada para usted.<\/p>\n<p>Amplia gama de productos<br \/>\nNuestra l\u00ednea de productos POS incluye terminales POS todo en uno, monitores de pantalla t\u00e1ctil, impresoras t\u00e9rmicas de recibos, esc\u00e1neres de c\u00f3digos de barras, cajones portamonedas y dispositivos POS m\u00f3viles. Ofrecemos sistemas POS completos e integrados, as\u00ed como componentes individuales, lo que le permite personalizar la soluci\u00f3n que mejor se adapte a su modelo de negocio.Adem\u00e1s de MN15 Touch Monitor\uff0c<a href=\"https:\/\/simpo-datatec.com\/es\/products\/\" target=\"_blank\" rel=\"noopener\">Haga clic aqu\u00ed para ver m\u00e1s productos.<\/a><\/p>\n<p>Innovaci\u00f3n en el n\u00facleo<br \/>\nNuestro equipo profesional de I+D est\u00e1 comprometido con la innovaci\u00f3n continua en dise\u00f1o, rendimiento y experiencia del usuario. Al adelantarnos a las tendencias del mercado y a los avances tecnol\u00f3gicos, nos aseguramos de que los productos SIMPO-DATA sigan siendo competitivos y est\u00e9n preparados para el futuro. Cada producto se desarrolla prestando especial atenci\u00f3n a los detalles, desde el dise\u00f1o ergon\u00f3mico y las interfaces intuitivas hasta el rendimiento estable del sistema y la eficiencia energ\u00e9tica.<\/p>\n<p>Calidad de confianza<br \/>\nLa calidad es nuestra m\u00e1xima prioridad. Desde la selecci\u00f3n de materias primas hasta la producci\u00f3n final, cada paso est\u00e1 sujeto a estrictos procedimientos de control de calidad. Nuestras instalaciones de fabricaci\u00f3n est\u00e1n equipadas con avanzados equipos de ensayo para garantizar que cada producto cumpla las normas de calidad internacionales y ofrezca un rendimiento duradero.<\/p>\n<p>Servicio y asistencia mundial<br \/>\nEn SIMPO-DATA, no nos limitamos a vender productos: ofrecemos soluciones integrales y un servicio posventa fiable. Nuestro equipo de ingenieros experimentados y especialistas en atenci\u00f3n al cliente est\u00e1 preparado para ayudarle con la instalaci\u00f3n, la formaci\u00f3n, el mantenimiento y la asistencia t\u00e9cnica. Nuestro objetivo es ayudar a nuestros socios a maximizar la eficiencia, reducir los costes y mejorar la satisfacci\u00f3n del cliente.<\/p>\n<p>\u00bfPor qu\u00e9 elegir SIMPO-DATA?<\/p>\n<p>M\u00e1s de 10 a\u00f1os de experiencia en el sector de los puntos de venta<\/p>\n<p>S\u00f3lida capacidad de I+D con innovaci\u00f3n continua<\/p>\n<p>Amplia gama de productos que abarca m\u00faltiples sectores<\/p>\n<p>Estricto control de calidad y cumplimiento de las normas internacionales<\/p>\n<p>Equipo profesional de ventas y asistencia t\u00e9cnica en todo el mundo<\/p>\n<p>As\u00f3ciese con SIMPO-DATA y deje que nuestras soluciones de punto de venta potencien sus operaciones comerciales. Juntos, podemos ayudarle a agilizar las transacciones, mejorar la eficiencia operativa y ofrecer experiencias excepcionales a los clientes.<\/p>","protected":false},"excerpt":{"rendered":"<p>Monitor t\u00e1ctil de 15<br \/>\nMonitor t\u00e1ctil capacitivo<\/p>","protected":false},"featured_media":697,"comment_status":"open","ping_status":"closed","template":"","meta":[],"product_brand":[],"product_cat":[175,17],"product_tag":[],"class_list":{"0":"post-696","1":"product","2":"type-product","3":"status-publish","4":"has-post-thumbnail","6":"product_cat-touch-monitor","7":"product_cat-uncategorized","9":"first","10":"instock","11":"shipping-taxable","12":"product-type-simple"},"yoast_head":"<!-- This site is optimized with the Yoast SEO plugin v27.3 - https:\/\/yoast.com\/product\/yoast-seo-wordpress\/ -->\n<title>MN15 Touch Monitor - simpo-datatec.com<\/title>\n<meta name=\"description\" content=\"MN15 Touch Monitor - all-in-one POS terminals, touch screen monitors, thermal receipt printers, barcode scanners, cash drawers, and mobile POS devices\" \/>\n<meta name=\"robots\" content=\"noindex, follow, max-snippet:-1, max-image-preview:large, max-video-preview:-1\" \/>\n<meta property=\"og:locale\" content=\"es_ES\" \/>\n<meta property=\"og:type\" content=\"article\" \/>\n<meta property=\"og:title\" content=\"MN15 Touch Monitor - simpo-datatec.com\" \/>\n<meta property=\"og:description\" content=\"MN15 Touch Monitor - all-in-one POS terminals, touch screen monitors, thermal receipt printers, barcode scanners, cash drawers, and mobile POS devices\" \/>\n<meta property=\"og:url\" content=\"https:\/\/simpo-datatec.com\/es\/products\/product\/touch-monitor\/mn15-touch-monitor\/\" \/>\n<meta property=\"og:site_name\" content=\"simpo-datatec.com\" \/>\n<meta property=\"article:modified_time\" content=\"2025-08-09T06:51:39+00:00\" \/>\n<meta property=\"og:image\" content=\"https:\/\/simpo-datatec.com\/wp-content\/uploads\/2024\/10\/1-500x500-9.jpg\" \/>\n\t<meta property=\"og:image:width\" content=\"500\" \/>\n\t<meta property=\"og:image:height\" content=\"500\" \/>\n\t<meta property=\"og:image:type\" content=\"image\/jpeg\" \/>\n<meta name=\"twitter:card\" content=\"summary_large_image\" \/>\n<meta name=\"twitter:label1\" content=\"Tiempo de lectura\" \/>\n\t<meta name=\"twitter:data1\" content=\"3 minutos\" \/>\n<script type=\"application\/ld+json\" class=\"yoast-schema-graph\">{\"@context\":\"https:\\\/\\\/schema.org\",\"@graph\":[{\"@type\":\"WebPage\",\"@id\":\"https:\\\/\\\/simpo-datatec.com\\\/products\\\/product\\\/touch-monitor\\\/mn15-touch-monitor\\\/\",\"url\":\"https:\\\/\\\/simpo-datatec.com\\\/products\\\/product\\\/touch-monitor\\\/mn15-touch-monitor\\\/\",\"name\":\"MN15 Touch Monitor - simpo-datatec.com\",\"isPartOf\":{\"@id\":\"https:\\\/\\\/simpo-datatec.com\\\/#website\"},\"primaryImageOfPage\":{\"@id\":\"https:\\\/\\\/simpo-datatec.com\\\/products\\\/product\\\/touch-monitor\\\/mn15-touch-monitor\\\/#primaryimage\"},\"image\":{\"@id\":\"https:\\\/\\\/simpo-datatec.com\\\/products\\\/product\\\/touch-monitor\\\/mn15-touch-monitor\\\/#primaryimage\"},\"thumbnailUrl\":\"https:\\\/\\\/simpo-datatec.com\\\/wp-content\\\/uploads\\\/2024\\\/10\\\/1-500x500-9.jpg\",\"datePublished\":\"2024-10-10T09:10:59+00:00\",\"dateModified\":\"2025-08-09T06:51:39+00:00\",\"description\":\"MN15 Touch Monitor - all-in-one POS terminals, touch screen monitors, thermal receipt printers, barcode scanners, cash drawers, and mobile POS devices\",\"breadcrumb\":{\"@id\":\"https:\\\/\\\/simpo-datatec.com\\\/products\\\/product\\\/touch-monitor\\\/mn15-touch-monitor\\\/#breadcrumb\"},\"inLanguage\":\"es\",\"potentialAction\":[{\"@type\":\"ReadAction\",\"target\":[\"https:\\\/\\\/simpo-datatec.com\\\/products\\\/product\\\/touch-monitor\\\/mn15-touch-monitor\\\/\"]}]},{\"@type\":\"ImageObject\",\"inLanguage\":\"es\",\"@id\":\"https:\\\/\\\/simpo-datatec.com\\\/products\\\/product\\\/touch-monitor\\\/mn15-touch-monitor\\\/#primaryimage\",\"url\":\"https:\\\/\\\/simpo-datatec.com\\\/wp-content\\\/uploads\\\/2024\\\/10\\\/1-500x500-9.jpg\",\"contentUrl\":\"https:\\\/\\\/simpo-datatec.com\\\/wp-content\\\/uploads\\\/2024\\\/10\\\/1-500x500-9.jpg\",\"width\":500,\"height\":500,\"caption\":\"MN15 Touch Monitor\"},{\"@type\":\"BreadcrumbList\",\"@id\":\"https:\\\/\\\/simpo-datatec.com\\\/products\\\/product\\\/touch-monitor\\\/mn15-touch-monitor\\\/#breadcrumb\",\"itemListElement\":[{\"@type\":\"ListItem\",\"position\":1,\"name\":\"\u9996\u9875\",\"item\":\"https:\\\/\\\/simpo-datatec.com\\\/\"},{\"@type\":\"ListItem\",\"position\":2,\"name\":\"Products\",\"item\":\"https:\\\/\\\/simpo-datatec.com\\\/products\\\/\"},{\"@type\":\"ListItem\",\"position\":3,\"name\":\"MN15 Touch Monitor\"}]},{\"@type\":\"WebSite\",\"@id\":\"https:\\\/\\\/simpo-datatec.com\\\/#website\",\"url\":\"https:\\\/\\\/simpo-datatec.com\\\/\",\"name\":\"simpo-datatec.com\",\"description\":\"\",\"potentialAction\":[{\"@type\":\"SearchAction\",\"target\":{\"@type\":\"EntryPoint\",\"urlTemplate\":\"https:\\\/\\\/simpo-datatec.com\\\/?s={search_term_string}\"},\"query-input\":{\"@type\":\"PropertyValueSpecification\",\"valueRequired\":true,\"valueName\":\"search_term_string\"}}],\"inLanguage\":\"es\"}]}<\/script>\n<!-- \/ Yoast SEO plugin. -->","yoast_head_json":{"title":"MN15 Touch Monitor - simpo-datatec.com","description":"MN15 Touch Monitor - all-in-one POS terminals, touch screen monitors, thermal receipt printers, barcode scanners, cash drawers, and mobile POS devices","robots":{"index":"noindex","follow":"follow","max-snippet":"max-snippet:-1","max-image-preview":"max-image-preview:large","max-video-preview":"max-video-preview:-1"},"og_locale":"es_ES","og_type":"article","og_title":"MN15 Touch Monitor - simpo-datatec.com","og_description":"MN15 Touch Monitor - all-in-one POS terminals, touch screen monitors, thermal receipt printers, barcode scanners, cash drawers, and mobile POS devices","og_url":"https:\/\/simpo-datatec.com\/es\/products\/product\/touch-monitor\/mn15-touch-monitor\/","og_site_name":"simpo-datatec.com","article_modified_time":"2025-08-09T06:51:39+00:00","og_image":[{"width":500,"height":500,"url":"https:\/\/simpo-datatec.com\/wp-content\/uploads\/2024\/10\/1-500x500-9.jpg","type":"image\/jpeg"}],"twitter_card":"summary_large_image","twitter_misc":{"Tiempo de lectura":"3 minutos"},"schema":{"@context":"https:\/\/schema.org","@graph":[{"@type":"WebPage","@id":"https:\/\/simpo-datatec.com\/products\/product\/touch-monitor\/mn15-touch-monitor\/","url":"https:\/\/simpo-datatec.com\/products\/product\/touch-monitor\/mn15-touch-monitor\/","name":"MN15 Touch Monitor - simpo-datatec.com","isPartOf":{"@id":"https:\/\/simpo-datatec.com\/#website"},"primaryImageOfPage":{"@id":"https:\/\/simpo-datatec.com\/products\/product\/touch-monitor\/mn15-touch-monitor\/#primaryimage"},"image":{"@id":"https:\/\/simpo-datatec.com\/products\/product\/touch-monitor\/mn15-touch-monitor\/#primaryimage"},"thumbnailUrl":"https:\/\/simpo-datatec.com\/wp-content\/uploads\/2024\/10\/1-500x500-9.jpg","datePublished":"2024-10-10T09:10:59+00:00","dateModified":"2025-08-09T06:51:39+00:00","description":"MN15 Touch Monitor - all-in-one POS terminals, touch screen monitors, thermal receipt printers, barcode scanners, cash drawers, and mobile POS devices","breadcrumb":{"@id":"https:\/\/simpo-datatec.com\/products\/product\/touch-monitor\/mn15-touch-monitor\/#breadcrumb"},"inLanguage":"es","potentialAction":[{"@type":"ReadAction","target":["https:\/\/simpo-datatec.com\/products\/product\/touch-monitor\/mn15-touch-monitor\/"]}]},{"@type":"ImageObject","inLanguage":"es","@id":"https:\/\/simpo-datatec.com\/products\/product\/touch-monitor\/mn15-touch-monitor\/#primaryimage","url":"https:\/\/simpo-datatec.com\/wp-content\/uploads\/2024\/10\/1-500x500-9.jpg","contentUrl":"https:\/\/simpo-datatec.com\/wp-content\/uploads\/2024\/10\/1-500x500-9.jpg","width":500,"height":500,"caption":"MN15 Touch Monitor"},{"@type":"BreadcrumbList","@id":"https:\/\/simpo-datatec.com\/products\/product\/touch-monitor\/mn15-touch-monitor\/#breadcrumb","itemListElement":[{"@type":"ListItem","position":1,"name":"\u9996\u9875","item":"https:\/\/simpo-datatec.com\/"},{"@type":"ListItem","position":2,"name":"Products","item":"https:\/\/simpo-datatec.com\/products\/"},{"@type":"ListItem","position":3,"name":"MN15 Touch Monitor"}]},{"@type":"WebSite","@id":"https:\/\/simpo-datatec.com\/#website","url":"https:\/\/simpo-datatec.com\/","name":"simpo-datatec.com","description":"","potentialAction":[{"@type":"SearchAction","target":{"@type":"EntryPoint","urlTemplate":"https:\/\/simpo-datatec.com\/?s={search_term_string}"},"query-input":{"@type":"PropertyValueSpecification","valueRequired":true,"valueName":"search_term_string"}}],"inLanguage":"es"}]}},"_links":{"self":[{"href":"https:\/\/simpo-datatec.com\/es\/wp-json\/wp\/v2\/product\/696","targetHints":{"allow":["GET"]}}],"collection":[{"href":"https:\/\/simpo-datatec.com\/es\/wp-json\/wp\/v2\/product"}],"about":[{"href":"https:\/\/simpo-datatec.com\/es\/wp-json\/wp\/v2\/types\/product"}],"replies":[{"embeddable":true,"href":"https:\/\/simpo-datatec.com\/es\/wp-json\/wp\/v2\/comments?post=696"}],"wp:featuredmedia":[{"embeddable":true,"href":"https:\/\/simpo-datatec.com\/es\/wp-json\/wp\/v2\/media\/697"}],"wp:attachment":[{"href":"https:\/\/simpo-datatec.com\/es\/wp-json\/wp\/v2\/media?parent=696"}],"wp:term":[{"taxonomy":"product_brand","embeddable":true,"href":"https:\/\/simpo-datatec.com\/es\/wp-json\/wp\/v2\/product_brand?post=696"},{"taxonomy":"product_cat","embeddable":true,"href":"https:\/\/simpo-datatec.com\/es\/wp-json\/wp\/v2\/product_cat?post=696"},{"taxonomy":"product_tag","embeddable":true,"href":"https:\/\/simpo-datatec.com\/es\/wp-json\/wp\/v2\/product_tag?post=696"}],"curies":[{"name":"wp","href":"https:\/\/api.w.org\/{rel}","templated":true}]}}