{"id":1622,"date":"2026-04-24T23:42:35","date_gmt":"2026-04-24T15:42:35","guid":{"rendered":"https:\/\/simpo-datatec.com\/?post_type=product&#038;p=1622"},"modified":"2026-04-28T18:29:30","modified_gmt":"2026-04-28T10:29:30","slug":"sp-x200-5mp-face-recognition-camera","status":"publish","type":"product","link":"https:\/\/simpo-datatec.com\/es\/producto\/sp-x200-5mp-face-recognition-camera\/","title":{"rendered":"SP-X200 5MP Face Recognition Access Control Camera"},"content":{"rendered":"<ul>\n<li>Equipado con SOC de alta potencia inform\u00e1tica<\/li>\n<li>Sensor de imagen de gran dinamismo de Sony<\/li>\n<li>Imaging resolution 2592*1944(5MP)<\/li>\n<li>Admite codificaci\u00f3n H.265\/H.264<\/li>\n<li>Algoritmo de detecci\u00f3n y reconocimiento facial CNN de alta precisi\u00f3n integrado<\/li>\n<li>Capture and recognize large passenger flow scenes, &gt;20fps\/sdetection<\/li>\n<li>More than 50 faces detected in a single picture<\/li>\n<li>Integrate face detection, tracking, scoring, deduplication, selectionand recognition<\/li>\n<li>Offline face library 50,000, recognition rate up to 99.5%<\/li>\n<li>Admite 2 configuraciones de biblioteca facial, lista blanca y lista negra<\/li>\n<li>Soporta recordatorio de alarma de desconocido, lista negra o VIP<\/li>\n<li>Admite el almacenamiento local de 100.000 registros de pases, que pueden ser consultados y exportados por el cliente local.<\/li>\n<li>Funci\u00f3n de almacenamiento incorporada, cumple la funci\u00f3n de desconexi\u00f3n de la red y transmisi\u00f3n continua<\/li>\n<li>Luz de relleno infrarroja, captura normal y comparaci\u00f3n en visi\u00f3n nocturna<\/li>\n<li>Compatible con ONVIF, GB28181, HTTP, GA\/T1400, WebSocket, Mqtt y otros protocolos del sector<\/li>\n<li>Sistema abierto, apoyo a la integraci\u00f3n de proyectos y desarrollo secundario<\/li>\n<li>Mainly focuses on campus, construction sites, factories and other large passenger flow clock-in application scenarios<\/li>\n<\/ul>\n<p>&nbsp;<\/p>\n<p><strong><b>SP-X200<\/b><\/strong><\/p>\n<p>5-megapixel high-density face capture and recognition integrated camera, supports 1-channel audio output, 1-channel relay signal output etc. (Power supply + network + relay output + audio alarm output)<\/p>\n<p>&nbsp;<\/p>\n<p>&nbsp;<\/p>\n<p>&nbsp;<\/p>\n<table>\n<tbody>\n<tr>\n<td colspan=\"3\" width=\"168\">Modelo<\/td>\n<td width=\"548\">SP-X200<\/td>\n<\/tr>\n<tr>\n<td colspan=\"4\" width=\"716\"><strong><b>\u00a0<\/b><\/strong><\/td>\n<\/tr>\n<tr>\n<td rowspan=\"10\" width=\"73\">Detecci\u00f3n y captura<\/td>\n<td colspan=\"2\" width=\"95\">\u00c1ngulo de instalaci\u00f3n<\/td>\n<td width=\"548\">Arriba-abajo no m\u00e1s de 15<\/td>\n<\/tr>\n<tr>\n<td colspan=\"2\" width=\"95\">P\u00edxel m\u00ednimo<\/td>\n<td width=\"548\">60*60<\/td>\n<\/tr>\n<tr>\n<td colspan=\"2\" width=\"95\">Sensibilidad de detecci\u00f3n<\/td>\n<td width=\"548\">Ayuda<\/td>\n<\/tr>\n<tr>\n<td colspan=\"2\" width=\"95\">Distancia de detecci\u00f3n y captura<\/td>\n<td width=\"548\">\u22646m<\/td>\n<\/tr>\n<tr>\n<td colspan=\"2\" width=\"95\">Rendimiento de detecci\u00f3n<\/td>\n<td width=\"548\">50 caras\/fps<\/td>\n<\/tr>\n<tr>\n<td colspan=\"2\" width=\"95\">Marco facial<\/td>\n<td width=\"548\">Ayuda<\/td>\n<\/tr>\n<tr>\n<td colspan=\"2\" width=\"95\">Armado de zona<\/td>\n<td width=\"548\">Ayuda<\/td>\n<\/tr>\n<tr>\n<td colspan=\"2\" width=\"95\">Modo de captura<\/td>\n<td width=\"548\">Modo fijo<\/td>\n<\/tr>\n<tr>\n<td colspan=\"2\" width=\"95\">Umbral de captura<\/td>\n<td width=\"548\">Ayuda<\/td>\n<\/tr>\n<tr>\n<td colspan=\"2\" width=\"95\">Carga de im\u00e1genes<\/td>\n<td width=\"548\">FTP\/HTTP\/GA-T1400\/Mqtt<\/td>\n<\/tr>\n<tr>\n<td rowspan=\"4\" width=\"73\">Correspondencia de caras<\/td>\n<td colspan=\"2\" width=\"95\">Lista en blanco y negro<\/td>\n<td width=\"548\">Ayuda<\/td>\n<\/tr>\n<tr>\n<td colspan=\"2\" width=\"95\">Lista VIP<\/td>\n<td width=\"548\">Ayuda<\/td>\n<\/tr>\n<tr>\n<td colspan=\"2\" width=\"95\">Profile database<\/td>\n<td width=\"548\">50000 profiles<\/td>\n<\/tr>\n<tr>\n<td colspan=\"2\" width=\"95\">Precisi\u00f3n<\/td>\n<td width=\"548\">&gt;99.5%<\/td>\n<\/tr>\n<tr>\n<td colspan=\"3\" width=\"168\">Sensor de imagen<\/td>\n<td width=\"548\">1\/2.8\u201d 5.0M SONY CMOS IMX335<\/td>\n<\/tr>\n<tr>\n<td colspan=\"3\" width=\"168\">P\u00edxeles<\/td>\n<td width=\"548\">2592(H)\u00d71944(V)<\/td>\n<\/tr>\n<tr>\n<td colspan=\"3\" width=\"168\">Lente<\/td>\n<td width=\"548\">Lente de distancia focal fija de 6 mm<\/td>\n<\/tr>\n<tr>\n<td colspan=\"3\" width=\"168\">WDR<\/td>\n<td width=\"548\">Adaptaci\u00f3n inteligente<\/td>\n<\/tr>\n<tr>\n<td colspan=\"3\" width=\"168\">Iluminaci\u00f3n m\u00ednima<\/td>\n<td width=\"548\">0,001lux<\/td>\n<\/tr>\n<tr>\n<td colspan=\"3\" width=\"168\">Relaci\u00f3n se\u00f1al\/ruido<\/td>\n<td width=\"548\">\u226550dB(AGC OFF)<\/td>\n<\/tr>\n<tr>\n<td colspan=\"3\" width=\"168\">Modo de exposici\u00f3n<\/td>\n<td width=\"548\">Exposici\u00f3n autom\u00e1tica, BLC<\/td>\n<\/tr>\n<tr>\n<td colspan=\"4\" width=\"716\"><strong><b>Interfaz <\/b><\/strong><\/td>\n<\/tr>\n<tr>\n<td colspan=\"3\" width=\"168\">Interfaz de red<\/td>\n<td width=\"548\">Adaptaci\u00f3n de red 10\/100M, adaptador RJ45<\/td>\n<\/tr>\n<tr>\n<td colspan=\"3\" width=\"168\">Interfaz de alarma<\/td>\n<td width=\"548\">Salida de rel\u00e9 de 1 canal<\/td>\n<\/tr>\n<tr>\n<td colspan=\"4\" width=\"716\"><strong><b>Norma de compresi\u00f3n<\/b><\/strong><\/td>\n<\/tr>\n<tr>\n<td colspan=\"3\" width=\"168\">Codificaci\u00f3n de v\u00eddeo<\/td>\n<td width=\"548\">Perfil principal H.265 \/Perfil alto H.264<\/td>\n<\/tr>\n<tr>\n<td colspan=\"2\" rowspan=\"2\" width=\"82\">Resoluci\u00f3n<\/td>\n<td width=\"85\">Corriente principal<\/td>\n<td width=\"548\">2592*1944\u30012688*1520\u30011920&#215;1080<\/td>\n<\/tr>\n<tr>\n<td width=\"85\">Subflujo<\/td>\n<td width=\"548\">704*576\u3001640\u00d7480\u3001352\u00d7288<\/td>\n<\/tr>\n<tr>\n<td colspan=\"3\" width=\"168\">Tasa de c\u00f3digo de compresi\u00f3n de v\u00eddeo<\/td>\n<td width=\"548\">128Kbps\uff5e8Mbps (ajustable manualmente)\uff0csoporta CBR\/VBR<\/td>\n<\/tr>\n<tr>\n<td colspan=\"3\" width=\"168\">Audio<\/td>\n<td width=\"548\">Audio in\/out<\/td>\n<\/tr>\n<tr>\n<td colspan=\"3\" width=\"168\">OSD<\/td>\n<td width=\"548\">Soporta nombre de canal, fecha y hora, ajuste de posici\u00f3n<\/td>\n<\/tr>\n<tr>\n<td colspan=\"4\" width=\"716\"><strong><b>Protocolo de red<\/b><\/strong><\/td>\n<\/tr>\n<tr>\n<td colspan=\"3\" width=\"168\">Protocolo<\/td>\n<td width=\"548\">TCP\/IP\uff0cPTP\uff0cNTP\uff0cDHCP\uff0cUDP\uff0cSMTP\uff0cRTSP\uff0cDDNS\uff0cDNS\uff0cHTTP\u3001P2P<\/td>\n<\/tr>\n<tr>\n<td colspan=\"3\" width=\"168\">Protocolo ONVIF<\/td>\n<td width=\"548\">Ayuda<\/td>\n<\/tr>\n<tr>\n<td colspan=\"3\" width=\"168\">Protocolo GB28181<\/td>\n<td width=\"548\">Ayuda<\/td>\n<\/tr>\n<tr>\n<td colspan=\"4\" width=\"716\"><strong><b>Par\u00e1metros generales <\/b><\/strong><\/td>\n<\/tr>\n<tr>\n<td colspan=\"3\" width=\"168\">Campo de visi\u00f3n<\/td>\n<td width=\"548\">60\u00b0 (Horizontal)<\/td>\n<\/tr>\n<tr>\n<td colspan=\"3\" width=\"168\">Potencia<\/td>\n<td width=\"548\">DC12V\/2A,Optional POE<\/td>\n<\/tr>\n<tr>\n<td colspan=\"3\" width=\"168\">Temperatura y humedad de funcionamiento<\/td>\n<td width=\"548\">-30\u2103~60\u2103, humedad inferior a 95% (sin condensaci\u00f3n)<\/td>\n<\/tr>\n<tr>\n<td colspan=\"3\" width=\"168\">Grado de impermeabilidad<\/td>\n<td width=\"548\">IP66<\/td>\n<\/tr>\n<tr>\n<td colspan=\"3\" width=\"168\">M\u00e9todo de instalaci\u00f3n<\/td>\n<td width=\"548\">Suspendido o montado en la pared<\/td>\n<\/tr>\n<\/tbody>\n<\/table>\n<p>&nbsp;<\/p>","protected":false},"excerpt":{"rendered":"<p>Biometric Access Control Camera, Face Recognition Access Control Camera, Touchless Access Control System, Visitor Management System, Camera Based Access Control System, CCTV-Based Access Control System<\/p>","protected":false},"featured_media":1626,"template":"","meta":[],"product_brand":[],"product_cat":[272],"product_tag":[299,300,301,302],"class_list":{"0":"post-1622","1":"product","2":"type-product","3":"status-publish","4":"has-post-thumbnail","6":"product_cat-face-recognition-access-control-camera","7":"product_tag-biometric-access-control-camera","8":"product_tag-face-recognition-access-control-camera","9":"product_tag-touchless-access-control-system","10":"product_tag-visitor-management-system","12":"first","13":"instock","14":"shipping-taxable","15":"product-type-simple"},"yoast_head":"<!-- This site is optimized with the Yoast SEO plugin v27.3 - https:\/\/yoast.com\/product\/yoast-seo-wordpress\/ -->\n<title>SP-X200 5MP Face Recognition Access Control Camera - simpo-datatec.com<\/title>\n<meta name=\"description\" content=\"Biometric Access Control Camera, Face Recognition Access Control Camera, Touchless Access Control System, Visitor Management System, Camera Based Access Control System, CCTV-Based Access Control System\" \/>\n<meta name=\"robots\" content=\"index, follow, max-snippet:-1, max-image-preview:large, max-video-preview:-1\" \/>\n<link rel=\"canonical\" href=\"https:\/\/simpo-datatec.com\/es\/producto\/sp-x200-5mp-face-recognition-camera\/\" \/>\n<meta property=\"og:locale\" content=\"es_ES\" \/>\n<meta property=\"og:type\" content=\"article\" \/>\n<meta property=\"og:title\" content=\"SP-X200 5MP Face Recognition Access Control Camera - simpo-datatec.com\" \/>\n<meta property=\"og:description\" content=\"Biometric Access Control Camera, Face Recognition Access Control Camera, Touchless Access Control System, Visitor Management System, Camera Based Access Control System, CCTV-Based Access Control System\" \/>\n<meta property=\"og:url\" content=\"https:\/\/simpo-datatec.com\/es\/producto\/sp-x200-5mp-face-recognition-camera\/\" \/>\n<meta property=\"og:site_name\" content=\"simpo-datatec.com\" \/>\n<meta property=\"article:modified_time\" content=\"2026-04-28T10:29:30+00:00\" \/>\n<meta property=\"og:image\" content=\"https:\/\/simpo-datatec.com\/wp-content\/uploads\/2026\/04\/4-1.jpg\" \/>\n\t<meta property=\"og:image:width\" content=\"500\" \/>\n\t<meta property=\"og:image:height\" content=\"500\" \/>\n\t<meta property=\"og:image:type\" content=\"image\/jpeg\" \/>\n<meta name=\"twitter:card\" content=\"summary_large_image\" \/>\n<meta name=\"twitter:label1\" content=\"Tiempo de lectura\" \/>\n\t<meta name=\"twitter:data1\" content=\"2 minutos\" \/>\n<script type=\"application\/ld+json\" class=\"yoast-schema-graph\">{\"@context\":\"https:\\\/\\\/schema.org\",\"@graph\":[{\"@type\":\"WebPage\",\"@id\":\"https:\\\/\\\/simpo-datatec.com\\\/product\\\/sp-x200-5mp-face-recognition-camera\\\/\",\"url\":\"https:\\\/\\\/simpo-datatec.com\\\/product\\\/sp-x200-5mp-face-recognition-camera\\\/\",\"name\":\"SP-X200 5MP Face Recognition Access Control Camera - simpo-datatec.com\",\"isPartOf\":{\"@id\":\"https:\\\/\\\/simpo-datatec.com\\\/#website\"},\"primaryImageOfPage\":{\"@id\":\"https:\\\/\\\/simpo-datatec.com\\\/product\\\/sp-x200-5mp-face-recognition-camera\\\/#primaryimage\"},\"image\":{\"@id\":\"https:\\\/\\\/simpo-datatec.com\\\/product\\\/sp-x200-5mp-face-recognition-camera\\\/#primaryimage\"},\"thumbnailUrl\":\"https:\\\/\\\/simpo-datatec.com\\\/wp-content\\\/uploads\\\/2026\\\/04\\\/4-1.jpg\",\"datePublished\":\"2026-04-24T15:42:35+00:00\",\"dateModified\":\"2026-04-28T10:29:30+00:00\",\"description\":\"Biometric Access Control Camera, Face Recognition Access Control Camera, Touchless Access Control System, Visitor Management System, Camera Based Access Control System, CCTV-Based Access Control System\",\"breadcrumb\":{\"@id\":\"https:\\\/\\\/simpo-datatec.com\\\/product\\\/sp-x200-5mp-face-recognition-camera\\\/#breadcrumb\"},\"inLanguage\":\"es\",\"potentialAction\":[{\"@type\":\"ReadAction\",\"target\":[\"https:\\\/\\\/simpo-datatec.com\\\/product\\\/sp-x200-5mp-face-recognition-camera\\\/\"]}]},{\"@type\":\"ImageObject\",\"inLanguage\":\"es\",\"@id\":\"https:\\\/\\\/simpo-datatec.com\\\/product\\\/sp-x200-5mp-face-recognition-camera\\\/#primaryimage\",\"url\":\"https:\\\/\\\/simpo-datatec.com\\\/wp-content\\\/uploads\\\/2026\\\/04\\\/4-1.jpg\",\"contentUrl\":\"https:\\\/\\\/simpo-datatec.com\\\/wp-content\\\/uploads\\\/2026\\\/04\\\/4-1.jpg\",\"width\":500,\"height\":500},{\"@type\":\"BreadcrumbList\",\"@id\":\"https:\\\/\\\/simpo-datatec.com\\\/product\\\/sp-x200-5mp-face-recognition-camera\\\/#breadcrumb\",\"itemListElement\":[{\"@type\":\"ListItem\",\"position\":1,\"name\":\"\u9996\u9875\",\"item\":\"https:\\\/\\\/simpo-datatec.com\\\/\"},{\"@type\":\"ListItem\",\"position\":2,\"name\":\"Products\",\"item\":\"https:\\\/\\\/simpo-datatec.com\\\/products\\\/\"},{\"@type\":\"ListItem\",\"position\":3,\"name\":\"SP-X200 5MP Face Recognition Access Control Camera\"}]},{\"@type\":\"WebSite\",\"@id\":\"https:\\\/\\\/simpo-datatec.com\\\/#website\",\"url\":\"https:\\\/\\\/simpo-datatec.com\\\/\",\"name\":\"simpo-datatec.com\",\"description\":\"\",\"potentialAction\":[{\"@type\":\"SearchAction\",\"target\":{\"@type\":\"EntryPoint\",\"urlTemplate\":\"https:\\\/\\\/simpo-datatec.com\\\/?s={search_term_string}\"},\"query-input\":{\"@type\":\"PropertyValueSpecification\",\"valueRequired\":true,\"valueName\":\"search_term_string\"}}],\"inLanguage\":\"es\"}]}<\/script>\n<!-- \/ Yoast SEO plugin. -->","yoast_head_json":{"title":"SP-X200 5MP Face Recognition Access Control Camera - simpo-datatec.com","description":"Biometric Access Control Camera, Face Recognition Access Control Camera, Touchless Access Control System, Visitor Management System, Camera Based Access Control System, CCTV-Based Access Control System","robots":{"index":"index","follow":"follow","max-snippet":"max-snippet:-1","max-image-preview":"max-image-preview:large","max-video-preview":"max-video-preview:-1"},"canonical":"https:\/\/simpo-datatec.com\/es\/producto\/sp-x200-5mp-face-recognition-camera\/","og_locale":"es_ES","og_type":"article","og_title":"SP-X200 5MP Face Recognition Access Control Camera - simpo-datatec.com","og_description":"Biometric Access Control Camera, Face Recognition Access Control Camera, Touchless Access Control System, Visitor Management System, Camera Based Access Control System, CCTV-Based Access Control System","og_url":"https:\/\/simpo-datatec.com\/es\/producto\/sp-x200-5mp-face-recognition-camera\/","og_site_name":"simpo-datatec.com","article_modified_time":"2026-04-28T10:29:30+00:00","og_image":[{"width":500,"height":500,"url":"https:\/\/simpo-datatec.com\/wp-content\/uploads\/2026\/04\/4-1.jpg","type":"image\/jpeg"}],"twitter_card":"summary_large_image","twitter_misc":{"Tiempo de lectura":"2 minutos"},"schema":{"@context":"https:\/\/schema.org","@graph":[{"@type":"WebPage","@id":"https:\/\/simpo-datatec.com\/product\/sp-x200-5mp-face-recognition-camera\/","url":"https:\/\/simpo-datatec.com\/product\/sp-x200-5mp-face-recognition-camera\/","name":"SP-X200 5MP Face Recognition Access Control Camera - simpo-datatec.com","isPartOf":{"@id":"https:\/\/simpo-datatec.com\/#website"},"primaryImageOfPage":{"@id":"https:\/\/simpo-datatec.com\/product\/sp-x200-5mp-face-recognition-camera\/#primaryimage"},"image":{"@id":"https:\/\/simpo-datatec.com\/product\/sp-x200-5mp-face-recognition-camera\/#primaryimage"},"thumbnailUrl":"https:\/\/simpo-datatec.com\/wp-content\/uploads\/2026\/04\/4-1.jpg","datePublished":"2026-04-24T15:42:35+00:00","dateModified":"2026-04-28T10:29:30+00:00","description":"Biometric Access Control Camera, Face Recognition Access Control Camera, Touchless Access Control System, Visitor Management System, Camera Based Access Control System, CCTV-Based Access Control System","breadcrumb":{"@id":"https:\/\/simpo-datatec.com\/product\/sp-x200-5mp-face-recognition-camera\/#breadcrumb"},"inLanguage":"es","potentialAction":[{"@type":"ReadAction","target":["https:\/\/simpo-datatec.com\/product\/sp-x200-5mp-face-recognition-camera\/"]}]},{"@type":"ImageObject","inLanguage":"es","@id":"https:\/\/simpo-datatec.com\/product\/sp-x200-5mp-face-recognition-camera\/#primaryimage","url":"https:\/\/simpo-datatec.com\/wp-content\/uploads\/2026\/04\/4-1.jpg","contentUrl":"https:\/\/simpo-datatec.com\/wp-content\/uploads\/2026\/04\/4-1.jpg","width":500,"height":500},{"@type":"BreadcrumbList","@id":"https:\/\/simpo-datatec.com\/product\/sp-x200-5mp-face-recognition-camera\/#breadcrumb","itemListElement":[{"@type":"ListItem","position":1,"name":"\u9996\u9875","item":"https:\/\/simpo-datatec.com\/"},{"@type":"ListItem","position":2,"name":"Products","item":"https:\/\/simpo-datatec.com\/products\/"},{"@type":"ListItem","position":3,"name":"SP-X200 5MP Face Recognition Access Control Camera"}]},{"@type":"WebSite","@id":"https:\/\/simpo-datatec.com\/#website","url":"https:\/\/simpo-datatec.com\/","name":"simpo-datatec.com","description":"","potentialAction":[{"@type":"SearchAction","target":{"@type":"EntryPoint","urlTemplate":"https:\/\/simpo-datatec.com\/?s={search_term_string}"},"query-input":{"@type":"PropertyValueSpecification","valueRequired":true,"valueName":"search_term_string"}}],"inLanguage":"es"}]}},"_links":{"self":[{"href":"https:\/\/simpo-datatec.com\/es\/wp-json\/wp\/v2\/product\/1622","targetHints":{"allow":["GET"]}}],"collection":[{"href":"https:\/\/simpo-datatec.com\/es\/wp-json\/wp\/v2\/product"}],"about":[{"href":"https:\/\/simpo-datatec.com\/es\/wp-json\/wp\/v2\/types\/product"}],"wp:featuredmedia":[{"embeddable":true,"href":"https:\/\/simpo-datatec.com\/es\/wp-json\/wp\/v2\/media\/1626"}],"wp:attachment":[{"href":"https:\/\/simpo-datatec.com\/es\/wp-json\/wp\/v2\/media?parent=1622"}],"wp:term":[{"taxonomy":"product_brand","embeddable":true,"href":"https:\/\/simpo-datatec.com\/es\/wp-json\/wp\/v2\/product_brand?post=1622"},{"taxonomy":"product_cat","embeddable":true,"href":"https:\/\/simpo-datatec.com\/es\/wp-json\/wp\/v2\/product_cat?post=1622"},{"taxonomy":"product_tag","embeddable":true,"href":"https:\/\/simpo-datatec.com\/es\/wp-json\/wp\/v2\/product_tag?post=1622"}],"curies":[{"name":"wp","href":"https:\/\/api.w.org\/{rel}","templated":true}]}}