{"id":1596,"date":"2026-04-24T23:35:56","date_gmt":"2026-04-24T15:35:56","guid":{"rendered":"https:\/\/simpo-datatec.com\/?post_type=product&#038;p=1596"},"modified":"2026-04-28T18:36:22","modified_gmt":"2026-04-28T10:36:22","slug":"sp-f90-access-control-camera","status":"publish","type":"product","link":"https:\/\/simpo-datatec.com\/es\/producto\/sp-f90-access-control-camera\/","title":{"rendered":"SP-F90 Access Control Camera"},"content":{"rendered":"<ul>\n<li>Equipado con SOC de alta potencia inform\u00e1tica<\/li>\n<li>Sensor de imagen de gran dinamismo de Sony<\/li>\n<li>Resoluci\u00f3n de imagen 1920*1080@30fps<\/li>\n<li>Admite codificaci\u00f3n H.265\/H.264<\/li>\n<li>Algoritmo de detecci\u00f3n y reconocimiento facial CNN de alta precisi\u00f3n integrado<\/li>\n<li>El rendimiento de detecci\u00f3n cumple 12 fotogramas\/segundo, 50 caras\/fotograma<\/li>\n<li>Rango de reconocimiento de la ayuda, edad, sexo, gafas, sombreros, m\u00e1scaras, barbas,<\/li>\n<\/ul>\n<p>categor\u00edas de ropa, peinados, emociones, etc.<\/p>\n<ul>\n<li>Integrar la detecci\u00f3n, el seguimiento, la puntuaci\u00f3n, la deduplicaci\u00f3n, la selecci\u00f3n y el reconocimiento de rostros<\/li>\n<li>Biblioteca de rostros fuera de l\u00ednea 50.000, tasa de reconocimiento de hasta el 98,5%<\/li>\n<li>Admite 2 configuraciones de biblioteca facial, lista blanca y lista negra<\/li>\n<li>Soporta recordatorio de alarma de desconocido, lista negra o VIP<\/li>\n<li>Admite recordatorio de seguimiento de extra\u00f1os (mensaje de voz cuando aparecen al mismo tiempo la lista blanca y un extra\u00f1o).<\/li>\n<li>Soporta interruptor de detecci\u00f3n de Liveness (algunas fotos pueden ser filtradas despu\u00e9s de encenderlo, y la velocidad de reconocimiento facial se ralentizar\u00e1)<\/li>\n<li>Soporta recordatorio de detecci\u00f3n de uso de m\u00e1scara (debe llevar una m\u00e1scara para comparar despu\u00e9s de encenderlo)<\/li>\n<li>Recordatorio de voz de personal de soporte denso (ajuste de umbral de n\u00famero de personal de soporte 2-10)<\/li>\n<li>Admite el almacenamiento local de 100.000 registros de pases, que pueden ser consultados y exportados por el cliente local.<\/li>\n<li>Built-in storage function to meet the function of resuming transmission after disconnection<\/li>\n<li>Support multiple stretching in the range of 6-22mm, auto focus, preset point cruiseetc<\/li>\n<li>Luz de relleno infrarroja, captura normal y comparaci\u00f3n en visi\u00f3n nocturna<\/li>\n<li>Compatible con ONVIF, GB28181, HTTP, GA\/T1400, WebSocket, Mqtt y otros protocolos del sector<\/li>\n<li>Sistema abierto, apoyo a la integraci\u00f3n de proyectos y desarrollo secundario<\/li>\n<\/ul>\n<p><strong><b>SP-F90<\/b><\/strong><\/p>\n<p>2-megapixel face recognition high-definition network camera supports 1 audio output, 1 relay signal output and other functions. (Power supply + network + relay output + audio alarm output)<\/p>\n<p>&nbsp;<\/p>\n<table>\n<tbody>\n<tr>\n<td colspan=\"3\" width=\"168\">Modelo<\/td>\n<td width=\"548\">F90<\/td>\n<\/tr>\n<tr>\n<td colspan=\"4\" width=\"716\"><strong><b>C\u00e1mara<\/b><\/strong><\/td>\n<\/tr>\n<tr>\n<td rowspan=\"9\" width=\"73\">Detecci\u00f3n y captura<\/td>\n<td colspan=\"2\" width=\"95\">\u00c1ngulo de instalaci\u00f3n<\/td>\n<td width=\"548\">Arriba-abajo no m\u00e1s de 15<\/td>\n<\/tr>\n<tr>\n<td colspan=\"2\" width=\"95\">P\u00edxel m\u00ednimo<\/td>\n<td width=\"548\">60*60<\/td>\n<\/tr>\n<tr>\n<td colspan=\"2\" width=\"95\">Sensibilidad de detecci\u00f3n<\/td>\n<td width=\"548\">Ayuda<\/td>\n<\/tr>\n<tr>\n<td colspan=\"2\" width=\"95\">Rendimiento de detecci\u00f3n<\/td>\n<td width=\"548\">50 frames detected, 20 people compared in the same frame, recognition distance range 2-15m<\/td>\n<\/tr>\n<tr>\n<td colspan=\"2\" width=\"95\">Marco facial<\/td>\n<td width=\"548\">Ayuda<\/td>\n<\/tr>\n<tr>\n<td colspan=\"2\" width=\"95\">Armado de zona<\/td>\n<td width=\"548\">Ayuda<\/td>\n<\/tr>\n<tr>\n<td colspan=\"2\" width=\"95\">Capture and compare mode<\/td>\n<td width=\"548\">Fixed, each ID compare one time<\/td>\n<\/tr>\n<tr>\n<td colspan=\"2\" width=\"95\">Face quality threshold<\/td>\n<td width=\"548\">Adjustable<\/td>\n<\/tr>\n<tr>\n<td colspan=\"2\" width=\"95\">Carga de im\u00e1genes<\/td>\n<td width=\"548\">FTP\/HTTP\/GA-T1400<\/td>\n<\/tr>\n<tr>\n<td rowspan=\"5\" width=\"73\">Correspondencia de caras<\/td>\n<td colspan=\"2\" width=\"95\">Lista en blanco y negro<\/td>\n<td width=\"548\">Ayuda<\/td>\n<\/tr>\n<tr>\n<td colspan=\"2\" width=\"95\">Lista VIP<\/td>\n<td width=\"548\">Ayuda<\/td>\n<\/tr>\n<tr>\n<td colspan=\"2\" width=\"95\">Profile database<\/td>\n<td width=\"548\">50000 profiles<\/td>\n<\/tr>\n<tr>\n<td colspan=\"2\" width=\"95\">Tiempo de respuesta<\/td>\n<td width=\"548\">&lt;500ms<\/td>\n<\/tr>\n<tr>\n<td colspan=\"2\" width=\"95\">Precisi\u00f3n<\/td>\n<td width=\"548\">&gt;98,5%<\/td>\n<\/tr>\n<tr>\n<td colspan=\"3\" width=\"168\">Sensor de imagen<\/td>\n<td width=\"548\">1\/2,8\u201d 2,0M SONY CMOS IMX327<\/td>\n<\/tr>\n<tr>\n<td colspan=\"3\" width=\"168\">P\u00edxeles<\/td>\n<td width=\"548\">1920(H)\u00d71080(V)<\/td>\n<\/tr>\n<tr>\n<td colspan=\"3\" width=\"168\">WDR Technology<\/td>\n<td width=\"548\">Adaptaci\u00f3n inteligente<\/td>\n<\/tr>\n<tr>\n<td colspan=\"3\" width=\"168\">Iluminaci\u00f3n m\u00ednima<\/td>\n<td width=\"548\">0,001lux<\/td>\n<\/tr>\n<tr>\n<td colspan=\"3\" width=\"168\">S\/N Ratio<\/td>\n<td width=\"548\">\u226550dB(AGC OFF)<\/td>\n<\/tr>\n<tr>\n<td colspan=\"3\" width=\"168\">Modo de exposici\u00f3n<\/td>\n<td width=\"548\">Exposici\u00f3n autom\u00e1tica, BLC<\/td>\n<\/tr>\n<tr>\n<td colspan=\"4\" width=\"716\"><strong><b>Interfaz<\/b><\/strong><\/td>\n<\/tr>\n<tr>\n<td colspan=\"3\" width=\"168\">Local storage<\/td>\n<td width=\"548\">Optional<\/td>\n<\/tr>\n<tr>\n<td colspan=\"3\" width=\"168\">Interfaz de red<\/td>\n<td width=\"548\">10\/100M Network adaptation, RJ45 adapter<\/td>\n<\/tr>\n<tr>\n<td colspan=\"3\" width=\"168\">Interfaz de alarma<\/td>\n<td width=\"548\">Salida de rel\u00e9 de 1 canal<\/td>\n<\/tr>\n<tr>\n<td colspan=\"4\" width=\"716\"><strong><b>Norma de compresi\u00f3n<\/b><\/strong><\/td>\n<\/tr>\n<tr>\n<td colspan=\"3\" width=\"168\">Codificaci\u00f3n de v\u00eddeo<\/td>\n<td width=\"548\">Perfil principal H.265 \/Perfil alto H.264<\/td>\n<\/tr>\n<tr>\n<td colspan=\"2\" rowspan=\"2\" width=\"82\">Resoluci\u00f3n<\/td>\n<td width=\"85\">Corriente principal<\/td>\n<td width=\"548\">1920\u00d71080\u30011280\u00d7960\u30011280\u00d7720<\/td>\n<\/tr>\n<tr>\n<td width=\"85\">Subflujo<\/td>\n<td width=\"548\">704*576\u3001640\u00d7480\u3001352\u00d7288<\/td>\n<\/tr>\n<tr>\n<td colspan=\"3\" width=\"168\">Tasa de c\u00f3digo de compresi\u00f3n de v\u00eddeo<\/td>\n<td width=\"548\">128Kbps\uff5e8Mbps (ajustable manualmente)\uff0csoporta CBR\/VBR<\/td>\n<\/tr>\n<tr>\n<td colspan=\"3\" width=\"168\">Audio<\/td>\n<td width=\"548\">Support Input and Output<\/td>\n<\/tr>\n<tr>\n<td colspan=\"3\" width=\"168\">OSD<\/td>\n<td width=\"548\">Soporta nombre de canal, fecha y hora, ajuste de posici\u00f3n<\/td>\n<\/tr>\n<tr>\n<td colspan=\"4\" width=\"716\"><strong><b>Protocolo de red<\/b><\/strong><\/td>\n<\/tr>\n<tr>\n<td colspan=\"3\" width=\"168\">Protocols<\/td>\n<td width=\"548\">TCP\/IP\uff0cPTP\uff0cNTP\uff0cDHCP\uff0cUDP\uff0cSMTP\uff0cRTSP\uff0cDDNS\uff0cDNS\uff0cHTTP<\/td>\n<\/tr>\n<tr>\n<td colspan=\"3\" width=\"168\">Protocolo ONVIF<\/td>\n<td width=\"548\">Ayuda<\/td>\n<\/tr>\n<tr>\n<td colspan=\"3\" width=\"168\">Protocolo GB28181<\/td>\n<td width=\"548\">Ayuda<\/td>\n<\/tr>\n<tr>\n<td colspan=\"3\" width=\"168\">Compatibilidad de protocolos<\/td>\n<td width=\"548\">Norma ONVIF, GB28181<\/td>\n<\/tr>\n<tr>\n<td colspan=\"3\" width=\"168\">Acceso remoto m\u00f3vil<\/td>\n<td width=\"548\">Compatible con smartphones Android e IOS<\/td>\n<\/tr>\n<tr>\n<td colspan=\"4\" width=\"716\"><strong><b>Par\u00e1metros generales <\/b><\/strong><\/td>\n<\/tr>\n<tr>\n<td colspan=\"3\" width=\"168\">Potencia<\/td>\n<td width=\"548\">CC 12V 2A<\/td>\n<\/tr>\n<tr>\n<td colspan=\"3\" width=\"168\">Lente<\/td>\n<td width=\"548\">Motorized, Vari-focal, Remote Focus 6-22mm<\/td>\n<\/tr>\n<tr>\n<td colspan=\"3\" width=\"168\">Temperatura y humedad de funcionamiento<\/td>\n<td width=\"548\">-30\u2103~60\u2103, humedad inferior a 95% (sin condensaci\u00f3n)<\/td>\n<\/tr>\n<tr>\n<td colspan=\"3\" width=\"168\">Grado de impermeabilidad<\/td>\n<td width=\"548\">IP66<\/td>\n<\/tr>\n<tr>\n<td colspan=\"3\" width=\"168\">M\u00e9todo de instalaci\u00f3n<\/td>\n<td width=\"548\">Suspendido o montado en la pared<\/td>\n<\/tr>\n<\/tbody>\n<\/table>","protected":false},"excerpt":{"rendered":"<p>Biometric Access Control Camera, Face Recognition Access Control Camera, Touchless Access Control System, Visitor Management System, Camera Based Access Control System, CCTV-Based Access Control System, Face Recognition Access Control System<\/p>","protected":false},"featured_media":1597,"template":"","meta":[],"product_brand":[],"product_cat":[272],"product_tag":[299,300,301,302],"class_list":{"0":"post-1596","1":"product","2":"type-product","3":"status-publish","4":"has-post-thumbnail","6":"product_cat-face-recognition-access-control-camera","7":"product_tag-biometric-access-control-camera","8":"product_tag-face-recognition-access-control-camera","9":"product_tag-touchless-access-control-system","10":"product_tag-visitor-management-system","12":"first","13":"instock","14":"shipping-taxable","15":"product-type-simple"},"yoast_head":"<!-- This site is optimized with the Yoast SEO plugin v27.3 - https:\/\/yoast.com\/product\/yoast-seo-wordpress\/ -->\n<title>SP-F90 Access Control Camera - simpo-datatec.com<\/title>\n<meta name=\"description\" content=\"Biometric Access Control Camera, Face Recognition Access Control Camera, Touchless Access Control System, Visitor Management System, Camera Based Access Control System, CCTV-Based Access Control System, Face Recognition Access Control System\" \/>\n<meta name=\"robots\" content=\"index, follow, max-snippet:-1, max-image-preview:large, max-video-preview:-1\" \/>\n<link rel=\"canonical\" href=\"https:\/\/simpo-datatec.com\/es\/producto\/sp-f90-access-control-camera\/\" \/>\n<meta property=\"og:locale\" content=\"es_ES\" \/>\n<meta property=\"og:type\" content=\"article\" \/>\n<meta property=\"og:title\" content=\"SP-F90 Access Control Camera - simpo-datatec.com\" \/>\n<meta property=\"og:description\" content=\"Biometric Access Control Camera, Face Recognition Access Control Camera, Touchless Access Control System, Visitor Management System, Camera Based Access Control System, CCTV-Based Access Control System, Face Recognition Access Control System\" \/>\n<meta property=\"og:url\" content=\"https:\/\/simpo-datatec.com\/es\/producto\/sp-f90-access-control-camera\/\" \/>\n<meta property=\"og:site_name\" content=\"simpo-datatec.com\" \/>\n<meta property=\"article:modified_time\" content=\"2026-04-28T10:36:22+00:00\" \/>\n<meta property=\"og:image\" content=\"https:\/\/simpo-datatec.com\/wp-content\/uploads\/2026\/04\/33-1.jpg\" \/>\n\t<meta property=\"og:image:width\" content=\"500\" \/>\n\t<meta property=\"og:image:height\" content=\"500\" \/>\n\t<meta property=\"og:image:type\" content=\"image\/jpeg\" \/>\n<meta name=\"twitter:card\" content=\"summary_large_image\" \/>\n<meta name=\"twitter:label1\" content=\"Tiempo de lectura\" \/>\n\t<meta name=\"twitter:data1\" content=\"3 minutos\" \/>\n<script type=\"application\/ld+json\" class=\"yoast-schema-graph\">{\"@context\":\"https:\\\/\\\/schema.org\",\"@graph\":[{\"@type\":\"WebPage\",\"@id\":\"https:\\\/\\\/simpo-datatec.com\\\/product\\\/sp-f90-access-control-camera\\\/\",\"url\":\"https:\\\/\\\/simpo-datatec.com\\\/product\\\/sp-f90-access-control-camera\\\/\",\"name\":\"SP-F90 Access Control Camera - simpo-datatec.com\",\"isPartOf\":{\"@id\":\"https:\\\/\\\/simpo-datatec.com\\\/#website\"},\"primaryImageOfPage\":{\"@id\":\"https:\\\/\\\/simpo-datatec.com\\\/product\\\/sp-f90-access-control-camera\\\/#primaryimage\"},\"image\":{\"@id\":\"https:\\\/\\\/simpo-datatec.com\\\/product\\\/sp-f90-access-control-camera\\\/#primaryimage\"},\"thumbnailUrl\":\"https:\\\/\\\/simpo-datatec.com\\\/wp-content\\\/uploads\\\/2026\\\/04\\\/33-1.jpg\",\"datePublished\":\"2026-04-24T15:35:56+00:00\",\"dateModified\":\"2026-04-28T10:36:22+00:00\",\"description\":\"Biometric Access Control Camera, Face Recognition Access Control Camera, Touchless Access Control System, Visitor Management System, Camera Based Access Control System, CCTV-Based Access Control System, Face Recognition Access Control System\",\"breadcrumb\":{\"@id\":\"https:\\\/\\\/simpo-datatec.com\\\/product\\\/sp-f90-access-control-camera\\\/#breadcrumb\"},\"inLanguage\":\"es\",\"potentialAction\":[{\"@type\":\"ReadAction\",\"target\":[\"https:\\\/\\\/simpo-datatec.com\\\/product\\\/sp-f90-access-control-camera\\\/\"]}]},{\"@type\":\"ImageObject\",\"inLanguage\":\"es\",\"@id\":\"https:\\\/\\\/simpo-datatec.com\\\/product\\\/sp-f90-access-control-camera\\\/#primaryimage\",\"url\":\"https:\\\/\\\/simpo-datatec.com\\\/wp-content\\\/uploads\\\/2026\\\/04\\\/33-1.jpg\",\"contentUrl\":\"https:\\\/\\\/simpo-datatec.com\\\/wp-content\\\/uploads\\\/2026\\\/04\\\/33-1.jpg\",\"width\":500,\"height\":500},{\"@type\":\"BreadcrumbList\",\"@id\":\"https:\\\/\\\/simpo-datatec.com\\\/product\\\/sp-f90-access-control-camera\\\/#breadcrumb\",\"itemListElement\":[{\"@type\":\"ListItem\",\"position\":1,\"name\":\"\u9996\u9875\",\"item\":\"https:\\\/\\\/simpo-datatec.com\\\/\"},{\"@type\":\"ListItem\",\"position\":2,\"name\":\"Products\",\"item\":\"https:\\\/\\\/simpo-datatec.com\\\/products\\\/\"},{\"@type\":\"ListItem\",\"position\":3,\"name\":\"SP-F90 Access Control Camera\"}]},{\"@type\":\"WebSite\",\"@id\":\"https:\\\/\\\/simpo-datatec.com\\\/#website\",\"url\":\"https:\\\/\\\/simpo-datatec.com\\\/\",\"name\":\"simpo-datatec.com\",\"description\":\"\",\"potentialAction\":[{\"@type\":\"SearchAction\",\"target\":{\"@type\":\"EntryPoint\",\"urlTemplate\":\"https:\\\/\\\/simpo-datatec.com\\\/?s={search_term_string}\"},\"query-input\":{\"@type\":\"PropertyValueSpecification\",\"valueRequired\":true,\"valueName\":\"search_term_string\"}}],\"inLanguage\":\"es\"}]}<\/script>\n<!-- \/ Yoast SEO plugin. -->","yoast_head_json":{"title":"SP-F90 Access Control Camera - simpo-datatec.com","description":"Biometric Access Control Camera, Face Recognition Access Control Camera, Touchless Access Control System, Visitor Management System, Camera Based Access Control System, CCTV-Based Access Control System, Face Recognition Access Control System","robots":{"index":"index","follow":"follow","max-snippet":"max-snippet:-1","max-image-preview":"max-image-preview:large","max-video-preview":"max-video-preview:-1"},"canonical":"https:\/\/simpo-datatec.com\/es\/producto\/sp-f90-access-control-camera\/","og_locale":"es_ES","og_type":"article","og_title":"SP-F90 Access Control Camera - simpo-datatec.com","og_description":"Biometric Access Control Camera, Face Recognition Access Control Camera, Touchless Access Control System, Visitor Management System, Camera Based Access Control System, CCTV-Based Access Control System, Face Recognition Access Control System","og_url":"https:\/\/simpo-datatec.com\/es\/producto\/sp-f90-access-control-camera\/","og_site_name":"simpo-datatec.com","article_modified_time":"2026-04-28T10:36:22+00:00","og_image":[{"width":500,"height":500,"url":"https:\/\/simpo-datatec.com\/wp-content\/uploads\/2026\/04\/33-1.jpg","type":"image\/jpeg"}],"twitter_card":"summary_large_image","twitter_misc":{"Tiempo de lectura":"3 minutos"},"schema":{"@context":"https:\/\/schema.org","@graph":[{"@type":"WebPage","@id":"https:\/\/simpo-datatec.com\/product\/sp-f90-access-control-camera\/","url":"https:\/\/simpo-datatec.com\/product\/sp-f90-access-control-camera\/","name":"SP-F90 Access Control Camera - simpo-datatec.com","isPartOf":{"@id":"https:\/\/simpo-datatec.com\/#website"},"primaryImageOfPage":{"@id":"https:\/\/simpo-datatec.com\/product\/sp-f90-access-control-camera\/#primaryimage"},"image":{"@id":"https:\/\/simpo-datatec.com\/product\/sp-f90-access-control-camera\/#primaryimage"},"thumbnailUrl":"https:\/\/simpo-datatec.com\/wp-content\/uploads\/2026\/04\/33-1.jpg","datePublished":"2026-04-24T15:35:56+00:00","dateModified":"2026-04-28T10:36:22+00:00","description":"Biometric Access Control Camera, Face Recognition Access Control Camera, Touchless Access Control System, Visitor Management System, Camera Based Access Control System, CCTV-Based Access Control System, Face Recognition Access Control System","breadcrumb":{"@id":"https:\/\/simpo-datatec.com\/product\/sp-f90-access-control-camera\/#breadcrumb"},"inLanguage":"es","potentialAction":[{"@type":"ReadAction","target":["https:\/\/simpo-datatec.com\/product\/sp-f90-access-control-camera\/"]}]},{"@type":"ImageObject","inLanguage":"es","@id":"https:\/\/simpo-datatec.com\/product\/sp-f90-access-control-camera\/#primaryimage","url":"https:\/\/simpo-datatec.com\/wp-content\/uploads\/2026\/04\/33-1.jpg","contentUrl":"https:\/\/simpo-datatec.com\/wp-content\/uploads\/2026\/04\/33-1.jpg","width":500,"height":500},{"@type":"BreadcrumbList","@id":"https:\/\/simpo-datatec.com\/product\/sp-f90-access-control-camera\/#breadcrumb","itemListElement":[{"@type":"ListItem","position":1,"name":"\u9996\u9875","item":"https:\/\/simpo-datatec.com\/"},{"@type":"ListItem","position":2,"name":"Products","item":"https:\/\/simpo-datatec.com\/products\/"},{"@type":"ListItem","position":3,"name":"SP-F90 Access Control Camera"}]},{"@type":"WebSite","@id":"https:\/\/simpo-datatec.com\/#website","url":"https:\/\/simpo-datatec.com\/","name":"simpo-datatec.com","description":"","potentialAction":[{"@type":"SearchAction","target":{"@type":"EntryPoint","urlTemplate":"https:\/\/simpo-datatec.com\/?s={search_term_string}"},"query-input":{"@type":"PropertyValueSpecification","valueRequired":true,"valueName":"search_term_string"}}],"inLanguage":"es"}]}},"_links":{"self":[{"href":"https:\/\/simpo-datatec.com\/es\/wp-json\/wp\/v2\/product\/1596","targetHints":{"allow":["GET"]}}],"collection":[{"href":"https:\/\/simpo-datatec.com\/es\/wp-json\/wp\/v2\/product"}],"about":[{"href":"https:\/\/simpo-datatec.com\/es\/wp-json\/wp\/v2\/types\/product"}],"wp:featuredmedia":[{"embeddable":true,"href":"https:\/\/simpo-datatec.com\/es\/wp-json\/wp\/v2\/media\/1597"}],"wp:attachment":[{"href":"https:\/\/simpo-datatec.com\/es\/wp-json\/wp\/v2\/media?parent=1596"}],"wp:term":[{"taxonomy":"product_brand","embeddable":true,"href":"https:\/\/simpo-datatec.com\/es\/wp-json\/wp\/v2\/product_brand?post=1596"},{"taxonomy":"product_cat","embeddable":true,"href":"https:\/\/simpo-datatec.com\/es\/wp-json\/wp\/v2\/product_cat?post=1596"},{"taxonomy":"product_tag","embeddable":true,"href":"https:\/\/simpo-datatec.com\/es\/wp-json\/wp\/v2\/product_tag?post=1596"}],"curies":[{"name":"wp","href":"https:\/\/api.w.org\/{rel}","templated":true}]}}