{"id":787,"date":"2024-10-10T17:35:52","date_gmt":"2024-10-10T09:35:52","guid":{"rendered":"https:\/\/simpo-datatec.com\/?post_type=product&#038;p=787"},"modified":"2025-08-09T10:12:56","modified_gmt":"2025-08-09T02:12:56","slug":"k2-scanner","status":"publish","type":"product","link":"https:\/\/simpo-datatec.com\/de\/products\/product\/barcode-scanner\/k2-scanner\/","title":{"rendered":"K2 Scanner"},"content":{"rendered":"<table width=\"936\">\n<tbody>\n<tr>\n<td colspan=\"2\" width=\"356\">Artikel<\/td>\n<td width=\"580\">Parameter<\/td>\n<\/tr>\n<tr>\n<td rowspan=\"10\">Scan-Leistung<\/td>\n<td>Bildgr\u00f6\u00dfe<\/td>\n<td>1280\u00d7 960 Pixel<\/td>\n<\/tr>\n<tr>\n<td>Abtastwinkel<\/td>\n<td width=\"580\">\u00b160\u00b0, \u00b140\u00b0, 360\u00b0 (Schr\u00e4glage, Neigung, Drehung)<\/td>\n<\/tr>\n<tr>\n<td>Dekodierf\u00e4higkeit<\/td>\n<td width=\"580\">UPC-A, UPC-E, UPC-E1, EAN-13, EAN-8, ISBN (Bookland EAN), ISSN, Code 39, Code 39 full ASCII, Code 32, Trioptic Code 39, Interleaved 2 of 5, Industrial 2 of 5 (Discrete 2 of 5), Matrix 2 of 5, Codabar (NW7), Code 128, UCC\/EAN 128 (GS1-128), ISBT 128, Code 93, Code 11 (USD-8), MSI\/Plessey, UK\/Plessey, China Post, China Finance, GS1 DataBar (ehemals RSS) Varianten, Telepen<\/td>\n<\/tr>\n<tr>\n<td>Min. Elementbreite<\/td>\n<td width=\"580\">(4mil, 1mil = 0,0254mm)<\/td>\n<\/tr>\n<tr>\n<td rowspan=\"6\">Dekodierungstiefe<\/td>\n<td>4mil Code39 (9 Zeichen): 5mm - 60mm<\/td>\n<\/tr>\n<tr>\n<td>5mil Code39 (3 Zeichen): 0mm - 100mm<\/td>\n<\/tr>\n<tr>\n<td>10mil Code39 (3 Zeichen): 0mm - 148mm<\/td>\n<\/tr>\n<tr>\n<td>13mil UPC (6 Zeichen): 0mm - 170mm<\/td>\n<\/tr>\n<tr>\n<td>15mil Code39 (1 Zeichen): 0mm - 193mm<\/td>\n<\/tr>\n<tr>\n<td>20mil Code39 (1 Zeichen): 0mm - 220mm<\/td>\n<\/tr>\n<tr>\n<td rowspan=\"3\">Elektrisch<\/td>\n<td>Eingangsspannung<\/td>\n<td>\u00a05V DC \u00b1 0,25V<\/td>\n<\/tr>\n<tr>\n<td>Strom<\/td>\n<td>\u00a05,00 W (Betrieb); 0,40 W (Standby)<\/td>\n<\/tr>\n<tr>\n<td>Aktuell<\/td>\n<td>1000mA (Betrieb); 80mA (Standby)<\/td>\n<\/tr>\n<tr>\n<td rowspan=\"3\">Umwelt<\/td>\n<td>Temperatur<\/td>\n<td>0\u00b0 bis 50\u00b0C (32\u00b0 bis 122\u00b0F), Betrieb; -40\u00b0 bis 70\u00b0C (-40\u00b0 bis 158\u00b0F), Lagerung<\/td>\n<\/tr>\n<tr>\n<td>Luftfeuchtigkeit<\/td>\n<td>5% bis 95% (nicht kondensierend)<\/td>\n<\/tr>\n<tr>\n<td>Sicherheit<\/td>\n<td width=\"580\">EMC: EN55022, EN55024<br \/>\nElektrische Sicherheit: EN60950-1<br \/>\nPhotobiologische Sicherheit: EN62471:2008<br \/>\nBeleuchtungsst\u00e4rke: 0~100.000LUX<br \/>\nSchutzklasse: IP52<br \/>\nFallfestigkeit: 1,5 m (5,0 ft) Fallh\u00f6he auf Beton<\/td>\n<\/tr>\n<tr>\n<td rowspan=\"8\">Technisch<\/td>\n<td rowspan=\"2\" width=\"201\">Dimension<br \/>\n(H x B x T)<\/td>\n<td width=\"580\">152 x 81 x 144mm (ohne St\u00e4nder)<\/td>\n<\/tr>\n<tr>\n<td width=\"580\">152 \u00d7 112 \u00d7 184 mm (mit St\u00e4nder)<\/td>\n<\/tr>\n<tr>\n<td width=\"201\">Gewicht<\/td>\n<td width=\"580\">543g (ohne St\u00e4nder, ohne Kabel); 812g (mit St\u00e4nder, ohne Kabel)<\/td>\n<\/tr>\n<tr>\n<td width=\"201\">Kabel<\/td>\n<td width=\"580\">\u00a0Gerade 2,0 m<\/td>\n<\/tr>\n<tr>\n<td width=\"201\">Steckertyp<\/td>\n<td width=\"580\">\u00a0RJ-45 Telefonbuchsenanschluss<\/td>\n<\/tr>\n<tr>\n<td width=\"201\">Material des Geh\u00e4uses<\/td>\n<td width=\"580\">PC+ABS<\/td>\n<\/tr>\n<tr>\n<td width=\"201\">Indikator<\/td>\n<td width=\"580\">Piepser, LED<\/td>\n<\/tr>\n<tr>\n<td width=\"201\">Unterst\u00fctzte Schnittstellen<\/td>\n<td width=\"580\">Tastatur-Wedge, RS-232, USB-Tastatur, USB virtual COM<\/td>\n<\/tr>\n<\/tbody>\n<\/table>\n<p>SIMPO-DATA ist ein f\u00fchrender Hightech-Hersteller, der sich auf die Entwicklung, die Produktion, den Vertrieb und den Service von fortschrittlichen POS-Systemen (Point of Sale) spezialisiert hat. Mit mehr als einem Jahrzehnt fundierter Branchenerfahrung haben wir uns einen soliden Ruf f\u00fcr die Bereitstellung zuverl\u00e4ssiger, innovativer und leistungsstarker POS-L\u00f6sungen f\u00fcr Kunden weltweit erworben.<\/p>\n<p>Seit unserer Gr\u00fcndung halten wir uns an die Gesch\u00e4ftsphilosophie \"Qualit\u00e4t schafft den Markt, Innovation schafft die Zukunft\". Dieses Engagement treibt uns an, unsere Produkte kontinuierlich zu verbessern und unser Angebot zu erweitern, um die vielf\u00e4ltigen Anforderungen der globalen M\u00e4rkte zu erf\u00fcllen. Unser umfassendes Produktportfolio deckt ein breites Spektrum an Branchen ab, darunter Einzelhandel, Restaurant, Supermarkt, Gastgewerbe, Lebensmittel- und Getr\u00e4nkeindustrie sowie Logistik. Egal, ob Sie ein kleines Gesch\u00e4ft f\u00fchren oder eine gro\u00dfe Handelskette leiten, SIMPO-DATA hat die richtige POS-L\u00f6sung f\u00fcr Sie.<\/p>\n<p>Umfangreiche Produktpalette<br \/>\nUnsere POS-Produktlinie umfasst All-in-One-POS-Terminals, Touchscreen-Monitore, Thermo-Bondrucker, Barcode-Scanner, Kassenschubladen und mobile POS-Ger\u00e4te. Wir bieten sowohl komplette, integrierte POS-Systeme als auch einzelne Komponenten an, so dass Sie die L\u00f6sung anpassen k\u00f6nnen, die am besten zu Ihrem Gesch\u00e4ftsmodell passt.<a href=\"https:\/\/simpo-datatec.com\/de\/products\/\" target=\"_blank\" rel=\"noopener\">Klicken Sie hier, um weitere Produkte zu sehen.<\/a><\/p>\n<p>Innovation als Kernst\u00fcck<br \/>\nUnser professionelles Forschungs- und Entwicklungsteam setzt sich f\u00fcr kontinuierliche Innovationen in den Bereichen Design, Leistung und Benutzerfreundlichkeit ein. Indem wir den Markttrends und technologischen Fortschritten immer einen Schritt voraus sind, stellen wir sicher, dass SIMPO-DATA Produkte wettbewerbsf\u00e4hig und zukunftssicher bleiben. Jedes Produkt wird mit viel Liebe zum Detail entwickelt - von ergonomischem Design und intuitiven Schnittstellen bis hin zu stabiler Systemleistung und Energieeffizienz.<\/p>\n<p>Qualit\u00e4t, der Sie vertrauen k\u00f6nnen<br \/>\nQualit\u00e4t ist unser oberstes Gebot. Von der Auswahl des Rohmaterials bis zur Endfertigung unterliegt jeder Schritt strengen Qualit\u00e4tskontrollen. Unsere Produktionsst\u00e4tten sind mit fortschrittlichen Pr\u00fcfger\u00e4ten ausgestattet, um sicherzustellen, dass jedes Produkt den internationalen Qualit\u00e4tsstandards entspricht und eine lange Lebensdauer hat.<\/p>\n<p>Globaler Service und Unterst\u00fctzung<br \/>\nBei SIMPO-DATA verkaufen wir nicht nur Produkte, sondern bieten auch Komplettl\u00f6sungen und zuverl\u00e4ssigen Kundendienst. Unser Team aus erfahrenen Ingenieuren und Kundendienstspezialisten steht Ihnen bei der Installation, Schulung, Wartung und technischen Unterst\u00fctzung zur Seite. Unser Ziel ist es, unseren Partnern zu helfen, die Effizienz zu maximieren, Kosten zu senken und die Kundenzufriedenheit zu erh\u00f6hen.<\/p>\n<p>Warum SIMPO-DATA w\u00e4hlen?<\/p>\n<p>\u00dcber 10 Jahre Erfahrung in der POS-Branche<\/p>\n<p>Starke FuE-Kapazit\u00e4ten mit kontinuierlicher Innovation<\/p>\n<p>Umfassende Produktpalette f\u00fcr mehrere Branchen<\/p>\n<p>Strenge Qualit\u00e4tskontrolle und Einhaltung internationaler Normen<\/p>\n<p>Professionelles globales Team f\u00fcr Vertrieb und technischen Support<\/p>\n<p>Gehen Sie eine Partnerschaft mit SIMPO-DATA ein und lassen Sie unsere POS-L\u00f6sungen Ihre Gesch\u00e4ftsabl\u00e4ufe unterst\u00fctzen. Gemeinsam k\u00f6nnen wir Ihnen helfen, Transaktionen zu rationalisieren, die betriebliche Effizienz zu verbessern und au\u00dfergew\u00f6hnliche Kundenerlebnisse zu bieten.<\/p>","protected":false},"excerpt":{"rendered":"<p>Automatische Erkennung 1D\/2D<br \/>\nScannerScanwinkel \u00b160\u00b0, \u00b140\u00b0, 360\u00b0 (Schr\u00e4glage, Neigung, Drehung)<br \/>\nEingangsspannung 5V DC \u00b1 0,25V<\/p>","protected":false},"featured_media":788,"comment_status":"open","ping_status":"closed","template":"","meta":[],"product_brand":[],"product_cat":[178,17],"product_tag":[],"class_list":{"0":"post-787","1":"product","2":"type-product","3":"status-publish","4":"has-post-thumbnail","6":"product_cat-barcode-scanner","7":"product_cat-uncategorized","9":"first","10":"instock","11":"shipping-taxable","12":"product-type-simple"},"yoast_head":"<!-- This site is optimized with the Yoast SEO plugin v27.3 - https:\/\/yoast.com\/product\/yoast-seo-wordpress\/ -->\n<title>K2 Scanner - simpo-datatec.com<\/title>\n<meta name=\"description\" content=\"K2 Scanner - all-in-one POS terminals, touch screen monitors, thermal receipt printers, barcode scanners, cash drawers, and mobile POS devices\" \/>\n<meta name=\"robots\" content=\"index, follow, max-snippet:-1, max-image-preview:large, max-video-preview:-1\" \/>\n<link rel=\"canonical\" href=\"https:\/\/simpo-datatec.com\/de\/products\/product\/barcode-scanner\/k2-scanner\/\" \/>\n<meta property=\"og:locale\" content=\"de_DE\" \/>\n<meta property=\"og:type\" content=\"article\" \/>\n<meta property=\"og:title\" content=\"K2 Scanner - simpo-datatec.com\" \/>\n<meta property=\"og:description\" content=\"K2 Scanner - all-in-one POS terminals, touch screen monitors, thermal receipt printers, barcode scanners, cash drawers, and mobile POS devices\" \/>\n<meta property=\"og:url\" content=\"https:\/\/simpo-datatec.com\/de\/products\/product\/barcode-scanner\/k2-scanner\/\" \/>\n<meta property=\"og:site_name\" content=\"simpo-datatec.com\" \/>\n<meta property=\"article:modified_time\" content=\"2025-08-09T02:12:56+00:00\" \/>\n<meta property=\"og:image\" content=\"https:\/\/simpo-datatec.com\/wp-content\/uploads\/2024\/10\/1-500x500-28.jpg\" \/>\n\t<meta property=\"og:image:width\" content=\"500\" \/>\n\t<meta property=\"og:image:height\" content=\"500\" \/>\n\t<meta property=\"og:image:type\" content=\"image\/jpeg\" \/>\n<meta name=\"twitter:card\" content=\"summary_large_image\" \/>\n<meta name=\"twitter:label1\" content=\"Gesch\u00e4tzte Lesezeit\" \/>\n\t<meta name=\"twitter:data1\" content=\"5\u00a0Minuten\" \/>\n<script type=\"application\/ld+json\" class=\"yoast-schema-graph\">{\"@context\":\"https:\\\/\\\/schema.org\",\"@graph\":[{\"@type\":\"WebPage\",\"@id\":\"https:\\\/\\\/simpo-datatec.com\\\/ru\\\/products\\\/product\\\/barcode-scanner\\\/k2-scanner\\\/\",\"url\":\"https:\\\/\\\/simpo-datatec.com\\\/ru\\\/products\\\/product\\\/barcode-scanner\\\/k2-scanner\\\/\",\"name\":\"K2 Scanner - simpo-datatec.com\",\"isPartOf\":{\"@id\":\"https:\\\/\\\/simpo-datatec.com\\\/#website\"},\"primaryImageOfPage\":{\"@id\":\"https:\\\/\\\/simpo-datatec.com\\\/ru\\\/products\\\/product\\\/barcode-scanner\\\/k2-scanner\\\/#primaryimage\"},\"image\":{\"@id\":\"https:\\\/\\\/simpo-datatec.com\\\/ru\\\/products\\\/product\\\/barcode-scanner\\\/k2-scanner\\\/#primaryimage\"},\"thumbnailUrl\":\"https:\\\/\\\/simpo-datatec.com\\\/wp-content\\\/uploads\\\/2024\\\/10\\\/1-500x500-28.jpg\",\"datePublished\":\"2024-10-10T09:35:52+00:00\",\"dateModified\":\"2025-08-09T02:12:56+00:00\",\"description\":\"K2 Scanner - all-in-one POS terminals, touch screen monitors, thermal receipt printers, barcode scanners, cash drawers, and mobile POS devices\",\"breadcrumb\":{\"@id\":\"https:\\\/\\\/simpo-datatec.com\\\/ru\\\/products\\\/product\\\/barcode-scanner\\\/k2-scanner\\\/#breadcrumb\"},\"inLanguage\":\"de\",\"potentialAction\":[{\"@type\":\"ReadAction\",\"target\":[\"https:\\\/\\\/simpo-datatec.com\\\/ru\\\/products\\\/product\\\/barcode-scanner\\\/k2-scanner\\\/\"]}]},{\"@type\":\"ImageObject\",\"inLanguage\":\"de\",\"@id\":\"https:\\\/\\\/simpo-datatec.com\\\/ru\\\/products\\\/product\\\/barcode-scanner\\\/k2-scanner\\\/#primaryimage\",\"url\":\"https:\\\/\\\/simpo-datatec.com\\\/wp-content\\\/uploads\\\/2024\\\/10\\\/1-500x500-28.jpg\",\"contentUrl\":\"https:\\\/\\\/simpo-datatec.com\\\/wp-content\\\/uploads\\\/2024\\\/10\\\/1-500x500-28.jpg\",\"width\":500,\"height\":500,\"caption\":\"K2 Scanner\"},{\"@type\":\"BreadcrumbList\",\"@id\":\"https:\\\/\\\/simpo-datatec.com\\\/ru\\\/products\\\/product\\\/barcode-scanner\\\/k2-scanner\\\/#breadcrumb\",\"itemListElement\":[{\"@type\":\"ListItem\",\"position\":1,\"name\":\"\u9996\u9875\",\"item\":\"https:\\\/\\\/simpo-datatec.com\\\/\"},{\"@type\":\"ListItem\",\"position\":2,\"name\":\"Products\",\"item\":\"https:\\\/\\\/simpo-datatec.com\\\/products\\\/\"},{\"@type\":\"ListItem\",\"position\":3,\"name\":\"K2 Scanner\"}]},{\"@type\":\"WebSite\",\"@id\":\"https:\\\/\\\/simpo-datatec.com\\\/#website\",\"url\":\"https:\\\/\\\/simpo-datatec.com\\\/\",\"name\":\"simpo-datatec.com\",\"description\":\"\",\"potentialAction\":[{\"@type\":\"SearchAction\",\"target\":{\"@type\":\"EntryPoint\",\"urlTemplate\":\"https:\\\/\\\/simpo-datatec.com\\\/?s={search_term_string}\"},\"query-input\":{\"@type\":\"PropertyValueSpecification\",\"valueRequired\":true,\"valueName\":\"search_term_string\"}}],\"inLanguage\":\"de\"}]}<\/script>\n<!-- \/ Yoast SEO plugin. -->","yoast_head_json":{"title":"K2 Scanner - simpo-datatec.com","description":"K2 Scanner - all-in-one POS terminals, touch screen monitors, thermal receipt printers, barcode scanners, cash drawers, and mobile POS devices","robots":{"index":"index","follow":"follow","max-snippet":"max-snippet:-1","max-image-preview":"max-image-preview:large","max-video-preview":"max-video-preview:-1"},"canonical":"https:\/\/simpo-datatec.com\/de\/products\/product\/barcode-scanner\/k2-scanner\/","og_locale":"de_DE","og_type":"article","og_title":"K2 Scanner - simpo-datatec.com","og_description":"K2 Scanner - all-in-one POS terminals, touch screen monitors, thermal receipt printers, barcode scanners, cash drawers, and mobile POS devices","og_url":"https:\/\/simpo-datatec.com\/de\/products\/product\/barcode-scanner\/k2-scanner\/","og_site_name":"simpo-datatec.com","article_modified_time":"2025-08-09T02:12:56+00:00","og_image":[{"width":500,"height":500,"url":"https:\/\/simpo-datatec.com\/wp-content\/uploads\/2024\/10\/1-500x500-28.jpg","type":"image\/jpeg"}],"twitter_card":"summary_large_image","twitter_misc":{"Gesch\u00e4tzte Lesezeit":"5\u00a0Minuten"},"schema":{"@context":"https:\/\/schema.org","@graph":[{"@type":"WebPage","@id":"https:\/\/simpo-datatec.com\/ru\/products\/product\/barcode-scanner\/k2-scanner\/","url":"https:\/\/simpo-datatec.com\/ru\/products\/product\/barcode-scanner\/k2-scanner\/","name":"K2 Scanner - simpo-datatec.com","isPartOf":{"@id":"https:\/\/simpo-datatec.com\/#website"},"primaryImageOfPage":{"@id":"https:\/\/simpo-datatec.com\/ru\/products\/product\/barcode-scanner\/k2-scanner\/#primaryimage"},"image":{"@id":"https:\/\/simpo-datatec.com\/ru\/products\/product\/barcode-scanner\/k2-scanner\/#primaryimage"},"thumbnailUrl":"https:\/\/simpo-datatec.com\/wp-content\/uploads\/2024\/10\/1-500x500-28.jpg","datePublished":"2024-10-10T09:35:52+00:00","dateModified":"2025-08-09T02:12:56+00:00","description":"K2 Scanner - all-in-one POS terminals, touch screen monitors, thermal receipt printers, barcode scanners, cash drawers, and mobile POS devices","breadcrumb":{"@id":"https:\/\/simpo-datatec.com\/ru\/products\/product\/barcode-scanner\/k2-scanner\/#breadcrumb"},"inLanguage":"de","potentialAction":[{"@type":"ReadAction","target":["https:\/\/simpo-datatec.com\/ru\/products\/product\/barcode-scanner\/k2-scanner\/"]}]},{"@type":"ImageObject","inLanguage":"de","@id":"https:\/\/simpo-datatec.com\/ru\/products\/product\/barcode-scanner\/k2-scanner\/#primaryimage","url":"https:\/\/simpo-datatec.com\/wp-content\/uploads\/2024\/10\/1-500x500-28.jpg","contentUrl":"https:\/\/simpo-datatec.com\/wp-content\/uploads\/2024\/10\/1-500x500-28.jpg","width":500,"height":500,"caption":"K2 Scanner"},{"@type":"BreadcrumbList","@id":"https:\/\/simpo-datatec.com\/ru\/products\/product\/barcode-scanner\/k2-scanner\/#breadcrumb","itemListElement":[{"@type":"ListItem","position":1,"name":"\u9996\u9875","item":"https:\/\/simpo-datatec.com\/"},{"@type":"ListItem","position":2,"name":"Products","item":"https:\/\/simpo-datatec.com\/products\/"},{"@type":"ListItem","position":3,"name":"K2 Scanner"}]},{"@type":"WebSite","@id":"https:\/\/simpo-datatec.com\/#website","url":"https:\/\/simpo-datatec.com\/","name":"simpo-datatec.com","description":"","potentialAction":[{"@type":"SearchAction","target":{"@type":"EntryPoint","urlTemplate":"https:\/\/simpo-datatec.com\/?s={search_term_string}"},"query-input":{"@type":"PropertyValueSpecification","valueRequired":true,"valueName":"search_term_string"}}],"inLanguage":"de"}]}},"_links":{"self":[{"href":"https:\/\/simpo-datatec.com\/de\/wp-json\/wp\/v2\/product\/787","targetHints":{"allow":["GET"]}}],"collection":[{"href":"https:\/\/simpo-datatec.com\/de\/wp-json\/wp\/v2\/product"}],"about":[{"href":"https:\/\/simpo-datatec.com\/de\/wp-json\/wp\/v2\/types\/product"}],"replies":[{"embeddable":true,"href":"https:\/\/simpo-datatec.com\/de\/wp-json\/wp\/v2\/comments?post=787"}],"wp:featuredmedia":[{"embeddable":true,"href":"https:\/\/simpo-datatec.com\/de\/wp-json\/wp\/v2\/media\/788"}],"wp:attachment":[{"href":"https:\/\/simpo-datatec.com\/de\/wp-json\/wp\/v2\/media?parent=787"}],"wp:term":[{"taxonomy":"product_brand","embeddable":true,"href":"https:\/\/simpo-datatec.com\/de\/wp-json\/wp\/v2\/product_brand?post=787"},{"taxonomy":"product_cat","embeddable":true,"href":"https:\/\/simpo-datatec.com\/de\/wp-json\/wp\/v2\/product_cat?post=787"},{"taxonomy":"product_tag","embeddable":true,"href":"https:\/\/simpo-datatec.com\/de\/wp-json\/wp\/v2\/product_tag?post=787"}],"curies":[{"name":"wp","href":"https:\/\/api.w.org\/{rel}","templated":true}]}}