{"id":783,"date":"2024-10-10T17:34:53","date_gmt":"2024-10-10T09:34:53","guid":{"rendered":"https:\/\/simpo-datatec.com\/?post_type=product&#038;p=783"},"modified":"2025-08-09T10:13:37","modified_gmt":"2025-08-09T02:13:37","slug":"k1-scanner","status":"publish","type":"product","link":"https:\/\/simpo-datatec.com\/de\/products\/product\/barcode-scanner\/k1-scanner\/","title":{"rendered":"K1-Scanner"},"content":{"rendered":"<table width=\"1013\">\n<tbody>\n<tr>\n<td colspan=\"2\" width=\"332\">Artikel<\/td>\n<td width=\"681\">Parameter<\/td>\n<\/tr>\n<tr>\n<td rowspan=\"15\">Scan-Leistung<\/td>\n<td>Scan-Muster<\/td>\n<td>\u00a0Bereich Bild<\/td>\n<\/tr>\n<tr>\n<td>Bildgr\u00f6\u00dfe<\/td>\n<td>1280 \u00d7 800 Pixel<\/td>\n<\/tr>\n<tr>\n<td>Sichtfeld<\/td>\n<td>Horizontal: 64\u00b0, vertikal: 44\u00b0<\/td>\n<\/tr>\n<tr>\n<td>Abtastwinkel<\/td>\n<td width=\"681\">\u00b1 70\u00b0, \u00b1 70\u00b0, 360\u00b0 (Schr\u00e4glage, Neigung, Drehung)<\/td>\n<\/tr>\n<tr>\n<td>Bewegungstoleranz<\/td>\n<td width=\"681\">1,27 m\/s (50 in\/s) f\u00fcr 13 mil UPC-E im optimalen Brennpunkt<\/td>\n<\/tr>\n<tr>\n<td>Druck-Kontrast<\/td>\n<td width=\"681\">20% minimale Reflexionsdifferenz<\/td>\n<\/tr>\n<tr>\n<td>Mindestaufl\u00f6sung<\/td>\n<td width=\"681\">1D (Code 39): 5 mil; 2D (PDF417): 6,7 mil<\/td>\n<\/tr>\n<tr>\n<td rowspan=\"2\">Dekodierf\u00e4higkeit<\/td>\n<td width=\"681\">1D: UPC-A, UPC-E, UPC-E1, EAN-13, EAN-8, ISBN (Bookland EAN), ISSN, Code 39,<br \/>\nCode 39 voll ASCII, Code 32, Trioptic Code 39, Interleaved 2 of 5, Industrial 2 of 5, Matrix<br \/>\n2 von 5, Codabar (NW7), Code 128, UCC\/EAN 128, ISBT 128, Code 93, Code 11 (USD-8),<br \/>\nMSI\/Plessey, UK\/Plessey, China Post, China Finance, GS1 DataBar (fr\u00fcher RSS)<br \/>\nVarianten<\/td>\n<\/tr>\n<tr>\n<td width=\"681\">2D: PDF417, MicroPDF417, QR Code, DataMatrix, Han Xin Code, Aztec Code<\/td>\n<\/tr>\n<tr>\n<td rowspan=\"6\">Dekodierungstiefe<\/td>\n<td>5 mil Code 39 (3 Zeichen) : 5 - 55 mm<\/td>\n<\/tr>\n<tr>\n<td>13 mil UPC (6 Zeichen) : 0 - 150 mm<\/td>\n<\/tr>\n<tr>\n<td>20 mil Code 39 (1 Zeichen) : 0 - 230 mm<\/td>\n<\/tr>\n<tr>\n<td>6,7 mil PDF417 (20 Zeichen): 15 - 60 mm<\/td>\n<\/tr>\n<tr>\n<td>10 mil QR (20 Zeichen) : 0 - 40 mm<\/td>\n<\/tr>\n<tr>\n<td>20 mil QR (20 Zeichen) : 0 - 150 mm<\/td>\n<\/tr>\n<tr>\n<td rowspan=\"2\">Elektrisch<\/td>\n<td>Eingangsspannung<\/td>\n<td>4,6V bis 5,5V DC<\/td>\n<\/tr>\n<tr>\n<td>Aktuell<\/td>\n<td>110 mA (Standby), 370 mA (Abtastung)<\/td>\n<\/tr>\n<tr>\n<td rowspan=\"4\">Umwelt<\/td>\n<td rowspan=\"2\">Temperatur<\/td>\n<td>Betrieb: -20\u00b0 bis 55\u00b0C (-4\u00b0 bis 131\u00b0F)<\/td>\n<\/tr>\n<tr>\n<td>Lagerung: -20\u00b0 bis 75\u00b0C (-4\u00b0 bis 167\u00b0F)<\/td>\n<\/tr>\n<tr>\n<td>Luftfeuchtigkeit<\/td>\n<td>5% bis 95% (nicht kondensierend)<\/td>\n<\/tr>\n<tr>\n<td>Sicherheit<\/td>\n<td width=\"681\">EMC: EN55022, EN55024 | Elektrische Sicherheit: EN60950-1 | Dichtung: IP50<br \/>\nFallwiderstand: Mehr als 30-facher Fall aus 1,5 m auf Beton<br \/>\nPhotobiologische Sicherheit: EN62471:2008 | Beleuchtungsst\u00e4rke: 0~100.000 LUX<\/td>\n<\/tr>\n<tr>\n<td rowspan=\"10\">Technisch<\/td>\n<td width=\"177\">Dimension<br \/>\n(H x B x T)<\/td>\n<td width=\"681\">93 \u00d7 95 \u00d7 157 mm (H x B x T)<\/td>\n<\/tr>\n<tr>\n<td width=\"177\">Gewicht<\/td>\n<td width=\"681\">298,5 g, ohne Kabel<\/td>\n<\/tr>\n<tr>\n<td width=\"177\">Kabel<\/td>\n<td width=\"681\">\u00a0Gerade 2,0 m<\/td>\n<\/tr>\n<tr>\n<td width=\"177\">Steckertyp<\/td>\n<td width=\"681\">\u00a0RJ-45 Telefonbuchsenanschluss<\/td>\n<\/tr>\n<tr>\n<td width=\"177\">Material des Geh\u00e4uses<\/td>\n<td width=\"681\">PC+ABS<\/td>\n<\/tr>\n<tr>\n<td width=\"177\">Indikator<\/td>\n<td width=\"681\">Piepser, LED<\/td>\n<\/tr>\n<tr>\n<td width=\"177\">Unterst\u00fctzte Schnittstellen<\/td>\n<td width=\"681\">Tastatur-Wedge, RS-232, USB-Tastatur, USB virtual COM<\/td>\n<\/tr>\n<tr>\n<td>Betriebsart<\/td>\n<td>Handgehalten, automatische Erkennung<\/td>\n<\/tr>\n<tr>\n<td>Programmiermethode<\/td>\n<td>Manuell (Lesen eines speziellen Barcodes)<\/td>\n<\/tr>\n<tr>\n<td>Programm-Upgrade<\/td>\n<td>Online<\/td>\n<\/tr>\n<\/tbody>\n<\/table>\n<p>SIMPO-DATA ist ein f\u00fchrender Hightech-Hersteller, der sich auf die Entwicklung, die Produktion, den Vertrieb und den Service von fortschrittlichen POS-Systemen (Point of Sale) spezialisiert hat. Mit mehr als einem Jahrzehnt fundierter Branchenerfahrung haben wir uns einen soliden Ruf f\u00fcr die Bereitstellung zuverl\u00e4ssiger, innovativer und leistungsstarker POS-L\u00f6sungen f\u00fcr Kunden weltweit erworben.<\/p>\n<p>Seit unserer Gr\u00fcndung halten wir uns an die Gesch\u00e4ftsphilosophie \"Qualit\u00e4t schafft den Markt, Innovation schafft die Zukunft\". Dieses Engagement treibt uns an, unsere Produkte kontinuierlich zu verbessern und unser Angebot zu erweitern, um die vielf\u00e4ltigen Anforderungen der globalen M\u00e4rkte zu erf\u00fcllen. Unser umfassendes Produktportfolio deckt ein breites Spektrum an Branchen ab, darunter Einzelhandel, Restaurant, Supermarkt, Gastgewerbe, Lebensmittel- und Getr\u00e4nkeindustrie sowie Logistik. Egal, ob Sie ein kleines Gesch\u00e4ft f\u00fchren oder eine gro\u00dfe Handelskette leiten, SIMPO-DATA hat die richtige POS-L\u00f6sung f\u00fcr Sie.<\/p>\n<p>Umfangreiche Produktpalette<br \/>\nUnsere POS-Produktlinie umfasst All-in-One-POS-Terminals, Touchscreen-Monitore, Thermo-Bondrucker, Barcode-Scanner, Kassenschubladen und mobile POS-Ger\u00e4te. Wir bieten sowohl komplette, integrierte POS-Systeme als auch einzelne Komponenten an, so dass Sie die L\u00f6sung, die am besten zu Ihrem Gesch\u00e4ftsmodell passt, individuell anpassen k\u00f6nnen.Zus\u00e4tzlich zu K1 Scanner \uff0c<a href=\"https:\/\/simpo-datatec.com\/de\/products\/\" target=\"_blank\" rel=\"noopener\">Klicken Sie hier, um weitere Produkte zu sehen.<\/a><\/p>\n<p>Innovation als Kernst\u00fcck<br \/>\nUnser professionelles Forschungs- und Entwicklungsteam setzt sich f\u00fcr kontinuierliche Innovationen in den Bereichen Design, Leistung und Benutzerfreundlichkeit ein. Indem wir den Markttrends und technologischen Fortschritten immer einen Schritt voraus sind, stellen wir sicher, dass SIMPO-DATA Produkte wettbewerbsf\u00e4hig und zukunftssicher bleiben. Jedes Produkt wird mit viel Liebe zum Detail entwickelt - von ergonomischem Design und intuitiven Schnittstellen bis hin zu stabiler Systemleistung und Energieeffizienz.<\/p>\n<p>Qualit\u00e4t, der Sie vertrauen k\u00f6nnen<br \/>\nQualit\u00e4t ist unser oberstes Gebot. Von der Auswahl des Rohmaterials bis zur Endfertigung unterliegt jeder Schritt strengen Qualit\u00e4tskontrollen. Unsere Produktionsst\u00e4tten sind mit fortschrittlichen Pr\u00fcfger\u00e4ten ausgestattet, um sicherzustellen, dass jedes Produkt den internationalen Qualit\u00e4tsstandards entspricht und eine lange Lebensdauer hat.<\/p>\n<p>Globaler Service und Unterst\u00fctzung<br \/>\nBei SIMPO-DATA verkaufen wir nicht nur Produkte, sondern bieten auch Komplettl\u00f6sungen und zuverl\u00e4ssigen Kundendienst. Unser Team aus erfahrenen Ingenieuren und Kundendienstspezialisten steht Ihnen bei der Installation, Schulung, Wartung und technischen Unterst\u00fctzung zur Seite. Unser Ziel ist es, unseren Partnern zu helfen, die Effizienz zu maximieren, Kosten zu senken und die Kundenzufriedenheit zu erh\u00f6hen.<\/p>\n<p>Warum SIMPO-DATA w\u00e4hlen?<\/p>\n<p>\u00dcber 10 Jahre Erfahrung in der POS-Branche<\/p>\n<p>Starke FuE-Kapazit\u00e4ten mit kontinuierlicher Innovation<\/p>\n<p>Umfassende Produktpalette f\u00fcr mehrere Branchen<\/p>\n<p>Strenge Qualit\u00e4tskontrolle und Einhaltung internationaler Normen<\/p>\n<p>Professionelles globales Team f\u00fcr Vertrieb und technischen Support<\/p>\n<p>Gehen Sie eine Partnerschaft mit SIMPO-DATA ein und lassen Sie unsere POS-L\u00f6sungen Ihre Gesch\u00e4ftsabl\u00e4ufe unterst\u00fctzen. Gemeinsam k\u00f6nnen wir Ihnen helfen, Transaktionen zu rationalisieren, die betriebliche Effizienz zu verbessern und au\u00dfergew\u00f6hnliche Kundenerlebnisse zu bieten.<\/p>","protected":false},"excerpt":{"rendered":"<p>1D\/2D-Scanner mit automatischer Erkennung<br \/>\nAbtastwinkel \u00b1 70\u00b0, \u00b1 70\u00b0, 360\u00b0 (Schr\u00e4glage, Neigung, Drehung)<br \/>\nEingangsspannung 4,6V bis 5,5V DC<\/p>","protected":false},"featured_media":784,"comment_status":"open","ping_status":"closed","template":"","meta":[],"product_brand":[],"product_cat":[178,17],"product_tag":[],"class_list":{"0":"post-783","1":"product","2":"type-product","3":"status-publish","4":"has-post-thumbnail","6":"product_cat-barcode-scanner","7":"product_cat-uncategorized","9":"first","10":"instock","11":"shipping-taxable","12":"product-type-simple"},"yoast_head":"<!-- This site is optimized with the Yoast SEO plugin v27.3 - https:\/\/yoast.com\/product\/yoast-seo-wordpress\/ -->\n<title>K1 Scanner - simpo-datatec.com<\/title>\n<meta name=\"description\" content=\"K1 Scanner - all-in-one POS terminals, touch screen monitors, thermal receipt printers, barcode scanners, cash drawers, and mobile POS devices\" \/>\n<meta name=\"robots\" content=\"index, follow, max-snippet:-1, max-image-preview:large, max-video-preview:-1\" \/>\n<link rel=\"canonical\" href=\"https:\/\/simpo-datatec.com\/de\/products\/product\/barcode-scanner\/k1-scanner\/\" \/>\n<meta property=\"og:locale\" content=\"de_DE\" \/>\n<meta property=\"og:type\" content=\"article\" \/>\n<meta property=\"og:title\" content=\"K1 Scanner - simpo-datatec.com\" \/>\n<meta property=\"og:description\" content=\"K1 Scanner - all-in-one POS terminals, touch screen monitors, thermal receipt printers, barcode scanners, cash drawers, and mobile POS devices\" \/>\n<meta property=\"og:url\" content=\"https:\/\/simpo-datatec.com\/de\/products\/product\/barcode-scanner\/k1-scanner\/\" \/>\n<meta property=\"og:site_name\" content=\"simpo-datatec.com\" \/>\n<meta property=\"article:modified_time\" content=\"2025-08-09T02:13:37+00:00\" \/>\n<meta property=\"og:image\" content=\"https:\/\/simpo-datatec.com\/wp-content\/uploads\/2024\/10\/1-500x500-27.jpg\" \/>\n\t<meta property=\"og:image:width\" content=\"500\" \/>\n\t<meta property=\"og:image:height\" content=\"500\" \/>\n\t<meta property=\"og:image:type\" content=\"image\/jpeg\" \/>\n<meta name=\"twitter:card\" content=\"summary_large_image\" \/>\n<meta name=\"twitter:label1\" content=\"Gesch\u00e4tzte Lesezeit\" \/>\n\t<meta name=\"twitter:data1\" content=\"4\u00a0Minuten\" \/>\n<script type=\"application\/ld+json\" class=\"yoast-schema-graph\">{\"@context\":\"https:\\\/\\\/schema.org\",\"@graph\":[{\"@type\":\"WebPage\",\"@id\":\"https:\\\/\\\/simpo-datatec.com\\\/ru\\\/products\\\/product\\\/barcode-scanner\\\/k1-scanner\\\/\",\"url\":\"https:\\\/\\\/simpo-datatec.com\\\/ru\\\/products\\\/product\\\/barcode-scanner\\\/k1-scanner\\\/\",\"name\":\"K1 Scanner - simpo-datatec.com\",\"isPartOf\":{\"@id\":\"https:\\\/\\\/simpo-datatec.com\\\/#website\"},\"primaryImageOfPage\":{\"@id\":\"https:\\\/\\\/simpo-datatec.com\\\/ru\\\/products\\\/product\\\/barcode-scanner\\\/k1-scanner\\\/#primaryimage\"},\"image\":{\"@id\":\"https:\\\/\\\/simpo-datatec.com\\\/ru\\\/products\\\/product\\\/barcode-scanner\\\/k1-scanner\\\/#primaryimage\"},\"thumbnailUrl\":\"https:\\\/\\\/simpo-datatec.com\\\/wp-content\\\/uploads\\\/2024\\\/10\\\/1-500x500-27.jpg\",\"datePublished\":\"2024-10-10T09:34:53+00:00\",\"dateModified\":\"2025-08-09T02:13:37+00:00\",\"description\":\"K1 Scanner - all-in-one POS terminals, touch screen monitors, thermal receipt printers, barcode scanners, cash drawers, and mobile POS devices\",\"breadcrumb\":{\"@id\":\"https:\\\/\\\/simpo-datatec.com\\\/ru\\\/products\\\/product\\\/barcode-scanner\\\/k1-scanner\\\/#breadcrumb\"},\"inLanguage\":\"de\",\"potentialAction\":[{\"@type\":\"ReadAction\",\"target\":[\"https:\\\/\\\/simpo-datatec.com\\\/ru\\\/products\\\/product\\\/barcode-scanner\\\/k1-scanner\\\/\"]}]},{\"@type\":\"ImageObject\",\"inLanguage\":\"de\",\"@id\":\"https:\\\/\\\/simpo-datatec.com\\\/ru\\\/products\\\/product\\\/barcode-scanner\\\/k1-scanner\\\/#primaryimage\",\"url\":\"https:\\\/\\\/simpo-datatec.com\\\/wp-content\\\/uploads\\\/2024\\\/10\\\/1-500x500-27.jpg\",\"contentUrl\":\"https:\\\/\\\/simpo-datatec.com\\\/wp-content\\\/uploads\\\/2024\\\/10\\\/1-500x500-27.jpg\",\"width\":500,\"height\":500,\"caption\":\"K1 Scanner\"},{\"@type\":\"BreadcrumbList\",\"@id\":\"https:\\\/\\\/simpo-datatec.com\\\/ru\\\/products\\\/product\\\/barcode-scanner\\\/k1-scanner\\\/#breadcrumb\",\"itemListElement\":[{\"@type\":\"ListItem\",\"position\":1,\"name\":\"\u9996\u9875\",\"item\":\"https:\\\/\\\/simpo-datatec.com\\\/\"},{\"@type\":\"ListItem\",\"position\":2,\"name\":\"Products\",\"item\":\"https:\\\/\\\/simpo-datatec.com\\\/products\\\/\"},{\"@type\":\"ListItem\",\"position\":3,\"name\":\"K1 Scanner\"}]},{\"@type\":\"WebSite\",\"@id\":\"https:\\\/\\\/simpo-datatec.com\\\/#website\",\"url\":\"https:\\\/\\\/simpo-datatec.com\\\/\",\"name\":\"simpo-datatec.com\",\"description\":\"\",\"potentialAction\":[{\"@type\":\"SearchAction\",\"target\":{\"@type\":\"EntryPoint\",\"urlTemplate\":\"https:\\\/\\\/simpo-datatec.com\\\/?s={search_term_string}\"},\"query-input\":{\"@type\":\"PropertyValueSpecification\",\"valueRequired\":true,\"valueName\":\"search_term_string\"}}],\"inLanguage\":\"de\"}]}<\/script>\n<!-- \/ Yoast SEO plugin. -->","yoast_head_json":{"title":"K1 Scanner - simpo-datatec.com","description":"K1 Scanner - all-in-one POS terminals, touch screen monitors, thermal receipt printers, barcode scanners, cash drawers, and mobile POS devices","robots":{"index":"index","follow":"follow","max-snippet":"max-snippet:-1","max-image-preview":"max-image-preview:large","max-video-preview":"max-video-preview:-1"},"canonical":"https:\/\/simpo-datatec.com\/de\/products\/product\/barcode-scanner\/k1-scanner\/","og_locale":"de_DE","og_type":"article","og_title":"K1 Scanner - simpo-datatec.com","og_description":"K1 Scanner - all-in-one POS terminals, touch screen monitors, thermal receipt printers, barcode scanners, cash drawers, and mobile POS devices","og_url":"https:\/\/simpo-datatec.com\/de\/products\/product\/barcode-scanner\/k1-scanner\/","og_site_name":"simpo-datatec.com","article_modified_time":"2025-08-09T02:13:37+00:00","og_image":[{"width":500,"height":500,"url":"https:\/\/simpo-datatec.com\/wp-content\/uploads\/2024\/10\/1-500x500-27.jpg","type":"image\/jpeg"}],"twitter_card":"summary_large_image","twitter_misc":{"Gesch\u00e4tzte Lesezeit":"4\u00a0Minuten"},"schema":{"@context":"https:\/\/schema.org","@graph":[{"@type":"WebPage","@id":"https:\/\/simpo-datatec.com\/ru\/products\/product\/barcode-scanner\/k1-scanner\/","url":"https:\/\/simpo-datatec.com\/ru\/products\/product\/barcode-scanner\/k1-scanner\/","name":"K1 Scanner - simpo-datatec.com","isPartOf":{"@id":"https:\/\/simpo-datatec.com\/#website"},"primaryImageOfPage":{"@id":"https:\/\/simpo-datatec.com\/ru\/products\/product\/barcode-scanner\/k1-scanner\/#primaryimage"},"image":{"@id":"https:\/\/simpo-datatec.com\/ru\/products\/product\/barcode-scanner\/k1-scanner\/#primaryimage"},"thumbnailUrl":"https:\/\/simpo-datatec.com\/wp-content\/uploads\/2024\/10\/1-500x500-27.jpg","datePublished":"2024-10-10T09:34:53+00:00","dateModified":"2025-08-09T02:13:37+00:00","description":"K1 Scanner - all-in-one POS terminals, touch screen monitors, thermal receipt printers, barcode scanners, cash drawers, and mobile POS devices","breadcrumb":{"@id":"https:\/\/simpo-datatec.com\/ru\/products\/product\/barcode-scanner\/k1-scanner\/#breadcrumb"},"inLanguage":"de","potentialAction":[{"@type":"ReadAction","target":["https:\/\/simpo-datatec.com\/ru\/products\/product\/barcode-scanner\/k1-scanner\/"]}]},{"@type":"ImageObject","inLanguage":"de","@id":"https:\/\/simpo-datatec.com\/ru\/products\/product\/barcode-scanner\/k1-scanner\/#primaryimage","url":"https:\/\/simpo-datatec.com\/wp-content\/uploads\/2024\/10\/1-500x500-27.jpg","contentUrl":"https:\/\/simpo-datatec.com\/wp-content\/uploads\/2024\/10\/1-500x500-27.jpg","width":500,"height":500,"caption":"K1 Scanner"},{"@type":"BreadcrumbList","@id":"https:\/\/simpo-datatec.com\/ru\/products\/product\/barcode-scanner\/k1-scanner\/#breadcrumb","itemListElement":[{"@type":"ListItem","position":1,"name":"\u9996\u9875","item":"https:\/\/simpo-datatec.com\/"},{"@type":"ListItem","position":2,"name":"Products","item":"https:\/\/simpo-datatec.com\/products\/"},{"@type":"ListItem","position":3,"name":"K1 Scanner"}]},{"@type":"WebSite","@id":"https:\/\/simpo-datatec.com\/#website","url":"https:\/\/simpo-datatec.com\/","name":"simpo-datatec.com","description":"","potentialAction":[{"@type":"SearchAction","target":{"@type":"EntryPoint","urlTemplate":"https:\/\/simpo-datatec.com\/?s={search_term_string}"},"query-input":{"@type":"PropertyValueSpecification","valueRequired":true,"valueName":"search_term_string"}}],"inLanguage":"de"}]}},"_links":{"self":[{"href":"https:\/\/simpo-datatec.com\/de\/wp-json\/wp\/v2\/product\/783","targetHints":{"allow":["GET"]}}],"collection":[{"href":"https:\/\/simpo-datatec.com\/de\/wp-json\/wp\/v2\/product"}],"about":[{"href":"https:\/\/simpo-datatec.com\/de\/wp-json\/wp\/v2\/types\/product"}],"replies":[{"embeddable":true,"href":"https:\/\/simpo-datatec.com\/de\/wp-json\/wp\/v2\/comments?post=783"}],"wp:featuredmedia":[{"embeddable":true,"href":"https:\/\/simpo-datatec.com\/de\/wp-json\/wp\/v2\/media\/784"}],"wp:attachment":[{"href":"https:\/\/simpo-datatec.com\/de\/wp-json\/wp\/v2\/media?parent=783"}],"wp:term":[{"taxonomy":"product_brand","embeddable":true,"href":"https:\/\/simpo-datatec.com\/de\/wp-json\/wp\/v2\/product_brand?post=783"},{"taxonomy":"product_cat","embeddable":true,"href":"https:\/\/simpo-datatec.com\/de\/wp-json\/wp\/v2\/product_cat?post=783"},{"taxonomy":"product_tag","embeddable":true,"href":"https:\/\/simpo-datatec.com\/de\/wp-json\/wp\/v2\/product_tag?post=783"}],"curies":[{"name":"wp","href":"https:\/\/api.w.org\/{rel}","templated":true}]}}