{"id":723,"date":"2024-10-10T17:19:00","date_gmt":"2024-10-10T09:19:00","guid":{"rendered":"https:\/\/simpo-datatec.com\/?post_type=product&#038;p=723"},"modified":"2025-08-09T14:35:29","modified_gmt":"2025-08-09T06:35:29","slug":"p80-5-80mm-thermal-printer","status":"publish","type":"product","link":"https:\/\/simpo-datatec.com\/de\/products\/product\/thermal-printer\/p80-5-80mm-thermal-printer\/","title":{"rendered":"P80-5 80mm Thermodrucker"},"content":{"rendered":"<table width=\"972\">\n<tbody>\n<tr>\n<td colspan=\"2\" width=\"341\">Artikel<\/td>\n<td width=\"631\">Parameter<\/td>\n<\/tr>\n<tr>\n<td rowspan=\"6\" width=\"148\">Drucken<\/td>\n<td width=\"192\">Methode drucken<\/td>\n<td width=\"631\">Direkter thermischer Zeilendruck<\/td>\n<\/tr>\n<tr>\n<td width=\"192\">Aufl\u00f6sung<\/td>\n<td width=\"631\">180\u00d7180 DPI<\/td>\n<\/tr>\n<tr>\n<td width=\"192\">Druckbreite<\/td>\n<td width=\"631\">64\/72mm<\/td>\n<\/tr>\n<tr>\n<td width=\"192\">Druckgeschwindigkeit<\/td>\n<td width=\"631\">Max. 200mm\/s<\/td>\n<\/tr>\n<tr>\n<td width=\"192\">Speicher<\/td>\n<td width=\"631\">RAM:2MB, FLASH:2MB(Standard)<\/td>\n<\/tr>\n<tr>\n<td width=\"192\">Schnittstelle<\/td>\n<td width=\"631\">Optional: Seriell, Parallel, USB, Ethernet<\/td>\n<\/tr>\n<tr>\n<td rowspan=\"5\" width=\"148\">Barcode&amp; Schriftart<\/td>\n<td rowspan=\"2\" width=\"192\">Barcode<\/td>\n<td width=\"631\">1D:UPC-A,UPC-E,EAN8,EAN13,CODE39,CODE93,CODE128,ITF,CODABAR<\/td>\n<\/tr>\n<tr>\n<td width=\"631\">2D:PDF417,QR<\/td>\n<\/tr>\n<tr>\n<td width=\"192\">Schriftart<\/td>\n<td width=\"631\">Schriftart A(12\u00d724), Schriftart B(9\u00d717), Kanji-Schrift\uff0824\u00d724\uff09<\/td>\n<\/tr>\n<tr>\n<td width=\"192\">Zeichensatz<\/td>\n<td width=\"631\">95 Alphanumerische Zeichen, 13 Arten von internationalen Zeichen, traditionelles Chinesisch, vereinfachtes Chinesisch, Japanisch, Koreanisch (optional)<\/td>\n<\/tr>\n<tr>\n<td width=\"192\">Zeichen pro Zeile<\/td>\n<td width=\"631\">48-Schrift A\/64-Schrift B<\/td>\n<\/tr>\n<tr>\n<td rowspan=\"4\" width=\"148\">Papier<\/td>\n<td width=\"192\">Methode der Papierversorgung<\/td>\n<td width=\"631\">Einlegen von Papier<\/td>\n<\/tr>\n<tr>\n<td width=\"192\">Breite des Papiers<\/td>\n<td width=\"631\">Papierbreite: 79,5 \u00b10,5<\/td>\n<\/tr>\n<tr>\n<td width=\"192\">Dicke des Papiers<\/td>\n<td width=\"631\">0,06~0,08mm<\/td>\n<\/tr>\n<tr>\n<td width=\"192\">Papierrolle OD<\/td>\n<td width=\"631\">Max.83mm<\/td>\n<\/tr>\n<tr>\n<td rowspan=\"3\" width=\"148\">Stromversorgung<\/td>\n<td width=\"192\">Eingabe<\/td>\n<td width=\"631\">AC100~220V, 50~60Hz<\/td>\n<\/tr>\n<tr>\n<td width=\"192\">Ausgabe<\/td>\n<td width=\"631\">DC 24V\/1,5A<\/td>\n<\/tr>\n<tr>\n<td width=\"192\">Kassenschublade aus<\/td>\n<td width=\"631\">DC 12V\/1A<\/td>\n<\/tr>\n<tr>\n<td rowspan=\"2\" width=\"148\">Verl\u00e4sslichkeit<\/td>\n<td width=\"192\">Lebensdauer des Druckkopfs<\/td>\n<td width=\"631\">150Km<\/td>\n<\/tr>\n<tr>\n<td width=\"192\">Lebensdauer des Cutters<\/td>\n<td width=\"631\">1.500.000 Schnitte (Vollschnitt, Papierst\u00e4rke: 0,07 mm)<\/td>\n<\/tr>\n<tr>\n<td rowspan=\"2\" width=\"148\">Umwelt<\/td>\n<td width=\"192\">Betriebsbedingung<\/td>\n<td width=\"631\">5\uff5e45\u2103, 20\uff5e90%RH<\/td>\n<\/tr>\n<tr>\n<td width=\"192\">Zustand der Lagerung<\/td>\n<td width=\"631\">-40\uff5e60\u2103, 20\uff5e93% RH<\/td>\n<\/tr>\n<tr>\n<td rowspan=\"2\" width=\"148\">Physik-Spez.<\/td>\n<td width=\"192\">Abmessungen<\/td>\n<td width=\"631\">200(L)\u00d7145(W)\u00d7145(H)mm<\/td>\n<\/tr>\n<tr>\n<td width=\"192\">Gewicht<\/td>\n<td width=\"631\">Ca.1.45Kg<\/td>\n<\/tr>\n<\/tbody>\n<\/table>\n<p>SIMPO-DATA ist ein f\u00fchrender Hightech-Hersteller, der sich auf die Entwicklung, die Produktion, den Vertrieb und den Service von fortschrittlichen POS-Systemen (Point of Sale) spezialisiert hat. Mit mehr als einem Jahrzehnt fundierter Branchenerfahrung haben wir uns einen soliden Ruf f\u00fcr die Bereitstellung zuverl\u00e4ssiger, innovativer und leistungsstarker POS-L\u00f6sungen f\u00fcr Kunden weltweit erworben.<\/p>\n<p>Seit unserer Gr\u00fcndung halten wir uns an die Gesch\u00e4ftsphilosophie \"Qualit\u00e4t schafft den Markt, Innovation schafft die Zukunft\". Dieses Engagement treibt uns an, unsere Produkte kontinuierlich zu verbessern und unser Angebot zu erweitern, um die vielf\u00e4ltigen Anforderungen der globalen M\u00e4rkte zu erf\u00fcllen. Unser umfassendes Produktportfolio deckt ein breites Spektrum an Branchen ab, darunter Einzelhandel, Restaurant, Supermarkt, Gastgewerbe, Lebensmittel- und Getr\u00e4nkeindustrie sowie Logistik. Egal, ob Sie ein kleines Gesch\u00e4ft f\u00fchren oder eine gro\u00dfe Handelskette leiten, SIMPO-DATA hat die richtige POS-L\u00f6sung f\u00fcr Sie.<\/p>\n<p>Umfangreiche Produktpalette<br \/>\nUnsere POS-Produktlinie umfasst All-in-One-POS-Terminals, Touchscreen-Monitore, Thermo-Bondrucker, Barcode-Scanner, Kassenschubladen und mobile POS-Ger\u00e4te. Wir bieten sowohl komplette, integrierte POS-Systeme als auch einzelne Komponenten an, so dass Sie die L\u00f6sung anpassen k\u00f6nnen, die am besten zu Ihrem Gesch\u00e4ftsmodell passt.Zus\u00e4tzlich zu S15 Foldable POS TERMINAL\uff0c<a href=\"https:\/\/simpo-datatec.com\/de\/products\/\" target=\"_blank\" rel=\"noopener\">Klicken Sie hier, um weitere Produkte zu sehen.<\/a><\/p>\n<p>Innovation als Kernst\u00fcck<br \/>\nUnser professionelles Forschungs- und Entwicklungsteam setzt sich f\u00fcr kontinuierliche Innovationen in den Bereichen Design, Leistung und Benutzerfreundlichkeit ein. Indem wir den Markttrends und technologischen Fortschritten immer einen Schritt voraus sind, stellen wir sicher, dass SIMPO-DATA Produkte wettbewerbsf\u00e4hig und zukunftssicher bleiben. Jedes Produkt wird mit viel Liebe zum Detail entwickelt - von ergonomischem Design und intuitiven Schnittstellen bis hin zu stabiler Systemleistung und Energieeffizienz.<\/p>\n<p>Qualit\u00e4t, der Sie vertrauen k\u00f6nnen<br \/>\nQualit\u00e4t ist unser oberstes Gebot. Von der Auswahl des Rohmaterials bis zur Endfertigung unterliegt jeder Schritt strengen Qualit\u00e4tskontrollen. Unsere Produktionsst\u00e4tten sind mit fortschrittlichen Pr\u00fcfger\u00e4ten ausgestattet, um sicherzustellen, dass jedes Produkt den internationalen Qualit\u00e4tsstandards entspricht und eine lange Lebensdauer hat.<\/p>\n<p>Globaler Service und Unterst\u00fctzung<br \/>\nBei SIMPO-DATA verkaufen wir nicht nur Produkte, sondern bieten auch Komplettl\u00f6sungen und zuverl\u00e4ssigen Kundendienst. Unser Team aus erfahrenen Ingenieuren und Kundendienstspezialisten steht Ihnen bei der Installation, Schulung, Wartung und technischen Unterst\u00fctzung zur Seite. Unser Ziel ist es, unseren Partnern zu helfen, die Effizienz zu maximieren, Kosten zu senken und die Kundenzufriedenheit zu erh\u00f6hen.<\/p>\n<p>Warum SIMPO-DATA w\u00e4hlen?<\/p>\n<p>\u00dcber 10 Jahre Erfahrung in der POS-Branche<\/p>\n<p>Starke FuE-Kapazit\u00e4ten mit kontinuierlicher Innovation<\/p>\n<p>Umfassende Produktpalette f\u00fcr mehrere Branchen<\/p>\n<p>Strenge Qualit\u00e4tskontrolle und Einhaltung internationaler Normen<\/p>\n<p>Professionelles globales Team f\u00fcr Vertrieb und technischen Support<\/p>\n<p>Gehen Sie eine Partnerschaft mit SIMPO-DATA ein und lassen Sie unsere POS-L\u00f6sungen Ihre Gesch\u00e4ftsabl\u00e4ufe unterst\u00fctzen. Gemeinsam k\u00f6nnen wir Ihnen helfen, Transaktionen zu rationalisieren, die betriebliche Effizienz zu verbessern und au\u00dfergew\u00f6hnliche Kundenerlebnisse zu bieten.<\/p>","protected":false},"excerpt":{"rendered":"<p>80mm Thermodrucker<br \/>\nSelbstschneider Typ<br \/>\nDruckgeschwindigkeit 200mm\/s<br \/>\n1.500.000 Schnitte Lebensdauer des Cutters<br \/>\nLebensdauer des Druckkopfs 150 km<\/p>","protected":false},"featured_media":724,"comment_status":"open","ping_status":"closed","template":"","meta":[],"product_brand":[],"product_cat":[176,17],"product_tag":[],"class_list":{"0":"post-723","1":"product","2":"type-product","3":"status-publish","4":"has-post-thumbnail","6":"product_cat-thermal-printer","7":"product_cat-uncategorized","9":"first","10":"instock","11":"shipping-taxable","12":"product-type-simple"},"yoast_head":"<!-- This site is optimized with the Yoast SEO plugin v27.3 - https:\/\/yoast.com\/product\/yoast-seo-wordpress\/ -->\n<title>P80-5 80mm Thermal printer - simpo-datatec.com<\/title>\n<meta name=\"description\" content=\"P80-5 80mm Thermal printer %all-in-one POS terminals, touch screen monitors, thermal receipt printers, barcode scanners, cash drawers\" \/>\n<meta name=\"robots\" content=\"index, follow, max-snippet:-1, max-image-preview:large, max-video-preview:-1\" \/>\n<link rel=\"canonical\" href=\"https:\/\/simpo-datatec.com\/de\/products\/product\/thermal-printer\/p80-5-80mm-thermal-printer\/\" \/>\n<meta property=\"og:locale\" content=\"de_DE\" \/>\n<meta property=\"og:type\" content=\"article\" \/>\n<meta property=\"og:title\" content=\"P80-5 80mm Thermal printer - simpo-datatec.com\" \/>\n<meta property=\"og:description\" content=\"P80-5 80mm Thermal printer %all-in-one POS terminals, touch screen monitors, thermal receipt printers, barcode scanners, cash drawers\" \/>\n<meta property=\"og:url\" content=\"https:\/\/simpo-datatec.com\/de\/products\/product\/thermal-printer\/p80-5-80mm-thermal-printer\/\" \/>\n<meta property=\"og:site_name\" content=\"simpo-datatec.com\" \/>\n<meta property=\"article:modified_time\" content=\"2025-08-09T06:35:29+00:00\" \/>\n<meta property=\"og:image\" content=\"https:\/\/simpo-datatec.com\/wp-content\/uploads\/2024\/10\/1-500x500-15.jpg\" \/>\n\t<meta property=\"og:image:width\" content=\"500\" \/>\n\t<meta property=\"og:image:height\" content=\"500\" \/>\n\t<meta property=\"og:image:type\" content=\"image\/jpeg\" \/>\n<meta name=\"twitter:card\" content=\"summary_large_image\" \/>\n<meta name=\"twitter:label1\" content=\"Gesch\u00e4tzte Lesezeit\" \/>\n\t<meta name=\"twitter:data1\" content=\"3\u00a0Minuten\" \/>\n<script type=\"application\/ld+json\" class=\"yoast-schema-graph\">{\"@context\":\"https:\\\/\\\/schema.org\",\"@graph\":[{\"@type\":\"WebPage\",\"@id\":\"https:\\\/\\\/simpo-datatec.com\\\/products\\\/product\\\/thermal-printer\\\/p80-5-80mm-thermal-printer\\\/\",\"url\":\"https:\\\/\\\/simpo-datatec.com\\\/products\\\/product\\\/thermal-printer\\\/p80-5-80mm-thermal-printer\\\/\",\"name\":\"P80-5 80mm Thermal printer - simpo-datatec.com\",\"isPartOf\":{\"@id\":\"https:\\\/\\\/simpo-datatec.com\\\/#website\"},\"primaryImageOfPage\":{\"@id\":\"https:\\\/\\\/simpo-datatec.com\\\/products\\\/product\\\/thermal-printer\\\/p80-5-80mm-thermal-printer\\\/#primaryimage\"},\"image\":{\"@id\":\"https:\\\/\\\/simpo-datatec.com\\\/products\\\/product\\\/thermal-printer\\\/p80-5-80mm-thermal-printer\\\/#primaryimage\"},\"thumbnailUrl\":\"https:\\\/\\\/simpo-datatec.com\\\/wp-content\\\/uploads\\\/2024\\\/10\\\/1-500x500-15.jpg\",\"datePublished\":\"2024-10-10T09:19:00+00:00\",\"dateModified\":\"2025-08-09T06:35:29+00:00\",\"description\":\"P80-5 80mm Thermal printer %all-in-one POS terminals, touch screen monitors, thermal receipt printers, barcode scanners, cash drawers\",\"breadcrumb\":{\"@id\":\"https:\\\/\\\/simpo-datatec.com\\\/products\\\/product\\\/thermal-printer\\\/p80-5-80mm-thermal-printer\\\/#breadcrumb\"},\"inLanguage\":\"de\",\"potentialAction\":[{\"@type\":\"ReadAction\",\"target\":[\"https:\\\/\\\/simpo-datatec.com\\\/products\\\/product\\\/thermal-printer\\\/p80-5-80mm-thermal-printer\\\/\"]}]},{\"@type\":\"ImageObject\",\"inLanguage\":\"de\",\"@id\":\"https:\\\/\\\/simpo-datatec.com\\\/products\\\/product\\\/thermal-printer\\\/p80-5-80mm-thermal-printer\\\/#primaryimage\",\"url\":\"https:\\\/\\\/simpo-datatec.com\\\/wp-content\\\/uploads\\\/2024\\\/10\\\/1-500x500-15.jpg\",\"contentUrl\":\"https:\\\/\\\/simpo-datatec.com\\\/wp-content\\\/uploads\\\/2024\\\/10\\\/1-500x500-15.jpg\",\"width\":500,\"height\":500,\"caption\":\"P80-5 80mm Thermal printer\"},{\"@type\":\"BreadcrumbList\",\"@id\":\"https:\\\/\\\/simpo-datatec.com\\\/products\\\/product\\\/thermal-printer\\\/p80-5-80mm-thermal-printer\\\/#breadcrumb\",\"itemListElement\":[{\"@type\":\"ListItem\",\"position\":1,\"name\":\"\u9996\u9875\",\"item\":\"https:\\\/\\\/simpo-datatec.com\\\/\"},{\"@type\":\"ListItem\",\"position\":2,\"name\":\"Products\",\"item\":\"https:\\\/\\\/simpo-datatec.com\\\/products\\\/\"},{\"@type\":\"ListItem\",\"position\":3,\"name\":\"P80-5 80mm Thermal printer\"}]},{\"@type\":\"WebSite\",\"@id\":\"https:\\\/\\\/simpo-datatec.com\\\/#website\",\"url\":\"https:\\\/\\\/simpo-datatec.com\\\/\",\"name\":\"simpo-datatec.com\",\"description\":\"\",\"potentialAction\":[{\"@type\":\"SearchAction\",\"target\":{\"@type\":\"EntryPoint\",\"urlTemplate\":\"https:\\\/\\\/simpo-datatec.com\\\/?s={search_term_string}\"},\"query-input\":{\"@type\":\"PropertyValueSpecification\",\"valueRequired\":true,\"valueName\":\"search_term_string\"}}],\"inLanguage\":\"de\"}]}<\/script>\n<!-- \/ Yoast SEO plugin. -->","yoast_head_json":{"title":"P80-5 80mm Thermal printer - simpo-datatec.com","description":"P80-5 80mm Thermal printer %all-in-one POS terminals, touch screen monitors, thermal receipt printers, barcode scanners, cash drawers","robots":{"index":"index","follow":"follow","max-snippet":"max-snippet:-1","max-image-preview":"max-image-preview:large","max-video-preview":"max-video-preview:-1"},"canonical":"https:\/\/simpo-datatec.com\/de\/products\/product\/thermal-printer\/p80-5-80mm-thermal-printer\/","og_locale":"de_DE","og_type":"article","og_title":"P80-5 80mm Thermal printer - simpo-datatec.com","og_description":"P80-5 80mm Thermal printer %all-in-one POS terminals, touch screen monitors, thermal receipt printers, barcode scanners, cash drawers","og_url":"https:\/\/simpo-datatec.com\/de\/products\/product\/thermal-printer\/p80-5-80mm-thermal-printer\/","og_site_name":"simpo-datatec.com","article_modified_time":"2025-08-09T06:35:29+00:00","og_image":[{"width":500,"height":500,"url":"https:\/\/simpo-datatec.com\/wp-content\/uploads\/2024\/10\/1-500x500-15.jpg","type":"image\/jpeg"}],"twitter_card":"summary_large_image","twitter_misc":{"Gesch\u00e4tzte Lesezeit":"3\u00a0Minuten"},"schema":{"@context":"https:\/\/schema.org","@graph":[{"@type":"WebPage","@id":"https:\/\/simpo-datatec.com\/products\/product\/thermal-printer\/p80-5-80mm-thermal-printer\/","url":"https:\/\/simpo-datatec.com\/products\/product\/thermal-printer\/p80-5-80mm-thermal-printer\/","name":"P80-5 80mm Thermal printer - simpo-datatec.com","isPartOf":{"@id":"https:\/\/simpo-datatec.com\/#website"},"primaryImageOfPage":{"@id":"https:\/\/simpo-datatec.com\/products\/product\/thermal-printer\/p80-5-80mm-thermal-printer\/#primaryimage"},"image":{"@id":"https:\/\/simpo-datatec.com\/products\/product\/thermal-printer\/p80-5-80mm-thermal-printer\/#primaryimage"},"thumbnailUrl":"https:\/\/simpo-datatec.com\/wp-content\/uploads\/2024\/10\/1-500x500-15.jpg","datePublished":"2024-10-10T09:19:00+00:00","dateModified":"2025-08-09T06:35:29+00:00","description":"P80-5 80mm Thermal printer %all-in-one POS terminals, touch screen monitors, thermal receipt printers, barcode scanners, cash drawers","breadcrumb":{"@id":"https:\/\/simpo-datatec.com\/products\/product\/thermal-printer\/p80-5-80mm-thermal-printer\/#breadcrumb"},"inLanguage":"de","potentialAction":[{"@type":"ReadAction","target":["https:\/\/simpo-datatec.com\/products\/product\/thermal-printer\/p80-5-80mm-thermal-printer\/"]}]},{"@type":"ImageObject","inLanguage":"de","@id":"https:\/\/simpo-datatec.com\/products\/product\/thermal-printer\/p80-5-80mm-thermal-printer\/#primaryimage","url":"https:\/\/simpo-datatec.com\/wp-content\/uploads\/2024\/10\/1-500x500-15.jpg","contentUrl":"https:\/\/simpo-datatec.com\/wp-content\/uploads\/2024\/10\/1-500x500-15.jpg","width":500,"height":500,"caption":"P80-5 80mm Thermal printer"},{"@type":"BreadcrumbList","@id":"https:\/\/simpo-datatec.com\/products\/product\/thermal-printer\/p80-5-80mm-thermal-printer\/#breadcrumb","itemListElement":[{"@type":"ListItem","position":1,"name":"\u9996\u9875","item":"https:\/\/simpo-datatec.com\/"},{"@type":"ListItem","position":2,"name":"Products","item":"https:\/\/simpo-datatec.com\/products\/"},{"@type":"ListItem","position":3,"name":"P80-5 80mm Thermal printer"}]},{"@type":"WebSite","@id":"https:\/\/simpo-datatec.com\/#website","url":"https:\/\/simpo-datatec.com\/","name":"simpo-datatec.com","description":"","potentialAction":[{"@type":"SearchAction","target":{"@type":"EntryPoint","urlTemplate":"https:\/\/simpo-datatec.com\/?s={search_term_string}"},"query-input":{"@type":"PropertyValueSpecification","valueRequired":true,"valueName":"search_term_string"}}],"inLanguage":"de"}]}},"_links":{"self":[{"href":"https:\/\/simpo-datatec.com\/de\/wp-json\/wp\/v2\/product\/723","targetHints":{"allow":["GET"]}}],"collection":[{"href":"https:\/\/simpo-datatec.com\/de\/wp-json\/wp\/v2\/product"}],"about":[{"href":"https:\/\/simpo-datatec.com\/de\/wp-json\/wp\/v2\/types\/product"}],"replies":[{"embeddable":true,"href":"https:\/\/simpo-datatec.com\/de\/wp-json\/wp\/v2\/comments?post=723"}],"wp:featuredmedia":[{"embeddable":true,"href":"https:\/\/simpo-datatec.com\/de\/wp-json\/wp\/v2\/media\/724"}],"wp:attachment":[{"href":"https:\/\/simpo-datatec.com\/de\/wp-json\/wp\/v2\/media?parent=723"}],"wp:term":[{"taxonomy":"product_brand","embeddable":true,"href":"https:\/\/simpo-datatec.com\/de\/wp-json\/wp\/v2\/product_brand?post=723"},{"taxonomy":"product_cat","embeddable":true,"href":"https:\/\/simpo-datatec.com\/de\/wp-json\/wp\/v2\/product_cat?post=723"},{"taxonomy":"product_tag","embeddable":true,"href":"https:\/\/simpo-datatec.com\/de\/wp-json\/wp\/v2\/product_tag?post=723"}],"curies":[{"name":"wp","href":"https:\/\/api.w.org\/{rel}","templated":true}]}}