{"id":1701,"date":"2026-04-25T00:13:16","date_gmt":"2026-04-24T16:13:16","guid":{"rendered":"https:\/\/simpo-datatec.com\/?post_type=product&#038;p=1701"},"modified":"2026-04-25T00:13:16","modified_gmt":"2026-04-24T16:13:16","slug":"sp3403-8mp-ultra-wide-dynamic-dual-board-camera-module","status":"publish","type":"product","link":"https:\/\/simpo-datatec.com\/de\/produkt\/sp3403-8mp-ultra-wide-dynamic-dual-board-camera-module\/","title":{"rendered":"SP3403 8MP Ultra-wide Dynamic Dual-board Camera Module"},"content":{"rendered":"<ul>\n<li><b><\/b><strong><b>1\/1.2&#8243; 8-megapixel CMOS sensor<\/b><\/strong><\/li>\n<li><b><\/b><strong><b>Unterst\u00fctzt H.265+, H.265, H.264 Kodierung<\/b><\/strong><\/li>\n<li><b><\/b><strong><b>Supports image flip, backlight compensation, strong light suppression, 3D digital noise reduction, fog penetration, digital wide dynamic<\/b><\/strong><\/li>\n<li><b><\/b><strong><b>Supports standard ONVIF, GB28181, RTMP, HK, DH and other private protocols<\/b><\/strong><\/li>\n<li><b><\/b><strong><b>Provides SDK development kit, supports secondary development, supports CGI, HTTP, WEBSOCK protocol docking<\/b><\/strong><\/li>\n<li><b><\/b><strong><b>8GB memory, 16GB EMMC storage<\/b><\/strong><\/li>\n<li><b><\/b><strong><b>8T computing power<\/b><\/strong><\/li>\n<li><b><\/b><strong><b>Unterst\u00fctzt Google-Kernel-Browser ohne Plug-in<\/b><\/strong><\/li>\n<li><b><\/b><strong><b>Supports up to 4K 60fps<\/b><\/strong><\/li>\n<li><b><\/b><strong><b>Supports AIISP image enhancement, enhanced low noise effect<\/b><\/strong><\/li>\n<li><b><\/b><strong><b>Supports 140BD ultra-wide dynamic<\/b><\/strong><\/li>\n<li><b><\/b><strong><strong><b>Unterst\u00fctzt UVC<br \/>\n<\/b><\/strong><\/strong><\/p>\n<table>\n<tbody>\n<tr>\n<td colspan=\"2\" width=\"709\"><strong><b>Allgemein<\/b><\/strong><\/td>\n<\/tr>\n<tr>\n<td width=\"231\">CPU<\/td>\n<td width=\"477\">SS928V100(3403)<\/td>\n<\/tr>\n<tr>\n<td width=\"231\">Flash<\/td>\n<td width=\"477\">8GB +\u00a016GB\uff08\u00a0EMMC)<\/td>\n<\/tr>\n<tr>\n<td width=\"231\">Computing power<\/td>\n<td width=\"477\">8T<\/td>\n<\/tr>\n<tr>\n<td width=\"231\">Bildsensor<\/td>\n<td width=\"477\">800W 1\/1.2 IMX585 ultra-wide dynamic CMOS sensor, color: 0.0001Lux@F1.2, monochrome: 0.0001Lux@F1.2<\/td>\n<\/tr>\n<tr>\n<td width=\"231\">Watchdog<\/td>\n<td width=\"477\">Hardware watchdog<\/td>\n<\/tr>\n<tr>\n<td width=\"231\">Gro\u00dfer Dynamikbereich<\/td>\n<td width=\"477\">120\u00a0dB<\/td>\n<\/tr>\n<tr>\n<td colspan=\"2\" width=\"709\"><strong><b>Bild <\/b><\/strong><strong><b>P<\/b><\/strong><strong><b>arameter<\/b><\/strong><\/td>\n<\/tr>\n<tr>\n<td width=\"231\">Aufl\u00f6sung der Hauptstrom-Bildrate<\/td>\n<td width=\"477\">60 fps@\uff083840 \u00a0\u00d7 \u00a02160\u00a0\uff0c2880 \u00a0\u00d7 \u00a01620\u00a0\uff0c2560\u00d7 \u00a01440\u00a0\uff0c1920\u00d7\u00a0\u00a01080\uff09<\/td>\n<\/tr>\n<tr>\n<td width=\"231\">Aufl\u00f6sung der Sub-Stream-Bildrate<\/td>\n<td width=\"477\">60 fps@\uff08704\u00d7576\u00a0\uff0c640\u00a0\u00d7480\uff09<\/td>\n<\/tr>\n<tr>\n<td width=\"231\">Videokomprimierungsstandard<\/td>\n<td width=\"477\">H.265+\/H.265\/H.264<\/td>\n<\/tr>\n<tr>\n<td width=\"231\">Frame rate enhancement<\/td>\n<td width=\"477\">maximum support\u00a04K@60FPS<\/td>\n<\/tr>\n<tr>\n<td width=\"231\">Bitrate der Videokompression<\/td>\n<td width=\"477\">512\u00a0Kbps~32\u00a0Mbps<\/td>\n<\/tr>\n<tr>\n<td width=\"231\">Character &amp; watermark overlay<\/td>\n<td width=\"477\">Unterst\u00fctzung<\/td>\n<\/tr>\n<tr>\n<td width=\"231\">Fensterladen<\/td>\n<td width=\"477\">1\/12 sec bis 1\/100000 sec<\/td>\n<\/tr>\n<tr>\n<td width=\"231\">Rauschunterdr\u00fcckung<\/td>\n<td width=\"477\">3D\/2D-Rauschunterdr\u00fcckung<\/td>\n<\/tr>\n<tr>\n<td width=\"231\">Gro\u00dfer Dynamikbereich<\/td>\n<td width=\"477\">Unterst\u00fctzt digitales WDR<\/td>\n<\/tr>\n<tr>\n<td width=\"231\">Auto iris<\/td>\n<td width=\"477\">Supports DC IRIS auto iris<\/td>\n<\/tr>\n<tr>\n<td width=\"231\">Bild-Funktion<\/td>\n<td width=\"477\">Unterst\u00fctzt Gegenlichtkompensation, Unterdr\u00fcckung von starkem Licht, Durchdringung von Nebel, Antiflimmern, Objektivkorrektur, Spiegelung, Umklappen, Verst\u00e4rkung usw.<\/td>\n<\/tr>\n<tr>\n<td width=\"231\"><strong><b>Audio<\/b><\/strong><\/td>\n<td width=\"477\">&nbsp;<\/td>\n<\/tr>\n<tr>\n<td width=\"231\">Audio-Schnittstelle<\/td>\n<td width=\"477\">1 Eingang, unterst\u00fctzt Mikrofon- oder Tonabnehmereingang; 1 Ausgang, unterst\u00fctzt den Anschluss von Kopfh\u00f6rern oder Verst\u00e4rkern<\/td>\n<\/tr>\n<tr>\n<td width=\"231\">Audio-Komprimierungsstandard<\/td>\n<td width=\"477\">G711U \/ G711A \/ AAC-LC<\/td>\n<\/tr>\n<tr>\n<td width=\"231\"><strong><b>Netzwerk<\/b><\/strong><\/td>\n<td width=\"477\">&nbsp;<\/td>\n<\/tr>\n<tr>\n<td width=\"231\">Anzahl der Kan\u00e4le<\/td>\n<td width=\"477\">8 channels\u00a0(maximum)<\/td>\n<\/tr>\n<tr>\n<td width=\"231\">&nbsp;<\/p>\n<p>Netzwerk-Protokoll<\/td>\n<td width=\"477\">Unterst\u00fctzt CGI\u3001<a href=\"\/de\/HTTP\/\">HTTP<\/a>\u3001<a href=\"\/de\/HTTPS\/\">HTTPS<\/a>\u3001GB28181\u3001SIP\u3001RTMP\u3001TCP\/IP\u3001UDP\u3001RTP\u3001FTP\u3001RTCP\u3001RTSP\u3001\u00a0NTP\u3001DHCP\u3001DNS\u3001DDNS\u3001SNMP\u3001SSL\/TLS\u3001WebSocket, and supports standard protocols such as ONVIF<\/td>\n<\/tr>\n<tr>\n<td width=\"231\">Browser<\/td>\n<td width=\"477\">Plugin-Vorschau \uff1aIE10 \uff0cIE11<\/p>\n<p>Plugin-freie Vorschau \uff1aEdge \uff0cChrome \uff0cFirefox etc.<\/td>\n<\/tr>\n<tr>\n<td width=\"231\"><strong><b>Other interface<\/b><\/strong><\/td>\n<td width=\"477\">&nbsp;<\/td>\n<\/tr>\n<tr>\n<td width=\"231\">Netzwerk<\/td>\n<td width=\"477\">1xRJ45 \uff0c10M\/100M adaptiv<\/td>\n<\/tr>\n<tr>\n<td width=\"231\">Audio-Schnittstelle<\/td>\n<td width=\"477\">1 Eingang, unterst\u00fctzt Mikrofon- oder Tonabnehmereingang; 1 Ausgang, unterst\u00fctzt den Anschluss von Kopfh\u00f6rern oder Verst\u00e4rkern<\/td>\n<\/tr>\n<tr>\n<td width=\"231\">USB-Anschluss<\/td>\n<td width=\"477\">USB2.0\u00a0+USB3.0(\u00a0(5V power supply), supports expansion of 4G\/WiFi\/UVC<\/td>\n<\/tr>\n<tr>\n<td width=\"231\"><strong><b>Allgemeine Parameter<\/b><\/strong><\/td>\n<td width=\"477\">&nbsp;<\/td>\n<\/tr>\n<tr>\n<td width=\"231\">Abmessungen<\/td>\n<td width=\"477\">50\u00d750\u00d7\u00a010.8mm\u00a0\uff0c38\u00d738\u00d7\u00a010.8mm\u00a0\uff0c50\u00a0board+38 board dual board structure<\/td>\n<\/tr>\n<tr>\n<td width=\"231\">Gewicht<\/td>\n<td width=\"477\">20\u00a0g<\/td>\n<\/tr>\n<tr>\n<td width=\"231\">Betriebstemperatur<\/td>\n<td width=\"477\">-20\u2103 ~ +60\u2103<\/td>\n<\/tr>\n<tr>\n<td width=\"231\">Energieversorgung und -verbrauch<\/td>\n<td width=\"477\">DC12V\u00a0input, 6W (MAX) power consumption (60 frames power is 6.5w)<\/td>\n<\/tr>\n<\/tbody>\n<\/table>\n<\/li>\n<\/ul>","protected":false},"excerpt":{"rendered":"<p>1\/1.2&#8243; 8-megapixel CMOS sensor Supports H.265+, H.265, H.264 encoding Supports image flip, backlight compensation, strong light suppression, 3D digital noise reduction, fog penetration, digital wide dynamic Supports standard ONVIF, GB28181, RTMP, HK, DH and other private protocols Provides SDK development kit, supports secondary development, supports CGI, HTTP, WEBSOCK protocol docking 8GB memory, 16GB EMMC storage [&hellip;]<\/p>\n","protected":false},"featured_media":1704,"template":"","meta":[],"product_brand":[],"product_cat":[276],"product_tag":[],"class_list":{"0":"post-1701","1":"product","2":"type-product","3":"status-publish","4":"has-post-thumbnail","6":"product_cat-ai-camera-module","8":"first","9":"instock","10":"shipping-taxable","11":"product-type-simple"},"yoast_head":"<!-- This site is optimized with the Yoast SEO plugin v27.3 - https:\/\/yoast.com\/product\/yoast-seo-wordpress\/ -->\n<title>SP3403 8MP Ultra-wide Dynamic Dual-board Camera Module - simpo-datatec.com<\/title>\n<meta name=\"robots\" content=\"index, follow, max-snippet:-1, max-image-preview:large, max-video-preview:-1\" \/>\n<link rel=\"canonical\" href=\"https:\/\/simpo-datatec.com\/de\/produkt\/sp3403-8mp-ultra-wide-dynamic-dual-board-camera-module\/\" \/>\n<meta property=\"og:locale\" content=\"de_DE\" \/>\n<meta property=\"og:type\" content=\"article\" \/>\n<meta property=\"og:title\" content=\"SP3403 8MP Ultra-wide Dynamic Dual-board Camera Module - simpo-datatec.com\" \/>\n<meta property=\"og:description\" content=\"1\/1.2&#8243; 8-megapixel CMOS sensor Supports H.265+, H.265, H.264 encoding Supports image flip, backlight compensation, strong light suppression, 3D digital noise reduction, fog penetration, digital wide dynamic Supports standard ONVIF, GB28181, RTMP, HK, DH and other private protocols Provides SDK development kit, supports secondary development, supports CGI, HTTP, WEBSOCK protocol docking 8GB memory, 16GB EMMC storage [&hellip;]\" \/>\n<meta property=\"og:url\" content=\"https:\/\/simpo-datatec.com\/de\/produkt\/sp3403-8mp-ultra-wide-dynamic-dual-board-camera-module\/\" \/>\n<meta property=\"og:site_name\" content=\"simpo-datatec.com\" \/>\n<meta property=\"og:image\" content=\"https:\/\/simpo-datatec.com\/wp-content\/uploads\/2026\/04\/SP3403-8MP-Ultra-wide-Dynamic-Dual-board-Camera-Module2.png\" \/>\n\t<meta property=\"og:image:width\" content=\"228\" \/>\n\t<meta property=\"og:image:height\" content=\"228\" \/>\n\t<meta property=\"og:image:type\" content=\"image\/png\" \/>\n<meta name=\"twitter:card\" content=\"summary_large_image\" \/>\n<meta name=\"twitter:label1\" content=\"Gesch\u00e4tzte Lesezeit\" \/>\n\t<meta name=\"twitter:data1\" content=\"2\u00a0Minuten\" \/>\n<script type=\"application\/ld+json\" class=\"yoast-schema-graph\">{\"@context\":\"https:\\\/\\\/schema.org\",\"@graph\":[{\"@type\":\"WebPage\",\"@id\":\"https:\\\/\\\/simpo-datatec.com\\\/product\\\/sp3403-8mp-ultra-wide-dynamic-dual-board-camera-module\\\/\",\"url\":\"https:\\\/\\\/simpo-datatec.com\\\/product\\\/sp3403-8mp-ultra-wide-dynamic-dual-board-camera-module\\\/\",\"name\":\"SP3403 8MP Ultra-wide Dynamic Dual-board Camera Module - simpo-datatec.com\",\"isPartOf\":{\"@id\":\"https:\\\/\\\/simpo-datatec.com\\\/#website\"},\"primaryImageOfPage\":{\"@id\":\"https:\\\/\\\/simpo-datatec.com\\\/product\\\/sp3403-8mp-ultra-wide-dynamic-dual-board-camera-module\\\/#primaryimage\"},\"image\":{\"@id\":\"https:\\\/\\\/simpo-datatec.com\\\/product\\\/sp3403-8mp-ultra-wide-dynamic-dual-board-camera-module\\\/#primaryimage\"},\"thumbnailUrl\":\"https:\\\/\\\/simpo-datatec.com\\\/wp-content\\\/uploads\\\/2026\\\/04\\\/SP3403-8MP-Ultra-wide-Dynamic-Dual-board-Camera-Module2.png\",\"datePublished\":\"2026-04-24T16:13:16+00:00\",\"breadcrumb\":{\"@id\":\"https:\\\/\\\/simpo-datatec.com\\\/product\\\/sp3403-8mp-ultra-wide-dynamic-dual-board-camera-module\\\/#breadcrumb\"},\"inLanguage\":\"de\",\"potentialAction\":[{\"@type\":\"ReadAction\",\"target\":[\"https:\\\/\\\/simpo-datatec.com\\\/product\\\/sp3403-8mp-ultra-wide-dynamic-dual-board-camera-module\\\/\"]}]},{\"@type\":\"ImageObject\",\"inLanguage\":\"de\",\"@id\":\"https:\\\/\\\/simpo-datatec.com\\\/product\\\/sp3403-8mp-ultra-wide-dynamic-dual-board-camera-module\\\/#primaryimage\",\"url\":\"https:\\\/\\\/simpo-datatec.com\\\/wp-content\\\/uploads\\\/2026\\\/04\\\/SP3403-8MP-Ultra-wide-Dynamic-Dual-board-Camera-Module2.png\",\"contentUrl\":\"https:\\\/\\\/simpo-datatec.com\\\/wp-content\\\/uploads\\\/2026\\\/04\\\/SP3403-8MP-Ultra-wide-Dynamic-Dual-board-Camera-Module2.png\",\"width\":228,\"height\":228},{\"@type\":\"BreadcrumbList\",\"@id\":\"https:\\\/\\\/simpo-datatec.com\\\/product\\\/sp3403-8mp-ultra-wide-dynamic-dual-board-camera-module\\\/#breadcrumb\",\"itemListElement\":[{\"@type\":\"ListItem\",\"position\":1,\"name\":\"\u9996\u9875\",\"item\":\"https:\\\/\\\/simpo-datatec.com\\\/\"},{\"@type\":\"ListItem\",\"position\":2,\"name\":\"Products\",\"item\":\"https:\\\/\\\/simpo-datatec.com\\\/products\\\/\"},{\"@type\":\"ListItem\",\"position\":3,\"name\":\"SP3403 8MP Ultra-wide Dynamic Dual-board Camera Module\"}]},{\"@type\":\"WebSite\",\"@id\":\"https:\\\/\\\/simpo-datatec.com\\\/#website\",\"url\":\"https:\\\/\\\/simpo-datatec.com\\\/\",\"name\":\"simpo-datatec.com\",\"description\":\"\",\"potentialAction\":[{\"@type\":\"SearchAction\",\"target\":{\"@type\":\"EntryPoint\",\"urlTemplate\":\"https:\\\/\\\/simpo-datatec.com\\\/?s={search_term_string}\"},\"query-input\":{\"@type\":\"PropertyValueSpecification\",\"valueRequired\":true,\"valueName\":\"search_term_string\"}}],\"inLanguage\":\"de\"}]}<\/script>\n<!-- \/ Yoast SEO plugin. -->","yoast_head_json":{"title":"SP3403 8MP Ultra-wide Dynamic Dual-board Camera Module - simpo-datatec.com","robots":{"index":"index","follow":"follow","max-snippet":"max-snippet:-1","max-image-preview":"max-image-preview:large","max-video-preview":"max-video-preview:-1"},"canonical":"https:\/\/simpo-datatec.com\/de\/produkt\/sp3403-8mp-ultra-wide-dynamic-dual-board-camera-module\/","og_locale":"de_DE","og_type":"article","og_title":"SP3403 8MP Ultra-wide Dynamic Dual-board Camera Module - simpo-datatec.com","og_description":"1\/1.2&#8243; 8-megapixel CMOS sensor Supports H.265+, H.265, H.264 encoding Supports image flip, backlight compensation, strong light suppression, 3D digital noise reduction, fog penetration, digital wide dynamic Supports standard ONVIF, GB28181, RTMP, HK, DH and other private protocols Provides SDK development kit, supports secondary development, supports CGI, HTTP, WEBSOCK protocol docking 8GB memory, 16GB EMMC storage [&hellip;]","og_url":"https:\/\/simpo-datatec.com\/de\/produkt\/sp3403-8mp-ultra-wide-dynamic-dual-board-camera-module\/","og_site_name":"simpo-datatec.com","og_image":[{"width":228,"height":228,"url":"https:\/\/simpo-datatec.com\/wp-content\/uploads\/2026\/04\/SP3403-8MP-Ultra-wide-Dynamic-Dual-board-Camera-Module2.png","type":"image\/png"}],"twitter_card":"summary_large_image","twitter_misc":{"Gesch\u00e4tzte Lesezeit":"2\u00a0Minuten"},"schema":{"@context":"https:\/\/schema.org","@graph":[{"@type":"WebPage","@id":"https:\/\/simpo-datatec.com\/product\/sp3403-8mp-ultra-wide-dynamic-dual-board-camera-module\/","url":"https:\/\/simpo-datatec.com\/product\/sp3403-8mp-ultra-wide-dynamic-dual-board-camera-module\/","name":"SP3403 8MP Ultra-wide Dynamic Dual-board Camera Module - simpo-datatec.com","isPartOf":{"@id":"https:\/\/simpo-datatec.com\/#website"},"primaryImageOfPage":{"@id":"https:\/\/simpo-datatec.com\/product\/sp3403-8mp-ultra-wide-dynamic-dual-board-camera-module\/#primaryimage"},"image":{"@id":"https:\/\/simpo-datatec.com\/product\/sp3403-8mp-ultra-wide-dynamic-dual-board-camera-module\/#primaryimage"},"thumbnailUrl":"https:\/\/simpo-datatec.com\/wp-content\/uploads\/2026\/04\/SP3403-8MP-Ultra-wide-Dynamic-Dual-board-Camera-Module2.png","datePublished":"2026-04-24T16:13:16+00:00","breadcrumb":{"@id":"https:\/\/simpo-datatec.com\/product\/sp3403-8mp-ultra-wide-dynamic-dual-board-camera-module\/#breadcrumb"},"inLanguage":"de","potentialAction":[{"@type":"ReadAction","target":["https:\/\/simpo-datatec.com\/product\/sp3403-8mp-ultra-wide-dynamic-dual-board-camera-module\/"]}]},{"@type":"ImageObject","inLanguage":"de","@id":"https:\/\/simpo-datatec.com\/product\/sp3403-8mp-ultra-wide-dynamic-dual-board-camera-module\/#primaryimage","url":"https:\/\/simpo-datatec.com\/wp-content\/uploads\/2026\/04\/SP3403-8MP-Ultra-wide-Dynamic-Dual-board-Camera-Module2.png","contentUrl":"https:\/\/simpo-datatec.com\/wp-content\/uploads\/2026\/04\/SP3403-8MP-Ultra-wide-Dynamic-Dual-board-Camera-Module2.png","width":228,"height":228},{"@type":"BreadcrumbList","@id":"https:\/\/simpo-datatec.com\/product\/sp3403-8mp-ultra-wide-dynamic-dual-board-camera-module\/#breadcrumb","itemListElement":[{"@type":"ListItem","position":1,"name":"\u9996\u9875","item":"https:\/\/simpo-datatec.com\/"},{"@type":"ListItem","position":2,"name":"Products","item":"https:\/\/simpo-datatec.com\/products\/"},{"@type":"ListItem","position":3,"name":"SP3403 8MP Ultra-wide Dynamic Dual-board Camera Module"}]},{"@type":"WebSite","@id":"https:\/\/simpo-datatec.com\/#website","url":"https:\/\/simpo-datatec.com\/","name":"simpo-data.de","description":"","potentialAction":[{"@type":"SearchAction","target":{"@type":"EntryPoint","urlTemplate":"https:\/\/simpo-datatec.com\/?s={search_term_string}"},"query-input":{"@type":"PropertyValueSpecification","valueRequired":true,"valueName":"search_term_string"}}],"inLanguage":"de"}]}},"_links":{"self":[{"href":"https:\/\/simpo-datatec.com\/de\/wp-json\/wp\/v2\/product\/1701","targetHints":{"allow":["GET"]}}],"collection":[{"href":"https:\/\/simpo-datatec.com\/de\/wp-json\/wp\/v2\/product"}],"about":[{"href":"https:\/\/simpo-datatec.com\/de\/wp-json\/wp\/v2\/types\/product"}],"wp:featuredmedia":[{"embeddable":true,"href":"https:\/\/simpo-datatec.com\/de\/wp-json\/wp\/v2\/media\/1704"}],"wp:attachment":[{"href":"https:\/\/simpo-datatec.com\/de\/wp-json\/wp\/v2\/media?parent=1701"}],"wp:term":[{"taxonomy":"product_brand","embeddable":true,"href":"https:\/\/simpo-datatec.com\/de\/wp-json\/wp\/v2\/product_brand?post=1701"},{"taxonomy":"product_cat","embeddable":true,"href":"https:\/\/simpo-datatec.com\/de\/wp-json\/wp\/v2\/product_cat?post=1701"},{"taxonomy":"product_tag","embeddable":true,"href":"https:\/\/simpo-datatec.com\/de\/wp-json\/wp\/v2\/product_tag?post=1701"}],"curies":[{"name":"wp","href":"https:\/\/api.w.org\/{rel}","templated":true}]}}