{"id":1667,"date":"2026-04-24T23:57:56","date_gmt":"2026-04-24T15:57:56","guid":{"rendered":"https:\/\/simpo-datatec.com\/?post_type=product&#038;p=1667"},"modified":"2026-04-24T23:57:56","modified_gmt":"2026-04-24T15:57:56","slug":"sp385-2mp-dual-board-camera-module","status":"publish","type":"product","link":"https:\/\/simpo-datatec.com\/de\/produkt\/sp385-2mp-dual-board-camera-module\/","title":{"rendered":"SP385 2MP Doppelplatinen-Kameramodul"},"content":{"rendered":"<ul>\n<li><b><\/b><strong><b>1\/1.8&#8243; 2-megapixel CMOS sensor<\/b><\/strong><\/li>\n<li><b><\/b><strong><b>Unterst\u00fctzt H.265+, H.265, H.264 Kodierung<\/b><\/strong><\/li>\n<li><b><\/b><strong><b>Supports mirroring, flipping, backlight compensation, strong light suppression, 3D digital noise reduction, fog penetration, digital wide dynamic<\/b><\/strong><\/li>\n<li><b><\/b><strong><b>Supports infrared\/full color\/dual light mode, PWM dimming<\/b><\/strong><\/li>\n<li><b><\/b><strong><b>Unterst\u00fctzt die Standardprotokolle ONVIF, GB28181, HIK, DH und andere private Protokolle<\/b><\/strong><\/li>\n<li><b><\/b><strong><b>Supports electric zoom (optional), automatic aperture (optional)<\/b><\/strong><\/li>\n<li><b><\/b><strong><b>Provides SDK development package, supports secondary development, supports CGI, HTTP, WEBSOCK protocol docking<\/b><\/strong><\/li>\n<li><b><\/b><strong><b>Supports AIISP image enhancement, enhances low noise effect<\/b><\/strong><\/li>\n<li><b><\/b><strong><b>Unterst\u00fctzt Google-Kernel-Browser ohne Plug-in<\/b><\/strong><\/li>\n<li><b><\/b><strong><strong><b>Supports maximum frame rate 60FPS<br \/>\n<\/b><\/strong><\/strong><\/p>\n<table>\n<tbody>\n<tr>\n<td colspan=\"2\" width=\"709\"><strong><b>Allgemein<\/b><\/strong><\/td>\n<\/tr>\n<tr>\n<td width=\"214\">CPU<\/td>\n<td width=\"495\">Hi3516DV500, ARM Cortex A55@850MHz dual core<\/td>\n<\/tr>\n<tr>\n<td width=\"214\">DDR(Memory)<\/td>\n<td width=\"495\">8Gbit\u00a0LP\u00a0DDR4<\/td>\n<\/tr>\n<tr>\n<td width=\"214\">Flash<\/td>\n<td width=\"495\">1Gbit SPl Nor Flash (2Gbit batch optional)<\/td>\n<\/tr>\n<tr>\n<td width=\"214\">Bildsensor<\/td>\n<td width=\"495\">200W 1\/1.8 IMX385 black light CMOS sensor, color: 0.0001Lux@F1.0, black and white: 0.0001Lux@F1.0<\/td>\n<\/tr>\n<tr>\n<td width=\"214\">Watchdog<\/td>\n<td width=\"495\">Hardware watchdog<\/td>\n<\/tr>\n<tr>\n<td width=\"214\">Gro\u00dfer Dynamikbereich<\/td>\n<td width=\"495\">120\u00a0dB<\/td>\n<\/tr>\n<tr>\n<td colspan=\"2\" width=\"709\"><strong><b>Bild <\/b><\/strong><strong><b>P<\/b><\/strong><strong><b>arameter<\/b><\/strong><\/td>\n<\/tr>\n<tr>\n<td width=\"214\">Aufl\u00f6sung der Hauptstrom-Bildrate<\/td>\n<td width=\"495\">30 fps@\uff081920\u00d7 \u00a01080\u00a0\uff0c1280\u00d7720\uff09<\/td>\n<\/tr>\n<tr>\n<td width=\"214\">Aufl\u00f6sung der Sub-Stream-Bildrate<\/td>\n<td width=\"495\">30 fps@\uff08704\u00d7 576 \uff0c640\u00d7480\uff09<\/td>\n<\/tr>\n<tr>\n<td width=\"214\">Triple-stream frame rate resolution<\/td>\n<td width=\"495\">30 fps@\uff08704\u00d7 576 \uff0c640\u00d7480\uff09<\/td>\n<\/tr>\n<tr>\n<td width=\"214\">Frame rate enhancement<\/td>\n<td width=\"495\">maximum support 1080P@60FPS<\/td>\n<\/tr>\n<tr>\n<td width=\"214\">Videokomprimierungsstandard<\/td>\n<td width=\"495\">H.265+\/H.265\/H.264<\/td>\n<\/tr>\n<tr>\n<td width=\"214\">Bitrate der Videokompression<\/td>\n<td width=\"495\">512\u00a0Kbps~32\u00a0Mbps<\/td>\n<\/tr>\n<tr>\n<td width=\"214\">Wei\u00dfabgleich<\/td>\n<td width=\"495\">Auto\/Manuell\/Einzelaufnahme Wei\u00dfabgleich<\/td>\n<\/tr>\n<tr>\n<td width=\"214\">Fensterladen<\/td>\n<td width=\"495\">1\/12 sec bis 1\/100000 sec<\/td>\n<\/tr>\n<tr>\n<td width=\"214\">Rauschunterdr\u00fcckung<\/td>\n<td width=\"495\">3D\/2D-Rauschunterdr\u00fcckung<\/td>\n<\/tr>\n<tr>\n<td width=\"214\">Gro\u00dfer Dynamikbereich<\/td>\n<td width=\"495\">Supports combined frame WDR\/digital WDR<\/td>\n<\/tr>\n<tr>\n<td width=\"214\">Auto iris<\/td>\n<td width=\"495\">Supports DC IRIS auto iris<\/td>\n<\/tr>\n<tr>\n<td width=\"214\">AIISP<\/td>\n<td width=\"495\">Supports AISP image enhancement<\/td>\n<\/tr>\n<tr>\n<td width=\"214\">Bild-Funktion<\/td>\n<td width=\"495\">Unterst\u00fctzt Gegenlichtkompensation, Unterdr\u00fcckung von starkem Licht, Durchdringung von Nebel, Antiflimmern, Objektivkorrektur, Spiegelung, Umklappen, Verst\u00e4rkung usw.<\/td>\n<\/tr>\n<tr>\n<td colspan=\"2\" width=\"709\"><strong><b>Audio<\/b><\/strong><\/td>\n<\/tr>\n<tr>\n<td width=\"214\">Audio-Schnittstelle<\/td>\n<td width=\"495\">1 Eingang, unterst\u00fctzt Mikrofon- oder Tonabnehmereingang; 1 Ausgang, unterst\u00fctzt den Anschluss von Kopfh\u00f6rern oder Verst\u00e4rkern<\/td>\n<\/tr>\n<tr>\n<td width=\"214\">Audio-Komprimierungsstandard<\/td>\n<td width=\"495\">G711U \/ G711A \/ AAC-LC<\/td>\n<\/tr>\n<tr>\n<td colspan=\"2\" width=\"709\"><strong><b>Netzwerk<\/b><\/strong><\/td>\n<\/tr>\n<tr>\n<td width=\"214\">Anzahl der Kan\u00e4le<\/td>\n<td width=\"495\">12 channels\u00a0(maximum)<\/td>\n<\/tr>\n<tr>\n<td width=\"214\">&nbsp;<\/p>\n<p>Netzwerk-Protokoll<\/td>\n<td width=\"495\">Supports\u00a0CGI, <a href=\"\/de\/HTTP\/\">HTTP<\/a>,\u00a0<a href=\"\/de\/HTTPS\/\">HTTPS<\/a>, GB28181, SIP, RTMP, TCP\/IP, UDP, RTP, FTP, RTCP, \u00a0RTSP, NTP, DHCP, DNS, DDNS, SNMP, SSL\/TLS, WebSocket, and supports standard protocols such as ONVIF<\/td>\n<\/tr>\n<tr>\n<td width=\"214\">Browser<\/td>\n<td width=\"495\">Plugin-Vorschau \uff1aIE10 \uff0cIE11<\/p>\n<p>Plugin-freie Vorschau \uff1aEdge \uff0cChrome \uff0cFirefox etc.<\/td>\n<\/tr>\n<tr>\n<td colspan=\"2\" width=\"709\"><strong><b>Other interface<\/b><\/strong><\/td>\n<\/tr>\n<tr>\n<td width=\"214\">Netzwerk<\/td>\n<td width=\"495\">1xRJ45 \uff0c10M\/100M adaptiv<\/td>\n<\/tr>\n<tr>\n<td width=\"214\">Audio<\/td>\n<td width=\"495\">1 input, supports microphone or pickup input; 1 output, supports connecting headphones or amplifiers<\/td>\n<\/tr>\n<tr>\n<td width=\"214\">Steuerung der Leuchttafel<\/td>\n<td width=\"495\">Unterst\u00fctzt lichtempfindlichen Erkennungseingang, unterst\u00fctzt PWM-Dimmen<\/td>\n<\/tr>\n<tr>\n<td width=\"214\">USB-Anschluss<\/td>\n<td width=\"495\">1xUSB2.0\u00a0\u00a0(5V power supply), supports expansion of 4G\/WiFi (dual band)\/storage functions<\/td>\n<\/tr>\n<tr>\n<td colspan=\"2\" width=\"709\"><strong><b>Allgemeine Parameter<\/b><\/strong><\/td>\n<\/tr>\n<tr>\n<td width=\"214\">Abmessungen<\/td>\n<td width=\"495\">38\u00d738\u00d7\u00a010.8mm\u00a0, \u00a038 board dual board structure<\/td>\n<\/tr>\n<tr>\n<td width=\"214\">Gewicht<\/td>\n<td width=\"495\">10 g<\/td>\n<\/tr>\n<tr>\n<td width=\"214\">Betriebstemperatur<\/td>\n<td width=\"495\">-20\u2103 ~ +60\u2103<\/td>\n<\/tr>\n<tr>\n<td width=\"214\">Energieversorgung und -verbrauch<\/td>\n<td width=\"495\">DC12Vinput, 4W\u00a0power consumption<\/td>\n<\/tr>\n<\/tbody>\n<\/table>\n<\/li>\n<\/ul>","protected":false},"excerpt":{"rendered":"<p>1\/1.8&#8243; 2-megapixel CMOS sensor Supports H.265+, H.265, H.264 encoding Supports mirroring, flipping, backlight compensation, strong light suppression, 3D digital noise reduction, fog penetration, digital wide dynamic Supports infrared\/full color\/dual light mode, PWM dimming Supports standard ONVIF, GB28181, HIK, DH and other private protocols Supports electric zoom (optional), automatic aperture (optional) Provides SDK development package, supports [&hellip;]<\/p>\n","protected":false},"featured_media":1668,"template":"","meta":[],"product_brand":[],"product_cat":[276],"product_tag":[],"class_list":{"0":"post-1667","1":"product","2":"type-product","3":"status-publish","4":"has-post-thumbnail","6":"product_cat-ai-camera-module","8":"first","9":"instock","10":"shipping-taxable","11":"product-type-simple"},"yoast_head":"<!-- This site is optimized with the Yoast SEO plugin v27.3 - https:\/\/yoast.com\/product\/yoast-seo-wordpress\/ -->\n<title>SP385 2MP dual board Camera Module - simpo-datatec.com<\/title>\n<meta name=\"robots\" content=\"index, follow, max-snippet:-1, max-image-preview:large, max-video-preview:-1\" \/>\n<link rel=\"canonical\" href=\"https:\/\/simpo-datatec.com\/de\/produkt\/sp385-2mp-dual-board-camera-module\/\" \/>\n<meta property=\"og:locale\" content=\"de_DE\" \/>\n<meta property=\"og:type\" content=\"article\" \/>\n<meta property=\"og:title\" content=\"SP385 2MP dual board Camera Module - simpo-datatec.com\" \/>\n<meta property=\"og:description\" content=\"1\/1.8&#8243; 2-megapixel CMOS sensor Supports H.265+, H.265, H.264 encoding Supports mirroring, flipping, backlight compensation, strong light suppression, 3D digital noise reduction, fog penetration, digital wide dynamic Supports infrared\/full color\/dual light mode, PWM dimming Supports standard ONVIF, GB28181, HIK, DH and other private protocols Supports electric zoom (optional), automatic aperture (optional) Provides SDK development package, supports [&hellip;]\" \/>\n<meta property=\"og:url\" content=\"https:\/\/simpo-datatec.com\/de\/produkt\/sp385-2mp-dual-board-camera-module\/\" \/>\n<meta property=\"og:site_name\" content=\"simpo-datatec.com\" \/>\n<meta property=\"og:image\" content=\"https:\/\/simpo-datatec.com\/wp-content\/uploads\/2026\/04\/SP385-2MP-dual-board-Camera-Module.png\" \/>\n\t<meta property=\"og:image:width\" content=\"228\" \/>\n\t<meta property=\"og:image:height\" content=\"228\" \/>\n\t<meta property=\"og:image:type\" content=\"image\/png\" \/>\n<meta name=\"twitter:card\" content=\"summary_large_image\" \/>\n<meta name=\"twitter:label1\" content=\"Gesch\u00e4tzte Lesezeit\" \/>\n\t<meta name=\"twitter:data1\" content=\"2\u00a0Minuten\" \/>\n<script type=\"application\/ld+json\" class=\"yoast-schema-graph\">{\"@context\":\"https:\\\/\\\/schema.org\",\"@graph\":[{\"@type\":\"WebPage\",\"@id\":\"https:\\\/\\\/simpo-datatec.com\\\/product\\\/sp385-2mp-dual-board-camera-module\\\/\",\"url\":\"https:\\\/\\\/simpo-datatec.com\\\/product\\\/sp385-2mp-dual-board-camera-module\\\/\",\"name\":\"SP385 2MP dual board Camera Module - simpo-datatec.com\",\"isPartOf\":{\"@id\":\"https:\\\/\\\/simpo-datatec.com\\\/#website\"},\"primaryImageOfPage\":{\"@id\":\"https:\\\/\\\/simpo-datatec.com\\\/product\\\/sp385-2mp-dual-board-camera-module\\\/#primaryimage\"},\"image\":{\"@id\":\"https:\\\/\\\/simpo-datatec.com\\\/product\\\/sp385-2mp-dual-board-camera-module\\\/#primaryimage\"},\"thumbnailUrl\":\"https:\\\/\\\/simpo-datatec.com\\\/wp-content\\\/uploads\\\/2026\\\/04\\\/SP385-2MP-dual-board-Camera-Module.png\",\"datePublished\":\"2026-04-24T15:57:56+00:00\",\"breadcrumb\":{\"@id\":\"https:\\\/\\\/simpo-datatec.com\\\/product\\\/sp385-2mp-dual-board-camera-module\\\/#breadcrumb\"},\"inLanguage\":\"de\",\"potentialAction\":[{\"@type\":\"ReadAction\",\"target\":[\"https:\\\/\\\/simpo-datatec.com\\\/product\\\/sp385-2mp-dual-board-camera-module\\\/\"]}]},{\"@type\":\"ImageObject\",\"inLanguage\":\"de\",\"@id\":\"https:\\\/\\\/simpo-datatec.com\\\/product\\\/sp385-2mp-dual-board-camera-module\\\/#primaryimage\",\"url\":\"https:\\\/\\\/simpo-datatec.com\\\/wp-content\\\/uploads\\\/2026\\\/04\\\/SP385-2MP-dual-board-Camera-Module.png\",\"contentUrl\":\"https:\\\/\\\/simpo-datatec.com\\\/wp-content\\\/uploads\\\/2026\\\/04\\\/SP385-2MP-dual-board-Camera-Module.png\",\"width\":228,\"height\":228},{\"@type\":\"BreadcrumbList\",\"@id\":\"https:\\\/\\\/simpo-datatec.com\\\/product\\\/sp385-2mp-dual-board-camera-module\\\/#breadcrumb\",\"itemListElement\":[{\"@type\":\"ListItem\",\"position\":1,\"name\":\"\u9996\u9875\",\"item\":\"https:\\\/\\\/simpo-datatec.com\\\/\"},{\"@type\":\"ListItem\",\"position\":2,\"name\":\"Products\",\"item\":\"https:\\\/\\\/simpo-datatec.com\\\/products\\\/\"},{\"@type\":\"ListItem\",\"position\":3,\"name\":\"SP385 2MP dual board Camera Module\"}]},{\"@type\":\"WebSite\",\"@id\":\"https:\\\/\\\/simpo-datatec.com\\\/#website\",\"url\":\"https:\\\/\\\/simpo-datatec.com\\\/\",\"name\":\"simpo-datatec.com\",\"description\":\"\",\"potentialAction\":[{\"@type\":\"SearchAction\",\"target\":{\"@type\":\"EntryPoint\",\"urlTemplate\":\"https:\\\/\\\/simpo-datatec.com\\\/?s={search_term_string}\"},\"query-input\":{\"@type\":\"PropertyValueSpecification\",\"valueRequired\":true,\"valueName\":\"search_term_string\"}}],\"inLanguage\":\"de\"}]}<\/script>\n<!-- \/ Yoast SEO plugin. -->","yoast_head_json":{"title":"SP385 2MP dual board Camera Module - simpo-datatec.com","robots":{"index":"index","follow":"follow","max-snippet":"max-snippet:-1","max-image-preview":"max-image-preview:large","max-video-preview":"max-video-preview:-1"},"canonical":"https:\/\/simpo-datatec.com\/de\/produkt\/sp385-2mp-dual-board-camera-module\/","og_locale":"de_DE","og_type":"article","og_title":"SP385 2MP dual board Camera Module - simpo-datatec.com","og_description":"1\/1.8&#8243; 2-megapixel CMOS sensor Supports H.265+, H.265, H.264 encoding Supports mirroring, flipping, backlight compensation, strong light suppression, 3D digital noise reduction, fog penetration, digital wide dynamic Supports infrared\/full color\/dual light mode, PWM dimming Supports standard ONVIF, GB28181, HIK, DH and other private protocols Supports electric zoom (optional), automatic aperture (optional) Provides SDK development package, supports [&hellip;]","og_url":"https:\/\/simpo-datatec.com\/de\/produkt\/sp385-2mp-dual-board-camera-module\/","og_site_name":"simpo-datatec.com","og_image":[{"width":228,"height":228,"url":"https:\/\/simpo-datatec.com\/wp-content\/uploads\/2026\/04\/SP385-2MP-dual-board-Camera-Module.png","type":"image\/png"}],"twitter_card":"summary_large_image","twitter_misc":{"Gesch\u00e4tzte Lesezeit":"2\u00a0Minuten"},"schema":{"@context":"https:\/\/schema.org","@graph":[{"@type":"WebPage","@id":"https:\/\/simpo-datatec.com\/product\/sp385-2mp-dual-board-camera-module\/","url":"https:\/\/simpo-datatec.com\/product\/sp385-2mp-dual-board-camera-module\/","name":"SP385 2MP dual board Camera Module - simpo-datatec.com","isPartOf":{"@id":"https:\/\/simpo-datatec.com\/#website"},"primaryImageOfPage":{"@id":"https:\/\/simpo-datatec.com\/product\/sp385-2mp-dual-board-camera-module\/#primaryimage"},"image":{"@id":"https:\/\/simpo-datatec.com\/product\/sp385-2mp-dual-board-camera-module\/#primaryimage"},"thumbnailUrl":"https:\/\/simpo-datatec.com\/wp-content\/uploads\/2026\/04\/SP385-2MP-dual-board-Camera-Module.png","datePublished":"2026-04-24T15:57:56+00:00","breadcrumb":{"@id":"https:\/\/simpo-datatec.com\/product\/sp385-2mp-dual-board-camera-module\/#breadcrumb"},"inLanguage":"de","potentialAction":[{"@type":"ReadAction","target":["https:\/\/simpo-datatec.com\/product\/sp385-2mp-dual-board-camera-module\/"]}]},{"@type":"ImageObject","inLanguage":"de","@id":"https:\/\/simpo-datatec.com\/product\/sp385-2mp-dual-board-camera-module\/#primaryimage","url":"https:\/\/simpo-datatec.com\/wp-content\/uploads\/2026\/04\/SP385-2MP-dual-board-Camera-Module.png","contentUrl":"https:\/\/simpo-datatec.com\/wp-content\/uploads\/2026\/04\/SP385-2MP-dual-board-Camera-Module.png","width":228,"height":228},{"@type":"BreadcrumbList","@id":"https:\/\/simpo-datatec.com\/product\/sp385-2mp-dual-board-camera-module\/#breadcrumb","itemListElement":[{"@type":"ListItem","position":1,"name":"\u9996\u9875","item":"https:\/\/simpo-datatec.com\/"},{"@type":"ListItem","position":2,"name":"Products","item":"https:\/\/simpo-datatec.com\/products\/"},{"@type":"ListItem","position":3,"name":"SP385 2MP dual board Camera Module"}]},{"@type":"WebSite","@id":"https:\/\/simpo-datatec.com\/#website","url":"https:\/\/simpo-datatec.com\/","name":"simpo-data.de","description":"","potentialAction":[{"@type":"SearchAction","target":{"@type":"EntryPoint","urlTemplate":"https:\/\/simpo-datatec.com\/?s={search_term_string}"},"query-input":{"@type":"PropertyValueSpecification","valueRequired":true,"valueName":"search_term_string"}}],"inLanguage":"de"}]}},"_links":{"self":[{"href":"https:\/\/simpo-datatec.com\/de\/wp-json\/wp\/v2\/product\/1667","targetHints":{"allow":["GET"]}}],"collection":[{"href":"https:\/\/simpo-datatec.com\/de\/wp-json\/wp\/v2\/product"}],"about":[{"href":"https:\/\/simpo-datatec.com\/de\/wp-json\/wp\/v2\/types\/product"}],"wp:featuredmedia":[{"embeddable":true,"href":"https:\/\/simpo-datatec.com\/de\/wp-json\/wp\/v2\/media\/1668"}],"wp:attachment":[{"href":"https:\/\/simpo-datatec.com\/de\/wp-json\/wp\/v2\/media?parent=1667"}],"wp:term":[{"taxonomy":"product_brand","embeddable":true,"href":"https:\/\/simpo-datatec.com\/de\/wp-json\/wp\/v2\/product_brand?post=1667"},{"taxonomy":"product_cat","embeddable":true,"href":"https:\/\/simpo-datatec.com\/de\/wp-json\/wp\/v2\/product_cat?post=1667"},{"taxonomy":"product_tag","embeddable":true,"href":"https:\/\/simpo-datatec.com\/de\/wp-json\/wp\/v2\/product_tag?post=1667"}],"curies":[{"name":"wp","href":"https:\/\/api.w.org\/{rel}","templated":true}]}}