{"id":1278,"date":"2025-03-06T18:55:15","date_gmt":"2025-03-06T10:55:15","guid":{"rendered":"https:\/\/simpo-datatec.com\/?post_type=product&#038;p=1278"},"modified":"2025-08-09T10:10:24","modified_gmt":"2025-08-09T02:10:24","slug":"k11-6-touch-cash-register","status":"publish","type":"product","link":"https:\/\/simpo-datatec.com\/de\/products\/resolution\/1366-x-768\/k11-6-touch-cash-register\/","title":{"rendered":"K11-6 Touch Registrierkasse"},"content":{"rendered":"<table width=\"979\">\n<tbody>\n<tr>\n<td width=\"302\">Artikel<\/td>\n<td width=\"677\">Parameter<\/td>\n<\/tr>\n<tr>\n<td width=\"302\">CPU<\/td>\n<td width=\"677\">J6412\/i3\/i5\/RK3566\/Allwinner A527<\/td>\n<\/tr>\n<tr>\n<td width=\"302\">RAM<\/td>\n<td width=\"677\">8G (Android Version 2G RAM+32G FLASH)<\/td>\n<\/tr>\n<tr>\n<td width=\"302\">Festplatte<\/td>\n<td width=\"677\">128G SSD (Android Version 2G RAM+32G FLASH)<\/td>\n<\/tr>\n<tr>\n<td width=\"302\">OS<\/td>\n<td width=\"677\">Windows XP\/7\/8\/10\/11, Linux<\/td>\n<\/tr>\n<tr>\n<td width=\"302\">Aufl\u00f6sung<\/td>\n<td width=\"677\">1366*768<\/td>\n<\/tr>\n<tr>\n<td width=\"302\">AnzeigeBildschirm<\/td>\n<td width=\"677\">11,6 Zoll TFT-LCD<\/td>\n<\/tr>\n<tr>\n<td width=\"302\">Touchscreen<\/td>\n<td width=\"677\">Kapazitiver 10-Punkt-Vollbild-Touchscreen<\/td>\n<\/tr>\n<tr>\n<td width=\"302\">2. Anzeige<\/td>\n<td width=\"677\">7MM 2*20 Zeilen VFD (optional)<\/td>\n<\/tr>\n<tr>\n<td width=\"302\">Drucker<\/td>\n<td width=\"677\">58\/80mm Auto-Cutter Thermodrucker<\/td>\n<\/tr>\n<tr>\n<td width=\"302\">Kartenleser<\/td>\n<td width=\"677\">1-2-3 Spur MSR, NFC<\/td>\n<\/tr>\n<tr>\n<td width=\"302\">Schnittstelle<\/td>\n<td width=\"677\">COM*1, VGA*1, RJ45*1, DC-IN*1, MIC*1, Audioausgang*1, USB*6(2 au\u00dfen)<\/td>\n<\/tr>\n<tr>\n<td width=\"302\">Farbe<\/td>\n<td width=\"677\">Schwarz<\/td>\n<\/tr>\n<tr>\n<td colspan=\"2\">Andere<\/td>\n<\/tr>\n<tr>\n<td>Bescheinigungen<\/td>\n<td>CE, ROHS, FCC, CCC<\/td>\n<\/tr>\n<tr>\n<td width=\"302\">Betriebstemperatur<\/td>\n<td width=\"677\">0\u2103-50\u2103<\/td>\n<\/tr>\n<tr>\n<td width=\"302\">Lagertemperatur<\/td>\n<td width=\"677\">- 20\u2103~60\u2103<\/td>\n<\/tr>\n<tr>\n<td width=\"302\">Luftfeuchtigkeit<\/td>\n<td width=\"677\">10%~90%<\/td>\n<\/tr>\n<tr>\n<td>Stromversorgung<\/td>\n<td>Externer Netzadapter 12V 5A<\/td>\n<\/tr>\n<tr>\n<td colspan=\"2\">Anwendungsbereiche<\/td>\n<\/tr>\n<tr>\n<td colspan=\"2\">Restaurant, Einzelhandel, Supermarkt, F&amp;B, Logistik usw.<\/td>\n<\/tr>\n<tr>\n<td colspan=\"2\">Verpacken<\/td>\n<\/tr>\n<tr>\n<td>N.W<\/td>\n<td width=\"677\">6KG<\/td>\n<\/tr>\n<tr>\n<td>G.W<\/td>\n<td width=\"677\">6,5 kg<\/td>\n<\/tr>\n<tr>\n<td>Gr\u00f6\u00dfe des Kartons<\/td>\n<td width=\"677\">45*26*43cm<\/td>\n<\/tr>\n<\/tbody>\n<\/table>\n<p>SIMPO-DATA ist ein f\u00fchrender Hightech-Hersteller, der sich auf die Entwicklung, die Produktion, den Vertrieb und den Service von fortschrittlichen POS-Systemen (Point of Sale) spezialisiert hat. Mit mehr als einem Jahrzehnt fundierter Branchenerfahrung haben wir uns einen soliden Ruf f\u00fcr die Bereitstellung zuverl\u00e4ssiger, innovativer und leistungsstarker POS-L\u00f6sungen f\u00fcr Kunden weltweit erworben.<\/p>\n<p>Seit unserer Gr\u00fcndung halten wir uns an die Gesch\u00e4ftsphilosophie \"Qualit\u00e4t schafft den Markt, Innovation schafft die Zukunft\". Dieses Engagement treibt uns an, unsere Produkte kontinuierlich zu verbessern und unser Angebot zu erweitern, um die vielf\u00e4ltigen Anforderungen der globalen M\u00e4rkte zu erf\u00fcllen. Unser umfassendes Produktportfolio deckt ein breites Spektrum an Branchen ab, darunter Einzelhandel, Restaurant, Supermarkt, Gastgewerbe, Lebensmittel- und Getr\u00e4nkeindustrie sowie Logistik. Egal, ob Sie ein kleines Gesch\u00e4ft f\u00fchren oder eine gro\u00dfe Handelskette leiten, SIMPO-DATA hat die richtige POS-L\u00f6sung f\u00fcr Sie.<\/p>\n<p>Umfangreiche Produktpalette<br \/>\nUnsere POS-Produktlinie umfasst All-in-One-POS-Terminals, Touchscreen-Monitore, Thermo-Bondrucker, Barcode-Scanner, Kassenschubladen und mobile POS-Ger\u00e4te. Wir bieten sowohl komplette, integrierte POS-Systeme als auch einzelne Komponenten an, so dass Sie die L\u00f6sung, die am besten zu Ihrem Gesch\u00e4ftsmodell passt, individuell anpassen k\u00f6nnen.Zus\u00e4tzlich zu K11-6 Touch Cash Register\uff0c<a href=\"https:\/\/simpo-datatec.com\/de\/products\/\" target=\"_blank\" rel=\"noopener\">Klicken Sie hier, um weitere Produkte zu sehen.<\/a><\/p>\n<p>Innovation als Kernst\u00fcck<br \/>\nUnser professionelles Forschungs- und Entwicklungsteam setzt sich f\u00fcr kontinuierliche Innovationen in den Bereichen Design, Leistung und Benutzerfreundlichkeit ein. Indem wir den Markttrends und technologischen Fortschritten immer einen Schritt voraus sind, stellen wir sicher, dass SIMPO-DATA Produkte wettbewerbsf\u00e4hig und zukunftssicher bleiben. Jedes Produkt wird mit viel Liebe zum Detail entwickelt - von ergonomischem Design und intuitiven Schnittstellen bis hin zu stabiler Systemleistung und Energieeffizienz.<\/p>\n<p>Qualit\u00e4t, der Sie vertrauen k\u00f6nnen<br \/>\nQualit\u00e4t ist unser oberstes Gebot. Von der Auswahl des Rohmaterials bis zur Endfertigung unterliegt jeder Schritt strengen Qualit\u00e4tskontrollen. Unsere Produktionsst\u00e4tten sind mit fortschrittlichen Pr\u00fcfger\u00e4ten ausgestattet, um sicherzustellen, dass jedes Produkt den internationalen Qualit\u00e4tsstandards entspricht und eine lange Lebensdauer hat.<\/p>\n<p>Globaler Service und Unterst\u00fctzung<br \/>\nBei SIMPO-DATA verkaufen wir nicht nur Produkte, sondern bieten auch Komplettl\u00f6sungen und zuverl\u00e4ssigen Kundendienst. Unser Team aus erfahrenen Ingenieuren und Kundendienstspezialisten steht Ihnen bei der Installation, Schulung, Wartung und technischen Unterst\u00fctzung zur Seite. Unser Ziel ist es, unseren Partnern zu helfen, die Effizienz zu maximieren, Kosten zu senken und die Kundenzufriedenheit zu erh\u00f6hen.<\/p>\n<p>Warum SIMPO-DATA w\u00e4hlen?<\/p>\n<p>\u00dcber 10 Jahre Erfahrung in der POS-Branche<\/p>\n<p>Starke FuE-Kapazit\u00e4ten mit kontinuierlicher Innovation<\/p>\n<p>Umfassende Produktpalette f\u00fcr mehrere Branchen<\/p>\n<p>Strenge Qualit\u00e4tskontrolle und Einhaltung internationaler Normen<\/p>\n<p>Professionelles globales Team f\u00fcr Vertrieb und technischen Support<\/p>\n<p>Gehen Sie eine Partnerschaft mit SIMPO-DATA ein und lassen Sie unsere POS-L\u00f6sungen Ihre Gesch\u00e4ftsabl\u00e4ufe unterst\u00fctzen. Gemeinsam k\u00f6nnen wir Ihnen helfen, Transaktionen zu rationalisieren, die betriebliche Effizienz zu verbessern und au\u00dfergew\u00f6hnliche Kundenerlebnisse zu bieten.<\/p>","protected":false},"excerpt":{"rendered":"<p>Einfach zu bedienende POS-Systeme f\u00fcr alle Unternehmen.<br \/>\nE-Commerce-Verkaufsstelle<br \/>\nWindows POS \/ Android POS<\/p>","protected":false},"featured_media":1265,"comment_status":"open","ping_status":"closed","template":"","meta":[],"product_brand":[],"product_cat":[217,206,183,188,194,174,180],"product_tag":[213,212,216,214,211,215],"class_list":{"0":"post-1278","1":"product","2":"type-product","3":"status-publish","4":"has-post-thumbnail","6":"product_cat-11-6","7":"product_cat-1366-x-768","8":"product_cat-all-in-one-pos","9":"product_cat-desktop-pos-system-stand-type","10":"product_cat-j6412","11":"product_cat-pos-system","12":"product_cat-windows-pos","13":"product_tag-easy-to-use-pos-systems","14":"product_tag-merchant-point-of-sale","15":"product_tag-merchant-services-payment-device","16":"product_tag-payment-systems","17":"product_tag-pos-for-retail","18":"product_tag-touch-screen-pos","20":"first","21":"instock","22":"shipping-taxable","23":"product-type-simple"},"yoast_head":"<!-- This site is optimized with the Yoast SEO plugin v27.3 - https:\/\/yoast.com\/product\/yoast-seo-wordpress\/ -->\n<title>K11-6 Touch Cash Register - simpo-datatec.com<\/title>\n<meta name=\"description\" content=\"K11-6 Touch Cash Register - all-in-one POS terminals, touch screen monitors, thermal receipt printers, barcode scanners, cash drawers\" \/>\n<meta name=\"robots\" content=\"index, follow, max-snippet:-1, max-image-preview:large, max-video-preview:-1\" \/>\n<link rel=\"canonical\" href=\"https:\/\/simpo-datatec.com\/de\/products\/resolution\/1366-x-768\/k11-6-touch-cash-register\/\" \/>\n<meta property=\"og:locale\" content=\"de_DE\" \/>\n<meta property=\"og:type\" content=\"article\" \/>\n<meta property=\"og:title\" content=\"K11-6 Touch Cash Register - simpo-datatec.com\" \/>\n<meta property=\"og:description\" content=\"K11-6 Touch Cash Register - all-in-one POS terminals, touch screen monitors, thermal receipt printers, barcode scanners, cash drawers\" \/>\n<meta property=\"og:url\" content=\"https:\/\/simpo-datatec.com\/de\/products\/resolution\/1366-x-768\/k11-6-touch-cash-register\/\" \/>\n<meta property=\"og:site_name\" content=\"simpo-datatec.com\" \/>\n<meta property=\"article:modified_time\" content=\"2025-08-09T02:10:24+00:00\" \/>\n<meta property=\"og:image\" content=\"https:\/\/simpo-datatec.com\/wp-content\/uploads\/2025\/03\/IMG_6060-scaled.jpg\" \/>\n\t<meta property=\"og:image:width\" content=\"2560\" \/>\n\t<meta property=\"og:image:height\" content=\"1707\" \/>\n\t<meta property=\"og:image:type\" content=\"image\/jpeg\" \/>\n<meta name=\"twitter:card\" content=\"summary_large_image\" \/>\n<meta name=\"twitter:label1\" content=\"Gesch\u00e4tzte Lesezeit\" \/>\n\t<meta name=\"twitter:data1\" content=\"3\u00a0Minuten\" \/>\n<script type=\"application\/ld+json\" class=\"yoast-schema-graph\">{\"@context\":\"https:\\\/\\\/schema.org\",\"@graph\":[{\"@type\":\"WebPage\",\"@id\":\"https:\\\/\\\/simpo-datatec.com\\\/products\\\/resolution\\\/1366-x-768\\\/k11-6-touch-cash-register\\\/\",\"url\":\"https:\\\/\\\/simpo-datatec.com\\\/products\\\/resolution\\\/1366-x-768\\\/k11-6-touch-cash-register\\\/\",\"name\":\"K11-6 Touch Cash Register - simpo-datatec.com\",\"isPartOf\":{\"@id\":\"https:\\\/\\\/simpo-datatec.com\\\/#website\"},\"primaryImageOfPage\":{\"@id\":\"https:\\\/\\\/simpo-datatec.com\\\/products\\\/resolution\\\/1366-x-768\\\/k11-6-touch-cash-register\\\/#primaryimage\"},\"image\":{\"@id\":\"https:\\\/\\\/simpo-datatec.com\\\/products\\\/resolution\\\/1366-x-768\\\/k11-6-touch-cash-register\\\/#primaryimage\"},\"thumbnailUrl\":\"https:\\\/\\\/simpo-datatec.com\\\/wp-content\\\/uploads\\\/2025\\\/03\\\/IMG_6060-scaled.jpg\",\"datePublished\":\"2025-03-06T10:55:15+00:00\",\"dateModified\":\"2025-08-09T02:10:24+00:00\",\"description\":\"K11-6 Touch Cash Register - all-in-one POS terminals, touch screen monitors, thermal receipt printers, barcode scanners, cash drawers\",\"breadcrumb\":{\"@id\":\"https:\\\/\\\/simpo-datatec.com\\\/products\\\/resolution\\\/1366-x-768\\\/k11-6-touch-cash-register\\\/#breadcrumb\"},\"inLanguage\":\"de\",\"potentialAction\":[{\"@type\":\"ReadAction\",\"target\":[\"https:\\\/\\\/simpo-datatec.com\\\/products\\\/resolution\\\/1366-x-768\\\/k11-6-touch-cash-register\\\/\"]}]},{\"@type\":\"ImageObject\",\"inLanguage\":\"de\",\"@id\":\"https:\\\/\\\/simpo-datatec.com\\\/products\\\/resolution\\\/1366-x-768\\\/k11-6-touch-cash-register\\\/#primaryimage\",\"url\":\"https:\\\/\\\/simpo-datatec.com\\\/wp-content\\\/uploads\\\/2025\\\/03\\\/IMG_6060-scaled.jpg\",\"contentUrl\":\"https:\\\/\\\/simpo-datatec.com\\\/wp-content\\\/uploads\\\/2025\\\/03\\\/IMG_6060-scaled.jpg\",\"width\":2560,\"height\":1707,\"caption\":\"K11-6 Touch Cash Register\"},{\"@type\":\"BreadcrumbList\",\"@id\":\"https:\\\/\\\/simpo-datatec.com\\\/products\\\/resolution\\\/1366-x-768\\\/k11-6-touch-cash-register\\\/#breadcrumb\",\"itemListElement\":[{\"@type\":\"ListItem\",\"position\":1,\"name\":\"\u9996\u9875\",\"item\":\"https:\\\/\\\/simpo-datatec.com\\\/\"},{\"@type\":\"ListItem\",\"position\":2,\"name\":\"Products\",\"item\":\"https:\\\/\\\/simpo-datatec.com\\\/products\\\/\"},{\"@type\":\"ListItem\",\"position\":3,\"name\":\"K11-6 Touch Cash Register\"}]},{\"@type\":\"WebSite\",\"@id\":\"https:\\\/\\\/simpo-datatec.com\\\/#website\",\"url\":\"https:\\\/\\\/simpo-datatec.com\\\/\",\"name\":\"simpo-datatec.com\",\"description\":\"\",\"potentialAction\":[{\"@type\":\"SearchAction\",\"target\":{\"@type\":\"EntryPoint\",\"urlTemplate\":\"https:\\\/\\\/simpo-datatec.com\\\/?s={search_term_string}\"},\"query-input\":{\"@type\":\"PropertyValueSpecification\",\"valueRequired\":true,\"valueName\":\"search_term_string\"}}],\"inLanguage\":\"de\"}]}<\/script>\n<!-- \/ Yoast SEO plugin. -->","yoast_head_json":{"title":"K11-6 Touch Cash Register - simpo-datatec.com","description":"K11-6 Touch Cash Register - all-in-one POS terminals, touch screen monitors, thermal receipt printers, barcode scanners, cash drawers","robots":{"index":"index","follow":"follow","max-snippet":"max-snippet:-1","max-image-preview":"max-image-preview:large","max-video-preview":"max-video-preview:-1"},"canonical":"https:\/\/simpo-datatec.com\/de\/products\/resolution\/1366-x-768\/k11-6-touch-cash-register\/","og_locale":"de_DE","og_type":"article","og_title":"K11-6 Touch Cash Register - simpo-datatec.com","og_description":"K11-6 Touch Cash Register - all-in-one POS terminals, touch screen monitors, thermal receipt printers, barcode scanners, cash drawers","og_url":"https:\/\/simpo-datatec.com\/de\/products\/resolution\/1366-x-768\/k11-6-touch-cash-register\/","og_site_name":"simpo-datatec.com","article_modified_time":"2025-08-09T02:10:24+00:00","og_image":[{"width":2560,"height":1707,"url":"https:\/\/simpo-datatec.com\/wp-content\/uploads\/2025\/03\/IMG_6060-scaled.jpg","type":"image\/jpeg"}],"twitter_card":"summary_large_image","twitter_misc":{"Gesch\u00e4tzte Lesezeit":"3\u00a0Minuten"},"schema":{"@context":"https:\/\/schema.org","@graph":[{"@type":"WebPage","@id":"https:\/\/simpo-datatec.com\/products\/resolution\/1366-x-768\/k11-6-touch-cash-register\/","url":"https:\/\/simpo-datatec.com\/products\/resolution\/1366-x-768\/k11-6-touch-cash-register\/","name":"K11-6 Touch Cash Register - simpo-datatec.com","isPartOf":{"@id":"https:\/\/simpo-datatec.com\/#website"},"primaryImageOfPage":{"@id":"https:\/\/simpo-datatec.com\/products\/resolution\/1366-x-768\/k11-6-touch-cash-register\/#primaryimage"},"image":{"@id":"https:\/\/simpo-datatec.com\/products\/resolution\/1366-x-768\/k11-6-touch-cash-register\/#primaryimage"},"thumbnailUrl":"https:\/\/simpo-datatec.com\/wp-content\/uploads\/2025\/03\/IMG_6060-scaled.jpg","datePublished":"2025-03-06T10:55:15+00:00","dateModified":"2025-08-09T02:10:24+00:00","description":"K11-6 Touch Cash Register - all-in-one POS terminals, touch screen monitors, thermal receipt printers, barcode scanners, cash drawers","breadcrumb":{"@id":"https:\/\/simpo-datatec.com\/products\/resolution\/1366-x-768\/k11-6-touch-cash-register\/#breadcrumb"},"inLanguage":"de","potentialAction":[{"@type":"ReadAction","target":["https:\/\/simpo-datatec.com\/products\/resolution\/1366-x-768\/k11-6-touch-cash-register\/"]}]},{"@type":"ImageObject","inLanguage":"de","@id":"https:\/\/simpo-datatec.com\/products\/resolution\/1366-x-768\/k11-6-touch-cash-register\/#primaryimage","url":"https:\/\/simpo-datatec.com\/wp-content\/uploads\/2025\/03\/IMG_6060-scaled.jpg","contentUrl":"https:\/\/simpo-datatec.com\/wp-content\/uploads\/2025\/03\/IMG_6060-scaled.jpg","width":2560,"height":1707,"caption":"K11-6 Touch Cash Register"},{"@type":"BreadcrumbList","@id":"https:\/\/simpo-datatec.com\/products\/resolution\/1366-x-768\/k11-6-touch-cash-register\/#breadcrumb","itemListElement":[{"@type":"ListItem","position":1,"name":"\u9996\u9875","item":"https:\/\/simpo-datatec.com\/"},{"@type":"ListItem","position":2,"name":"Products","item":"https:\/\/simpo-datatec.com\/products\/"},{"@type":"ListItem","position":3,"name":"K11-6 Touch Cash Register"}]},{"@type":"WebSite","@id":"https:\/\/simpo-datatec.com\/#website","url":"https:\/\/simpo-datatec.com\/","name":"simpo-datatec.com","description":"","potentialAction":[{"@type":"SearchAction","target":{"@type":"EntryPoint","urlTemplate":"https:\/\/simpo-datatec.com\/?s={search_term_string}"},"query-input":{"@type":"PropertyValueSpecification","valueRequired":true,"valueName":"search_term_string"}}],"inLanguage":"de"}]}},"_links":{"self":[{"href":"https:\/\/simpo-datatec.com\/de\/wp-json\/wp\/v2\/product\/1278","targetHints":{"allow":["GET"]}}],"collection":[{"href":"https:\/\/simpo-datatec.com\/de\/wp-json\/wp\/v2\/product"}],"about":[{"href":"https:\/\/simpo-datatec.com\/de\/wp-json\/wp\/v2\/types\/product"}],"replies":[{"embeddable":true,"href":"https:\/\/simpo-datatec.com\/de\/wp-json\/wp\/v2\/comments?post=1278"}],"wp:featuredmedia":[{"embeddable":true,"href":"https:\/\/simpo-datatec.com\/de\/wp-json\/wp\/v2\/media\/1265"}],"wp:attachment":[{"href":"https:\/\/simpo-datatec.com\/de\/wp-json\/wp\/v2\/media?parent=1278"}],"wp:term":[{"taxonomy":"product_brand","embeddable":true,"href":"https:\/\/simpo-datatec.com\/de\/wp-json\/wp\/v2\/product_brand?post=1278"},{"taxonomy":"product_cat","embeddable":true,"href":"https:\/\/simpo-datatec.com\/de\/wp-json\/wp\/v2\/product_cat?post=1278"},{"taxonomy":"product_tag","embeddable":true,"href":"https:\/\/simpo-datatec.com\/de\/wp-json\/wp\/v2\/product_tag?post=1278"}],"curies":[{"name":"wp","href":"https:\/\/api.w.org\/{rel}","templated":true}]}}